{"id":23095,"date":"2025-05-26T10:22:41","date_gmt":"2025-05-26T08:22:41","guid":{"rendered":"https:\/\/www.ferberpainting.com\/products\/bituminous-foundation-sealant\/"},"modified":"2026-02-24T17:58:40","modified_gmt":"2026-02-24T16:58:40","slug":"bituminous-foundation-sealant","status":"publish","type":"product","link":"https:\/\/www.ferberpainting.com\/hr\/products\/bituminous-foundation-sealant\/","title":{"rendered":"Bitumensko brtvilo za temelje"},"content":{"rendered":"<p><img decoding=\"async\" style=\"margin-right: 12px;\" src=\"https:\/\/www.ferberpainting.com\/wp-content\/uploads\/2026\/02\/Check.svg\" alt=\"\" width=\"18\" height=\"15\" \/><strong>Optimalna za\u0161tita od vlage i prodiranja vode.<\/strong>\u00a0Ovaj bitumenski premaz posebno je dizajniran za osiguranje trajne hidroizolacije temelja i podzemnih konstrukcija. Stvara vodootpornu barijeru koja sprje\u010dava prodiranje vode u zidove, \u010dime se smanjuje rizik od vlage, plijesni i o\u0161te\u0107enja uzrokovanih infiltracijom. Tako\u0111er \u0161titi od otjecanja vode i kapilarnog porasta, osiguravaju\u0107i dugotrajnost konstrukcija.<\/p>\n<p><img decoding=\"async\" style=\"margin-right: 12px;\" src=\"https:\/\/www.ferberpainting.com\/wp-content\/uploads\/2026\/02\/Check.svg\" alt=\"\" width=\"18\" height=\"15\" \/><strong>Jamstvo povrata novca.<\/strong>\u00a0Imamo potpuno povjerenje u u\u010dinkovitost na\u0161eg bitumenskog hidroizolacijskog premaza. Zato nudimo jamstvo povrata novca. Ako proizvod ne ispuni va\u0161a o\u010dekivanja nakon nano\u0161enja prema preporukama, imate mogu\u0107nost zatra\u017eiti povrat novca bez ikakvih uvjeta, \u0161to osigurava sigurnu i bezrizi\u010dnu kupnju.<\/p>\n<p><img decoding=\"async\" style=\"margin-right: 12px;\" src=\"https:\/\/www.ferberpainting.com\/wp-content\/uploads\/2026\/02\/Check.svg\" alt=\"\" width=\"18\" height=\"15\" \/><strong>Kompatibilno sa \u0161irokim rasponom povr\u0161ina.<\/strong>\u00a0Ovaj bitumenski premaz kompatibilan je s betonom, cementom, mortom i opekom, nude\u0107i svestrano rje\u0161enje za hidroizolaciju temelja, podruma, ukopanih zidova i konstrukcija u kontaktu s tlom. Tako\u0111er se mo\u017ee koristiti na vertikalnim ili horizontalnim povr\u0161inama, na novim ili obnovljenim povr\u0161inama, bez potrebe za posebnim temeljnim premazom za dobro prianjanje.<\/p>\n<p><img decoding=\"async\" style=\"margin-right: 12px;\" src=\"https:\/\/www.ferberpainting.com\/wp-content\/uploads\/2026\/02\/Check.svg\" alt=\"\" width=\"18\" height=\"15\" \/><strong>Ekonomska u\u010dinkovitost i maksimalne performanse.<\/strong>\u00a0Zahvaljuju\u0107i koncentriranoj formulaciji, 10 kg bitumenskog premaza mo\u017ee prekriti pribli\u017eno 1 m\u00b2, ovisno o upijanju podloge i nanesenoj debljini. Njegova izvrsna pokrivna mo\u0107 osigurava u\u010dinkovitu za\u0161titu uz smanjenu potro\u0161nju, \u010dime se smanjuje ukupni tro\u0161ak rada, a istovremeno jam\u010di visokokvalitetna hidroizolacija.<\/p>\n<p><img decoding=\"async\" style=\"margin-right: 12px;\" src=\"https:\/\/www.ferberpainting.com\/wp-content\/uploads\/2026\/02\/Check.svg\" alt=\"\" width=\"18\" height=\"15\" \/><strong>Siguran i bezopasan proizvod za korisnika.<\/strong>\u00a0Formuliran bez agresivnih otapala, ovaj premaz ne ispu\u0161ta \u0161tetne pare, \u0161to ga \u010dini sigurnim za upotrebu \u010dak i u zatvorenim prostorima. Ne zahtijeva posebnu za\u0161titnu opremu, iako se preporu\u010duje no\u0161enje rukavica kako bi se izbjegao izravan kontakt s ko\u017eom. U skladu je s va\u017ee\u0107im ekolo\u0161kim standardima, osiguravaju\u0107i sigurnu primjenu i za korisnika i za okoli\u0161.<\/p>\n<p><img decoding=\"async\" style=\"margin-right: 12px;\" src=\"https:\/\/www.ferberpainting.com\/wp-content\/uploads\/2026\/02\/Check.svg\" alt=\"\" width=\"18\" height=\"15\" \/><strong>Jednostavna primjena i brza implementacija.<\/strong>\u00a0Ovaj bitumenski premaz spreman je za upotrebu i mo\u017ee se lako nanositi \u010detkom, valjkom ili lopaticom, bez potrebe za prethodnim mije\u0161anjem. Njegova teku\u0107a tekstura omogu\u0107uje homogenu raspodjelu po povr\u0161ini, izbjegavaju\u0107i slabe to\u010dke. Njegova primjena je jednostavna, \u010dak i za neiskusne korisnike, osiguravaju\u0107i ujedna\u010denu pokrivenost od prvog sloja.<\/p>\n<p><img decoding=\"async\" style=\"margin-right: 12px;\" src=\"https:\/\/www.ferberpainting.com\/wp-content\/uploads\/2026\/02\/Check.svg\" alt=\"\" width=\"18\" height=\"15\" \/><strong>Iznimna izdr\u017eljivost za dugotrajnu za\u0161titu.<\/strong>\u00a0Nakon nano\u0161enja i su\u0161enja, ovaj bitumenski premaz nudi visoku otpornost na vremenske uvjete, cikluse smrzavanja\/odmrzavanja i kemijske agresije prisutne u tlu. Zadr\u017eava svoja hidroizolacijska svojstva nekoliko godina bez potrebe za posebnim odr\u017eavanjem, osiguravaju\u0107i u\u010dinkovitu i dugotrajnu za\u0161titu temelja i podzemnih konstrukcija.<\/p>\n<p><img decoding=\"async\" style=\"margin-right: 12px;\" src=\"https:\/\/www.ferberpainting.com\/wp-content\/uploads\/2026\/02\/Check.svg\" alt=\"\" width=\"18\" height=\"15\" \/><strong>Brzo su\u0161enje za ubrzanu primjenu.<\/strong>\u00a0Njegova formulacija omogu\u0107uje povr\u0161insko su\u0161enje za 3 do 6 sati i potpuno su\u0161enje za 24 do 48 sati, ovisno o uvjetima.<\/p>\n<h2><strong>Protokol kori\u0161tenja<\/strong><\/h2>\n<ul>\n<li><strong>Priprema povr\u0161ine <\/strong>Temeljito o\u010distite povr\u0161inu koju \u017eelite tretirati uklanjanjem pra\u0161ine, prljav\u0161tine, masnih mrlja i svih ostataka koji se mogu lomiti. Za jako upijaju\u0107e ili porozne povr\u0161ine preporu\u010duje se lagano navla\u017eiti povr\u0161inu prije nano\u0161enja.<\/li>\n<li><strong>Preporu\u010dena doza <\/strong>Nanesite 10 kg bitumenskog premaza na 1 m\u00b2, ovisno o hrapavosti i upijanju povr\u0161ine. Za pobolj\u0161anu hidroizolaciju, planirajte dva do tri uzastopna sloja.<\/li>\n<li><strong>Nano\u0161enje premaza <\/strong>Nanesite proizvod valjkom, \u0161irokim kistom ili \u0161patulom, paze\u0107i da je cijela povr\u0161ina ravnomjerno prekrivena. Nanesite u kri\u017enim slojevima kako biste maksimalno prianjali i izbjegli neza\u0161ti\u0107ena podru\u010dja.<\/li>\n<li><strong>Vrijeme su\u0161enja izme\u0111u slojeva <\/strong>Ostavite da se su\u0161i najmanje 3 do 6 sati prije nano\u0161enja drugog sloja. Vrijeme su\u0161enja mo\u017ee varirati ovisno o temperaturi i vla\u017enosti okoline.<\/li>\n<li><strong>Zavr\u0161na obrada i dodatna za\u0161tita <\/strong>Nakon 24 do 48 sati potpunog su\u0161enja, tretirana povr\u0161ina mo\u017ee se prekriti dodatnim premazom, kao \u0161to je za\u0161titni premaz, drena\u017ea ili toplinska izolacija.<\/li>\n<li><strong>\u010ci\u0161\u0107enje alata <\/strong>Nakon upotrebe, alat odmah o\u010distite odgovaraju\u0107im otapalom ili toplom vodom i sapunom prije nego \u0161to se premaz stvrdne.<\/li>\n<\/ul>","protected":false},"excerpt":{"rendered":"<p>Optimal protection against humidity and water infiltration.\u00a0This bituminous coating is specially designed to ensure durable waterproofing of foundations and underground structures. It creates a waterproof barrier that prevents water from penetrating walls, thus reducing the risks of humidity, mold, and damage caused by infiltration. It also protects against runoff water and capillary rise, ensuring the [&hellip;]<\/p>\n","protected":false},"featured_media":164720,"comment_status":"open","ping_status":"closed","template":"","meta":{"_uag_custom_page_level_css":"","site-sidebar-layout":"default","site-content-layout":"","ast-site-content-layout":"default","site-content-style":"default","site-sidebar-style":"default","ast-global-header-display":"","ast-banner-title-visibility":"","ast-main-header-display":"","ast-hfb-above-header-display":"","ast-hfb-below-header-display":"","ast-hfb-mobile-header-display":"","site-post-title":"","ast-breadcrumbs-content":"","ast-featured-img":"","footer-sml-layout":"","ast-disable-related-posts":"","theme-transparent-header-meta":"default","adv-header-id-meta":"","stick-header-meta":"","header-above-stick-meta":"","header-main-stick-meta":"","header-below-stick-meta":"","astra-migrate-meta-layouts":"set","ast-page-background-enabled":"default","ast-page-background-meta":{"desktop":{"background-color":"var(--ast-global-color-4)","background-image":"","background-repeat":"repeat","background-position":"center center","background-size":"auto","background-attachment":"scroll","background-type":"","background-media":"","overlay-type":"","overlay-color":"","overlay-opacity":"","overlay-gradient":""},"tablet":{"background-color":"","background-image":"","background-repeat":"repeat","background-position":"center center","background-size":"auto","background-attachment":"scroll","background-type":"","background-media":"","overlay-type":"","overlay-color":"","overlay-opacity":"","overlay-gradient":""},"mobile":{"background-color":"","background-image":"","background-repeat":"repeat","background-position":"center center","background-size":"auto","background-attachment":"scroll","background-type":"","background-media":"","overlay-type":"","overlay-color":"","overlay-opacity":"","overlay-gradient":""}},"ast-content-background-meta":{"desktop":{"background-color":"var(--ast-global-color-5)","background-image":"","background-repeat":"repeat","background-position":"center center","background-size":"auto","background-attachment":"scroll","background-type":"","background-media":"","overlay-type":"","overlay-color":"","overlay-opacity":"","overlay-gradient":""},"tablet":{"background-color":"var(--ast-global-color-5)","background-image":"","background-repeat":"repeat","background-position":"center center","background-size":"auto","background-attachment":"scroll","background-type":"","background-media":"","overlay-type":"","overlay-color":"","overlay-opacity":"","overlay-gradient":""},"mobile":{"background-color":"var(--ast-global-color-5)","background-image":"","background-repeat":"repeat","background-position":"center center","background-size":"auto","background-attachment":"scroll","background-type":"","background-media":"","overlay-type":"","overlay-color":"","overlay-opacity":"","overlay-gradient":""}}},"product_brand":[],"product_cat":[192],"product_tag":[],"class_list":{"0":"post-23095","1":"product","2":"type-product","3":"status-publish","4":"has-post-thumbnail","6":"product_cat-waterproof-sealant","7":"desktop-align-left","8":"tablet-align-left","9":"mobile-align-left","11":"first","12":"instock","13":"sale","14":"shipping-taxable","15":"purchasable","16":"product-type-variable","17":"has-default-attributes"},"spectra_custom_meta":{"_visibility":["visible"],"_shopify_product_id":["9061074927861"],"_s2w_shopify_domain":["ferberpainting.myshopify.com"],"_shopify_variant_id":["46484461158645"],"_sku":["FPBITUMINOUSFOUNDATIONSEALANT"],"_manage_stock":["no"],"total_sales":["8"],"_tax_status":["taxable"],"_tax_class":[""],"_backorders":["no"],"_sold_individually":["no"],"_virtual":["no"],"_downloadable":["no"],"_download_limit":["-1"],"_download_expiry":["-1"],"_stock":[null],"_stock_status":["instock"],"_wc_average_rating":["4.57"],"_wc_review_count":["7"],"_product_attributes":["a:1:{s:6:\"volume\";a:6:{s:4:\"name\";s:6:\"Volume\";s:5:\"value\";s:13:\"10 kg | 40 kg\";s:8:\"position\";i:1;s:10:\"is_visible\";i:0;s:12:\"is_variation\";i:1;s:11:\"is_taxonomy\";i:0;}}"],"_product_version":["10.5.2"],"_thumbnail_id":["164720"],"_product_image_gallery":["164721"],"wpse_downloadable_file_names":[""],"wpse_downloadable_file_urls":[""],"_edit_last":["1"],"_edit_lock":["1771952180:1"],"_default_attributes":["a:1:{s:6:\"volume\";s:5:\"10 kg\";}"],"merchant-center-availability":["yes"],"merchant-center-category":["2282"],"_wp_page_template":["default"],"site-sidebar-layout":["default"],"ast-site-content-layout":["default"],"site-content-style":["default"],"site-sidebar-style":["default"],"theme-transparent-header-meta":["default"],"_wc_rating_count":["a:2:{i:4;i:3;i:5;i:4;}"],"_price":["29.90","99.90"],"astra-migrate-meta-layouts":["set"],"_uag_css_file_name":["uag-css-23095.css"],"_elementor_page_assets":["a:0:{}"],"_uag_page_assets":["a:9:{s:3:\"css\";s:6873:\".wp-block-uagb-image{display:flex}.wp-block-uagb-image__figure{position:relative;display:flex;flex-direction:column;max-width:100%;height:auto;margin:0}.wp-block-uagb-image__figure img{height:auto;display:flex;max-width:100%;transition:box-shadow .2s ease}.wp-block-uagb-image__figure>a{display:inline-block}.wp-block-uagb-image__figure figcaption{text-align:center;margin-top:.5em;margin-bottom:1em}.wp-block-uagb-image .components-placeholder.block-editor-media-placeholder .components-placeholder__instructions{align-self:center}.wp-block-uagb-image--align-left{text-align:left}.wp-block-uagb-image--align-right{text-align:right}.wp-block-uagb-image--align-center{text-align:center}.wp-block-uagb-image--align-full .wp-block-uagb-image__figure{margin-left:calc(50% - 50vw);margin-right:calc(50% - 50vw);max-width:100vw;width:100vw;height:auto}.wp-block-uagb-image--align-full .wp-block-uagb-image__figure img{height:auto;width:100% !important}.wp-block-uagb-image--align-wide .wp-block-uagb-image__figure img{height:auto;width:100%}.wp-block-uagb-image--layout-overlay__color-wrapper{position:absolute;left:0;top:0;right:0;bottom:0;opacity:.2;background:rgba(0,0,0,.5);transition:opacity .35s ease-in-out}.wp-block-uagb-image--layout-overlay-link{position:absolute;left:0;right:0;bottom:0;top:0}.wp-block-uagb-image--layout-overlay .wp-block-uagb-image__figure:hover .wp-block-uagb-image--layout-overlay__color-wrapper{opacity:1}.wp-block-uagb-image--layout-overlay__inner{position:absolute;left:15px;right:15px;bottom:15px;top:15px;display:flex;align-items:center;justify-content:center;flex-direction:column;border-color:#fff;transition:.35s ease-in-out}.wp-block-uagb-image--layout-overlay__inner.top-left,.wp-block-uagb-image--layout-overlay__inner.top-center,.wp-block-uagb-image--layout-overlay__inner.top-right{justify-content:flex-start}.wp-block-uagb-image--layout-overlay__inner.bottom-left,.wp-block-uagb-image--layout-overlay__inner.bottom-center,.wp-block-uagb-image--layout-overlay__inner.bottom-right{justify-content:flex-end}.wp-block-uagb-image--layout-overlay__inner.top-left,.wp-block-uagb-image--layout-overlay__inner.center-left,.wp-block-uagb-image--layout-overlay__inner.bottom-left{align-items:flex-start}.wp-block-uagb-image--layout-overlay__inner.top-right,.wp-block-uagb-image--layout-overlay__inner.center-right,.wp-block-uagb-image--layout-overlay__inner.bottom-right{align-items:flex-end}.wp-block-uagb-image--layout-overlay__inner .uagb-image-heading{color:#fff;transition:transform .35s,opacity .35s ease-in-out;transform:translate3d(0, 24px, 0);margin:0;line-height:1em}.wp-block-uagb-image--layout-overlay__inner .uagb-image-separator{width:30%;border-top-width:2px;border-top-color:#fff;border-top-style:solid;margin-bottom:10px;opacity:0;transition:transform .4s,opacity .4s ease-in-out;transform:translate3d(0, 30px, 0)}.wp-block-uagb-image--layout-overlay__inner .uagb-image-caption{opacity:0;overflow:visible;color:#fff;transition:transform .45s,opacity .45s ease-in-out;transform:translate3d(0, 35px, 0)}.wp-block-uagb-image--layout-overlay__inner:hover .uagb-image-heading,.wp-block-uagb-image--layout-overlay__inner:hover .uagb-image-separator,.wp-block-uagb-image--layout-overlay__inner:hover .uagb-image-caption{opacity:1;transform:translate3d(0, 0, 0)}.wp-block-uagb-image--effect-zoomin .wp-block-uagb-image__figure img,.wp-block-uagb-image--effect-zoomin .wp-block-uagb-image__figure .wp-block-uagb-image--layout-overlay__color-wrapper{transform:scale(1);transition:transform .35s ease-in-out}.wp-block-uagb-image--effect-zoomin .wp-block-uagb-image__figure:hover img,.wp-block-uagb-image--effect-zoomin .wp-block-uagb-image__figure:hover .wp-block-uagb-image--layout-overlay__color-wrapper{transform:scale(1.05)}.wp-block-uagb-image--effect-slide .wp-block-uagb-image__figure img,.wp-block-uagb-image--effect-slide .wp-block-uagb-image__figure .wp-block-uagb-image--layout-overlay__color-wrapper{width:calc(100% + 40px) !important;max-width:none !important;transform:translate3d(-40px, 0, 0);transition:transform .35s ease-in-out}.wp-block-uagb-image--effect-slide .wp-block-uagb-image__figure:hover img,.wp-block-uagb-image--effect-slide .wp-block-uagb-image__figure:hover .wp-block-uagb-image--layout-overlay__color-wrapper{transform:translate3d(0, 0, 0)}.wp-block-uagb-image--effect-grayscale img{filter:grayscale(0%);transition:.35s ease-in-out}.wp-block-uagb-image--effect-grayscale:hover img{filter:grayscale(100%)}.wp-block-uagb-image--effect-blur img{filter:blur(0);transition:.35s ease-in-out}.wp-block-uagb-image--effect-blur:hover img{filter:blur(3px)}.uagb-block-e6f939b3.wp-block-uagb-image--layout-default figure img{box-shadow: 0px 0px 0 #00000070;}.uagb-block-e6f939b3.wp-block-uagb-image .wp-block-uagb-image__figure figcaption{font-style: normal;align-self: center;}.uagb-block-e6f939b3.wp-block-uagb-image--layout-overlay figure img{box-shadow: 0px 0px 0 #00000070;}.uagb-block-e6f939b3.wp-block-uagb-image--layout-overlay .wp-block-uagb-image--layout-overlay__color-wrapper{opacity: 0.2;}.uagb-block-e6f939b3.wp-block-uagb-image--layout-overlay .wp-block-uagb-image--layout-overlay__inner{left: 15px;right: 15px;top: 15px;bottom: 15px;}.uagb-block-e6f939b3.wp-block-uagb-image--layout-overlay .wp-block-uagb-image--layout-overlay__inner .uagb-image-heading{font-style: normal;color: #fff;opacity: 1;}.uagb-block-e6f939b3.wp-block-uagb-image--layout-overlay .wp-block-uagb-image--layout-overlay__inner .uagb-image-heading a{color: #fff;}.uagb-block-e6f939b3.wp-block-uagb-image--layout-overlay .wp-block-uagb-image--layout-overlay__inner .uagb-image-caption{opacity: 0;}.uagb-block-e6f939b3.wp-block-uagb-image--layout-overlay .wp-block-uagb-image__figure:hover .wp-block-uagb-image--layout-overlay__color-wrapper{opacity: 1;}.uagb-block-e6f939b3.wp-block-uagb-image .wp-block-uagb-image--layout-overlay__inner .uagb-image-separator{width: 30%;border-top-width: 2px;border-top-color: #fff;opacity: 0;}.uagb-block-e6f939b3.wp-block-uagb-image .wp-block-uagb-image__figure img{width: px;height: auto;}.uagb-block-e6f939b3.wp-block-uagb-image .wp-block-uagb-image__figure:hover .wp-block-uagb-image--layout-overlay__inner .uagb-image-caption{opacity: 1;}.uagb-block-e6f939b3.wp-block-uagb-image .wp-block-uagb-image__figure:hover .wp-block-uagb-image--layout-overlay__inner .uagb-image-separator{opacity: 1;}.uagb-block-e6f939b3.wp-block-uagb-image--layout-default figure:hover img{box-shadow: 0px 0px 0 #00000070;}.uagb-block-e6f939b3.wp-block-uagb-image--layout-overlay figure:hover img{box-shadow: 0px 0px 0 #00000070;}@media only screen and (max-width: 976px) {.uagb-block-e6f939b3.wp-block-uagb-image .wp-block-uagb-image__figure img{width: px;height: auto;}}@media only screen and (max-width: 767px) {.uagb-block-e6f939b3.wp-block-uagb-image .wp-block-uagb-image__figure img{width: px;height: auto;}}\";s:2:\"js\";s:0:\"\";s:18:\"current_block_list\";a:13:{i:0;s:11:\"core\/search\";i:1;s:10:\"core\/group\";i:2;s:12:\"core\/heading\";i:3;s:17:\"core\/latest-posts\";i:4;s:20:\"core\/latest-comments\";i:5;s:13:\"core\/archives\";i:6;s:15:\"core\/categories\";i:7;s:14:\"core\/paragraph\";i:8;s:10:\"uagb\/image\";i:9;s:11:\"core\/spacer\";i:10;s:30:\"woocommerce\/product-categories\";i:11;s:10:\"core\/image\";i:12;s:14:\"core\/shortcode\";}s:8:\"uag_flag\";b:1;s:11:\"uag_version\";s:10:\"1776795741\";s:6:\"gfonts\";a:0:{}s:10:\"gfonts_url\";s:0:\"\";s:12:\"gfonts_files\";a:0:{}s:14:\"uag_faq_layout\";b:0;}"]},"uagb_featured_image_src":{"full":["https:\/\/www.ferberpainting.com\/wp-content\/uploads\/2025\/05\/Bituminous-Foundation-Sealant-10-KG-mockups.png",2560,2560,false],"thumbnail":["https:\/\/www.ferberpainting.com\/wp-content\/uploads\/2025\/05\/Bituminous-Foundation-Sealant-10-KG-mockups-150x150.png",150,150,true],"medium":["https:\/\/www.ferberpainting.com\/wp-content\/uploads\/2025\/05\/Bituminous-Foundation-Sealant-10-KG-mockups-300x300.png",300,300,true],"medium_large":["https:\/\/www.ferberpainting.com\/wp-content\/uploads\/2025\/05\/Bituminous-Foundation-Sealant-10-KG-mockups-768x768.png",768,768,true],"large":["https:\/\/www.ferberpainting.com\/wp-content\/uploads\/2025\/05\/Bituminous-Foundation-Sealant-10-KG-mockups-1024x1024.png",1024,1024,true],"1536x1536":["https:\/\/www.ferberpainting.com\/wp-content\/uploads\/2025\/05\/Bituminous-Foundation-Sealant-10-KG-mockups-1536x1536.png",1536,1536,true],"2048x2048":["https:\/\/www.ferberpainting.com\/wp-content\/uploads\/2025\/05\/Bituminous-Foundation-Sealant-10-KG-mockups-2048x2048.png",2048,2048,true],"trp-custom-language-flag":["https:\/\/www.ferberpainting.com\/wp-content\/uploads\/2025\/05\/Bituminous-Foundation-Sealant-10-KG-mockups-12x12.png",12,12,true],"woocommerce_thumbnail":["https:\/\/www.ferberpainting.com\/wp-content\/uploads\/2025\/05\/Bituminous-Foundation-Sealant-10-KG-mockups-300x300.png",300,300,true],"woocommerce_single":["https:\/\/www.ferberpainting.com\/wp-content\/uploads\/2025\/05\/Bituminous-Foundation-Sealant-10-KG-mockups-600x600.png",600,600,true],"woocommerce_gallery_thumbnail":["https:\/\/www.ferberpainting.com\/wp-content\/uploads\/2025\/05\/Bituminous-Foundation-Sealant-10-KG-mockups-100x100.png",100,100,true]},"uagb_author_info":{"display_name":"admin","author_link":"https:\/\/www.ferberpainting.com\/hr\/author\/"},"uagb_comment_info":7,"uagb_excerpt":"Optimal protection against humidity and water infiltration.\u00a0This bituminous coating is specially designed to ensure durable waterproofing of foundations and underground structures. It creates a waterproof barrier that prevents water from penetrating walls, thus reducing the risks of humidity, mold, and damage caused by infiltration. It also protects against runoff water and capillary rise, ensuring the&hellip;","_links":{"self":[{"href":"https:\/\/www.ferberpainting.com\/hr\/wp-json\/wp\/v2\/product\/23095","targetHints":{"allow":["GET"]}}],"collection":[{"href":"https:\/\/www.ferberpainting.com\/hr\/wp-json\/wp\/v2\/product"}],"about":[{"href":"https:\/\/www.ferberpainting.com\/hr\/wp-json\/wp\/v2\/types\/product"}],"replies":[{"embeddable":true,"href":"https:\/\/www.ferberpainting.com\/hr\/wp-json\/wp\/v2\/comments?post=23095"}],"version-history":[{"count":6,"href":"https:\/\/www.ferberpainting.com\/hr\/wp-json\/wp\/v2\/product\/23095\/revisions"}],"predecessor-version":[{"id":166040,"href":"https:\/\/www.ferberpainting.com\/hr\/wp-json\/wp\/v2\/product\/23095\/revisions\/166040"}],"wp:featuredmedia":[{"embeddable":true,"href":"https:\/\/www.ferberpainting.com\/hr\/wp-json\/wp\/v2\/media\/164720"}],"wp:attachment":[{"href":"https:\/\/www.ferberpainting.com\/hr\/wp-json\/wp\/v2\/media?parent=23095"}],"wp:term":[{"taxonomy":"product_brand","embeddable":true,"href":"https:\/\/www.ferberpainting.com\/hr\/wp-json\/wp\/v2\/product_brand?post=23095"},{"taxonomy":"product_cat","embeddable":true,"href":"https:\/\/www.ferberpainting.com\/hr\/wp-json\/wp\/v2\/product_cat?post=23095"},{"taxonomy":"product_tag","embeddable":true,"href":"https:\/\/www.ferberpainting.com\/hr\/wp-json\/wp\/v2\/product_tag?post=23095"}],"curies":[{"name":"radni list","href":"https:\/\/api.w.org\/{rel}","templated":true}]}}