{"id":23083,"date":"2025-05-26T10:22:36","date_gmt":"2025-05-26T08:22:36","guid":{"rendered":"https:\/\/www.ferberpainting.com\/products\/banana-tree-fertilizer\/"},"modified":"2026-02-24T18:51:33","modified_gmt":"2026-02-24T17:51:33","slug":"banana-tree-fertilizer","status":"publish","type":"product","link":"https:\/\/www.ferberpainting.com\/hr\/products\/banana-tree-fertilizer\/","title":{"rendered":"Gnojivo za stablo banane"},"content":{"rendered":"<p><img decoding=\"async\" style=\"margin-right: 12px;\" src=\"https:\/\/www.ferberpainting.com\/wp-content\/uploads\/2026\/02\/Check.svg\" alt=\"\" width=\"18\" height=\"15\" \/><strong>Potpuno gnojivo za brz rast i obilnu proizvodnju banana. <\/strong>Ovo gnojivo za banane posebno je formulirano kako bi zadovoljilo specifi\u010dne potrebe ove tropske biljke, koja je zahtjevna za hranjivim tvarima. Zahvaljuju\u0107i sastavu NPK 15-15-15, nudi uravnote\u017eenu opskrbu du\u0161ikom (N) za poticanje brzog rasta li\u0161\u0107a, fosforom (P) za poticanje sna\u017enog ukorjenjivanja i kalijem (K) za pobolj\u0161anje plodono\u0161enja i otpornosti na bolesti. Na taj na\u010din osigurava sna\u017ean razvoj, gusto li\u0161\u0107e i proizvodnju ukusnih i aromati\u010dnih plodova.<\/p>\n<p><img decoding=\"async\" style=\"margin-right: 12px;\" src=\"https:\/\/www.ferberpainting.com\/wp-content\/uploads\/2026\/02\/Check.svg\" alt=\"\" width=\"18\" height=\"15\" \/><strong>Jamstvo povrata novca.\u00a0<\/strong>Toliko smo sigurni u u\u010dinkovitost na\u0161eg gnojiva za banane da nudimo jamstvo povrata novca. Ako nakon kori\u0161tenja prema preporuci ne vidite zna\u010dajno pobolj\u0161anje u rastu, snazi ili plodono\u0161enju, obvezujemo se u potpunosti vam vratiti novac, osiguravaju\u0107i sigurnu i bezbri\u017enu kupnju.<\/p>\n<p><img decoding=\"async\" style=\"margin-right: 12px;\" src=\"https:\/\/www.ferberpainting.com\/wp-content\/uploads\/2026\/02\/Check.svg\" alt=\"\" width=\"18\" height=\"15\" \/><strong>Pogodno za sve vrste banana i sve uvjete uzgoja. <\/strong>Ovo gnojivo je prikladno za biljke banana u lon\u010danicama, otvoreni teren te ukrasne i plodonosne sorte poput Musa basjoo, Musa acuminata i Musa paradisiaca. U\u010dinkovito je na svim vrstama tla i poti\u010de optimalan rast u umjerenim i tropskim klimama, osiguravaju\u0107i odgovaraju\u0107u gnojidbu prilago\u0111enu svakom na\u010dinu uzgoja.<\/p>\n<p><img decoding=\"async\" style=\"margin-right: 12px;\" src=\"https:\/\/www.ferberpainting.com\/wp-content\/uploads\/2026\/02\/Check.svg\" alt=\"\" width=\"18\" height=\"15\" \/><strong>Isplativa i dugotrajna gnojidba. <\/strong>Zahvaljuju\u0107i svojoj koncentriranoj teku\u0107oj formuli, spremnik od 5 l mo\u017ee pripremiti do 1000 litara otopine gnojiva, osiguravaju\u0107i produljenu i ekonomi\u010dnu gnojidbu. S dozom od 5 ml po litri vode, osigurava brzu asimilaciju hranjivih tvari i optimiziranu upotrebu uz smanjenje otpada.<\/p>\n<p><img decoding=\"async\" style=\"margin-right: 12px;\" src=\"https:\/\/www.ferberpainting.com\/wp-content\/uploads\/2026\/02\/Check.svg\" alt=\"\" width=\"18\" height=\"15\" \/><strong>Sigurno gnojivo bez rizika za okoli\u0161. <\/strong>Formulirano bez agresivnih kemikalija, ovo gnojivo po\u0161tuje prirodnu ravnote\u017eu tla i ne predstavlja rizik za planta\u017ee, podzemne vode ili doma\u0107e \u017eivotinje. Poti\u010de korisnu mikrobnu aktivnost i pobolj\u0161ava strukturu supstrata, osiguravaju\u0107i bolje zadr\u017eavanje hranjivih tvari i vlage, \u0161to je bitno za uzgoj banana.<\/p>\n<p><img decoding=\"async\" style=\"margin-right: 12px;\" src=\"https:\/\/www.ferberpainting.com\/wp-content\/uploads\/2026\/02\/Check.svg\" alt=\"\" width=\"18\" height=\"15\" \/><strong>Jednostavna primjena za gnojidbu bez napora. <\/strong>Ovo teku\u0107e gnojivo razrje\u0111uje se izravno u vodi za zalijevanje, osiguravaju\u0107i ravnomjernu i u\u010dinkovitu gnojidbu uz minimalan napor. Mo\u017ee se primijeniti zalijevanjem u podno\u017eje biljke ili kao folijarno prskanje, omogu\u0107uju\u0107i optimalnu apsorpciju hranjivih tvari korijenjem i li\u0161\u0107em, pove\u0107avaju\u0107i snagu i produktivnost biljke banane.<\/p>\n<p><img decoding=\"async\" style=\"margin-right: 12px;\" src=\"https:\/\/www.ferberpainting.com\/wp-content\/uploads\/2026\/02\/Check.svg\" alt=\"\" width=\"18\" height=\"15\" \/><strong>Odr\u017eivo djelovanje za ubrzani rast i pove\u0107anu proizvodnju. <\/strong>Zahvaljuju\u0107i postupnom otpu\u0161tanju hranjivih tvari, ovo gnojivo odr\u017eivo hrani biljku banane, poti\u010du\u0107i brz rast li\u0161\u0107a i stabljika, a istovremeno poti\u010de obilno i kontinuirano plodono\u0161enje. Tako\u0111er poma\u017ee u ja\u010danju otpornosti na bolesti, parazite i klimatske stresove poput vjetra i su\u0161e.<\/p>\n<p><img decoding=\"async\" style=\"margin-right: 12px;\" src=\"https:\/\/www.ferberpainting.com\/wp-content\/uploads\/2026\/02\/Check.svg\" alt=\"\" width=\"18\" height=\"15\" \/><strong>Vidljivi rezultati u prvim tjednima. <\/strong>Ve\u0107 od prvih primjena, ovo gnojivo poti\u010de rast novih izdanaka, pobolj\u0161ava gusto\u0107u li\u0161\u0107a i poti\u010de stvaranje ve\u0107ih i brojnijih grozdova plodova. Tako\u0111er poma\u017ee biljci da se pripremi za faze cvjetanja i plodono\u0161enja, osiguravaju\u0107i obilne i kvalitetne urode.<\/p>\n<h2><strong>Protokol kori\u0161tenja<\/strong><\/h2>\n<ul>\n<li><strong>Razrje\u0111ivanje gnojiva:<\/strong> Pomije\u0161ajte 5 ml gnojiva na 1 litru vode. Prije svake primjene dobro protresite otopinu kako biste osigurali ravnomjernu raspodjelu hranjivih tvari.<\/li>\n<li><strong>Na\u010din primjene:<\/strong>\n<ul>\n<li><strong>Zalijevanjem:<\/strong> Razrije\u0111enu otopinu ulijte izravno u podno\u017eje biljke banane, paze\u0107i da ravnomjerno navla\u017eite tlo bez vi\u0161ka vode kako biste izbjegli otjecanje.<\/li>\n<li><strong>Foliarnim prskanjem:<\/strong> Lagano poprskajte otopinu po li\u0161\u0107u, rano ujutro ili kasno tijekom dana kako biste izbjegli brzo isparavanje i maksimizirali apsorpciju.<\/li>\n<\/ul>\n<\/li>\n<li><strong>U\u010destalost kori\u0161tenja:<\/strong> Gnojivo primjenjujte svaka dva tjedna tijekom razdoblja rasta i cvatnje (prolje\u0107e-ljeto) i jednom mjese\u010dno tijekom razdoblja mirovanja (jesen-zima) kako biste odr\u017eali stabilan rast.<\/li>\n<li><strong>Dopunsko zalijevanje:<\/strong> Nakon primjene gnojiva, pri\u010dekajte 48 sati prije ponovnog zalijevanja kako biste optimizirali apsorpciju hranjivih tvari u korijenje.<\/li>\n<li><strong>Mjere opreza pri kori\u0161tenju:<\/strong> Ne pretjeruj s gnojivom kako bi se izbjegla neravnote\u017ea rasta ili prekomjerno nakupljanje mineralnih soli u tlu. Primjenjujte samo u blago vla\u017eno tlo radi bolje apsorpcije.<\/li>\n<li><strong>Skladi\u0161tenje i o\u010duvanje:<\/strong> Gnojivo \u010duvajte na hladnom i suhom mjestu, za\u0161ti\u0107eno od svjetlosti i vlage. Nakon svake upotrebe \u010dvrsto zatvorite posudu kako biste sa\u010duvali u\u010dinkovitost proizvoda i sprije\u010dili isparavanje.<\/li>\n<\/ul>\n<p>S ovim gnojivom za banane, ponudite svojoj biljci potpunu i uravnote\u017eenu prehranu, poti\u010du\u0107i sna\u017ean rast, br\u017ee cvjetanje i obilnu, ukusnu proizvodnju banana. To je idealno rje\u0161enje za osiguranje zdravih biljaka banana i iznimnih uroda tijekom cijele godine.<\/p>","protected":false},"excerpt":{"rendered":"<p>A complete fertilizer for fast growth and abundant banana production. This banana fertilizer is specially formulated to meet the specific needs of this tropical plant, which is demanding in nutrients. Thanks to its NPK 15-15-15 composition, it offers a balanced supply of nitrogen (N) to stimulate rapid leaf growth, phosphorus (P) to promote strong rooting, [&hellip;]<\/p>\n","protected":false},"featured_media":25305,"comment_status":"open","ping_status":"closed","template":"","meta":{"_uag_custom_page_level_css":"","site-sidebar-layout":"default","site-content-layout":"","ast-site-content-layout":"default","site-content-style":"default","site-sidebar-style":"default","ast-global-header-display":"","ast-banner-title-visibility":"","ast-main-header-display":"","ast-hfb-above-header-display":"","ast-hfb-below-header-display":"","ast-hfb-mobile-header-display":"","site-post-title":"","ast-breadcrumbs-content":"","ast-featured-img":"","footer-sml-layout":"","ast-disable-related-posts":"","theme-transparent-header-meta":"default","adv-header-id-meta":"","stick-header-meta":"","header-above-stick-meta":"","header-main-stick-meta":"","header-below-stick-meta":"","astra-migrate-meta-layouts":"set","ast-page-background-enabled":"default","ast-page-background-meta":{"desktop":{"background-color":"var(--ast-global-color-4)","background-image":"","background-repeat":"repeat","background-position":"center center","background-size":"auto","background-attachment":"scroll","background-type":"","background-media":"","overlay-type":"","overlay-color":"","overlay-opacity":"","overlay-gradient":""},"tablet":{"background-color":"","background-image":"","background-repeat":"repeat","background-position":"center center","background-size":"auto","background-attachment":"scroll","background-type":"","background-media":"","overlay-type":"","overlay-color":"","overlay-opacity":"","overlay-gradient":""},"mobile":{"background-color":"","background-image":"","background-repeat":"repeat","background-position":"center center","background-size":"auto","background-attachment":"scroll","background-type":"","background-media":"","overlay-type":"","overlay-color":"","overlay-opacity":"","overlay-gradient":""}},"ast-content-background-meta":{"desktop":{"background-color":"var(--ast-global-color-5)","background-image":"","background-repeat":"repeat","background-position":"center center","background-size":"auto","background-attachment":"scroll","background-type":"","background-media":"","overlay-type":"","overlay-color":"","overlay-opacity":"","overlay-gradient":""},"tablet":{"background-color":"var(--ast-global-color-5)","background-image":"","background-repeat":"repeat","background-position":"center center","background-size":"auto","background-attachment":"scroll","background-type":"","background-media":"","overlay-type":"","overlay-color":"","overlay-opacity":"","overlay-gradient":""},"mobile":{"background-color":"var(--ast-global-color-5)","background-image":"","background-repeat":"repeat","background-position":"center center","background-size":"auto","background-attachment":"scroll","background-type":"","background-media":"","overlay-type":"","overlay-color":"","overlay-opacity":"","overlay-gradient":""}}},"product_brand":[],"product_cat":[178],"product_tag":[],"class_list":{"0":"post-23083","1":"product","2":"type-product","3":"status-publish","4":"has-post-thumbnail","6":"product_cat-fertilizers","7":"desktop-align-left","8":"tablet-align-left","9":"mobile-align-left","11":"first","12":"instock","13":"sale","14":"shipping-taxable","15":"purchasable","16":"product-type-variable","17":"has-default-attributes"},"spectra_custom_meta":{"_visibility":["visible"],"_shopify_product_id":["9066079977717"],"_s2w_shopify_domain":["ferberpainting.myshopify.com"],"_shopify_variant_id":["46501631459573"],"_sku":["FPBANANATREEFERTILIZER"],"_manage_stock":["no"],"total_sales":["111"],"_tax_status":["taxable"],"_tax_class":[""],"_backorders":["no"],"_sold_individually":["no"],"_virtual":["no"],"_downloadable":["no"],"_download_limit":["-1"],"_download_expiry":["-1"],"_stock":[null],"_stock_status":["instock"],"_wc_average_rating":["5.00"],"_wc_review_count":["5"],"_product_attributes":["a:1:{s:6:\"volume\";a:6:{s:4:\"name\";s:6:\"Volume\";s:5:\"value\";s:20:\"5 liters | 25 liters\";s:8:\"position\";i:1;s:10:\"is_visible\";i:0;s:12:\"is_variation\";i:1;s:11:\"is_taxonomy\";i:0;}}"],"_product_version":["10.5.2"],"_thumbnail_id":["25305"],"_product_image_gallery":["25335"],"wpse_downloadable_file_names":[""],"wpse_downloadable_file_urls":[""],"_edit_last":["1"],"_default_attributes":["a:1:{s:6:\"volume\";s:8:\"5 liters\";}"],"_wc_rating_count":["a:1:{i:5;i:5;}"],"_edit_lock":["1772569275:1"],"merchant-center-availability":["yes"],"merchant-center-category":["113"],"_wp_page_template":["default"],"site-sidebar-layout":["default"],"ast-site-content-layout":["default"],"site-content-style":["default"],"site-sidebar-style":["default"],"theme-transparent-header-meta":["default"],"_price":["29.90","129.90"],"astra-migrate-meta-layouts":["set"],"_uag_css_file_name":["uag-css-23083.css"],"_elementor_page_assets":["a:0:{}"],"_uag_page_assets":["a:9:{s:3:\"css\";s:7133:\".uag-blocks-common-selector{z-index:var(--z-index-desktop) !important}@media(max-width: 976px){.uag-blocks-common-selector{z-index:var(--z-index-tablet) !important}}@media(max-width: 767px){.uag-blocks-common-selector{z-index:var(--z-index-mobile) !important}}.wp-block-uagb-image{display:flex}.wp-block-uagb-image__figure{position:relative;display:flex;flex-direction:column;max-width:100%;height:auto;margin:0}.wp-block-uagb-image__figure img{height:auto;display:flex;max-width:100%;transition:box-shadow .2s ease}.wp-block-uagb-image__figure>a{display:inline-block}.wp-block-uagb-image__figure figcaption{text-align:center;margin-top:.5em;margin-bottom:1em}.wp-block-uagb-image .components-placeholder.block-editor-media-placeholder .components-placeholder__instructions{align-self:center}.wp-block-uagb-image--align-left{text-align:left}.wp-block-uagb-image--align-right{text-align:right}.wp-block-uagb-image--align-center{text-align:center}.wp-block-uagb-image--align-full .wp-block-uagb-image__figure{margin-left:calc(50% - 50vw);margin-right:calc(50% - 50vw);max-width:100vw;width:100vw;height:auto}.wp-block-uagb-image--align-full .wp-block-uagb-image__figure img{height:auto;width:100% !important}.wp-block-uagb-image--align-wide .wp-block-uagb-image__figure img{height:auto;width:100%}.wp-block-uagb-image--layout-overlay__color-wrapper{position:absolute;left:0;top:0;right:0;bottom:0;opacity:.2;background:rgba(0,0,0,.5);transition:opacity .35s ease-in-out}.wp-block-uagb-image--layout-overlay-link{position:absolute;left:0;right:0;bottom:0;top:0}.wp-block-uagb-image--layout-overlay .wp-block-uagb-image__figure:hover .wp-block-uagb-image--layout-overlay__color-wrapper{opacity:1}.wp-block-uagb-image--layout-overlay__inner{position:absolute;left:15px;right:15px;bottom:15px;top:15px;display:flex;align-items:center;justify-content:center;flex-direction:column;border-color:#fff;transition:.35s ease-in-out}.wp-block-uagb-image--layout-overlay__inner.top-left,.wp-block-uagb-image--layout-overlay__inner.top-center,.wp-block-uagb-image--layout-overlay__inner.top-right{justify-content:flex-start}.wp-block-uagb-image--layout-overlay__inner.bottom-left,.wp-block-uagb-image--layout-overlay__inner.bottom-center,.wp-block-uagb-image--layout-overlay__inner.bottom-right{justify-content:flex-end}.wp-block-uagb-image--layout-overlay__inner.top-left,.wp-block-uagb-image--layout-overlay__inner.center-left,.wp-block-uagb-image--layout-overlay__inner.bottom-left{align-items:flex-start}.wp-block-uagb-image--layout-overlay__inner.top-right,.wp-block-uagb-image--layout-overlay__inner.center-right,.wp-block-uagb-image--layout-overlay__inner.bottom-right{align-items:flex-end}.wp-block-uagb-image--layout-overlay__inner .uagb-image-heading{color:#fff;transition:transform .35s,opacity .35s ease-in-out;transform:translate3d(0, 24px, 0);margin:0;line-height:1em}.wp-block-uagb-image--layout-overlay__inner .uagb-image-separator{width:30%;border-top-width:2px;border-top-color:#fff;border-top-style:solid;margin-bottom:10px;opacity:0;transition:transform .4s,opacity .4s ease-in-out;transform:translate3d(0, 30px, 0)}.wp-block-uagb-image--layout-overlay__inner .uagb-image-caption{opacity:0;overflow:visible;color:#fff;transition:transform .45s,opacity .45s ease-in-out;transform:translate3d(0, 35px, 0)}.wp-block-uagb-image--layout-overlay__inner:hover .uagb-image-heading,.wp-block-uagb-image--layout-overlay__inner:hover .uagb-image-separator,.wp-block-uagb-image--layout-overlay__inner:hover .uagb-image-caption{opacity:1;transform:translate3d(0, 0, 0)}.wp-block-uagb-image--effect-zoomin .wp-block-uagb-image__figure img,.wp-block-uagb-image--effect-zoomin .wp-block-uagb-image__figure .wp-block-uagb-image--layout-overlay__color-wrapper{transform:scale(1);transition:transform .35s ease-in-out}.wp-block-uagb-image--effect-zoomin .wp-block-uagb-image__figure:hover img,.wp-block-uagb-image--effect-zoomin .wp-block-uagb-image__figure:hover .wp-block-uagb-image--layout-overlay__color-wrapper{transform:scale(1.05)}.wp-block-uagb-image--effect-slide .wp-block-uagb-image__figure img,.wp-block-uagb-image--effect-slide .wp-block-uagb-image__figure .wp-block-uagb-image--layout-overlay__color-wrapper{width:calc(100% + 40px) !important;max-width:none !important;transform:translate3d(-40px, 0, 0);transition:transform .35s ease-in-out}.wp-block-uagb-image--effect-slide .wp-block-uagb-image__figure:hover img,.wp-block-uagb-image--effect-slide .wp-block-uagb-image__figure:hover .wp-block-uagb-image--layout-overlay__color-wrapper{transform:translate3d(0, 0, 0)}.wp-block-uagb-image--effect-grayscale img{filter:grayscale(0%);transition:.35s ease-in-out}.wp-block-uagb-image--effect-grayscale:hover img{filter:grayscale(100%)}.wp-block-uagb-image--effect-blur img{filter:blur(0);transition:.35s ease-in-out}.wp-block-uagb-image--effect-blur:hover img{filter:blur(3px)}.uagb-block-e6f939b3.wp-block-uagb-image--layout-default figure img{box-shadow: 0px 0px 0 #00000070;}.uagb-block-e6f939b3.wp-block-uagb-image .wp-block-uagb-image__figure figcaption{font-style: normal;align-self: center;}.uagb-block-e6f939b3.wp-block-uagb-image--layout-overlay figure img{box-shadow: 0px 0px 0 #00000070;}.uagb-block-e6f939b3.wp-block-uagb-image--layout-overlay .wp-block-uagb-image--layout-overlay__color-wrapper{opacity: 0.2;}.uagb-block-e6f939b3.wp-block-uagb-image--layout-overlay .wp-block-uagb-image--layout-overlay__inner{left: 15px;right: 15px;top: 15px;bottom: 15px;}.uagb-block-e6f939b3.wp-block-uagb-image--layout-overlay .wp-block-uagb-image--layout-overlay__inner .uagb-image-heading{font-style: normal;color: #fff;opacity: 1;}.uagb-block-e6f939b3.wp-block-uagb-image--layout-overlay .wp-block-uagb-image--layout-overlay__inner .uagb-image-heading a{color: #fff;}.uagb-block-e6f939b3.wp-block-uagb-image--layout-overlay .wp-block-uagb-image--layout-overlay__inner .uagb-image-caption{opacity: 0;}.uagb-block-e6f939b3.wp-block-uagb-image--layout-overlay .wp-block-uagb-image__figure:hover .wp-block-uagb-image--layout-overlay__color-wrapper{opacity: 1;}.uagb-block-e6f939b3.wp-block-uagb-image .wp-block-uagb-image--layout-overlay__inner .uagb-image-separator{width: 30%;border-top-width: 2px;border-top-color: #fff;opacity: 0;}.uagb-block-e6f939b3.wp-block-uagb-image .wp-block-uagb-image__figure img{width: px;height: auto;}.uagb-block-e6f939b3.wp-block-uagb-image .wp-block-uagb-image__figure:hover .wp-block-uagb-image--layout-overlay__inner .uagb-image-caption{opacity: 1;}.uagb-block-e6f939b3.wp-block-uagb-image .wp-block-uagb-image__figure:hover .wp-block-uagb-image--layout-overlay__inner .uagb-image-separator{opacity: 1;}.uagb-block-e6f939b3.wp-block-uagb-image--layout-default figure:hover img{box-shadow: 0px 0px 0 #00000070;}.uagb-block-e6f939b3.wp-block-uagb-image--layout-overlay figure:hover img{box-shadow: 0px 0px 0 #00000070;}@media only screen and (max-width: 976px) {.uagb-block-e6f939b3.wp-block-uagb-image .wp-block-uagb-image__figure img{width: px;height: auto;}}@media only screen and (max-width: 767px) {.uagb-block-e6f939b3.wp-block-uagb-image .wp-block-uagb-image__figure img{width: px;height: auto;}}\";s:2:\"js\";s:0:\"\";s:18:\"current_block_list\";a:13:{i:0;s:11:\"core\/search\";i:1;s:10:\"core\/group\";i:2;s:12:\"core\/heading\";i:3;s:17:\"core\/latest-posts\";i:4;s:20:\"core\/latest-comments\";i:5;s:13:\"core\/archives\";i:6;s:15:\"core\/categories\";i:7;s:14:\"core\/paragraph\";i:8;s:10:\"uagb\/image\";i:9;s:11:\"core\/spacer\";i:10;s:30:\"woocommerce\/product-categories\";i:11;s:10:\"core\/image\";i:12;s:14:\"core\/shortcode\";}s:8:\"uag_flag\";b:1;s:11:\"uag_version\";s:10:\"1777095126\";s:6:\"gfonts\";a:0:{}s:10:\"gfonts_url\";s:0:\"\";s:12:\"gfonts_files\";a:0:{}s:14:\"uag_faq_layout\";b:0;}"]},"uagb_featured_image_src":{"full":["https:\/\/www.ferberpainting.com\/wp-content\/uploads\/2025\/05\/BananaTreeFertilizer5L.png",2560,2560,false],"thumbnail":["https:\/\/www.ferberpainting.com\/wp-content\/uploads\/2025\/05\/BananaTreeFertilizer5L-150x150.png",150,150,true],"medium":["https:\/\/www.ferberpainting.com\/wp-content\/uploads\/2025\/05\/BananaTreeFertilizer5L-300x300.png",300,300,true],"medium_large":["https:\/\/www.ferberpainting.com\/wp-content\/uploads\/2025\/05\/BananaTreeFertilizer5L-768x768.png",768,768,true],"large":["https:\/\/www.ferberpainting.com\/wp-content\/uploads\/2025\/05\/BananaTreeFertilizer5L-1024x1024.png",1024,1024,true],"1536x1536":["https:\/\/www.ferberpainting.com\/wp-content\/uploads\/2025\/05\/BananaTreeFertilizer5L-1536x1536.png",1536,1536,true],"2048x2048":["https:\/\/www.ferberpainting.com\/wp-content\/uploads\/2025\/05\/BananaTreeFertilizer5L-2048x2048.png",2048,2048,true],"trp-custom-language-flag":["https:\/\/www.ferberpainting.com\/wp-content\/uploads\/2025\/05\/BananaTreeFertilizer5L-12x12.png",12,12,true],"woocommerce_thumbnail":["https:\/\/www.ferberpainting.com\/wp-content\/uploads\/2025\/05\/BananaTreeFertilizer5L-300x300.png",300,300,true],"woocommerce_single":["https:\/\/www.ferberpainting.com\/wp-content\/uploads\/2025\/05\/BananaTreeFertilizer5L-600x600.png",600,600,true],"woocommerce_gallery_thumbnail":["https:\/\/www.ferberpainting.com\/wp-content\/uploads\/2025\/05\/BananaTreeFertilizer5L-100x100.png",100,100,true]},"uagb_author_info":{"display_name":"admin","author_link":"https:\/\/www.ferberpainting.com\/hr\/author\/"},"uagb_comment_info":5,"uagb_excerpt":"A complete fertilizer for fast growth and abundant banana production. This banana fertilizer is specially formulated to meet the specific needs of this tropical plant, which is demanding in nutrients. Thanks to its NPK 15-15-15 composition, it offers a balanced supply of nitrogen (N) to stimulate rapid leaf growth, phosphorus (P) to promote strong rooting,&hellip;","_links":{"self":[{"href":"https:\/\/www.ferberpainting.com\/hr\/wp-json\/wp\/v2\/product\/23083","targetHints":{"allow":["GET"]}}],"collection":[{"href":"https:\/\/www.ferberpainting.com\/hr\/wp-json\/wp\/v2\/product"}],"about":[{"href":"https:\/\/www.ferberpainting.com\/hr\/wp-json\/wp\/v2\/types\/product"}],"replies":[{"embeddable":true,"href":"https:\/\/www.ferberpainting.com\/hr\/wp-json\/wp\/v2\/comments?post=23083"}],"version-history":[{"count":5,"href":"https:\/\/www.ferberpainting.com\/hr\/wp-json\/wp\/v2\/product\/23083\/revisions"}],"predecessor-version":[{"id":166033,"href":"https:\/\/www.ferberpainting.com\/hr\/wp-json\/wp\/v2\/product\/23083\/revisions\/166033"}],"wp:featuredmedia":[{"embeddable":true,"href":"https:\/\/www.ferberpainting.com\/hr\/wp-json\/wp\/v2\/media\/25305"}],"wp:attachment":[{"href":"https:\/\/www.ferberpainting.com\/hr\/wp-json\/wp\/v2\/media?parent=23083"}],"wp:term":[{"taxonomy":"product_brand","embeddable":true,"href":"https:\/\/www.ferberpainting.com\/hr\/wp-json\/wp\/v2\/product_brand?post=23083"},{"taxonomy":"product_cat","embeddable":true,"href":"https:\/\/www.ferberpainting.com\/hr\/wp-json\/wp\/v2\/product_cat?post=23083"},{"taxonomy":"product_tag","embeddable":true,"href":"https:\/\/www.ferberpainting.com\/hr\/wp-json\/wp\/v2\/product_tag?post=23083"}],"curies":[{"name":"radni list","href":"https:\/\/api.w.org\/{rel}","templated":true}]}}