{"id":24790,"date":"2025-05-26T10:27:15","date_gmt":"2025-05-26T08:27:15","guid":{"rendered":"https:\/\/www.ferberpainting.com\/products\/pool-leak-stopper\/"},"modified":"2026-02-16T07:28:44","modified_gmt":"2026-02-16T06:28:44","slug":"pool-leak-stopper","status":"publish","type":"product","link":"https:\/\/www.ferberpainting.com\/fr\/products\/pool-leak-stopper\/","title":{"rendered":"Anti-fuite piscine"},"content":{"rendered":"<p><strong><img decoding=\"async\" style=\"margin-right: 12px;\" src=\"https:\/\/www.ferberpainting.com\/wp-content\/uploads\/2026\/02\/Check.svg\" alt=\"\" width=\"18\" height=\"15\" \/>Scelle les fuites de piscine rapidement et efficacement de l'int\u00e9rieur.<\/strong> Notre obturateur de fuites pour piscines est sp\u00e9cialement con\u00e7u pour d\u00e9tecter et colmater les petites fuites et microfissures dans les piscines, sans qu'il soit n\u00e9cessaire de proc\u00e9der \u00e0 une vidange ou \u00e0 des r\u00e9parations invasives. Il agit directement dans l'eau, en circulant dans le syst\u00e8me de la piscine et en colmatant automatiquement les points de fuite.<\/p>\n<p><strong><img decoding=\"async\" style=\"margin-right: 12px;\" src=\"https:\/\/www.ferberpainting.com\/wp-content\/uploads\/2026\/02\/Check.svg\" alt=\"\" width=\"18\" height=\"15\" \/>La solution de colmatage des fuites de piscine la plus efficace du march\u00e9.<\/strong> Gr\u00e2ce \u00e0 sa technologie de scellement avanc\u00e9e, le produit cible les zones de fuite o\u00f9 l'eau s'\u00e9chappe, formant un scellement interne durable. Il offre des r\u00e9sultats fiables et durables pour les piscines en b\u00e9ton, en carrelage, en liner et en fibre de verre.<\/p>\n<p><strong><img decoding=\"async\" style=\"margin-right: 12px;\" src=\"https:\/\/www.ferberpainting.com\/wp-content\/uploads\/2026\/02\/Check.svg\" alt=\"\" width=\"18\" height=\"15\" \/>Prix imbattable.<\/strong> Les r\u00e9parations de piscine peuvent \u00eatre extr\u00eamement co\u00fbteuses et prendre beaucoup de temps. Notre obturateur de fuite de piscine offre une solution de qualit\u00e9 professionnelle au prix le plus comp\u00e9titif du march\u00e9, vous permettant d'\u00e9viter des interventions structurelles co\u00fbteuses.<\/p>\n<p><strong><img decoding=\"async\" style=\"margin-right: 12px;\" src=\"https:\/\/www.ferberpainting.com\/wp-content\/uploads\/2026\/02\/Check.svg\" alt=\"\" width=\"18\" height=\"15\" \/>Garantie de remboursement pour une confiance totale.<\/strong> Nous sommes convaincus de l'efficacit\u00e9 de notre syst\u00e8me d'obturation des fuites de piscine. Si vous n'\u00eates pas enti\u00e8rement satisfait des r\u00e9sultats, nous vous offrons une garantie de remboursement. Il vous suffit de nous contacter et nous vous rembourserons votre achat.<\/p>\n<p><strong><img decoding=\"async\" style=\"margin-right: 12px;\" src=\"https:\/\/www.ferberpainting.com\/wp-content\/uploads\/2026\/02\/Check.svg\" alt=\"\" width=\"18\" height=\"15\" \/>Livraison rapide en 24 heures pour les probl\u00e8mes de fuite urgents.<\/strong> Nous assurons toujours une livraison dans les 24 heures afin que vous puissiez rem\u00e9dier imm\u00e9diatement \u00e0 la perte d'eau et \u00e9viter d'autres dommages structurels ou des factures d'eau excessives.<\/p>\n<p><strong><img decoding=\"async\" style=\"margin-right: 12px;\" src=\"https:\/\/www.ferberpainting.com\/wp-content\/uploads\/2026\/02\/Check.svg\" alt=\"\" width=\"18\" height=\"15\" \/>Une bouteille traite jusqu'\u00e0 60 m\u00b3 d'eau.<\/strong> Un seul flacon est con\u00e7u pour traiter efficacement les piscines contenant jusqu'\u00e0 60 m\u00e8tres cubes d'eau. Ce dosage optimis\u00e9 garantit une efficacit\u00e9 maximale sans surdosage du syst\u00e8me de la piscine.<\/p>\n<p><strong><img decoding=\"async\" style=\"margin-right: 12px;\" src=\"https:\/\/www.ferberpainting.com\/wp-content\/uploads\/2026\/02\/Check.svg\" alt=\"\" width=\"18\" height=\"15\" \/>Il n'est pas n\u00e9cessaire de vidanger la piscine.<\/strong> Le produit agit directement dans l'eau de la piscine, ce qui permet d'\u00e9conomiser du temps, de la main-d'\u0153uvre et de l'eau. Il n'est pas n\u00e9cessaire de proc\u00e9der \u00e0 une d\u00e9molition lourde ou \u00e0 l'enl\u00e8vement de la surface.<\/p>\n<p><strong><img decoding=\"async\" style=\"margin-right: 12px;\" src=\"https:\/\/www.ferberpainting.com\/wp-content\/uploads\/2026\/02\/Check.svg\" alt=\"\" width=\"18\" height=\"15\" \/>Compatible avec la plupart des syst\u00e8mes de piscine.<\/strong> Convient aux piscines en b\u00e9ton, aux piscines carrel\u00e9es, aux liners, aux coques en fibre de verre et aux syst\u00e8mes de filtration compatibles. Il n'endommage pas les pompes, les filtres ou les \u00e9quipements de piscine lorsqu'il est utilis\u00e9 conform\u00e9ment aux instructions.<\/p>\n<p><strong><img decoding=\"async\" style=\"margin-right: 12px;\" src=\"https:\/\/www.ferberpainting.com\/wp-content\/uploads\/2026\/02\/Check.svg\" alt=\"\" width=\"18\" height=\"15\" \/>Performance d'\u00e9tanch\u00e9it\u00e9 de longue dur\u00e9e.<\/strong> Une fois la fuite colmat\u00e9e, le produit cr\u00e9e une barri\u00e8re stable et durable capable de r\u00e9sister \u00e0 la pression normale de l'eau et aux conditions d'utilisation de la piscine.<\/p>\n<p><strong><img decoding=\"async\" style=\"margin-right: 12px;\" src=\"https:\/\/www.ferberpainting.com\/wp-content\/uploads\/2026\/02\/Check.svg\" alt=\"\" width=\"18\" height=\"15\" \/>Application facile pour les propri\u00e9taires de piscines et les professionnels.<\/strong> La m\u00e9thode de dosage simple le rend accessible aux professionnels et aux propri\u00e9taires de piscines priv\u00e9es \u00e0 la recherche d'une solution rapide et efficace.<\/p>\n<h2><strong>Instructions<\/strong><\/h2>\n<ul>\n<li>Confirmer que la fuite est mineure et qu'elle peut \u00eatre colmat\u00e9e \u00e0 l'int\u00e9rieur. Le produit est destin\u00e9 aux petites fuites et aux microfissures, et non aux dommages structurels importants.<\/li>\n<li>Assurez-vous que le niveau de l'eau de la piscine est \u00e0 sa hauteur normale de fonctionnement avant le traitement.<\/li>\n<li>Agiter soigneusement le flacon avant utilisation pour r\u00e9partir uniform\u00e9ment les composants actifs de l'\u00e9tanch\u00e9it\u00e9.<\/li>\n<li>Dosage : utiliser un flacon complet pour les piscines contenant jusqu'\u00e0 60 m\u00b3 d'eau. Pour les piscines plus petites, ajuster proportionnellement (par exemple, un demi-bouteille pour 30 m\u00b3).<\/li>\n<li>Arr\u00eater le syst\u00e8me de filtration avant l'application.<\/li>\n<li>Verser lentement le produit dans l'eau de la piscine, en le r\u00e9partissant uniform\u00e9ment sur tout le p\u00e9rim\u00e8tre, en particulier pr\u00e8s des zones o\u00f9 l'on soup\u00e7onne des fuites.<\/li>\n<li>Laissez le produit se d\u00e9poser pendant plusieurs heures sans activer le syst\u00e8me de filtration. Id\u00e9alement, laissez l'eau tranquille pendant 6 \u00e0 12 heures pour permettre aux agents d'\u00e9tanch\u00e9it\u00e9 de localiser et de colmater les points de fuite.<\/li>\n<li>Apr\u00e8s la p\u00e9riode de repos, red\u00e9marrez le syst\u00e8me de filtration et laissez l'eau circuler normalement.<\/li>\n<li>Surveillez le niveau de l'eau au cours des 24 \u00e0 48 heures suivantes pour confirmer la stabilisation et le succ\u00e8s du scellement.<\/li>\n<li>Si n\u00e9cessaire, un deuxi\u00e8me traitement peut \u00eatre appliqu\u00e9 pour des fuites mineures persistantes, en respectant le dosage proportionnel.<\/li>\n<li>Le produit peut rester dans l'eau de la piscine et est compatible avec les syst\u00e8mes de traitement de l'eau standard lorsqu'il est utilis\u00e9 conform\u00e9ment au mode d'emploi.<\/li>\n<li>Conserver le r\u00e9cipient bien ferm\u00e9 dans un endroit frais et sec, \u00e0 l'abri de la lumi\u00e8re directe du soleil et des temp\u00e9ratures extr\u00eames.<\/li>\n<li>Tenir hors de port\u00e9e des enfants et \u00e9viter tout contact direct avec les yeux ou la peau lors de la manipulation.<\/li>\n<\/ul>","protected":false},"excerpt":{"rendered":"<p>Seals pool leaks quickly and efficiently from the inside. Our pool leak stopper is specially formulated to detect and seal small leaks and micro-cracks in swimming pools without the need for draining or invasive repairs. It works directly in the water, circulating through the pool system and sealing leak points automatically. The most effective pool [&hellip;]<\/p>\n","protected":false},"featured_media":26638,"comment_status":"open","ping_status":"closed","template":"","meta":{"_uag_custom_page_level_css":"","site-sidebar-layout":"default","site-content-layout":"","ast-site-content-layout":"default","site-content-style":"default","site-sidebar-style":"default","ast-global-header-display":"","ast-banner-title-visibility":"","ast-main-header-display":"","ast-hfb-above-header-display":"","ast-hfb-below-header-display":"","ast-hfb-mobile-header-display":"","site-post-title":"","ast-breadcrumbs-content":"","ast-featured-img":"","footer-sml-layout":"","ast-disable-related-posts":"","theme-transparent-header-meta":"default","adv-header-id-meta":"","stick-header-meta":"","header-above-stick-meta":"","header-main-stick-meta":"","header-below-stick-meta":"","astra-migrate-meta-layouts":"set","ast-page-background-enabled":"default","ast-page-background-meta":{"desktop":{"background-color":"var(--ast-global-color-4)","background-image":"","background-repeat":"repeat","background-position":"center center","background-size":"auto","background-attachment":"scroll","background-type":"","background-media":"","overlay-type":"","overlay-color":"","overlay-opacity":"","overlay-gradient":""},"tablet":{"background-color":"","background-image":"","background-repeat":"repeat","background-position":"center center","background-size":"auto","background-attachment":"scroll","background-type":"","background-media":"","overlay-type":"","overlay-color":"","overlay-opacity":"","overlay-gradient":""},"mobile":{"background-color":"","background-image":"","background-repeat":"repeat","background-position":"center center","background-size":"auto","background-attachment":"scroll","background-type":"","background-media":"","overlay-type":"","overlay-color":"","overlay-opacity":"","overlay-gradient":""}},"ast-content-background-meta":{"desktop":{"background-color":"var(--ast-global-color-5)","background-image":"","background-repeat":"repeat","background-position":"center center","background-size":"auto","background-attachment":"scroll","background-type":"","background-media":"","overlay-type":"","overlay-color":"","overlay-opacity":"","overlay-gradient":""},"tablet":{"background-color":"var(--ast-global-color-5)","background-image":"","background-repeat":"repeat","background-position":"center center","background-size":"auto","background-attachment":"scroll","background-type":"","background-media":"","overlay-type":"","overlay-color":"","overlay-opacity":"","overlay-gradient":""},"mobile":{"background-color":"var(--ast-global-color-5)","background-image":"","background-repeat":"repeat","background-position":"center center","background-size":"auto","background-attachment":"scroll","background-type":"","background-media":"","overlay-type":"","overlay-color":"","overlay-opacity":"","overlay-gradient":""}}},"product_brand":[],"product_cat":[181],"product_tag":[],"class_list":{"0":"post-24790","1":"product","2":"type-product","3":"status-publish","4":"has-post-thumbnail","6":"product_cat-leak-stopper","7":"desktop-align-left","8":"tablet-align-left","9":"mobile-align-left","11":"first","12":"instock","13":"taxable","14":"shipping-taxable","15":"purchasable","16":"product-type-simple"},"spectra_custom_meta":{"_visibility":["visible"],"_shopify_product_id":["7955511705845"],"_s2w_shopify_domain":["ferberpainting.myshopify.com"],"_shopify_variant_id":["43515608563957"],"_sku":["FPPOOLLEAKSTOPPER"],"_regular_price":["29.90"],"_price":["29.90"],"_sale_price":[""],"_weight":["0.45"],"_thumbnail_id":["26638"],"_global_unique_id":["5056773807235"],"total_sales":["186"],"_tax_status":["taxable"],"_tax_class":[""],"_manage_stock":["no"],"_backorders":["no"],"_sold_individually":["no"],"_virtual":["no"],"_downloadable":["no"],"_download_limit":["-1"],"_download_expiry":["-1"],"_stock":[null],"_stock_status":["instock"],"_wc_average_rating":["4.80"],"_wc_review_count":["49"],"_product_version":["10.5.1"],"merchant-center-availability":["yes"],"merchant-center-category":["3017"],"merchant-center-id":["POOLLS"],"wpse_downloadable_file_names":[""],"wpse_downloadable_file_urls":[""],"_edit_last":["1"],"_wc_rating_count":["a:3:{i:3;i:2;i:4;i:6;i:5;i:41;}"],"_edit_lock":["1775805781:7133"],"_wp_page_template":["default"],"site-sidebar-layout":["default"],"ast-site-content-layout":["default"],"site-content-style":["default"],"site-sidebar-style":["default"],"theme-transparent-header-meta":["default"],"astra-migrate-meta-layouts":["set"],"_uag_css_file_name":["uag-css-24790.css"],"_elementor_page_assets":["a:0:{}"],"_uag_page_assets":["a:9:{s:3:\"css\";s:7133:\".uag-blocks-common-selector{z-index:var(--z-index-desktop) !important}@media(max-width: 976px){.uag-blocks-common-selector{z-index:var(--z-index-tablet) !important}}@media(max-width: 767px){.uag-blocks-common-selector{z-index:var(--z-index-mobile) !important}}.wp-block-uagb-image{display:flex}.wp-block-uagb-image__figure{position:relative;display:flex;flex-direction:column;max-width:100%;height:auto;margin:0}.wp-block-uagb-image__figure img{height:auto;display:flex;max-width:100%;transition:box-shadow .2s ease}.wp-block-uagb-image__figure>a{display:inline-block}.wp-block-uagb-image__figure figcaption{text-align:center;margin-top:.5em;margin-bottom:1em}.wp-block-uagb-image .components-placeholder.block-editor-media-placeholder .components-placeholder__instructions{align-self:center}.wp-block-uagb-image--align-left{text-align:left}.wp-block-uagb-image--align-right{text-align:right}.wp-block-uagb-image--align-center{text-align:center}.wp-block-uagb-image--align-full .wp-block-uagb-image__figure{margin-left:calc(50% - 50vw);margin-right:calc(50% - 50vw);max-width:100vw;width:100vw;height:auto}.wp-block-uagb-image--align-full .wp-block-uagb-image__figure img{height:auto;width:100% !important}.wp-block-uagb-image--align-wide .wp-block-uagb-image__figure img{height:auto;width:100%}.wp-block-uagb-image--layout-overlay__color-wrapper{position:absolute;left:0;top:0;right:0;bottom:0;opacity:.2;background:rgba(0,0,0,.5);transition:opacity .35s ease-in-out}.wp-block-uagb-image--layout-overlay-link{position:absolute;left:0;right:0;bottom:0;top:0}.wp-block-uagb-image--layout-overlay .wp-block-uagb-image__figure:hover .wp-block-uagb-image--layout-overlay__color-wrapper{opacity:1}.wp-block-uagb-image--layout-overlay__inner{position:absolute;left:15px;right:15px;bottom:15px;top:15px;display:flex;align-items:center;justify-content:center;flex-direction:column;border-color:#fff;transition:.35s ease-in-out}.wp-block-uagb-image--layout-overlay__inner.top-left,.wp-block-uagb-image--layout-overlay__inner.top-center,.wp-block-uagb-image--layout-overlay__inner.top-right{justify-content:flex-start}.wp-block-uagb-image--layout-overlay__inner.bottom-left,.wp-block-uagb-image--layout-overlay__inner.bottom-center,.wp-block-uagb-image--layout-overlay__inner.bottom-right{justify-content:flex-end}.wp-block-uagb-image--layout-overlay__inner.top-left,.wp-block-uagb-image--layout-overlay__inner.center-left,.wp-block-uagb-image--layout-overlay__inner.bottom-left{align-items:flex-start}.wp-block-uagb-image--layout-overlay__inner.top-right,.wp-block-uagb-image--layout-overlay__inner.center-right,.wp-block-uagb-image--layout-overlay__inner.bottom-right{align-items:flex-end}.wp-block-uagb-image--layout-overlay__inner .uagb-image-heading{color:#fff;transition:transform .35s,opacity .35s ease-in-out;transform:translate3d(0, 24px, 0);margin:0;line-height:1em}.wp-block-uagb-image--layout-overlay__inner .uagb-image-separator{width:30%;border-top-width:2px;border-top-color:#fff;border-top-style:solid;margin-bottom:10px;opacity:0;transition:transform .4s,opacity .4s ease-in-out;transform:translate3d(0, 30px, 0)}.wp-block-uagb-image--layout-overlay__inner .uagb-image-caption{opacity:0;overflow:visible;color:#fff;transition:transform .45s,opacity .45s ease-in-out;transform:translate3d(0, 35px, 0)}.wp-block-uagb-image--layout-overlay__inner:hover .uagb-image-heading,.wp-block-uagb-image--layout-overlay__inner:hover .uagb-image-separator,.wp-block-uagb-image--layout-overlay__inner:hover .uagb-image-caption{opacity:1;transform:translate3d(0, 0, 0)}.wp-block-uagb-image--effect-zoomin .wp-block-uagb-image__figure img,.wp-block-uagb-image--effect-zoomin .wp-block-uagb-image__figure .wp-block-uagb-image--layout-overlay__color-wrapper{transform:scale(1);transition:transform .35s ease-in-out}.wp-block-uagb-image--effect-zoomin .wp-block-uagb-image__figure:hover img,.wp-block-uagb-image--effect-zoomin .wp-block-uagb-image__figure:hover .wp-block-uagb-image--layout-overlay__color-wrapper{transform:scale(1.05)}.wp-block-uagb-image--effect-slide .wp-block-uagb-image__figure img,.wp-block-uagb-image--effect-slide .wp-block-uagb-image__figure .wp-block-uagb-image--layout-overlay__color-wrapper{width:calc(100% + 40px) !important;max-width:none !important;transform:translate3d(-40px, 0, 0);transition:transform .35s ease-in-out}.wp-block-uagb-image--effect-slide .wp-block-uagb-image__figure:hover img,.wp-block-uagb-image--effect-slide .wp-block-uagb-image__figure:hover .wp-block-uagb-image--layout-overlay__color-wrapper{transform:translate3d(0, 0, 0)}.wp-block-uagb-image--effect-grayscale img{filter:grayscale(0%);transition:.35s ease-in-out}.wp-block-uagb-image--effect-grayscale:hover img{filter:grayscale(100%)}.wp-block-uagb-image--effect-blur img{filter:blur(0);transition:.35s ease-in-out}.wp-block-uagb-image--effect-blur:hover img{filter:blur(3px)}.uagb-block-e6f939b3.wp-block-uagb-image--layout-default figure img{box-shadow: 0px 0px 0 #00000070;}.uagb-block-e6f939b3.wp-block-uagb-image .wp-block-uagb-image__figure figcaption{font-style: normal;align-self: center;}.uagb-block-e6f939b3.wp-block-uagb-image--layout-overlay figure img{box-shadow: 0px 0px 0 #00000070;}.uagb-block-e6f939b3.wp-block-uagb-image--layout-overlay .wp-block-uagb-image--layout-overlay__color-wrapper{opacity: 0.2;}.uagb-block-e6f939b3.wp-block-uagb-image--layout-overlay .wp-block-uagb-image--layout-overlay__inner{left: 15px;right: 15px;top: 15px;bottom: 15px;}.uagb-block-e6f939b3.wp-block-uagb-image--layout-overlay .wp-block-uagb-image--layout-overlay__inner .uagb-image-heading{font-style: normal;color: #fff;opacity: 1;}.uagb-block-e6f939b3.wp-block-uagb-image--layout-overlay .wp-block-uagb-image--layout-overlay__inner .uagb-image-heading a{color: #fff;}.uagb-block-e6f939b3.wp-block-uagb-image--layout-overlay .wp-block-uagb-image--layout-overlay__inner .uagb-image-caption{opacity: 0;}.uagb-block-e6f939b3.wp-block-uagb-image--layout-overlay .wp-block-uagb-image__figure:hover .wp-block-uagb-image--layout-overlay__color-wrapper{opacity: 1;}.uagb-block-e6f939b3.wp-block-uagb-image .wp-block-uagb-image--layout-overlay__inner .uagb-image-separator{width: 30%;border-top-width: 2px;border-top-color: #fff;opacity: 0;}.uagb-block-e6f939b3.wp-block-uagb-image .wp-block-uagb-image__figure img{width: px;height: auto;}.uagb-block-e6f939b3.wp-block-uagb-image .wp-block-uagb-image__figure:hover .wp-block-uagb-image--layout-overlay__inner .uagb-image-caption{opacity: 1;}.uagb-block-e6f939b3.wp-block-uagb-image .wp-block-uagb-image__figure:hover .wp-block-uagb-image--layout-overlay__inner .uagb-image-separator{opacity: 1;}.uagb-block-e6f939b3.wp-block-uagb-image--layout-default figure:hover img{box-shadow: 0px 0px 0 #00000070;}.uagb-block-e6f939b3.wp-block-uagb-image--layout-overlay figure:hover img{box-shadow: 0px 0px 0 #00000070;}@media only screen and (max-width: 976px) {.uagb-block-e6f939b3.wp-block-uagb-image .wp-block-uagb-image__figure img{width: px;height: auto;}}@media only screen and (max-width: 767px) {.uagb-block-e6f939b3.wp-block-uagb-image .wp-block-uagb-image__figure img{width: px;height: auto;}}\";s:2:\"js\";s:0:\"\";s:18:\"current_block_list\";a:13:{i:0;s:11:\"core\/search\";i:1;s:10:\"core\/group\";i:2;s:12:\"core\/heading\";i:3;s:17:\"core\/latest-posts\";i:4;s:20:\"core\/latest-comments\";i:5;s:13:\"core\/archives\";i:6;s:15:\"core\/categories\";i:7;s:14:\"core\/paragraph\";i:8;s:10:\"uagb\/image\";i:9;s:11:\"core\/spacer\";i:10;s:30:\"woocommerce\/product-categories\";i:11;s:10:\"core\/image\";i:12;s:14:\"core\/shortcode\";}s:8:\"uag_flag\";b:1;s:11:\"uag_version\";s:10:\"1777197478\";s:6:\"gfonts\";a:0:{}s:10:\"gfonts_url\";s:0:\"\";s:12:\"gfonts_files\";a:0:{}s:14:\"uag_faq_layout\";b:0;}"]},"uagb_featured_image_src":{"full":["https:\/\/www.ferberpainting.com\/wp-content\/uploads\/2025\/05\/38PoolLeakStopper_4000x4000_5b62e7bb-ee9b-4f7f-8b35-f13f1052d0de.png",2560,2560,false],"thumbnail":["https:\/\/www.ferberpainting.com\/wp-content\/uploads\/2025\/05\/38PoolLeakStopper_4000x4000_5b62e7bb-ee9b-4f7f-8b35-f13f1052d0de-150x150.png",150,150,true],"medium":["https:\/\/www.ferberpainting.com\/wp-content\/uploads\/2025\/05\/38PoolLeakStopper_4000x4000_5b62e7bb-ee9b-4f7f-8b35-f13f1052d0de-300x300.png",300,300,true],"medium_large":["https:\/\/www.ferberpainting.com\/wp-content\/uploads\/2025\/05\/38PoolLeakStopper_4000x4000_5b62e7bb-ee9b-4f7f-8b35-f13f1052d0de-768x768.png",768,768,true],"large":["https:\/\/www.ferberpainting.com\/wp-content\/uploads\/2025\/05\/38PoolLeakStopper_4000x4000_5b62e7bb-ee9b-4f7f-8b35-f13f1052d0de-1024x1024.png",1024,1024,true],"1536x1536":["https:\/\/www.ferberpainting.com\/wp-content\/uploads\/2025\/05\/38PoolLeakStopper_4000x4000_5b62e7bb-ee9b-4f7f-8b35-f13f1052d0de-1536x1536.png",1536,1536,true],"2048x2048":["https:\/\/www.ferberpainting.com\/wp-content\/uploads\/2025\/05\/38PoolLeakStopper_4000x4000_5b62e7bb-ee9b-4f7f-8b35-f13f1052d0de-2048x2048.png",2048,2048,true],"trp-custom-language-flag":["https:\/\/www.ferberpainting.com\/wp-content\/uploads\/2025\/05\/38PoolLeakStopper_4000x4000_5b62e7bb-ee9b-4f7f-8b35-f13f1052d0de-12x12.png",12,12,true],"woocommerce_thumbnail":["https:\/\/www.ferberpainting.com\/wp-content\/uploads\/2025\/05\/38PoolLeakStopper_4000x4000_5b62e7bb-ee9b-4f7f-8b35-f13f1052d0de-300x300.png",300,300,true],"woocommerce_single":["https:\/\/www.ferberpainting.com\/wp-content\/uploads\/2025\/05\/38PoolLeakStopper_4000x4000_5b62e7bb-ee9b-4f7f-8b35-f13f1052d0de-600x600.png",600,600,true],"woocommerce_gallery_thumbnail":["https:\/\/www.ferberpainting.com\/wp-content\/uploads\/2025\/05\/38PoolLeakStopper_4000x4000_5b62e7bb-ee9b-4f7f-8b35-f13f1052d0de-100x100.png",100,100,true]},"uagb_author_info":{"display_name":"admin","author_link":"https:\/\/www.ferberpainting.com\/fr\/author\/"},"uagb_comment_info":49,"uagb_excerpt":"Seals pool leaks quickly and efficiently from the inside. Our pool leak stopper is specially formulated to detect and seal small leaks and micro-cracks in swimming pools without the need for draining or invasive repairs. It works directly in the water, circulating through the pool system and sealing leak points automatically. The most effective pool\u2026","_links":{"self":[{"href":"https:\/\/www.ferberpainting.com\/fr\/wp-json\/wp\/v2\/product\/24790","targetHints":{"allow":["GET"]}}],"collection":[{"href":"https:\/\/www.ferberpainting.com\/fr\/wp-json\/wp\/v2\/product"}],"about":[{"href":"https:\/\/www.ferberpainting.com\/fr\/wp-json\/wp\/v2\/types\/product"}],"replies":[{"embeddable":true,"href":"https:\/\/www.ferberpainting.com\/fr\/wp-json\/wp\/v2\/comments?post=24790"}],"version-history":[{"count":3,"href":"https:\/\/www.ferberpainting.com\/fr\/wp-json\/wp\/v2\/product\/24790\/revisions"}],"predecessor-version":[{"id":166987,"href":"https:\/\/www.ferberpainting.com\/fr\/wp-json\/wp\/v2\/product\/24790\/revisions\/166987"}],"wp:featuredmedia":[{"embeddable":true,"href":"https:\/\/www.ferberpainting.com\/fr\/wp-json\/wp\/v2\/media\/26638"}],"wp:attachment":[{"href":"https:\/\/www.ferberpainting.com\/fr\/wp-json\/wp\/v2\/media?parent=24790"}],"wp:term":[{"taxonomy":"product_brand","embeddable":true,"href":"https:\/\/www.ferberpainting.com\/fr\/wp-json\/wp\/v2\/product_brand?post=24790"},{"taxonomy":"product_cat","embeddable":true,"href":"https:\/\/www.ferberpainting.com\/fr\/wp-json\/wp\/v2\/product_cat?post=24790"},{"taxonomy":"product_tag","embeddable":true,"href":"https:\/\/www.ferberpainting.com\/fr\/wp-json\/wp\/v2\/product_tag?post=24790"}],"curies":[{"name":"wp","href":"https:\/\/api.w.org\/{rel}","templated":true}]}}