{"id":23799,"date":"2025-05-26T10:25:33","date_gmt":"2025-05-26T08:25:33","guid":{"rendered":"https:\/\/www.ferberpainting.com\/products\/live-bacteria-for-septic-tank\/"},"modified":"2026-02-15T20:46:52","modified_gmt":"2026-02-15T19:46:52","slug":"live-bacteria-for-septic-tank","status":"publish","type":"product","link":"https:\/\/www.ferberpainting.com\/fr\/products\/live-bacteria-for-septic-tank\/","title":{"rendered":"Bact\u00e9ries vivantes pour fosse septique"},"content":{"rendered":"<p><strong><img decoding=\"async\" style=\"margin-right: 12px;\" src=\"https:\/\/www.ferberpainting.com\/wp-content\/uploads\/2026\/02\/Check.svg\" alt=\"\" width=\"18\" height=\"15\" \/>R\u00e9tablir et maintenir une performance optimale de la fosse septique de fa\u00e7on naturelle.<\/strong> Nos bact\u00e9ries vivantes pour le traitement des fosses septiques sont sp\u00e9cialement formul\u00e9es pour soutenir et am\u00e9liorer les processus biologiques naturels \u00e0 l'int\u00e9rieur de votre fosse septique. En introduisant des micro-organismes actifs et b\u00e9n\u00e9fiques, il aide \u00e0 d\u00e9composer efficacement les d\u00e9chets organiques et \u00e0 assurer le bon fonctionnement de votre fosse septique tout au long de l'ann\u00e9e.<\/p>\n<p><strong><img decoding=\"async\" style=\"margin-right: 12px;\" src=\"https:\/\/www.ferberpainting.com\/wp-content\/uploads\/2026\/02\/Check.svg\" alt=\"\" width=\"18\" height=\"15\" \/>Contient environ 100 000 bact\u00e9ries vivantes par gramme pour une action biologique puissante.<\/strong> Chaque gramme de cette formule avanc\u00e9e contient environ 100 000 bact\u00e9ries actives, soigneusement s\u00e9lectionn\u00e9es pour leur capacit\u00e9 \u00e0 dig\u00e9rer les mati\u00e8res organiques. Ces micro-organismes se multiplient \u00e0 l'int\u00e9rieur de la fosse septique, acc\u00e9l\u00e9rant la d\u00e9composition des d\u00e9chets et am\u00e9liorant l'\u00e9quilibre g\u00e9n\u00e9ral du syst\u00e8me.<\/p>\n<p><strong><img decoding=\"async\" style=\"margin-right: 12px;\" src=\"https:\/\/www.ferberpainting.com\/wp-content\/uploads\/2026\/02\/Check.svg\" alt=\"\" width=\"18\" height=\"15\" \/>Le traitement biologique des fosses septiques le plus efficace du march\u00e9.<\/strong> Con\u00e7u avec des cultures bact\u00e9riennes vivantes de haute qualit\u00e9, ce produit agit en profondeur dans le r\u00e9servoir pour d\u00e9grader les graisses, les huiles, la graisse, le papier et d'autres mati\u00e8res organiques. Il am\u00e9liore les processus naturels de digestion bien plus efficacement que les simples additifs chimiques, qui peuvent perturber l'\u00e9quilibre bact\u00e9rien.<\/p>\n<p><strong><img decoding=\"async\" style=\"margin-right: 12px;\" src=\"https:\/\/www.ferberpainting.com\/wp-content\/uploads\/2026\/02\/Check.svg\" alt=\"\" width=\"18\" height=\"15\" \/>Garantie de remboursement pour une totale tranquillit\u00e9 d'esprit.<\/strong> Nous sommes enti\u00e8rement convaincus de la performance et de la fiabilit\u00e9 de notre traitement septique \u00e0 base de bact\u00e9ries vivantes. Si vous n'\u00eates pas enti\u00e8rement satisfait des r\u00e9sultats, nous vous rembourserons votre achat. Notre garantie de remboursement assure que votre investissement est enti\u00e8rement sans risque et refl\u00e8te notre engagement \u00e0 fournir des solutions d'entretien de qualit\u00e9 professionnelle.<\/p>\n<p><strong><img decoding=\"async\" style=\"margin-right: 12px;\" src=\"https:\/\/www.ferberpainting.com\/wp-content\/uploads\/2026\/02\/Check.svg\" alt=\"\" width=\"18\" height=\"15\" \/>Le traitement des bact\u00e9ries septiques le moins cher et le plus performant du march\u00e9.<\/strong> Un entretien efficace de la fosse septique ne n\u00e9cessite pas de visites d'entretien co\u00fbteuses ni d'interventions de pompage on\u00e9reuses. Notre traitement biologique offre des performances de premier ordre au prix le plus comp\u00e9titif du march\u00e9, ce qui repr\u00e9sente une valeur exceptionnelle \u00e0 long terme pour les propri\u00e9taires.<\/p>\n<p><strong><img decoding=\"async\" style=\"margin-right: 12px;\" src=\"https:\/\/www.ferberpainting.com\/wp-content\/uploads\/2026\/02\/Check.svg\" alt=\"\" width=\"18\" height=\"15\" \/>Une seule bouteille par an pour un entretien facile.<\/strong> Con\u00e7u pour \u00eatre simple et efficace, un seul flacon par an suffit pour les fosses septiques domestiques standard. Ce traitement annuel apporte un soutien continu \u00e0 l'\u00e9cosyst\u00e8me microbien \u00e0 l'int\u00e9rieur de la fosse, ce qui rend l'entretien simple et pratique.<\/p>\n<p><strong><img decoding=\"async\" style=\"margin-right: 12px;\" src=\"https:\/\/www.ferberpainting.com\/wp-content\/uploads\/2026\/02\/Check.svg\" alt=\"\" width=\"18\" height=\"15\" \/>R\u00e9duit les odeurs et les mauvaises odeurs.<\/strong> En acc\u00e9l\u00e9rant la d\u00e9composition des d\u00e9chets organiques, les bact\u00e9ries vivantes contribuent \u00e0 r\u00e9duire la production de gaz malodorants. Une utilisation r\u00e9guli\u00e8re contribue \u00e0 un environnement plus frais et plus hygi\u00e9nique autour des installations septiques.<\/p>\n<p><strong><img decoding=\"async\" style=\"margin-right: 12px;\" src=\"https:\/\/www.ferberpainting.com\/wp-content\/uploads\/2026\/02\/Check.svg\" alt=\"\" width=\"18\" height=\"15\" \/>Aide \u00e0 pr\u00e9venir les blocages et l'accumulation de boues.<\/strong> Les cultures bact\u00e9riennes actives dig\u00e8rent les d\u00e9chets solides et r\u00e9duisent l'accumulation de boues, ce qui contribue \u00e0 maintenir un d\u00e9bit ad\u00e9quat et \u00e0 pr\u00e9venir les obstructions ou les refoulements co\u00fbteux dans les canalisations et les champs d'\u00e9puration.<\/p>\n<p><strong><img decoding=\"async\" style=\"margin-right: 12px;\" src=\"https:\/\/www.ferberpainting.com\/wp-content\/uploads\/2026\/02\/Check.svg\" alt=\"\" width=\"18\" height=\"15\" \/>Favorise un traitement des d\u00e9chets respectueux de l'environnement.<\/strong> Cette solution biologique fonctionne en harmonie avec les processus naturels, en \u00e9vitant les produits chimiques agressifs qui peuvent nuire aux bact\u00e9ries b\u00e9n\u00e9fiques ou contaminer les eaux souterraines. Elle favorise une approche durable et \u00e9cologique de l'entretien des fosses septiques.<\/p>\n<p><strong><img decoding=\"async\" style=\"margin-right: 12px;\" src=\"https:\/\/www.ferberpainting.com\/wp-content\/uploads\/2026\/02\/Check.svg\" alt=\"\" width=\"18\" height=\"15\" \/>Convient aux fosses septiques r\u00e9sidentielles et aux petits syst\u00e8mes d'assainissement.<\/strong> Ce produit est id\u00e9al pour les maisons utilisant des fosses septiques, des fosses d'aisance et de petits syst\u00e8mes ind\u00e9pendants de traitement des eaux us\u00e9es. Il s'adapte \u00e0 diff\u00e9rentes tailles de fosses dans des conditions normales d'utilisation domestique.<\/p>\n<h2><strong>Instructions<\/strong><\/h2>\n<ul>\n<li>Bien agiter le flacon avant utilisation pour assurer une distribution uniforme des cultures bact\u00e9riennes.<\/li>\n<li>Pour les fosses septiques r\u00e9sidentielles standard, utiliser une bouteille pleine par an dans le cadre de l'entretien de routine.<\/li>\n<li>Versez le contenu directement dans les toilettes et tirez la chasse d'eau pour permettre aux bact\u00e9ries de p\u00e9n\u00e9trer dans la fosse septique.<\/li>\n<li>Le produit peut \u00e9galement \u00eatre dilu\u00e9 dans de l'eau et vers\u00e9 dans un \u00e9vier ou un drain reli\u00e9 \u00e0 la fosse septique.<\/li>\n<li>Appliquez le traitement lorsque le syst\u00e8me fonctionne normalement et \u00e9vitez d'utiliser de grandes quantit\u00e9s de nettoyants chimiques imm\u00e9diatement apr\u00e8s.<\/li>\n<li>Pour de meilleurs r\u00e9sultats, introduisez les bact\u00e9ries pendant une p\u00e9riode d'utilisation domestique r\u00e9guli\u00e8re afin de favoriser leur distribution dans l'ensemble de l'aquarium.<\/li>\n<li>\u00c9vitez de combiner ces produits avec des produits chimiques antibact\u00e9riens agressifs ou avec une quantit\u00e9 excessive d'eau de Javel, car ils peuvent r\u00e9duire l'activit\u00e9 bact\u00e9rienne.<\/li>\n<li>En cas d'utilisation intensive ou de r\u00e9servoirs plus grands, consultez un professionnel pour d\u00e9terminer si un dosage suppl\u00e9mentaire est n\u00e9cessaire.<\/li>\n<li>Poursuivre les inspections de routine des fosses septiques et les programmes de pompage conform\u00e9ment aux r\u00e9glementations locales.<\/li>\n<li>Conserver le produit dans un endroit frais et sec, \u00e0 l'abri de la lumi\u00e8re directe du soleil, afin de pr\u00e9server la viabilit\u00e9 des bact\u00e9ries.<\/li>\n<\/ul>\n<p>L'utilisation r\u00e9guli\u00e8re de ce traitement de fosse septique \u00e0 base de bact\u00e9ries vivantes permet de maintenir un environnement microbien \u00e9quilibr\u00e9 dans votre syst\u00e8me d'assainissement. En fournissant environ 100 000 bact\u00e9ries par gramme, le produit renforce les processus naturels de d\u00e9composition, r\u00e9duit l'accumulation de boues, minimise les odeurs et favorise l'efficacit\u00e9 \u00e0 long terme de la fosse septique. Son application simple, une fois par an, facilite l'entretien tout en offrant des performances fiables et respectueuses de l'environnement.<\/p>","protected":false},"excerpt":{"rendered":"<p>Restore and maintain optimal septic tank performance naturally. Our live bacteria for septic tank treatment is specially formulated to support and enhance the natural biological processes inside your septic system. By introducing active, beneficial microorganisms, it helps break down organic waste efficiently and keeps your septic tank functioning smoothly throughout the year. Contains approximately 100,000 [&hellip;]<\/p>\n","protected":false},"featured_media":26257,"comment_status":"open","ping_status":"closed","template":"","meta":{"_uag_custom_page_level_css":"","site-sidebar-layout":"default","site-content-layout":"","ast-site-content-layout":"default","site-content-style":"default","site-sidebar-style":"default","ast-global-header-display":"","ast-banner-title-visibility":"","ast-main-header-display":"","ast-hfb-above-header-display":"","ast-hfb-below-header-display":"","ast-hfb-mobile-header-display":"","site-post-title":"","ast-breadcrumbs-content":"","ast-featured-img":"","footer-sml-layout":"","ast-disable-related-posts":"","theme-transparent-header-meta":"default","adv-header-id-meta":"","stick-header-meta":"","header-above-stick-meta":"","header-main-stick-meta":"","header-below-stick-meta":"","astra-migrate-meta-layouts":"set","ast-page-background-enabled":"default","ast-page-background-meta":{"desktop":{"background-color":"var(--ast-global-color-4)","background-image":"","background-repeat":"repeat","background-position":"center center","background-size":"auto","background-attachment":"scroll","background-type":"","background-media":"","overlay-type":"","overlay-color":"","overlay-opacity":"","overlay-gradient":""},"tablet":{"background-color":"","background-image":"","background-repeat":"repeat","background-position":"center center","background-size":"auto","background-attachment":"scroll","background-type":"","background-media":"","overlay-type":"","overlay-color":"","overlay-opacity":"","overlay-gradient":""},"mobile":{"background-color":"","background-image":"","background-repeat":"repeat","background-position":"center center","background-size":"auto","background-attachment":"scroll","background-type":"","background-media":"","overlay-type":"","overlay-color":"","overlay-opacity":"","overlay-gradient":""}},"ast-content-background-meta":{"desktop":{"background-color":"var(--ast-global-color-5)","background-image":"","background-repeat":"repeat","background-position":"center center","background-size":"auto","background-attachment":"scroll","background-type":"","background-media":"","overlay-type":"","overlay-color":"","overlay-opacity":"","overlay-gradient":""},"tablet":{"background-color":"var(--ast-global-color-5)","background-image":"","background-repeat":"repeat","background-position":"center center","background-size":"auto","background-attachment":"scroll","background-type":"","background-media":"","overlay-type":"","overlay-color":"","overlay-opacity":"","overlay-gradient":""},"mobile":{"background-color":"var(--ast-global-color-5)","background-image":"","background-repeat":"repeat","background-position":"center center","background-size":"auto","background-attachment":"scroll","background-type":"","background-media":"","overlay-type":"","overlay-color":"","overlay-opacity":"","overlay-gradient":""}}},"product_brand":[],"product_cat":[175],"product_tag":[],"class_list":{"0":"post-23799","1":"product","2":"type-product","3":"status-publish","4":"has-post-thumbnail","6":"product_cat-cleaning-products","7":"desktop-align-left","8":"tablet-align-left","9":"mobile-align-left","11":"first","12":"instock","13":"shipping-taxable","14":"purchasable","15":"product-type-simple"},"spectra_custom_meta":{"_visibility":["visible"],"_shopify_product_id":["7954850152693"],"_s2w_shopify_domain":["ferberpainting.myshopify.com"],"_shopify_variant_id":["43513609322741"],"_sku":["FPBACTERIASEPTICTANK"],"_regular_price":["29.90"],"_price":["29.90"],"_sale_price":[""],"_weight":["1.3"],"_thumbnail_id":["26257"],"_global_unique_id":["5056773801592"],"total_sales":["243"],"_tax_status":["taxable"],"_tax_class":[""],"_manage_stock":["no"],"_backorders":["no"],"_sold_individually":["no"],"_virtual":["no"],"_downloadable":["no"],"_download_limit":["-1"],"_download_expiry":["-1"],"_stock":[null],"_stock_status":["instock"],"_wc_average_rating":["4.91"],"_wc_review_count":["70"],"_product_version":["10.5.1"],"_wc_rating_count":["a:2:{i:4;i:6;i:5;i:64;}"],"_edit_lock":["1771184694:1"],"merchant-center-availability":["yes"],"merchant-center-id":["LBFST"],"merchant-center-category":["7470"],"_edit_last":["1"],"_wp_page_template":["default"],"site-sidebar-layout":["default"],"ast-site-content-layout":["default"],"site-content-style":["default"],"site-sidebar-style":["default"],"theme-transparent-header-meta":["default"],"astra-migrate-meta-layouts":["set"],"_uag_css_file_name":["uag-css-23799.css"],"_elementor_page_assets":["a:0:{}"],"_uag_page_assets":["a:9:{s:3:\"css\";s:6873:\".wp-block-uagb-image{display:flex}.wp-block-uagb-image__figure{position:relative;display:flex;flex-direction:column;max-width:100%;height:auto;margin:0}.wp-block-uagb-image__figure img{height:auto;display:flex;max-width:100%;transition:box-shadow .2s ease}.wp-block-uagb-image__figure>a{display:inline-block}.wp-block-uagb-image__figure figcaption{text-align:center;margin-top:.5em;margin-bottom:1em}.wp-block-uagb-image .components-placeholder.block-editor-media-placeholder .components-placeholder__instructions{align-self:center}.wp-block-uagb-image--align-left{text-align:left}.wp-block-uagb-image--align-right{text-align:right}.wp-block-uagb-image--align-center{text-align:center}.wp-block-uagb-image--align-full .wp-block-uagb-image__figure{margin-left:calc(50% - 50vw);margin-right:calc(50% - 50vw);max-width:100vw;width:100vw;height:auto}.wp-block-uagb-image--align-full .wp-block-uagb-image__figure img{height:auto;width:100% !important}.wp-block-uagb-image--align-wide .wp-block-uagb-image__figure img{height:auto;width:100%}.wp-block-uagb-image--layout-overlay__color-wrapper{position:absolute;left:0;top:0;right:0;bottom:0;opacity:.2;background:rgba(0,0,0,.5);transition:opacity .35s ease-in-out}.wp-block-uagb-image--layout-overlay-link{position:absolute;left:0;right:0;bottom:0;top:0}.wp-block-uagb-image--layout-overlay .wp-block-uagb-image__figure:hover .wp-block-uagb-image--layout-overlay__color-wrapper{opacity:1}.wp-block-uagb-image--layout-overlay__inner{position:absolute;left:15px;right:15px;bottom:15px;top:15px;display:flex;align-items:center;justify-content:center;flex-direction:column;border-color:#fff;transition:.35s ease-in-out}.wp-block-uagb-image--layout-overlay__inner.top-left,.wp-block-uagb-image--layout-overlay__inner.top-center,.wp-block-uagb-image--layout-overlay__inner.top-right{justify-content:flex-start}.wp-block-uagb-image--layout-overlay__inner.bottom-left,.wp-block-uagb-image--layout-overlay__inner.bottom-center,.wp-block-uagb-image--layout-overlay__inner.bottom-right{justify-content:flex-end}.wp-block-uagb-image--layout-overlay__inner.top-left,.wp-block-uagb-image--layout-overlay__inner.center-left,.wp-block-uagb-image--layout-overlay__inner.bottom-left{align-items:flex-start}.wp-block-uagb-image--layout-overlay__inner.top-right,.wp-block-uagb-image--layout-overlay__inner.center-right,.wp-block-uagb-image--layout-overlay__inner.bottom-right{align-items:flex-end}.wp-block-uagb-image--layout-overlay__inner .uagb-image-heading{color:#fff;transition:transform .35s,opacity .35s ease-in-out;transform:translate3d(0, 24px, 0);margin:0;line-height:1em}.wp-block-uagb-image--layout-overlay__inner .uagb-image-separator{width:30%;border-top-width:2px;border-top-color:#fff;border-top-style:solid;margin-bottom:10px;opacity:0;transition:transform .4s,opacity .4s ease-in-out;transform:translate3d(0, 30px, 0)}.wp-block-uagb-image--layout-overlay__inner .uagb-image-caption{opacity:0;overflow:visible;color:#fff;transition:transform .45s,opacity .45s ease-in-out;transform:translate3d(0, 35px, 0)}.wp-block-uagb-image--layout-overlay__inner:hover .uagb-image-heading,.wp-block-uagb-image--layout-overlay__inner:hover .uagb-image-separator,.wp-block-uagb-image--layout-overlay__inner:hover .uagb-image-caption{opacity:1;transform:translate3d(0, 0, 0)}.wp-block-uagb-image--effect-zoomin .wp-block-uagb-image__figure img,.wp-block-uagb-image--effect-zoomin .wp-block-uagb-image__figure .wp-block-uagb-image--layout-overlay__color-wrapper{transform:scale(1);transition:transform .35s ease-in-out}.wp-block-uagb-image--effect-zoomin .wp-block-uagb-image__figure:hover img,.wp-block-uagb-image--effect-zoomin .wp-block-uagb-image__figure:hover .wp-block-uagb-image--layout-overlay__color-wrapper{transform:scale(1.05)}.wp-block-uagb-image--effect-slide .wp-block-uagb-image__figure img,.wp-block-uagb-image--effect-slide .wp-block-uagb-image__figure .wp-block-uagb-image--layout-overlay__color-wrapper{width:calc(100% + 40px) !important;max-width:none !important;transform:translate3d(-40px, 0, 0);transition:transform .35s ease-in-out}.wp-block-uagb-image--effect-slide .wp-block-uagb-image__figure:hover img,.wp-block-uagb-image--effect-slide .wp-block-uagb-image__figure:hover .wp-block-uagb-image--layout-overlay__color-wrapper{transform:translate3d(0, 0, 0)}.wp-block-uagb-image--effect-grayscale img{filter:grayscale(0%);transition:.35s ease-in-out}.wp-block-uagb-image--effect-grayscale:hover img{filter:grayscale(100%)}.wp-block-uagb-image--effect-blur img{filter:blur(0);transition:.35s ease-in-out}.wp-block-uagb-image--effect-blur:hover img{filter:blur(3px)}.uagb-block-e6f939b3.wp-block-uagb-image--layout-default figure img{box-shadow: 0px 0px 0 #00000070;}.uagb-block-e6f939b3.wp-block-uagb-image .wp-block-uagb-image__figure figcaption{font-style: normal;align-self: center;}.uagb-block-e6f939b3.wp-block-uagb-image--layout-overlay figure img{box-shadow: 0px 0px 0 #00000070;}.uagb-block-e6f939b3.wp-block-uagb-image--layout-overlay .wp-block-uagb-image--layout-overlay__color-wrapper{opacity: 0.2;}.uagb-block-e6f939b3.wp-block-uagb-image--layout-overlay .wp-block-uagb-image--layout-overlay__inner{left: 15px;right: 15px;top: 15px;bottom: 15px;}.uagb-block-e6f939b3.wp-block-uagb-image--layout-overlay .wp-block-uagb-image--layout-overlay__inner .uagb-image-heading{font-style: normal;color: #fff;opacity: 1;}.uagb-block-e6f939b3.wp-block-uagb-image--layout-overlay .wp-block-uagb-image--layout-overlay__inner .uagb-image-heading a{color: #fff;}.uagb-block-e6f939b3.wp-block-uagb-image--layout-overlay .wp-block-uagb-image--layout-overlay__inner .uagb-image-caption{opacity: 0;}.uagb-block-e6f939b3.wp-block-uagb-image--layout-overlay .wp-block-uagb-image__figure:hover .wp-block-uagb-image--layout-overlay__color-wrapper{opacity: 1;}.uagb-block-e6f939b3.wp-block-uagb-image .wp-block-uagb-image--layout-overlay__inner .uagb-image-separator{width: 30%;border-top-width: 2px;border-top-color: #fff;opacity: 0;}.uagb-block-e6f939b3.wp-block-uagb-image .wp-block-uagb-image__figure img{width: px;height: auto;}.uagb-block-e6f939b3.wp-block-uagb-image .wp-block-uagb-image__figure:hover .wp-block-uagb-image--layout-overlay__inner .uagb-image-caption{opacity: 1;}.uagb-block-e6f939b3.wp-block-uagb-image .wp-block-uagb-image__figure:hover .wp-block-uagb-image--layout-overlay__inner .uagb-image-separator{opacity: 1;}.uagb-block-e6f939b3.wp-block-uagb-image--layout-default figure:hover img{box-shadow: 0px 0px 0 #00000070;}.uagb-block-e6f939b3.wp-block-uagb-image--layout-overlay figure:hover img{box-shadow: 0px 0px 0 #00000070;}@media only screen and (max-width: 976px) {.uagb-block-e6f939b3.wp-block-uagb-image .wp-block-uagb-image__figure img{width: px;height: auto;}}@media only screen and (max-width: 767px) {.uagb-block-e6f939b3.wp-block-uagb-image .wp-block-uagb-image__figure img{width: px;height: auto;}}\";s:2:\"js\";s:0:\"\";s:18:\"current_block_list\";a:13:{i:0;s:11:\"core\/search\";i:1;s:10:\"core\/group\";i:2;s:12:\"core\/heading\";i:3;s:17:\"core\/latest-posts\";i:4;s:20:\"core\/latest-comments\";i:5;s:13:\"core\/archives\";i:6;s:15:\"core\/categories\";i:7;s:14:\"core\/paragraph\";i:8;s:10:\"uagb\/image\";i:9;s:11:\"core\/spacer\";i:10;s:30:\"woocommerce\/product-categories\";i:11;s:10:\"core\/image\";i:12;s:14:\"core\/shortcode\";}s:8:\"uag_flag\";b:1;s:11:\"uag_version\";s:10:\"1777095573\";s:6:\"gfonts\";a:0:{}s:10:\"gfonts_url\";s:0:\"\";s:12:\"gfonts_files\";a:0:{}s:14:\"uag_faq_layout\";b:0;}"]},"uagb_featured_image_src":{"full":["https:\/\/www.ferberpainting.com\/wp-content\/uploads\/2025\/05\/Live-Bacteria-for-Septic-Tank_4000x4000_e0a9d681-ecd6-4bc1-8a33-5e662d3a5188.png",2560,2560,false],"thumbnail":["https:\/\/www.ferberpainting.com\/wp-content\/uploads\/2025\/05\/Live-Bacteria-for-Septic-Tank_4000x4000_e0a9d681-ecd6-4bc1-8a33-5e662d3a5188-150x150.png",150,150,true],"medium":["https:\/\/www.ferberpainting.com\/wp-content\/uploads\/2025\/05\/Live-Bacteria-for-Septic-Tank_4000x4000_e0a9d681-ecd6-4bc1-8a33-5e662d3a5188-300x300.png",300,300,true],"medium_large":["https:\/\/www.ferberpainting.com\/wp-content\/uploads\/2025\/05\/Live-Bacteria-for-Septic-Tank_4000x4000_e0a9d681-ecd6-4bc1-8a33-5e662d3a5188-768x768.png",768,768,true],"large":["https:\/\/www.ferberpainting.com\/wp-content\/uploads\/2025\/05\/Live-Bacteria-for-Septic-Tank_4000x4000_e0a9d681-ecd6-4bc1-8a33-5e662d3a5188-1024x1024.png",1024,1024,true],"1536x1536":["https:\/\/www.ferberpainting.com\/wp-content\/uploads\/2025\/05\/Live-Bacteria-for-Septic-Tank_4000x4000_e0a9d681-ecd6-4bc1-8a33-5e662d3a5188-1536x1536.png",1536,1536,true],"2048x2048":["https:\/\/www.ferberpainting.com\/wp-content\/uploads\/2025\/05\/Live-Bacteria-for-Septic-Tank_4000x4000_e0a9d681-ecd6-4bc1-8a33-5e662d3a5188-2048x2048.png",2048,2048,true],"trp-custom-language-flag":["https:\/\/www.ferberpainting.com\/wp-content\/uploads\/2025\/05\/Live-Bacteria-for-Septic-Tank_4000x4000_e0a9d681-ecd6-4bc1-8a33-5e662d3a5188-12x12.png",12,12,true],"woocommerce_thumbnail":["https:\/\/www.ferberpainting.com\/wp-content\/uploads\/2025\/05\/Live-Bacteria-for-Septic-Tank_4000x4000_e0a9d681-ecd6-4bc1-8a33-5e662d3a5188-300x300.png",300,300,true],"woocommerce_single":["https:\/\/www.ferberpainting.com\/wp-content\/uploads\/2025\/05\/Live-Bacteria-for-Septic-Tank_4000x4000_e0a9d681-ecd6-4bc1-8a33-5e662d3a5188-600x600.png",600,600,true],"woocommerce_gallery_thumbnail":["https:\/\/www.ferberpainting.com\/wp-content\/uploads\/2025\/05\/Live-Bacteria-for-Septic-Tank_4000x4000_e0a9d681-ecd6-4bc1-8a33-5e662d3a5188-100x100.png",100,100,true]},"uagb_author_info":{"display_name":"admin","author_link":"https:\/\/www.ferberpainting.com\/fr\/author\/"},"uagb_comment_info":70,"uagb_excerpt":"Restore and maintain optimal septic tank performance naturally. Our live bacteria for septic tank treatment is specially formulated to support and enhance the natural biological processes inside your septic system. By introducing active, beneficial microorganisms, it helps break down organic waste efficiently and keeps your septic tank functioning smoothly throughout the year. Contains approximately 100,000\u2026","_links":{"self":[{"href":"https:\/\/www.ferberpainting.com\/fr\/wp-json\/wp\/v2\/product\/23799","targetHints":{"allow":["GET"]}}],"collection":[{"href":"https:\/\/www.ferberpainting.com\/fr\/wp-json\/wp\/v2\/product"}],"about":[{"href":"https:\/\/www.ferberpainting.com\/fr\/wp-json\/wp\/v2\/types\/product"}],"replies":[{"embeddable":true,"href":"https:\/\/www.ferberpainting.com\/fr\/wp-json\/wp\/v2\/comments?post=23799"}],"version-history":[{"count":5,"href":"https:\/\/www.ferberpainting.com\/fr\/wp-json\/wp\/v2\/product\/23799\/revisions"}],"predecessor-version":[{"id":166486,"href":"https:\/\/www.ferberpainting.com\/fr\/wp-json\/wp\/v2\/product\/23799\/revisions\/166486"}],"wp:featuredmedia":[{"embeddable":true,"href":"https:\/\/www.ferberpainting.com\/fr\/wp-json\/wp\/v2\/media\/26257"}],"wp:attachment":[{"href":"https:\/\/www.ferberpainting.com\/fr\/wp-json\/wp\/v2\/media?parent=23799"}],"wp:term":[{"taxonomy":"product_brand","embeddable":true,"href":"https:\/\/www.ferberpainting.com\/fr\/wp-json\/wp\/v2\/product_brand?post=23799"},{"taxonomy":"product_cat","embeddable":true,"href":"https:\/\/www.ferberpainting.com\/fr\/wp-json\/wp\/v2\/product_cat?post=23799"},{"taxonomy":"product_tag","embeddable":true,"href":"https:\/\/www.ferberpainting.com\/fr\/wp-json\/wp\/v2\/product_tag?post=23799"}],"curies":[{"name":"wp","href":"https:\/\/api.w.org\/{rel}","templated":true}]}}