{"id":23790,"date":"2025-07-01T09:52:39","date_gmt":"2025-07-01T07:52:39","guid":{"rendered":"https:\/\/www.ferberpainting.com\/?post_type=product&#038;p=23790"},"modified":"2026-02-15T20:39:28","modified_gmt":"2026-02-15T19:39:28","slug":"leather-water-repellent","status":"publish","type":"product","link":"https:\/\/www.ferberpainting.com\/fr\/products\/leather-water-repellent\/","title":{"rendered":"Imperm\u00e9abilisant pour cuir"},"content":{"rendered":"<p><strong><img decoding=\"async\" style=\"margin-right: 12px;\" src=\"https:\/\/www.ferberpainting.com\/wp-content\/uploads\/2026\/02\/Check.svg\" alt=\"\" width=\"18\" height=\"15\" \/>Protection efficace contre l'eau et les taches.<\/strong>\u00a0Cet imperm\u00e9abilisant pour daim est sp\u00e9cialement con\u00e7u pour constituer une barri\u00e8re invisible contre l'humidit\u00e9 et la salet\u00e9. Il emp\u00eache les taches d'eau, de boue ou de graisse tout en pr\u00e9servant la texture d\u00e9licate et l'aspect \u00e9l\u00e9gant du daim. C'est la solution id\u00e9ale pour garder vos chaussures, vestes, sacs \u00e0 main et autres articles en daim en excellent \u00e9tat, en les prot\u00e9geant de l'usure quotidienne.<\/p>\n<p><strong><img decoding=\"async\" style=\"margin-right: 12px;\" src=\"https:\/\/www.ferberpainting.com\/wp-content\/uploads\/2026\/02\/Check.svg\" alt=\"\" width=\"18\" height=\"15\" \/>Satisfaction garantie ou remboursement.<\/strong>\u00a0Nous sommes convaincus de l'efficacit\u00e9 de notre imperm\u00e9abilisant pour daim. Si vous n'\u00eates pas enti\u00e8rement satisfait apr\u00e8s l'avoir utilis\u00e9, vous pouvez pr\u00e9tendre \u00e0 un remboursement int\u00e9gral. Nous garantissons une protection optimale contre les \u00e9l\u00e9ments ext\u00e9rieurs tout en pr\u00e9servant la qualit\u00e9 du mat\u00e9riau. Vous pouvez essayer notre produit en toute tranquillit\u00e9 et sans aucun risque.<\/p>\n<p><strong><img decoding=\"async\" style=\"margin-right: 12px;\" src=\"https:\/\/www.ferberpainting.com\/wp-content\/uploads\/2026\/02\/Check.svg\" alt=\"\" width=\"18\" height=\"15\" \/>Parfait pour les mat\u00e9riaux d\u00e9licats.<\/strong>\u00a0Ce produit n'est pas seulement con\u00e7u pour le daim, mais convient \u00e9galement \u00e0 d'autres cuirs ou textiles similaires tels que le nubuck, le feutre et certains tissus synth\u00e9tiques. Il est id\u00e9al pour les chaussures, les manteaux, les sacs, les gants et autres articles n\u00e9cessitant une protection contre l'humidit\u00e9. Il peut m\u00eame \u00eatre utilis\u00e9 sur des tissus comme le velours, offrant une protection similaire sans alt\u00e9rer la texture ou l'aspect du mat\u00e9riau.<\/p>\n<p><strong><img decoding=\"async\" style=\"margin-right: 12px;\" src=\"https:\/\/www.ferberpainting.com\/wp-content\/uploads\/2026\/02\/Check.svg\" alt=\"\" width=\"18\" height=\"15\" \/>Rentable.<\/strong>\u00a0Gr\u00e2ce \u00e0 sa formule concentr\u00e9e, cet imperm\u00e9abilisant pour daim est extr\u00eamement \u00e9conomique. En moyenne, un litre permet de traiter environ 15 \u00e0 20 paires de chaussures en daim ou v\u00eatements standards, en fonction de la porosit\u00e9 du mat\u00e9riau. Un bidon de 5 litres permet de traiter une grande quantit\u00e9 de produits, ce qui en fait une solution durable et abordable.<\/p>\n<p><strong><img decoding=\"async\" style=\"margin-right: 12px;\" src=\"https:\/\/www.ferberpainting.com\/wp-content\/uploads\/2026\/02\/Check.svg\" alt=\"\" width=\"18\" height=\"15\" \/>Non dangereux et respectueux des mat\u00e9riaux.<\/strong>\u00a0L'imperm\u00e9abilisant pour daim est formul\u00e9 pour offrir une protection efficace sans endommager le daim ou les mat\u00e9riaux similaires. Il est non toxique, exempt de produits chimiques agressifs et ne produit pas de fum\u00e9es nocives. Ce produit est doux et sans danger pour les articles qui entrent en contact direct avec la peau. Il n'alt\u00e8re pas la couleur ou la texture et laisse un fini naturel et doux.<\/p>\n<p><strong><img decoding=\"async\" style=\"margin-right: 12px;\" src=\"https:\/\/www.ferberpainting.com\/wp-content\/uploads\/2026\/02\/Check.svg\" alt=\"\" width=\"18\" height=\"15\" \/>Facile \u00e0 utiliser.<\/strong>\u00a0Ce produit est pr\u00eat \u00e0 l'emploi, sans dilution ni pr\u00e9paration. L'application est rapide et facile. \u00c0 l'aide d'un pulv\u00e9risateur ou d'un chiffon propre, il suffit d'appliquer une couche fine et r\u00e9guli\u00e8re sur la surface de l'article en daim, puis de laisser s\u00e9cher. Le produit p\u00e9n\u00e8tre rapidement et ne laisse aucun r\u00e9sidu visible une fois sec.<\/p>\n<p><strong><img decoding=\"async\" style=\"margin-right: 12px;\" src=\"https:\/\/www.ferberpainting.com\/wp-content\/uploads\/2026\/02\/Check.svg\" alt=\"\" width=\"18\" height=\"15\" \/>Durable et de longue dur\u00e9e.<\/strong>\u00a0Une fois appliqu\u00e9, l'imperm\u00e9abilisant forme une barri\u00e8re protectrice durable qui reste efficace pendant plusieurs mois, m\u00eame dans des conditions m\u00e9t\u00e9orologiques difficiles. Il prot\u00e8ge vos articles en daim de mani\u00e8re invisible, garantissant une performance \u00e0 long terme et aidant \u00e0 pr\u00e9server vos biens tout en r\u00e9duisant l'usure pr\u00e9matur\u00e9e due \u00e0 l'humidit\u00e9 et \u00e0 la salet\u00e9.<\/p>\n<p><strong><img decoding=\"async\" style=\"margin-right: 12px;\" src=\"https:\/\/www.ferberpainting.com\/wp-content\/uploads\/2026\/02\/Check.svg\" alt=\"\" width=\"18\" height=\"15\" \/>Action rapide.<\/strong>\u00a0Cet imperm\u00e9abilisant pour daim agit rapidement. Apr\u00e8s application, il s\u00e8che en moins d'une heure, ce qui vous permet d'utiliser \u00e0 nouveau vos articles presque imm\u00e9diatement. Il n'est pas n\u00e9cessaire d'attendre des heures comme avec d'autres produits, ce qui le rend parfait pour une protection de derni\u00e8re minute avant un voyage. Il suffit de l'appliquer et de le laisser s\u00e9cher pour b\u00e9n\u00e9ficier d'une protection instantan\u00e9e.<\/p>\n<h2><strong>Protocole d'utilisation<\/strong><\/h2>\n<ul>\n<li><strong>Pr\u00e9paration de l'article <\/strong>: S'assurer que l'article en daim (chaussures, sacs, vestes, etc.) est propre et sec avant l'application. Si n\u00e9cessaire, brosser d\u00e9licatement la surface pour enlever toute poussi\u00e8re ou salet\u00e9. N'appliquez pas le produit sur des articles sales ou mouill\u00e9s, car cela pourrait r\u00e9duire l'efficacit\u00e9 du produit.<\/li>\n<li><strong>Application du produit <\/strong>: \u00c0 l'aide d'un pulv\u00e9risateur ou d'un chiffon doux et propre, appliquez une couche fine et r\u00e9guli\u00e8re d'imperm\u00e9abilisant sur toute la surface de l'article en daim. Si vous utilisez un pulv\u00e9risateur, tenez-le \u00e0 une distance de 15 \u00e0 20 cm de la surface pour \u00e9viter d'en appliquer trop.<\/li>\n<li><strong>Distribution uniforme <\/strong>: Pour une protection optimale, veillez \u00e0 ce que le produit soit uniform\u00e9ment r\u00e9parti et p\u00e9n\u00e8tre dans les fibres du daim. \u00c9viter de saturer le mat\u00e9riau pour \u00e9viter les accumulations visibles.<\/li>\n<li><strong>Temps de s\u00e9chage <\/strong>: Laisser s\u00e9cher l'article pendant environ 1 heure dans une pi\u00e8ce bien ventil\u00e9e \u00e0 temp\u00e9rature ambiante. \u00c9vitez d'exposer l'article \u00e0 des sources de chaleur directe (comme les s\u00e8che-cheveux ou les radiateurs) afin de pr\u00e9server le mat\u00e9riau.<\/li>\n<li><strong>Nouvelle demande (si n\u00e9cessaire) <\/strong>: Pour une protection suppl\u00e9mentaire, appliquez une deuxi\u00e8me couche apr\u00e8s que la premi\u00e8re ait compl\u00e8tement s\u00e9ch\u00e9. Ceci est particuli\u00e8rement recommand\u00e9 pour les articles expos\u00e9s \u00e0 des conditions difficiles comme les chaussures de randonn\u00e9e ou les sacs utilis\u00e9s sous une pluie battante.<\/li>\n<li><strong>Maintenance <\/strong>: Renouveler l'application tous les 3 \u00e0 6 mois en fonction de l'utilisation et des conditions d'exposition. Des retouches occasionnelles sont recommand\u00e9es pour maintenir la protection au fil du temps.<\/li>\n<li><strong>Stockage <\/strong>: Conserver le produit dans son emballage d'origine, bien ferm\u00e9, dans un endroit frais et sec, \u00e0 l'abri de la chaleur, afin de pr\u00e9server ses propri\u00e9t\u00e9s.<\/li>\n<\/ul>\n<p>Cet imperm\u00e9abilisant pour daim permet de prolonger la dur\u00e9e de vie de vos articles en les gardant en parfait \u00e9tat. Une solution simple, rapide et efficace pour prot\u00e9ger vos objets \u00e9l\u00e9gants de l'humidit\u00e9 et de la salet\u00e9.<\/p>","protected":false},"excerpt":{"rendered":"<p>Effective Protection Against Water and Stains.\u00a0This suede waterproofer is specially designed to provide an invisible barrier against moisture and dirt. It prevents stains from water, mud, or grease while preserving the delicate texture and elegant look of suede. It\u2019s the perfect solution to keep your shoes, jackets, handbags, and other suede items in excellent condition, [&hellip;]<\/p>\n","protected":false},"featured_media":36193,"comment_status":"open","ping_status":"closed","template":"","meta":{"_uag_custom_page_level_css":"","site-sidebar-layout":"default","site-content-layout":"","ast-site-content-layout":"default","site-content-style":"default","site-sidebar-style":"default","ast-global-header-display":"","ast-banner-title-visibility":"","ast-main-header-display":"","ast-hfb-above-header-display":"","ast-hfb-below-header-display":"","ast-hfb-mobile-header-display":"","site-post-title":"","ast-breadcrumbs-content":"","ast-featured-img":"","footer-sml-layout":"","ast-disable-related-posts":"","theme-transparent-header-meta":"default","adv-header-id-meta":"","stick-header-meta":"","header-above-stick-meta":"","header-main-stick-meta":"","header-below-stick-meta":"","astra-migrate-meta-layouts":"set","ast-page-background-enabled":"default","ast-page-background-meta":{"desktop":{"background-color":"var(--ast-global-color-4)","background-image":"","background-repeat":"repeat","background-position":"center center","background-size":"auto","background-attachment":"scroll","background-type":"","background-media":"","overlay-type":"","overlay-color":"","overlay-opacity":"","overlay-gradient":""},"tablet":{"background-color":"","background-image":"","background-repeat":"repeat","background-position":"center center","background-size":"auto","background-attachment":"scroll","background-type":"","background-media":"","overlay-type":"","overlay-color":"","overlay-opacity":"","overlay-gradient":""},"mobile":{"background-color":"","background-image":"","background-repeat":"repeat","background-position":"center center","background-size":"auto","background-attachment":"scroll","background-type":"","background-media":"","overlay-type":"","overlay-color":"","overlay-opacity":"","overlay-gradient":""}},"ast-content-background-meta":{"desktop":{"background-color":"var(--ast-global-color-5)","background-image":"","background-repeat":"repeat","background-position":"center center","background-size":"auto","background-attachment":"scroll","background-type":"","background-media":"","overlay-type":"","overlay-color":"","overlay-opacity":"","overlay-gradient":""},"tablet":{"background-color":"var(--ast-global-color-5)","background-image":"","background-repeat":"repeat","background-position":"center center","background-size":"auto","background-attachment":"scroll","background-type":"","background-media":"","overlay-type":"","overlay-color":"","overlay-opacity":"","overlay-gradient":""},"mobile":{"background-color":"var(--ast-global-color-5)","background-image":"","background-repeat":"repeat","background-position":"center center","background-size":"auto","background-attachment":"scroll","background-type":"","background-media":"","overlay-type":"","overlay-color":"","overlay-opacity":"","overlay-gradient":""}}},"product_brand":[],"product_cat":[191],"product_tag":[],"class_list":{"0":"post-23790","1":"product","2":"type-product","3":"status-publish","4":"has-post-thumbnail","6":"product_cat-water-repellent","7":"desktop-align-left","8":"tablet-align-left","9":"mobile-align-left","11":"first","12":"instock","13":"sale","14":"taxable","15":"shipping-taxable","16":"purchasable","17":"product-type-variable","18":"has-default-attributes"},"spectra_custom_meta":{"_visibility":["visible"],"_shopify_product_id":["9106562253045"],"_s2w_shopify_domain":["ferberpainting.myshopify.com"],"_shopify_variant_id":["46626270150901"],"_sku":[""],"_manage_stock":["no"],"total_sales":["9"],"_tax_status":["taxable"],"_tax_class":[""],"_backorders":["no"],"_sold_individually":["no"],"_virtual":["no"],"_downloadable":["no"],"_download_limit":["-1"],"_download_expiry":["-1"],"_stock":[null],"_stock_status":["instock"],"_wc_average_rating":["5.00"],"_wc_review_count":["33"],"_product_attributes":["a:1:{s:6:\"volume\";a:6:{s:4:\"name\";s:6:\"Volume\";s:5:\"value\";s:20:\"5 liters | 25 liters\";s:8:\"position\";i:1;s:10:\"is_visible\";i:0;s:12:\"is_variation\";i:1;s:11:\"is_taxonomy\";i:0;}}"],"_product_version":["10.5.1"],"wpse_downloadable_file_names":[""],"wpse_downloadable_file_urls":[""],"_edit_last":["1"],"_default_attributes":["a:1:{s:6:\"volume\";s:8:\"5 liters\";}"],"_edit_lock":["1771184229:1"],"_price":["29.90","129.90"],"merchant-center-availability":["yes"],"merchant-center-category":["503738"],"_thumbnail_id":["36193"],"_wp_page_template":["default"],"_product_image_gallery":["36194"],"site-sidebar-layout":["default"],"ast-site-content-layout":["default"],"site-content-style":["default"],"site-sidebar-style":["default"],"theme-transparent-header-meta":["default"],"_wc_rating_count":["a:1:{i:5;i:33;}"],"astra-migrate-meta-layouts":["set"],"_uag_css_file_name":["uag-css-23790.css"],"_elementor_page_assets":["a:0:{}"],"_uag_page_assets":["a:9:{s:3:\"css\";s:7133:\".uag-blocks-common-selector{z-index:var(--z-index-desktop) !important}@media(max-width: 976px){.uag-blocks-common-selector{z-index:var(--z-index-tablet) !important}}@media(max-width: 767px){.uag-blocks-common-selector{z-index:var(--z-index-mobile) !important}}.wp-block-uagb-image{display:flex}.wp-block-uagb-image__figure{position:relative;display:flex;flex-direction:column;max-width:100%;height:auto;margin:0}.wp-block-uagb-image__figure img{height:auto;display:flex;max-width:100%;transition:box-shadow .2s ease}.wp-block-uagb-image__figure>a{display:inline-block}.wp-block-uagb-image__figure figcaption{text-align:center;margin-top:.5em;margin-bottom:1em}.wp-block-uagb-image .components-placeholder.block-editor-media-placeholder .components-placeholder__instructions{align-self:center}.wp-block-uagb-image--align-left{text-align:left}.wp-block-uagb-image--align-right{text-align:right}.wp-block-uagb-image--align-center{text-align:center}.wp-block-uagb-image--align-full .wp-block-uagb-image__figure{margin-left:calc(50% - 50vw);margin-right:calc(50% - 50vw);max-width:100vw;width:100vw;height:auto}.wp-block-uagb-image--align-full .wp-block-uagb-image__figure img{height:auto;width:100% !important}.wp-block-uagb-image--align-wide .wp-block-uagb-image__figure img{height:auto;width:100%}.wp-block-uagb-image--layout-overlay__color-wrapper{position:absolute;left:0;top:0;right:0;bottom:0;opacity:.2;background:rgba(0,0,0,.5);transition:opacity .35s ease-in-out}.wp-block-uagb-image--layout-overlay-link{position:absolute;left:0;right:0;bottom:0;top:0}.wp-block-uagb-image--layout-overlay .wp-block-uagb-image__figure:hover .wp-block-uagb-image--layout-overlay__color-wrapper{opacity:1}.wp-block-uagb-image--layout-overlay__inner{position:absolute;left:15px;right:15px;bottom:15px;top:15px;display:flex;align-items:center;justify-content:center;flex-direction:column;border-color:#fff;transition:.35s ease-in-out}.wp-block-uagb-image--layout-overlay__inner.top-left,.wp-block-uagb-image--layout-overlay__inner.top-center,.wp-block-uagb-image--layout-overlay__inner.top-right{justify-content:flex-start}.wp-block-uagb-image--layout-overlay__inner.bottom-left,.wp-block-uagb-image--layout-overlay__inner.bottom-center,.wp-block-uagb-image--layout-overlay__inner.bottom-right{justify-content:flex-end}.wp-block-uagb-image--layout-overlay__inner.top-left,.wp-block-uagb-image--layout-overlay__inner.center-left,.wp-block-uagb-image--layout-overlay__inner.bottom-left{align-items:flex-start}.wp-block-uagb-image--layout-overlay__inner.top-right,.wp-block-uagb-image--layout-overlay__inner.center-right,.wp-block-uagb-image--layout-overlay__inner.bottom-right{align-items:flex-end}.wp-block-uagb-image--layout-overlay__inner .uagb-image-heading{color:#fff;transition:transform .35s,opacity .35s ease-in-out;transform:translate3d(0, 24px, 0);margin:0;line-height:1em}.wp-block-uagb-image--layout-overlay__inner .uagb-image-separator{width:30%;border-top-width:2px;border-top-color:#fff;border-top-style:solid;margin-bottom:10px;opacity:0;transition:transform .4s,opacity .4s ease-in-out;transform:translate3d(0, 30px, 0)}.wp-block-uagb-image--layout-overlay__inner .uagb-image-caption{opacity:0;overflow:visible;color:#fff;transition:transform .45s,opacity .45s ease-in-out;transform:translate3d(0, 35px, 0)}.wp-block-uagb-image--layout-overlay__inner:hover .uagb-image-heading,.wp-block-uagb-image--layout-overlay__inner:hover .uagb-image-separator,.wp-block-uagb-image--layout-overlay__inner:hover .uagb-image-caption{opacity:1;transform:translate3d(0, 0, 0)}.wp-block-uagb-image--effect-zoomin .wp-block-uagb-image__figure img,.wp-block-uagb-image--effect-zoomin .wp-block-uagb-image__figure .wp-block-uagb-image--layout-overlay__color-wrapper{transform:scale(1);transition:transform .35s ease-in-out}.wp-block-uagb-image--effect-zoomin .wp-block-uagb-image__figure:hover img,.wp-block-uagb-image--effect-zoomin .wp-block-uagb-image__figure:hover .wp-block-uagb-image--layout-overlay__color-wrapper{transform:scale(1.05)}.wp-block-uagb-image--effect-slide .wp-block-uagb-image__figure img,.wp-block-uagb-image--effect-slide .wp-block-uagb-image__figure .wp-block-uagb-image--layout-overlay__color-wrapper{width:calc(100% + 40px) !important;max-width:none !important;transform:translate3d(-40px, 0, 0);transition:transform .35s ease-in-out}.wp-block-uagb-image--effect-slide .wp-block-uagb-image__figure:hover img,.wp-block-uagb-image--effect-slide .wp-block-uagb-image__figure:hover .wp-block-uagb-image--layout-overlay__color-wrapper{transform:translate3d(0, 0, 0)}.wp-block-uagb-image--effect-grayscale img{filter:grayscale(0%);transition:.35s ease-in-out}.wp-block-uagb-image--effect-grayscale:hover img{filter:grayscale(100%)}.wp-block-uagb-image--effect-blur img{filter:blur(0);transition:.35s ease-in-out}.wp-block-uagb-image--effect-blur:hover img{filter:blur(3px)}.uagb-block-e6f939b3.wp-block-uagb-image--layout-default figure img{box-shadow: 0px 0px 0 #00000070;}.uagb-block-e6f939b3.wp-block-uagb-image .wp-block-uagb-image__figure figcaption{font-style: normal;align-self: center;}.uagb-block-e6f939b3.wp-block-uagb-image--layout-overlay figure img{box-shadow: 0px 0px 0 #00000070;}.uagb-block-e6f939b3.wp-block-uagb-image--layout-overlay .wp-block-uagb-image--layout-overlay__color-wrapper{opacity: 0.2;}.uagb-block-e6f939b3.wp-block-uagb-image--layout-overlay .wp-block-uagb-image--layout-overlay__inner{left: 15px;right: 15px;top: 15px;bottom: 15px;}.uagb-block-e6f939b3.wp-block-uagb-image--layout-overlay .wp-block-uagb-image--layout-overlay__inner .uagb-image-heading{font-style: normal;color: #fff;opacity: 1;}.uagb-block-e6f939b3.wp-block-uagb-image--layout-overlay .wp-block-uagb-image--layout-overlay__inner .uagb-image-heading a{color: #fff;}.uagb-block-e6f939b3.wp-block-uagb-image--layout-overlay .wp-block-uagb-image--layout-overlay__inner .uagb-image-caption{opacity: 0;}.uagb-block-e6f939b3.wp-block-uagb-image--layout-overlay .wp-block-uagb-image__figure:hover .wp-block-uagb-image--layout-overlay__color-wrapper{opacity: 1;}.uagb-block-e6f939b3.wp-block-uagb-image .wp-block-uagb-image--layout-overlay__inner .uagb-image-separator{width: 30%;border-top-width: 2px;border-top-color: #fff;opacity: 0;}.uagb-block-e6f939b3.wp-block-uagb-image .wp-block-uagb-image__figure img{width: px;height: auto;}.uagb-block-e6f939b3.wp-block-uagb-image .wp-block-uagb-image__figure:hover .wp-block-uagb-image--layout-overlay__inner .uagb-image-caption{opacity: 1;}.uagb-block-e6f939b3.wp-block-uagb-image .wp-block-uagb-image__figure:hover .wp-block-uagb-image--layout-overlay__inner .uagb-image-separator{opacity: 1;}.uagb-block-e6f939b3.wp-block-uagb-image--layout-default figure:hover img{box-shadow: 0px 0px 0 #00000070;}.uagb-block-e6f939b3.wp-block-uagb-image--layout-overlay figure:hover img{box-shadow: 0px 0px 0 #00000070;}@media only screen and (max-width: 976px) {.uagb-block-e6f939b3.wp-block-uagb-image .wp-block-uagb-image__figure img{width: px;height: auto;}}@media only screen and (max-width: 767px) {.uagb-block-e6f939b3.wp-block-uagb-image .wp-block-uagb-image__figure img{width: px;height: auto;}}\";s:2:\"js\";s:0:\"\";s:18:\"current_block_list\";a:13:{i:0;s:11:\"core\/search\";i:1;s:10:\"core\/group\";i:2;s:12:\"core\/heading\";i:3;s:17:\"core\/latest-posts\";i:4;s:20:\"core\/latest-comments\";i:5;s:13:\"core\/archives\";i:6;s:15:\"core\/categories\";i:7;s:14:\"core\/paragraph\";i:8;s:10:\"uagb\/image\";i:9;s:11:\"core\/spacer\";i:10;s:30:\"woocommerce\/product-categories\";i:11;s:10:\"core\/image\";i:12;s:14:\"core\/shortcode\";}s:8:\"uag_flag\";b:1;s:11:\"uag_version\";s:10:\"1777259814\";s:6:\"gfonts\";a:0:{}s:10:\"gfonts_url\";s:0:\"\";s:12:\"gfonts_files\";a:0:{}s:14:\"uag_faq_layout\";b:0;}"]},"uagb_featured_image_src":{"full":["https:\/\/www.ferberpainting.com\/wp-content\/uploads\/2025\/07\/Leather-Water-Repellent-5L.png",2560,2560,false],"thumbnail":["https:\/\/www.ferberpainting.com\/wp-content\/uploads\/2025\/07\/Leather-Water-Repellent-5L-150x150.png",150,150,true],"medium":["https:\/\/www.ferberpainting.com\/wp-content\/uploads\/2025\/07\/Leather-Water-Repellent-5L-300x300.png",300,300,true],"medium_large":["https:\/\/www.ferberpainting.com\/wp-content\/uploads\/2025\/07\/Leather-Water-Repellent-5L-768x768.png",768,768,true],"large":["https:\/\/www.ferberpainting.com\/wp-content\/uploads\/2025\/07\/Leather-Water-Repellent-5L-1024x1024.png",1024,1024,true],"1536x1536":["https:\/\/www.ferberpainting.com\/wp-content\/uploads\/2025\/07\/Leather-Water-Repellent-5L-1536x1536.png",1536,1536,true],"2048x2048":["https:\/\/www.ferberpainting.com\/wp-content\/uploads\/2025\/07\/Leather-Water-Repellent-5L-2048x2048.png",2048,2048,true],"trp-custom-language-flag":["https:\/\/www.ferberpainting.com\/wp-content\/uploads\/2025\/07\/Leather-Water-Repellent-5L-12x12.png",12,12,true],"woocommerce_thumbnail":["https:\/\/www.ferberpainting.com\/wp-content\/uploads\/2025\/07\/Leather-Water-Repellent-5L-300x300.png",300,300,true],"woocommerce_single":["https:\/\/www.ferberpainting.com\/wp-content\/uploads\/2025\/07\/Leather-Water-Repellent-5L-600x600.png",600,600,true],"woocommerce_gallery_thumbnail":["https:\/\/www.ferberpainting.com\/wp-content\/uploads\/2025\/07\/Leather-Water-Repellent-5L-100x100.png",100,100,true]},"uagb_author_info":{"display_name":"admin","author_link":"https:\/\/www.ferberpainting.com\/fr\/author\/"},"uagb_comment_info":33,"uagb_excerpt":"Effective Protection Against Water and Stains.\u00a0This suede waterproofer is specially designed to provide an invisible barrier against moisture and dirt. It prevents stains from water, mud, or grease while preserving the delicate texture and elegant look of suede. It\u2019s the perfect solution to keep your shoes, jackets, handbags, and other suede items in excellent condition,\u2026","_links":{"self":[{"href":"https:\/\/www.ferberpainting.com\/fr\/wp-json\/wp\/v2\/product\/23790","targetHints":{"allow":["GET"]}}],"collection":[{"href":"https:\/\/www.ferberpainting.com\/fr\/wp-json\/wp\/v2\/product"}],"about":[{"href":"https:\/\/www.ferberpainting.com\/fr\/wp-json\/wp\/v2\/types\/product"}],"replies":[{"embeddable":true,"href":"https:\/\/www.ferberpainting.com\/fr\/wp-json\/wp\/v2\/comments?post=23790"}],"version-history":[{"count":3,"href":"https:\/\/www.ferberpainting.com\/fr\/wp-json\/wp\/v2\/product\/23790\/revisions"}],"predecessor-version":[{"id":166475,"href":"https:\/\/www.ferberpainting.com\/fr\/wp-json\/wp\/v2\/product\/23790\/revisions\/166475"}],"wp:featuredmedia":[{"embeddable":true,"href":"https:\/\/www.ferberpainting.com\/fr\/wp-json\/wp\/v2\/media\/36193"}],"wp:attachment":[{"href":"https:\/\/www.ferberpainting.com\/fr\/wp-json\/wp\/v2\/media?parent=23790"}],"wp:term":[{"taxonomy":"product_brand","embeddable":true,"href":"https:\/\/www.ferberpainting.com\/fr\/wp-json\/wp\/v2\/product_brand?post=23790"},{"taxonomy":"product_cat","embeddable":true,"href":"https:\/\/www.ferberpainting.com\/fr\/wp-json\/wp\/v2\/product_cat?post=23790"},{"taxonomy":"product_tag","embeddable":true,"href":"https:\/\/www.ferberpainting.com\/fr\/wp-json\/wp\/v2\/product_tag?post=23790"}],"curies":[{"name":"wp","href":"https:\/\/api.w.org\/{rel}","templated":true}]}}