{"id":23505,"date":"2025-05-26T10:24:28","date_gmt":"2025-05-26T08:24:28","guid":{"rendered":"https:\/\/www.ferberpainting.com\/products\/gravel-and-stone-binder\/"},"modified":"2026-02-15T15:57:56","modified_gmt":"2026-02-15T14:57:56","slug":"gravel-and-stone-binder","status":"publish","type":"product","link":"https:\/\/www.ferberpainting.com\/fr\/products\/gravel-and-stone-binder\/","title":{"rendered":"Liant pour graviers et pierres"},"content":{"rendered":"<p><strong><img decoding=\"async\" style=\"margin-right: 12px;\" src=\"https:\/\/www.ferberpainting.com\/wp-content\/uploads\/2026\/02\/Check.svg\" alt=\"\" width=\"18\" height=\"15\" \/>Stabilisation efficace et durable des graviers et des galets.<\/strong>\u00a0Ce liant fixateur est sp\u00e9cialement con\u00e7u pour solidifier et maintenir en place les graviers et les galets, en \u00e9vitant leur dispersion tout en pr\u00e9servant l'esth\u00e9tique et la perm\u00e9abilit\u00e9 du sol. Id\u00e9al pour les all\u00e9es, les cours, les terrasses et les voies pi\u00e9tonnes, il offre une solution durable pour \u00e9viter les inconv\u00e9nients li\u00e9s au d\u00e9placement et \u00e0 l'affaissement des granulats.<\/p>\n<p><strong><img decoding=\"async\" style=\"margin-right: 12px;\" src=\"https:\/\/www.ferberpainting.com\/wp-content\/uploads\/2026\/02\/Check.svg\" alt=\"\" width=\"18\" height=\"15\" \/>Garantie de remboursement.<\/strong>\u00a0Nous sommes convaincus de l'efficacit\u00e9 de notre fixateur de gravier et de galets. C'est pourquoi nous offrons une garantie de remboursement. Si le produit ne r\u00e9pond pas \u00e0 vos attentes ou ne donne pas les r\u00e9sultats escompt\u00e9s apr\u00e8s application suivant nos recommandations, vous pouvez demander un remboursement sans conditions, assurant ainsi un achat sans risque.<\/p>\n<p><strong><img decoding=\"async\" style=\"margin-right: 12px;\" src=\"https:\/\/www.ferberpainting.com\/wp-content\/uploads\/2026\/02\/Check.svg\" alt=\"\" width=\"18\" height=\"15\" \/>Compatibilit\u00e9 avec diff\u00e9rents types de mat\u00e9riaux.<\/strong>\u00a0Ce fixateur est compatible avec les graviers d\u00e9coratifs, les galets, les agr\u00e9gats naturels, les pierres concass\u00e9es et les pav\u00e9s poreux. Il peut \u00eatre utilis\u00e9 pour stabiliser les all\u00e9es, les voies d'acc\u00e8s pour v\u00e9hicules l\u00e9gers ou les aires de stationnement dans les jardins paysagers, ce qui en fait une solution adapt\u00e9e \u00e0 de multiples projets d'am\u00e9nagement ext\u00e9rieur.<\/p>\n<p><strong><img decoding=\"async\" style=\"margin-right: 12px;\" src=\"https:\/\/www.ferberpainting.com\/wp-content\/uploads\/2026\/02\/Check.svg\" alt=\"\" width=\"18\" height=\"15\" \/>Des performances optimis\u00e9es et rentables.<\/strong>\u00a0Gr\u00e2ce \u00e0 sa formule concentr\u00e9e, 1 litre de produit permet de couvrir entre 3 et 5 m\u00b2, en fonction de la porosit\u00e9 du gravier et de l'\u00e9paisseur de la couche appliqu\u00e9e. Son action efficace limite le besoin de r\u00e9applications fr\u00e9quentes, assurant un excellent rapport co\u00fbt-performance pour une utilisation \u00e0 long terme.<\/p>\n<p><strong><img decoding=\"async\" style=\"margin-right: 12px;\" src=\"https:\/\/www.ferberpainting.com\/wp-content\/uploads\/2026\/02\/Check.svg\" alt=\"\" width=\"18\" height=\"15\" \/>S\u00e9curit\u00e9 et non-toxicit\u00e9.<\/strong>\u00a0Ce fixateur ne contient pas de solvants toxiques ni de substances nocives pour l'environnement. Il est ininflammable, exempt de fum\u00e9es chimiques agressives et ne pr\u00e9sente aucun risque pour la sant\u00e9 des applicateurs ou de la flore environnante. Son utilisation est s\u00fbre, que ce soit dans les espaces priv\u00e9s ou dans les espaces publics et les paysages.<\/p>\n<p><strong><img decoding=\"async\" style=\"margin-right: 12px;\" src=\"https:\/\/www.ferberpainting.com\/wp-content\/uploads\/2026\/02\/Check.svg\" alt=\"\" width=\"18\" height=\"15\" \/>Facilit\u00e9 d'application et rapidit\u00e9 de mise en \u0153uvre.<\/strong>\u00a0Pr\u00eat \u00e0 l'emploi, ce fixateur ne n\u00e9cessite aucune pr\u00e9paration complexe. Il s'applique directement sur les graviers ou les galets \u00e0 l'aide d'un pulv\u00e9risateur, d'un arrosoir ou d'un rouleau, assurant une application rapide et uniforme. Son s\u00e9chage rapide permet de remettre la surface en service en peu de temps, sans n\u00e9cessiter d'outils sp\u00e9cialis\u00e9s.<\/p>\n<p><strong><img decoding=\"async\" style=\"margin-right: 12px;\" src=\"https:\/\/www.ferberpainting.com\/wp-content\/uploads\/2026\/02\/Check.svg\" alt=\"\" width=\"18\" height=\"15\" \/>Excellente durabilit\u00e9 et r\u00e9sistance aux intemp\u00e9ries.<\/strong>\u00a0Une fois appliqu\u00e9, ce fixateur cr\u00e9e une solide coh\u00e9sion et une r\u00e9sistance aux variations climatiques, prot\u00e9geant efficacement contre l'\u00e9rosion due \u00e0 la pluie, au vent ou au trafic fr\u00e9quent. Il limite la formation d'orni\u00e8res et de creux, prolongeant ainsi de plusieurs ann\u00e9es la durabilit\u00e9 et l'esth\u00e9tique des surfaces stabilis\u00e9es.<\/p>\n<p><strong><img decoding=\"async\" style=\"margin-right: 12px;\" src=\"https:\/\/www.ferberpainting.com\/wp-content\/uploads\/2026\/02\/Check.svg\" alt=\"\" width=\"18\" height=\"15\" \/>Un effet rapide pour un sol stabilis\u00e9 sans attente prolong\u00e9e.<\/strong>\u00a0D\u00e8s l'application, le fixateur p\u00e9n\u00e8tre rapidement entre les agr\u00e9gats et commence \u00e0 durcir en quelques heures. Son s\u00e9chage intervient g\u00e9n\u00e9ralement dans les 24 \u00e0 48 heures, en fonction des conditions climatiques, assurant une stabilisation rapide sans immobiliser trop longtemps la zone d'intervention.<\/p>\n<h2><strong>Protocole d'utilisation<\/strong><\/h2>\n<ul>\n<li><strong>Pr\u00e9paration de la surface :<\/strong> S'assurer que la zone \u00e0 traiter est propre, s\u00e8che et exempte de poussi\u00e8re ou de d\u00e9bris. Si n\u00e9cessaire, niveler le gravier pour une r\u00e9partition uniforme avant l'application.<\/li>\n<li><strong>Dosage recommand\u00e9 :<\/strong> Appliquer environ 1 litre de liant pour 3 \u00e0 5 m\u00b2, en fonction de la porosit\u00e9 et de la granulom\u00e9trie des pierres ou du gravier. Une couche plus fine n\u00e9cessitera moins de produit, tandis qu'une surface tr\u00e8s meuble n\u00e9cessitera une application plus g\u00e9n\u00e9reuse.<\/li>\n<li><strong>Application du fixateur de liaison :<\/strong> Verser le produit directement sur le gravier \u00e0 l'aide d'un pulv\u00e9risateur, d'un arrosoir \u00e0 haut d\u00e9bit ou d'un rouleau. Veiller \u00e0 ce que le liant soit r\u00e9parti uniform\u00e9ment afin d'obtenir une adh\u00e9rence homog\u00e8ne.<\/li>\n<li><strong>Temps de s\u00e9chage :<\/strong> Laisser s\u00e9cher la zone trait\u00e9e \u00e0 l'air libre pendant 24 \u00e0 48 heures, en fonction des conditions m\u00e9t\u00e9orologiques. \u00c9viter tout trafic sur la zone trait\u00e9e pendant cette p\u00e9riode afin d'optimiser la liaison des agr\u00e9gats.<\/li>\n<li><strong>Entretien et retouches :<\/strong> V\u00e9rifier l'\u00e9tat de la surface apr\u00e8s s\u00e9chage complet, et si n\u00e9cessaire, appliquer une seconde couche l\u00e9g\u00e8re pour renforcer la coh\u00e9sion du gravier. En cas d'usure naturelle au fil des ann\u00e9es, une simple r\u00e9application permettra de restaurer l'efficacit\u00e9 du liant.<\/li>\n<li><strong>Nettoyage des outils :<\/strong> Rincez imm\u00e9diatement tout le mat\u00e9riel utilis\u00e9 \u00e0 l'eau claire pour \u00e9viter les r\u00e9sidus s\u00e9ch\u00e9s et prolonger la dur\u00e9e de vie des outils.<\/li>\n<\/ul>","protected":false},"excerpt":{"rendered":"<p>Effective and Durable Stabilization of Gravel and Pebbles.\u00a0This binding fixative is specially designed to solidify and keep gravel and pebbles in place, preventing their dispersion while maintaining the aesthetics and permeability of the soil. Ideal for pathways, courtyards, terraces, and pedestrian walkways, it offers a durable solution to prevent inconveniences related to displacement and aggregate [&hellip;]<\/p>\n","protected":false},"featured_media":26016,"comment_status":"open","ping_status":"closed","template":"","meta":{"_uag_custom_page_level_css":"","site-sidebar-layout":"default","site-content-layout":"","ast-site-content-layout":"default","site-content-style":"default","site-sidebar-style":"default","ast-global-header-display":"","ast-banner-title-visibility":"","ast-main-header-display":"","ast-hfb-above-header-display":"","ast-hfb-below-header-display":"","ast-hfb-mobile-header-display":"","site-post-title":"","ast-breadcrumbs-content":"","ast-featured-img":"","footer-sml-layout":"","ast-disable-related-posts":"","theme-transparent-header-meta":"default","adv-header-id-meta":"","stick-header-meta":"","header-above-stick-meta":"","header-main-stick-meta":"","header-below-stick-meta":"","astra-migrate-meta-layouts":"set","ast-page-background-enabled":"default","ast-page-background-meta":{"desktop":{"background-color":"var(--ast-global-color-4)","background-image":"","background-repeat":"repeat","background-position":"center center","background-size":"auto","background-attachment":"scroll","background-type":"","background-media":"","overlay-type":"","overlay-color":"","overlay-opacity":"","overlay-gradient":""},"tablet":{"background-color":"","background-image":"","background-repeat":"repeat","background-position":"center center","background-size":"auto","background-attachment":"scroll","background-type":"","background-media":"","overlay-type":"","overlay-color":"","overlay-opacity":"","overlay-gradient":""},"mobile":{"background-color":"","background-image":"","background-repeat":"repeat","background-position":"center center","background-size":"auto","background-attachment":"scroll","background-type":"","background-media":"","overlay-type":"","overlay-color":"","overlay-opacity":"","overlay-gradient":""}},"ast-content-background-meta":{"desktop":{"background-color":"var(--ast-global-color-5)","background-image":"","background-repeat":"repeat","background-position":"center center","background-size":"auto","background-attachment":"scroll","background-type":"","background-media":"","overlay-type":"","overlay-color":"","overlay-opacity":"","overlay-gradient":""},"tablet":{"background-color":"var(--ast-global-color-5)","background-image":"","background-repeat":"repeat","background-position":"center center","background-size":"auto","background-attachment":"scroll","background-type":"","background-media":"","overlay-type":"","overlay-color":"","overlay-opacity":"","overlay-gradient":""},"mobile":{"background-color":"var(--ast-global-color-5)","background-image":"","background-repeat":"repeat","background-position":"center center","background-size":"auto","background-attachment":"scroll","background-type":"","background-media":"","overlay-type":"","overlay-color":"","overlay-opacity":"","overlay-gradient":""}}},"product_brand":[],"product_cat":[176],"product_tag":[],"class_list":{"0":"post-23505","1":"product","2":"type-product","3":"status-publish","4":"has-post-thumbnail","6":"product_cat-concrete-treatment","7":"desktop-align-left","8":"tablet-align-left","9":"mobile-align-left","11":"first","12":"instock","13":"sale","14":"shipping-taxable","15":"purchasable","16":"product-type-variable","17":"has-default-attributes"},"spectra_custom_meta":{"_visibility":["visible"],"_shopify_product_id":["9059464315125"],"_s2w_shopify_domain":["ferberpainting.myshopify.com"],"_shopify_variant_id":["46481188880629"],"_sku":[""],"_manage_stock":["no"],"total_sales":["6197"],"_tax_status":["taxable"],"_tax_class":[""],"_backorders":["no"],"_sold_individually":["no"],"_virtual":["no"],"_downloadable":["no"],"_download_limit":["-1"],"_download_expiry":["-1"],"_stock":[null],"_stock_status":["instock"],"_wc_average_rating":["4.57"],"_wc_review_count":["7"],"_product_attributes":["a:1:{s:6:\"volume\";a:6:{s:4:\"name\";s:6:\"Volume\";s:5:\"value\";s:20:\"5 liters | 25 liters\";s:8:\"position\";i:1;s:10:\"is_visible\";i:0;s:12:\"is_variation\";i:1;s:11:\"is_taxonomy\";i:0;}}"],"_product_version":["10.5.1"],"_thumbnail_id":["26016"],"_product_image_gallery":["26017"],"wpse_downloadable_file_names":[""],"wpse_downloadable_file_urls":[""],"_edit_last":["1"],"_default_attributes":["a:1:{s:6:\"volume\";s:8:\"5 liters\";}"],"_edit_lock":["1776163647:7131"],"merchant-center-availability":["yes"],"merchant-center-category":["2277"],"_wp_page_template":["default"],"site-sidebar-layout":["default"],"ast-site-content-layout":["default"],"site-content-style":["default"],"site-sidebar-style":["default"],"theme-transparent-header-meta":["default"],"_wc_rating_count":["a:2:{i:4;i:3;i:5;i:4;}"],"_upsell_ids":["a:3:{i:0;i:25276;i:1;i:25345;i:2;i:25652;}"],"_crosssell_ids":["a:3:{i:0;i:25276;i:1;i:25345;i:2;i:25652;}"],"_price":["29.90","129.90"],"astra-migrate-meta-layouts":["set"],"_uag_css_file_name":["uag-css-23505.css"],"_elementor_page_assets":["a:0:{}"],"_uag_page_assets":["a:9:{s:3:\"css\";s:7133:\".uag-blocks-common-selector{z-index:var(--z-index-desktop) !important}@media(max-width: 976px){.uag-blocks-common-selector{z-index:var(--z-index-tablet) !important}}@media(max-width: 767px){.uag-blocks-common-selector{z-index:var(--z-index-mobile) !important}}.wp-block-uagb-image{display:flex}.wp-block-uagb-image__figure{position:relative;display:flex;flex-direction:column;max-width:100%;height:auto;margin:0}.wp-block-uagb-image__figure img{height:auto;display:flex;max-width:100%;transition:box-shadow .2s ease}.wp-block-uagb-image__figure>a{display:inline-block}.wp-block-uagb-image__figure figcaption{text-align:center;margin-top:.5em;margin-bottom:1em}.wp-block-uagb-image .components-placeholder.block-editor-media-placeholder .components-placeholder__instructions{align-self:center}.wp-block-uagb-image--align-left{text-align:left}.wp-block-uagb-image--align-right{text-align:right}.wp-block-uagb-image--align-center{text-align:center}.wp-block-uagb-image--align-full .wp-block-uagb-image__figure{margin-left:calc(50% - 50vw);margin-right:calc(50% - 50vw);max-width:100vw;width:100vw;height:auto}.wp-block-uagb-image--align-full .wp-block-uagb-image__figure img{height:auto;width:100% !important}.wp-block-uagb-image--align-wide .wp-block-uagb-image__figure img{height:auto;width:100%}.wp-block-uagb-image--layout-overlay__color-wrapper{position:absolute;left:0;top:0;right:0;bottom:0;opacity:.2;background:rgba(0,0,0,.5);transition:opacity .35s ease-in-out}.wp-block-uagb-image--layout-overlay-link{position:absolute;left:0;right:0;bottom:0;top:0}.wp-block-uagb-image--layout-overlay .wp-block-uagb-image__figure:hover .wp-block-uagb-image--layout-overlay__color-wrapper{opacity:1}.wp-block-uagb-image--layout-overlay__inner{position:absolute;left:15px;right:15px;bottom:15px;top:15px;display:flex;align-items:center;justify-content:center;flex-direction:column;border-color:#fff;transition:.35s ease-in-out}.wp-block-uagb-image--layout-overlay__inner.top-left,.wp-block-uagb-image--layout-overlay__inner.top-center,.wp-block-uagb-image--layout-overlay__inner.top-right{justify-content:flex-start}.wp-block-uagb-image--layout-overlay__inner.bottom-left,.wp-block-uagb-image--layout-overlay__inner.bottom-center,.wp-block-uagb-image--layout-overlay__inner.bottom-right{justify-content:flex-end}.wp-block-uagb-image--layout-overlay__inner.top-left,.wp-block-uagb-image--layout-overlay__inner.center-left,.wp-block-uagb-image--layout-overlay__inner.bottom-left{align-items:flex-start}.wp-block-uagb-image--layout-overlay__inner.top-right,.wp-block-uagb-image--layout-overlay__inner.center-right,.wp-block-uagb-image--layout-overlay__inner.bottom-right{align-items:flex-end}.wp-block-uagb-image--layout-overlay__inner .uagb-image-heading{color:#fff;transition:transform .35s,opacity .35s ease-in-out;transform:translate3d(0, 24px, 0);margin:0;line-height:1em}.wp-block-uagb-image--layout-overlay__inner .uagb-image-separator{width:30%;border-top-width:2px;border-top-color:#fff;border-top-style:solid;margin-bottom:10px;opacity:0;transition:transform .4s,opacity .4s ease-in-out;transform:translate3d(0, 30px, 0)}.wp-block-uagb-image--layout-overlay__inner .uagb-image-caption{opacity:0;overflow:visible;color:#fff;transition:transform .45s,opacity .45s ease-in-out;transform:translate3d(0, 35px, 0)}.wp-block-uagb-image--layout-overlay__inner:hover .uagb-image-heading,.wp-block-uagb-image--layout-overlay__inner:hover .uagb-image-separator,.wp-block-uagb-image--layout-overlay__inner:hover .uagb-image-caption{opacity:1;transform:translate3d(0, 0, 0)}.wp-block-uagb-image--effect-zoomin .wp-block-uagb-image__figure img,.wp-block-uagb-image--effect-zoomin .wp-block-uagb-image__figure .wp-block-uagb-image--layout-overlay__color-wrapper{transform:scale(1);transition:transform .35s ease-in-out}.wp-block-uagb-image--effect-zoomin .wp-block-uagb-image__figure:hover img,.wp-block-uagb-image--effect-zoomin .wp-block-uagb-image__figure:hover .wp-block-uagb-image--layout-overlay__color-wrapper{transform:scale(1.05)}.wp-block-uagb-image--effect-slide .wp-block-uagb-image__figure img,.wp-block-uagb-image--effect-slide .wp-block-uagb-image__figure .wp-block-uagb-image--layout-overlay__color-wrapper{width:calc(100% + 40px) !important;max-width:none !important;transform:translate3d(-40px, 0, 0);transition:transform .35s ease-in-out}.wp-block-uagb-image--effect-slide .wp-block-uagb-image__figure:hover img,.wp-block-uagb-image--effect-slide .wp-block-uagb-image__figure:hover .wp-block-uagb-image--layout-overlay__color-wrapper{transform:translate3d(0, 0, 0)}.wp-block-uagb-image--effect-grayscale img{filter:grayscale(0%);transition:.35s ease-in-out}.wp-block-uagb-image--effect-grayscale:hover img{filter:grayscale(100%)}.wp-block-uagb-image--effect-blur img{filter:blur(0);transition:.35s ease-in-out}.wp-block-uagb-image--effect-blur:hover img{filter:blur(3px)}.uagb-block-e6f939b3.wp-block-uagb-image--layout-default figure img{box-shadow: 0px 0px 0 #00000070;}.uagb-block-e6f939b3.wp-block-uagb-image .wp-block-uagb-image__figure figcaption{font-style: normal;align-self: center;}.uagb-block-e6f939b3.wp-block-uagb-image--layout-overlay figure img{box-shadow: 0px 0px 0 #00000070;}.uagb-block-e6f939b3.wp-block-uagb-image--layout-overlay .wp-block-uagb-image--layout-overlay__color-wrapper{opacity: 0.2;}.uagb-block-e6f939b3.wp-block-uagb-image--layout-overlay .wp-block-uagb-image--layout-overlay__inner{left: 15px;right: 15px;top: 15px;bottom: 15px;}.uagb-block-e6f939b3.wp-block-uagb-image--layout-overlay .wp-block-uagb-image--layout-overlay__inner .uagb-image-heading{font-style: normal;color: #fff;opacity: 1;}.uagb-block-e6f939b3.wp-block-uagb-image--layout-overlay .wp-block-uagb-image--layout-overlay__inner .uagb-image-heading a{color: #fff;}.uagb-block-e6f939b3.wp-block-uagb-image--layout-overlay .wp-block-uagb-image--layout-overlay__inner .uagb-image-caption{opacity: 0;}.uagb-block-e6f939b3.wp-block-uagb-image--layout-overlay .wp-block-uagb-image__figure:hover .wp-block-uagb-image--layout-overlay__color-wrapper{opacity: 1;}.uagb-block-e6f939b3.wp-block-uagb-image .wp-block-uagb-image--layout-overlay__inner .uagb-image-separator{width: 30%;border-top-width: 2px;border-top-color: #fff;opacity: 0;}.uagb-block-e6f939b3.wp-block-uagb-image .wp-block-uagb-image__figure img{width: px;height: auto;}.uagb-block-e6f939b3.wp-block-uagb-image .wp-block-uagb-image__figure:hover .wp-block-uagb-image--layout-overlay__inner .uagb-image-caption{opacity: 1;}.uagb-block-e6f939b3.wp-block-uagb-image .wp-block-uagb-image__figure:hover .wp-block-uagb-image--layout-overlay__inner .uagb-image-separator{opacity: 1;}.uagb-block-e6f939b3.wp-block-uagb-image--layout-default figure:hover img{box-shadow: 0px 0px 0 #00000070;}.uagb-block-e6f939b3.wp-block-uagb-image--layout-overlay figure:hover img{box-shadow: 0px 0px 0 #00000070;}@media only screen and (max-width: 976px) {.uagb-block-e6f939b3.wp-block-uagb-image .wp-block-uagb-image__figure img{width: px;height: auto;}}@media only screen and (max-width: 767px) {.uagb-block-e6f939b3.wp-block-uagb-image .wp-block-uagb-image__figure img{width: px;height: auto;}}\";s:2:\"js\";s:0:\"\";s:18:\"current_block_list\";a:13:{i:0;s:11:\"core\/search\";i:1;s:10:\"core\/group\";i:2;s:12:\"core\/heading\";i:3;s:17:\"core\/latest-posts\";i:4;s:20:\"core\/latest-comments\";i:5;s:13:\"core\/archives\";i:6;s:15:\"core\/categories\";i:7;s:14:\"core\/paragraph\";i:8;s:10:\"uagb\/image\";i:9;s:11:\"core\/spacer\";i:10;s:30:\"woocommerce\/product-categories\";i:11;s:10:\"core\/image\";i:12;s:14:\"core\/shortcode\";}s:8:\"uag_flag\";b:1;s:11:\"uag_version\";s:10:\"1776776515\";s:6:\"gfonts\";a:0:{}s:10:\"gfonts_url\";s:0:\"\";s:12:\"gfonts_files\";a:0:{}s:14:\"uag_faq_layout\";b:0;}"]},"uagb_featured_image_src":{"full":["https:\/\/www.ferberpainting.com\/wp-content\/uploads\/2025\/05\/GravelandStoneBinder5L.png",2560,2560,false],"thumbnail":["https:\/\/www.ferberpainting.com\/wp-content\/uploads\/2025\/05\/GravelandStoneBinder5L-150x150.png",150,150,true],"medium":["https:\/\/www.ferberpainting.com\/wp-content\/uploads\/2025\/05\/GravelandStoneBinder5L-300x300.png",300,300,true],"medium_large":["https:\/\/www.ferberpainting.com\/wp-content\/uploads\/2025\/05\/GravelandStoneBinder5L-768x768.png",768,768,true],"large":["https:\/\/www.ferberpainting.com\/wp-content\/uploads\/2025\/05\/GravelandStoneBinder5L-1024x1024.png",1024,1024,true],"1536x1536":["https:\/\/www.ferberpainting.com\/wp-content\/uploads\/2025\/05\/GravelandStoneBinder5L-1536x1536.png",1536,1536,true],"2048x2048":["https:\/\/www.ferberpainting.com\/wp-content\/uploads\/2025\/05\/GravelandStoneBinder5L-2048x2048.png",2048,2048,true],"trp-custom-language-flag":["https:\/\/www.ferberpainting.com\/wp-content\/uploads\/2025\/05\/GravelandStoneBinder5L-12x12.png",12,12,true],"woocommerce_thumbnail":["https:\/\/www.ferberpainting.com\/wp-content\/uploads\/2025\/05\/GravelandStoneBinder5L-300x300.png",300,300,true],"woocommerce_single":["https:\/\/www.ferberpainting.com\/wp-content\/uploads\/2025\/05\/GravelandStoneBinder5L-600x600.png",600,600,true],"woocommerce_gallery_thumbnail":["https:\/\/www.ferberpainting.com\/wp-content\/uploads\/2025\/05\/GravelandStoneBinder5L-100x100.png",100,100,true]},"uagb_author_info":{"display_name":"admin","author_link":"https:\/\/www.ferberpainting.com\/fr\/author\/"},"uagb_comment_info":7,"uagb_excerpt":"Effective and Durable Stabilization of Gravel and Pebbles.\u00a0This binding fixative is specially designed to solidify and keep gravel and pebbles in place, preventing their dispersion while maintaining the aesthetics and permeability of the soil. Ideal for pathways, courtyards, terraces, and pedestrian walkways, it offers a durable solution to prevent inconveniences related to displacement and aggregate\u2026","_links":{"self":[{"href":"https:\/\/www.ferberpainting.com\/fr\/wp-json\/wp\/v2\/product\/23505","targetHints":{"allow":["GET"]}}],"collection":[{"href":"https:\/\/www.ferberpainting.com\/fr\/wp-json\/wp\/v2\/product"}],"about":[{"href":"https:\/\/www.ferberpainting.com\/fr\/wp-json\/wp\/v2\/types\/product"}],"replies":[{"embeddable":true,"href":"https:\/\/www.ferberpainting.com\/fr\/wp-json\/wp\/v2\/comments?post=23505"}],"version-history":[{"count":4,"href":"https:\/\/www.ferberpainting.com\/fr\/wp-json\/wp\/v2\/product\/23505\/revisions"}],"predecessor-version":[{"id":166265,"href":"https:\/\/www.ferberpainting.com\/fr\/wp-json\/wp\/v2\/product\/23505\/revisions\/166265"}],"wp:featuredmedia":[{"embeddable":true,"href":"https:\/\/www.ferberpainting.com\/fr\/wp-json\/wp\/v2\/media\/26016"}],"wp:attachment":[{"href":"https:\/\/www.ferberpainting.com\/fr\/wp-json\/wp\/v2\/media?parent=23505"}],"wp:term":[{"taxonomy":"product_brand","embeddable":true,"href":"https:\/\/www.ferberpainting.com\/fr\/wp-json\/wp\/v2\/product_brand?post=23505"},{"taxonomy":"product_cat","embeddable":true,"href":"https:\/\/www.ferberpainting.com\/fr\/wp-json\/wp\/v2\/product_cat?post=23505"},{"taxonomy":"product_tag","embeddable":true,"href":"https:\/\/www.ferberpainting.com\/fr\/wp-json\/wp\/v2\/product_tag?post=23505"}],"curies":[{"name":"wp","href":"https:\/\/api.w.org\/{rel}","templated":true}]}}