{"id":23226,"date":"2025-05-26T10:23:24","date_gmt":"2025-05-26T08:23:24","guid":{"rendered":"https:\/\/www.ferberpainting.com\/products\/fabric-and-textile-hardener\/"},"modified":"2026-02-15T16:46:26","modified_gmt":"2026-02-15T15:46:26","slug":"fabric-and-textile-hardener","status":"publish","type":"product","link":"https:\/\/www.ferberpainting.com\/fr\/products\/fabric-and-textile-hardener\/","title":{"rendered":"Durcisseur pour tissu et textile"},"content":{"rendered":"<p><img decoding=\"async\" style=\"margin-right: 12px;\" src=\"https:\/\/www.ferberpainting.com\/wp-content\/uploads\/2026\/02\/Check.svg\" alt=\"\" width=\"18\" height=\"15\" \/><strong>Raidissement et mise en forme des textiles.<\/strong>\u00a0Ce durcisseur pour tissus et textiles est sp\u00e9cialement con\u00e7u pour donner de la rigidit\u00e9 aux textiles souples et leur permettre de conserver une forme sp\u00e9cifique. Il est id\u00e9al pour les cr\u00e9ations artistiques, la d\u00e9coration, les costumes, les abat-jour, les rideaux structur\u00e9s ou tout autre projet n\u00e9cessitant des textiles rigidifi\u00e9s et fa\u00e7onn\u00e9s.<\/p>\n<p><strong><img decoding=\"async\" style=\"margin-right: 12px;\" src=\"https:\/\/www.ferberpainting.com\/wp-content\/uploads\/2026\/02\/Check.svg\" alt=\"\" width=\"18\" height=\"15\" \/>Garantie de remboursement.<\/strong>\u00a0Nous avons toute confiance dans l'efficacit\u00e9 de notre durcisseur pour tissus et textiles. C'est pourquoi nous offrons une garantie de remboursement. Si le produit ne r\u00e9pond pas \u00e0 vos attentes apr\u00e8s avoir \u00e9t\u00e9 appliqu\u00e9 conform\u00e9ment aux instructions, vous pouvez demander un remboursement sans aucune condition, ce qui vous assure un achat s\u00fbr et sans risque.<\/p>\n<p><img decoding=\"async\" style=\"margin-right: 12px;\" src=\"https:\/\/www.ferberpainting.com\/wp-content\/uploads\/2026\/02\/Check.svg\" alt=\"\" width=\"18\" height=\"15\" \/><strong>Compatible avec une grande vari\u00e9t\u00e9 de textiles.<\/strong>\u00a0Ce durcisseur convient aux tissus naturels tels que le coton, le lin, la soie, la laine, ainsi qu'aux textiles synth\u00e9tiques tels que le polyester et le nylon. Il peut \u00eatre utilis\u00e9 sur des tissus fins ou \u00e9pais et convient aussi bien aux mat\u00e9riaux l\u00e9gers qu'aux textiles d'ameublement n\u00e9cessitant une rigidit\u00e9 renforc\u00e9e.<\/p>\n<p><img decoding=\"async\" style=\"margin-right: 12px;\" src=\"https:\/\/www.ferberpainting.com\/wp-content\/uploads\/2026\/02\/Check.svg\" alt=\"\" width=\"18\" height=\"15\" \/><strong>Rentabilit\u00e9 et optimisation des performances.<\/strong>\u00a0Gr\u00e2ce \u00e0 sa formule concentr\u00e9e, 1 litre de produit permet de traiter entre 3 et 5 m\u00b2 de textile, en fonction de l'absorption du tissu et du niveau de rigidit\u00e9 souhait\u00e9. En g\u00e9n\u00e9ral, une seule application suffit pour obtenir des effets structurels durables, ce qui r\u00e9duit la quantit\u00e9 n\u00e9cessaire pour chaque projet.<\/p>\n<p><img decoding=\"async\" style=\"margin-right: 12px;\" src=\"https:\/\/www.ferberpainting.com\/wp-content\/uploads\/2026\/02\/Check.svg\" alt=\"\" width=\"18\" height=\"15\" \/><strong>Un produit s\u00fbr et non toxique.<\/strong>\u00a0Formul\u00e9 sans solvants agressifs ni fum\u00e9es toxiques, ce durcisseur ne pr\u00e9sente aucun danger pour l'utilisateur ou l'environnement. Il est inodore, ininflammable et peut \u00eatre manipul\u00e9 sans protection particuli\u00e8re, garantissant une utilisation s\u00fbre \u00e0 l'int\u00e9rieur comme \u00e0 l'ext\u00e9rieur.<\/p>\n<p><img decoding=\"async\" style=\"margin-right: 12px;\" src=\"https:\/\/www.ferberpainting.com\/wp-content\/uploads\/2026\/02\/Check.svg\" alt=\"\" width=\"18\" height=\"15\" \/><strong>Application facile et s\u00e9chage rapide.<\/strong>\u00a0Ce durcisseur est pr\u00eat \u00e0 l'emploi et s'applique facilement au pinceau, \u00e0 l'\u00e9ponge ou par trempage, selon la rigidit\u00e9 souhait\u00e9e. Il p\u00e9n\u00e8tre rapidement dans les fibres et s\u00e8che en quelques heures, permettant une mise en forme rapide sans alt\u00e9rer la texture ou l'aspect du textile trait\u00e9.<\/p>\n<p><img decoding=\"async\" style=\"margin-right: 12px;\" src=\"https:\/\/www.ferberpainting.com\/wp-content\/uploads\/2026\/02\/Check.svg\" alt=\"\" width=\"18\" height=\"15\" \/><strong>Durabilit\u00e9 et r\u00e9sistance accrues.<\/strong>\u00a0Une fois appliqu\u00e9 et s\u00e9ch\u00e9, ce durcisseur offre une tenue durable, r\u00e9sistant aux manipulations r\u00e9p\u00e9t\u00e9es et aux agressions ext\u00e9rieures telles que l'humidit\u00e9 ou la poussi\u00e8re. Il contribue \u00e0 maintenir la stabilit\u00e9 et l'aspect esth\u00e9tique des textiles rigidifi\u00e9s, en \u00e9vitant leur d\u00e9formation ou leur affaissement au fil du temps.<\/p>\n<p><img decoding=\"async\" style=\"margin-right: 12px;\" src=\"https:\/\/www.ferberpainting.com\/wp-content\/uploads\/2026\/02\/Check.svg\" alt=\"\" width=\"18\" height=\"15\" \/><strong>Effet rapide pour des r\u00e9sultats imm\u00e9diats.<\/strong>\u00a0D\u00e8s l'application, ce durcisseur commence imm\u00e9diatement \u00e0 structurer les fibres textiles, permettant une mise en forme en quelques minutes. Son s\u00e9chage rapide optimise le temps de r\u00e9alisation des projets, en \u00e9vitant de longues p\u00e9riodes d'attente avant la mise en place ou l'installation des \u00e9l\u00e9ments finis.<\/p>\n<h2><strong>Protocole d'utilisation<\/strong><\/h2>\n<ul>\n<li><strong>Pr\u00e9paration des textiles <\/strong>: S'assurer que le tissu est propre et sec avant l'application. Pour les textiles neufs, un lavage pr\u00e9alable peut \u00eatre recommand\u00e9 afin d'\u00e9liminer les traitements de surface qui pourraient entraver l'adh\u00e9rence du durcisseur.<\/li>\n<li><strong>Dosage recommand\u00e9 <\/strong>: Appliquer 1 litre pour 3 \u00e0 5 m\u00b2 de tissu, en fonction de la porosit\u00e9 et de l'\u00e9paisseur du textile. Pour une plus grande rigidit\u00e9, appliquer une quantit\u00e9 plus importante ou effectuer une seconde application apr\u00e8s s\u00e9chage de la premi\u00e8re couche.<\/li>\n<li><strong>M\u00e9thode d'application <\/strong>: Appliquer le produit \u00e0 l'aide d'un pinceau, d'une \u00e9ponge ou par trempage, en veillant \u00e0 ce que le tissu soit compl\u00e8tement et uniform\u00e9ment satur\u00e9. Pour les applications artistiques ou d\u00e9coratives, donner au textile la forme souhait\u00e9e avant le s\u00e9chage.<\/li>\n<li><strong>Temps de s\u00e9chage <\/strong>: Laissez le tissu s\u00e9cher \u00e0 l'air libre pendant 12 \u00e0 24 heures, en fonction de l'humidit\u00e9 ambiante et de l'\u00e9paisseur du tissu. Pour un s\u00e9chage plus rapide, utilisez un ventilateur ou un s\u00e8che-cheveux \u00e0 temp\u00e9rature mod\u00e9r\u00e9e.<\/li>\n<li><strong>Finition et entretien <\/strong>: Une fois durci, le textile peut \u00eatre peint, verni ou d\u00e9cor\u00e9 selon les besoins. Pour plus de rigidit\u00e9, une deuxi\u00e8me couche peut \u00eatre appliqu\u00e9e apr\u00e8s s\u00e9chage complet de la premi\u00e8re.<\/li>\n<li><strong>Nettoyage des outils <\/strong>: Apr\u00e8s utilisation, nettoyez imm\u00e9diatement les brosses et les \u00e9ponges \u00e0 l'eau claire pour \u00e9viter le durcissement et prolonger la dur\u00e9e de vie de vos outils.<\/li>\n<\/ul>","protected":false},"excerpt":{"rendered":"<p>Stiffening and shaping of textiles.\u00a0This fabric and textile hardener is specially designed to give rigidity to soft textiles, allowing them to maintain a specific shape. It is ideal for artistic creations, decoration, costumes, lampshades, structured curtains, or any other project requiring stiffened and shaped textiles. Money-back guarantee.\u00a0We have complete confidence in the effectiveness of our [&hellip;]<\/p>\n","protected":false},"featured_media":25766,"comment_status":"open","ping_status":"closed","template":"","meta":{"_uag_custom_page_level_css":"","site-sidebar-layout":"default","site-content-layout":"","ast-site-content-layout":"default","site-content-style":"default","site-sidebar-style":"default","ast-global-header-display":"","ast-banner-title-visibility":"","ast-main-header-display":"","ast-hfb-above-header-display":"","ast-hfb-below-header-display":"","ast-hfb-mobile-header-display":"","site-post-title":"","ast-breadcrumbs-content":"","ast-featured-img":"","footer-sml-layout":"","ast-disable-related-posts":"","theme-transparent-header-meta":"default","adv-header-id-meta":"","stick-header-meta":"","header-above-stick-meta":"","header-main-stick-meta":"","header-below-stick-meta":"","astra-migrate-meta-layouts":"set","ast-page-background-enabled":"default","ast-page-background-meta":{"desktop":{"background-color":"var(--ast-global-color-4)","background-image":"","background-repeat":"repeat","background-position":"center center","background-size":"auto","background-attachment":"scroll","background-type":"","background-media":"","overlay-type":"","overlay-color":"","overlay-opacity":"","overlay-gradient":""},"tablet":{"background-color":"","background-image":"","background-repeat":"repeat","background-position":"center center","background-size":"auto","background-attachment":"scroll","background-type":"","background-media":"","overlay-type":"","overlay-color":"","overlay-opacity":"","overlay-gradient":""},"mobile":{"background-color":"","background-image":"","background-repeat":"repeat","background-position":"center center","background-size":"auto","background-attachment":"scroll","background-type":"","background-media":"","overlay-type":"","overlay-color":"","overlay-opacity":"","overlay-gradient":""}},"ast-content-background-meta":{"desktop":{"background-color":"var(--ast-global-color-5)","background-image":"","background-repeat":"repeat","background-position":"center center","background-size":"auto","background-attachment":"scroll","background-type":"","background-media":"","overlay-type":"","overlay-color":"","overlay-opacity":"","overlay-gradient":""},"tablet":{"background-color":"var(--ast-global-color-5)","background-image":"","background-repeat":"repeat","background-position":"center center","background-size":"auto","background-attachment":"scroll","background-type":"","background-media":"","overlay-type":"","overlay-color":"","overlay-opacity":"","overlay-gradient":""},"mobile":{"background-color":"var(--ast-global-color-5)","background-image":"","background-repeat":"repeat","background-position":"center center","background-size":"auto","background-attachment":"scroll","background-type":"","background-media":"","overlay-type":"","overlay-color":"","overlay-opacity":"","overlay-gradient":""}}},"product_brand":[],"product_cat":[175],"product_tag":[],"class_list":{"0":"post-23226","1":"product","2":"type-product","3":"status-publish","4":"has-post-thumbnail","6":"product_cat-cleaning-products","7":"desktop-align-left","8":"tablet-align-left","9":"mobile-align-left","11":"first","12":"instock","13":"sale","14":"taxable","15":"shipping-taxable","16":"purchasable","17":"product-type-variable","18":"has-default-attributes"},"spectra_custom_meta":{"_visibility":["visible"],"_shopify_product_id":["9059927228661"],"_s2w_shopify_domain":["ferberpainting.myshopify.com"],"_shopify_variant_id":["46482300010741"],"_sku":[""],"_manage_stock":["no"],"total_sales":["173"],"_tax_status":["taxable"],"_tax_class":[""],"_backorders":["no"],"_sold_individually":["no"],"_virtual":["no"],"_downloadable":["no"],"_download_limit":["-1"],"_download_expiry":["-1"],"_stock":[null],"_stock_status":["instock"],"_wc_average_rating":["4.75"],"_wc_review_count":["8"],"_product_attributes":["a:1:{s:6:\"volume\";a:6:{s:4:\"name\";s:6:\"Volume\";s:5:\"value\";s:20:\"5 liters | 25 liters\";s:8:\"position\";i:1;s:10:\"is_visible\";i:0;s:12:\"is_variation\";i:1;s:11:\"is_taxonomy\";i:0;}}"],"_product_version":["10.5.1"],"_thumbnail_id":["25766"],"_product_image_gallery":["25767"],"wpse_downloadable_file_names":[""],"wpse_downloadable_file_urls":[""],"_edit_last":["1"],"_default_attributes":["a:1:{s:6:\"volume\";s:8:\"5 liters\";}"],"_edit_lock":["1771170272:1"],"_price":["29.90","129.90"],"merchant-center-availability":["yes"],"merchant-center-category":["8043"],"_wp_page_template":["default"],"site-sidebar-layout":["default"],"ast-site-content-layout":["default"],"site-content-style":["default"],"site-sidebar-style":["default"],"theme-transparent-header-meta":["default"],"_wc_rating_count":["a:2:{i:4;i:2;i:5;i:6;}"],"astra-migrate-meta-layouts":["set"],"_uag_css_file_name":["uag-css-23226.css"],"_elementor_page_assets":["a:0:{}"],"_uag_page_assets":["a:9:{s:3:\"css\";s:7133:\".uag-blocks-common-selector{z-index:var(--z-index-desktop) !important}@media(max-width: 976px){.uag-blocks-common-selector{z-index:var(--z-index-tablet) !important}}@media(max-width: 767px){.uag-blocks-common-selector{z-index:var(--z-index-mobile) !important}}.wp-block-uagb-image{display:flex}.wp-block-uagb-image__figure{position:relative;display:flex;flex-direction:column;max-width:100%;height:auto;margin:0}.wp-block-uagb-image__figure img{height:auto;display:flex;max-width:100%;transition:box-shadow .2s ease}.wp-block-uagb-image__figure>a{display:inline-block}.wp-block-uagb-image__figure figcaption{text-align:center;margin-top:.5em;margin-bottom:1em}.wp-block-uagb-image .components-placeholder.block-editor-media-placeholder .components-placeholder__instructions{align-self:center}.wp-block-uagb-image--align-left{text-align:left}.wp-block-uagb-image--align-right{text-align:right}.wp-block-uagb-image--align-center{text-align:center}.wp-block-uagb-image--align-full .wp-block-uagb-image__figure{margin-left:calc(50% - 50vw);margin-right:calc(50% - 50vw);max-width:100vw;width:100vw;height:auto}.wp-block-uagb-image--align-full .wp-block-uagb-image__figure img{height:auto;width:100% !important}.wp-block-uagb-image--align-wide .wp-block-uagb-image__figure img{height:auto;width:100%}.wp-block-uagb-image--layout-overlay__color-wrapper{position:absolute;left:0;top:0;right:0;bottom:0;opacity:.2;background:rgba(0,0,0,.5);transition:opacity .35s ease-in-out}.wp-block-uagb-image--layout-overlay-link{position:absolute;left:0;right:0;bottom:0;top:0}.wp-block-uagb-image--layout-overlay .wp-block-uagb-image__figure:hover .wp-block-uagb-image--layout-overlay__color-wrapper{opacity:1}.wp-block-uagb-image--layout-overlay__inner{position:absolute;left:15px;right:15px;bottom:15px;top:15px;display:flex;align-items:center;justify-content:center;flex-direction:column;border-color:#fff;transition:.35s ease-in-out}.wp-block-uagb-image--layout-overlay__inner.top-left,.wp-block-uagb-image--layout-overlay__inner.top-center,.wp-block-uagb-image--layout-overlay__inner.top-right{justify-content:flex-start}.wp-block-uagb-image--layout-overlay__inner.bottom-left,.wp-block-uagb-image--layout-overlay__inner.bottom-center,.wp-block-uagb-image--layout-overlay__inner.bottom-right{justify-content:flex-end}.wp-block-uagb-image--layout-overlay__inner.top-left,.wp-block-uagb-image--layout-overlay__inner.center-left,.wp-block-uagb-image--layout-overlay__inner.bottom-left{align-items:flex-start}.wp-block-uagb-image--layout-overlay__inner.top-right,.wp-block-uagb-image--layout-overlay__inner.center-right,.wp-block-uagb-image--layout-overlay__inner.bottom-right{align-items:flex-end}.wp-block-uagb-image--layout-overlay__inner .uagb-image-heading{color:#fff;transition:transform .35s,opacity .35s ease-in-out;transform:translate3d(0, 24px, 0);margin:0;line-height:1em}.wp-block-uagb-image--layout-overlay__inner .uagb-image-separator{width:30%;border-top-width:2px;border-top-color:#fff;border-top-style:solid;margin-bottom:10px;opacity:0;transition:transform .4s,opacity .4s ease-in-out;transform:translate3d(0, 30px, 0)}.wp-block-uagb-image--layout-overlay__inner .uagb-image-caption{opacity:0;overflow:visible;color:#fff;transition:transform .45s,opacity .45s ease-in-out;transform:translate3d(0, 35px, 0)}.wp-block-uagb-image--layout-overlay__inner:hover .uagb-image-heading,.wp-block-uagb-image--layout-overlay__inner:hover .uagb-image-separator,.wp-block-uagb-image--layout-overlay__inner:hover .uagb-image-caption{opacity:1;transform:translate3d(0, 0, 0)}.wp-block-uagb-image--effect-zoomin .wp-block-uagb-image__figure img,.wp-block-uagb-image--effect-zoomin .wp-block-uagb-image__figure .wp-block-uagb-image--layout-overlay__color-wrapper{transform:scale(1);transition:transform .35s ease-in-out}.wp-block-uagb-image--effect-zoomin .wp-block-uagb-image__figure:hover img,.wp-block-uagb-image--effect-zoomin .wp-block-uagb-image__figure:hover .wp-block-uagb-image--layout-overlay__color-wrapper{transform:scale(1.05)}.wp-block-uagb-image--effect-slide .wp-block-uagb-image__figure img,.wp-block-uagb-image--effect-slide .wp-block-uagb-image__figure .wp-block-uagb-image--layout-overlay__color-wrapper{width:calc(100% + 40px) !important;max-width:none !important;transform:translate3d(-40px, 0, 0);transition:transform .35s ease-in-out}.wp-block-uagb-image--effect-slide .wp-block-uagb-image__figure:hover img,.wp-block-uagb-image--effect-slide .wp-block-uagb-image__figure:hover .wp-block-uagb-image--layout-overlay__color-wrapper{transform:translate3d(0, 0, 0)}.wp-block-uagb-image--effect-grayscale img{filter:grayscale(0%);transition:.35s ease-in-out}.wp-block-uagb-image--effect-grayscale:hover img{filter:grayscale(100%)}.wp-block-uagb-image--effect-blur img{filter:blur(0);transition:.35s ease-in-out}.wp-block-uagb-image--effect-blur:hover img{filter:blur(3px)}.uagb-block-e6f939b3.wp-block-uagb-image--layout-default figure img{box-shadow: 0px 0px 0 #00000070;}.uagb-block-e6f939b3.wp-block-uagb-image .wp-block-uagb-image__figure figcaption{font-style: normal;align-self: center;}.uagb-block-e6f939b3.wp-block-uagb-image--layout-overlay figure img{box-shadow: 0px 0px 0 #00000070;}.uagb-block-e6f939b3.wp-block-uagb-image--layout-overlay .wp-block-uagb-image--layout-overlay__color-wrapper{opacity: 0.2;}.uagb-block-e6f939b3.wp-block-uagb-image--layout-overlay .wp-block-uagb-image--layout-overlay__inner{left: 15px;right: 15px;top: 15px;bottom: 15px;}.uagb-block-e6f939b3.wp-block-uagb-image--layout-overlay .wp-block-uagb-image--layout-overlay__inner .uagb-image-heading{font-style: normal;color: #fff;opacity: 1;}.uagb-block-e6f939b3.wp-block-uagb-image--layout-overlay .wp-block-uagb-image--layout-overlay__inner .uagb-image-heading a{color: #fff;}.uagb-block-e6f939b3.wp-block-uagb-image--layout-overlay .wp-block-uagb-image--layout-overlay__inner .uagb-image-caption{opacity: 0;}.uagb-block-e6f939b3.wp-block-uagb-image--layout-overlay .wp-block-uagb-image__figure:hover .wp-block-uagb-image--layout-overlay__color-wrapper{opacity: 1;}.uagb-block-e6f939b3.wp-block-uagb-image .wp-block-uagb-image--layout-overlay__inner .uagb-image-separator{width: 30%;border-top-width: 2px;border-top-color: #fff;opacity: 0;}.uagb-block-e6f939b3.wp-block-uagb-image .wp-block-uagb-image__figure img{width: px;height: auto;}.uagb-block-e6f939b3.wp-block-uagb-image .wp-block-uagb-image__figure:hover .wp-block-uagb-image--layout-overlay__inner .uagb-image-caption{opacity: 1;}.uagb-block-e6f939b3.wp-block-uagb-image .wp-block-uagb-image__figure:hover .wp-block-uagb-image--layout-overlay__inner .uagb-image-separator{opacity: 1;}.uagb-block-e6f939b3.wp-block-uagb-image--layout-default figure:hover img{box-shadow: 0px 0px 0 #00000070;}.uagb-block-e6f939b3.wp-block-uagb-image--layout-overlay figure:hover img{box-shadow: 0px 0px 0 #00000070;}@media only screen and (max-width: 976px) {.uagb-block-e6f939b3.wp-block-uagb-image .wp-block-uagb-image__figure img{width: px;height: auto;}}@media only screen and (max-width: 767px) {.uagb-block-e6f939b3.wp-block-uagb-image .wp-block-uagb-image__figure img{width: px;height: auto;}}\";s:2:\"js\";s:0:\"\";s:18:\"current_block_list\";a:13:{i:0;s:11:\"core\/search\";i:1;s:10:\"core\/group\";i:2;s:12:\"core\/heading\";i:3;s:17:\"core\/latest-posts\";i:4;s:20:\"core\/latest-comments\";i:5;s:13:\"core\/archives\";i:6;s:15:\"core\/categories\";i:7;s:14:\"core\/paragraph\";i:8;s:10:\"uagb\/image\";i:9;s:11:\"core\/spacer\";i:10;s:30:\"woocommerce\/product-categories\";i:11;s:10:\"core\/image\";i:12;s:14:\"core\/shortcode\";}s:8:\"uag_flag\";b:1;s:11:\"uag_version\";s:10:\"1777205620\";s:6:\"gfonts\";a:0:{}s:10:\"gfonts_url\";s:0:\"\";s:12:\"gfonts_files\";a:0:{}s:14:\"uag_faq_layout\";b:0;}"]},"uagb_featured_image_src":{"full":["https:\/\/www.ferberpainting.com\/wp-content\/uploads\/2025\/05\/FabricandTextileHardener5L.png",2560,2560,false],"thumbnail":["https:\/\/www.ferberpainting.com\/wp-content\/uploads\/2025\/05\/FabricandTextileHardener5L-150x150.png",150,150,true],"medium":["https:\/\/www.ferberpainting.com\/wp-content\/uploads\/2025\/05\/FabricandTextileHardener5L-300x300.png",300,300,true],"medium_large":["https:\/\/www.ferberpainting.com\/wp-content\/uploads\/2025\/05\/FabricandTextileHardener5L-768x768.png",768,768,true],"large":["https:\/\/www.ferberpainting.com\/wp-content\/uploads\/2025\/05\/FabricandTextileHardener5L-1024x1024.png",1024,1024,true],"1536x1536":["https:\/\/www.ferberpainting.com\/wp-content\/uploads\/2025\/05\/FabricandTextileHardener5L-1536x1536.png",1536,1536,true],"2048x2048":["https:\/\/www.ferberpainting.com\/wp-content\/uploads\/2025\/05\/FabricandTextileHardener5L-2048x2048.png",2048,2048,true],"trp-custom-language-flag":["https:\/\/www.ferberpainting.com\/wp-content\/uploads\/2025\/05\/FabricandTextileHardener5L-12x12.png",12,12,true],"woocommerce_thumbnail":["https:\/\/www.ferberpainting.com\/wp-content\/uploads\/2025\/05\/FabricandTextileHardener5L-300x300.png",300,300,true],"woocommerce_single":["https:\/\/www.ferberpainting.com\/wp-content\/uploads\/2025\/05\/FabricandTextileHardener5L-600x600.png",600,600,true],"woocommerce_gallery_thumbnail":["https:\/\/www.ferberpainting.com\/wp-content\/uploads\/2025\/05\/FabricandTextileHardener5L-100x100.png",100,100,true]},"uagb_author_info":{"display_name":"admin","author_link":"https:\/\/www.ferberpainting.com\/fr\/author\/"},"uagb_comment_info":8,"uagb_excerpt":"Stiffening and shaping of textiles.\u00a0This fabric and textile hardener is specially designed to give rigidity to soft textiles, allowing them to maintain a specific shape. It is ideal for artistic creations, decoration, costumes, lampshades, structured curtains, or any other project requiring stiffened and shaped textiles. Money-back guarantee.\u00a0We have complete confidence in the effectiveness of our\u2026","_links":{"self":[{"href":"https:\/\/www.ferberpainting.com\/fr\/wp-json\/wp\/v2\/product\/23226","targetHints":{"allow":["GET"]}}],"collection":[{"href":"https:\/\/www.ferberpainting.com\/fr\/wp-json\/wp\/v2\/product"}],"about":[{"href":"https:\/\/www.ferberpainting.com\/fr\/wp-json\/wp\/v2\/types\/product"}],"replies":[{"embeddable":true,"href":"https:\/\/www.ferberpainting.com\/fr\/wp-json\/wp\/v2\/comments?post=23226"}],"version-history":[{"count":6,"href":"https:\/\/www.ferberpainting.com\/fr\/wp-json\/wp\/v2\/product\/23226\/revisions"}],"predecessor-version":[{"id":166282,"href":"https:\/\/www.ferberpainting.com\/fr\/wp-json\/wp\/v2\/product\/23226\/revisions\/166282"}],"wp:featuredmedia":[{"embeddable":true,"href":"https:\/\/www.ferberpainting.com\/fr\/wp-json\/wp\/v2\/media\/25766"}],"wp:attachment":[{"href":"https:\/\/www.ferberpainting.com\/fr\/wp-json\/wp\/v2\/media?parent=23226"}],"wp:term":[{"taxonomy":"product_brand","embeddable":true,"href":"https:\/\/www.ferberpainting.com\/fr\/wp-json\/wp\/v2\/product_brand?post=23226"},{"taxonomy":"product_cat","embeddable":true,"href":"https:\/\/www.ferberpainting.com\/fr\/wp-json\/wp\/v2\/product_cat?post=23226"},{"taxonomy":"product_tag","embeddable":true,"href":"https:\/\/www.ferberpainting.com\/fr\/wp-json\/wp\/v2\/product_tag?post=23226"}],"curies":[{"name":"wp","href":"https:\/\/api.w.org\/{rel}","templated":true}]}}