{"id":25681,"date":"2025-05-26T10:33:28","date_gmt":"2025-05-26T08:33:28","guid":{"rendered":"https:\/\/www.ferberpainting.com\/products\/wood-stripper\/"},"modified":"2026-02-18T10:04:45","modified_gmt":"2026-02-18T09:04:45","slug":"wood-stripper","status":"publish","type":"product","link":"https:\/\/www.ferberpainting.com\/fi\/products\/wood-stripper\/","title":{"rendered":"Puun poistoaine"},"content":{"rendered":"<p><strong><img decoding=\"async\" style=\"margin-right: 12px;\" src=\"https:\/\/www.ferberpainting.com\/wp-content\/uploads\/2026\/02\/Check.svg\" alt=\"\" width=\"18\" height=\"15\" \/>Poistaa vanhat maalit, lakat, tahrat ja pinnoitteet nopeasti ja tehokkaasti.<\/strong> Puunpoistoaineemme on suunniteltu erityisesti hajottamaan ja liuottamaan useita vanhoja maalikerroksia puupinnoilta. Olipa kyseess\u00e4 ik\u00e4\u00e4ntynyt lakka, paksu maali, sitke\u00e4 tahra tai suojapinnoite, t\u00e4m\u00e4 tehokas kaava tunkeutuu syv\u00e4lle ja pehment\u00e4\u00e4 materiaalin helposti poistettavaksi. Se palauttaa puun sen luonnolliseen raakakuntoon, mik\u00e4 mahdollistaa t\u00e4ydellisen kunnostuksen ja uudelleenk\u00e4sittelyn ilman aggressiivista hiontaa tai liiallista mekaanista rasitusta.<\/p>\n<p><strong><img decoding=\"async\" style=\"margin-right: 12px;\" src=\"https:\/\/www.ferberpainting.com\/wp-content\/uploads\/2026\/02\/Check.svg\" alt=\"\" width=\"18\" height=\"15\" \/>Tarjoamme rahanpalautustakuun, joka takaa t\u00e4ydellisen mielenrauhan.<\/strong> Luotamme puunpoistoaineemme vahvuuteen ja luotettavuuteen. Jos et ole t\u00e4ysin tyytyv\u00e4inen tuloksiin, palautamme ostoksesi. T\u00e4m\u00e4 rahanpalautustakuu takaa, ett\u00e4 voit aloittaa restaurointiprojektin ilman riskej\u00e4 tiet\u00e4en, ett\u00e4 investointisi on t\u00e4ysin suojattu.<\/p>\n<p><strong><img decoding=\"async\" style=\"margin-right: 12px;\" src=\"https:\/\/www.ferberpainting.com\/wp-content\/uploads\/2026\/02\/Check.svg\" alt=\"\" width=\"18\" height=\"15\" \/>Markkinoiden tehokkain ratkaisu puun kuorintaan.<\/strong> Edistyksellinen koostumuksemme on suunniteltu ylitt\u00e4m\u00e4\u00e4n perinteiset maalinpoistoaineet. Se toimii useille maalityypeille ja tunkeutuu paksujen kerrosten l\u00e4pi irrottaen jopa pitk\u00e4\u00e4n kest\u00e4neet maalipinnat. Toisin kuin heikommat tuotteet, jotka vaativat toistuvia k\u00e4ytt\u00f6kertoja, puunpoistoaineemme tuottaa tehokkaita ja johdonmukaisia tuloksia, mik\u00e4 tekee siit\u00e4 tehokkaimman ratkaisun ammattimaiseen puun kunnostukseen ja kunnostushankkeisiin.<\/p>\n<p><strong><img decoding=\"async\" style=\"margin-right: 12px;\" src=\"https:\/\/www.ferberpainting.com\/wp-content\/uploads\/2026\/02\/Check.svg\" alt=\"\" width=\"18\" height=\"15\" \/>Halvin saatavilla oleva ammattik\u00e4ytt\u00f6\u00f6n tarkoitettu puunpoistoaine.<\/strong> Korkean suorituskyvyn strippauksen pit\u00e4isi pysy\u00e4 kohtuuhintaisena. Tarjoamme kilpailukykyisimm\u00e4n hinnoittelun s\u00e4ilytt\u00e4en samalla ensiluokkaiset laatuvaatimukset. Optimoimalla tuotanto- ja jakeluprosessit tarjoamme ammattik\u00e4ytt\u00f6\u00f6n soveltuvaa puunpoistoaineita edullisimpaan hintaan vastaaviin tuotteisiin verrattuna, mik\u00e4 tarjoaa poikkeuksellista vastinetta sek\u00e4 asunnonomistajille ett\u00e4 urakoitsijoille.<\/p>\n<p><strong><img decoding=\"async\" style=\"margin-right: 12px;\" src=\"https:\/\/www.ferberpainting.com\/wp-content\/uploads\/2026\/02\/Check.svg\" alt=\"\" width=\"18\" height=\"15\" \/>Taattu 24 tunnin toimitus, jotta remontti pysyy aikataulussa.<\/strong> Kunnostushankkeissa noudatetaan usein tiukkoja aikatauluja. Siksi tarjoamme luotettavan 24 tunnin toimituksen, joka varmistaa, ett\u00e4 puunpoistoaine saapuu nopeasti ja on valmis k\u00e4ytett\u00e4v\u00e4ksi v\u00e4litt\u00f6m\u00e4sti. Nopea toimitus auttaa sinua v\u00e4ltt\u00e4m\u00e4\u00e4n viiv\u00e4styksi\u00e4 ja saattamaan kunnostusty\u00f6t tehokkaasti p\u00e4\u00e4t\u00f6kseen.<\/p>\n<p><strong><img decoding=\"async\" style=\"margin-right: 12px;\" src=\"https:\/\/www.ferberpainting.com\/wp-content\/uploads\/2026\/02\/Check.svg\" alt=\"\" width=\"18\" height=\"15\" \/>Tehokas peittoalue jopa 5 m\u00b2 litraa kohden tarkkaa suunnittelua varten.<\/strong> Yhdell\u00e4 litralla puunpoistolaitettamme voidaan k\u00e4sitell\u00e4 jopa 5 neli\u00f6metri\u00e4 pinnoitteen paksuudesta ja pinnan kunnosta riippuen. T\u00e4m\u00e4 selke\u00e4sti m\u00e4\u00e4ritelty peittokyky mahdollistaa tarkan materiaaliarvion ja kustannusten hallinnan samalla kun varmistetaan riitt\u00e4v\u00e4 levitys tehokkaaseen kuorintaan.<\/p>\n<p><strong><img decoding=\"async\" style=\"margin-right: 12px;\" src=\"https:\/\/www.ferberpainting.com\/wp-content\/uploads\/2026\/02\/Check.svg\" alt=\"\" width=\"18\" height=\"15\" \/>V\u00e4hent\u00e4\u00e4 raskaan hionnan ja mekaanisen ty\u00f6n tarvetta.<\/strong> Pehment\u00e4m\u00e4ll\u00e4 ja nostamalla vanhoja pinnoitteita kemiallisesti tuote minimoi aggressiivisen hiomisen tai raaputtamisen tarpeen. T\u00e4m\u00e4 s\u00e4\u00e4st\u00e4\u00e4 aikaa, v\u00e4hent\u00e4\u00e4 ty\u00f6m\u00e4\u00e4r\u00e4\u00e4 ja auttaa s\u00e4ilytt\u00e4m\u00e4\u00e4n puun alla olevan rakenteen eheyden.<\/p>\n<p><strong><img decoding=\"async\" style=\"margin-right: 12px;\" src=\"https:\/\/www.ferberpainting.com\/wp-content\/uploads\/2026\/02\/Check.svg\" alt=\"\" width=\"18\" height=\"15\" \/>Valmistelee puun t\u00e4ydellisesti uudelleenk\u00e4sittely\u00e4 varten.<\/strong> Kun vanhat pinnoitteet on poistettu, puupinnasta tulee puhdas ja valmis hiomista, v\u00e4rj\u00e4yst\u00e4, \u00f6ljy\u00e4mist\u00e4, lakkausta tai maalausta varten. Asianmukainen kuorinta takaa paremman tarttuvuuden ja pidempikestoisen lopputuloksen uusille suojak\u00e4sittelyille.<\/p>\n<p><strong><img decoding=\"async\" style=\"margin-right: 12px;\" src=\"https:\/\/www.ferberpainting.com\/wp-content\/uploads\/2026\/02\/Check.svg\" alt=\"\" width=\"18\" height=\"15\" \/>Soveltuu erilaisille puupinnoille ja sovelluksille.<\/strong> Puun kuorinta-ainetta voidaan k\u00e4ytt\u00e4\u00e4 oviin, ikkunanpuitteisiin, huonekaluihin, terassin osiin, palkkeihin, paneeleihin ja koristeellisiin puuelementteihin. Se toimii tehokkaasti sek\u00e4 lehti- ett\u00e4 havupuulle, kun sit\u00e4 k\u00e4ytet\u00e4\u00e4n ohjeiden mukaisesti.<\/p>\n<p><strong><img decoding=\"async\" style=\"margin-right: 12px;\" src=\"https:\/\/www.ferberpainting.com\/wp-content\/uploads\/2026\/02\/Check.svg\" alt=\"\" width=\"18\" height=\"15\" \/>Helppo sovellus ammattilaisille ja DIY-k\u00e4ytt\u00e4jille.<\/strong> K\u00e4yt\u00e4nn\u00f6lliseen k\u00e4ytt\u00f6\u00f6n suunniteltu puunpoistoaine voidaan levitt\u00e4\u00e4 siveltimell\u00e4 tai sopivalla applikaattorilla. Paksun koostumuksensa ansiosta se tarttuu pystysuoriin pintoihin, mik\u00e4 takaa tehokkaan vaikutuksen ilman liiallista valumista.<\/p>\n<h2><strong>Ohjeet<\/strong><\/h2>\n<ul>\n<li>Varmista, ett\u00e4 ty\u00f6alue on hyvin tuuletettu ennen kuorintaprosessin aloittamista.<\/li>\n<li>Suojaa ymp\u00e4r\u00f6iv\u00e4t pinnat, lattiat ja l\u00e4hell\u00e4 olevat esineet vahingossa tapahtuvalta kosketukselta.<\/li>\n<li>Sekoita puunpoistoaine huolellisesti ennen k\u00e4ytt\u00f6\u00e4.<\/li>\n<li>Levit\u00e4 siveltimell\u00e4 runsas ja tasainen kerros tuotetta siten, ett\u00e4 pinnoitettu pinta peittyy kokonaan.<\/li>\n<li>Suositeltu annostus on noin 200 ml neli\u00f6metri\u00e4 kohti, sill\u00e4 yksi litra hoitaa enint\u00e4\u00e4n 5 m\u00b2. Voimakkaasti pinnoitetut pinnat voivat vaatia hieman suurempaa kulutusta.<\/li>\n<li>Anna tuotteen vaikuttaa 10-30 minuuttia pinnoitteen paksuudesta ja tyypist\u00e4 riippuen.<\/li>\n<li>\u00c4l\u00e4 anna kuorinta-aineen kuivua kokonaan reaktioajan aikana.<\/li>\n<li>Kun pinnoite on pehmennyt ja saanut rakkuloita, poista se kaapimella tai lastalla.<\/li>\n<li>Toista levitys tarpeen mukaan, jos kyseess\u00e4 on itsep\u00e4inen alue tai useita kerroksia.<\/li>\n<li>Puhdista pinta kuorinnan j\u00e4lkeen sopivalla neutraloivalla aineella tai vedell\u00e4 suositusten mukaisesti ja anna sen sitten kuivua kokonaan.<\/li>\n<li>Hio puu kevyesti, kun se on kuivunut, jotta se voidaan valmistella uudelleenk\u00e4sittely\u00e4 varten.<\/li>\n<li>Puhdista ty\u00f6kalut v\u00e4litt\u00f6m\u00e4sti k\u00e4yt\u00f6n j\u00e4lkeen tuotteen ohjeiden mukaisesti.<\/li>\n<li>S\u00e4ilyt\u00e4 s\u00e4ili\u00f6 tiiviisti suljettuna viile\u00e4ss\u00e4, kuivassa paikassa, suojattuna pakkaselta ja suoralta auringonvalolta.<\/li>\n<li>S\u00e4ilytett\u00e4v\u00e4 lasten ulottumattomissa ja noudatettava tavanomaisia turvallisuusohjeita k\u00e4sittelyss\u00e4 ja levityksess\u00e4.<\/li>\n<\/ul>","protected":false},"excerpt":{"rendered":"<p>Removes old paint, varnish, stain, and coatings quickly and effectively. Our wood stripper is specially formulated to break down and dissolve multiple layers of old finishes from wooden surfaces. Whether you are dealing with aged varnish, thick paint, stubborn stain, or protective coatings, this high-performance formula penetrates deeply and softens the material for easy removal. [&hellip;]<\/p>\n","protected":false},"featured_media":27477,"comment_status":"open","ping_status":"closed","template":"","meta":{"_uag_custom_page_level_css":"","site-sidebar-layout":"default","site-content-layout":"","ast-site-content-layout":"default","site-content-style":"default","site-sidebar-style":"default","ast-global-header-display":"","ast-banner-title-visibility":"","ast-main-header-display":"","ast-hfb-above-header-display":"","ast-hfb-below-header-display":"","ast-hfb-mobile-header-display":"","site-post-title":"","ast-breadcrumbs-content":"","ast-featured-img":"","footer-sml-layout":"","ast-disable-related-posts":"","theme-transparent-header-meta":"default","adv-header-id-meta":"","stick-header-meta":"","header-above-stick-meta":"","header-main-stick-meta":"","header-below-stick-meta":"","astra-migrate-meta-layouts":"set","ast-page-background-enabled":"default","ast-page-background-meta":{"desktop":{"background-color":"var(--ast-global-color-4)","background-image":"","background-repeat":"repeat","background-position":"center center","background-size":"auto","background-attachment":"scroll","background-type":"","background-media":"","overlay-type":"","overlay-color":"","overlay-opacity":"","overlay-gradient":""},"tablet":{"background-color":"","background-image":"","background-repeat":"repeat","background-position":"center center","background-size":"auto","background-attachment":"scroll","background-type":"","background-media":"","overlay-type":"","overlay-color":"","overlay-opacity":"","overlay-gradient":""},"mobile":{"background-color":"","background-image":"","background-repeat":"repeat","background-position":"center center","background-size":"auto","background-attachment":"scroll","background-type":"","background-media":"","overlay-type":"","overlay-color":"","overlay-opacity":"","overlay-gradient":""}},"ast-content-background-meta":{"desktop":{"background-color":"var(--ast-global-color-5)","background-image":"","background-repeat":"repeat","background-position":"center center","background-size":"auto","background-attachment":"scroll","background-type":"","background-media":"","overlay-type":"","overlay-color":"","overlay-opacity":"","overlay-gradient":""},"tablet":{"background-color":"var(--ast-global-color-5)","background-image":"","background-repeat":"repeat","background-position":"center center","background-size":"auto","background-attachment":"scroll","background-type":"","background-media":"","overlay-type":"","overlay-color":"","overlay-opacity":"","overlay-gradient":""},"mobile":{"background-color":"var(--ast-global-color-5)","background-image":"","background-repeat":"repeat","background-position":"center center","background-size":"auto","background-attachment":"scroll","background-type":"","background-media":"","overlay-type":"","overlay-color":"","overlay-opacity":"","overlay-gradient":""}}},"product_brand":[],"product_cat":[175,193],"product_tag":[],"class_list":{"0":"post-25681","1":"product","2":"type-product","3":"status-publish","4":"has-post-thumbnail","6":"product_cat-cleaning-products","7":"product_cat-wood-treatment","8":"desktop-align-left","9":"tablet-align-left","10":"mobile-align-left","12":"first","13":"instock","14":"sale","15":"shipping-taxable","16":"purchasable","17":"product-type-variable","18":"has-default-attributes"},"spectra_custom_meta":{"_visibility":["visible"],"_shopify_product_id":["8051372359925"],"_s2w_shopify_domain":["ferberpainting.myshopify.com"],"_shopify_variant_id":["43849095414005"],"_sku":[""],"_manage_stock":["no"],"total_sales":["489"],"_tax_status":["taxable"],"_tax_class":[""],"_backorders":["no"],"_sold_individually":["no"],"_virtual":["no"],"_downloadable":["no"],"_download_limit":["-1"],"_download_expiry":["-1"],"_stock":[null],"_stock_status":["instock"],"_wc_average_rating":["4.98"],"_wc_review_count":["50"],"_product_attributes":["a:1:{s:6:\"volume\";a:6:{s:4:\"name\";s:6:\"Volume\";s:5:\"value\";s:20:\"5 liters | 25 liters\";s:8:\"position\";i:1;s:10:\"is_visible\";i:0;s:12:\"is_variation\";i:1;s:11:\"is_taxonomy\";i:0;}}"],"_product_version":["10.5.2"],"_thumbnail_id":["27477"],"_product_image_gallery":["27478"],"merchant-center-availability":["yes"],"merchant-center-category":["503741"],"merchant-center-id":["DBS5L"],"wpse_downloadable_file_names":[""],"wpse_downloadable_file_urls":[""],"_edit_last":["1"],"_default_attributes":["a:1:{s:6:\"volume\";s:8:\"5 liters\";}"],"_wc_rating_count":["a:2:{i:4;i:1;i:5;i:49;}"],"_edit_lock":["1775804134:7131"],"_wp_page_template":["default"],"site-sidebar-layout":["default"],"ast-site-content-layout":["default"],"site-content-style":["default"],"site-sidebar-style":["default"],"theme-transparent-header-meta":["default"],"_price":["29.90","129.90"],"astra-migrate-meta-layouts":["set"],"_uag_css_file_name":["uag-css-25681.css"],"_elementor_page_assets":["a:0:{}"],"_uag_page_assets":["a:9:{s:3:\"css\";s:6873:\".wp-block-uagb-image{display:flex}.wp-block-uagb-image__figure{position:relative;display:flex;flex-direction:column;max-width:100%;height:auto;margin:0}.wp-block-uagb-image__figure img{height:auto;display:flex;max-width:100%;transition:box-shadow .2s ease}.wp-block-uagb-image__figure>a{display:inline-block}.wp-block-uagb-image__figure figcaption{text-align:center;margin-top:.5em;margin-bottom:1em}.wp-block-uagb-image .components-placeholder.block-editor-media-placeholder .components-placeholder__instructions{align-self:center}.wp-block-uagb-image--align-left{text-align:left}.wp-block-uagb-image--align-right{text-align:right}.wp-block-uagb-image--align-center{text-align:center}.wp-block-uagb-image--align-full .wp-block-uagb-image__figure{margin-left:calc(50% - 50vw);margin-right:calc(50% - 50vw);max-width:100vw;width:100vw;height:auto}.wp-block-uagb-image--align-full .wp-block-uagb-image__figure img{height:auto;width:100% !important}.wp-block-uagb-image--align-wide .wp-block-uagb-image__figure img{height:auto;width:100%}.wp-block-uagb-image--layout-overlay__color-wrapper{position:absolute;left:0;top:0;right:0;bottom:0;opacity:.2;background:rgba(0,0,0,.5);transition:opacity .35s ease-in-out}.wp-block-uagb-image--layout-overlay-link{position:absolute;left:0;right:0;bottom:0;top:0}.wp-block-uagb-image--layout-overlay .wp-block-uagb-image__figure:hover .wp-block-uagb-image--layout-overlay__color-wrapper{opacity:1}.wp-block-uagb-image--layout-overlay__inner{position:absolute;left:15px;right:15px;bottom:15px;top:15px;display:flex;align-items:center;justify-content:center;flex-direction:column;border-color:#fff;transition:.35s ease-in-out}.wp-block-uagb-image--layout-overlay__inner.top-left,.wp-block-uagb-image--layout-overlay__inner.top-center,.wp-block-uagb-image--layout-overlay__inner.top-right{justify-content:flex-start}.wp-block-uagb-image--layout-overlay__inner.bottom-left,.wp-block-uagb-image--layout-overlay__inner.bottom-center,.wp-block-uagb-image--layout-overlay__inner.bottom-right{justify-content:flex-end}.wp-block-uagb-image--layout-overlay__inner.top-left,.wp-block-uagb-image--layout-overlay__inner.center-left,.wp-block-uagb-image--layout-overlay__inner.bottom-left{align-items:flex-start}.wp-block-uagb-image--layout-overlay__inner.top-right,.wp-block-uagb-image--layout-overlay__inner.center-right,.wp-block-uagb-image--layout-overlay__inner.bottom-right{align-items:flex-end}.wp-block-uagb-image--layout-overlay__inner .uagb-image-heading{color:#fff;transition:transform .35s,opacity .35s ease-in-out;transform:translate3d(0, 24px, 0);margin:0;line-height:1em}.wp-block-uagb-image--layout-overlay__inner .uagb-image-separator{width:30%;border-top-width:2px;border-top-color:#fff;border-top-style:solid;margin-bottom:10px;opacity:0;transition:transform .4s,opacity .4s ease-in-out;transform:translate3d(0, 30px, 0)}.wp-block-uagb-image--layout-overlay__inner .uagb-image-caption{opacity:0;overflow:visible;color:#fff;transition:transform .45s,opacity .45s ease-in-out;transform:translate3d(0, 35px, 0)}.wp-block-uagb-image--layout-overlay__inner:hover .uagb-image-heading,.wp-block-uagb-image--layout-overlay__inner:hover .uagb-image-separator,.wp-block-uagb-image--layout-overlay__inner:hover .uagb-image-caption{opacity:1;transform:translate3d(0, 0, 0)}.wp-block-uagb-image--effect-zoomin .wp-block-uagb-image__figure img,.wp-block-uagb-image--effect-zoomin .wp-block-uagb-image__figure .wp-block-uagb-image--layout-overlay__color-wrapper{transform:scale(1);transition:transform .35s ease-in-out}.wp-block-uagb-image--effect-zoomin .wp-block-uagb-image__figure:hover img,.wp-block-uagb-image--effect-zoomin .wp-block-uagb-image__figure:hover .wp-block-uagb-image--layout-overlay__color-wrapper{transform:scale(1.05)}.wp-block-uagb-image--effect-slide .wp-block-uagb-image__figure img,.wp-block-uagb-image--effect-slide .wp-block-uagb-image__figure .wp-block-uagb-image--layout-overlay__color-wrapper{width:calc(100% + 40px) !important;max-width:none !important;transform:translate3d(-40px, 0, 0);transition:transform .35s ease-in-out}.wp-block-uagb-image--effect-slide .wp-block-uagb-image__figure:hover img,.wp-block-uagb-image--effect-slide .wp-block-uagb-image__figure:hover .wp-block-uagb-image--layout-overlay__color-wrapper{transform:translate3d(0, 0, 0)}.wp-block-uagb-image--effect-grayscale img{filter:grayscale(0%);transition:.35s ease-in-out}.wp-block-uagb-image--effect-grayscale:hover img{filter:grayscale(100%)}.wp-block-uagb-image--effect-blur img{filter:blur(0);transition:.35s ease-in-out}.wp-block-uagb-image--effect-blur:hover img{filter:blur(3px)}.uagb-block-e6f939b3.wp-block-uagb-image--layout-default figure img{box-shadow: 0px 0px 0 #00000070;}.uagb-block-e6f939b3.wp-block-uagb-image .wp-block-uagb-image__figure figcaption{font-style: normal;align-self: center;}.uagb-block-e6f939b3.wp-block-uagb-image--layout-overlay figure img{box-shadow: 0px 0px 0 #00000070;}.uagb-block-e6f939b3.wp-block-uagb-image--layout-overlay .wp-block-uagb-image--layout-overlay__color-wrapper{opacity: 0.2;}.uagb-block-e6f939b3.wp-block-uagb-image--layout-overlay .wp-block-uagb-image--layout-overlay__inner{left: 15px;right: 15px;top: 15px;bottom: 15px;}.uagb-block-e6f939b3.wp-block-uagb-image--layout-overlay .wp-block-uagb-image--layout-overlay__inner .uagb-image-heading{font-style: normal;color: #fff;opacity: 1;}.uagb-block-e6f939b3.wp-block-uagb-image--layout-overlay .wp-block-uagb-image--layout-overlay__inner .uagb-image-heading a{color: #fff;}.uagb-block-e6f939b3.wp-block-uagb-image--layout-overlay .wp-block-uagb-image--layout-overlay__inner .uagb-image-caption{opacity: 0;}.uagb-block-e6f939b3.wp-block-uagb-image--layout-overlay .wp-block-uagb-image__figure:hover .wp-block-uagb-image--layout-overlay__color-wrapper{opacity: 1;}.uagb-block-e6f939b3.wp-block-uagb-image .wp-block-uagb-image--layout-overlay__inner .uagb-image-separator{width: 30%;border-top-width: 2px;border-top-color: #fff;opacity: 0;}.uagb-block-e6f939b3.wp-block-uagb-image .wp-block-uagb-image__figure img{width: px;height: auto;}.uagb-block-e6f939b3.wp-block-uagb-image .wp-block-uagb-image__figure:hover .wp-block-uagb-image--layout-overlay__inner .uagb-image-caption{opacity: 1;}.uagb-block-e6f939b3.wp-block-uagb-image .wp-block-uagb-image__figure:hover .wp-block-uagb-image--layout-overlay__inner .uagb-image-separator{opacity: 1;}.uagb-block-e6f939b3.wp-block-uagb-image--layout-default figure:hover img{box-shadow: 0px 0px 0 #00000070;}.uagb-block-e6f939b3.wp-block-uagb-image--layout-overlay figure:hover img{box-shadow: 0px 0px 0 #00000070;}@media only screen and (max-width: 976px) {.uagb-block-e6f939b3.wp-block-uagb-image .wp-block-uagb-image__figure img{width: px;height: auto;}}@media only screen and (max-width: 767px) {.uagb-block-e6f939b3.wp-block-uagb-image .wp-block-uagb-image__figure img{width: px;height: auto;}}\";s:2:\"js\";s:0:\"\";s:18:\"current_block_list\";a:13:{i:0;s:11:\"core\/search\";i:1;s:10:\"core\/group\";i:2;s:12:\"core\/heading\";i:3;s:17:\"core\/latest-posts\";i:4;s:20:\"core\/latest-comments\";i:5;s:13:\"core\/archives\";i:6;s:15:\"core\/categories\";i:7;s:14:\"core\/paragraph\";i:8;s:10:\"uagb\/image\";i:9;s:11:\"core\/spacer\";i:10;s:30:\"woocommerce\/product-categories\";i:11;s:10:\"core\/image\";i:12;s:14:\"core\/shortcode\";}s:8:\"uag_flag\";b:1;s:11:\"uag_version\";s:10:\"1777036849\";s:6:\"gfonts\";a:0:{}s:10:\"gfonts_url\";s:0:\"\";s:12:\"gfonts_files\";a:0:{}s:14:\"uag_faq_layout\";b:0;}"]},"uagb_featured_image_src":{"full":["https:\/\/www.ferberpainting.com\/wp-content\/uploads\/2025\/05\/WoodStripper5L.jpg",2560,2560,false],"thumbnail":["https:\/\/www.ferberpainting.com\/wp-content\/uploads\/2025\/05\/WoodStripper5L-150x150.jpg",150,150,true],"medium":["https:\/\/www.ferberpainting.com\/wp-content\/uploads\/2025\/05\/WoodStripper5L-300x300.jpg",300,300,true],"medium_large":["https:\/\/www.ferberpainting.com\/wp-content\/uploads\/2025\/05\/WoodStripper5L-768x768.jpg",768,768,true],"large":["https:\/\/www.ferberpainting.com\/wp-content\/uploads\/2025\/05\/WoodStripper5L-1024x1024.jpg",1024,1024,true],"1536x1536":["https:\/\/www.ferberpainting.com\/wp-content\/uploads\/2025\/05\/WoodStripper5L-1536x1536.jpg",1536,1536,true],"2048x2048":["https:\/\/www.ferberpainting.com\/wp-content\/uploads\/2025\/05\/WoodStripper5L-2048x2048.jpg",2048,2048,true],"trp-custom-language-flag":["https:\/\/www.ferberpainting.com\/wp-content\/uploads\/2025\/05\/WoodStripper5L-12x12.jpg",12,12,true],"woocommerce_thumbnail":["https:\/\/www.ferberpainting.com\/wp-content\/uploads\/2025\/05\/WoodStripper5L-300x300.jpg",300,300,true],"woocommerce_single":["https:\/\/www.ferberpainting.com\/wp-content\/uploads\/2025\/05\/WoodStripper5L-600x600.jpg",600,600,true],"woocommerce_gallery_thumbnail":["https:\/\/www.ferberpainting.com\/wp-content\/uploads\/2025\/05\/WoodStripper5L-100x100.jpg",100,100,true]},"uagb_author_info":{"display_name":"admin","author_link":"https:\/\/www.ferberpainting.com\/fi\/author\/"},"uagb_comment_info":50,"uagb_excerpt":"Removes old paint, varnish, stain, and coatings quickly and effectively. Our wood stripper is specially formulated to break down and dissolve multiple layers of old finishes from wooden surfaces. Whether you are dealing with aged varnish, thick paint, stubborn stain, or protective coatings, this high-performance formula penetrates deeply and softens the material for easy removal.&hellip;","_links":{"self":[{"href":"https:\/\/www.ferberpainting.com\/fi\/wp-json\/wp\/v2\/product\/25681","targetHints":{"allow":["GET"]}}],"collection":[{"href":"https:\/\/www.ferberpainting.com\/fi\/wp-json\/wp\/v2\/product"}],"about":[{"href":"https:\/\/www.ferberpainting.com\/fi\/wp-json\/wp\/v2\/types\/product"}],"replies":[{"embeddable":true,"href":"https:\/\/www.ferberpainting.com\/fi\/wp-json\/wp\/v2\/comments?post=25681"}],"version-history":[{"count":4,"href":"https:\/\/www.ferberpainting.com\/fi\/wp-json\/wp\/v2\/product\/25681\/revisions"}],"predecessor-version":[{"id":169175,"href":"https:\/\/www.ferberpainting.com\/fi\/wp-json\/wp\/v2\/product\/25681\/revisions\/169175"}],"wp:featuredmedia":[{"embeddable":true,"href":"https:\/\/www.ferberpainting.com\/fi\/wp-json\/wp\/v2\/media\/27477"}],"wp:attachment":[{"href":"https:\/\/www.ferberpainting.com\/fi\/wp-json\/wp\/v2\/media?parent=25681"}],"wp:term":[{"taxonomy":"product_brand","embeddable":true,"href":"https:\/\/www.ferberpainting.com\/fi\/wp-json\/wp\/v2\/product_brand?post=25681"},{"taxonomy":"product_cat","embeddable":true,"href":"https:\/\/www.ferberpainting.com\/fi\/wp-json\/wp\/v2\/product_cat?post=25681"},{"taxonomy":"product_tag","embeddable":true,"href":"https:\/\/www.ferberpainting.com\/fi\/wp-json\/wp\/v2\/product_tag?post=25681"}],"curies":[{"name":"wp","href":"https:\/\/api.w.org\/{rel}","templated":true}]}}