{"id":25639,"date":"2025-05-26T10:32:59","date_gmt":"2025-05-26T08:32:59","guid":{"rendered":"https:\/\/www.ferberpainting.com\/products\/water-lily-fertilizer\/"},"modified":"2026-02-17T20:57:37","modified_gmt":"2026-02-17T19:57:37","slug":"water-lily-fertilizer","status":"publish","type":"product","link":"https:\/\/www.ferberpainting.com\/fi\/products\/water-lily-fertilizer\/","title":{"rendered":"Vesililjan lannoite 25 kg"},"content":{"rendered":"<p><strong><img decoding=\"async\" style=\"margin-right: 12px;\" src=\"https:\/\/www.ferberpainting.com\/wp-content\/uploads\/2026\/02\/Check.svg\" alt=\"\" width=\"18\" height=\"15\" \/>Lannoite, joka on erityisesti suunniteltu runsaaseen kukintaan ja rehev\u00e4\u00e4n lehdist\u00f6\u00f6n.<\/strong>\u00a0Vesililja on symbolinen vesikasvi, jota arvostetaan sen upeiden kelluvien kukkien ja tyylikk\u00e4\u00e4n lehdist\u00f6n vuoksi. Runsaan kukinnan ja optimaalisen kehityksen varmistamiseksi on t\u00e4rke\u00e4\u00e4 antaa sille sopivaa ravintoa. T\u00e4m\u00e4 NPK 10-10-10 -lannoite tarjoaa tasapainoisen ravinteiden tarjonnan, jossa on typpe\u00e4 (N) lehtien kasvun edist\u00e4miseksi, fosforia (P) juurten ja kukkien kehityksen edist\u00e4miseksi ja kaliumia (K) kasvien vastustuskyvyn vahvistamiseksi ja kasvien elinvoimaisuuden parantamiseksi. T\u00e4m\u00e4n lannoitteen ansiosta vesililjat tuottavat enemm\u00e4n kukkia, niiden lehdet ovat vihre\u00e4mm\u00e4t ja ne pysyv\u00e4t paremmassa kunnossa koko kasvukauden ajan.<\/p>\n<p><strong><img decoding=\"async\" style=\"margin-right: 12px;\" src=\"https:\/\/www.ferberpainting.com\/wp-content\/uploads\/2026\/02\/Check.svg\" alt=\"\" width=\"18\" height=\"15\" \/>Rahat takaisin -takuu.<\/strong>\u00a0Luotamme t\u00e4ysin vesililjalannoitteemme tehokkuuteen, mink\u00e4 vuoksi tarjoamme rahat takaisin -takuun. Jos kasvisi ei suositustemme mukaisen asianmukaisen k\u00e4yt\u00f6n j\u00e4lkeen paranna n\u00e4kyv\u00e4sti kukintaa, lehti\u00e4 tai elinvoimaisuutta, palautamme sinulle koko summan. Voit lannoittaa lammikkoasi t\u00e4ysin rauhallisin mielin.<\/p>\n<p><strong><img decoding=\"async\" style=\"margin-right: 12px;\" src=\"https:\/\/www.ferberpainting.com\/wp-content\/uploads\/2026\/02\/Check.svg\" alt=\"\" width=\"18\" height=\"15\" \/>Sopii kaikille lajikkeille ja kaikentyyppisille lammille.<\/strong>\u00a0T\u00e4m\u00e4 lannoite sopii kaikille vesililjalajikkeille, olivatpa ne sitten kest\u00e4vi\u00e4, trooppisia tai miniatyyrisi\u00e4 vesililjoja. Se tehoaa luonnonlammikoissa, koristelammikoissa, j\u00e4rviss\u00e4 tai jopa suurissa astioissa varmistaen optimaalisen lannoituksen kaikissa vesiymp\u00e4rist\u00f6iss\u00e4. Se on my\u00f6s yhteensopiva kaikentyyppisten vesialustojen, kuten savimullan, vesiruukkusekoituksen tai hiekan kanssa, joten sit\u00e4 on helppo k\u00e4ytt\u00e4\u00e4 istutusalustasta riippumatta.<\/p>\n<p><strong><img decoding=\"async\" style=\"margin-right: 12px;\" src=\"https:\/\/www.ferberpainting.com\/wp-content\/uploads\/2026\/02\/Check.svg\" alt=\"\" width=\"18\" height=\"15\" \/>Kustannustehokas sato ja pitk\u00e4aikainen lannoitus.<\/strong>\u00a0Vesiliukoisen koostumuksensa ansiosta t\u00e4m\u00e4 lannoite vapauttaa ravinteita v\u00e4hitellen, mik\u00e4 takaa pitk\u00e4kestoisen lannoituksen useiden viikkojen ajan. 25 kg:n pussilla voidaan ruokkia useita vesililjoja koko kauden ajan, mik\u00e4 tarjoaa erinomaista vastinetta rahalle. Suositeltu annostus on 100 g kasvia kohti, joten se takaa tasaisen ravinteiden saannin, mik\u00e4 edist\u00e4\u00e4 s\u00e4\u00e4nn\u00f6llist\u00e4 ja jatkuvaa kukintaa ilman h\u00e4vikki\u00e4.<\/p>\n<p><strong><img decoding=\"async\" style=\"margin-right: 12px;\" src=\"https:\/\/www.ferberpainting.com\/wp-content\/uploads\/2026\/02\/Check.svg\" alt=\"\" width=\"18\" height=\"15\" \/>Lannoite, joka on suunniteltu suojelemaan vesiel\u00e4imi\u00e4 ja lammen ekosysteemi\u00e4. <\/strong>T\u00e4m\u00e4 lannoite on suunniteltu erityisesti vesiymp\u00e4rist\u00f6iss\u00e4 k\u00e4ytett\u00e4v\u00e4ksi, joten se ei saastuta vett\u00e4 ja on turvallinen kaloille, sammakkoel\u00e4imille ja vesihy\u00f6nteisille. Se edist\u00e4\u00e4 kasvien kasvua h\u00e4iritsem\u00e4tt\u00e4 lammen ekosysteemi\u00e4, mik\u00e4 takaa harmonisen ja kest\u00e4v\u00e4n vesiymp\u00e4rist\u00f6n. Sen koostumus auttaa my\u00f6s yll\u00e4pit\u00e4m\u00e4\u00e4n veden laatua est\u00e4m\u00e4ll\u00e4 rehev\u00f6itymisilmi\u00f6it\u00e4, jotka voivat johtaa ei-toivottujen levien esiintymiseen.<\/p>\n<p><strong><img decoding=\"async\" style=\"margin-right: 12px;\" src=\"https:\/\/www.ferberpainting.com\/wp-content\/uploads\/2026\/02\/Check.svg\" alt=\"\" width=\"18\" height=\"15\" \/>Helppo levitys ja vaivaton lannoitus.<\/strong>\u00a0Toisin kuin nestem\u00e4iset lannoitteet, jotka on liuotettava ja levitett\u00e4v\u00e4 usein, t\u00e4m\u00e4 lannoite on kiinte\u00e4ss\u00e4 muodossa, ja se sijoitetaan suoraan istutusalustaan, mik\u00e4 takaa ravinteiden asteittaisen ja tasaisen vapautumisen. Sen k\u00e4ytt\u00f6 on yksinkertaista ja helppok\u00e4ytt\u00f6ist\u00e4 sek\u00e4 aloittelijoille ett\u00e4 kokeneille vesipuutarhureille. Aseta se vain vesililjojen juurien l\u00e4helle, niin saat tehokkaita tuloksia useiden viikkojen ajan.<\/p>\n<p><strong><img decoding=\"async\" style=\"margin-right: 12px;\" src=\"https:\/\/www.ferberpainting.com\/wp-content\/uploads\/2026\/02\/Check.svg\" alt=\"\" width=\"18\" height=\"15\" \/>Pitk\u00e4kestoinen vaikutus jatkuvaan kukintaan ja kasvien kest\u00e4vyyden parantamiseen.<\/strong>\u00a0Asteittain vapautuvan koostumuksensa ansiosta t\u00e4m\u00e4 lannoite takaa jatkuvan ravinteiden saannin, jolloin vesililjat kukkivat jatkuvasti ja runsaasti koko kes\u00e4kauden ajan. Se vahvistaa kasvien vastustuskyky\u00e4 tuholaisia ja tauteja vastaan ja takaa vankemmat lehdet ja voimakkaamman kasvun.<\/p>\n<p><strong><img decoding=\"async\" style=\"margin-right: 12px;\" src=\"https:\/\/www.ferberpainting.com\/wp-content\/uploads\/2026\/02\/Check.svg\" alt=\"\" width=\"18\" height=\"15\" \/>N\u00e4kyvi\u00e4 tuloksia jo muutaman viikon kuluessa.<\/strong>\u00a0Ensimm\u00e4isest\u00e4 k\u00e4ytt\u00f6kerrasta l\u00e4htien huomaat merkitt\u00e4v\u00e4\u00e4 parannusta lehtien ja kukkien kehityksess\u00e4. Vesililjat kasvavat nopeammin, tuottavat runsaampia lehti\u00e4 ja elinvoimaisia kukkia eri v\u00e4reiss\u00e4, mik\u00e4 tuo poikkeuksellista kauneutta lampeen.<\/p>\n<h2><strong>K\u00e4ytt\u00f6ohjeet<\/strong><\/h2>\n<p><strong>Suositeltu annostus <\/strong>: Levit\u00e4 100 g lannoitetta kasvia kohti vesililjan koon ja i\u00e4n mukaan. Nuorten kasvien kohdalla pienenn\u00e4 annos 50 grammaan, jotta v\u00e4ltyt\u00e4\u00e4n liialliselta ravinteiden imeytymiselt\u00e4.<\/p>\n<p><strong>Hakumenetelm\u00e4 :<\/strong><\/p>\n<ul>\n<li><strong>Sis\u00e4llytt\u00e4minen substraattiin <\/strong>: Aseta rakeinen lannoite suoraan istutusastian pohjalle ja upota se kevyesti multaan, jotta se ei p\u00e4\u00e4se levi\u00e4m\u00e4\u00e4n veteen.<\/li>\n<li><strong>Istutuksen aikana <\/strong>: Sekoita lannoite vesimultaan juurakoita istutettaessa, jotta varmistetaan v\u00e4lit\u00f6n ja pitk\u00e4aikainen ravinnonsaanti.<\/li>\n<li><strong>Hakemuksen uusiminen <\/strong>: Lis\u00e4\u00e4 uusi annos 6-8 viikon v\u00e4lein kasvukauden aikana jatkuvan kukinnan yll\u00e4pit\u00e4miseksi.<\/li>\n<\/ul>\n<p><strong>Sovellustiheys <\/strong>:<\/p>\n<ul>\n<li><strong>Kasvu- ja kukinta-aikana (kev\u00e4t-kes\u00e4). <\/strong>: K\u00e4yt\u00e4 lannoitetta 6 viikon v\u00e4lein nopean kasvun ja runsaan kukinnan edist\u00e4miseksi.<\/li>\n<li><strong>Kasvullisen lepoajan aikana (syksy-talvi) <\/strong>: Lopeta lannoitus ja anna kasvin siirty\u00e4 luonnolliseen lepotilaan.<\/li>\n<\/ul>\n<p><strong>K\u00e4ytt\u00f6\u00e4 koskevat varotoimet <\/strong>: \u00c4l\u00e4 annostele lannoitetta liikaa, jotta v\u00e4lt\u00e4t ravinteiden liiallisen kertymisen veteen, mik\u00e4 voisi horjuttaa lammen ekosysteemi\u00e4. Levit\u00e4 vain suoraan kosketukseen alustan kanssa eik\u00e4 veden pinnalle.<\/p>\n<p><strong>Varastointi ja s\u00e4ilytys <\/strong>: S\u00e4ilyt\u00e4 lannoitetta kuivassa paikassa, kosteudelta ja \u00e4\u00e4rimm\u00e4isilt\u00e4 l\u00e4mp\u00f6tiloilta suojattuna. Sulje pussi huolellisesti jokaisen k\u00e4ytt\u00f6kerran j\u00e4lkeen, jotta sen teho s\u00e4ilyy ja v\u00e4lt\u00e4t vahingossa tapahtuvan hajoamisen.<\/p>\n<p>T\u00e4m\u00e4n vesililjalannoitteen avulla voit tarjota vesikasveillesi t\u00e4ydellisen ravinnon, joka sopii t\u00e4ydellisesti niiden erityistarpeisiin. Se takaa n\u00e4ytt\u00e4v\u00e4n kukinnan, elinvoimaisen lehdist\u00f6n ja paremman kest\u00e4vyyden ymp\u00e4rist\u00f6olosuhteita vastaan. Se on ihanteellinen ratkaisu, jolla voit kaunistaa lammesi rehevill\u00e4, terveill\u00e4 vesililjoilla koko kauden ajan.<\/p>","protected":false},"excerpt":{"rendered":"<p>A fertilizer specially designed for abundant flowering and lush foliage.\u00a0The water lily is a symbolic aquatic plant, prized for its magnificent floating flowers and elegant foliage. To ensure abundant flowering and optimal development, it is essential to provide it with suitable nutrition. This NPK 10-10-10 fertilizer offers a balanced supply of nutrients, with nitrogen (N) [&hellip;]<\/p>\n","protected":false},"featured_media":27445,"comment_status":"open","ping_status":"closed","template":"","meta":{"_uag_custom_page_level_css":"","site-sidebar-layout":"default","site-content-layout":"","ast-site-content-layout":"default","site-content-style":"default","site-sidebar-style":"default","ast-global-header-display":"","ast-banner-title-visibility":"","ast-main-header-display":"","ast-hfb-above-header-display":"","ast-hfb-below-header-display":"","ast-hfb-mobile-header-display":"","site-post-title":"","ast-breadcrumbs-content":"","ast-featured-img":"","footer-sml-layout":"","ast-disable-related-posts":"","theme-transparent-header-meta":"default","adv-header-id-meta":"","stick-header-meta":"","header-above-stick-meta":"","header-main-stick-meta":"","header-below-stick-meta":"","astra-migrate-meta-layouts":"set","ast-page-background-enabled":"default","ast-page-background-meta":{"desktop":{"background-color":"var(--ast-global-color-4)","background-image":"","background-repeat":"repeat","background-position":"center center","background-size":"auto","background-attachment":"scroll","background-type":"","background-media":"","overlay-type":"","overlay-color":"","overlay-opacity":"","overlay-gradient":""},"tablet":{"background-color":"","background-image":"","background-repeat":"repeat","background-position":"center center","background-size":"auto","background-attachment":"scroll","background-type":"","background-media":"","overlay-type":"","overlay-color":"","overlay-opacity":"","overlay-gradient":""},"mobile":{"background-color":"","background-image":"","background-repeat":"repeat","background-position":"center center","background-size":"auto","background-attachment":"scroll","background-type":"","background-media":"","overlay-type":"","overlay-color":"","overlay-opacity":"","overlay-gradient":""}},"ast-content-background-meta":{"desktop":{"background-color":"var(--ast-global-color-5)","background-image":"","background-repeat":"repeat","background-position":"center center","background-size":"auto","background-attachment":"scroll","background-type":"","background-media":"","overlay-type":"","overlay-color":"","overlay-opacity":"","overlay-gradient":""},"tablet":{"background-color":"var(--ast-global-color-5)","background-image":"","background-repeat":"repeat","background-position":"center center","background-size":"auto","background-attachment":"scroll","background-type":"","background-media":"","overlay-type":"","overlay-color":"","overlay-opacity":"","overlay-gradient":""},"mobile":{"background-color":"var(--ast-global-color-5)","background-image":"","background-repeat":"repeat","background-position":"center center","background-size":"auto","background-attachment":"scroll","background-type":"","background-media":"","overlay-type":"","overlay-color":"","overlay-opacity":"","overlay-gradient":""}}},"product_brand":[],"product_cat":[178],"product_tag":[],"class_list":{"0":"post-25639","1":"product","2":"type-product","3":"status-publish","4":"has-post-thumbnail","6":"product_cat-fertilizers","7":"desktop-align-left","8":"tablet-align-left","9":"mobile-align-left","11":"first","12":"instock","13":"taxable","14":"shipping-taxable","15":"purchasable","16":"product-type-simple"},"spectra_custom_meta":{"_visibility":["visible"],"_shopify_product_id":["9067983438069"],"_s2w_shopify_domain":["ferberpainting.myshopify.com"],"_shopify_variant_id":["46509725942005"],"_sku":["FPWATERLILYFERTILIZER25KG"],"_regular_price":["39.90"],"_price":["39.90"],"_sale_price":[""],"_weight":["18.5"],"_thumbnail_id":["27445"],"_global_unique_id":["5056773817555"],"total_sales":["7"],"_tax_status":["taxable"],"_tax_class":[""],"_manage_stock":["no"],"_backorders":["no"],"_sold_individually":["no"],"_virtual":["no"],"_downloadable":["no"],"_download_limit":["-1"],"_download_expiry":["-1"],"_stock":[null],"_stock_status":["instock"],"_wc_average_rating":["5.00"],"_wc_review_count":["33"],"_product_version":["10.5.2"],"_edit_lock":["1771358121:1"],"_wc_rating_count":["a:1:{i:5;i:33;}"],"merchant-center-category":["113"],"merchant-center-availability":["yes"],"_edit_last":["1"],"_wp_page_template":["default"],"site-sidebar-layout":["default"],"ast-site-content-layout":["default"],"site-content-style":["default"],"site-sidebar-style":["default"],"theme-transparent-header-meta":["default"],"astra-migrate-meta-layouts":["set"],"_uag_css_file_name":["uag-css-25639.css"],"_elementor_page_assets":["a:0:{}"],"_uag_page_assets":["a:9:{s:3:\"css\";s:7133:\".uag-blocks-common-selector{z-index:var(--z-index-desktop) !important}@media(max-width: 976px){.uag-blocks-common-selector{z-index:var(--z-index-tablet) !important}}@media(max-width: 767px){.uag-blocks-common-selector{z-index:var(--z-index-mobile) !important}}.wp-block-uagb-image{display:flex}.wp-block-uagb-image__figure{position:relative;display:flex;flex-direction:column;max-width:100%;height:auto;margin:0}.wp-block-uagb-image__figure img{height:auto;display:flex;max-width:100%;transition:box-shadow .2s ease}.wp-block-uagb-image__figure>a{display:inline-block}.wp-block-uagb-image__figure figcaption{text-align:center;margin-top:.5em;margin-bottom:1em}.wp-block-uagb-image .components-placeholder.block-editor-media-placeholder .components-placeholder__instructions{align-self:center}.wp-block-uagb-image--align-left{text-align:left}.wp-block-uagb-image--align-right{text-align:right}.wp-block-uagb-image--align-center{text-align:center}.wp-block-uagb-image--align-full .wp-block-uagb-image__figure{margin-left:calc(50% - 50vw);margin-right:calc(50% - 50vw);max-width:100vw;width:100vw;height:auto}.wp-block-uagb-image--align-full .wp-block-uagb-image__figure img{height:auto;width:100% !important}.wp-block-uagb-image--align-wide .wp-block-uagb-image__figure img{height:auto;width:100%}.wp-block-uagb-image--layout-overlay__color-wrapper{position:absolute;left:0;top:0;right:0;bottom:0;opacity:.2;background:rgba(0,0,0,.5);transition:opacity .35s ease-in-out}.wp-block-uagb-image--layout-overlay-link{position:absolute;left:0;right:0;bottom:0;top:0}.wp-block-uagb-image--layout-overlay .wp-block-uagb-image__figure:hover .wp-block-uagb-image--layout-overlay__color-wrapper{opacity:1}.wp-block-uagb-image--layout-overlay__inner{position:absolute;left:15px;right:15px;bottom:15px;top:15px;display:flex;align-items:center;justify-content:center;flex-direction:column;border-color:#fff;transition:.35s ease-in-out}.wp-block-uagb-image--layout-overlay__inner.top-left,.wp-block-uagb-image--layout-overlay__inner.top-center,.wp-block-uagb-image--layout-overlay__inner.top-right{justify-content:flex-start}.wp-block-uagb-image--layout-overlay__inner.bottom-left,.wp-block-uagb-image--layout-overlay__inner.bottom-center,.wp-block-uagb-image--layout-overlay__inner.bottom-right{justify-content:flex-end}.wp-block-uagb-image--layout-overlay__inner.top-left,.wp-block-uagb-image--layout-overlay__inner.center-left,.wp-block-uagb-image--layout-overlay__inner.bottom-left{align-items:flex-start}.wp-block-uagb-image--layout-overlay__inner.top-right,.wp-block-uagb-image--layout-overlay__inner.center-right,.wp-block-uagb-image--layout-overlay__inner.bottom-right{align-items:flex-end}.wp-block-uagb-image--layout-overlay__inner .uagb-image-heading{color:#fff;transition:transform .35s,opacity .35s ease-in-out;transform:translate3d(0, 24px, 0);margin:0;line-height:1em}.wp-block-uagb-image--layout-overlay__inner .uagb-image-separator{width:30%;border-top-width:2px;border-top-color:#fff;border-top-style:solid;margin-bottom:10px;opacity:0;transition:transform .4s,opacity .4s ease-in-out;transform:translate3d(0, 30px, 0)}.wp-block-uagb-image--layout-overlay__inner .uagb-image-caption{opacity:0;overflow:visible;color:#fff;transition:transform .45s,opacity .45s ease-in-out;transform:translate3d(0, 35px, 0)}.wp-block-uagb-image--layout-overlay__inner:hover .uagb-image-heading,.wp-block-uagb-image--layout-overlay__inner:hover .uagb-image-separator,.wp-block-uagb-image--layout-overlay__inner:hover .uagb-image-caption{opacity:1;transform:translate3d(0, 0, 0)}.wp-block-uagb-image--effect-zoomin .wp-block-uagb-image__figure img,.wp-block-uagb-image--effect-zoomin .wp-block-uagb-image__figure .wp-block-uagb-image--layout-overlay__color-wrapper{transform:scale(1);transition:transform .35s ease-in-out}.wp-block-uagb-image--effect-zoomin .wp-block-uagb-image__figure:hover img,.wp-block-uagb-image--effect-zoomin .wp-block-uagb-image__figure:hover .wp-block-uagb-image--layout-overlay__color-wrapper{transform:scale(1.05)}.wp-block-uagb-image--effect-slide .wp-block-uagb-image__figure img,.wp-block-uagb-image--effect-slide .wp-block-uagb-image__figure .wp-block-uagb-image--layout-overlay__color-wrapper{width:calc(100% + 40px) !important;max-width:none !important;transform:translate3d(-40px, 0, 0);transition:transform .35s ease-in-out}.wp-block-uagb-image--effect-slide .wp-block-uagb-image__figure:hover img,.wp-block-uagb-image--effect-slide .wp-block-uagb-image__figure:hover .wp-block-uagb-image--layout-overlay__color-wrapper{transform:translate3d(0, 0, 0)}.wp-block-uagb-image--effect-grayscale img{filter:grayscale(0%);transition:.35s ease-in-out}.wp-block-uagb-image--effect-grayscale:hover img{filter:grayscale(100%)}.wp-block-uagb-image--effect-blur img{filter:blur(0);transition:.35s ease-in-out}.wp-block-uagb-image--effect-blur:hover img{filter:blur(3px)}.uagb-block-e6f939b3.wp-block-uagb-image--layout-default figure img{box-shadow: 0px 0px 0 #00000070;}.uagb-block-e6f939b3.wp-block-uagb-image .wp-block-uagb-image__figure figcaption{font-style: normal;align-self: center;}.uagb-block-e6f939b3.wp-block-uagb-image--layout-overlay figure img{box-shadow: 0px 0px 0 #00000070;}.uagb-block-e6f939b3.wp-block-uagb-image--layout-overlay .wp-block-uagb-image--layout-overlay__color-wrapper{opacity: 0.2;}.uagb-block-e6f939b3.wp-block-uagb-image--layout-overlay .wp-block-uagb-image--layout-overlay__inner{left: 15px;right: 15px;top: 15px;bottom: 15px;}.uagb-block-e6f939b3.wp-block-uagb-image--layout-overlay .wp-block-uagb-image--layout-overlay__inner .uagb-image-heading{font-style: normal;color: #fff;opacity: 1;}.uagb-block-e6f939b3.wp-block-uagb-image--layout-overlay .wp-block-uagb-image--layout-overlay__inner .uagb-image-heading a{color: #fff;}.uagb-block-e6f939b3.wp-block-uagb-image--layout-overlay .wp-block-uagb-image--layout-overlay__inner .uagb-image-caption{opacity: 0;}.uagb-block-e6f939b3.wp-block-uagb-image--layout-overlay .wp-block-uagb-image__figure:hover .wp-block-uagb-image--layout-overlay__color-wrapper{opacity: 1;}.uagb-block-e6f939b3.wp-block-uagb-image .wp-block-uagb-image--layout-overlay__inner .uagb-image-separator{width: 30%;border-top-width: 2px;border-top-color: #fff;opacity: 0;}.uagb-block-e6f939b3.wp-block-uagb-image .wp-block-uagb-image__figure img{width: px;height: auto;}.uagb-block-e6f939b3.wp-block-uagb-image .wp-block-uagb-image__figure:hover .wp-block-uagb-image--layout-overlay__inner .uagb-image-caption{opacity: 1;}.uagb-block-e6f939b3.wp-block-uagb-image .wp-block-uagb-image__figure:hover .wp-block-uagb-image--layout-overlay__inner .uagb-image-separator{opacity: 1;}.uagb-block-e6f939b3.wp-block-uagb-image--layout-default figure:hover img{box-shadow: 0px 0px 0 #00000070;}.uagb-block-e6f939b3.wp-block-uagb-image--layout-overlay figure:hover img{box-shadow: 0px 0px 0 #00000070;}@media only screen and (max-width: 976px) {.uagb-block-e6f939b3.wp-block-uagb-image .wp-block-uagb-image__figure img{width: px;height: auto;}}@media only screen and (max-width: 767px) {.uagb-block-e6f939b3.wp-block-uagb-image .wp-block-uagb-image__figure img{width: px;height: auto;}}\";s:2:\"js\";s:0:\"\";s:18:\"current_block_list\";a:13:{i:0;s:11:\"core\/search\";i:1;s:10:\"core\/group\";i:2;s:12:\"core\/heading\";i:3;s:17:\"core\/latest-posts\";i:4;s:20:\"core\/latest-comments\";i:5;s:13:\"core\/archives\";i:6;s:15:\"core\/categories\";i:7;s:14:\"core\/paragraph\";i:8;s:10:\"uagb\/image\";i:9;s:11:\"core\/spacer\";i:10;s:30:\"woocommerce\/product-categories\";i:11;s:10:\"core\/image\";i:12;s:14:\"core\/shortcode\";}s:8:\"uag_flag\";b:1;s:11:\"uag_version\";s:10:\"1777331345\";s:6:\"gfonts\";a:0:{}s:10:\"gfonts_url\";s:0:\"\";s:12:\"gfonts_files\";a:0:{}s:14:\"uag_faq_layout\";b:0;}"]},"uagb_featured_image_src":{"full":["https:\/\/www.ferberpainting.com\/wp-content\/uploads\/2025\/05\/WaterLilyFertilizer25kg2.png",2560,2560,false],"thumbnail":["https:\/\/www.ferberpainting.com\/wp-content\/uploads\/2025\/05\/WaterLilyFertilizer25kg2-150x150.png",150,150,true],"medium":["https:\/\/www.ferberpainting.com\/wp-content\/uploads\/2025\/05\/WaterLilyFertilizer25kg2-300x300.png",300,300,true],"medium_large":["https:\/\/www.ferberpainting.com\/wp-content\/uploads\/2025\/05\/WaterLilyFertilizer25kg2-768x768.png",768,768,true],"large":["https:\/\/www.ferberpainting.com\/wp-content\/uploads\/2025\/05\/WaterLilyFertilizer25kg2-1024x1024.png",1024,1024,true],"1536x1536":["https:\/\/www.ferberpainting.com\/wp-content\/uploads\/2025\/05\/WaterLilyFertilizer25kg2-1536x1536.png",1536,1536,true],"2048x2048":["https:\/\/www.ferberpainting.com\/wp-content\/uploads\/2025\/05\/WaterLilyFertilizer25kg2-2048x2048.png",2048,2048,true],"trp-custom-language-flag":["https:\/\/www.ferberpainting.com\/wp-content\/uploads\/2025\/05\/WaterLilyFertilizer25kg2-12x12.png",12,12,true],"woocommerce_thumbnail":["https:\/\/www.ferberpainting.com\/wp-content\/uploads\/2025\/05\/WaterLilyFertilizer25kg2-300x300.png",300,300,true],"woocommerce_single":["https:\/\/www.ferberpainting.com\/wp-content\/uploads\/2025\/05\/WaterLilyFertilizer25kg2-600x600.png",600,600,true],"woocommerce_gallery_thumbnail":["https:\/\/www.ferberpainting.com\/wp-content\/uploads\/2025\/05\/WaterLilyFertilizer25kg2-100x100.png",100,100,true]},"uagb_author_info":{"display_name":"admin","author_link":"https:\/\/www.ferberpainting.com\/fi\/author\/"},"uagb_comment_info":33,"uagb_excerpt":"A fertilizer specially designed for abundant flowering and lush foliage.\u00a0The water lily is a symbolic aquatic plant, prized for its magnificent floating flowers and elegant foliage. To ensure abundant flowering and optimal development, it is essential to provide it with suitable nutrition. This NPK 10-10-10 fertilizer offers a balanced supply of nutrients, with nitrogen (N)&hellip;","_links":{"self":[{"href":"https:\/\/www.ferberpainting.com\/fi\/wp-json\/wp\/v2\/product\/25639","targetHints":{"allow":["GET"]}}],"collection":[{"href":"https:\/\/www.ferberpainting.com\/fi\/wp-json\/wp\/v2\/product"}],"about":[{"href":"https:\/\/www.ferberpainting.com\/fi\/wp-json\/wp\/v2\/types\/product"}],"replies":[{"embeddable":true,"href":"https:\/\/www.ferberpainting.com\/fi\/wp-json\/wp\/v2\/comments?post=25639"}],"version-history":[{"count":5,"href":"https:\/\/www.ferberpainting.com\/fi\/wp-json\/wp\/v2\/product\/25639\/revisions"}],"predecessor-version":[{"id":168844,"href":"https:\/\/www.ferberpainting.com\/fi\/wp-json\/wp\/v2\/product\/25639\/revisions\/168844"}],"wp:featuredmedia":[{"embeddable":true,"href":"https:\/\/www.ferberpainting.com\/fi\/wp-json\/wp\/v2\/media\/27445"}],"wp:attachment":[{"href":"https:\/\/www.ferberpainting.com\/fi\/wp-json\/wp\/v2\/media?parent=25639"}],"wp:term":[{"taxonomy":"product_brand","embeddable":true,"href":"https:\/\/www.ferberpainting.com\/fi\/wp-json\/wp\/v2\/product_brand?post=25639"},{"taxonomy":"product_cat","embeddable":true,"href":"https:\/\/www.ferberpainting.com\/fi\/wp-json\/wp\/v2\/product_cat?post=25639"},{"taxonomy":"product_tag","embeddable":true,"href":"https:\/\/www.ferberpainting.com\/fi\/wp-json\/wp\/v2\/product_tag?post=25639"}],"curies":[{"name":"wp","href":"https:\/\/api.w.org\/{rel}","templated":true}]}}