{"id":25608,"date":"2025-06-30T19:05:09","date_gmt":"2025-06-30T17:05:09","guid":{"rendered":"https:\/\/www.ferberpainting.com\/?post_type=product&#038;p=25605"},"modified":"2026-02-16T13:59:27","modified_gmt":"2026-02-16T12:59:27","slug":"tv-computer-and-phone-screen-cleaner","status":"publish","type":"product","link":"https:\/\/www.ferberpainting.com\/fi\/products\/tv-computer-and-phone-screen-cleaner\/","title":{"rendered":"Puhdistusaine television, puhelimen ja tietokoneen n\u00e4yt\u00f6ille"},"content":{"rendered":"<p><strong><img decoding=\"async\" style=\"margin-right: 12px;\" src=\"https:\/\/www.ferberpainting.com\/wp-content\/uploads\/2026\/02\/Check.svg\" alt=\"\" width=\"18\" height=\"15\" \/>Optimaalinen tehokkuus.<\/strong>\u00a0T\u00e4m\u00e4 TV:n, puhelimen ja tietokoneen n\u00e4yt\u00f6npuhdistusaine on suunniteltu erityisesti poistamaan tehokkaasti sormenj\u00e4ljet, p\u00f6lyn, rasvan ja n\u00e4yt\u00f6ille kertyv\u00e4t ep\u00e4puhtaudet. Kehittyneen koostumuksensa ansiosta se liuottaa lian v\u00e4litt\u00f6m\u00e4sti j\u00e4tt\u00e4m\u00e4tt\u00e4 raitoja tai j\u00e4\u00e4mi\u00e4, mik\u00e4 takaa kirkkauden ja optimaalisen kirkkauden. Se palauttaa n\u00e4ytt\u00f6jen alkuper\u00e4isen kiillon ja parantaa visuaalista mukavuutta poistamalla lian aiheuttamat h\u00e4iri\u00f6t.<\/p>\n<p><strong><img decoding=\"async\" style=\"margin-right: 12px;\" src=\"https:\/\/www.ferberpainting.com\/wp-content\/uploads\/2026\/02\/Check.svg\" alt=\"\" width=\"18\" height=\"15\" \/>Rahat takaisin -takuu.<\/strong>\u00a0Luotamme t\u00e4ysin n\u00e4yt\u00f6npuhdistusaineemme tehokkuuteen. Jos et ole t\u00e4ysin tyytyv\u00e4inen k\u00e4yt\u00f6n j\u00e4lkeen, voit saada t\u00e4yden hyvityksen. Kokeile tuotteitamme ilman riski\u00e4 ja nauti n\u00e4yt\u00f6st\u00e4, joka on aina puhdas ja raidaton, helposti ja luotettavasti.<\/p>\n<p><strong><img decoding=\"async\" style=\"margin-right: 12px;\" src=\"https:\/\/www.ferberpainting.com\/wp-content\/uploads\/2026\/02\/Check.svg\" alt=\"\" width=\"18\" height=\"15\" \/>Poikkeuksellinen monipuolisuus.<\/strong>\u00a0T\u00e4m\u00e4 puhdistusaine ei rajoitu vain televisioihin, puhelimiin tai tietokoneiden n\u00e4ytt\u00f6ihin! Se sopii my\u00f6s tableteille, \u00e4lykelloille, kameroiden linsseille, laseille, auton kojelaudoille, laitteiden kosketusn\u00e4yt\u00f6ille ja optiselle lasille. Se toimii lasille, muoville, akryylille ja polykarbonaatille ja takaa hell\u00e4varaisen ja tehokkaan puhdistuksen vahingoittamatta heijastusta tai sormenj\u00e4lki\u00e4 est\u00e4vi\u00e4 pinnoitteita.<\/p>\n<p><strong><img decoding=\"async\" style=\"margin-right: 12px;\" src=\"https:\/\/www.ferberpainting.com\/wp-content\/uploads\/2026\/02\/Check.svg\" alt=\"\" width=\"18\" height=\"15\" \/>Kustannustehokas.<\/strong>\u00a05 litran s\u00e4ili\u00f6ns\u00e4 ja eritt\u00e4in tehokkaan koostumuksensa ansiosta t\u00e4m\u00e4 puhdistusaine tarjoaa erinomaista vastinetta. Pieni m\u00e4\u00e4r\u00e4 riitt\u00e4\u00e4 kymmenien n\u00e4ytt\u00f6jen puhdistamiseen ilman h\u00e4vikki\u00e4. Keskim\u00e4\u00e4rin yhdell\u00e4 litralla voi puhdistaa jopa 500 n\u00e4ytt\u00f6\u00e4, joten se on kest\u00e4v\u00e4 ja taloudellinen ratkaisu n\u00e4yt\u00f6n huoltoon kotona tai ty\u00f6paikalla.<\/p>\n<p><strong><img decoding=\"async\" style=\"margin-right: 12px;\" src=\"https:\/\/www.ferberpainting.com\/wp-content\/uploads\/2026\/02\/Check.svg\" alt=\"\" width=\"18\" height=\"15\" \/>Turvallinen k\u00e4ytt\u00e4\u00e4.<\/strong>\u00a0Toisin kuin alkoholi- tai liuotinpohjaiset puhdistusaineet, t\u00e4m\u00e4 tuote on valmistettu sy\u00f6vytt\u00e4m\u00e4tt\u00f6mist\u00e4 ja myrkytt\u00f6mist\u00e4 ainesosista, jotka eiv\u00e4t vahingoita pinnoitteita. Se ei tuota myrkyllisi\u00e4 h\u00f6yryj\u00e4, ei \u00e4rsyt\u00e4 ihoa ja on turvallinen herkille pinnoille. Sen tasapainoinen pH-arvo takaa hell\u00e4varaisen puhdistuksen, joka kunnioittaa n\u00e4yt\u00f6n materiaaleja - jopa kaikkein herkimpi\u00e4.<\/p>\n<p><strong><img decoding=\"async\" style=\"margin-right: 12px;\" src=\"https:\/\/www.ferberpainting.com\/wp-content\/uploads\/2026\/02\/Check.svg\" alt=\"\" width=\"18\" height=\"15\" \/>Helppok\u00e4ytt\u00f6isyys.<\/strong> T\u00e4m\u00e4 puhdistusaine on k\u00e4ytt\u00f6valmis eik\u00e4 vaadi laimentamista tai monimutkaisia asetuksia. Levit\u00e4 sit\u00e4 vain mikrokuituliinaan ja pyyhi n\u00e4ytt\u00f6. Huuhtelua ei tarvita, se kuivuu nopeasti ilman raitoja, jolloin n\u00e4ytt\u00f6si on heti puhdas ja k\u00e4ytt\u00f6valmis.<\/p>\n<p><strong><img decoding=\"async\" style=\"margin-right: 12px;\" src=\"https:\/\/www.ferberpainting.com\/wp-content\/uploads\/2026\/02\/Check.svg\" alt=\"\" width=\"18\" height=\"15\" \/>Lis\u00e4\u00e4ntynyt kest\u00e4vyys.<\/strong>\u00a0T\u00e4m\u00e4 puhdistusaine poistaa s\u00e4\u00e4nn\u00f6llisesti lian ja rasvan ja pident\u00e4\u00e4 n\u00e4in n\u00e4yt\u00f6n k\u00e4ytt\u00f6ik\u00e4\u00e4. Se ehk\u00e4isee naarmuja ja tahmean kertymisen aiheuttamia vaurioita. S\u00e4\u00e4nn\u00f6llinen huolto pit\u00e4\u00e4 n\u00e4yt\u00f6t puhtaina, toimivina ja uuden n\u00e4k\u00f6isin\u00e4 vuosien ajan.<\/p>\n<p><strong><img decoding=\"async\" style=\"margin-right: 12px;\" src=\"https:\/\/www.ferberpainting.com\/wp-content\/uploads\/2026\/02\/Check.svg\" alt=\"\" width=\"18\" height=\"15\" \/>Nopea toiminta.<\/strong>\u00a0Eritt\u00e4in reaktiivisen koostumuksensa ansiosta t\u00e4m\u00e4 puhdistusaine vaikuttaa v\u00e4litt\u00f6m\u00e4sti tahroihin ja likaan. Se liuottaa ep\u00e4puhtaudet muutamassa sekunnissa ja tekee niist\u00e4 helposti pyyhitt\u00e4vi\u00e4 ilman hankausta. Nopeasti kuivuvan vaikutuksensa ansiosta se on ihanteellinen kaikkien n\u00e4ytt\u00f6jen nopeaan ja tehokkaaseen huoltoon.<\/p>\n<h2><strong>K\u00e4ytt\u00f6ohjeet<\/strong><\/h2>\n<ul>\n<li><strong>Valmistelu <\/strong>: Varmista, ett\u00e4 n\u00e4ytt\u00f6 on kytketty pois p\u00e4\u00e4lt\u00e4 ja ett\u00e4 siin\u00e4 ei ole paksua p\u00f6ly\u00e4 tai hiukkasia, jotka saattavat naarmuttaa sit\u00e4 puhdistuksen aikana.<\/li>\n<li><strong>Manuaalinen soveltaminen <\/strong>: Kaada pieni m\u00e4\u00e4r\u00e4 puhdistusainetta puhtaaseen mikrokuituliinaan. \u00c4l\u00e4 koskaan suihkuta suoraan n\u00e4yt\u00f6lle, jotta neste ei p\u00e4\u00e4se tunkeutumaan elektronisiin komponentteihin.<\/li>\n<li><strong>Puhdistus <\/strong>: Pyyhi n\u00e4ytt\u00f6 varovasti kostealla liinalla py\u00f6rivin liikkein poistaaksesi sormenj\u00e4ljet ja lian ilman liiallista painetta.<\/li>\n<li><strong>Viimeistely <\/strong>: Pyyhi uudelleen kuivalla mikrokuituliinalla varmistaaksesi raidattoman ja tahrattoman lopputuloksen.<\/li>\n<li><strong>K\u00e4ytt\u00f6 kameran linsseille ja optiselle lasille <\/strong>: Levit\u00e4 tuotetta mikrokuituliinaan ja puhdista pinta varovasti kevyell\u00e4 paineella, jotta pinnoitteet eiv\u00e4t vahingoitu.<\/li>\n<li><strong>K\u00e4ytt\u00f6tiheys <\/strong>: Puhdista n\u00e4yt\u00f6t aina, kun n\u00e4kyvi\u00e4 tahroja tai p\u00f6ly\u00e4 ilmestyy. Puhdista ennaltaehk\u00e4isev\u00e4sti kerran tai kahdesti viikossa, jotta n\u00e4yt\u00f6n selkeys s\u00e4ilyy optimaalisena ja kertyminen v\u00e4ltet\u00e4\u00e4n.<\/li>\n<li><strong>Varastointi <\/strong>: Sulje s\u00e4ili\u00f6 tiiviisti jokaisen k\u00e4ytt\u00f6kerran j\u00e4lkeen ja s\u00e4ilyt\u00e4 viile\u00e4ss\u00e4, kuivassa paikassa, suojassa valolta ja \u00e4\u00e4rimm\u00e4isilt\u00e4 l\u00e4mp\u00f6tiloilta, jotta tuotteen teho s\u00e4ilyy pitk\u00e4ll\u00e4 aikav\u00e4lill\u00e4.<\/li>\n<\/ul>\n<p>TV:n, puhelimen ja tietokoneen n\u00e4yt\u00f6npuhdistusaineemme avulla voit nauttia kristallinkirkkaasta n\u00e4yt\u00f6st\u00e4 joka p\u00e4iv\u00e4 ja suojata samalla elektroniikkaasi. Tehokas, nopea ja turvallinen ratkaisu t\u00e4ydelliseen kuvaan kotona tai t\u00f6iss\u00e4.<\/p>","protected":false},"excerpt":{"rendered":"<p>Optimal Effectiveness.\u00a0This screen cleaner for TVs, phones and computers is specially designed to effectively remove fingerprints, dust, grease, and impurities that build up on screens. Thanks to its advanced formula, it instantly dissolves dirt without leaving streaks or residue, ensuring clarity and optimal brightness. It restores your screens\u2019 original shine and enhances visual comfort by [&hellip;]<\/p>\n","protected":false},"featured_media":35835,"comment_status":"open","ping_status":"closed","template":"","meta":{"_uag_custom_page_level_css":"","site-sidebar-layout":"default","site-content-layout":"","ast-site-content-layout":"default","site-content-style":"default","site-sidebar-style":"default","ast-global-header-display":"","ast-banner-title-visibility":"","ast-main-header-display":"","ast-hfb-above-header-display":"","ast-hfb-below-header-display":"","ast-hfb-mobile-header-display":"","site-post-title":"","ast-breadcrumbs-content":"","ast-featured-img":"","footer-sml-layout":"","ast-disable-related-posts":"","theme-transparent-header-meta":"default","adv-header-id-meta":"","stick-header-meta":"","header-above-stick-meta":"","header-main-stick-meta":"","header-below-stick-meta":"","astra-migrate-meta-layouts":"set","ast-page-background-enabled":"default","ast-page-background-meta":{"desktop":{"background-color":"var(--ast-global-color-4)","background-image":"","background-repeat":"repeat","background-position":"center center","background-size":"auto","background-attachment":"scroll","background-type":"","background-media":"","overlay-type":"","overlay-color":"","overlay-opacity":"","overlay-gradient":""},"tablet":{"background-color":"","background-image":"","background-repeat":"repeat","background-position":"center center","background-size":"auto","background-attachment":"scroll","background-type":"","background-media":"","overlay-type":"","overlay-color":"","overlay-opacity":"","overlay-gradient":""},"mobile":{"background-color":"","background-image":"","background-repeat":"repeat","background-position":"center center","background-size":"auto","background-attachment":"scroll","background-type":"","background-media":"","overlay-type":"","overlay-color":"","overlay-opacity":"","overlay-gradient":""}},"ast-content-background-meta":{"desktop":{"background-color":"var(--ast-global-color-5)","background-image":"","background-repeat":"repeat","background-position":"center center","background-size":"auto","background-attachment":"scroll","background-type":"","background-media":"","overlay-type":"","overlay-color":"","overlay-opacity":"","overlay-gradient":""},"tablet":{"background-color":"var(--ast-global-color-5)","background-image":"","background-repeat":"repeat","background-position":"center center","background-size":"auto","background-attachment":"scroll","background-type":"","background-media":"","overlay-type":"","overlay-color":"","overlay-opacity":"","overlay-gradient":""},"mobile":{"background-color":"var(--ast-global-color-5)","background-image":"","background-repeat":"repeat","background-position":"center center","background-size":"auto","background-attachment":"scroll","background-type":"","background-media":"","overlay-type":"","overlay-color":"","overlay-opacity":"","overlay-gradient":""}}},"product_brand":[],"product_cat":[175],"product_tag":[],"class_list":{"0":"post-25608","1":"product","2":"type-product","3":"status-publish","4":"has-post-thumbnail","6":"product_cat-cleaning-products","7":"desktop-align-left","8":"tablet-align-left","9":"mobile-align-left","11":"first","12":"instock","13":"sale","14":"shipping-taxable","15":"purchasable","16":"product-type-variable","17":"has-default-attributes"},"spectra_custom_meta":{"_visibility":["visible"],"_shopify_product_id":["9102390755573"],"_s2w_shopify_domain":["ferberpainting.myshopify.com"],"_shopify_variant_id":["46616188879093"],"_sku":[""],"_manage_stock":["no"],"total_sales":["2"],"_tax_status":["taxable"],"_tax_class":[""],"_backorders":["no"],"_sold_individually":["no"],"_virtual":["no"],"_downloadable":["no"],"_download_limit":["-1"],"_download_expiry":["-1"],"_stock":[null],"_stock_status":["instock"],"_wc_average_rating":["5.00"],"_wc_review_count":["10"],"_product_attributes":["a:1:{s:6:\"volume\";a:6:{s:4:\"name\";s:6:\"Volume\";s:5:\"value\";s:20:\"5 liters | 25 liters\";s:8:\"position\";i:1;s:10:\"is_visible\";i:0;s:12:\"is_variation\";i:1;s:11:\"is_taxonomy\";i:0;}}"],"_product_version":["10.5.1"],"wpse_downloadable_file_names":[""],"wpse_downloadable_file_urls":[""],"_edit_last":["1"],"_edit_lock":["1771246641:1"],"_default_attributes":["a:1:{s:6:\"volume\";s:8:\"5 liters\";}"],"merchant-center-availability":["yes"],"merchant-center-category":["4973"],"_thumbnail_id":["35835"],"_wp_page_template":["default"],"_wp_old_date":["2025-05-26"],"_product_image_gallery":["35836"],"site-sidebar-layout":["default"],"ast-site-content-layout":["default"],"site-content-style":["default"],"site-sidebar-style":["default"],"theme-transparent-header-meta":["default"],"_price":["29.90","129.90"],"_wc_rating_count":["a:1:{i:5;i:10;}"],"astra-migrate-meta-layouts":["set"],"_uag_css_file_name":["uag-css-25608.css"],"_elementor_page_assets":["a:0:{}"],"_uag_page_assets":["a:9:{s:3:\"css\";s:7133:\".uag-blocks-common-selector{z-index:var(--z-index-desktop) !important}@media(max-width: 976px){.uag-blocks-common-selector{z-index:var(--z-index-tablet) !important}}@media(max-width: 767px){.uag-blocks-common-selector{z-index:var(--z-index-mobile) !important}}.wp-block-uagb-image{display:flex}.wp-block-uagb-image__figure{position:relative;display:flex;flex-direction:column;max-width:100%;height:auto;margin:0}.wp-block-uagb-image__figure img{height:auto;display:flex;max-width:100%;transition:box-shadow .2s ease}.wp-block-uagb-image__figure>a{display:inline-block}.wp-block-uagb-image__figure figcaption{text-align:center;margin-top:.5em;margin-bottom:1em}.wp-block-uagb-image .components-placeholder.block-editor-media-placeholder .components-placeholder__instructions{align-self:center}.wp-block-uagb-image--align-left{text-align:left}.wp-block-uagb-image--align-right{text-align:right}.wp-block-uagb-image--align-center{text-align:center}.wp-block-uagb-image--align-full .wp-block-uagb-image__figure{margin-left:calc(50% - 50vw);margin-right:calc(50% - 50vw);max-width:100vw;width:100vw;height:auto}.wp-block-uagb-image--align-full .wp-block-uagb-image__figure img{height:auto;width:100% !important}.wp-block-uagb-image--align-wide .wp-block-uagb-image__figure img{height:auto;width:100%}.wp-block-uagb-image--layout-overlay__color-wrapper{position:absolute;left:0;top:0;right:0;bottom:0;opacity:.2;background:rgba(0,0,0,.5);transition:opacity .35s ease-in-out}.wp-block-uagb-image--layout-overlay-link{position:absolute;left:0;right:0;bottom:0;top:0}.wp-block-uagb-image--layout-overlay .wp-block-uagb-image__figure:hover .wp-block-uagb-image--layout-overlay__color-wrapper{opacity:1}.wp-block-uagb-image--layout-overlay__inner{position:absolute;left:15px;right:15px;bottom:15px;top:15px;display:flex;align-items:center;justify-content:center;flex-direction:column;border-color:#fff;transition:.35s ease-in-out}.wp-block-uagb-image--layout-overlay__inner.top-left,.wp-block-uagb-image--layout-overlay__inner.top-center,.wp-block-uagb-image--layout-overlay__inner.top-right{justify-content:flex-start}.wp-block-uagb-image--layout-overlay__inner.bottom-left,.wp-block-uagb-image--layout-overlay__inner.bottom-center,.wp-block-uagb-image--layout-overlay__inner.bottom-right{justify-content:flex-end}.wp-block-uagb-image--layout-overlay__inner.top-left,.wp-block-uagb-image--layout-overlay__inner.center-left,.wp-block-uagb-image--layout-overlay__inner.bottom-left{align-items:flex-start}.wp-block-uagb-image--layout-overlay__inner.top-right,.wp-block-uagb-image--layout-overlay__inner.center-right,.wp-block-uagb-image--layout-overlay__inner.bottom-right{align-items:flex-end}.wp-block-uagb-image--layout-overlay__inner .uagb-image-heading{color:#fff;transition:transform .35s,opacity .35s ease-in-out;transform:translate3d(0, 24px, 0);margin:0;line-height:1em}.wp-block-uagb-image--layout-overlay__inner .uagb-image-separator{width:30%;border-top-width:2px;border-top-color:#fff;border-top-style:solid;margin-bottom:10px;opacity:0;transition:transform .4s,opacity .4s ease-in-out;transform:translate3d(0, 30px, 0)}.wp-block-uagb-image--layout-overlay__inner .uagb-image-caption{opacity:0;overflow:visible;color:#fff;transition:transform .45s,opacity .45s ease-in-out;transform:translate3d(0, 35px, 0)}.wp-block-uagb-image--layout-overlay__inner:hover .uagb-image-heading,.wp-block-uagb-image--layout-overlay__inner:hover .uagb-image-separator,.wp-block-uagb-image--layout-overlay__inner:hover .uagb-image-caption{opacity:1;transform:translate3d(0, 0, 0)}.wp-block-uagb-image--effect-zoomin .wp-block-uagb-image__figure img,.wp-block-uagb-image--effect-zoomin .wp-block-uagb-image__figure .wp-block-uagb-image--layout-overlay__color-wrapper{transform:scale(1);transition:transform .35s ease-in-out}.wp-block-uagb-image--effect-zoomin .wp-block-uagb-image__figure:hover img,.wp-block-uagb-image--effect-zoomin .wp-block-uagb-image__figure:hover .wp-block-uagb-image--layout-overlay__color-wrapper{transform:scale(1.05)}.wp-block-uagb-image--effect-slide .wp-block-uagb-image__figure img,.wp-block-uagb-image--effect-slide .wp-block-uagb-image__figure .wp-block-uagb-image--layout-overlay__color-wrapper{width:calc(100% + 40px) !important;max-width:none !important;transform:translate3d(-40px, 0, 0);transition:transform .35s ease-in-out}.wp-block-uagb-image--effect-slide .wp-block-uagb-image__figure:hover img,.wp-block-uagb-image--effect-slide .wp-block-uagb-image__figure:hover .wp-block-uagb-image--layout-overlay__color-wrapper{transform:translate3d(0, 0, 0)}.wp-block-uagb-image--effect-grayscale img{filter:grayscale(0%);transition:.35s ease-in-out}.wp-block-uagb-image--effect-grayscale:hover img{filter:grayscale(100%)}.wp-block-uagb-image--effect-blur img{filter:blur(0);transition:.35s ease-in-out}.wp-block-uagb-image--effect-blur:hover img{filter:blur(3px)}.uagb-block-e6f939b3.wp-block-uagb-image--layout-default figure img{box-shadow: 0px 0px 0 #00000070;}.uagb-block-e6f939b3.wp-block-uagb-image .wp-block-uagb-image__figure figcaption{font-style: normal;align-self: center;}.uagb-block-e6f939b3.wp-block-uagb-image--layout-overlay figure img{box-shadow: 0px 0px 0 #00000070;}.uagb-block-e6f939b3.wp-block-uagb-image--layout-overlay .wp-block-uagb-image--layout-overlay__color-wrapper{opacity: 0.2;}.uagb-block-e6f939b3.wp-block-uagb-image--layout-overlay .wp-block-uagb-image--layout-overlay__inner{left: 15px;right: 15px;top: 15px;bottom: 15px;}.uagb-block-e6f939b3.wp-block-uagb-image--layout-overlay .wp-block-uagb-image--layout-overlay__inner .uagb-image-heading{font-style: normal;color: #fff;opacity: 1;}.uagb-block-e6f939b3.wp-block-uagb-image--layout-overlay .wp-block-uagb-image--layout-overlay__inner .uagb-image-heading a{color: #fff;}.uagb-block-e6f939b3.wp-block-uagb-image--layout-overlay .wp-block-uagb-image--layout-overlay__inner .uagb-image-caption{opacity: 0;}.uagb-block-e6f939b3.wp-block-uagb-image--layout-overlay .wp-block-uagb-image__figure:hover .wp-block-uagb-image--layout-overlay__color-wrapper{opacity: 1;}.uagb-block-e6f939b3.wp-block-uagb-image .wp-block-uagb-image--layout-overlay__inner .uagb-image-separator{width: 30%;border-top-width: 2px;border-top-color: #fff;opacity: 0;}.uagb-block-e6f939b3.wp-block-uagb-image .wp-block-uagb-image__figure img{width: px;height: auto;}.uagb-block-e6f939b3.wp-block-uagb-image .wp-block-uagb-image__figure:hover .wp-block-uagb-image--layout-overlay__inner .uagb-image-caption{opacity: 1;}.uagb-block-e6f939b3.wp-block-uagb-image .wp-block-uagb-image__figure:hover .wp-block-uagb-image--layout-overlay__inner .uagb-image-separator{opacity: 1;}.uagb-block-e6f939b3.wp-block-uagb-image--layout-default figure:hover img{box-shadow: 0px 0px 0 #00000070;}.uagb-block-e6f939b3.wp-block-uagb-image--layout-overlay figure:hover img{box-shadow: 0px 0px 0 #00000070;}@media only screen and (max-width: 976px) {.uagb-block-e6f939b3.wp-block-uagb-image .wp-block-uagb-image__figure img{width: px;height: auto;}}@media only screen and (max-width: 767px) {.uagb-block-e6f939b3.wp-block-uagb-image .wp-block-uagb-image__figure img{width: px;height: auto;}}\";s:2:\"js\";s:0:\"\";s:18:\"current_block_list\";a:13:{i:0;s:11:\"core\/search\";i:1;s:10:\"core\/group\";i:2;s:12:\"core\/heading\";i:3;s:17:\"core\/latest-posts\";i:4;s:20:\"core\/latest-comments\";i:5;s:13:\"core\/archives\";i:6;s:15:\"core\/categories\";i:7;s:14:\"core\/paragraph\";i:8;s:10:\"uagb\/image\";i:9;s:11:\"core\/spacer\";i:10;s:30:\"woocommerce\/product-categories\";i:11;s:10:\"core\/image\";i:12;s:14:\"core\/shortcode\";}s:8:\"uag_flag\";b:1;s:11:\"uag_version\";s:10:\"1777115881\";s:6:\"gfonts\";a:0:{}s:10:\"gfonts_url\";s:0:\"\";s:12:\"gfonts_files\";a:0:{}s:14:\"uag_faq_layout\";b:0;}"]},"uagb_featured_image_src":{"full":["https:\/\/www.ferberpainting.com\/wp-content\/uploads\/2025\/05\/TV-Computer-and-Phone-Screen-Cleaner-5L.png",2560,2560,false],"thumbnail":["https:\/\/www.ferberpainting.com\/wp-content\/uploads\/2025\/05\/TV-Computer-and-Phone-Screen-Cleaner-5L-150x150.png",150,150,true],"medium":["https:\/\/www.ferberpainting.com\/wp-content\/uploads\/2025\/05\/TV-Computer-and-Phone-Screen-Cleaner-5L-300x300.png",300,300,true],"medium_large":["https:\/\/www.ferberpainting.com\/wp-content\/uploads\/2025\/05\/TV-Computer-and-Phone-Screen-Cleaner-5L-768x768.png",768,768,true],"large":["https:\/\/www.ferberpainting.com\/wp-content\/uploads\/2025\/05\/TV-Computer-and-Phone-Screen-Cleaner-5L-1024x1024.png",1024,1024,true],"1536x1536":["https:\/\/www.ferberpainting.com\/wp-content\/uploads\/2025\/05\/TV-Computer-and-Phone-Screen-Cleaner-5L-1536x1536.png",1536,1536,true],"2048x2048":["https:\/\/www.ferberpainting.com\/wp-content\/uploads\/2025\/05\/TV-Computer-and-Phone-Screen-Cleaner-5L-2048x2048.png",2048,2048,true],"trp-custom-language-flag":["https:\/\/www.ferberpainting.com\/wp-content\/uploads\/2025\/05\/TV-Computer-and-Phone-Screen-Cleaner-5L-12x12.png",12,12,true],"woocommerce_thumbnail":["https:\/\/www.ferberpainting.com\/wp-content\/uploads\/2025\/05\/TV-Computer-and-Phone-Screen-Cleaner-5L-300x300.png",300,300,true],"woocommerce_single":["https:\/\/www.ferberpainting.com\/wp-content\/uploads\/2025\/05\/TV-Computer-and-Phone-Screen-Cleaner-5L-600x600.png",600,600,true],"woocommerce_gallery_thumbnail":["https:\/\/www.ferberpainting.com\/wp-content\/uploads\/2025\/05\/TV-Computer-and-Phone-Screen-Cleaner-5L-100x100.png",100,100,true]},"uagb_author_info":{"display_name":"admin","author_link":"https:\/\/www.ferberpainting.com\/fi\/author\/"},"uagb_comment_info":10,"uagb_excerpt":"Optimal Effectiveness.\u00a0This screen cleaner for TVs, phones and computers is specially designed to effectively remove fingerprints, dust, grease, and impurities that build up on screens. Thanks to its advanced formula, it instantly dissolves dirt without leaving streaks or residue, ensuring clarity and optimal brightness. It restores your screens\u2019 original shine and enhances visual comfort by&hellip;","_links":{"self":[{"href":"https:\/\/www.ferberpainting.com\/fi\/wp-json\/wp\/v2\/product\/25608","targetHints":{"allow":["GET"]}}],"collection":[{"href":"https:\/\/www.ferberpainting.com\/fi\/wp-json\/wp\/v2\/product"}],"about":[{"href":"https:\/\/www.ferberpainting.com\/fi\/wp-json\/wp\/v2\/types\/product"}],"replies":[{"embeddable":true,"href":"https:\/\/www.ferberpainting.com\/fi\/wp-json\/wp\/v2\/comments?post=25608"}],"version-history":[{"count":4,"href":"https:\/\/www.ferberpainting.com\/fi\/wp-json\/wp\/v2\/product\/25608\/revisions"}],"predecessor-version":[{"id":167503,"href":"https:\/\/www.ferberpainting.com\/fi\/wp-json\/wp\/v2\/product\/25608\/revisions\/167503"}],"wp:featuredmedia":[{"embeddable":true,"href":"https:\/\/www.ferberpainting.com\/fi\/wp-json\/wp\/v2\/media\/35835"}],"wp:attachment":[{"href":"https:\/\/www.ferberpainting.com\/fi\/wp-json\/wp\/v2\/media?parent=25608"}],"wp:term":[{"taxonomy":"product_brand","embeddable":true,"href":"https:\/\/www.ferberpainting.com\/fi\/wp-json\/wp\/v2\/product_brand?post=25608"},{"taxonomy":"product_cat","embeddable":true,"href":"https:\/\/www.ferberpainting.com\/fi\/wp-json\/wp\/v2\/product_cat?post=25608"},{"taxonomy":"product_tag","embeddable":true,"href":"https:\/\/www.ferberpainting.com\/fi\/wp-json\/wp\/v2\/product_tag?post=25608"}],"curies":[{"name":"wp","href":"https:\/\/api.w.org\/{rel}","templated":true}]}}