{"id":25604,"date":"2025-05-26T10:32:43","date_gmt":"2025-05-26T08:32:43","guid":{"rendered":"https:\/\/www.ferberpainting.com\/products\/truffle-tree-fertilizer\/"},"modified":"2026-02-16T13:50:18","modified_gmt":"2026-02-16T12:50:18","slug":"truffle-tree-fertilizer","status":"publish","type":"product","link":"https:\/\/www.ferberpainting.com\/fi\/products\/truffle-tree-fertilizer\/","title":{"rendered":"Tryffelipuun lannoite 25 kg"},"content":{"rendered":"<p><strong><img decoding=\"async\" style=\"margin-right: 12px;\" src=\"https:\/\/www.ferberpainting.com\/wp-content\/uploads\/2026\/02\/Check.svg\" alt=\"\" width=\"18\" height=\"15\" \/>Lannoite, joka on erityisesti suunniteltu edist\u00e4m\u00e4\u00e4n tryffelien mykorritsointia.<\/strong>\u00a0T\u00e4m\u00e4 rakeinen lannoite on suunniteltu erityisesti tryffelipuiden tarpeita varten, sill\u00e4 se sis\u00e4lt\u00e4\u00e4 niiden kehityksen kannalta v\u00e4ltt\u00e4m\u00e4tt\u00f6mi\u00e4 ravinteita. Se edist\u00e4\u00e4 tasapainoista ja asteittaista ravitsemusta, joka stimuloi juurten kasvua ja tryffelisienen istutusta. Tasapainoisen typpi-, fosfori- ja kaliumpitoisuutensa (NPK 10-10-10) ansiosta t\u00e4m\u00e4 lannoite tukee puun ja tryffelin v\u00e4list\u00e4 symbioosia ja vahvistaa samalla tryffelipuun elinvoimaisuutta ja vastustuskyky\u00e4 ymp\u00e4rist\u00f6stressi\u00e4 vastaan.<\/p>\n<p><strong><img decoding=\"async\" style=\"margin-right: 12px;\" src=\"https:\/\/www.ferberpainting.com\/wp-content\/uploads\/2026\/02\/Check.svg\" alt=\"\" width=\"18\" height=\"15\" \/>Rahat takaisin -takuu.<\/strong>\u00a0Olemme vakuuttuneita tryffelilannoitteemme tehokkuudesta, ja siksi tarjoamme t\u00e4yden hyvityksen, jos et ole t\u00e4ysin tyytyv\u00e4inen tuloksiin. Jos k\u00e4yt\u00f6n j\u00e4lkeen et huomaa parannusta puidesi kasvussa tai mykorritsan muodostumisessa, sitoudumme palauttamaan rahamme ilman ehtoja.<\/p>\n<p><strong><img decoding=\"async\" style=\"margin-right: 12px;\" src=\"https:\/\/www.ferberpainting.com\/wp-content\/uploads\/2026\/02\/Check.svg\" alt=\"\" width=\"18\" height=\"15\" \/>Monipuolinen lannoite, joka soveltuu erilaisille maaperille ja tryffelilajeille.<\/strong>\u00a0T\u00e4m\u00e4 lannoite sopii kaikille tryffelitammilajeille, mukaan lukien karvainen tammi, vihre\u00e4 tammi ja valkotammi, sek\u00e4 tryffeliviljelyyn tarkoitetuille p\u00e4hkin\u00e4puille. Se soveltuu my\u00f6s kalkkipitoisille, savi- ja kalkkikivipitoisille ja savisille maille, mik\u00e4 edist\u00e4\u00e4 ravinteiden parempaa imeytymist\u00e4 ja optimaalista mykorrhilaatiota.<\/p>\n<p><strong><img decoding=\"async\" style=\"margin-right: 12px;\" src=\"https:\/\/www.ferberpainting.com\/wp-content\/uploads\/2026\/02\/Check.svg\" alt=\"\" width=\"18\" height=\"15\" \/>Poikkeuksellisen taloudellinen tuotto pitk\u00e4aikaisen lannoituksen ansiosta.<\/strong>\u00a0Korkean ravinnepitoisuutensa ansiosta t\u00e4m\u00e4 lannoite takaa tehokkaan lannoituksen pienell\u00e4 tuotem\u00e4\u00e4r\u00e4ll\u00e4 puuta kohti. 25 kg:n s\u00e4kill\u00e4 voit hoitaa suuren istutusalueen. Sen 200 gramman saanto puuta kohti tekee siit\u00e4 kustannustehokkaan ja tehokkaan valinnan kaikille tryffelinviljelij\u00f6ille.<\/p>\n<p><strong><img decoding=\"async\" style=\"margin-right: 12px;\" src=\"https:\/\/www.ferberpainting.com\/wp-content\/uploads\/2026\/02\/Check.svg\" alt=\"\" width=\"18\" height=\"15\" \/>Ymp\u00e4rist\u00f6yst\u00e4v\u00e4llinen lannoite, joka on turvallinen el\u00e4imille ja kasveille.<\/strong>\u00a0T\u00e4m\u00e4 lannoite on kehitetty ilman myrkyllisi\u00e4 tuotteita, joten se ei muuta maaper\u00e4n biologista monimuotoisuutta, ei vapauta haitallisia kemiallisia j\u00e4\u00e4mi\u00e4 ja auttaa s\u00e4ilytt\u00e4m\u00e4\u00e4n tryffelintuotannolle hy\u00f6dyllisi\u00e4 mikro-organismeja. Se on vaaraton el\u00e4imille, hy\u00f6nteisille ja maaper\u00e4ss\u00e4 oleville organismeille, mik\u00e4 takaa tryffelipuun ja mykorritsaverkoston harmonisen kehityksen.<\/p>\n<p><strong><img decoding=\"async\" style=\"margin-right: 12px;\" src=\"https:\/\/www.ferberpainting.com\/wp-content\/uploads\/2026\/02\/Check.svg\" alt=\"\" width=\"18\" height=\"15\" \/>Yksinkertainen ja nopea k\u00e4ytt\u00f6 ilman yliannostuksen vaaraa.<\/strong>\u00a0T\u00e4t\u00e4 lannoitetta k\u00e4ytet\u00e4\u00e4n kiinte\u00e4ss\u00e4 muodossa, mik\u00e4 tekee sen levitt\u00e4misest\u00e4 helppoa ilman edelt\u00e4v\u00e4\u00e4 laimentamista. Levit\u00e4 vain suositeltu m\u00e4\u00e4r\u00e4 puun ymp\u00e4rille ja sekoita se kevyesti maaper\u00e4\u00e4n ravinteiden asteittaisen vapautumisen varmistamiseksi.<\/p>\n<p><strong><img decoding=\"async\" style=\"margin-right: 12px;\" src=\"https:\/\/www.ferberpainting.com\/wp-content\/uploads\/2026\/02\/Check.svg\" alt=\"\" width=\"18\" height=\"15\" \/>Pitk\u00e4aikainen vaikutus tryffelipuun kest\u00e4v\u00e4\u00e4n kasvuun.<\/strong>\u00a0Hitaasti vapautuvan koostumuksensa ansiosta t\u00e4m\u00e4 lannoite takaa ravinteiden tasaisen vapautumisen koko kasvukauden ajan. Se edist\u00e4\u00e4 juurten kehityst\u00e4, stimuloi mykorritsatoimintaa ja parantaa tryffelipuun yleist\u00e4 terveytt\u00e4, mik\u00e4 lis\u00e4\u00e4 mahdollisuuksia runsaaseen ja kest\u00e4v\u00e4\u00e4n tryffelituotantoon.<\/p>\n<p><strong><img decoding=\"async\" style=\"margin-right: 12px;\" src=\"https:\/\/www.ferberpainting.com\/wp-content\/uploads\/2026\/02\/Check.svg\" alt=\"\" width=\"18\" height=\"15\" \/>N\u00e4kyvi\u00e4 tuloksia ensimm\u00e4iselt\u00e4 kaudelta.<\/strong>\u00a0Heti ensimm\u00e4isten viikkojen j\u00e4lkeen voit havaita puun dynaamisemman kasvun, paremman juuriston tiheyden ja tryffelipuun yleisen terveydentilan paranemisen. T\u00e4m\u00e4 lannoite stimuloi juurten muodostumista ja sekundaarijuuria, mik\u00e4 edist\u00e4\u00e4 mykorritsoitumista ja tryffelin tuotantoa.<\/p>\n<h2><strong>K\u00e4ytt\u00f6protokolla<\/strong><\/h2>\n<p><strong>Suositeltu annostus <\/strong>:<\/p>\n<ul>\n<li>200 grammaa lannoitetta puuta kohti, joka levitet\u00e4\u00e4n kerran tai kaksi kertaa vuodessa, mieluiten kev\u00e4\u00e4ll\u00e4 ja syksyll\u00e4.<\/li>\n<li>Nuorissa istutuksissa 100 gramman pienennetty annos puuta kohti riitt\u00e4\u00e4 nopean vakiintumisen ja tasaisen kasvun edist\u00e4miseen.<\/li>\n<\/ul>\n<p><strong>Soveltamismenetelm\u00e4 <\/strong>:<\/p>\n<ul>\n<li>Levit\u00e4 lannoite ympyr\u00e4n\u00e4 puun tyven ymp\u00e4rille varoen sijoittamasta sit\u00e4 suoraan rungon p\u00e4\u00e4lle.<\/li>\n<li>Sekoita lannoite kevyesti maahan haravalla tai kynsill\u00e4, jotta ravinteet imeytyv\u00e4t paremmin.<\/li>\n<li>Kastele levityksen j\u00e4lkeen, jotta edistet\u00e4\u00e4n kivenn\u00e4isaineiden vapautumista ja aktivoidaan maaper\u00e4n mikrobitoimintaa.<\/li>\n<\/ul>\n<p><strong>K\u00e4ytt\u00f6tiheys <\/strong>:<\/p>\n<ul>\n<li><strong>Kev\u00e4\u00e4ll\u00e4 (maalis-huhtikuussa) <\/strong>: Edist\u00e4\u00e4 juurten kehityst\u00e4 ja stimuloi tryffelisieni\u00e4.<\/li>\n<li><strong>Syksyll\u00e4 (syys-lokakuussa) <\/strong>: Valmistella tryffelipuita kylm\u00e4\u00e4n vuodenaikaan ja tukea niiden ravitsemusta seuraavaa vuotta varten.<\/li>\n<\/ul>\n<p><strong>K\u00e4ytt\u00f6\u00e4 koskevat varotoimet <\/strong>:<\/p>\n<ul>\n<li>V\u00e4lt\u00e4 yliannostusta, sill\u00e4 liika lannoitus voi horjuttaa maaper\u00e4n tasapainoa ja hidastaa tryffeleiden muodostumista.<\/li>\n<li>\u00c4l\u00e4 k\u00e4yt\u00e4 kes\u00e4ll\u00e4 kovien helteiden aikana, koska ravinteiden imeytyminen on v\u00e4h\u00e4isemp\u00e4\u00e4 ja haihtuminen lis\u00e4\u00e4ntyy.<\/li>\n<li>S\u00e4ilyt\u00e4 kuivassa, tuuletetussa ja kosteudelta suojassa tuotteen laadun ja tehokkuuden s\u00e4ilytt\u00e4miseksi.<\/li>\n<\/ul>\n<p>T\u00e4m\u00e4 tryffelilannoite on ihanteellinen ratkaisu kaikille tryffeliviljelyn harrastajille, jotka haluavat maksimoida puiden kasvun ja optimoida tryffelituotannon.<br \/>\nSe on helppok\u00e4ytt\u00f6inen, kustannustehokas ja ymp\u00e4rist\u00f6yst\u00e4v\u00e4llinen, ja se tarjoaa t\u00e4ydellisen ja kest\u00e4v\u00e4n lannoituksen rikkaalle ja tuottavalle maaper\u00e4lle.<\/p>","protected":false},"excerpt":{"rendered":"<p>A fertilizer specially designed to promote truffle mycorrhization.\u00a0This granular fertilizer has been specially formulated to meet the needs of truffle trees, by providing the essential nutrients needed for their development. It promotes a balanced and progressive nutrition, which stimulates root growth and the implantation of the truffle mycelium. Thanks to its balanced formulation in nitrogen, [&hellip;]<\/p>\n","protected":false},"featured_media":27436,"comment_status":"open","ping_status":"closed","template":"","meta":{"_uag_custom_page_level_css":"","site-sidebar-layout":"default","site-content-layout":"","ast-site-content-layout":"default","site-content-style":"default","site-sidebar-style":"default","ast-global-header-display":"","ast-banner-title-visibility":"","ast-main-header-display":"","ast-hfb-above-header-display":"","ast-hfb-below-header-display":"","ast-hfb-mobile-header-display":"","site-post-title":"","ast-breadcrumbs-content":"","ast-featured-img":"","footer-sml-layout":"","ast-disable-related-posts":"","theme-transparent-header-meta":"default","adv-header-id-meta":"","stick-header-meta":"","header-above-stick-meta":"","header-main-stick-meta":"","header-below-stick-meta":"","astra-migrate-meta-layouts":"set","ast-page-background-enabled":"default","ast-page-background-meta":{"desktop":{"background-color":"var(--ast-global-color-4)","background-image":"","background-repeat":"repeat","background-position":"center center","background-size":"auto","background-attachment":"scroll","background-type":"","background-media":"","overlay-type":"","overlay-color":"","overlay-opacity":"","overlay-gradient":""},"tablet":{"background-color":"","background-image":"","background-repeat":"repeat","background-position":"center center","background-size":"auto","background-attachment":"scroll","background-type":"","background-media":"","overlay-type":"","overlay-color":"","overlay-opacity":"","overlay-gradient":""},"mobile":{"background-color":"","background-image":"","background-repeat":"repeat","background-position":"center center","background-size":"auto","background-attachment":"scroll","background-type":"","background-media":"","overlay-type":"","overlay-color":"","overlay-opacity":"","overlay-gradient":""}},"ast-content-background-meta":{"desktop":{"background-color":"var(--ast-global-color-5)","background-image":"","background-repeat":"repeat","background-position":"center center","background-size":"auto","background-attachment":"scroll","background-type":"","background-media":"","overlay-type":"","overlay-color":"","overlay-opacity":"","overlay-gradient":""},"tablet":{"background-color":"var(--ast-global-color-5)","background-image":"","background-repeat":"repeat","background-position":"center center","background-size":"auto","background-attachment":"scroll","background-type":"","background-media":"","overlay-type":"","overlay-color":"","overlay-opacity":"","overlay-gradient":""},"mobile":{"background-color":"var(--ast-global-color-5)","background-image":"","background-repeat":"repeat","background-position":"center center","background-size":"auto","background-attachment":"scroll","background-type":"","background-media":"","overlay-type":"","overlay-color":"","overlay-opacity":"","overlay-gradient":""}}},"product_brand":[],"product_cat":[178],"product_tag":[],"class_list":{"0":"post-25604","1":"product","2":"type-product","3":"status-publish","4":"has-post-thumbnail","6":"product_cat-fertilizers","7":"desktop-align-left","8":"tablet-align-left","9":"mobile-align-left","11":"first","12":"instock","13":"taxable","14":"shipping-taxable","15":"purchasable","16":"product-type-simple"},"spectra_custom_meta":{"_visibility":["visible"],"_shopify_product_id":["9073230774517"],"_s2w_shopify_domain":["ferberpainting.myshopify.com"],"_shopify_variant_id":["46524447981813"],"_sku":["FPTRUFFLETREEFERTILIZER25KG"],"_regular_price":["39.90"],"_price":["39.90"],"_sale_price":[""],"_weight":["18.7"],"_thumbnail_id":["27436"],"_global_unique_id":["5056773817920"],"total_sales":["14"],"_tax_status":["taxable"],"_tax_class":[""],"_manage_stock":["no"],"_backorders":["no"],"_sold_individually":["no"],"_virtual":["no"],"_downloadable":["no"],"_download_limit":["-1"],"_download_expiry":["-1"],"_stock":[null],"_stock_status":["instock"],"_wc_average_rating":["5.00"],"_wc_review_count":["33"],"_product_version":["10.5.1"],"_wc_rating_count":["a:1:{i:5;i:33;}"],"_edit_lock":["1771246083:1"],"merchant-center-availability":["yes"],"merchant-center-category":["113"],"_edit_last":["1"],"_wp_page_template":["default"],"site-sidebar-layout":["default"],"ast-site-content-layout":["default"],"site-content-style":["default"],"site-sidebar-style":["default"],"theme-transparent-header-meta":["default"],"astra-migrate-meta-layouts":["set"],"_uag_css_file_name":["uag-css-25604.css"],"_elementor_page_assets":["a:0:{}"]},"uagb_featured_image_src":{"full":["https:\/\/www.ferberpainting.com\/wp-content\/uploads\/2025\/05\/TruffleTreeFertilizer.png",2560,2560,false],"thumbnail":["https:\/\/www.ferberpainting.com\/wp-content\/uploads\/2025\/05\/TruffleTreeFertilizer-150x150.png",150,150,true],"medium":["https:\/\/www.ferberpainting.com\/wp-content\/uploads\/2025\/05\/TruffleTreeFertilizer-300x300.png",300,300,true],"medium_large":["https:\/\/www.ferberpainting.com\/wp-content\/uploads\/2025\/05\/TruffleTreeFertilizer-768x768.png",768,768,true],"large":["https:\/\/www.ferberpainting.com\/wp-content\/uploads\/2025\/05\/TruffleTreeFertilizer-1024x1024.png",1024,1024,true],"1536x1536":["https:\/\/www.ferberpainting.com\/wp-content\/uploads\/2025\/05\/TruffleTreeFertilizer-1536x1536.png",1536,1536,true],"2048x2048":["https:\/\/www.ferberpainting.com\/wp-content\/uploads\/2025\/05\/TruffleTreeFertilizer-2048x2048.png",2048,2048,true],"trp-custom-language-flag":["https:\/\/www.ferberpainting.com\/wp-content\/uploads\/2025\/05\/TruffleTreeFertilizer-12x12.png",12,12,true],"woocommerce_thumbnail":["https:\/\/www.ferberpainting.com\/wp-content\/uploads\/2025\/05\/TruffleTreeFertilizer-300x300.png",300,300,true],"woocommerce_single":["https:\/\/www.ferberpainting.com\/wp-content\/uploads\/2025\/05\/TruffleTreeFertilizer-600x600.png",600,600,true],"woocommerce_gallery_thumbnail":["https:\/\/www.ferberpainting.com\/wp-content\/uploads\/2025\/05\/TruffleTreeFertilizer-100x100.png",100,100,true]},"uagb_author_info":{"display_name":"admin","author_link":"https:\/\/www.ferberpainting.com\/fi\/author\/"},"uagb_comment_info":33,"uagb_excerpt":"A fertilizer specially designed to promote truffle mycorrhization.\u00a0This granular fertilizer has been specially formulated to meet the needs of truffle trees, by providing the essential nutrients needed for their development. It promotes a balanced and progressive nutrition, which stimulates root growth and the implantation of the truffle mycelium. Thanks to its balanced formulation in nitrogen,&hellip;","_links":{"self":[{"href":"https:\/\/www.ferberpainting.com\/fi\/wp-json\/wp\/v2\/product\/25604","targetHints":{"allow":["GET"]}}],"collection":[{"href":"https:\/\/www.ferberpainting.com\/fi\/wp-json\/wp\/v2\/product"}],"about":[{"href":"https:\/\/www.ferberpainting.com\/fi\/wp-json\/wp\/v2\/types\/product"}],"replies":[{"embeddable":true,"href":"https:\/\/www.ferberpainting.com\/fi\/wp-json\/wp\/v2\/comments?post=25604"}],"version-history":[{"count":5,"href":"https:\/\/www.ferberpainting.com\/fi\/wp-json\/wp\/v2\/product\/25604\/revisions"}],"predecessor-version":[{"id":167495,"href":"https:\/\/www.ferberpainting.com\/fi\/wp-json\/wp\/v2\/product\/25604\/revisions\/167495"}],"wp:featuredmedia":[{"embeddable":true,"href":"https:\/\/www.ferberpainting.com\/fi\/wp-json\/wp\/v2\/media\/27436"}],"wp:attachment":[{"href":"https:\/\/www.ferberpainting.com\/fi\/wp-json\/wp\/v2\/media?parent=25604"}],"wp:term":[{"taxonomy":"product_brand","embeddable":true,"href":"https:\/\/www.ferberpainting.com\/fi\/wp-json\/wp\/v2\/product_brand?post=25604"},{"taxonomy":"product_cat","embeddable":true,"href":"https:\/\/www.ferberpainting.com\/fi\/wp-json\/wp\/v2\/product_cat?post=25604"},{"taxonomy":"product_tag","embeddable":true,"href":"https:\/\/www.ferberpainting.com\/fi\/wp-json\/wp\/v2\/product_tag?post=25604"}],"curies":[{"name":"wp","href":"https:\/\/api.w.org\/{rel}","templated":true}]}}