{"id":25599,"date":"2025-05-26T10:32:34","date_gmt":"2025-05-26T08:32:34","guid":{"rendered":"https:\/\/www.ferberpainting.com\/products\/tree-and-shrub-fertilizer\/"},"modified":"2026-02-16T13:24:25","modified_gmt":"2026-02-16T12:24:25","slug":"tree-and-shrub-fertilizer","status":"publish","type":"product","link":"https:\/\/www.ferberpainting.com\/fi\/products\/tree-and-shrub-fertilizer\/","title":{"rendered":"Puiden ja pensaiden lannoite 25 kg"},"content":{"rendered":"<p><strong><img decoding=\"async\" style=\"margin-right: 12px;\" src=\"https:\/\/www.ferberpainting.com\/wp-content\/uploads\/2026\/02\/Check.svg\" alt=\"\" width=\"18\" height=\"15\" \/>Tasapainoinen lannoite voimakasta kasvua varten.<\/strong>\u00a0T\u00e4m\u00e4 puiden ja pensaiden lannoite on erityisesti suunniteltu vastaamaan puiden, pensaiden ja pensasaitojen ravinnetarpeisiin ja edist\u00e4m\u00e4\u00e4n tervett\u00e4 ja tasapainoista kasvua. NPK 10-10-10 -koostumuksensa ansiosta se tarjoaa optimaalisen m\u00e4\u00e4r\u00e4n typpe\u00e4 (N) lehtien kehittymist\u00e4 varten, fosforia (P) vahvaa juurtumista varten ja kaliumia (K) tautien ja ilmastovaihteluiden vastustuskyvyn parantamiseksi. Se sopii erinomaisesti varmistamaan ulkokasvien harmonisen kasvun ja runsaan kukinnan.<\/p>\n<p><strong><img decoding=\"async\" style=\"margin-right: 12px;\" src=\"https:\/\/www.ferberpainting.com\/wp-content\/uploads\/2026\/02\/Check.svg\" alt=\"\" width=\"18\" height=\"15\" \/>Rahat takaisin -takuu.<\/strong>\u00a0Luotamme t\u00e4ysin puiden ja pensaiden lannoitteiden tehokkuuteen. Siksi tarjoamme rahat takaisin -takuun. Jos et huomaa merkitt\u00e4v\u00e4\u00e4 parannusta kasviesi kasvussa ja elinvoimaisuudessa, kun olet k\u00e4ytt\u00e4nyt sit\u00e4 suositusten mukaisesti, voit vaatia rahojesi palautusta ilman mit\u00e4\u00e4n ehtoja, mik\u00e4 takaa huolettoman ostoksen.<\/p>\n<p><strong><img decoding=\"async\" style=\"margin-right: 12px;\" src=\"https:\/\/www.ferberpainting.com\/wp-content\/uploads\/2026\/02\/Check.svg\" alt=\"\" width=\"18\" height=\"15\" \/>Sopii kaikenlaisille puille ja pensaille.<\/strong>\u00a0T\u00e4m\u00e4 lannoite sopii hedelm\u00e4puille, koristepuille, havupuille, pensasaidoille ja kukkiville pensaille. Sit\u00e4 voidaan k\u00e4ytt\u00e4\u00e4 sek\u00e4 avomaan istutuksiin ett\u00e4 ruukkukasveihin. Sen hitaasti vapautuva vaikutus takaa jatkuvan lannoituksen, joka hy\u00f6dytt\u00e4\u00e4 kaikkia kasvilajeja, olivatpa ne sitten nuoria kasveja tai varttuneita puita, jotka tarvitsevat s\u00e4\u00e4nn\u00f6llist\u00e4 ravinteiden saantia.<\/p>\n<p><strong><img decoding=\"async\" style=\"margin-right: 12px;\" src=\"https:\/\/www.ferberpainting.com\/wp-content\/uploads\/2026\/02\/Check.svg\" alt=\"\" width=\"18\" height=\"15\" \/>Kustannustehokas sato ja pitk\u00e4aikainen lannoitus.<\/strong>\u00a0Koostumuksensa ansiosta t\u00e4m\u00e4 lannoite vapauttaa ravinteita maaper\u00e4\u00e4n v\u00e4hitellen pitk\u00e4n ajan kuluessa. 25 kg:n pussilla voidaan lannoittaa jopa 125 puuta, ja suositeltu k\u00e4ytt\u00f6m\u00e4\u00e4r\u00e4 on 200 g puuta kohti. Sen pitoisuus auttaa minimoimaan tihe\u00e4n t\u00e4ydennyksen tarpeen ja varmistaa samalla tehokkaan ja pitk\u00e4aikaisen lannoituksen.<\/p>\n<p><strong><img decoding=\"async\" style=\"margin-right: 12px;\" src=\"https:\/\/www.ferberpainting.com\/wp-content\/uploads\/2026\/02\/Check.svg\" alt=\"\" width=\"18\" height=\"15\" \/>Turvallinen tuote, joka kunnioittaa ymp\u00e4rist\u00f6\u00e4.<\/strong>\u00a0T\u00e4m\u00e4 lannoite on myrkyt\u00f6n ja turvallinen maaper\u00e4lle, kasveille ja ymp\u00e4rist\u00f6lle. Se ei sis\u00e4ll\u00e4 aggressiivisia kemikaaleja, jotka voisivat vahingoittaa maaper\u00e4n mikrofaunaa. Sen asteittainen vapautuminen rajoittaa huuhtoutumisesta aiheutuvaa saastumisriski\u00e4 ja varmistaa ravinteiden optimaalisen imeytymisen juuriin, mik\u00e4 v\u00e4hent\u00e4\u00e4 hukkaa.<\/p>\n<p><strong><img decoding=\"async\" style=\"margin-right: 12px;\" src=\"https:\/\/www.ferberpainting.com\/wp-content\/uploads\/2026\/02\/Check.svg\" alt=\"\" width=\"18\" height=\"15\" \/>Helppo levitys ja vaivaton lannoitus.<\/strong>\u00a0Toisin kuin nestem\u00e4iset lannoitteet, jotka vaativat esilaimennusta, t\u00e4m\u00e4 lannoite levitet\u00e4\u00e4n suoraan puiden ja pensaiden juurelle ilman monimutkaista valmistelua. Levit\u00e4 se vain kasvin ymp\u00e4rille ja sekoita se kevyesti maaper\u00e4\u00e4n ravinteiden asteittaisen vapautumisen varmistamiseksi. T\u00e4m\u00e4 helppok\u00e4ytt\u00f6isyys tekee siit\u00e4 ihanteellisen valinnan sek\u00e4 harrastelijapuutarhureille ett\u00e4 maisemointialan ammattilaisille.<\/p>\n<p><strong><img decoding=\"async\" style=\"margin-right: 12px;\" src=\"https:\/\/www.ferberpainting.com\/wp-content\/uploads\/2026\/02\/Check.svg\" alt=\"\" width=\"18\" height=\"15\" \/>Pitk\u00e4kestoinen vaikutus optimaaliseen kasvuun ja vastustuskykyyn.<\/strong>\u00a0Pitk\u00e4kestoisen vaikutuksensa ansiosta t\u00e4m\u00e4 lannoite ravitsee istutuksia jatkuvasti, mik\u00e4 edist\u00e4\u00e4 tihe\u00e4mp\u00e4\u00e4 lehdist\u00f6\u00e4, elinvoimaisempia kukkia ja hedelm\u00e4puiden parempaa hedelmien kasvua. Se my\u00f6s vahvistaa puiden vastustuskyky\u00e4 tauteja, tuholaisia ja ankaria ilmasto-olosuhteita vastaan ja varmistaa niiden hyv\u00e4n terveyden ymp\u00e4ri vuoden.<\/p>\n<p><strong><img decoding=\"async\" style=\"margin-right: 12px;\" src=\"https:\/\/www.ferberpainting.com\/wp-content\/uploads\/2026\/02\/Check.svg\" alt=\"\" width=\"18\" height=\"15\" \/>N\u00e4kyvi\u00e4 tuloksia vain muutamassa viikossa.<\/strong>\u00a0T\u00e4m\u00e4 lannoite stimuloi heti ensimm\u00e4isist\u00e4 k\u00e4ytt\u00f6kerroista l\u00e4htien nuorten versojen kasvua ja parantaa lehtien v\u00e4ri\u00e4. Muutamassa viikossa puut ja pensaat ovat elinvoimaisempia, ja niiden juuristo vahvistuu, jolloin ne voivat ime\u00e4 paremmin vett\u00e4 ja maaper\u00e4n ravinteita.<\/p>\n<h2><strong>K\u00e4ytt\u00f6protokolla<\/strong><\/h2>\n<ul>\n<li><strong>Hakuaika <\/strong>: Levit\u00e4 kahdesti vuodessa, kev\u00e4\u00e4ll\u00e4 (maalis-huhtikuussa) ja syksyll\u00e4 (syys-lokakuussa), jotta varmistetaan puiden ja pensaiden kasvu- ja lepotiloihin mukautettu ravinnonsaanti.<\/li>\n<li><strong>Suositeltu annostus <\/strong>: Levit\u00e4 200 g lannoitetta puuta tai pensasta kohti, mik\u00e4 on noin kourallinen. Jos kyseess\u00e4 on ruukku- tai astiakasvi, s\u00e4\u00e4d\u00e4 annos 100 grammaan astiaa kohti kasvin koosta riippuen.<\/li>\n<li><strong>Soveltamismenetelm\u00e4 <\/strong>: Levit\u00e4 lannoite ympyr\u00e4n muotoon rungon ymp\u00e4rille noin 30 cm:n p\u00e4\u00e4h\u00e4n tyvest\u00e4, jotta juuret voivat v\u00e4hitellen ime\u00e4 sit\u00e4. \u00c4l\u00e4 sijoita lannoitetta suoraan runkoa vasten, jotta v\u00e4lt\u00e4t ravinteiden liiallisen keskittymisen puun tyvelle.<\/li>\n<li><strong>Sekoittuminen maaper\u00e4\u00e4n <\/strong>: Haravoi maan pinta kevyesti haravalla tai kaivurilla, jotta ravinteet imeytyv\u00e4t paremmin ja jotta varmistetaan hyv\u00e4 kontakti kasvualustaan.<\/li>\n<li><strong>Kastelu levityksen j\u00e4lkeen <\/strong>: Levitt\u00e4misen j\u00e4lkeen kastele runsaasti, jotta ravinteiden diffuusio aktivoituu ja juurten imeytyminen helpottuu. S\u00e4\u00e4nn\u00f6llinen kastelu seuraavien viikkojen aikana edist\u00e4\u00e4 imeytymist\u00e4 ja lannoituksen tehostumista.<\/li>\n<li><strong>Huolto ja seuranta <\/strong>: T\u00e4ysikasvuisille nuorille puille ja pensaille voidaan tehd\u00e4 lis\u00e4k\u00e4sittely kes\u00e4ll\u00e4 (hein\u00e4-elokuussa) niiden kehityksen edist\u00e4miseksi ja niiden kuivuudensietokyvyn parantamiseksi.<\/li>\n<li><strong>K\u00e4ytt\u00f6\u00e4 koskevat varotoimet <\/strong>: \u00c4l\u00e4 ylit\u00e4 suositeltuja annoksia, jotta ylim\u00e4\u00e4r\u00e4iset ravinteet eiv\u00e4t aiheuta ep\u00e4tasapainoista kasvua. \u00c4l\u00e4 k\u00e4yt\u00e4 j\u00e4\u00e4tyneeseen maahan tai voimakkaan kuivuuden aikana ilman lis\u00e4kastelua.<\/li>\n<li><strong>Varastointi ja s\u00e4ilytys <\/strong>: S\u00e4ilyt\u00e4 lannoites\u00e4kki kuivassa paikassa, kosteudelta ja valolta suojattuna. Sulje pussi aina tiiviisti jokaisen k\u00e4ytt\u00f6kerran j\u00e4lkeen tuotteen laadun s\u00e4ilytt\u00e4miseksi ja kosteuden imeytymisen est\u00e4miseksi.<\/li>\n<\/ul>\n<p>T\u00e4m\u00e4n puille ja pensaille tarkoitetun lannoitteen avulla annat kasveillesi t\u00e4ydellisen ja tasapainoisen ravinnon, joka edist\u00e4\u00e4 voimakasta kasvua, parempaa vastustuskyky\u00e4 ulkoisia vaikutuksia vastaan ja voimakkaampaa kukintaa. Se on ihanteellinen ratkaisu terveydest\u00e4 loistaville viheralueille ja vahvoille, tuottaville puille.<\/p>","protected":false},"excerpt":{"rendered":"<p>A balanced fertilizer for vigorous growth.\u00a0This tree and shrub fertilizer is specially formulated to meet the nutritional needs of trees, shrubs, and hedges, promoting healthy and balanced growth. Thanks to its NPK 10-10-10 composition, it provides an optimal supply of nitrogen (N) for foliage development, phosphorus (P) for strong rooting, and potassium (K) to enhance [&hellip;]<\/p>\n","protected":false},"featured_media":27431,"comment_status":"open","ping_status":"closed","template":"","meta":{"_uag_custom_page_level_css":"","site-sidebar-layout":"default","site-content-layout":"","ast-site-content-layout":"default","site-content-style":"default","site-sidebar-style":"default","ast-global-header-display":"","ast-banner-title-visibility":"","ast-main-header-display":"","ast-hfb-above-header-display":"","ast-hfb-below-header-display":"","ast-hfb-mobile-header-display":"","site-post-title":"","ast-breadcrumbs-content":"","ast-featured-img":"","footer-sml-layout":"","ast-disable-related-posts":"","theme-transparent-header-meta":"default","adv-header-id-meta":"","stick-header-meta":"","header-above-stick-meta":"","header-main-stick-meta":"","header-below-stick-meta":"","astra-migrate-meta-layouts":"set","ast-page-background-enabled":"default","ast-page-background-meta":{"desktop":{"background-color":"var(--ast-global-color-4)","background-image":"","background-repeat":"repeat","background-position":"center center","background-size":"auto","background-attachment":"scroll","background-type":"","background-media":"","overlay-type":"","overlay-color":"","overlay-opacity":"","overlay-gradient":""},"tablet":{"background-color":"","background-image":"","background-repeat":"repeat","background-position":"center center","background-size":"auto","background-attachment":"scroll","background-type":"","background-media":"","overlay-type":"","overlay-color":"","overlay-opacity":"","overlay-gradient":""},"mobile":{"background-color":"","background-image":"","background-repeat":"repeat","background-position":"center center","background-size":"auto","background-attachment":"scroll","background-type":"","background-media":"","overlay-type":"","overlay-color":"","overlay-opacity":"","overlay-gradient":""}},"ast-content-background-meta":{"desktop":{"background-color":"var(--ast-global-color-5)","background-image":"","background-repeat":"repeat","background-position":"center center","background-size":"auto","background-attachment":"scroll","background-type":"","background-media":"","overlay-type":"","overlay-color":"","overlay-opacity":"","overlay-gradient":""},"tablet":{"background-color":"var(--ast-global-color-5)","background-image":"","background-repeat":"repeat","background-position":"center center","background-size":"auto","background-attachment":"scroll","background-type":"","background-media":"","overlay-type":"","overlay-color":"","overlay-opacity":"","overlay-gradient":""},"mobile":{"background-color":"var(--ast-global-color-5)","background-image":"","background-repeat":"repeat","background-position":"center center","background-size":"auto","background-attachment":"scroll","background-type":"","background-media":"","overlay-type":"","overlay-color":"","overlay-opacity":"","overlay-gradient":""}}},"product_brand":[],"product_cat":[178],"product_tag":[],"class_list":{"0":"post-25599","1":"product","2":"type-product","3":"status-publish","4":"has-post-thumbnail","6":"product_cat-fertilizers","7":"desktop-align-left","8":"tablet-align-left","9":"mobile-align-left","11":"first","12":"instock","13":"taxable","14":"shipping-taxable","15":"purchasable","16":"product-type-simple"},"spectra_custom_meta":{"_visibility":["visible"],"_shopify_product_id":["9062388728053"],"_s2w_shopify_domain":["ferberpainting.myshopify.com"],"_shopify_variant_id":["46488683741429"],"_sku":["FPTREEANDSHRUBFERTILIZER25KG"],"_regular_price":["39.90"],"_price":["39.90"],"_sale_price":[""],"_weight":["18.5"],"_thumbnail_id":["27431"],"_global_unique_id":["5056773816916"],"total_sales":["12"],"_tax_status":["taxable"],"_tax_class":[""],"_manage_stock":["no"],"_backorders":["no"],"_sold_individually":["no"],"_virtual":["no"],"_downloadable":["no"],"_download_limit":["-1"],"_download_expiry":["-1"],"_stock":[null],"_stock_status":["instock"],"_wc_average_rating":["5.00"],"_wc_review_count":["33"],"_product_version":["10.5.1"],"_edit_lock":["1771244545:1"],"_edit_last":["1"],"_wp_page_template":["default"],"site-sidebar-layout":["default"],"ast-site-content-layout":["default"],"site-content-style":["default"],"site-sidebar-style":["default"],"theme-transparent-header-meta":["default"],"_wc_rating_count":["a:1:{i:5;i:33;}"],"merchant-center-availability":["yes"],"merchant-center-category":["113"],"astra-migrate-meta-layouts":["set"],"_uag_css_file_name":["uag-css-25599.css"],"_elementor_page_assets":["a:0:{}"],"_uag_page_assets":["a:9:{s:3:\"css\";s:7133:\".uag-blocks-common-selector{z-index:var(--z-index-desktop) !important}@media(max-width: 976px){.uag-blocks-common-selector{z-index:var(--z-index-tablet) !important}}@media(max-width: 767px){.uag-blocks-common-selector{z-index:var(--z-index-mobile) !important}}.wp-block-uagb-image{display:flex}.wp-block-uagb-image__figure{position:relative;display:flex;flex-direction:column;max-width:100%;height:auto;margin:0}.wp-block-uagb-image__figure img{height:auto;display:flex;max-width:100%;transition:box-shadow .2s ease}.wp-block-uagb-image__figure>a{display:inline-block}.wp-block-uagb-image__figure figcaption{text-align:center;margin-top:.5em;margin-bottom:1em}.wp-block-uagb-image .components-placeholder.block-editor-media-placeholder .components-placeholder__instructions{align-self:center}.wp-block-uagb-image--align-left{text-align:left}.wp-block-uagb-image--align-right{text-align:right}.wp-block-uagb-image--align-center{text-align:center}.wp-block-uagb-image--align-full .wp-block-uagb-image__figure{margin-left:calc(50% - 50vw);margin-right:calc(50% - 50vw);max-width:100vw;width:100vw;height:auto}.wp-block-uagb-image--align-full .wp-block-uagb-image__figure img{height:auto;width:100% !important}.wp-block-uagb-image--align-wide .wp-block-uagb-image__figure img{height:auto;width:100%}.wp-block-uagb-image--layout-overlay__color-wrapper{position:absolute;left:0;top:0;right:0;bottom:0;opacity:.2;background:rgba(0,0,0,.5);transition:opacity .35s ease-in-out}.wp-block-uagb-image--layout-overlay-link{position:absolute;left:0;right:0;bottom:0;top:0}.wp-block-uagb-image--layout-overlay .wp-block-uagb-image__figure:hover .wp-block-uagb-image--layout-overlay__color-wrapper{opacity:1}.wp-block-uagb-image--layout-overlay__inner{position:absolute;left:15px;right:15px;bottom:15px;top:15px;display:flex;align-items:center;justify-content:center;flex-direction:column;border-color:#fff;transition:.35s ease-in-out}.wp-block-uagb-image--layout-overlay__inner.top-left,.wp-block-uagb-image--layout-overlay__inner.top-center,.wp-block-uagb-image--layout-overlay__inner.top-right{justify-content:flex-start}.wp-block-uagb-image--layout-overlay__inner.bottom-left,.wp-block-uagb-image--layout-overlay__inner.bottom-center,.wp-block-uagb-image--layout-overlay__inner.bottom-right{justify-content:flex-end}.wp-block-uagb-image--layout-overlay__inner.top-left,.wp-block-uagb-image--layout-overlay__inner.center-left,.wp-block-uagb-image--layout-overlay__inner.bottom-left{align-items:flex-start}.wp-block-uagb-image--layout-overlay__inner.top-right,.wp-block-uagb-image--layout-overlay__inner.center-right,.wp-block-uagb-image--layout-overlay__inner.bottom-right{align-items:flex-end}.wp-block-uagb-image--layout-overlay__inner .uagb-image-heading{color:#fff;transition:transform .35s,opacity .35s ease-in-out;transform:translate3d(0, 24px, 0);margin:0;line-height:1em}.wp-block-uagb-image--layout-overlay__inner .uagb-image-separator{width:30%;border-top-width:2px;border-top-color:#fff;border-top-style:solid;margin-bottom:10px;opacity:0;transition:transform .4s,opacity .4s ease-in-out;transform:translate3d(0, 30px, 0)}.wp-block-uagb-image--layout-overlay__inner .uagb-image-caption{opacity:0;overflow:visible;color:#fff;transition:transform .45s,opacity .45s ease-in-out;transform:translate3d(0, 35px, 0)}.wp-block-uagb-image--layout-overlay__inner:hover .uagb-image-heading,.wp-block-uagb-image--layout-overlay__inner:hover .uagb-image-separator,.wp-block-uagb-image--layout-overlay__inner:hover .uagb-image-caption{opacity:1;transform:translate3d(0, 0, 0)}.wp-block-uagb-image--effect-zoomin .wp-block-uagb-image__figure img,.wp-block-uagb-image--effect-zoomin .wp-block-uagb-image__figure .wp-block-uagb-image--layout-overlay__color-wrapper{transform:scale(1);transition:transform .35s ease-in-out}.wp-block-uagb-image--effect-zoomin .wp-block-uagb-image__figure:hover img,.wp-block-uagb-image--effect-zoomin .wp-block-uagb-image__figure:hover .wp-block-uagb-image--layout-overlay__color-wrapper{transform:scale(1.05)}.wp-block-uagb-image--effect-slide .wp-block-uagb-image__figure img,.wp-block-uagb-image--effect-slide .wp-block-uagb-image__figure .wp-block-uagb-image--layout-overlay__color-wrapper{width:calc(100% + 40px) !important;max-width:none !important;transform:translate3d(-40px, 0, 0);transition:transform .35s ease-in-out}.wp-block-uagb-image--effect-slide .wp-block-uagb-image__figure:hover img,.wp-block-uagb-image--effect-slide .wp-block-uagb-image__figure:hover .wp-block-uagb-image--layout-overlay__color-wrapper{transform:translate3d(0, 0, 0)}.wp-block-uagb-image--effect-grayscale img{filter:grayscale(0%);transition:.35s ease-in-out}.wp-block-uagb-image--effect-grayscale:hover img{filter:grayscale(100%)}.wp-block-uagb-image--effect-blur img{filter:blur(0);transition:.35s ease-in-out}.wp-block-uagb-image--effect-blur:hover img{filter:blur(3px)}.uagb-block-e6f939b3.wp-block-uagb-image--layout-default figure img{box-shadow: 0px 0px 0 #00000070;}.uagb-block-e6f939b3.wp-block-uagb-image .wp-block-uagb-image__figure figcaption{font-style: normal;align-self: center;}.uagb-block-e6f939b3.wp-block-uagb-image--layout-overlay figure img{box-shadow: 0px 0px 0 #00000070;}.uagb-block-e6f939b3.wp-block-uagb-image--layout-overlay .wp-block-uagb-image--layout-overlay__color-wrapper{opacity: 0.2;}.uagb-block-e6f939b3.wp-block-uagb-image--layout-overlay .wp-block-uagb-image--layout-overlay__inner{left: 15px;right: 15px;top: 15px;bottom: 15px;}.uagb-block-e6f939b3.wp-block-uagb-image--layout-overlay .wp-block-uagb-image--layout-overlay__inner .uagb-image-heading{font-style: normal;color: #fff;opacity: 1;}.uagb-block-e6f939b3.wp-block-uagb-image--layout-overlay .wp-block-uagb-image--layout-overlay__inner .uagb-image-heading a{color: #fff;}.uagb-block-e6f939b3.wp-block-uagb-image--layout-overlay .wp-block-uagb-image--layout-overlay__inner .uagb-image-caption{opacity: 0;}.uagb-block-e6f939b3.wp-block-uagb-image--layout-overlay .wp-block-uagb-image__figure:hover .wp-block-uagb-image--layout-overlay__color-wrapper{opacity: 1;}.uagb-block-e6f939b3.wp-block-uagb-image .wp-block-uagb-image--layout-overlay__inner .uagb-image-separator{width: 30%;border-top-width: 2px;border-top-color: #fff;opacity: 0;}.uagb-block-e6f939b3.wp-block-uagb-image .wp-block-uagb-image__figure img{width: px;height: auto;}.uagb-block-e6f939b3.wp-block-uagb-image .wp-block-uagb-image__figure:hover .wp-block-uagb-image--layout-overlay__inner .uagb-image-caption{opacity: 1;}.uagb-block-e6f939b3.wp-block-uagb-image .wp-block-uagb-image__figure:hover .wp-block-uagb-image--layout-overlay__inner .uagb-image-separator{opacity: 1;}.uagb-block-e6f939b3.wp-block-uagb-image--layout-default figure:hover img{box-shadow: 0px 0px 0 #00000070;}.uagb-block-e6f939b3.wp-block-uagb-image--layout-overlay figure:hover img{box-shadow: 0px 0px 0 #00000070;}@media only screen and (max-width: 976px) {.uagb-block-e6f939b3.wp-block-uagb-image .wp-block-uagb-image__figure img{width: px;height: auto;}}@media only screen and (max-width: 767px) {.uagb-block-e6f939b3.wp-block-uagb-image .wp-block-uagb-image__figure img{width: px;height: auto;}}\";s:2:\"js\";s:0:\"\";s:18:\"current_block_list\";a:13:{i:0;s:11:\"core\/search\";i:1;s:10:\"core\/group\";i:2;s:12:\"core\/heading\";i:3;s:17:\"core\/latest-posts\";i:4;s:20:\"core\/latest-comments\";i:5;s:13:\"core\/archives\";i:6;s:15:\"core\/categories\";i:7;s:14:\"core\/paragraph\";i:8;s:10:\"uagb\/image\";i:9;s:11:\"core\/spacer\";i:10;s:30:\"woocommerce\/product-categories\";i:11;s:10:\"core\/image\";i:12;s:14:\"core\/shortcode\";}s:8:\"uag_flag\";b:1;s:11:\"uag_version\";s:10:\"1777330274\";s:6:\"gfonts\";a:0:{}s:10:\"gfonts_url\";s:0:\"\";s:12:\"gfonts_files\";a:0:{}s:14:\"uag_faq_layout\";b:0;}"]},"uagb_featured_image_src":{"full":["https:\/\/www.ferberpainting.com\/wp-content\/uploads\/2025\/05\/TreeandShrubFertilizer25kg.png",2560,2560,false],"thumbnail":["https:\/\/www.ferberpainting.com\/wp-content\/uploads\/2025\/05\/TreeandShrubFertilizer25kg-150x150.png",150,150,true],"medium":["https:\/\/www.ferberpainting.com\/wp-content\/uploads\/2025\/05\/TreeandShrubFertilizer25kg-300x300.png",300,300,true],"medium_large":["https:\/\/www.ferberpainting.com\/wp-content\/uploads\/2025\/05\/TreeandShrubFertilizer25kg-768x768.png",768,768,true],"large":["https:\/\/www.ferberpainting.com\/wp-content\/uploads\/2025\/05\/TreeandShrubFertilizer25kg-1024x1024.png",1024,1024,true],"1536x1536":["https:\/\/www.ferberpainting.com\/wp-content\/uploads\/2025\/05\/TreeandShrubFertilizer25kg-1536x1536.png",1536,1536,true],"2048x2048":["https:\/\/www.ferberpainting.com\/wp-content\/uploads\/2025\/05\/TreeandShrubFertilizer25kg-2048x2048.png",2048,2048,true],"trp-custom-language-flag":["https:\/\/www.ferberpainting.com\/wp-content\/uploads\/2025\/05\/TreeandShrubFertilizer25kg-12x12.png",12,12,true],"woocommerce_thumbnail":["https:\/\/www.ferberpainting.com\/wp-content\/uploads\/2025\/05\/TreeandShrubFertilizer25kg-300x300.png",300,300,true],"woocommerce_single":["https:\/\/www.ferberpainting.com\/wp-content\/uploads\/2025\/05\/TreeandShrubFertilizer25kg-600x600.png",600,600,true],"woocommerce_gallery_thumbnail":["https:\/\/www.ferberpainting.com\/wp-content\/uploads\/2025\/05\/TreeandShrubFertilizer25kg-100x100.png",100,100,true]},"uagb_author_info":{"display_name":"admin","author_link":"https:\/\/www.ferberpainting.com\/fi\/author\/"},"uagb_comment_info":33,"uagb_excerpt":"A balanced fertilizer for vigorous growth.\u00a0This tree and shrub fertilizer is specially formulated to meet the nutritional needs of trees, shrubs, and hedges, promoting healthy and balanced growth. Thanks to its NPK 10-10-10 composition, it provides an optimal supply of nitrogen (N) for foliage development, phosphorus (P) for strong rooting, and potassium (K) to enhance&hellip;","_links":{"self":[{"href":"https:\/\/www.ferberpainting.com\/fi\/wp-json\/wp\/v2\/product\/25599","targetHints":{"allow":["GET"]}}],"collection":[{"href":"https:\/\/www.ferberpainting.com\/fi\/wp-json\/wp\/v2\/product"}],"about":[{"href":"https:\/\/www.ferberpainting.com\/fi\/wp-json\/wp\/v2\/types\/product"}],"replies":[{"embeddable":true,"href":"https:\/\/www.ferberpainting.com\/fi\/wp-json\/wp\/v2\/comments?post=25599"}],"version-history":[{"count":5,"href":"https:\/\/www.ferberpainting.com\/fi\/wp-json\/wp\/v2\/product\/25599\/revisions"}],"predecessor-version":[{"id":167462,"href":"https:\/\/www.ferberpainting.com\/fi\/wp-json\/wp\/v2\/product\/25599\/revisions\/167462"}],"wp:featuredmedia":[{"embeddable":true,"href":"https:\/\/www.ferberpainting.com\/fi\/wp-json\/wp\/v2\/media\/27431"}],"wp:attachment":[{"href":"https:\/\/www.ferberpainting.com\/fi\/wp-json\/wp\/v2\/media?parent=25599"}],"wp:term":[{"taxonomy":"product_brand","embeddable":true,"href":"https:\/\/www.ferberpainting.com\/fi\/wp-json\/wp\/v2\/product_brand?post=25599"},{"taxonomy":"product_cat","embeddable":true,"href":"https:\/\/www.ferberpainting.com\/fi\/wp-json\/wp\/v2\/product_cat?post=25599"},{"taxonomy":"product_tag","embeddable":true,"href":"https:\/\/www.ferberpainting.com\/fi\/wp-json\/wp\/v2\/product_tag?post=25599"}],"curies":[{"name":"wp","href":"https:\/\/api.w.org\/{rel}","templated":true}]}}