{"id":25345,"date":"2025-06-30T20:02:34","date_gmt":"2025-06-30T18:02:34","guid":{"rendered":"https:\/\/www.ferberpainting.com\/?post_type=product&#038;p=25336"},"modified":"2026-02-16T12:25:28","modified_gmt":"2026-02-16T11:25:28","slug":"tar-bitumen-and-asphalt-cleaner","status":"publish","type":"product","link":"https:\/\/www.ferberpainting.com\/fi\/products\/tar-bitumen-and-asphalt-cleaner\/","title":{"rendered":"Tervan, bitumin ja asfaltin puhdistusaine"},"content":{"rendered":"<p><strong><img decoding=\"async\" style=\"margin-right: 12px;\" src=\"https:\/\/www.ferberpainting.com\/wp-content\/uploads\/2026\/02\/Check.svg\" alt=\"\" width=\"18\" height=\"15\" \/>Optimaalinen tehokkuus.<\/strong>\u00a0T\u00e4m\u00e4 terva- ja bitumipuhdistusaine on suunniteltu erityisesti poistamaan tehokkaasti tervaj\u00e4\u00e4mi\u00e4, bitumitahroja, rasvakertymi\u00e4 ja upotettuja ep\u00e4puhtauksia eri pinnoilta. Tehokkaan koostumuksensa ansiosta se liuottaa nopeasti sitke\u00e4n lian s\u00e4ilytt\u00e4en samalla k\u00e4sitellyt materiaalit. Se takaa syv\u00e4puhdistuksen, jolloin pinnat j\u00e4\u00e4v\u00e4t puhtaiksi ja ilman tervaj\u00e4lki\u00e4 ilman voimakasta hankausta.<\/p>\n<p><strong><img decoding=\"async\" style=\"margin-right: 12px;\" src=\"https:\/\/www.ferberpainting.com\/wp-content\/uploads\/2026\/02\/Check.svg\" alt=\"\" width=\"18\" height=\"15\" \/>Rahat takaisin -takuu.<\/strong>\u00a0Luotamme t\u00e4ysin puhdistusaineemme tehokkuuteen. Jos et ole t\u00e4ysin tyytyv\u00e4inen k\u00e4yt\u00f6n j\u00e4lkeen, voit saada t\u00e4yden hyvityksen. Kokeile tuotteitamme ilman riski\u00e4 ja nauti vaivattomasta, j\u00e4\u00e4m\u00e4t\u00f6nt\u00e4 puhdistusta.<\/p>\n<p><strong><img decoding=\"async\" style=\"margin-right: 12px;\" src=\"https:\/\/www.ferberpainting.com\/wp-content\/uploads\/2026\/02\/Check.svg\" alt=\"\" width=\"18\" height=\"15\" \/>Poikkeuksellinen monipuolisuus.<\/strong>\u00a0T\u00e4m\u00e4 puhdistusaine ei rajoitu vain bitumipintoihin, vaan se sopii my\u00f6s tervan poistoon ajoneuvojen korista, rakennuskoneista, rakennusten julkisivuista, teollisuuslaitteista, py\u00f6rist\u00e4 ja tervaroiskeille alttiista pinnoista, olivatpa ne sitten betonia, kive\u00e4, metallia, muovia, keramiikkaa tai luonnonkive\u00e4. Se takaa syv\u00e4n ja tehokkaan puhdistuksen pintaa vahingoittamatta.<\/p>\n<p><strong><img decoding=\"async\" style=\"margin-right: 12px;\" src=\"https:\/\/www.ferberpainting.com\/wp-content\/uploads\/2026\/02\/Check.svg\" alt=\"\" width=\"18\" height=\"15\" \/>Kustannustehokas.<\/strong>\u00a05 litran kanisterin ja korkean hy\u00f6tysuhteen ansiosta t\u00e4m\u00e4 puhdistin tarjoaa erinomaisen tuoton. Pieni m\u00e4\u00e4r\u00e4 riitt\u00e4\u00e4 liuottamaan terva- ja bitumij\u00e4\u00e4m\u00e4t suurilta alueilta. Yhdell\u00e4 litralla voidaan puhdistaa keskim\u00e4\u00e4rin jopa 40 m\u00b2 terva- tai bitumipinta-alaa, mik\u00e4 tekee siit\u00e4 kustannustehokkaan ratkaisun sek\u00e4 rutiini- ett\u00e4 intensiiviseen kunnossapitoon.<\/p>\n<p><strong><img decoding=\"async\" style=\"margin-right: 12px;\" src=\"https:\/\/www.ferberpainting.com\/wp-content\/uploads\/2026\/02\/Check.svg\" alt=\"\" width=\"18\" height=\"15\" \/>Turvallinen k\u00e4ytt\u00e4\u00e4.<\/strong>\u00a0Toisin kuin kovat liuottimet ja sy\u00f6vytt\u00e4v\u00e4t kemikaalit, jotka voivat vahingoittaa pintoja, t\u00e4m\u00e4 puhdistusaine on suunniteltu niin, ett\u00e4 se on sek\u00e4 tehokas ett\u00e4 materiaaliturvallinen. Se ei sis\u00e4ll\u00e4 myrkyllisi\u00e4 tai vaarallisia ainesosia, ei aiheuta haitallisia h\u00f6yryj\u00e4 ja on turvallinen ammattik\u00e4ytt\u00f6\u00f6n ja kotitalouksiin. Se suojaa sek\u00e4 k\u00e4ytt\u00e4j\u00e4\u00e4 ett\u00e4 ymp\u00e4rist\u00f6\u00e4.<\/p>\n<p><strong><img decoding=\"async\" style=\"margin-right: 12px;\" src=\"https:\/\/www.ferberpainting.com\/wp-content\/uploads\/2026\/02\/Check.svg\" alt=\"\" width=\"18\" height=\"15\" \/>Helppok\u00e4ytt\u00f6isyys.<\/strong>\u00a0T\u00e4m\u00e4 tuote on k\u00e4ytt\u00f6valmis eik\u00e4 vaadi laimentamista tai monimutkaista valmistelua. Levit\u00e4 se vain suoraan pinnalle liinalla, sienell\u00e4 tai ruiskulla. Sen nopeasti vaikuttavan koostumuksen ja helppok\u00e4ytt\u00f6isyyden ansiosta tervatahrat on helppo poistaa ilman erikoisv\u00e4lineit\u00e4 tai monimutkaisia vaiheita.<\/p>\n<p><strong><img decoding=\"async\" style=\"margin-right: 12px;\" src=\"https:\/\/www.ferberpainting.com\/wp-content\/uploads\/2026\/02\/Check.svg\" alt=\"\" width=\"18\" height=\"15\" \/>Parannettu kest\u00e4vyys.<\/strong>\u00a0Poistamalla tehokkaasti terva- ja bitumij\u00e4\u00e4m\u00e4t t\u00e4m\u00e4 puhdistusaine suojaa k\u00e4siteltyj\u00e4 materiaaleja ja pident\u00e4\u00e4 niiden k\u00e4ytt\u00f6ik\u00e4\u00e4. Se est\u00e4\u00e4 saostumien muodostumisen, jotka voivat ajan mittaan aiheuttaa pintavaurioita, ja auttaa pit\u00e4m\u00e4\u00e4n laitteet ja rakenteet erinomaisessa kunnossa ja parantamaan niiden kest\u00e4vyytt\u00e4 ulkoista rasitusta vastaan.<\/p>\n<p><strong><img decoding=\"async\" style=\"margin-right: 12px;\" src=\"https:\/\/www.ferberpainting.com\/wp-content\/uploads\/2026\/02\/Check.svg\" alt=\"\" width=\"18\" height=\"15\" \/>Nopea toiminta.<\/strong>\u00a0Eritt\u00e4in aktiivisen koostumuksensa ansiosta t\u00e4m\u00e4 puhdistusaine vaikuttaa v\u00e4litt\u00f6m\u00e4sti tervatahroihin ja bitumij\u00e4\u00e4miin. Se liuottaa lian muutamassa minuutissa ja helpottaa poistamista ilman voimakasta hankausta. V\u00e4litt\u00f6m\u00e4n vaikutuksensa ansiosta se on ihanteellinen ty\u00f6maak\u00e4ytt\u00f6\u00f6n tai nopeaa toimintaa vaativiin ymp\u00e4rist\u00f6ihin.<\/p>\n<h2><strong>K\u00e4ytt\u00f6ohjeet<\/strong><\/h2>\n<ul>\n<li><strong>Valmistelu <\/strong>: Varmista, ett\u00e4 pinta on kuiva ja ett\u00e4 se on k\u00e4ytett\u00e4viss\u00e4 ennen tuotteen levitt\u00e4mist\u00e4. Poista n\u00e4kyv\u00e4t roskat tai kerrostumat tuotteen vaikutuksen maksimoimiseksi.<\/li>\n<li><strong>Manuaalinen soveltaminen <\/strong>: Kaada pieni m\u00e4\u00e4r\u00e4 puhdistusainetta puhtaaseen liinaan, sieneen tai pehme\u00e4\u00e4n harjaan ja levit\u00e4 se sitten tasaisesti tervatahroihin hankaamalla alue varovasti.<\/li>\n<li><strong>K\u00e4ytt\u00f6 suurilla pinnoilla <\/strong>: Suurilla alueilla k\u00e4yt\u00e4 ruiskua levitt\u00e4\u00e4ksesi tuotteen suoraan vaurioituneelle alueelle. Anna vaikuttaa muutaman minuutin ajan, jotta tuote liuottaa j\u00e4\u00e4m\u00e4t tehokkaasti.<\/li>\n<li><strong>Puhdistus ja toiminta <\/strong>: Anna tuotteen vaikuttaa 3 - 5 minuuttia sitkeisiin tahroihin ja pyyhi sitten puhtaalla liinalla tai pehme\u00e4ll\u00e4 harjalla. Toista k\u00e4sittely tarvittaessa voimakkaasti likaantuneilla alueilla.<\/li>\n<li><strong>Huuhtelu <\/strong>: Pyyhi puhtaalla, kostealla liinalla j\u00e4ljell\u00e4 olevan tuotteen poistamiseksi ja t\u00e4ydellisen viimeistelyn saavuttamiseksi. Jos tuotetta k\u00e4ytet\u00e4\u00e4n huokoisille pinnoille, huuhtele huolellisesti puhtaalla vedell\u00e4.<\/li>\n<li><strong>Kuivaus ja viimeistely <\/strong>: Anna ilmakuivua tai pyyhi kuivalla mikrokuituliinalla, jotta lopputulos on tahraton. Metallipinnoilla tai maalatuilla pinnoilla voidaan k\u00e4ytt\u00e4\u00e4 kevytt\u00e4 kiillotusaineita kiillon palauttamiseksi.<\/li>\n<li><strong>K\u00e4ytt\u00f6tiheys <\/strong>: Levit\u00e4 heti tervatahrojen ilmaantuessa, jotta ne on helppo poistaa. Ammattik\u00e4yt\u00f6ss\u00e4 suositellaan kuukausittaista puhdistusta laitteiden ja infrastruktuurin s\u00e4ilytt\u00e4miseksi.<\/li>\n<li><strong>Varastointi <\/strong>: Sulje kanisteri tiiviisti jokaisen k\u00e4ytt\u00f6kerran j\u00e4lkeen ja s\u00e4ilyt\u00e4 viile\u00e4ss\u00e4, kuivassa paikassa, suojassa valolta ja \u00e4\u00e4rimm\u00e4isilt\u00e4 l\u00e4mp\u00f6tiloilta, jotta tuotteen teho s\u00e4ilyy pitk\u00e4\u00e4n.<\/li>\n<\/ul>\n<p>Terva- ja bitumipuhdistusaineellamme voit helposti poistaa vaikeimmatkin tahrat ja nauttia tahrattomista pinnoista hetkess\u00e4. Tehokas, nopea ja turvallinen ratkaisu vaivattomaan kunnossapitoon ammattimaisilla tuloksilla.<\/p>","protected":false},"excerpt":{"rendered":"<p>Optimal Effectiveness.\u00a0This tar and bitumen cleaner is specially formulated to effectively remove tar residues, bitumen stains, grease deposits, and embedded impurities on various surfaces. Thanks to its powerful formula, it quickly dissolves tough grime while preserving treated materials. It ensures deep cleaning, leaving surfaces clean and free from any trace of tar without the need [&hellip;]<\/p>\n","protected":false},"featured_media":35877,"comment_status":"open","ping_status":"closed","template":"","meta":{"_uag_custom_page_level_css":"","site-sidebar-layout":"default","site-content-layout":"","ast-site-content-layout":"default","site-content-style":"default","site-sidebar-style":"default","ast-global-header-display":"","ast-banner-title-visibility":"","ast-main-header-display":"","ast-hfb-above-header-display":"","ast-hfb-below-header-display":"","ast-hfb-mobile-header-display":"","site-post-title":"","ast-breadcrumbs-content":"","ast-featured-img":"","footer-sml-layout":"","ast-disable-related-posts":"","theme-transparent-header-meta":"default","adv-header-id-meta":"","stick-header-meta":"","header-above-stick-meta":"","header-main-stick-meta":"","header-below-stick-meta":"","astra-migrate-meta-layouts":"set","ast-page-background-enabled":"default","ast-page-background-meta":{"desktop":{"background-color":"var(--ast-global-color-4)","background-image":"","background-repeat":"repeat","background-position":"center center","background-size":"auto","background-attachment":"scroll","background-type":"","background-media":"","overlay-type":"","overlay-color":"","overlay-opacity":"","overlay-gradient":""},"tablet":{"background-color":"","background-image":"","background-repeat":"repeat","background-position":"center center","background-size":"auto","background-attachment":"scroll","background-type":"","background-media":"","overlay-type":"","overlay-color":"","overlay-opacity":"","overlay-gradient":""},"mobile":{"background-color":"","background-image":"","background-repeat":"repeat","background-position":"center center","background-size":"auto","background-attachment":"scroll","background-type":"","background-media":"","overlay-type":"","overlay-color":"","overlay-opacity":"","overlay-gradient":""}},"ast-content-background-meta":{"desktop":{"background-color":"var(--ast-global-color-5)","background-image":"","background-repeat":"repeat","background-position":"center center","background-size":"auto","background-attachment":"scroll","background-type":"","background-media":"","overlay-type":"","overlay-color":"","overlay-opacity":"","overlay-gradient":""},"tablet":{"background-color":"var(--ast-global-color-5)","background-image":"","background-repeat":"repeat","background-position":"center center","background-size":"auto","background-attachment":"scroll","background-type":"","background-media":"","overlay-type":"","overlay-color":"","overlay-opacity":"","overlay-gradient":""},"mobile":{"background-color":"var(--ast-global-color-5)","background-image":"","background-repeat":"repeat","background-position":"center center","background-size":"auto","background-attachment":"scroll","background-type":"","background-media":"","overlay-type":"","overlay-color":"","overlay-opacity":"","overlay-gradient":""}}},"product_brand":[],"product_cat":[175,176],"product_tag":[],"class_list":{"0":"post-25345","1":"product","2":"type-product","3":"status-publish","4":"has-post-thumbnail","6":"product_cat-cleaning-products","7":"product_cat-concrete-treatment","8":"desktop-align-left","9":"tablet-align-left","10":"mobile-align-left","12":"first","13":"instock","14":"sale","15":"shipping-taxable","16":"purchasable","17":"product-type-variable","18":"has-default-attributes"},"spectra_custom_meta":{"_visibility":["visible"],"_shopify_product_id":["9102463402229"],"_s2w_shopify_domain":["ferberpainting.myshopify.com"],"_shopify_variant_id":["46616313331957"],"_sku":[""],"_manage_stock":["no"],"total_sales":["85"],"_tax_status":["taxable"],"_tax_class":[""],"_backorders":["no"],"_sold_individually":["no"],"_virtual":["no"],"_downloadable":["no"],"_download_limit":["-1"],"_download_expiry":["-1"],"_stock":[null],"_stock_status":["instock"],"_wc_average_rating":["5.00"],"_wc_review_count":["10"],"_product_attributes":["a:1:{s:6:\"volume\";a:6:{s:4:\"name\";s:6:\"Volume\";s:5:\"value\";s:20:\"5 liters | 25 liters\";s:8:\"position\";i:1;s:10:\"is_visible\";i:0;s:12:\"is_variation\";i:1;s:11:\"is_taxonomy\";i:0;}}"],"_product_version":["10.5.1"],"wpse_downloadable_file_names":[""],"wpse_downloadable_file_urls":[""],"_edit_last":["1"],"_default_attributes":["a:1:{s:6:\"volume\";s:8:\"5 liters\";}"],"_edit_lock":["1771241003:1"],"merchant-center-availability":["yes"],"merchant-center-category":["7504"],"_thumbnail_id":["35877"],"_wp_page_template":["default"],"_wp_old_date":["2025-05-26"],"_product_image_gallery":["35879"],"site-sidebar-layout":["default"],"ast-site-content-layout":["default"],"site-content-style":["default"],"site-sidebar-style":["default"],"theme-transparent-header-meta":["default"],"_price":["29.90","129.90"],"_wc_rating_count":["a:1:{i:5;i:10;}"],"astra-migrate-meta-layouts":["set"],"_uag_css_file_name":["uag-css-25345.css"],"_elementor_page_assets":["a:0:{}"],"_uag_page_assets":["a:9:{s:3:\"css\";s:6873:\".wp-block-uagb-image{display:flex}.wp-block-uagb-image__figure{position:relative;display:flex;flex-direction:column;max-width:100%;height:auto;margin:0}.wp-block-uagb-image__figure img{height:auto;display:flex;max-width:100%;transition:box-shadow .2s ease}.wp-block-uagb-image__figure>a{display:inline-block}.wp-block-uagb-image__figure figcaption{text-align:center;margin-top:.5em;margin-bottom:1em}.wp-block-uagb-image .components-placeholder.block-editor-media-placeholder .components-placeholder__instructions{align-self:center}.wp-block-uagb-image--align-left{text-align:left}.wp-block-uagb-image--align-right{text-align:right}.wp-block-uagb-image--align-center{text-align:center}.wp-block-uagb-image--align-full .wp-block-uagb-image__figure{margin-left:calc(50% - 50vw);margin-right:calc(50% - 50vw);max-width:100vw;width:100vw;height:auto}.wp-block-uagb-image--align-full .wp-block-uagb-image__figure img{height:auto;width:100% !important}.wp-block-uagb-image--align-wide .wp-block-uagb-image__figure img{height:auto;width:100%}.wp-block-uagb-image--layout-overlay__color-wrapper{position:absolute;left:0;top:0;right:0;bottom:0;opacity:.2;background:rgba(0,0,0,.5);transition:opacity .35s ease-in-out}.wp-block-uagb-image--layout-overlay-link{position:absolute;left:0;right:0;bottom:0;top:0}.wp-block-uagb-image--layout-overlay .wp-block-uagb-image__figure:hover .wp-block-uagb-image--layout-overlay__color-wrapper{opacity:1}.wp-block-uagb-image--layout-overlay__inner{position:absolute;left:15px;right:15px;bottom:15px;top:15px;display:flex;align-items:center;justify-content:center;flex-direction:column;border-color:#fff;transition:.35s ease-in-out}.wp-block-uagb-image--layout-overlay__inner.top-left,.wp-block-uagb-image--layout-overlay__inner.top-center,.wp-block-uagb-image--layout-overlay__inner.top-right{justify-content:flex-start}.wp-block-uagb-image--layout-overlay__inner.bottom-left,.wp-block-uagb-image--layout-overlay__inner.bottom-center,.wp-block-uagb-image--layout-overlay__inner.bottom-right{justify-content:flex-end}.wp-block-uagb-image--layout-overlay__inner.top-left,.wp-block-uagb-image--layout-overlay__inner.center-left,.wp-block-uagb-image--layout-overlay__inner.bottom-left{align-items:flex-start}.wp-block-uagb-image--layout-overlay__inner.top-right,.wp-block-uagb-image--layout-overlay__inner.center-right,.wp-block-uagb-image--layout-overlay__inner.bottom-right{align-items:flex-end}.wp-block-uagb-image--layout-overlay__inner .uagb-image-heading{color:#fff;transition:transform .35s,opacity .35s ease-in-out;transform:translate3d(0, 24px, 0);margin:0;line-height:1em}.wp-block-uagb-image--layout-overlay__inner .uagb-image-separator{width:30%;border-top-width:2px;border-top-color:#fff;border-top-style:solid;margin-bottom:10px;opacity:0;transition:transform .4s,opacity .4s ease-in-out;transform:translate3d(0, 30px, 0)}.wp-block-uagb-image--layout-overlay__inner .uagb-image-caption{opacity:0;overflow:visible;color:#fff;transition:transform .45s,opacity .45s ease-in-out;transform:translate3d(0, 35px, 0)}.wp-block-uagb-image--layout-overlay__inner:hover .uagb-image-heading,.wp-block-uagb-image--layout-overlay__inner:hover .uagb-image-separator,.wp-block-uagb-image--layout-overlay__inner:hover .uagb-image-caption{opacity:1;transform:translate3d(0, 0, 0)}.wp-block-uagb-image--effect-zoomin .wp-block-uagb-image__figure img,.wp-block-uagb-image--effect-zoomin .wp-block-uagb-image__figure .wp-block-uagb-image--layout-overlay__color-wrapper{transform:scale(1);transition:transform .35s ease-in-out}.wp-block-uagb-image--effect-zoomin .wp-block-uagb-image__figure:hover img,.wp-block-uagb-image--effect-zoomin .wp-block-uagb-image__figure:hover .wp-block-uagb-image--layout-overlay__color-wrapper{transform:scale(1.05)}.wp-block-uagb-image--effect-slide .wp-block-uagb-image__figure img,.wp-block-uagb-image--effect-slide .wp-block-uagb-image__figure .wp-block-uagb-image--layout-overlay__color-wrapper{width:calc(100% + 40px) !important;max-width:none !important;transform:translate3d(-40px, 0, 0);transition:transform .35s ease-in-out}.wp-block-uagb-image--effect-slide .wp-block-uagb-image__figure:hover img,.wp-block-uagb-image--effect-slide .wp-block-uagb-image__figure:hover .wp-block-uagb-image--layout-overlay__color-wrapper{transform:translate3d(0, 0, 0)}.wp-block-uagb-image--effect-grayscale img{filter:grayscale(0%);transition:.35s ease-in-out}.wp-block-uagb-image--effect-grayscale:hover img{filter:grayscale(100%)}.wp-block-uagb-image--effect-blur img{filter:blur(0);transition:.35s ease-in-out}.wp-block-uagb-image--effect-blur:hover img{filter:blur(3px)}.uagb-block-e6f939b3.wp-block-uagb-image--layout-default figure img{box-shadow: 0px 0px 0 #00000070;}.uagb-block-e6f939b3.wp-block-uagb-image .wp-block-uagb-image__figure figcaption{font-style: normal;align-self: center;}.uagb-block-e6f939b3.wp-block-uagb-image--layout-overlay figure img{box-shadow: 0px 0px 0 #00000070;}.uagb-block-e6f939b3.wp-block-uagb-image--layout-overlay .wp-block-uagb-image--layout-overlay__color-wrapper{opacity: 0.2;}.uagb-block-e6f939b3.wp-block-uagb-image--layout-overlay .wp-block-uagb-image--layout-overlay__inner{left: 15px;right: 15px;top: 15px;bottom: 15px;}.uagb-block-e6f939b3.wp-block-uagb-image--layout-overlay .wp-block-uagb-image--layout-overlay__inner .uagb-image-heading{font-style: normal;color: #fff;opacity: 1;}.uagb-block-e6f939b3.wp-block-uagb-image--layout-overlay .wp-block-uagb-image--layout-overlay__inner .uagb-image-heading a{color: #fff;}.uagb-block-e6f939b3.wp-block-uagb-image--layout-overlay .wp-block-uagb-image--layout-overlay__inner .uagb-image-caption{opacity: 0;}.uagb-block-e6f939b3.wp-block-uagb-image--layout-overlay .wp-block-uagb-image__figure:hover .wp-block-uagb-image--layout-overlay__color-wrapper{opacity: 1;}.uagb-block-e6f939b3.wp-block-uagb-image .wp-block-uagb-image--layout-overlay__inner .uagb-image-separator{width: 30%;border-top-width: 2px;border-top-color: #fff;opacity: 0;}.uagb-block-e6f939b3.wp-block-uagb-image .wp-block-uagb-image__figure img{width: px;height: auto;}.uagb-block-e6f939b3.wp-block-uagb-image .wp-block-uagb-image__figure:hover .wp-block-uagb-image--layout-overlay__inner .uagb-image-caption{opacity: 1;}.uagb-block-e6f939b3.wp-block-uagb-image .wp-block-uagb-image__figure:hover .wp-block-uagb-image--layout-overlay__inner .uagb-image-separator{opacity: 1;}.uagb-block-e6f939b3.wp-block-uagb-image--layout-default figure:hover img{box-shadow: 0px 0px 0 #00000070;}.uagb-block-e6f939b3.wp-block-uagb-image--layout-overlay figure:hover img{box-shadow: 0px 0px 0 #00000070;}@media only screen and (max-width: 976px) {.uagb-block-e6f939b3.wp-block-uagb-image .wp-block-uagb-image__figure img{width: px;height: auto;}}@media only screen and (max-width: 767px) {.uagb-block-e6f939b3.wp-block-uagb-image .wp-block-uagb-image__figure img{width: px;height: auto;}}\";s:2:\"js\";s:0:\"\";s:18:\"current_block_list\";a:13:{i:0;s:11:\"core\/search\";i:1;s:10:\"core\/group\";i:2;s:12:\"core\/heading\";i:3;s:17:\"core\/latest-posts\";i:4;s:20:\"core\/latest-comments\";i:5;s:13:\"core\/archives\";i:6;s:15:\"core\/categories\";i:7;s:14:\"core\/paragraph\";i:8;s:10:\"uagb\/image\";i:9;s:11:\"core\/spacer\";i:10;s:30:\"woocommerce\/product-categories\";i:11;s:10:\"core\/image\";i:12;s:14:\"core\/shortcode\";}s:8:\"uag_flag\";b:1;s:11:\"uag_version\";s:10:\"1777096629\";s:6:\"gfonts\";a:0:{}s:10:\"gfonts_url\";s:0:\"\";s:12:\"gfonts_files\";a:0:{}s:14:\"uag_faq_layout\";b:0;}"]},"uagb_featured_image_src":{"full":["https:\/\/www.ferberpainting.com\/wp-content\/uploads\/2025\/05\/Tar-Bitumen-and-Asphalt-Cleaner-5L-.png",2560,2560,false],"thumbnail":["https:\/\/www.ferberpainting.com\/wp-content\/uploads\/2025\/05\/Tar-Bitumen-and-Asphalt-Cleaner-5L--150x150.png",150,150,true],"medium":["https:\/\/www.ferberpainting.com\/wp-content\/uploads\/2025\/05\/Tar-Bitumen-and-Asphalt-Cleaner-5L--300x300.png",300,300,true],"medium_large":["https:\/\/www.ferberpainting.com\/wp-content\/uploads\/2025\/05\/Tar-Bitumen-and-Asphalt-Cleaner-5L--768x768.png",768,768,true],"large":["https:\/\/www.ferberpainting.com\/wp-content\/uploads\/2025\/05\/Tar-Bitumen-and-Asphalt-Cleaner-5L--1024x1024.png",1024,1024,true],"1536x1536":["https:\/\/www.ferberpainting.com\/wp-content\/uploads\/2025\/05\/Tar-Bitumen-and-Asphalt-Cleaner-5L--1536x1536.png",1536,1536,true],"2048x2048":["https:\/\/www.ferberpainting.com\/wp-content\/uploads\/2025\/05\/Tar-Bitumen-and-Asphalt-Cleaner-5L--2048x2048.png",2048,2048,true],"trp-custom-language-flag":["https:\/\/www.ferberpainting.com\/wp-content\/uploads\/2025\/05\/Tar-Bitumen-and-Asphalt-Cleaner-5L--12x12.png",12,12,true],"woocommerce_thumbnail":["https:\/\/www.ferberpainting.com\/wp-content\/uploads\/2025\/05\/Tar-Bitumen-and-Asphalt-Cleaner-5L--300x300.png",300,300,true],"woocommerce_single":["https:\/\/www.ferberpainting.com\/wp-content\/uploads\/2025\/05\/Tar-Bitumen-and-Asphalt-Cleaner-5L--600x600.png",600,600,true],"woocommerce_gallery_thumbnail":["https:\/\/www.ferberpainting.com\/wp-content\/uploads\/2025\/05\/Tar-Bitumen-and-Asphalt-Cleaner-5L--100x100.png",100,100,true]},"uagb_author_info":{"display_name":"admin","author_link":"https:\/\/www.ferberpainting.com\/fi\/author\/"},"uagb_comment_info":10,"uagb_excerpt":"Optimal Effectiveness.\u00a0This tar and bitumen cleaner is specially formulated to effectively remove tar residues, bitumen stains, grease deposits, and embedded impurities on various surfaces. Thanks to its powerful formula, it quickly dissolves tough grime while preserving treated materials. It ensures deep cleaning, leaving surfaces clean and free from any trace of tar without the need&hellip;","_links":{"self":[{"href":"https:\/\/www.ferberpainting.com\/fi\/wp-json\/wp\/v2\/product\/25345","targetHints":{"allow":["GET"]}}],"collection":[{"href":"https:\/\/www.ferberpainting.com\/fi\/wp-json\/wp\/v2\/product"}],"about":[{"href":"https:\/\/www.ferberpainting.com\/fi\/wp-json\/wp\/v2\/types\/product"}],"replies":[{"embeddable":true,"href":"https:\/\/www.ferberpainting.com\/fi\/wp-json\/wp\/v2\/comments?post=25345"}],"version-history":[{"count":3,"href":"https:\/\/www.ferberpainting.com\/fi\/wp-json\/wp\/v2\/product\/25345\/revisions"}],"predecessor-version":[{"id":167370,"href":"https:\/\/www.ferberpainting.com\/fi\/wp-json\/wp\/v2\/product\/25345\/revisions\/167370"}],"wp:featuredmedia":[{"embeddable":true,"href":"https:\/\/www.ferberpainting.com\/fi\/wp-json\/wp\/v2\/media\/35877"}],"wp:attachment":[{"href":"https:\/\/www.ferberpainting.com\/fi\/wp-json\/wp\/v2\/media?parent=25345"}],"wp:term":[{"taxonomy":"product_brand","embeddable":true,"href":"https:\/\/www.ferberpainting.com\/fi\/wp-json\/wp\/v2\/product_brand?post=25345"},{"taxonomy":"product_cat","embeddable":true,"href":"https:\/\/www.ferberpainting.com\/fi\/wp-json\/wp\/v2\/product_cat?post=25345"},{"taxonomy":"product_tag","embeddable":true,"href":"https:\/\/www.ferberpainting.com\/fi\/wp-json\/wp\/v2\/product_tag?post=25345"}],"curies":[{"name":"wp","href":"https:\/\/api.w.org\/{rel}","templated":true}]}}