{"id":25339,"date":"2025-06-30T21:21:10","date_gmt":"2025-06-30T19:21:10","guid":{"rendered":"https:\/\/www.ferberpainting.com\/?post_type=product&#038;p=25336"},"modified":"2026-02-16T12:15:27","modified_gmt":"2026-02-16T11:15:27","slug":"suede-and-nubuck-water-repellent","status":"publish","type":"product","link":"https:\/\/www.ferberpainting.com\/fi\/products\/suede-and-nubuck-water-repellent\/","title":{"rendered":"Suojasuihke mokalle ja nubukille"},"content":{"rendered":"<p><strong><img decoding=\"async\" style=\"margin-right: 12px;\" src=\"https:\/\/www.ferberpainting.com\/wp-content\/uploads\/2026\/02\/Check.svg\" alt=\"\" width=\"18\" height=\"15\" \/>Tehokas suoja vett\u00e4 ja tahroja vastaan.<\/strong>\u00a0T\u00e4m\u00e4 mokkanahkainen vedenpit\u00e4v\u00e4 aine on erityisesti suunniteltu luomaan n\u00e4kym\u00e4t\u00f6n este kosteutta ja likaa vastaan. Se est\u00e4\u00e4 veden, mudan tai rasvan aiheuttamat tahrat ja s\u00e4ilytt\u00e4\u00e4 samalla mokkael\u00e4inten herk\u00e4n rakenteen ja tyylikk\u00e4\u00e4n ulkon\u00e4\u00f6n. Se on ihanteellinen ratkaisu mokkakenkien, takkien, laukkujen ja muiden tavaroiden pit\u00e4miseen t\u00e4ydellisess\u00e4 kunnossa samalla kun se suojaa niit\u00e4 p\u00e4ivitt\u00e4iselt\u00e4 kulutukselta.<\/p>\n<p><strong><img decoding=\"async\" style=\"margin-right: 12px;\" src=\"https:\/\/www.ferberpainting.com\/wp-content\/uploads\/2026\/02\/Check.svg\" alt=\"\" width=\"18\" height=\"15\" \/>Rahat takaisin -takuu.<\/strong>\u00a0Uskomme mokkanahkamme vedenpit\u00e4v\u00e4n aineen tehokkuuteen. Jos et ole t\u00e4ysin tyytyv\u00e4inen k\u00e4yt\u00f6n j\u00e4lkeen, olet oikeutettu t\u00e4yteen hyvitykseen. Takaamme optimaalisen suojan s\u00e4\u00e4olosuhteita vastaan materiaalin laatua kunnioittaen. Voit ostaa luottavaisin mielin ja kokeilla tuotetta riskitt\u00f6m\u00e4sti.<\/p>\n<p><strong><img decoding=\"async\" style=\"margin-right: 12px;\" src=\"https:\/\/www.ferberpainting.com\/wp-content\/uploads\/2026\/02\/Check.svg\" alt=\"\" width=\"18\" height=\"15\" \/>Hell\u00e4varainen herkille materiaaleille.<\/strong>\u00a0T\u00e4m\u00e4 tuote on suunniteltu mokkanahan lis\u00e4ksi my\u00f6s muille vastaaville materiaaleille, kuten nupukille, huovalle ja joillekin synteettisille kankaille. Se sopii kenkiin, laukkuihin, takkeihin, k\u00e4sineisiin ja muihin kosteudelta suojaa tarvitseviin esineisiin. Sit\u00e4 voidaan k\u00e4ytt\u00e4\u00e4 my\u00f6s sametin kaltaisille kankaille, sill\u00e4 se antaa samanlaisen suojan vaikuttamatta materiaalin rakenteeseen tai ulkon\u00e4k\u00f6\u00f6n.<\/p>\n<p><strong><img decoding=\"async\" style=\"margin-right: 12px;\" src=\"https:\/\/www.ferberpainting.com\/wp-content\/uploads\/2026\/02\/Check.svg\" alt=\"\" width=\"18\" height=\"15\" \/>Kustannustehokas suorituskyky.<\/strong>\u00a0Tiivistetyn koostumuksensa ansiosta t\u00e4m\u00e4 mokkanahkainen vedenpit\u00e4j\u00e4 on eritt\u00e4in taloudellinen. Keskim\u00e4\u00e4rin yhdell\u00e4 litralla tuotetta voidaan k\u00e4sitell\u00e4 noin 15-20 paria mokkakenki\u00e4 tai standardikokoisia vaatteita materiaalin huokoisuudesta riippuen. Viiden litran kanisterilla voidaan k\u00e4sitell\u00e4 suuri m\u00e4\u00e4r\u00e4 tavaroita, joten se on kustannustehokas ratkaisu pitk\u00e4aikaiseen suojaukseen.<\/p>\n<p><strong><img decoding=\"async\" style=\"margin-right: 12px;\" src=\"https:\/\/www.ferberpainting.com\/wp-content\/uploads\/2026\/02\/Check.svg\" alt=\"\" width=\"18\" height=\"15\" \/>Turvallinen ja kangasyst\u00e4v\u00e4llinen.<\/strong>\u00a0T\u00e4m\u00e4 mokkanahkainen vedenpit\u00e4j\u00e4 on suunniteltu tarjoamaan laadukasta suojaa vahingoittamatta mokkanahkaa tai vastaavia materiaaleja. Se ei ole myrkyt\u00f6n, ei sis\u00e4ll\u00e4 voimakkaita kemikaaleja, eik\u00e4 siit\u00e4 l\u00e4hde haitallisia h\u00f6yryj\u00e4. Tuote on pehme\u00e4 ja turvallinen, jopa suoraan ihokosketuksessa oleville esineille. Se ei muuta v\u00e4ri\u00e4 tai rakennetta ja j\u00e4tt\u00e4\u00e4 luonnollisen, miellytt\u00e4v\u00e4n tuntuman.<\/p>\n<p><strong><img decoding=\"async\" style=\"margin-right: 12px;\" src=\"https:\/\/www.ferberpainting.com\/wp-content\/uploads\/2026\/02\/Check.svg\" alt=\"\" width=\"18\" height=\"15\" \/>Helppok\u00e4ytt\u00f6isyys.<\/strong>\u00a0T\u00e4m\u00e4 tuote on k\u00e4ytt\u00f6valmis, eik\u00e4 sit\u00e4 tarvitse valmistaa tai laimentaa. Levitys on nopeaa ja yksinkertaista. Levit\u00e4 ohut, tasainen kerros mokkanahkaiseen tuotteeseen suihkepullolla tai puhtaalla liinalla liottamatta sit\u00e4 ja anna sen sitten kuivua. Tuote imeytyy nopeasti eik\u00e4 j\u00e4t\u00e4 n\u00e4kyvi\u00e4 j\u00e4lki\u00e4 kuivuttuaan.<\/p>\n<p><strong><img decoding=\"async\" style=\"margin-right: 12px;\" src=\"https:\/\/www.ferberpainting.com\/wp-content\/uploads\/2026\/02\/Check.svg\" alt=\"\" width=\"18\" height=\"15\" \/>Kest\u00e4vyys ja pitk\u00e4ik\u00e4isyys.<\/strong>\u00a0Kun mokkanahkainen vedenpit\u00e4v\u00e4 aine on levitetty, se muodostaa kest\u00e4v\u00e4n, n\u00e4kym\u00e4tt\u00f6m\u00e4n suojan, joka pysyy tehokkaana kuukausia, jopa vaativissa olosuhteissa. Se suojaa esineit\u00e4 sateelta, kosteudelta ja tahroilta varmistaen pitk\u00e4aikaisen suorituskyvyn. Se auttaa s\u00e4ilytt\u00e4m\u00e4\u00e4n arvokkaat kappaleesi v\u00e4hent\u00e4m\u00e4ll\u00e4 kosteuden ja lian aiheuttamaa kulumista.<\/p>\n<p><strong><img decoding=\"async\" style=\"margin-right: 12px;\" src=\"https:\/\/www.ferberpainting.com\/wp-content\/uploads\/2026\/02\/Check.svg\" alt=\"\" width=\"18\" height=\"15\" \/>Nopea toiminta.<\/strong>\u00a0Mokkanahkainen vedenpit\u00e4j\u00e4 toimii nopeasti. Levitt\u00e4misen j\u00e4lkeen se kuivuu tunnissa, ja voit k\u00e4ytt\u00e4\u00e4 tavaroitasi uudelleen l\u00e4hes v\u00e4litt\u00f6m\u00e4sti. Sinun ei tarvitse odottaa tunteja kuten joidenkin muiden tuotteiden kanssa, joten se sopii erinomaisesti matkustajille tai kaikille, jotka tarvitsevat nopeaa suojaa. Levit\u00e4 ja anna kuivua, niin saat v\u00e4litt\u00f6m\u00e4n vaikutuksen.<\/p>\n<h2><strong>K\u00e4ytt\u00f6protokolla<\/strong><\/h2>\n<ul>\n<li><strong>Kohteen valmistelu <\/strong>: Varmista, ett\u00e4 mokkanahkainen tuote (keng\u00e4t, laukut, takit jne.) on puhdas ja kuiva ennen kiinnitt\u00e4mist\u00e4. Tarvittaessa harjaa pinta varovasti p\u00f6lyn tai lian poistamiseksi. \u00c4l\u00e4 levit\u00e4 likaisiin tai m\u00e4rkiin esineisiin, sill\u00e4 se voi heikent\u00e4\u00e4 tehoa.<\/li>\n<li><strong>Tuotteen k\u00e4ytt\u00f6 <\/strong>: Levit\u00e4 mokkanahkapinnalle ohut, tasainen kerros vedenpit\u00e4v\u00e4\u00e4 ainetta ruiskulla tai pehme\u00e4ll\u00e4, puhtaalla liinalla. Jos k\u00e4yt\u00e4t sumutinta, pid\u00e4 sit\u00e4 15-20 cm:n p\u00e4\u00e4ss\u00e4 pinnasta, jotta v\u00e4lt\u00e4t liiallista valumista.<\/li>\n<li><strong>Tasainen kattavuus <\/strong>: Optimaalisen suojan saavuttamiseksi varmista, ett\u00e4 tuote on tasaisesti levinnyt ja tunkeutunut mokkanahkakuituihin. \u00c4l\u00e4 kyll\u00e4st\u00e4 materiaalia liikaa, jotta v\u00e4lt\u00e4t n\u00e4kyvi\u00e4 kertymi\u00e4.<\/li>\n<li><strong>Kuivumisaika <\/strong>: Anna tuotteen kuivua noin 1 tunti hyvin tuuletetussa tilassa huoneenl\u00e4mm\u00f6ss\u00e4. V\u00e4lt\u00e4 l\u00e4mm\u00f6nl\u00e4hteit\u00e4 (esim. hiustenkuivaaja tai l\u00e4mp\u00f6patteri), jotka voivat vahingoittaa materiaalia.<\/li>\n<li><strong>Uudelleenk\u00e4sittely (tarvittaessa) <\/strong>: Paremman suojan saat levitt\u00e4m\u00e4ll\u00e4 toisen kerroksen, kun ensimm\u00e4inen kerros on t\u00e4ysin kuivunut. T\u00e4t\u00e4 suositellaan erityisesti \u00e4\u00e4rimm\u00e4isille olosuhteille altistuville esineille, kuten vaelluskengille tai sateessa k\u00e4ytett\u00e4ville k\u00e4silaukuille.<\/li>\n<li><strong>Huolto <\/strong>: Levit\u00e4 uudelleen 3-6 kuukauden v\u00e4lein k\u00e4yt\u00f6n ja altistumisen mukaan. On suositeltavaa tehd\u00e4 korjauksia, jotta maksimaalinen suoja s\u00e4ilyy ajan my\u00f6t\u00e4.<\/li>\n<li><strong>Varastointi <\/strong>: S\u00e4ilyt\u00e4 alkuper\u00e4ispakkauksessa, tiiviisti suljettuna, viile\u00e4ss\u00e4 ja kuivassa paikassa suojattuna l\u00e4mm\u00f6lt\u00e4 ja suoralta auringonvalolta, jotta sen ominaisuudet s\u00e4ilyv\u00e4t.<\/li>\n<\/ul>\n<p>Mokkanahkainen vedenpit\u00e4v\u00e4 aineemme auttaa pident\u00e4m\u00e4\u00e4n mokkanahkaisten vaatteidesi k\u00e4ytt\u00f6ik\u00e4\u00e4 ja pit\u00e4\u00e4 ne t\u00e4ydellisess\u00e4 kunnossa. Yksinkertainen, nopea ja tehokas ratkaisu, jolla pid\u00e4t tyylikk\u00e4\u00e4t tavarasi suojassa kosteudelta ja tahroilta.<\/p>","protected":false},"excerpt":{"rendered":"<p>Effective Protection Against Water and Stains.\u00a0This suede waterproofer is specially formulated to create an invisible barrier against moisture and dirt. It prevents water, mud, or grease stains while preserving the delicate texture and elegant appearance of suede. It is the ideal solution to keep your suede shoes, jackets, bags, and other items in perfect condition [&hellip;]<\/p>\n","protected":false},"featured_media":35957,"comment_status":"open","ping_status":"closed","template":"","meta":{"_uag_custom_page_level_css":"","site-sidebar-layout":"default","site-content-layout":"","ast-site-content-layout":"default","site-content-style":"default","site-sidebar-style":"default","ast-global-header-display":"","ast-banner-title-visibility":"","ast-main-header-display":"","ast-hfb-above-header-display":"","ast-hfb-below-header-display":"","ast-hfb-mobile-header-display":"","site-post-title":"","ast-breadcrumbs-content":"","ast-featured-img":"","footer-sml-layout":"","ast-disable-related-posts":"","theme-transparent-header-meta":"default","adv-header-id-meta":"","stick-header-meta":"","header-above-stick-meta":"","header-main-stick-meta":"","header-below-stick-meta":"","astra-migrate-meta-layouts":"set","ast-page-background-enabled":"default","ast-page-background-meta":{"desktop":{"background-color":"var(--ast-global-color-4)","background-image":"","background-repeat":"repeat","background-position":"center center","background-size":"auto","background-attachment":"scroll","background-type":"","background-media":"","overlay-type":"","overlay-color":"","overlay-opacity":"","overlay-gradient":""},"tablet":{"background-color":"","background-image":"","background-repeat":"repeat","background-position":"center center","background-size":"auto","background-attachment":"scroll","background-type":"","background-media":"","overlay-type":"","overlay-color":"","overlay-opacity":"","overlay-gradient":""},"mobile":{"background-color":"","background-image":"","background-repeat":"repeat","background-position":"center center","background-size":"auto","background-attachment":"scroll","background-type":"","background-media":"","overlay-type":"","overlay-color":"","overlay-opacity":"","overlay-gradient":""}},"ast-content-background-meta":{"desktop":{"background-color":"var(--ast-global-color-5)","background-image":"","background-repeat":"repeat","background-position":"center center","background-size":"auto","background-attachment":"scroll","background-type":"","background-media":"","overlay-type":"","overlay-color":"","overlay-opacity":"","overlay-gradient":""},"tablet":{"background-color":"var(--ast-global-color-5)","background-image":"","background-repeat":"repeat","background-position":"center center","background-size":"auto","background-attachment":"scroll","background-type":"","background-media":"","overlay-type":"","overlay-color":"","overlay-opacity":"","overlay-gradient":""},"mobile":{"background-color":"var(--ast-global-color-5)","background-image":"","background-repeat":"repeat","background-position":"center center","background-size":"auto","background-attachment":"scroll","background-type":"","background-media":"","overlay-type":"","overlay-color":"","overlay-opacity":"","overlay-gradient":""}}},"product_brand":[],"product_cat":[191],"product_tag":[],"class_list":{"0":"post-25339","1":"product","2":"type-product","3":"status-publish","4":"has-post-thumbnail","6":"product_cat-water-repellent","7":"desktop-align-left","8":"tablet-align-left","9":"mobile-align-left","11":"first","12":"instock","13":"sale","14":"taxable","15":"shipping-taxable","16":"purchasable","17":"product-type-variable","18":"has-default-attributes"},"spectra_custom_meta":{"_visibility":["visible"],"_shopify_product_id":["9106554913013"],"_s2w_shopify_domain":["ferberpainting.myshopify.com"],"_shopify_variant_id":["46626262876405"],"_sku":[""],"_manage_stock":["no"],"total_sales":["29"],"_tax_status":["taxable"],"_tax_class":[""],"_backorders":["no"],"_sold_individually":["no"],"_virtual":["no"],"_downloadable":["no"],"_download_limit":["-1"],"_download_expiry":["-1"],"_stock":[null],"_stock_status":["instock"],"_wc_average_rating":["5.00"],"_wc_review_count":["36"],"_product_attributes":["a:1:{s:6:\"volume\";a:6:{s:4:\"name\";s:6:\"Volume\";s:5:\"value\";s:20:\"5 liters | 25 liters\";s:8:\"position\";i:1;s:10:\"is_visible\";i:0;s:12:\"is_variation\";i:1;s:11:\"is_taxonomy\";i:0;}}"],"_product_version":["10.5.1"],"wpse_downloadable_file_names":[""],"wpse_downloadable_file_urls":[""],"_edit_last":["1"],"_default_attributes":["a:1:{s:6:\"volume\";s:8:\"5 liters\";}"],"_edit_lock":["1771240388:1"],"merchant-center-availability":["yes"],"merchant-center-category":["503738"],"_thumbnail_id":["35957"],"_wp_page_template":["default"],"_wp_old_date":["2025-05-26"],"_product_image_gallery":["35956"],"site-sidebar-layout":["default"],"ast-site-content-layout":["default"],"site-content-style":["default"],"site-sidebar-style":["default"],"theme-transparent-header-meta":["default"],"_price":["29.90","129.90"],"_wc_rating_count":["a:1:{i:5;i:36;}"],"astra-migrate-meta-layouts":["set"],"_uag_css_file_name":["uag-css-25339.css"],"_elementor_page_assets":["a:0:{}"],"_uag_page_assets":["a:9:{s:3:\"css\";s:6873:\".wp-block-uagb-image{display:flex}.wp-block-uagb-image__figure{position:relative;display:flex;flex-direction:column;max-width:100%;height:auto;margin:0}.wp-block-uagb-image__figure img{height:auto;display:flex;max-width:100%;transition:box-shadow .2s ease}.wp-block-uagb-image__figure>a{display:inline-block}.wp-block-uagb-image__figure figcaption{text-align:center;margin-top:.5em;margin-bottom:1em}.wp-block-uagb-image .components-placeholder.block-editor-media-placeholder .components-placeholder__instructions{align-self:center}.wp-block-uagb-image--align-left{text-align:left}.wp-block-uagb-image--align-right{text-align:right}.wp-block-uagb-image--align-center{text-align:center}.wp-block-uagb-image--align-full .wp-block-uagb-image__figure{margin-left:calc(50% - 50vw);margin-right:calc(50% - 50vw);max-width:100vw;width:100vw;height:auto}.wp-block-uagb-image--align-full .wp-block-uagb-image__figure img{height:auto;width:100% !important}.wp-block-uagb-image--align-wide .wp-block-uagb-image__figure img{height:auto;width:100%}.wp-block-uagb-image--layout-overlay__color-wrapper{position:absolute;left:0;top:0;right:0;bottom:0;opacity:.2;background:rgba(0,0,0,.5);transition:opacity .35s ease-in-out}.wp-block-uagb-image--layout-overlay-link{position:absolute;left:0;right:0;bottom:0;top:0}.wp-block-uagb-image--layout-overlay .wp-block-uagb-image__figure:hover .wp-block-uagb-image--layout-overlay__color-wrapper{opacity:1}.wp-block-uagb-image--layout-overlay__inner{position:absolute;left:15px;right:15px;bottom:15px;top:15px;display:flex;align-items:center;justify-content:center;flex-direction:column;border-color:#fff;transition:.35s ease-in-out}.wp-block-uagb-image--layout-overlay__inner.top-left,.wp-block-uagb-image--layout-overlay__inner.top-center,.wp-block-uagb-image--layout-overlay__inner.top-right{justify-content:flex-start}.wp-block-uagb-image--layout-overlay__inner.bottom-left,.wp-block-uagb-image--layout-overlay__inner.bottom-center,.wp-block-uagb-image--layout-overlay__inner.bottom-right{justify-content:flex-end}.wp-block-uagb-image--layout-overlay__inner.top-left,.wp-block-uagb-image--layout-overlay__inner.center-left,.wp-block-uagb-image--layout-overlay__inner.bottom-left{align-items:flex-start}.wp-block-uagb-image--layout-overlay__inner.top-right,.wp-block-uagb-image--layout-overlay__inner.center-right,.wp-block-uagb-image--layout-overlay__inner.bottom-right{align-items:flex-end}.wp-block-uagb-image--layout-overlay__inner .uagb-image-heading{color:#fff;transition:transform .35s,opacity .35s ease-in-out;transform:translate3d(0, 24px, 0);margin:0;line-height:1em}.wp-block-uagb-image--layout-overlay__inner .uagb-image-separator{width:30%;border-top-width:2px;border-top-color:#fff;border-top-style:solid;margin-bottom:10px;opacity:0;transition:transform .4s,opacity .4s ease-in-out;transform:translate3d(0, 30px, 0)}.wp-block-uagb-image--layout-overlay__inner .uagb-image-caption{opacity:0;overflow:visible;color:#fff;transition:transform .45s,opacity .45s ease-in-out;transform:translate3d(0, 35px, 0)}.wp-block-uagb-image--layout-overlay__inner:hover .uagb-image-heading,.wp-block-uagb-image--layout-overlay__inner:hover .uagb-image-separator,.wp-block-uagb-image--layout-overlay__inner:hover .uagb-image-caption{opacity:1;transform:translate3d(0, 0, 0)}.wp-block-uagb-image--effect-zoomin .wp-block-uagb-image__figure img,.wp-block-uagb-image--effect-zoomin .wp-block-uagb-image__figure .wp-block-uagb-image--layout-overlay__color-wrapper{transform:scale(1);transition:transform .35s ease-in-out}.wp-block-uagb-image--effect-zoomin .wp-block-uagb-image__figure:hover img,.wp-block-uagb-image--effect-zoomin .wp-block-uagb-image__figure:hover .wp-block-uagb-image--layout-overlay__color-wrapper{transform:scale(1.05)}.wp-block-uagb-image--effect-slide .wp-block-uagb-image__figure img,.wp-block-uagb-image--effect-slide .wp-block-uagb-image__figure .wp-block-uagb-image--layout-overlay__color-wrapper{width:calc(100% + 40px) !important;max-width:none !important;transform:translate3d(-40px, 0, 0);transition:transform .35s ease-in-out}.wp-block-uagb-image--effect-slide .wp-block-uagb-image__figure:hover img,.wp-block-uagb-image--effect-slide .wp-block-uagb-image__figure:hover .wp-block-uagb-image--layout-overlay__color-wrapper{transform:translate3d(0, 0, 0)}.wp-block-uagb-image--effect-grayscale img{filter:grayscale(0%);transition:.35s ease-in-out}.wp-block-uagb-image--effect-grayscale:hover img{filter:grayscale(100%)}.wp-block-uagb-image--effect-blur img{filter:blur(0);transition:.35s ease-in-out}.wp-block-uagb-image--effect-blur:hover img{filter:blur(3px)}.uagb-block-e6f939b3.wp-block-uagb-image--layout-default figure img{box-shadow: 0px 0px 0 #00000070;}.uagb-block-e6f939b3.wp-block-uagb-image .wp-block-uagb-image__figure figcaption{font-style: normal;align-self: center;}.uagb-block-e6f939b3.wp-block-uagb-image--layout-overlay figure img{box-shadow: 0px 0px 0 #00000070;}.uagb-block-e6f939b3.wp-block-uagb-image--layout-overlay .wp-block-uagb-image--layout-overlay__color-wrapper{opacity: 0.2;}.uagb-block-e6f939b3.wp-block-uagb-image--layout-overlay .wp-block-uagb-image--layout-overlay__inner{left: 15px;right: 15px;top: 15px;bottom: 15px;}.uagb-block-e6f939b3.wp-block-uagb-image--layout-overlay .wp-block-uagb-image--layout-overlay__inner .uagb-image-heading{font-style: normal;color: #fff;opacity: 1;}.uagb-block-e6f939b3.wp-block-uagb-image--layout-overlay .wp-block-uagb-image--layout-overlay__inner .uagb-image-heading a{color: #fff;}.uagb-block-e6f939b3.wp-block-uagb-image--layout-overlay .wp-block-uagb-image--layout-overlay__inner .uagb-image-caption{opacity: 0;}.uagb-block-e6f939b3.wp-block-uagb-image--layout-overlay .wp-block-uagb-image__figure:hover .wp-block-uagb-image--layout-overlay__color-wrapper{opacity: 1;}.uagb-block-e6f939b3.wp-block-uagb-image .wp-block-uagb-image--layout-overlay__inner .uagb-image-separator{width: 30%;border-top-width: 2px;border-top-color: #fff;opacity: 0;}.uagb-block-e6f939b3.wp-block-uagb-image .wp-block-uagb-image__figure img{width: px;height: auto;}.uagb-block-e6f939b3.wp-block-uagb-image .wp-block-uagb-image__figure:hover .wp-block-uagb-image--layout-overlay__inner .uagb-image-caption{opacity: 1;}.uagb-block-e6f939b3.wp-block-uagb-image .wp-block-uagb-image__figure:hover .wp-block-uagb-image--layout-overlay__inner .uagb-image-separator{opacity: 1;}.uagb-block-e6f939b3.wp-block-uagb-image--layout-default figure:hover img{box-shadow: 0px 0px 0 #00000070;}.uagb-block-e6f939b3.wp-block-uagb-image--layout-overlay figure:hover img{box-shadow: 0px 0px 0 #00000070;}@media only screen and (max-width: 976px) {.uagb-block-e6f939b3.wp-block-uagb-image .wp-block-uagb-image__figure img{width: px;height: auto;}}@media only screen and (max-width: 767px) {.uagb-block-e6f939b3.wp-block-uagb-image .wp-block-uagb-image__figure img{width: px;height: auto;}}\";s:2:\"js\";s:0:\"\";s:18:\"current_block_list\";a:13:{i:0;s:11:\"core\/search\";i:1;s:10:\"core\/group\";i:2;s:12:\"core\/heading\";i:3;s:17:\"core\/latest-posts\";i:4;s:20:\"core\/latest-comments\";i:5;s:13:\"core\/archives\";i:6;s:15:\"core\/categories\";i:7;s:14:\"core\/paragraph\";i:8;s:10:\"uagb\/image\";i:9;s:11:\"core\/spacer\";i:10;s:30:\"woocommerce\/product-categories\";i:11;s:10:\"core\/image\";i:12;s:14:\"core\/shortcode\";}s:8:\"uag_flag\";b:1;s:11:\"uag_version\";s:10:\"1777266148\";s:6:\"gfonts\";a:0:{}s:10:\"gfonts_url\";s:0:\"\";s:12:\"gfonts_files\";a:0:{}s:14:\"uag_faq_layout\";b:0;}"]},"uagb_featured_image_src":{"full":["https:\/\/www.ferberpainting.com\/wp-content\/uploads\/2025\/05\/Suede-and-Nubuck-Water-Repellent-5L.png",2560,2560,false],"thumbnail":["https:\/\/www.ferberpainting.com\/wp-content\/uploads\/2025\/05\/Suede-and-Nubuck-Water-Repellent-5L-150x150.png",150,150,true],"medium":["https:\/\/www.ferberpainting.com\/wp-content\/uploads\/2025\/05\/Suede-and-Nubuck-Water-Repellent-5L-300x300.png",300,300,true],"medium_large":["https:\/\/www.ferberpainting.com\/wp-content\/uploads\/2025\/05\/Suede-and-Nubuck-Water-Repellent-5L-768x768.png",768,768,true],"large":["https:\/\/www.ferberpainting.com\/wp-content\/uploads\/2025\/05\/Suede-and-Nubuck-Water-Repellent-5L-1024x1024.png",1024,1024,true],"1536x1536":["https:\/\/www.ferberpainting.com\/wp-content\/uploads\/2025\/05\/Suede-and-Nubuck-Water-Repellent-5L-1536x1536.png",1536,1536,true],"2048x2048":["https:\/\/www.ferberpainting.com\/wp-content\/uploads\/2025\/05\/Suede-and-Nubuck-Water-Repellent-5L-2048x2048.png",2048,2048,true],"trp-custom-language-flag":["https:\/\/www.ferberpainting.com\/wp-content\/uploads\/2025\/05\/Suede-and-Nubuck-Water-Repellent-5L-12x12.png",12,12,true],"woocommerce_thumbnail":["https:\/\/www.ferberpainting.com\/wp-content\/uploads\/2025\/05\/Suede-and-Nubuck-Water-Repellent-5L-300x300.png",300,300,true],"woocommerce_single":["https:\/\/www.ferberpainting.com\/wp-content\/uploads\/2025\/05\/Suede-and-Nubuck-Water-Repellent-5L-600x600.png",600,600,true],"woocommerce_gallery_thumbnail":["https:\/\/www.ferberpainting.com\/wp-content\/uploads\/2025\/05\/Suede-and-Nubuck-Water-Repellent-5L-100x100.png",100,100,true]},"uagb_author_info":{"display_name":"admin","author_link":"https:\/\/www.ferberpainting.com\/fi\/author\/"},"uagb_comment_info":36,"uagb_excerpt":"Effective Protection Against Water and Stains.\u00a0This suede waterproofer is specially formulated to create an invisible barrier against moisture and dirt. It prevents water, mud, or grease stains while preserving the delicate texture and elegant appearance of suede. It is the ideal solution to keep your suede shoes, jackets, bags, and other items in perfect condition&hellip;","_links":{"self":[{"href":"https:\/\/www.ferberpainting.com\/fi\/wp-json\/wp\/v2\/product\/25339","targetHints":{"allow":["GET"]}}],"collection":[{"href":"https:\/\/www.ferberpainting.com\/fi\/wp-json\/wp\/v2\/product"}],"about":[{"href":"https:\/\/www.ferberpainting.com\/fi\/wp-json\/wp\/v2\/types\/product"}],"replies":[{"embeddable":true,"href":"https:\/\/www.ferberpainting.com\/fi\/wp-json\/wp\/v2\/comments?post=25339"}],"version-history":[{"count":4,"href":"https:\/\/www.ferberpainting.com\/fi\/wp-json\/wp\/v2\/product\/25339\/revisions"}],"predecessor-version":[{"id":167361,"href":"https:\/\/www.ferberpainting.com\/fi\/wp-json\/wp\/v2\/product\/25339\/revisions\/167361"}],"wp:featuredmedia":[{"embeddable":true,"href":"https:\/\/www.ferberpainting.com\/fi\/wp-json\/wp\/v2\/media\/35957"}],"wp:attachment":[{"href":"https:\/\/www.ferberpainting.com\/fi\/wp-json\/wp\/v2\/media?parent=25339"}],"wp:term":[{"taxonomy":"product_brand","embeddable":true,"href":"https:\/\/www.ferberpainting.com\/fi\/wp-json\/wp\/v2\/product_brand?post=25339"},{"taxonomy":"product_cat","embeddable":true,"href":"https:\/\/www.ferberpainting.com\/fi\/wp-json\/wp\/v2\/product_cat?post=25339"},{"taxonomy":"product_tag","embeddable":true,"href":"https:\/\/www.ferberpainting.com\/fi\/wp-json\/wp\/v2\/product_tag?post=25339"}],"curies":[{"name":"wp","href":"https:\/\/api.w.org\/{rel}","templated":true}]}}