{"id":25328,"date":"2025-05-26T10:30:52","date_gmt":"2025-05-26T08:30:52","guid":{"rendered":"https:\/\/www.ferberpainting.com\/products\/strawberry-fertilizer\/"},"modified":"2026-02-16T12:04:18","modified_gmt":"2026-02-16T11:04:18","slug":"strawberry-fertilizer","status":"publish","type":"product","link":"https:\/\/www.ferberpainting.com\/fi\/products\/strawberry-fertilizer\/","title":{"rendered":"Mansikan lannoite 25 kg"},"content":{"rendered":"<p><strong><img decoding=\"async\" style=\"margin-right: 12px;\" src=\"https:\/\/www.ferberpainting.com\/wp-content\/uploads\/2026\/02\/Check.svg\" alt=\"\" width=\"18\" height=\"15\" \/>T\u00e4ydellinen lannoite voimakkaaseen kasvuun ja runsaaseen mansikkatuotantoon. <\/strong>T\u00e4m\u00e4 lannoite on erityisesti suunniteltu antamaan mansikkakasveille kaikki olennaiset ravintoaineet, jotka ovat v\u00e4ltt\u00e4m\u00e4tt\u00f6mi\u00e4 terveelle kehitykselle sek\u00e4 makeiden ja maukkaiden hedelmien tuottamiselle. Tasapainoisen koostumuksensa NPK 10-10-10 ansiosta se sis\u00e4lt\u00e4\u00e4 lehtien ja varsien kasvuun tarvittavaa typpe\u00e4 (N), fosforia (P) vahvan juurtumisen ja runsaan kukinnan edist\u00e4miseksi ja kaliumia (K) hedelmien muodostumisen edist\u00e4miseksi ja mansikoiden laadun parantamiseksi. Varmistamalla s\u00e4\u00e4nn\u00f6llisen ja t\u00e4ydellisen ravinteiden saannin t\u00e4m\u00e4 lannoite takaa terveet mansikkakasvit ja runsaan sadon koko kasvukauden ajan.<\/p>\n<p><strong><img decoding=\"async\" style=\"margin-right: 12px;\" src=\"https:\/\/www.ferberpainting.com\/wp-content\/uploads\/2026\/02\/Check.svg\" alt=\"\" width=\"18\" height=\"15\" \/>Rahat takaisin -takuu.<\/strong>\u00a0Olemme niin varmoja mansikkalannoitteemme tehokkuudesta, ett\u00e4 tarjoamme rahat takaisin -takuun. Jos suositusten mukaisen k\u00e4yt\u00f6n j\u00e4lkeen mansikkakasvisi eiv\u00e4t havaitse havaittavaa parannusta kasvussa, kukinnassa tai hedelm\u00f6ityksess\u00e4, lupaamme palauttaa ostoksesi kokonaisuudessaan. Voit ostaa ja kokeilla sit\u00e4 t\u00e4ysin luottavaisin mielin.<\/p>\n<p><strong><img decoding=\"async\" style=\"margin-right: 12px;\" src=\"https:\/\/www.ferberpainting.com\/wp-content\/uploads\/2026\/02\/Check.svg\" alt=\"\" width=\"18\" height=\"15\" \/>Sopii kaikille mansikkalajikkeille ja erilaisiin kasvuolosuhteisiin.<\/strong>\u00a0T\u00e4m\u00e4 lannoite sopii kaikille mansikkalajikkeille, niin perinteisille kuin hybridilajikkeillekin. Se soveltuu yht\u00e4 hyvin avomaalla, ruukuissa ja kasvihuoneissa viljelt\u00e4ville mansikoille, sill\u00e4 se tarjoaa yleisratkaisun kaikille maalajeille. Se toimii monenlaisilla alustoilla, kuten hiekkaisilla, savisilla, humuspitoisilla tai mansikoille ominaisilla mailla.<\/p>\n<p><strong><img decoding=\"async\" style=\"margin-right: 12px;\" src=\"https:\/\/www.ferberpainting.com\/wp-content\/uploads\/2026\/02\/Check.svg\" alt=\"\" width=\"18\" height=\"15\" \/>Kustannustehokas sato ja pitk\u00e4aikainen lannoitus.<\/strong>\u00a0Koostumuksensa ansiosta t\u00e4m\u00e4 lannoite vapauttaa ravinteet maaper\u00e4\u00e4n v\u00e4hitellen, mik\u00e4 takaa pitk\u00e4aikaisen ja tehokkaan lannoituksen. Yhdell\u00e4 25 kg:n s\u00e4kill\u00e4 voidaan lannoittaa jopa 125 mansikkakasvia, ja suositeltu k\u00e4ytt\u00f6m\u00e4\u00e4r\u00e4 on 200 g mansikkakasvia kohti. T\u00e4m\u00e4 optimoitu sato tarjoaa t\u00e4ydellisen ravinnon useiden viikkojen ajaksi ilman tiheit\u00e4 lis\u00e4yksi\u00e4, mik\u00e4 v\u00e4hent\u00e4\u00e4 puutarhurin ty\u00f6taakkaa ja takaa samalla tasaisen mansikkatuotannon.<\/p>\n<p><strong><img decoding=\"async\" style=\"margin-right: 12px;\" src=\"https:\/\/www.ferberpainting.com\/wp-content\/uploads\/2026\/02\/Check.svg\" alt=\"\" width=\"18\" height=\"15\" \/>Turvallinen ja ymp\u00e4rist\u00f6yst\u00e4v\u00e4llinen lannoite.<\/strong>\u00a0T\u00e4m\u00e4 lannoite on kehitetty ilman voimakkaita kemikaaleja ja vaarantamatta luonnonvaraisia el\u00e4imi\u00e4 ja ymp\u00e4r\u00f6iv\u00e4\u00e4 kasvistoa. Se kunnioittaa maaper\u00e4n luonnollista tasapainoa ja edist\u00e4\u00e4 hy\u00f6dyllisen mikroflooran kehittymist\u00e4, mik\u00e4 parantaa ravinteiden imeytymist\u00e4 juuriin. Se ei aiheuta vaaraa lemmikkiel\u00e4imille tai lapsille, mik\u00e4 takaa turvallisen lannoituksen puutarhallesi tai vihannesalueellesi.<\/p>\n<p><strong><img decoding=\"async\" style=\"margin-right: 12px;\" src=\"https:\/\/www.ferberpainting.com\/wp-content\/uploads\/2026\/02\/Check.svg\" alt=\"\" width=\"18\" height=\"15\" \/>Helppo levitt\u00e4\u00e4 ja lannoittaa ilman vaivaa.<\/strong>\u00a0Toisin kuin nestem\u00e4iset lannoitteet, jotka vaativat laimentamista ja usein tapahtuvaa levitt\u00e4mist\u00e4, t\u00e4m\u00e4 lannoite levitet\u00e4\u00e4n suoraan maaper\u00e4\u00e4n ilman edelt\u00e4v\u00e4\u00e4 valmistelua. Levit\u00e4 se yksinkertaisesti mansikkakasvien juurelle ja sekoita se kevyesti maaper\u00e4\u00e4n, jotta ravinteet vapautuvat v\u00e4hitellen. Sen yksinkertaisen ja nopean levitysmenetelm\u00e4n ansiosta kaikki puutarhurit, jopa aloittelijat, voivat kasvattaa terveit\u00e4 mansikkakasveja vaivattomasti.<\/p>\n<p><strong><img decoding=\"async\" style=\"margin-right: 12px;\" src=\"https:\/\/www.ferberpainting.com\/wp-content\/uploads\/2026\/02\/Check.svg\" alt=\"\" width=\"18\" height=\"15\" \/>Laajennettu toiminta runsaan ja jatkuvan sadon saamiseksi.<\/strong>\u00a0Pitk\u00e4kestoisen vaikutuksensa ansiosta t\u00e4m\u00e4 lannoite ravitsee mansikoita useiden viikkojen ajan, stimuloi niiden kasvua ja edist\u00e4\u00e4 monien makeiden ja maukkaiden hedelmien muodostumista. Se auttaa my\u00f6s vahvistamaan mansikkakasvien vastustuskyky\u00e4 yleisimpi\u00e4 tauteja, kuten h\u00e4rm\u00e4-, h\u00e4rm\u00e4- ja harmaahometta vastaan, ja lis\u00e4\u00e4 samalla niiden sietokyky\u00e4 ilmaston vaihteluita vastaan.<\/p>\n<p><strong><img decoding=\"async\" style=\"margin-right: 12px;\" src=\"https:\/\/www.ferberpainting.com\/wp-content\/uploads\/2026\/02\/Check.svg\" alt=\"\" width=\"18\" height=\"15\" \/>N\u00e4kyvi\u00e4 tuloksia ensimm\u00e4isten viikkojen aikana.<\/strong>\u00a0Lannoite stimuloi uusien lehtien muodostumista heti levitt\u00e4misest\u00e4 l\u00e4htien, tehostaa kukintaa ja edist\u00e4\u00e4 lukuisten kukkien ja hedelmien syntymist\u00e4. Vain muutamassa viikossa mansikoistasi tulee terveempi\u00e4, tuottavampia ja ne tuottavat runsaampia, mehukkaampia ja makeampia hedelmi\u00e4.<\/p>\n<h2><strong>K\u00e4ytt\u00f6protokolla<\/strong><\/h2>\n<p><strong>Hakuaika :<\/strong> Levit\u00e4 kolme kertaa vuodessa: kasvukauden alussa (maalis-huhtikuussa) kasvun edist\u00e4miseksi, kukinnan alussa (touko-kes\u00e4kuussa) hedelm\u00e4ntuotannon edist\u00e4miseksi ja sadonkorjuun j\u00e4lkeen (syyskuussa) kasvien vahvistamiseksi ennen talvea.<\/p>\n<p><strong>Suositeltu annostus :<\/strong> Levit\u00e4 200 g lannoitetta mansikkakasvia kohti, mik\u00e4 vastaa noin yht\u00e4 hyvin t\u00e4ytetty\u00e4 kourallista, ja s\u00e4\u00e4d\u00e4 m\u00e4\u00e4r\u00e4\u00e4 hieman kasvien koon ja elinvoimaisuuden mukaan.<\/p>\n<p><strong>Hakumenetelm\u00e4 :<\/strong><\/p>\n<ul>\n<li><strong>Maaper\u00e4n levi\u00e4minen :<\/strong> Levit\u00e4 lannoite ympyr\u00e4n muotoon jokaisen mansikkakasvin tyven ymp\u00e4rille noin 10-15 cm:n p\u00e4\u00e4h\u00e4n tyvest\u00e4, jotta lannoite ei p\u00e4\u00e4se suoraan kosketuksiin juurien kanssa ja jotta se imeytyy v\u00e4hitellen.<\/li>\n<li><strong>Valon sis\u00e4llytt\u00e4minen :<\/strong> Haravoi tai kynnell\u00e4 lannoite kevyesti maan pintaan (2-5 cm syvyyteen), jotta se integroituu paremmin ja ei p\u00e4\u00e4se huuhtoutumaan pois kastelun vaikutuksesta.<\/li>\n<\/ul>\n<p><strong>Kastelu levityksen j\u00e4lkeen :<\/strong> Kastele runsaasti levityksen j\u00e4lkeen, jotta ravinteiden vapautuminen aktivoituu ja juuret voivat imeyty\u00e4 mahdollisimman hyvin.<\/p>\n<p><strong>Huolto ja seuranta :<\/strong> Tarkkaile maan kosteutta tuotantokauden aikana ja pid\u00e4 yll\u00e4 s\u00e4\u00e4nn\u00f6llist\u00e4 kastelua, jotta lannoitteiden teho olisi mahdollisimman hyv\u00e4 ja jotta v\u00e4ltytt\u00e4isiin mansikan tuotantoon vaikuttavalta vesistressilt\u00e4.<\/p>\n<p><strong>Varotoimenpiteet k\u00e4ytt\u00f6\u00e4 varten :<\/strong> Lannoitetta ei saa annostella liikaa, jotta v\u00e4ltet\u00e4\u00e4n liika typpi, joka voi johtaa liialliseen lehtien kasvuun hedelmien tuotannon kustannuksella. \u00c4l\u00e4 levit\u00e4 j\u00e4\u00e4tyneeseen maahan tai \u00e4\u00e4rimm\u00e4isen kuivuuden aikana ilman lis\u00e4kastelua.<\/p>\n<p><strong>Varastointi ja s\u00e4ilytys :<\/strong> S\u00e4ilyt\u00e4 lannoitetta kuivassa, viile\u00e4ss\u00e4 paikassa, kosteudelta ja auringonvalolta suojattuna. Sulje pussi tiiviisti jokaisen k\u00e4ytt\u00f6kerran j\u00e4lkeen tuotteen laadun s\u00e4ilytt\u00e4miseksi ja pilaantumisen est\u00e4miseksi.<\/p>\n<p>T\u00e4ll\u00e4 mansikkalannoitteella annat kasveillesi t\u00e4ydellisen ja t\u00e4ydellisesti niiden erityistarpeisiin mukautetun ravinnon, joka takaa voimakkaan kasvun, runsaan kukinnan ja poikkeuksellisen hyv\u00e4nmakuisten mansikoiden sadon. Se on ihanteellinen ratkaisu terveisiin mansikkakasveihin ja anteliaaseen puutarhaan koko kauden ajan.<\/p>","protected":false},"excerpt":{"rendered":"<p>A complete fertilizer for vigorous growth and abundant strawberry production. This fertilizer is specially formulated to provide strawberry plants with all the essential nutrients for healthy development and the production of sweet and flavorful fruits. Thanks to its balanced composition NPK 10-10-10, it provides nitrogen (N) necessary for the growth of foliage and stems, phosphorus [&hellip;]<\/p>\n","protected":false},"featured_media":27192,"comment_status":"open","ping_status":"closed","template":"","meta":{"_uag_custom_page_level_css":"","site-sidebar-layout":"default","site-content-layout":"","ast-site-content-layout":"default","site-content-style":"default","site-sidebar-style":"default","ast-global-header-display":"","ast-banner-title-visibility":"","ast-main-header-display":"","ast-hfb-above-header-display":"","ast-hfb-below-header-display":"","ast-hfb-mobile-header-display":"","site-post-title":"","ast-breadcrumbs-content":"","ast-featured-img":"","footer-sml-layout":"","ast-disable-related-posts":"","theme-transparent-header-meta":"default","adv-header-id-meta":"","stick-header-meta":"","header-above-stick-meta":"","header-main-stick-meta":"","header-below-stick-meta":"","astra-migrate-meta-layouts":"set","ast-page-background-enabled":"default","ast-page-background-meta":{"desktop":{"background-color":"var(--ast-global-color-4)","background-image":"","background-repeat":"repeat","background-position":"center center","background-size":"auto","background-attachment":"scroll","background-type":"","background-media":"","overlay-type":"","overlay-color":"","overlay-opacity":"","overlay-gradient":""},"tablet":{"background-color":"","background-image":"","background-repeat":"repeat","background-position":"center center","background-size":"auto","background-attachment":"scroll","background-type":"","background-media":"","overlay-type":"","overlay-color":"","overlay-opacity":"","overlay-gradient":""},"mobile":{"background-color":"","background-image":"","background-repeat":"repeat","background-position":"center center","background-size":"auto","background-attachment":"scroll","background-type":"","background-media":"","overlay-type":"","overlay-color":"","overlay-opacity":"","overlay-gradient":""}},"ast-content-background-meta":{"desktop":{"background-color":"var(--ast-global-color-5)","background-image":"","background-repeat":"repeat","background-position":"center center","background-size":"auto","background-attachment":"scroll","background-type":"","background-media":"","overlay-type":"","overlay-color":"","overlay-opacity":"","overlay-gradient":""},"tablet":{"background-color":"var(--ast-global-color-5)","background-image":"","background-repeat":"repeat","background-position":"center center","background-size":"auto","background-attachment":"scroll","background-type":"","background-media":"","overlay-type":"","overlay-color":"","overlay-opacity":"","overlay-gradient":""},"mobile":{"background-color":"var(--ast-global-color-5)","background-image":"","background-repeat":"repeat","background-position":"center center","background-size":"auto","background-attachment":"scroll","background-type":"","background-media":"","overlay-type":"","overlay-color":"","overlay-opacity":"","overlay-gradient":""}}},"product_brand":[],"product_cat":[178],"product_tag":[],"class_list":{"0":"post-25328","1":"product","2":"type-product","3":"status-publish","4":"has-post-thumbnail","6":"product_cat-fertilizers","7":"desktop-align-left","8":"tablet-align-left","9":"mobile-align-left","11":"first","12":"instock","13":"taxable","14":"shipping-taxable","15":"purchasable","16":"product-type-simple"},"spectra_custom_meta":{"_visibility":["visible"],"_shopify_product_id":["9066746446069"],"_s2w_shopify_domain":["ferberpainting.myshopify.com"],"_shopify_variant_id":["46504761852149"],"_sku":["FPSTRAWBERRYFERTILIZER25KG"],"_regular_price":["39.90"],"_price":["39.90"],"_sale_price":[""],"_weight":["18.5"],"_thumbnail_id":["27192"],"_global_unique_id":["5056773817265"],"total_sales":["3"],"_tax_status":["taxable"],"_tax_class":[""],"_manage_stock":["no"],"_backorders":["no"],"_sold_individually":["no"],"_virtual":["no"],"_downloadable":["no"],"_download_limit":["-1"],"_download_expiry":["-1"],"_stock":[null],"_stock_status":["instock"],"_wc_average_rating":["4.75"],"_wc_review_count":["4"],"_product_version":["10.5.1"],"_wc_rating_count":["a:2:{i:4;i:1;i:5;i:3;}"],"_edit_lock":["1771239758:1"],"_edit_last":["1"],"_wp_page_template":["default"],"site-sidebar-layout":["default"],"ast-site-content-layout":["default"],"site-content-style":["default"],"site-sidebar-style":["default"],"theme-transparent-header-meta":["default"],"astra-migrate-meta-layouts":["set"],"_uag_css_file_name":["uag-css-25328.css"],"_elementor_page_assets":["a:0:{}"]},"uagb_featured_image_src":{"full":["https:\/\/www.ferberpainting.com\/wp-content\/uploads\/2025\/05\/StrawberryFertilizer25kg.png",2560,2560,false],"thumbnail":["https:\/\/www.ferberpainting.com\/wp-content\/uploads\/2025\/05\/StrawberryFertilizer25kg-150x150.png",150,150,true],"medium":["https:\/\/www.ferberpainting.com\/wp-content\/uploads\/2025\/05\/StrawberryFertilizer25kg-300x300.png",300,300,true],"medium_large":["https:\/\/www.ferberpainting.com\/wp-content\/uploads\/2025\/05\/StrawberryFertilizer25kg-768x768.png",768,768,true],"large":["https:\/\/www.ferberpainting.com\/wp-content\/uploads\/2025\/05\/StrawberryFertilizer25kg-1024x1024.png",1024,1024,true],"1536x1536":["https:\/\/www.ferberpainting.com\/wp-content\/uploads\/2025\/05\/StrawberryFertilizer25kg-1536x1536.png",1536,1536,true],"2048x2048":["https:\/\/www.ferberpainting.com\/wp-content\/uploads\/2025\/05\/StrawberryFertilizer25kg-2048x2048.png",2048,2048,true],"trp-custom-language-flag":["https:\/\/www.ferberpainting.com\/wp-content\/uploads\/2025\/05\/StrawberryFertilizer25kg-12x12.png",12,12,true],"woocommerce_thumbnail":["https:\/\/www.ferberpainting.com\/wp-content\/uploads\/2025\/05\/StrawberryFertilizer25kg-300x300.png",300,300,true],"woocommerce_single":["https:\/\/www.ferberpainting.com\/wp-content\/uploads\/2025\/05\/StrawberryFertilizer25kg-600x600.png",600,600,true],"woocommerce_gallery_thumbnail":["https:\/\/www.ferberpainting.com\/wp-content\/uploads\/2025\/05\/StrawberryFertilizer25kg-100x100.png",100,100,true]},"uagb_author_info":{"display_name":"admin","author_link":"https:\/\/www.ferberpainting.com\/fi\/author\/"},"uagb_comment_info":4,"uagb_excerpt":"A complete fertilizer for vigorous growth and abundant strawberry production. This fertilizer is specially formulated to provide strawberry plants with all the essential nutrients for healthy development and the production of sweet and flavorful fruits. Thanks to its balanced composition NPK 10-10-10, it provides nitrogen (N) necessary for the growth of foliage and stems, phosphorus&hellip;","_links":{"self":[{"href":"https:\/\/www.ferberpainting.com\/fi\/wp-json\/wp\/v2\/product\/25328","targetHints":{"allow":["GET"]}}],"collection":[{"href":"https:\/\/www.ferberpainting.com\/fi\/wp-json\/wp\/v2\/product"}],"about":[{"href":"https:\/\/www.ferberpainting.com\/fi\/wp-json\/wp\/v2\/types\/product"}],"replies":[{"embeddable":true,"href":"https:\/\/www.ferberpainting.com\/fi\/wp-json\/wp\/v2\/comments?post=25328"}],"version-history":[{"count":4,"href":"https:\/\/www.ferberpainting.com\/fi\/wp-json\/wp\/v2\/product\/25328\/revisions"}],"predecessor-version":[{"id":167348,"href":"https:\/\/www.ferberpainting.com\/fi\/wp-json\/wp\/v2\/product\/25328\/revisions\/167348"}],"wp:featuredmedia":[{"embeddable":true,"href":"https:\/\/www.ferberpainting.com\/fi\/wp-json\/wp\/v2\/media\/27192"}],"wp:attachment":[{"href":"https:\/\/www.ferberpainting.com\/fi\/wp-json\/wp\/v2\/media?parent=25328"}],"wp:term":[{"taxonomy":"product_brand","embeddable":true,"href":"https:\/\/www.ferberpainting.com\/fi\/wp-json\/wp\/v2\/product_brand?post=25328"},{"taxonomy":"product_cat","embeddable":true,"href":"https:\/\/www.ferberpainting.com\/fi\/wp-json\/wp\/v2\/product_cat?post=25328"},{"taxonomy":"product_tag","embeddable":true,"href":"https:\/\/www.ferberpainting.com\/fi\/wp-json\/wp\/v2\/product_tag?post=25328"}],"curies":[{"name":"wp","href":"https:\/\/api.w.org\/{rel}","templated":true}]}}