{"id":25321,"date":"2025-06-30T21:02:36","date_gmt":"2025-06-30T19:02:36","guid":{"rendered":"https:\/\/www.ferberpainting.com\/?post_type=product&#038;p=25321"},"modified":"2026-02-16T11:58:11","modified_gmt":"2026-02-16T10:58:11","slug":"stone-and-marble-water-repellent","status":"publish","type":"product","link":"https:\/\/www.ferberpainting.com\/fi\/products\/stone-and-marble-water-repellent\/","title":{"rendered":"Vett\u00e4 hylkiv\u00e4 kivelle ja marmorille"},"content":{"rendered":"<p><strong><img decoding=\"async\" style=\"margin-right: 12px;\" src=\"https:\/\/www.ferberpainting.com\/wp-content\/uploads\/2026\/02\/Check.svg\" alt=\"\" width=\"18\" height=\"15\" \/>Optimaalinen kosteussuojaus.<\/strong>\u00a0Kiven ja marmorin vedenpit\u00e4v\u00e4 suoja-aine on suunniteltu erityisesti tarjoamaan pitk\u00e4aikainen suoja kosteutta, veden tunkeutumista ja tahroja vastaan s\u00e4ilytt\u00e4en samalla kivi- tai marmoripintojen luonnollisen kauneuden. Se muodostaa n\u00e4kym\u00e4tt\u00f6m\u00e4n esteen, joka est\u00e4\u00e4 veden ja nesteiden tunkeutumisen ja antaa materiaalin hengitt\u00e4\u00e4. T\u00e4m\u00e4 tuote on ihanteellinen sek\u00e4 ulko- ett\u00e4 sis\u00e4k\u00e4ytt\u00f6\u00f6n, ja se s\u00e4ilytt\u00e4\u00e4 pintojesi eheyden ja ulkon\u00e4\u00f6n.<\/p>\n<p><strong><img decoding=\"async\" style=\"margin-right: 12px;\" src=\"https:\/\/www.ferberpainting.com\/wp-content\/uploads\/2026\/02\/Check.svg\" alt=\"\" width=\"18\" height=\"15\" \/>Rahat takaisin -takuu.<\/strong>\u00a0Luotamme tuotteemme suorituskykyyn, mink\u00e4 vuoksi tarjoamme tyytyv\u00e4isyys- tai palautustakuun. Jos et jostain syyst\u00e4 ole t\u00e4ysin tyytyv\u00e4inen kiven ja marmorin vedenpit\u00e4v\u00e4\u00e4n aineeseen, voit saada t\u00e4yden hyvityksen. T\u00e4m\u00e4n takuun ansiosta voit ostaa tuotteemme luottavaisin mielin ja testata sit\u00e4 riskitt\u00f6m\u00e4sti.<\/p>\n<p><strong><img decoding=\"async\" style=\"margin-right: 12px;\" src=\"https:\/\/www.ferberpainting.com\/wp-content\/uploads\/2026\/02\/Check.svg\" alt=\"\" width=\"18\" height=\"15\" \/>Yhteensopivuus usean pinnan kanssa.<\/strong>\u00a0Vaikka vedenpit\u00e4v\u00e4 aine on ensisijaisesti suunniteltu kivi- ja marmoripinnoille, se on yhteensopiva my\u00f6s muiden materiaalien, kuten betonin, sementin, laastin ja muiden muurausmateriaalien kanssa. Suojaatpa sitten kylpyhuoneen marmorilattiaa tai luonnonkivijulkisivua, tuote mukautuu erilaisiin pintatyyppeihin varmistaen samalla maksimaalisen tehokkuuden.<\/p>\n<p><strong><img decoding=\"async\" style=\"margin-right: 12px;\" src=\"https:\/\/www.ferberpainting.com\/wp-content\/uploads\/2026\/02\/Check.svg\" alt=\"\" width=\"18\" height=\"15\" \/>Taloudellinen suorituskyky.<\/strong>\u00a0Kiven ja marmorin vedeneristeen peittokyky on 6-10 m\u00b2 litraa kohden, joten se on eritt\u00e4in taloudellinen. Viiden litran s\u00e4ili\u00f6ll\u00e4 voidaan k\u00e4sitell\u00e4 30-50 m\u00b2:n pinta-ala, joten se on ihanteellinen ratkaisu suuriin hankkeisiin. Sen lis\u00e4ksi, ett\u00e4 saat pitk\u00e4kestoisen suojan, saat my\u00f6s erinomaista vastinetta rahalle.<\/p>\n<p><strong><img decoding=\"async\" style=\"margin-right: 12px;\" src=\"https:\/\/www.ferberpainting.com\/wp-content\/uploads\/2026\/02\/Check.svg\" alt=\"\" width=\"18\" height=\"15\" \/>Turvallinen k\u00e4ytt\u00e4\u00e4.<\/strong>\u00a0Kiven ja marmorin vedenpit\u00e4v\u00e4 aine on suunniteltu niin, ett\u00e4 se on turvallinen k\u00e4yt\u00f6ss\u00e4. Sen erityisesti kehitetty kaava ei sis\u00e4ll\u00e4 myrkyllisi\u00e4 tai aggressiivisia aineita. Siksi sit\u00e4 voidaan k\u00e4ytt\u00e4\u00e4 luottavaisin mielin sek\u00e4 sis\u00e4- ett\u00e4 ulkotiloissa, my\u00f6s suljetuissa tiloissa, kuten olohuoneissa, keitti\u00f6iss\u00e4 tai kylpyhuoneissa. Se ei tuota haitallisia h\u00f6yryj\u00e4 eik\u00e4 aiheuta vaaraa terveydelle, kun sit\u00e4 k\u00e4ytet\u00e4\u00e4n ohjeiden mukaisesti.<\/p>\n<p><strong><img decoding=\"async\" style=\"margin-right: 12px;\" src=\"https:\/\/www.ferberpainting.com\/wp-content\/uploads\/2026\/02\/Check.svg\" alt=\"\" width=\"18\" height=\"15\" \/>Helppo k\u00e4ytt\u00e4\u00e4.<\/strong>\u00a0T\u00e4m\u00e4 tuote on k\u00e4ytt\u00f6valmis ja eritt\u00e4in helppo levitt\u00e4\u00e4. Mit\u00e4\u00e4n monimutkaista valmistelua tai laimentamista ei tarvita. Voit levitt\u00e4\u00e4 kiven ja marmorin vedeneristeen suoraan pinnalle ruiskulla, siveltimell\u00e4 tai telalla pinnan koosta ja mieltymyksist\u00e4si riippuen. Sen juokseva ja kevyt koostumus takaa tasaisen ja vaivattoman levityksen, joten se sopii erinomaisesti sek\u00e4 tee-se-itse-rakentajille ett\u00e4 ammattilaisille.<\/p>\n<p><strong><img decoding=\"async\" style=\"margin-right: 12px;\" src=\"https:\/\/www.ferberpainting.com\/wp-content\/uploads\/2026\/02\/Check.svg\" alt=\"\" width=\"18\" height=\"15\" \/>Poikkeuksellinen kest\u00e4vyys.<\/strong>\u00a0Kiven ja marmorin vedeneriste on suunniteltu tarjoamaan pitk\u00e4aikainen suoja. Kun se on levitetty, se luo suojakerroksen, joka kest\u00e4\u00e4 s\u00e4\u00e4n, l\u00e4mp\u00f6tilanvaihtelujen, tahrojen ja kosteuden. T\u00e4m\u00e4 suoja kest\u00e4\u00e4 vuosia altistumisolosuhteista riippuen. Tuote tunkeutuu syv\u00e4lle ja suojaa tehokkaasti muuttamatta marmorin tai kiven luonnollista ulkon\u00e4k\u00f6\u00e4.<\/p>\n<p><strong><img decoding=\"async\" style=\"margin-right: 12px;\" src=\"https:\/\/www.ferberpainting.com\/wp-content\/uploads\/2026\/02\/Check.svg\" alt=\"\" width=\"18\" height=\"15\" \/>Nopea levitys ja kuivuminen.<\/strong>\u00a0T\u00e4m\u00e4 tuote on nopea levitt\u00e4\u00e4, mutta se my\u00f6s kuivuu melko nopeasti. Kiven ja marmorin vedenpit\u00e4v\u00e4 aine kuivuu kosketeltavan tuntuiseksi 1-2 tunnissa, ja sen on suositeltavaa antaa kuivua kokonaan noin 24 tuntia ennen kuin k\u00e4sitellyt pinnat otetaan uudelleen k\u00e4ytt\u00f6\u00f6n. T\u00e4m\u00e4 nopea kuivumisaika mahdollistaa tehokkaan ty\u00f6skentelyn ja v\u00e4hent\u00e4\u00e4 seisokkiaikaa levityksen ja k\u00e4siteltyjen pintojen k\u00e4yt\u00f6n v\u00e4lill\u00e4.<\/p>\n<h2><strong>K\u00e4ytt\u00f6protokolla<\/strong><\/h2>\n<ul>\n<li><strong>Pinnan valmistelu <\/strong>: Varmista ennen kiven ja marmorin vedeneristeen levitt\u00e4mist\u00e4, ett\u00e4 pinta on puhdas, kuiva ja vapaa p\u00f6lyst\u00e4, liasta, homeesta tai muista ep\u00e4puhtauksista. Jos pinta on likainen, puhdista se sopivalla puhdistusaineella ja anna sen kuivua ennen vedeneristeen levitt\u00e4mist\u00e4. Sitke\u00e4t tahrat voidaan poistaa miedolla pesuaineella.<\/li>\n<li><strong>Tuotesovellus <\/strong>: Kiven ja marmorin vedeneriste on k\u00e4ytt\u00f6valmis, joten sit\u00e4 ei tarvitse laimentaa. Levit\u00e4 se suoraan pinnalle ruiskulla, siveltimell\u00e4 tai telalla. Optimaalisen tuloksen saavuttamiseksi varmista, ett\u00e4 peit\u00e4t koko pinnan. Jos ty\u00f6st\u00e4t suurta pintaa, voi olla viisasta k\u00e4sitell\u00e4 se osissa, jotta tuote ei kuivu liian nopeasti ennen tasaista levitt\u00e4mist\u00e4.<\/li>\n<li><strong>K\u00e4ytett\u00e4v\u00e4 m\u00e4\u00e4r\u00e4 <\/strong>: Keskim\u00e4\u00e4r\u00e4inen saanto on noin 6-10 m\u00b2 litraa kohti, riippuen materiaalin huokoisuudesta. Viiden litran s\u00e4ili\u00f6 riitt\u00e4\u00e4 noin 30-50 m\u00b2:n k\u00e4sittelyyn. T\u00e4m\u00e4 tekee siit\u00e4 eritt\u00e4in taloudellisen tuotteen suuriin hankkeisiin.<\/li>\n<li><strong>Kuivumisaika <\/strong>: Levitt\u00e4misen j\u00e4lkeen tuote kuivuu kosketeltavan tuntuiseksi noin 1 - 2 tunnissa. Optimaalisen suojan varmistamiseksi on kuitenkin suositeltavaa antaa sen kuivua kokonaan 24 tuntia. T\u00e4m\u00e4n kuivumisjakson aikana on v\u00e4ltett\u00e4v\u00e4 altistamasta pintaa kosteudelle tai vedelle, jotta hydrofobinen este voi muodostua kunnolla.<\/li>\n<li><strong>Uudelleenhakemus <\/strong>: Pinnoille, jotka ovat eritt\u00e4in alttiita tai jotka sijaitsevat alueilla, joissa on korkea kosteus, voidaan harkita uudelleenk\u00e4sittely\u00e4 muutaman vuoden kuluttua. Varmista, ett\u00e4 pinta puhdistetaan perusteellisesti ennen uudelleenk\u00e4sittely\u00e4, jotta kaikki lika tai j\u00e4\u00e4m\u00e4t, jotka voivat est\u00e4\u00e4 tuotteen kiinnittymisen, voidaan poistaa. Levit\u00e4 sitten uusi kerros vedenpit\u00e4v\u00e4\u00e4 ainetta, jotta suojaus jatkuu.<\/li>\n<li><strong>K\u00e4sitellyn pinnan kunnossapito <\/strong>: Kun tuote on levitetty, pinta kest\u00e4\u00e4 kosteutta, tahroja ja veden tunkeutumista. Voit yll\u00e4pit\u00e4\u00e4 kivi- tai marmoripintojasi yksinkertaisesti puhdistamalla ne s\u00e4\u00e4nn\u00f6llisesti kirkkaalla vedell\u00e4 ja pehme\u00e4ll\u00e4 liinalla. Ei ole suositeltavaa k\u00e4ytt\u00e4\u00e4 happamia tai hankaavia tuotteita, sill\u00e4 ne voivat vahingoittaa suojakerrosta ja vaikuttaa materiaalin ulkon\u00e4k\u00f6\u00f6n.<\/li>\n<\/ul>","protected":false},"excerpt":{"rendered":"<p>Optimal moisture protection.\u00a0The stone and marble waterproofer is specially designed to provide long-lasting protection against moisture, water infiltration, and stains, while preserving the natural beauty of your stone or marble surfaces. It forms an invisible barrier that prevents water and liquids from penetrating while allowing the material to breathe. Ideal for both outdoor and indoor [&hellip;]<\/p>\n","protected":false},"featured_media":35938,"comment_status":"open","ping_status":"closed","template":"","meta":{"_uag_custom_page_level_css":"","site-sidebar-layout":"default","site-content-layout":"","ast-site-content-layout":"default","site-content-style":"default","site-sidebar-style":"default","ast-global-header-display":"","ast-banner-title-visibility":"","ast-main-header-display":"","ast-hfb-above-header-display":"","ast-hfb-below-header-display":"","ast-hfb-mobile-header-display":"","site-post-title":"","ast-breadcrumbs-content":"","ast-featured-img":"","footer-sml-layout":"","ast-disable-related-posts":"","theme-transparent-header-meta":"default","adv-header-id-meta":"","stick-header-meta":"","header-above-stick-meta":"","header-main-stick-meta":"","header-below-stick-meta":"","astra-migrate-meta-layouts":"set","ast-page-background-enabled":"default","ast-page-background-meta":{"desktop":{"background-color":"var(--ast-global-color-4)","background-image":"","background-repeat":"repeat","background-position":"center center","background-size":"auto","background-attachment":"scroll","background-type":"","background-media":"","overlay-type":"","overlay-color":"","overlay-opacity":"","overlay-gradient":""},"tablet":{"background-color":"","background-image":"","background-repeat":"repeat","background-position":"center center","background-size":"auto","background-attachment":"scroll","background-type":"","background-media":"","overlay-type":"","overlay-color":"","overlay-opacity":"","overlay-gradient":""},"mobile":{"background-color":"","background-image":"","background-repeat":"repeat","background-position":"center center","background-size":"auto","background-attachment":"scroll","background-type":"","background-media":"","overlay-type":"","overlay-color":"","overlay-opacity":"","overlay-gradient":""}},"ast-content-background-meta":{"desktop":{"background-color":"var(--ast-global-color-5)","background-image":"","background-repeat":"repeat","background-position":"center center","background-size":"auto","background-attachment":"scroll","background-type":"","background-media":"","overlay-type":"","overlay-color":"","overlay-opacity":"","overlay-gradient":""},"tablet":{"background-color":"var(--ast-global-color-5)","background-image":"","background-repeat":"repeat","background-position":"center center","background-size":"auto","background-attachment":"scroll","background-type":"","background-media":"","overlay-type":"","overlay-color":"","overlay-opacity":"","overlay-gradient":""},"mobile":{"background-color":"var(--ast-global-color-5)","background-image":"","background-repeat":"repeat","background-position":"center center","background-size":"auto","background-attachment":"scroll","background-type":"","background-media":"","overlay-type":"","overlay-color":"","overlay-opacity":"","overlay-gradient":""}}},"product_brand":[],"product_cat":[191],"product_tag":[],"class_list":{"0":"post-25321","1":"product","2":"type-product","3":"status-publish","4":"has-post-thumbnail","6":"product_cat-water-repellent","7":"desktop-align-left","8":"tablet-align-left","9":"mobile-align-left","11":"first","12":"instock","13":"sale","14":"shipping-taxable","15":"purchasable","16":"product-type-variable","17":"has-default-attributes"},"spectra_custom_meta":{"_visibility":["visible"],"_shopify_product_id":["9106658263285"],"_s2w_shopify_domain":["ferberpainting.myshopify.com"],"_shopify_variant_id":["46626416394485"],"_sku":[""],"_manage_stock":["no"],"total_sales":["107"],"_tax_status":["taxable"],"_tax_class":[""],"_backorders":["no"],"_sold_individually":["no"],"_virtual":["no"],"_downloadable":["no"],"_download_limit":["-1"],"_download_expiry":["-1"],"_stock":[null],"_stock_status":["instock"],"_wc_average_rating":["5.00"],"_wc_review_count":["29"],"_product_attributes":["a:1:{s:6:\"volume\";a:6:{s:4:\"name\";s:6:\"Volume\";s:5:\"value\";s:20:\"5 liters | 25 liters\";s:8:\"position\";i:1;s:10:\"is_visible\";i:0;s:12:\"is_variation\";i:1;s:11:\"is_taxonomy\";i:0;}}"],"_product_version":["10.5.1"],"wpse_downloadable_file_names":[""],"wpse_downloadable_file_urls":[""],"_edit_last":["1"],"_default_attributes":["a:1:{s:6:\"volume\";s:8:\"5 liters\";}"],"_edit_lock":["1771239352:1"],"_price":["29.90","129.90"],"merchant-center-availability":["yes"],"merchant-center-category":["503738"],"_thumbnail_id":["35938"],"_wp_page_template":["default"],"_wp_old_date":["2025-05-26"],"_product_image_gallery":["35939"],"site-sidebar-layout":["default"],"ast-site-content-layout":["default"],"site-content-style":["default"],"site-sidebar-style":["default"],"theme-transparent-header-meta":["default"],"_wc_rating_count":["a:1:{i:5;i:29;}"],"astra-migrate-meta-layouts":["set"],"_uag_css_file_name":["uag-css-25321.css"],"_elementor_page_assets":["a:0:{}"],"_uag_page_assets":["a:9:{s:3:\"css\";s:6873:\".wp-block-uagb-image{display:flex}.wp-block-uagb-image__figure{position:relative;display:flex;flex-direction:column;max-width:100%;height:auto;margin:0}.wp-block-uagb-image__figure img{height:auto;display:flex;max-width:100%;transition:box-shadow .2s ease}.wp-block-uagb-image__figure>a{display:inline-block}.wp-block-uagb-image__figure figcaption{text-align:center;margin-top:.5em;margin-bottom:1em}.wp-block-uagb-image .components-placeholder.block-editor-media-placeholder .components-placeholder__instructions{align-self:center}.wp-block-uagb-image--align-left{text-align:left}.wp-block-uagb-image--align-right{text-align:right}.wp-block-uagb-image--align-center{text-align:center}.wp-block-uagb-image--align-full .wp-block-uagb-image__figure{margin-left:calc(50% - 50vw);margin-right:calc(50% - 50vw);max-width:100vw;width:100vw;height:auto}.wp-block-uagb-image--align-full .wp-block-uagb-image__figure img{height:auto;width:100% !important}.wp-block-uagb-image--align-wide .wp-block-uagb-image__figure img{height:auto;width:100%}.wp-block-uagb-image--layout-overlay__color-wrapper{position:absolute;left:0;top:0;right:0;bottom:0;opacity:.2;background:rgba(0,0,0,.5);transition:opacity .35s ease-in-out}.wp-block-uagb-image--layout-overlay-link{position:absolute;left:0;right:0;bottom:0;top:0}.wp-block-uagb-image--layout-overlay .wp-block-uagb-image__figure:hover .wp-block-uagb-image--layout-overlay__color-wrapper{opacity:1}.wp-block-uagb-image--layout-overlay__inner{position:absolute;left:15px;right:15px;bottom:15px;top:15px;display:flex;align-items:center;justify-content:center;flex-direction:column;border-color:#fff;transition:.35s ease-in-out}.wp-block-uagb-image--layout-overlay__inner.top-left,.wp-block-uagb-image--layout-overlay__inner.top-center,.wp-block-uagb-image--layout-overlay__inner.top-right{justify-content:flex-start}.wp-block-uagb-image--layout-overlay__inner.bottom-left,.wp-block-uagb-image--layout-overlay__inner.bottom-center,.wp-block-uagb-image--layout-overlay__inner.bottom-right{justify-content:flex-end}.wp-block-uagb-image--layout-overlay__inner.top-left,.wp-block-uagb-image--layout-overlay__inner.center-left,.wp-block-uagb-image--layout-overlay__inner.bottom-left{align-items:flex-start}.wp-block-uagb-image--layout-overlay__inner.top-right,.wp-block-uagb-image--layout-overlay__inner.center-right,.wp-block-uagb-image--layout-overlay__inner.bottom-right{align-items:flex-end}.wp-block-uagb-image--layout-overlay__inner .uagb-image-heading{color:#fff;transition:transform .35s,opacity .35s ease-in-out;transform:translate3d(0, 24px, 0);margin:0;line-height:1em}.wp-block-uagb-image--layout-overlay__inner .uagb-image-separator{width:30%;border-top-width:2px;border-top-color:#fff;border-top-style:solid;margin-bottom:10px;opacity:0;transition:transform .4s,opacity .4s ease-in-out;transform:translate3d(0, 30px, 0)}.wp-block-uagb-image--layout-overlay__inner .uagb-image-caption{opacity:0;overflow:visible;color:#fff;transition:transform .45s,opacity .45s ease-in-out;transform:translate3d(0, 35px, 0)}.wp-block-uagb-image--layout-overlay__inner:hover .uagb-image-heading,.wp-block-uagb-image--layout-overlay__inner:hover .uagb-image-separator,.wp-block-uagb-image--layout-overlay__inner:hover .uagb-image-caption{opacity:1;transform:translate3d(0, 0, 0)}.wp-block-uagb-image--effect-zoomin .wp-block-uagb-image__figure img,.wp-block-uagb-image--effect-zoomin .wp-block-uagb-image__figure .wp-block-uagb-image--layout-overlay__color-wrapper{transform:scale(1);transition:transform .35s ease-in-out}.wp-block-uagb-image--effect-zoomin .wp-block-uagb-image__figure:hover img,.wp-block-uagb-image--effect-zoomin .wp-block-uagb-image__figure:hover .wp-block-uagb-image--layout-overlay__color-wrapper{transform:scale(1.05)}.wp-block-uagb-image--effect-slide .wp-block-uagb-image__figure img,.wp-block-uagb-image--effect-slide .wp-block-uagb-image__figure .wp-block-uagb-image--layout-overlay__color-wrapper{width:calc(100% + 40px) !important;max-width:none !important;transform:translate3d(-40px, 0, 0);transition:transform .35s ease-in-out}.wp-block-uagb-image--effect-slide .wp-block-uagb-image__figure:hover img,.wp-block-uagb-image--effect-slide .wp-block-uagb-image__figure:hover .wp-block-uagb-image--layout-overlay__color-wrapper{transform:translate3d(0, 0, 0)}.wp-block-uagb-image--effect-grayscale img{filter:grayscale(0%);transition:.35s ease-in-out}.wp-block-uagb-image--effect-grayscale:hover img{filter:grayscale(100%)}.wp-block-uagb-image--effect-blur img{filter:blur(0);transition:.35s ease-in-out}.wp-block-uagb-image--effect-blur:hover img{filter:blur(3px)}.uagb-block-e6f939b3.wp-block-uagb-image--layout-default figure img{box-shadow: 0px 0px 0 #00000070;}.uagb-block-e6f939b3.wp-block-uagb-image .wp-block-uagb-image__figure figcaption{font-style: normal;align-self: center;}.uagb-block-e6f939b3.wp-block-uagb-image--layout-overlay figure img{box-shadow: 0px 0px 0 #00000070;}.uagb-block-e6f939b3.wp-block-uagb-image--layout-overlay .wp-block-uagb-image--layout-overlay__color-wrapper{opacity: 0.2;}.uagb-block-e6f939b3.wp-block-uagb-image--layout-overlay .wp-block-uagb-image--layout-overlay__inner{left: 15px;right: 15px;top: 15px;bottom: 15px;}.uagb-block-e6f939b3.wp-block-uagb-image--layout-overlay .wp-block-uagb-image--layout-overlay__inner .uagb-image-heading{font-style: normal;color: #fff;opacity: 1;}.uagb-block-e6f939b3.wp-block-uagb-image--layout-overlay .wp-block-uagb-image--layout-overlay__inner .uagb-image-heading a{color: #fff;}.uagb-block-e6f939b3.wp-block-uagb-image--layout-overlay .wp-block-uagb-image--layout-overlay__inner .uagb-image-caption{opacity: 0;}.uagb-block-e6f939b3.wp-block-uagb-image--layout-overlay .wp-block-uagb-image__figure:hover .wp-block-uagb-image--layout-overlay__color-wrapper{opacity: 1;}.uagb-block-e6f939b3.wp-block-uagb-image .wp-block-uagb-image--layout-overlay__inner .uagb-image-separator{width: 30%;border-top-width: 2px;border-top-color: #fff;opacity: 0;}.uagb-block-e6f939b3.wp-block-uagb-image .wp-block-uagb-image__figure img{width: px;height: auto;}.uagb-block-e6f939b3.wp-block-uagb-image .wp-block-uagb-image__figure:hover .wp-block-uagb-image--layout-overlay__inner .uagb-image-caption{opacity: 1;}.uagb-block-e6f939b3.wp-block-uagb-image .wp-block-uagb-image__figure:hover .wp-block-uagb-image--layout-overlay__inner .uagb-image-separator{opacity: 1;}.uagb-block-e6f939b3.wp-block-uagb-image--layout-default figure:hover img{box-shadow: 0px 0px 0 #00000070;}.uagb-block-e6f939b3.wp-block-uagb-image--layout-overlay figure:hover img{box-shadow: 0px 0px 0 #00000070;}@media only screen and (max-width: 976px) {.uagb-block-e6f939b3.wp-block-uagb-image .wp-block-uagb-image__figure img{width: px;height: auto;}}@media only screen and (max-width: 767px) {.uagb-block-e6f939b3.wp-block-uagb-image .wp-block-uagb-image__figure img{width: px;height: auto;}}\";s:2:\"js\";s:0:\"\";s:18:\"current_block_list\";a:13:{i:0;s:11:\"core\/search\";i:1;s:10:\"core\/group\";i:2;s:12:\"core\/heading\";i:3;s:17:\"core\/latest-posts\";i:4;s:20:\"core\/latest-comments\";i:5;s:13:\"core\/archives\";i:6;s:15:\"core\/categories\";i:7;s:14:\"core\/paragraph\";i:8;s:10:\"uagb\/image\";i:9;s:11:\"core\/spacer\";i:10;s:30:\"woocommerce\/product-categories\";i:11;s:10:\"core\/image\";i:12;s:14:\"core\/shortcode\";}s:8:\"uag_flag\";b:1;s:11:\"uag_version\";s:10:\"1777095665\";s:6:\"gfonts\";a:0:{}s:10:\"gfonts_url\";s:0:\"\";s:12:\"gfonts_files\";a:0:{}s:14:\"uag_faq_layout\";b:0;}"]},"uagb_featured_image_src":{"full":["https:\/\/www.ferberpainting.com\/wp-content\/uploads\/2025\/05\/Stone-and-Marble-Water-Repellent-5L-.png",2560,2560,false],"thumbnail":["https:\/\/www.ferberpainting.com\/wp-content\/uploads\/2025\/05\/Stone-and-Marble-Water-Repellent-5L--150x150.png",150,150,true],"medium":["https:\/\/www.ferberpainting.com\/wp-content\/uploads\/2025\/05\/Stone-and-Marble-Water-Repellent-5L--300x300.png",300,300,true],"medium_large":["https:\/\/www.ferberpainting.com\/wp-content\/uploads\/2025\/05\/Stone-and-Marble-Water-Repellent-5L--768x768.png",768,768,true],"large":["https:\/\/www.ferberpainting.com\/wp-content\/uploads\/2025\/05\/Stone-and-Marble-Water-Repellent-5L--1024x1024.png",1024,1024,true],"1536x1536":["https:\/\/www.ferberpainting.com\/wp-content\/uploads\/2025\/05\/Stone-and-Marble-Water-Repellent-5L--1536x1536.png",1536,1536,true],"2048x2048":["https:\/\/www.ferberpainting.com\/wp-content\/uploads\/2025\/05\/Stone-and-Marble-Water-Repellent-5L--2048x2048.png",2048,2048,true],"trp-custom-language-flag":["https:\/\/www.ferberpainting.com\/wp-content\/uploads\/2025\/05\/Stone-and-Marble-Water-Repellent-5L--12x12.png",12,12,true],"woocommerce_thumbnail":["https:\/\/www.ferberpainting.com\/wp-content\/uploads\/2025\/05\/Stone-and-Marble-Water-Repellent-5L--300x300.png",300,300,true],"woocommerce_single":["https:\/\/www.ferberpainting.com\/wp-content\/uploads\/2025\/05\/Stone-and-Marble-Water-Repellent-5L--600x600.png",600,600,true],"woocommerce_gallery_thumbnail":["https:\/\/www.ferberpainting.com\/wp-content\/uploads\/2025\/05\/Stone-and-Marble-Water-Repellent-5L--100x100.png",100,100,true]},"uagb_author_info":{"display_name":"admin","author_link":"https:\/\/www.ferberpainting.com\/fi\/author\/"},"uagb_comment_info":29,"uagb_excerpt":"Optimal moisture protection.\u00a0The stone and marble waterproofer is specially designed to provide long-lasting protection against moisture, water infiltration, and stains, while preserving the natural beauty of your stone or marble surfaces. It forms an invisible barrier that prevents water and liquids from penetrating while allowing the material to breathe. Ideal for both outdoor and indoor&hellip;","_links":{"self":[{"href":"https:\/\/www.ferberpainting.com\/fi\/wp-json\/wp\/v2\/product\/25321","targetHints":{"allow":["GET"]}}],"collection":[{"href":"https:\/\/www.ferberpainting.com\/fi\/wp-json\/wp\/v2\/product"}],"about":[{"href":"https:\/\/www.ferberpainting.com\/fi\/wp-json\/wp\/v2\/types\/product"}],"replies":[{"embeddable":true,"href":"https:\/\/www.ferberpainting.com\/fi\/wp-json\/wp\/v2\/comments?post=25321"}],"version-history":[{"count":3,"href":"https:\/\/www.ferberpainting.com\/fi\/wp-json\/wp\/v2\/product\/25321\/revisions"}],"predecessor-version":[{"id":167345,"href":"https:\/\/www.ferberpainting.com\/fi\/wp-json\/wp\/v2\/product\/25321\/revisions\/167345"}],"wp:featuredmedia":[{"embeddable":true,"href":"https:\/\/www.ferberpainting.com\/fi\/wp-json\/wp\/v2\/media\/35938"}],"wp:attachment":[{"href":"https:\/\/www.ferberpainting.com\/fi\/wp-json\/wp\/v2\/media?parent=25321"}],"wp:term":[{"taxonomy":"product_brand","embeddable":true,"href":"https:\/\/www.ferberpainting.com\/fi\/wp-json\/wp\/v2\/product_brand?post=25321"},{"taxonomy":"product_cat","embeddable":true,"href":"https:\/\/www.ferberpainting.com\/fi\/wp-json\/wp\/v2\/product_cat?post=25321"},{"taxonomy":"product_tag","embeddable":true,"href":"https:\/\/www.ferberpainting.com\/fi\/wp-json\/wp\/v2\/product_tag?post=25321"}],"curies":[{"name":"wp","href":"https:\/\/api.w.org\/{rel}","templated":true}]}}