{"id":25314,"date":"2025-06-30T20:52:26","date_gmt":"2025-06-30T18:52:26","guid":{"rendered":"https:\/\/www.ferberpainting.com\/?post_type=product&#038;p=25314"},"modified":"2026-02-16T10:51:53","modified_gmt":"2026-02-16T09:51:53","slug":"sofa-water-repellent","status":"publish","type":"product","link":"https:\/\/www.ferberpainting.com\/fi\/products\/sofa-water-repellent\/","title":{"rendered":"Sohvan kyll\u00e4ste"},"content":{"rendered":"<p><strong><img decoding=\"async\" style=\"margin-right: 12px;\" src=\"https:\/\/www.ferberpainting.com\/wp-content\/uploads\/2026\/02\/Check.svg\" alt=\"\" width=\"18\" height=\"15\" \/>Tehokas suoja kosteutta ja tahroja vastaan.<\/strong>\u00a0T\u00e4m\u00e4 sohvan vedenpit\u00e4v\u00e4 aine on suunniteltu erityisesti suojaamaan kangas- tai nahkakalusteita pitk\u00e4\u00e4n kosteudelta, tahroilta ja roiskeilta. Se muodostaa n\u00e4kym\u00e4tt\u00f6m\u00e4n esteen, joka hylkii nesteit\u00e4 ja est\u00e4\u00e4 likaa laskeutumasta, mik\u00e4 auttaa s\u00e4ilytt\u00e4m\u00e4\u00e4n sohvan ulkon\u00e4\u00f6n ja rakenteen pidemp\u00e4\u00e4n. Olipa kyse juoma-, ruoka- tai jopa mutaroiskeista, t\u00e4m\u00e4 tuote est\u00e4\u00e4 nesteiden tunkeutumisen ja helpottaa puhdistamista.<\/p>\n<p><strong><img decoding=\"async\" style=\"margin-right: 12px;\" src=\"https:\/\/www.ferberpainting.com\/wp-content\/uploads\/2026\/02\/Check.svg\" alt=\"\" width=\"18\" height=\"15\" \/>Rahat takaisin -takuu.<\/strong>\u00a0Luotamme sohvan vedenpit\u00e4j\u00e4n tehokkuuteen, mink\u00e4 vuoksi tarjoamme tyytyv\u00e4isyystakuun. Jos tuote ei vastaa odotuksiasi k\u00e4yt\u00f6n j\u00e4lkeen, voit pyyt\u00e4\u00e4 t\u00e4ytt\u00e4 hyvityst\u00e4. T\u00e4m\u00e4n takuun ansiosta voit ostaa luottavaisin mielin tiet\u00e4en, ettei sinulla ole mit\u00e4\u00e4n menetett\u00e4v\u00e4\u00e4. Jos et havaitse optimaalista suojaa, hyvit\u00e4mme sinulle rahasi vaivattomasti.<\/p>\n<p><strong><img decoding=\"async\" style=\"margin-right: 12px;\" src=\"https:\/\/www.ferberpainting.com\/wp-content\/uploads\/2026\/02\/Check.svg\" alt=\"\" width=\"18\" height=\"15\" \/>Sopii erilaisille materiaaleille.<\/strong>\u00a0T\u00e4m\u00e4 vedenpit\u00e4v\u00e4 aine sopii monenlaisille materiaaleille. Se tehoaa kankaisiin, kuten puuvillaan, pellavaan, samettiin sek\u00e4 nahka- ja mikrokuitupintoihin. Voit k\u00e4ytt\u00e4\u00e4 sit\u00e4 turvallisesti sohviin, nojatuoleihin, tyynyihin ja muihin tekstiili- tai nahkakalusteisiin. Se ei muuta ulkon\u00e4k\u00f6\u00e4 tai rakennetta ja s\u00e4ilytt\u00e4\u00e4 pehme\u00e4n ja miellytt\u00e4v\u00e4n kosketuksen tarjoten n\u00e4kym\u00e4tt\u00f6m\u00e4n ja kest\u00e4v\u00e4n suojan.<\/p>\n<p><strong><img decoding=\"async\" style=\"margin-right: 12px;\" src=\"https:\/\/www.ferberpainting.com\/wp-content\/uploads\/2026\/02\/Check.svg\" alt=\"\" width=\"18\" height=\"15\" \/>Kustannustehokas.<\/strong>\u00a0Tiivistetyn koostumuksensa ansiosta t\u00e4m\u00e4 vedenpit\u00e4v\u00e4 meikkivoide tarjoaa erinomaisen laadun ja peitt\u00e4vyyden suhteen. Yhdell\u00e4 litralla voidaan k\u00e4sitell\u00e4 keskim\u00e4\u00e4rin noin 25-30 m\u00b2 riippuen kankaan paksuudesta ja k\u00e4ytettyjen kerrosten m\u00e4\u00e4r\u00e4st\u00e4. Tehokkuutensa ansiosta yksi k\u00e4sittely antaa pitk\u00e4aikaisen suojan, joten sit\u00e4 ei tarvitse levitt\u00e4\u00e4 usein uudelleen, mik\u00e4 tekee siit\u00e4 taloudellisen ratkaisun huonekalujen pitk\u00e4aikaiseen suojaamiseen.<\/p>\n<p><strong><img decoding=\"async\" style=\"margin-right: 12px;\" src=\"https:\/\/www.ferberpainting.com\/wp-content\/uploads\/2026\/02\/Check.svg\" alt=\"\" width=\"18\" height=\"15\" \/>Turvallinen ja materiaaliyst\u00e4v\u00e4llinen.<\/strong>\u00a0T\u00e4m\u00e4 sohvan vedenpit\u00e4j\u00e4 on valmistettu turvallisista ainesosista, jotka ovat hell\u00e4varaisia kankaillesi. Se ei sis\u00e4ll\u00e4 aggressiivisia kemikaaleja, joten se on turvallinen kotik\u00e4ytt\u00f6\u00f6n. Se ei muuta kankaan tai nahan v\u00e4ri\u00e4 tai rakennetta. Levitt\u00e4m\u00e4ll\u00e4 sit\u00e4 sohvalle saat tehokkaan suojan vahingoittamatta huonekalujasi tai altistamatta perhett\u00e4si myrkyllisille aineille.<\/p>\n<p><strong><img decoding=\"async\" style=\"margin-right: 12px;\" src=\"https:\/\/www.ferberpainting.com\/wp-content\/uploads\/2026\/02\/Check.svg\" alt=\"\" width=\"18\" height=\"15\" \/>Helppok\u00e4ytt\u00f6isyys.<\/strong>\u00a0Sohvan vedeneristeen levitt\u00e4minen on hyvin yksinkertaista. Se on k\u00e4ytt\u00f6valmis eik\u00e4 vaadi laimentamista. Suihkuta vain ohut, tasainen kerros sohvan pinnalle ja anna sen kuivua. Mit\u00e4\u00e4n monimutkaista valmistelua, sekoittamista tai odottelua ei tarvita. T\u00e4m\u00e4 tuote on suunniteltu s\u00e4\u00e4st\u00e4m\u00e4\u00e4n aikaa ja tarjoamaan samalla laadukasta suojaa. Voit k\u00e4ytt\u00e4\u00e4 sumutinta tai pehme\u00e4\u00e4 liinaa levitt\u00e4\u00e4ksesi tuotteen tasaisesti.<\/p>\n<p><strong><img decoding=\"async\" style=\"margin-right: 12px;\" src=\"https:\/\/www.ferberpainting.com\/wp-content\/uploads\/2026\/02\/Check.svg\" alt=\"\" width=\"18\" height=\"15\" \/>Kest\u00e4v\u00e4 suojaus.<\/strong>\u00a0Kun vedeneriste on levitetty, se muodostaa kest\u00e4v\u00e4n esteen, joka s\u00e4ilyy tehokkaana jopa useiden puhdistuskertojen j\u00e4lkeen. Sit\u00e4 ei tarvitse levitt\u00e4\u00e4 usein uudelleen. Se suojaa sohvia useiden kuukausien ajan ja kest\u00e4\u00e4 nesteen roiskeita ja p\u00e4ivitt\u00e4isi\u00e4 tahroja. Voit nauttia huonekaluistasi ilman huolta kosteuden tai p\u00e4ivitt\u00e4isen lian aiheuttamasta kulumisesta. T\u00e4m\u00e4 tuote auttaa pit\u00e4m\u00e4\u00e4n sohvasi erinomaisessa kunnossa ajan my\u00f6t\u00e4.<\/p>\n<p><strong><img decoding=\"async\" style=\"margin-right: 12px;\" src=\"https:\/\/www.ferberpainting.com\/wp-content\/uploads\/2026\/02\/Check.svg\" alt=\"\" width=\"18\" height=\"15\" \/>Nopeasti vaikuttava.<\/strong>\u00a0T\u00e4m\u00e4 sohvan vedenpit\u00e4v\u00e4 aine kuivuu noin 1 tunnissa huoneenl\u00e4mm\u00f6ss\u00e4 kankaasta riippuen. N\u00e4in voit nauttia suojasta nopeasti ilman tuntikausien odottelua. Toisin kuin muut hoitoaineet, jotka vaativat pitki\u00e4 kuivumisaikoja, t\u00e4m\u00e4n tuotteen avulla voit jatkaa sohvan normaalia k\u00e4ytt\u00f6\u00e4 heti levitt\u00e4misen j\u00e4lkeen tiet\u00e4en, ett\u00e4 huonekalusi on nyt suojattu.<\/p>\n<h2><strong>K\u00e4ytt\u00f6protokolla<\/strong><\/h2>\n<ul>\n<li><strong>Pinnan valmistelu <\/strong>: Varmista, ett\u00e4 sohva tai huonekalu on puhdas ja kuiva ennen vedenpit\u00e4v\u00e4n aineen levitt\u00e4mist\u00e4. Tarvittaessa imuroi p\u00f6ly ja kevyt lika pois. Jos kangas on erityisen likainen, on suositeltavaa pest\u00e4 tai pyyhki\u00e4 se ennen tuotteen levitt\u00e4mist\u00e4. \u00c4l\u00e4 levit\u00e4 vedenpit\u00e4v\u00e4\u00e4 ainetta likaiselle tai kostealle pinnalle.<\/li>\n<li><strong>Tuotteen k\u00e4ytt\u00f6 <\/strong>: Ravista pulloa hyvin ennen k\u00e4ytt\u00f6\u00e4. Suihkuta ohutta, tasaista kerrosta sohvan vedenpit\u00e4v\u00e4\u00e4 ainetta tuotteen koko pinnalle varmistaen, ett\u00e4 kaikki alueet peittyv\u00e4t. Suurille pinnoille voit k\u00e4ytt\u00e4\u00e4 sumutinta, ja pienemmille tai vaikeasti saavutettaville alueille voidaan k\u00e4ytt\u00e4\u00e4 pehme\u00e4\u00e4 liinaa. Varmista, ettet kyll\u00e4st\u00e4 kangasta liikaa, vaan levit\u00e4 kevyt ja tehokas kerros.<\/li>\n<li><strong>Tasainen kattavuus <\/strong>: Jos k\u00e4yt\u00e4t liinaa, hiero tuotetta varovasti pinnalle tasaisen levityksen varmistamiseksi. \u00c4l\u00e4 hankaa liian kovaa, jotta kankaan tai nahan kuidut eiv\u00e4t ep\u00e4muodostuisi. Tavoitteena on luoda hieno mutta tehokas suojakerros.<\/li>\n<li><strong>Kuivumisaika <\/strong>: Anna sohvan tai huonekalujen kuivua noin 1 tunti huoneenl\u00e4mm\u00f6ss\u00e4. On t\u00e4rke\u00e4\u00e4, ett\u00e4 huonekaluja ei k\u00e4ytet\u00e4 kuivumisaikana, jotta tuote ei muutu tai siihen ei j\u00e4\u00e4 n\u00e4kyvi\u00e4 j\u00e4lki\u00e4. \u00c4l\u00e4 aseta huonekaluja suoran l\u00e4mm\u00f6nl\u00e4hteen l\u00e4helle.<\/li>\n<li><strong>Uudelleenhakemus <\/strong>: Sohvan k\u00e4yt\u00f6st\u00e4 riippuen voidaan suositella toista levityst\u00e4 suojan vahvistamiseksi. T\u00e4m\u00e4 voi olla erityisen hy\u00f6dyllist\u00e4, jos sohva altistuu usein roiskeille tai tahroille. Anna aina ensimm\u00e4isen kerroksen kuivua kokonaan ennen toisen kerroksen levitt\u00e4mist\u00e4.<\/li>\n<li><strong>Levityksen j\u00e4lkeinen hoito <\/strong>: Voit puhdistaa sohvan tavalliseen tapaan levityksen j\u00e4lkeen poistamatta suojaa. V\u00e4lt\u00e4 kuitenkin pinnan liian voimakasta hankaamista, jotta teho s\u00e4ilyy. Voit levitt\u00e4\u00e4 vedensuojaa uudelleen 6 kuukauden v\u00e4lein tai tarvittaessa useammin.<\/li>\n<\/ul>\n<p>Sohvan vedenpit\u00e4vyys tarjoaa yksinkertaisen, nopean ja tehokkaan ratkaisun huonekalujen suojaamiseen ulkoisilta vaikutuksilta ja takaa pitk\u00e4aikaisen kauneuden ja kest\u00e4vyyden. Innovatiivisen koostumuksensa ja helpon levityksens\u00e4 ansiosta siit\u00e4 tulee oikea ratkaisu sohvien ja muiden kankaasta tai nahasta valmistettujen esineiden huoltoon.<\/p>","protected":false},"excerpt":{"rendered":"<p>Effective Protection Against Moisture and Stains.\u00a0This sofa waterproofer is specially designed to provide long-lasting protection against humidity, stains, and spills on your fabric or leather furniture. It forms an invisible barrier that repels liquids and prevents dirt from settling, helping to preserve the appearance and texture of your sofa for longer. Whether it&#8217;s beverage, food, [&hellip;]<\/p>\n","protected":false},"featured_media":35924,"comment_status":"open","ping_status":"closed","template":"","meta":{"_uag_custom_page_level_css":"","site-sidebar-layout":"default","site-content-layout":"","ast-site-content-layout":"default","site-content-style":"default","site-sidebar-style":"default","ast-global-header-display":"","ast-banner-title-visibility":"","ast-main-header-display":"","ast-hfb-above-header-display":"","ast-hfb-below-header-display":"","ast-hfb-mobile-header-display":"","site-post-title":"","ast-breadcrumbs-content":"","ast-featured-img":"","footer-sml-layout":"","ast-disable-related-posts":"","theme-transparent-header-meta":"default","adv-header-id-meta":"","stick-header-meta":"","header-above-stick-meta":"","header-main-stick-meta":"","header-below-stick-meta":"","astra-migrate-meta-layouts":"set","ast-page-background-enabled":"default","ast-page-background-meta":{"desktop":{"background-color":"var(--ast-global-color-4)","background-image":"","background-repeat":"repeat","background-position":"center center","background-size":"auto","background-attachment":"scroll","background-type":"","background-media":"","overlay-type":"","overlay-color":"","overlay-opacity":"","overlay-gradient":""},"tablet":{"background-color":"","background-image":"","background-repeat":"repeat","background-position":"center center","background-size":"auto","background-attachment":"scroll","background-type":"","background-media":"","overlay-type":"","overlay-color":"","overlay-opacity":"","overlay-gradient":""},"mobile":{"background-color":"","background-image":"","background-repeat":"repeat","background-position":"center center","background-size":"auto","background-attachment":"scroll","background-type":"","background-media":"","overlay-type":"","overlay-color":"","overlay-opacity":"","overlay-gradient":""}},"ast-content-background-meta":{"desktop":{"background-color":"var(--ast-global-color-5)","background-image":"","background-repeat":"repeat","background-position":"center center","background-size":"auto","background-attachment":"scroll","background-type":"","background-media":"","overlay-type":"","overlay-color":"","overlay-opacity":"","overlay-gradient":""},"tablet":{"background-color":"var(--ast-global-color-5)","background-image":"","background-repeat":"repeat","background-position":"center center","background-size":"auto","background-attachment":"scroll","background-type":"","background-media":"","overlay-type":"","overlay-color":"","overlay-opacity":"","overlay-gradient":""},"mobile":{"background-color":"var(--ast-global-color-5)","background-image":"","background-repeat":"repeat","background-position":"center center","background-size":"auto","background-attachment":"scroll","background-type":"","background-media":"","overlay-type":"","overlay-color":"","overlay-opacity":"","overlay-gradient":""}}},"product_brand":[],"product_cat":[191],"product_tag":[],"class_list":{"0":"post-25314","1":"product","2":"type-product","3":"status-publish","4":"has-post-thumbnail","6":"product_cat-water-repellent","7":"desktop-align-left","8":"tablet-align-left","9":"mobile-align-left","11":"first","12":"instock","13":"sale","14":"shipping-taxable","15":"purchasable","16":"product-type-variable","17":"has-default-attributes"},"spectra_custom_meta":{"_visibility":["visible"],"_shopify_product_id":["9106565857525"],"_s2w_shopify_domain":["ferberpainting.myshopify.com"],"_shopify_variant_id":["46626275492085"],"_sku":[""],"_manage_stock":["no"],"total_sales":["326"],"_tax_status":["taxable"],"_tax_class":[""],"_backorders":["no"],"_sold_individually":["no"],"_virtual":["no"],"_downloadable":["no"],"_download_limit":["-1"],"_download_expiry":["-1"],"_stock":[null],"_stock_status":["instock"],"_wc_average_rating":["5.00"],"_wc_review_count":["11"],"_product_attributes":["a:1:{s:6:\"volume\";a:6:{s:4:\"name\";s:6:\"Volume\";s:5:\"value\";s:20:\"5 liters | 25 liters\";s:8:\"position\";i:1;s:10:\"is_visible\";i:0;s:12:\"is_variation\";i:1;s:11:\"is_taxonomy\";i:0;}}"],"_product_version":["10.5.1"],"wpse_downloadable_file_names":[""],"wpse_downloadable_file_urls":[""],"_edit_last":["1"],"_default_attributes":["a:1:{s:6:\"volume\";s:8:\"5 liters\";}"],"_edit_lock":["1771235377:1"],"merchant-center-availability":["yes"],"merchant-center-category":["8043"],"_thumbnail_id":["35924"],"_wp_page_template":["default"],"_wp_old_date":["2025-05-26"],"_product_image_gallery":["35925"],"site-sidebar-layout":["default"],"ast-site-content-layout":["default"],"site-content-style":["default"],"site-sidebar-style":["default"],"theme-transparent-header-meta":["default"],"_wc_rating_count":["a:1:{i:5;i:11;}"],"_price":["29.90","129.90"],"astra-migrate-meta-layouts":["set"],"_uag_css_file_name":["uag-css-25314.css"],"_elementor_page_assets":["a:0:{}"],"_uag_page_assets":["a:9:{s:3:\"css\";s:7133:\".uag-blocks-common-selector{z-index:var(--z-index-desktop) !important}@media(max-width: 976px){.uag-blocks-common-selector{z-index:var(--z-index-tablet) !important}}@media(max-width: 767px){.uag-blocks-common-selector{z-index:var(--z-index-mobile) !important}}.wp-block-uagb-image{display:flex}.wp-block-uagb-image__figure{position:relative;display:flex;flex-direction:column;max-width:100%;height:auto;margin:0}.wp-block-uagb-image__figure img{height:auto;display:flex;max-width:100%;transition:box-shadow .2s ease}.wp-block-uagb-image__figure>a{display:inline-block}.wp-block-uagb-image__figure figcaption{text-align:center;margin-top:.5em;margin-bottom:1em}.wp-block-uagb-image .components-placeholder.block-editor-media-placeholder .components-placeholder__instructions{align-self:center}.wp-block-uagb-image--align-left{text-align:left}.wp-block-uagb-image--align-right{text-align:right}.wp-block-uagb-image--align-center{text-align:center}.wp-block-uagb-image--align-full .wp-block-uagb-image__figure{margin-left:calc(50% - 50vw);margin-right:calc(50% - 50vw);max-width:100vw;width:100vw;height:auto}.wp-block-uagb-image--align-full .wp-block-uagb-image__figure img{height:auto;width:100% !important}.wp-block-uagb-image--align-wide .wp-block-uagb-image__figure img{height:auto;width:100%}.wp-block-uagb-image--layout-overlay__color-wrapper{position:absolute;left:0;top:0;right:0;bottom:0;opacity:.2;background:rgba(0,0,0,.5);transition:opacity .35s ease-in-out}.wp-block-uagb-image--layout-overlay-link{position:absolute;left:0;right:0;bottom:0;top:0}.wp-block-uagb-image--layout-overlay .wp-block-uagb-image__figure:hover .wp-block-uagb-image--layout-overlay__color-wrapper{opacity:1}.wp-block-uagb-image--layout-overlay__inner{position:absolute;left:15px;right:15px;bottom:15px;top:15px;display:flex;align-items:center;justify-content:center;flex-direction:column;border-color:#fff;transition:.35s ease-in-out}.wp-block-uagb-image--layout-overlay__inner.top-left,.wp-block-uagb-image--layout-overlay__inner.top-center,.wp-block-uagb-image--layout-overlay__inner.top-right{justify-content:flex-start}.wp-block-uagb-image--layout-overlay__inner.bottom-left,.wp-block-uagb-image--layout-overlay__inner.bottom-center,.wp-block-uagb-image--layout-overlay__inner.bottom-right{justify-content:flex-end}.wp-block-uagb-image--layout-overlay__inner.top-left,.wp-block-uagb-image--layout-overlay__inner.center-left,.wp-block-uagb-image--layout-overlay__inner.bottom-left{align-items:flex-start}.wp-block-uagb-image--layout-overlay__inner.top-right,.wp-block-uagb-image--layout-overlay__inner.center-right,.wp-block-uagb-image--layout-overlay__inner.bottom-right{align-items:flex-end}.wp-block-uagb-image--layout-overlay__inner .uagb-image-heading{color:#fff;transition:transform .35s,opacity .35s ease-in-out;transform:translate3d(0, 24px, 0);margin:0;line-height:1em}.wp-block-uagb-image--layout-overlay__inner .uagb-image-separator{width:30%;border-top-width:2px;border-top-color:#fff;border-top-style:solid;margin-bottom:10px;opacity:0;transition:transform .4s,opacity .4s ease-in-out;transform:translate3d(0, 30px, 0)}.wp-block-uagb-image--layout-overlay__inner .uagb-image-caption{opacity:0;overflow:visible;color:#fff;transition:transform .45s,opacity .45s ease-in-out;transform:translate3d(0, 35px, 0)}.wp-block-uagb-image--layout-overlay__inner:hover .uagb-image-heading,.wp-block-uagb-image--layout-overlay__inner:hover .uagb-image-separator,.wp-block-uagb-image--layout-overlay__inner:hover .uagb-image-caption{opacity:1;transform:translate3d(0, 0, 0)}.wp-block-uagb-image--effect-zoomin .wp-block-uagb-image__figure img,.wp-block-uagb-image--effect-zoomin .wp-block-uagb-image__figure .wp-block-uagb-image--layout-overlay__color-wrapper{transform:scale(1);transition:transform .35s ease-in-out}.wp-block-uagb-image--effect-zoomin .wp-block-uagb-image__figure:hover img,.wp-block-uagb-image--effect-zoomin .wp-block-uagb-image__figure:hover .wp-block-uagb-image--layout-overlay__color-wrapper{transform:scale(1.05)}.wp-block-uagb-image--effect-slide .wp-block-uagb-image__figure img,.wp-block-uagb-image--effect-slide .wp-block-uagb-image__figure .wp-block-uagb-image--layout-overlay__color-wrapper{width:calc(100% + 40px) !important;max-width:none !important;transform:translate3d(-40px, 0, 0);transition:transform .35s ease-in-out}.wp-block-uagb-image--effect-slide .wp-block-uagb-image__figure:hover img,.wp-block-uagb-image--effect-slide .wp-block-uagb-image__figure:hover .wp-block-uagb-image--layout-overlay__color-wrapper{transform:translate3d(0, 0, 0)}.wp-block-uagb-image--effect-grayscale img{filter:grayscale(0%);transition:.35s ease-in-out}.wp-block-uagb-image--effect-grayscale:hover img{filter:grayscale(100%)}.wp-block-uagb-image--effect-blur img{filter:blur(0);transition:.35s ease-in-out}.wp-block-uagb-image--effect-blur:hover img{filter:blur(3px)}.uagb-block-e6f939b3.wp-block-uagb-image--layout-default figure img{box-shadow: 0px 0px 0 #00000070;}.uagb-block-e6f939b3.wp-block-uagb-image .wp-block-uagb-image__figure figcaption{font-style: normal;align-self: center;}.uagb-block-e6f939b3.wp-block-uagb-image--layout-overlay figure img{box-shadow: 0px 0px 0 #00000070;}.uagb-block-e6f939b3.wp-block-uagb-image--layout-overlay .wp-block-uagb-image--layout-overlay__color-wrapper{opacity: 0.2;}.uagb-block-e6f939b3.wp-block-uagb-image--layout-overlay .wp-block-uagb-image--layout-overlay__inner{left: 15px;right: 15px;top: 15px;bottom: 15px;}.uagb-block-e6f939b3.wp-block-uagb-image--layout-overlay .wp-block-uagb-image--layout-overlay__inner .uagb-image-heading{font-style: normal;color: #fff;opacity: 1;}.uagb-block-e6f939b3.wp-block-uagb-image--layout-overlay .wp-block-uagb-image--layout-overlay__inner .uagb-image-heading a{color: #fff;}.uagb-block-e6f939b3.wp-block-uagb-image--layout-overlay .wp-block-uagb-image--layout-overlay__inner .uagb-image-caption{opacity: 0;}.uagb-block-e6f939b3.wp-block-uagb-image--layout-overlay .wp-block-uagb-image__figure:hover .wp-block-uagb-image--layout-overlay__color-wrapper{opacity: 1;}.uagb-block-e6f939b3.wp-block-uagb-image .wp-block-uagb-image--layout-overlay__inner .uagb-image-separator{width: 30%;border-top-width: 2px;border-top-color: #fff;opacity: 0;}.uagb-block-e6f939b3.wp-block-uagb-image .wp-block-uagb-image__figure img{width: px;height: auto;}.uagb-block-e6f939b3.wp-block-uagb-image .wp-block-uagb-image__figure:hover .wp-block-uagb-image--layout-overlay__inner .uagb-image-caption{opacity: 1;}.uagb-block-e6f939b3.wp-block-uagb-image .wp-block-uagb-image__figure:hover .wp-block-uagb-image--layout-overlay__inner .uagb-image-separator{opacity: 1;}.uagb-block-e6f939b3.wp-block-uagb-image--layout-default figure:hover img{box-shadow: 0px 0px 0 #00000070;}.uagb-block-e6f939b3.wp-block-uagb-image--layout-overlay figure:hover img{box-shadow: 0px 0px 0 #00000070;}@media only screen and (max-width: 976px) {.uagb-block-e6f939b3.wp-block-uagb-image .wp-block-uagb-image__figure img{width: px;height: auto;}}@media only screen and (max-width: 767px) {.uagb-block-e6f939b3.wp-block-uagb-image .wp-block-uagb-image__figure img{width: px;height: auto;}}\";s:2:\"js\";s:0:\"\";s:18:\"current_block_list\";a:13:{i:0;s:11:\"core\/search\";i:1;s:10:\"core\/group\";i:2;s:12:\"core\/heading\";i:3;s:17:\"core\/latest-posts\";i:4;s:20:\"core\/latest-comments\";i:5;s:13:\"core\/archives\";i:6;s:15:\"core\/categories\";i:7;s:14:\"core\/paragraph\";i:8;s:10:\"uagb\/image\";i:9;s:11:\"core\/spacer\";i:10;s:30:\"woocommerce\/product-categories\";i:11;s:10:\"core\/image\";i:12;s:14:\"core\/shortcode\";}s:8:\"uag_flag\";b:1;s:11:\"uag_version\";s:10:\"1777114575\";s:6:\"gfonts\";a:0:{}s:10:\"gfonts_url\";s:0:\"\";s:12:\"gfonts_files\";a:0:{}s:14:\"uag_faq_layout\";b:0;}"]},"uagb_featured_image_src":{"full":["https:\/\/www.ferberpainting.com\/wp-content\/uploads\/2025\/05\/Sofa-Water-Repellent-5L.png",2560,2560,false],"thumbnail":["https:\/\/www.ferberpainting.com\/wp-content\/uploads\/2025\/05\/Sofa-Water-Repellent-5L-150x150.png",150,150,true],"medium":["https:\/\/www.ferberpainting.com\/wp-content\/uploads\/2025\/05\/Sofa-Water-Repellent-5L-300x300.png",300,300,true],"medium_large":["https:\/\/www.ferberpainting.com\/wp-content\/uploads\/2025\/05\/Sofa-Water-Repellent-5L-768x768.png",768,768,true],"large":["https:\/\/www.ferberpainting.com\/wp-content\/uploads\/2025\/05\/Sofa-Water-Repellent-5L-1024x1024.png",1024,1024,true],"1536x1536":["https:\/\/www.ferberpainting.com\/wp-content\/uploads\/2025\/05\/Sofa-Water-Repellent-5L-1536x1536.png",1536,1536,true],"2048x2048":["https:\/\/www.ferberpainting.com\/wp-content\/uploads\/2025\/05\/Sofa-Water-Repellent-5L-2048x2048.png",2048,2048,true],"trp-custom-language-flag":["https:\/\/www.ferberpainting.com\/wp-content\/uploads\/2025\/05\/Sofa-Water-Repellent-5L-12x12.png",12,12,true],"woocommerce_thumbnail":["https:\/\/www.ferberpainting.com\/wp-content\/uploads\/2025\/05\/Sofa-Water-Repellent-5L-300x300.png",300,300,true],"woocommerce_single":["https:\/\/www.ferberpainting.com\/wp-content\/uploads\/2025\/05\/Sofa-Water-Repellent-5L-600x600.png",600,600,true],"woocommerce_gallery_thumbnail":["https:\/\/www.ferberpainting.com\/wp-content\/uploads\/2025\/05\/Sofa-Water-Repellent-5L-100x100.png",100,100,true]},"uagb_author_info":{"display_name":"admin","author_link":"https:\/\/www.ferberpainting.com\/fi\/author\/"},"uagb_comment_info":11,"uagb_excerpt":"Effective Protection Against Moisture and Stains.\u00a0This sofa waterproofer is specially designed to provide long-lasting protection against humidity, stains, and spills on your fabric or leather furniture. It forms an invisible barrier that repels liquids and prevents dirt from settling, helping to preserve the appearance and texture of your sofa for longer. Whether it&#8217;s beverage, food,&hellip;","_links":{"self":[{"href":"https:\/\/www.ferberpainting.com\/fi\/wp-json\/wp\/v2\/product\/25314","targetHints":{"allow":["GET"]}}],"collection":[{"href":"https:\/\/www.ferberpainting.com\/fi\/wp-json\/wp\/v2\/product"}],"about":[{"href":"https:\/\/www.ferberpainting.com\/fi\/wp-json\/wp\/v2\/types\/product"}],"replies":[{"embeddable":true,"href":"https:\/\/www.ferberpainting.com\/fi\/wp-json\/wp\/v2\/comments?post=25314"}],"version-history":[{"count":3,"href":"https:\/\/www.ferberpainting.com\/fi\/wp-json\/wp\/v2\/product\/25314\/revisions"}],"predecessor-version":[{"id":167300,"href":"https:\/\/www.ferberpainting.com\/fi\/wp-json\/wp\/v2\/product\/25314\/revisions\/167300"}],"wp:featuredmedia":[{"embeddable":true,"href":"https:\/\/www.ferberpainting.com\/fi\/wp-json\/wp\/v2\/media\/35924"}],"wp:attachment":[{"href":"https:\/\/www.ferberpainting.com\/fi\/wp-json\/wp\/v2\/media?parent=25314"}],"wp:term":[{"taxonomy":"product_brand","embeddable":true,"href":"https:\/\/www.ferberpainting.com\/fi\/wp-json\/wp\/v2\/product_brand?post=25314"},{"taxonomy":"product_cat","embeddable":true,"href":"https:\/\/www.ferberpainting.com\/fi\/wp-json\/wp\/v2\/product_cat?post=25314"},{"taxonomy":"product_tag","embeddable":true,"href":"https:\/\/www.ferberpainting.com\/fi\/wp-json\/wp\/v2\/product_tag?post=25314"}],"curies":[{"name":"wp","href":"https:\/\/api.w.org\/{rel}","templated":true}]}}