{"id":25302,"date":"2025-05-26T10:30:36","date_gmt":"2025-05-26T08:30:36","guid":{"rendered":"https:\/\/www.ferberpainting.com\/products\/sink-and-basin-unblocker\/"},"modified":"2026-02-16T10:47:07","modified_gmt":"2026-02-16T09:47:07","slug":"sink-and-basin-unblocker","status":"publish","type":"product","link":"https:\/\/www.ferberpainting.com\/fi\/products\/sink-and-basin-unblocker\/","title":{"rendered":"Pesualtaan ja altaan tukkeutumisen poisto"},"content":{"rendered":"<p><strong><img decoding=\"async\" style=\"margin-right: 12px;\" src=\"https:\/\/www.ferberpainting.com\/wp-content\/uploads\/2026\/02\/Check.svg\" alt=\"\" width=\"18\" height=\"15\" \/>Nopea ja tehokas kotitalouksien tukosten poisto.<\/strong>\u00a0T\u00e4m\u00e4 lavuaarin ja pesualtaan tukkeutumisenpoistoaine on suunniteltu erityisesti liuottamaan nopeasti ruoant\u00e4hteiden, rasvan, saippuan, hiusten ja muiden putkia tukkivien ep\u00e4puhtauksien aiheuttamat tukokset. Se toimii syv\u00e4sti palauttaakseen sujuvan virtauksen ja est\u00e4\u00e4kseen orgaanisen aineksen ker\u00e4\u00e4ntymisest\u00e4 viem\u00e4riin aiheutuvat pahat hajut.<\/p>\n<p><strong><img decoding=\"async\" style=\"margin-right: 12px;\" src=\"https:\/\/www.ferberpainting.com\/wp-content\/uploads\/2026\/02\/Check.svg\" alt=\"\" width=\"18\" height=\"15\" \/>Rahat takaisin -takuu.<\/strong>\u00a0Luotamme t\u00e4ysin pesualtaiden ja lavuaarien tukkeutumisenpoistolaitteemme tehokkuuteen, mink\u00e4 vuoksi tarjoamme rahanpalautustakuun. Jos tuote ei ratkaise ongelmaasi sen j\u00e4lkeen, kun sit\u00e4 on sovellettu suositusten mukaisesti, voit pyyt\u00e4\u00e4 hyvityst\u00e4 ilman ehtoja, mik\u00e4 takaa turvallisen ja riskitt\u00f6m\u00e4n ostoksen.<\/p>\n<p><strong><img decoding=\"async\" style=\"margin-right: 12px;\" src=\"https:\/\/www.ferberpainting.com\/wp-content\/uploads\/2026\/02\/Check.svg\" alt=\"\" width=\"18\" height=\"15\" \/>Yhteensopiva erityyppisten putkien ja materiaalien kanssa.<\/strong>\u00a0T\u00e4m\u00e4 tukostenpoistolaite soveltuu PVC:st\u00e4, valuraudasta, kuparista, ruostumattomasta ter\u00e4ksest\u00e4 ja betonista valmistettuihin putkiin, joten sit\u00e4 voidaan k\u00e4ytt\u00e4\u00e4 useimmissa nykyaikaisissa ja perinteisiss\u00e4 asennuksissa. Se on yhteensopiva my\u00f6s sakokaivojen kanssa, kun sit\u00e4 k\u00e4ytet\u00e4\u00e4n suositelluissa annoksissa, mik\u00e4 takaa optimaalisen tehokkuuden vahingoittamatta viem\u00e4r\u00f6intij\u00e4rjestelm\u00e4n biologista tasapainoa.<\/p>\n<p><strong><img decoding=\"async\" style=\"margin-right: 12px;\" src=\"https:\/\/www.ferberpainting.com\/wp-content\/uploads\/2026\/02\/Check.svg\" alt=\"\" width=\"18\" height=\"15\" \/>Taloudellinen tehokkuus ja optimoitu annostelu.<\/strong>\u00a0Tiivistetyn koostumuksensa ansiosta 1 litra tuotetta voi k\u00e4sitell\u00e4 jopa 4 tukosta, mik\u00e4 on tehokas ja taloudellinen ratkaisu putkien pitk\u00e4aikaiseen kunnossapitoon. T\u00e4m\u00e4 optimoitu tehokkuus v\u00e4hent\u00e4\u00e4 suurten tuotem\u00e4\u00e4rien tarvetta, mik\u00e4 pident\u00e4\u00e4 tuotteen k\u00e4ytt\u00f6aikaa ja minimoi huoltokustannukset.<\/p>\n<p><strong><img decoding=\"async\" style=\"margin-right: 12px;\" src=\"https:\/\/www.ferberpainting.com\/wp-content\/uploads\/2026\/02\/Check.svg\" alt=\"\" width=\"18\" height=\"15\" \/>Turvallinen tuote, joka kunnioittaa saniteettiasennuksia.<\/strong>\u00a0Toisin kuin aggressiiviset perinteiset tukostenpoistajat, t\u00e4m\u00e4 tuote ei vahingoita putkia tai tiivisteit\u00e4, mik\u00e4 est\u00e4\u00e4 korroosion tai putkien rappeutumisen riskin. Se takaa putkien tehokkaan mutta hell\u00e4varaisen puhdistuksen aiheuttamatta asennusten ennenaikaista kulumista.<\/p>\n<p><strong><img decoding=\"async\" style=\"margin-right: 12px;\" src=\"https:\/\/www.ferberpainting.com\/wp-content\/uploads\/2026\/02\/Check.svg\" alt=\"\" width=\"18\" height=\"15\" \/>Helppok\u00e4ytt\u00f6isyys ja v\u00e4lit\u00f6n tehokkuus.<\/strong>\u00a0T\u00e4m\u00e4 estonpoistoaine on k\u00e4ytt\u00f6valmis eik\u00e4 vaadi erityist\u00e4 valmistelua. Kaada se vain suoraan tukkeutuneeseen lavuaariin tai pesualtaaseen ja anna sen vaikuttaa muutaman minuutin ajan ennen perusteellista huuhtelua. Sen eritt\u00e4in nopea vaikutus liuottaa tukokset tehokkaasti 15-30 minuutissa, jolloin ei tarvita mekaanisia menetelmi\u00e4, kuten ruiskua tai viem\u00e4rik\u00e4\u00e4rmett\u00e4.<\/p>\n<p><strong><img decoding=\"async\" style=\"margin-right: 12px;\" src=\"https:\/\/www.ferberpainting.com\/wp-content\/uploads\/2026\/02\/Check.svg\" alt=\"\" width=\"18\" height=\"15\" \/>Pitk\u00e4aikainen vaikutus ja tulevien tukosten ehk\u00e4isy.<\/strong>\u00a0Sen lis\u00e4ksi, ett\u00e4 t\u00e4m\u00e4 tuote poistaa nykyiset tukokset, se est\u00e4\u00e4 uusien tukosten muodostumisen liuottamalla v\u00e4hitellen kertyneet j\u00e4\u00e4m\u00e4t. S\u00e4\u00e4nn\u00f6llinen k\u00e4ytt\u00f6 auttaa v\u00e4hent\u00e4m\u00e4\u00e4n uusien tukosten syntymist\u00e4 ja varmistaa putkien optimaalisen pitk\u00e4n aikav\u00e4lin toiminnan.<\/p>\n<p><strong><img decoding=\"async\" style=\"margin-right: 12px;\" src=\"https:\/\/www.ferberpainting.com\/wp-content\/uploads\/2026\/02\/Check.svg\" alt=\"\" width=\"18\" height=\"15\" \/>V\u00e4lit\u00f6n toiminta nopeasti palautetun mukavuuden saavuttamiseksi.<\/strong>\u00a0Levitt\u00e4misen j\u00e4lkeen t\u00e4m\u00e4 tukostenpoistoaine alkaa liuottaa tukoksista johtuvia kerrostumia, jolloin vesi p\u00e4\u00e4see valumaan tasaisesti ilman, ett\u00e4 vesi pys\u00e4htyy. Yksinkertaisen huuhtelun j\u00e4lkeen lavuaari tai pesuallas palaa normaaliin k\u00e4ytt\u00f6\u00f6n ilman ep\u00e4miellytt\u00e4vi\u00e4 hajuja ja seisovaa vett\u00e4.<\/p>\n<h2><strong>K\u00e4ytt\u00f6protokolla<\/strong><\/h2>\n<ul>\n<li><strong>Putkien valmistelu <\/strong>: Tarkista ennen levitt\u00e4mist\u00e4, ett\u00e4 seisova vesi on v\u00e4hennetty mahdollisimman paljon, jotta tuotteen teho olisi mahdollisimman suuri. Tarvittaessa poista n\u00e4kyv\u00e4t roskat, kuten hiusrypp\u00e4\u00e4t tai rasva, k\u00e4sin.<\/li>\n<li><strong>Suositeltu annostus <\/strong>: Kaada 250 ml tuotetta suoraan tukkeutuneeseen viem\u00e4riin tukoksen korjaamiseksi. 1 litra voi hoitaa jopa 4 tukosta. Jos tukos on vakavampi, toinen k\u00e4ytt\u00f6 voi olla tarpeen ensimm\u00e4isen toimenpiteen j\u00e4lkeen.<\/li>\n<li><strong>Unblockerin soveltaminen <\/strong>: Kaada tuote hitaasti viem\u00e4riin v\u00e4ltt\u00e4en veden lis\u00e4\u00e4mist\u00e4 v\u00e4litt\u00f6m\u00e4sti sen j\u00e4lkeen, jotta tuote toimisi optimaalisesti.<\/li>\n<li><strong>Toiminta-aika <\/strong>: Anna sen vaikuttaa 15-30 minuuttia, riippuen tukoksen vakavuudesta. Erityisen sitkeiss\u00e4 tukoksissa anna sen vaikuttaa jopa 1 tunti ennen huuhtelua.<\/li>\n<li><strong>Huuhtelu ja virtauksen tarkistus <\/strong>: Odotusajan j\u00e4lkeen huuhtele huolellisesti kuumalla vedell\u00e4 liuenneiden j\u00e4\u00e4mien poistamiseksi ja optimaalisen virtauksen varmistamiseksi. Toista prosessi tarvittaessa, jos tukkeutuminen jatkuu.<\/li>\n<li><strong>Ennaltaehk\u00e4isev\u00e4 huolto <\/strong>: Uusien tukosten ehk\u00e4isemiseksi k\u00e4yt\u00e4 kerran kuukaudessa pieni m\u00e4\u00e4r\u00e4 tuotetta liuottaaksesi v\u00e4hitellen saostumia ja yll\u00e4pit\u00e4\u00e4ksesi putkien moitteetonta toimintaa.<\/li>\n<li><strong>K\u00e4ytt\u00f6\u00e4 koskevat varotoimet <\/strong>: Ei saa sekoittaa muiden kemiallisten tuotteiden kanssa, erityisesti natriumhydroksidia tai rikkihappoa sis\u00e4lt\u00e4vien purkausaineiden kanssa. V\u00e4lt\u00e4 kosketusta ihon ja silmien kanssa. Tahattoman kosketuksen sattuessa huuhdeltava v\u00e4litt\u00f6m\u00e4sti puhtaalla vedell\u00e4 ja tarvittaessa hakeuduttava l\u00e4\u00e4k\u00e4riin.<\/li>\n<li><strong>Varastointi ja s\u00e4ilytt\u00e4minen <\/strong>: S\u00e4ilyt\u00e4 tuote kuivassa ja l\u00e4mpim\u00e4ss\u00e4 paikassa, valolta suojattuna ja lasten ulottumattomissa. Sulje pullo aina k\u00e4yt\u00f6n j\u00e4lkeen tiiviisti, jotta liuos ei haihtuisi tai muuttuisi.<\/li>\n<\/ul>\n<p>T\u00e4m\u00e4n lavuaarin ja pesualtaan tukostenpoistolaitteen avulla voit poistaa tukokset nopeasti ja tehokkaasti ja varmistaa samalla saniteettitilojen optimaalisen kunnossapidon. Nauti pitk\u00e4aikaisesta k\u00e4ytt\u00f6mukavuudesta yll\u00e4pit\u00e4m\u00e4ll\u00e4 tasainen veden virtaus ja est\u00e4m\u00e4ll\u00e4 tukosongelmat.<\/p>","protected":false},"excerpt":{"rendered":"<p>Fast and effective removal of household clogs.\u00a0This sink and washbasin unblocker is specially formulated to quickly dissolve clogs caused by food residues, grease, soap, hair, and other impurities that obstruct pipes. It works deeply to restore a smooth flow and prevent bad odors caused by the accumulation of organic matter in the drains. Money-back guarantee.\u00a0We [&hellip;]<\/p>\n","protected":false},"featured_media":27180,"comment_status":"open","ping_status":"closed","template":"","meta":{"_uag_custom_page_level_css":"","site-sidebar-layout":"default","site-content-layout":"","ast-site-content-layout":"default","site-content-style":"default","site-sidebar-style":"default","ast-global-header-display":"","ast-banner-title-visibility":"","ast-main-header-display":"","ast-hfb-above-header-display":"","ast-hfb-below-header-display":"","ast-hfb-mobile-header-display":"","site-post-title":"","ast-breadcrumbs-content":"","ast-featured-img":"","footer-sml-layout":"","ast-disable-related-posts":"","theme-transparent-header-meta":"default","adv-header-id-meta":"","stick-header-meta":"","header-above-stick-meta":"","header-main-stick-meta":"","header-below-stick-meta":"","astra-migrate-meta-layouts":"set","ast-page-background-enabled":"default","ast-page-background-meta":{"desktop":{"background-color":"var(--ast-global-color-4)","background-image":"","background-repeat":"repeat","background-position":"center center","background-size":"auto","background-attachment":"scroll","background-type":"","background-media":"","overlay-type":"","overlay-color":"","overlay-opacity":"","overlay-gradient":""},"tablet":{"background-color":"","background-image":"","background-repeat":"repeat","background-position":"center center","background-size":"auto","background-attachment":"scroll","background-type":"","background-media":"","overlay-type":"","overlay-color":"","overlay-opacity":"","overlay-gradient":""},"mobile":{"background-color":"","background-image":"","background-repeat":"repeat","background-position":"center center","background-size":"auto","background-attachment":"scroll","background-type":"","background-media":"","overlay-type":"","overlay-color":"","overlay-opacity":"","overlay-gradient":""}},"ast-content-background-meta":{"desktop":{"background-color":"var(--ast-global-color-5)","background-image":"","background-repeat":"repeat","background-position":"center center","background-size":"auto","background-attachment":"scroll","background-type":"","background-media":"","overlay-type":"","overlay-color":"","overlay-opacity":"","overlay-gradient":""},"tablet":{"background-color":"var(--ast-global-color-5)","background-image":"","background-repeat":"repeat","background-position":"center center","background-size":"auto","background-attachment":"scroll","background-type":"","background-media":"","overlay-type":"","overlay-color":"","overlay-opacity":"","overlay-gradient":""},"mobile":{"background-color":"var(--ast-global-color-5)","background-image":"","background-repeat":"repeat","background-position":"center center","background-size":"auto","background-attachment":"scroll","background-type":"","background-media":"","overlay-type":"","overlay-color":"","overlay-opacity":"","overlay-gradient":""}}},"product_brand":[],"product_cat":[175],"product_tag":[],"class_list":{"0":"post-25302","1":"product","2":"type-product","3":"status-publish","4":"has-post-thumbnail","6":"product_cat-cleaning-products","7":"desktop-align-left","8":"tablet-align-left","9":"mobile-align-left","11":"first","12":"instock","13":"sale","14":"taxable","15":"shipping-taxable","16":"purchasable","17":"product-type-variable","18":"has-default-attributes"},"spectra_custom_meta":{"_visibility":["visible"],"_shopify_product_id":["9062247071989"],"_s2w_shopify_domain":["ferberpainting.myshopify.com"],"_shopify_variant_id":["46488605524213"],"_sku":[""],"_manage_stock":["no"],"total_sales":["3"],"_tax_status":["taxable"],"_tax_class":[""],"_backorders":["no"],"_sold_individually":["no"],"_virtual":["no"],"_downloadable":["no"],"_download_limit":["-1"],"_download_expiry":["-1"],"_stock":[null],"_stock_status":["instock"],"_wc_average_rating":["4.71"],"_wc_review_count":["7"],"_product_attributes":["a:1:{s:6:\"volume\";a:6:{s:4:\"name\";s:6:\"Volume\";s:5:\"value\";s:20:\"5 liters | 25 liters\";s:8:\"position\";i:1;s:10:\"is_visible\";i:0;s:12:\"is_variation\";i:1;s:11:\"is_taxonomy\";i:0;}}"],"_product_version":["10.5.1"],"_thumbnail_id":["27180"],"_product_image_gallery":["27181"],"wpse_downloadable_file_names":[""],"wpse_downloadable_file_urls":[""],"_edit_last":["1"],"_default_attributes":["a:1:{s:6:\"volume\";s:8:\"5 liters\";}"],"_edit_lock":["1771235089:1"],"_price":["29.90","129.90"],"merchant-center-availability":["yes"],"merchant-center-category":["1749"],"_wp_page_template":["default"],"site-sidebar-layout":["default"],"ast-site-content-layout":["default"],"site-content-style":["default"],"site-sidebar-style":["default"],"theme-transparent-header-meta":["default"],"_wc_rating_count":["a:2:{i:4;i:2;i:5;i:5;}"],"astra-migrate-meta-layouts":["set"],"_uag_css_file_name":["uag-css-25302.css"],"_elementor_page_assets":["a:0:{}"],"_uag_page_assets":["a:9:{s:3:\"css\";s:7133:\".uag-blocks-common-selector{z-index:var(--z-index-desktop) !important}@media(max-width: 976px){.uag-blocks-common-selector{z-index:var(--z-index-tablet) !important}}@media(max-width: 767px){.uag-blocks-common-selector{z-index:var(--z-index-mobile) !important}}.wp-block-uagb-image{display:flex}.wp-block-uagb-image__figure{position:relative;display:flex;flex-direction:column;max-width:100%;height:auto;margin:0}.wp-block-uagb-image__figure img{height:auto;display:flex;max-width:100%;transition:box-shadow .2s ease}.wp-block-uagb-image__figure>a{display:inline-block}.wp-block-uagb-image__figure figcaption{text-align:center;margin-top:.5em;margin-bottom:1em}.wp-block-uagb-image .components-placeholder.block-editor-media-placeholder .components-placeholder__instructions{align-self:center}.wp-block-uagb-image--align-left{text-align:left}.wp-block-uagb-image--align-right{text-align:right}.wp-block-uagb-image--align-center{text-align:center}.wp-block-uagb-image--align-full .wp-block-uagb-image__figure{margin-left:calc(50% - 50vw);margin-right:calc(50% - 50vw);max-width:100vw;width:100vw;height:auto}.wp-block-uagb-image--align-full .wp-block-uagb-image__figure img{height:auto;width:100% !important}.wp-block-uagb-image--align-wide .wp-block-uagb-image__figure img{height:auto;width:100%}.wp-block-uagb-image--layout-overlay__color-wrapper{position:absolute;left:0;top:0;right:0;bottom:0;opacity:.2;background:rgba(0,0,0,.5);transition:opacity .35s ease-in-out}.wp-block-uagb-image--layout-overlay-link{position:absolute;left:0;right:0;bottom:0;top:0}.wp-block-uagb-image--layout-overlay .wp-block-uagb-image__figure:hover .wp-block-uagb-image--layout-overlay__color-wrapper{opacity:1}.wp-block-uagb-image--layout-overlay__inner{position:absolute;left:15px;right:15px;bottom:15px;top:15px;display:flex;align-items:center;justify-content:center;flex-direction:column;border-color:#fff;transition:.35s ease-in-out}.wp-block-uagb-image--layout-overlay__inner.top-left,.wp-block-uagb-image--layout-overlay__inner.top-center,.wp-block-uagb-image--layout-overlay__inner.top-right{justify-content:flex-start}.wp-block-uagb-image--layout-overlay__inner.bottom-left,.wp-block-uagb-image--layout-overlay__inner.bottom-center,.wp-block-uagb-image--layout-overlay__inner.bottom-right{justify-content:flex-end}.wp-block-uagb-image--layout-overlay__inner.top-left,.wp-block-uagb-image--layout-overlay__inner.center-left,.wp-block-uagb-image--layout-overlay__inner.bottom-left{align-items:flex-start}.wp-block-uagb-image--layout-overlay__inner.top-right,.wp-block-uagb-image--layout-overlay__inner.center-right,.wp-block-uagb-image--layout-overlay__inner.bottom-right{align-items:flex-end}.wp-block-uagb-image--layout-overlay__inner .uagb-image-heading{color:#fff;transition:transform .35s,opacity .35s ease-in-out;transform:translate3d(0, 24px, 0);margin:0;line-height:1em}.wp-block-uagb-image--layout-overlay__inner .uagb-image-separator{width:30%;border-top-width:2px;border-top-color:#fff;border-top-style:solid;margin-bottom:10px;opacity:0;transition:transform .4s,opacity .4s ease-in-out;transform:translate3d(0, 30px, 0)}.wp-block-uagb-image--layout-overlay__inner .uagb-image-caption{opacity:0;overflow:visible;color:#fff;transition:transform .45s,opacity .45s ease-in-out;transform:translate3d(0, 35px, 0)}.wp-block-uagb-image--layout-overlay__inner:hover .uagb-image-heading,.wp-block-uagb-image--layout-overlay__inner:hover .uagb-image-separator,.wp-block-uagb-image--layout-overlay__inner:hover .uagb-image-caption{opacity:1;transform:translate3d(0, 0, 0)}.wp-block-uagb-image--effect-zoomin .wp-block-uagb-image__figure img,.wp-block-uagb-image--effect-zoomin .wp-block-uagb-image__figure .wp-block-uagb-image--layout-overlay__color-wrapper{transform:scale(1);transition:transform .35s ease-in-out}.wp-block-uagb-image--effect-zoomin .wp-block-uagb-image__figure:hover img,.wp-block-uagb-image--effect-zoomin .wp-block-uagb-image__figure:hover .wp-block-uagb-image--layout-overlay__color-wrapper{transform:scale(1.05)}.wp-block-uagb-image--effect-slide .wp-block-uagb-image__figure img,.wp-block-uagb-image--effect-slide .wp-block-uagb-image__figure .wp-block-uagb-image--layout-overlay__color-wrapper{width:calc(100% + 40px) !important;max-width:none !important;transform:translate3d(-40px, 0, 0);transition:transform .35s ease-in-out}.wp-block-uagb-image--effect-slide .wp-block-uagb-image__figure:hover img,.wp-block-uagb-image--effect-slide .wp-block-uagb-image__figure:hover .wp-block-uagb-image--layout-overlay__color-wrapper{transform:translate3d(0, 0, 0)}.wp-block-uagb-image--effect-grayscale img{filter:grayscale(0%);transition:.35s ease-in-out}.wp-block-uagb-image--effect-grayscale:hover img{filter:grayscale(100%)}.wp-block-uagb-image--effect-blur img{filter:blur(0);transition:.35s ease-in-out}.wp-block-uagb-image--effect-blur:hover img{filter:blur(3px)}.uagb-block-e6f939b3.wp-block-uagb-image--layout-default figure img{box-shadow: 0px 0px 0 #00000070;}.uagb-block-e6f939b3.wp-block-uagb-image .wp-block-uagb-image__figure figcaption{font-style: normal;align-self: center;}.uagb-block-e6f939b3.wp-block-uagb-image--layout-overlay figure img{box-shadow: 0px 0px 0 #00000070;}.uagb-block-e6f939b3.wp-block-uagb-image--layout-overlay .wp-block-uagb-image--layout-overlay__color-wrapper{opacity: 0.2;}.uagb-block-e6f939b3.wp-block-uagb-image--layout-overlay .wp-block-uagb-image--layout-overlay__inner{left: 15px;right: 15px;top: 15px;bottom: 15px;}.uagb-block-e6f939b3.wp-block-uagb-image--layout-overlay .wp-block-uagb-image--layout-overlay__inner .uagb-image-heading{font-style: normal;color: #fff;opacity: 1;}.uagb-block-e6f939b3.wp-block-uagb-image--layout-overlay .wp-block-uagb-image--layout-overlay__inner .uagb-image-heading a{color: #fff;}.uagb-block-e6f939b3.wp-block-uagb-image--layout-overlay .wp-block-uagb-image--layout-overlay__inner .uagb-image-caption{opacity: 0;}.uagb-block-e6f939b3.wp-block-uagb-image--layout-overlay .wp-block-uagb-image__figure:hover .wp-block-uagb-image--layout-overlay__color-wrapper{opacity: 1;}.uagb-block-e6f939b3.wp-block-uagb-image .wp-block-uagb-image--layout-overlay__inner .uagb-image-separator{width: 30%;border-top-width: 2px;border-top-color: #fff;opacity: 0;}.uagb-block-e6f939b3.wp-block-uagb-image .wp-block-uagb-image__figure img{width: px;height: auto;}.uagb-block-e6f939b3.wp-block-uagb-image .wp-block-uagb-image__figure:hover .wp-block-uagb-image--layout-overlay__inner .uagb-image-caption{opacity: 1;}.uagb-block-e6f939b3.wp-block-uagb-image .wp-block-uagb-image__figure:hover .wp-block-uagb-image--layout-overlay__inner .uagb-image-separator{opacity: 1;}.uagb-block-e6f939b3.wp-block-uagb-image--layout-default figure:hover img{box-shadow: 0px 0px 0 #00000070;}.uagb-block-e6f939b3.wp-block-uagb-image--layout-overlay figure:hover img{box-shadow: 0px 0px 0 #00000070;}@media only screen and (max-width: 976px) {.uagb-block-e6f939b3.wp-block-uagb-image .wp-block-uagb-image__figure img{width: px;height: auto;}}@media only screen and (max-width: 767px) {.uagb-block-e6f939b3.wp-block-uagb-image .wp-block-uagb-image__figure img{width: px;height: auto;}}\";s:2:\"js\";s:0:\"\";s:18:\"current_block_list\";a:13:{i:0;s:11:\"core\/search\";i:1;s:10:\"core\/group\";i:2;s:12:\"core\/heading\";i:3;s:17:\"core\/latest-posts\";i:4;s:20:\"core\/latest-comments\";i:5;s:13:\"core\/archives\";i:6;s:15:\"core\/categories\";i:7;s:14:\"core\/paragraph\";i:8;s:10:\"uagb\/image\";i:9;s:11:\"core\/spacer\";i:10;s:30:\"woocommerce\/product-categories\";i:11;s:10:\"core\/image\";i:12;s:14:\"core\/shortcode\";}s:8:\"uag_flag\";b:1;s:11:\"uag_version\";s:10:\"1777363564\";s:6:\"gfonts\";a:0:{}s:10:\"gfonts_url\";s:0:\"\";s:12:\"gfonts_files\";a:0:{}s:14:\"uag_faq_layout\";b:0;}"]},"uagb_featured_image_src":{"full":["https:\/\/www.ferberpainting.com\/wp-content\/uploads\/2025\/05\/SinkandBasinUnblocker5L.png",2560,2560,false],"thumbnail":["https:\/\/www.ferberpainting.com\/wp-content\/uploads\/2025\/05\/SinkandBasinUnblocker5L-150x150.png",150,150,true],"medium":["https:\/\/www.ferberpainting.com\/wp-content\/uploads\/2025\/05\/SinkandBasinUnblocker5L-300x300.png",300,300,true],"medium_large":["https:\/\/www.ferberpainting.com\/wp-content\/uploads\/2025\/05\/SinkandBasinUnblocker5L-768x768.png",768,768,true],"large":["https:\/\/www.ferberpainting.com\/wp-content\/uploads\/2025\/05\/SinkandBasinUnblocker5L-1024x1024.png",1024,1024,true],"1536x1536":["https:\/\/www.ferberpainting.com\/wp-content\/uploads\/2025\/05\/SinkandBasinUnblocker5L-1536x1536.png",1536,1536,true],"2048x2048":["https:\/\/www.ferberpainting.com\/wp-content\/uploads\/2025\/05\/SinkandBasinUnblocker5L-2048x2048.png",2048,2048,true],"trp-custom-language-flag":["https:\/\/www.ferberpainting.com\/wp-content\/uploads\/2025\/05\/SinkandBasinUnblocker5L-12x12.png",12,12,true],"woocommerce_thumbnail":["https:\/\/www.ferberpainting.com\/wp-content\/uploads\/2025\/05\/SinkandBasinUnblocker5L-300x300.png",300,300,true],"woocommerce_single":["https:\/\/www.ferberpainting.com\/wp-content\/uploads\/2025\/05\/SinkandBasinUnblocker5L-600x600.png",600,600,true],"woocommerce_gallery_thumbnail":["https:\/\/www.ferberpainting.com\/wp-content\/uploads\/2025\/05\/SinkandBasinUnblocker5L-100x100.png",100,100,true]},"uagb_author_info":{"display_name":"admin","author_link":"https:\/\/www.ferberpainting.com\/fi\/author\/"},"uagb_comment_info":7,"uagb_excerpt":"Fast and effective removal of household clogs.\u00a0This sink and washbasin unblocker is specially formulated to quickly dissolve clogs caused by food residues, grease, soap, hair, and other impurities that obstruct pipes. It works deeply to restore a smooth flow and prevent bad odors caused by the accumulation of organic matter in the drains. Money-back guarantee.\u00a0We&hellip;","_links":{"self":[{"href":"https:\/\/www.ferberpainting.com\/fi\/wp-json\/wp\/v2\/product\/25302","targetHints":{"allow":["GET"]}}],"collection":[{"href":"https:\/\/www.ferberpainting.com\/fi\/wp-json\/wp\/v2\/product"}],"about":[{"href":"https:\/\/www.ferberpainting.com\/fi\/wp-json\/wp\/v2\/types\/product"}],"replies":[{"embeddable":true,"href":"https:\/\/www.ferberpainting.com\/fi\/wp-json\/wp\/v2\/comments?post=25302"}],"version-history":[{"count":3,"href":"https:\/\/www.ferberpainting.com\/fi\/wp-json\/wp\/v2\/product\/25302\/revisions"}],"predecessor-version":[{"id":167291,"href":"https:\/\/www.ferberpainting.com\/fi\/wp-json\/wp\/v2\/product\/25302\/revisions\/167291"}],"wp:featuredmedia":[{"embeddable":true,"href":"https:\/\/www.ferberpainting.com\/fi\/wp-json\/wp\/v2\/media\/27180"}],"wp:attachment":[{"href":"https:\/\/www.ferberpainting.com\/fi\/wp-json\/wp\/v2\/media?parent=25302"}],"wp:term":[{"taxonomy":"product_brand","embeddable":true,"href":"https:\/\/www.ferberpainting.com\/fi\/wp-json\/wp\/v2\/product_brand?post=25302"},{"taxonomy":"product_cat","embeddable":true,"href":"https:\/\/www.ferberpainting.com\/fi\/wp-json\/wp\/v2\/product_cat?post=25302"},{"taxonomy":"product_tag","embeddable":true,"href":"https:\/\/www.ferberpainting.com\/fi\/wp-json\/wp\/v2\/product_tag?post=25302"}],"curies":[{"name":"wp","href":"https:\/\/api.w.org\/{rel}","templated":true}]}}