{"id":25287,"date":"2025-06-18T09:29:11","date_gmt":"2025-06-18T07:29:11","guid":{"rendered":"https:\/\/www.ferberpainting.com\/?post_type=product&#038;p=25287"},"modified":"2026-02-16T10:32:28","modified_gmt":"2026-02-16T09:32:28","slug":"shoe-water-repellent","status":"publish","type":"product","link":"https:\/\/www.ferberpainting.com\/fi\/products\/shoe-water-repellent\/","title":{"rendered":"Vedenkest\u00e4v\u00e4 kengille"},"content":{"rendered":"<p><strong><img decoding=\"async\" style=\"margin-right: 12px;\" src=\"https:\/\/www.ferberpainting.com\/wp-content\/uploads\/2026\/02\/Check.svg\" alt=\"\" width=\"18\" height=\"15\" \/>Tehokas suoja kosteutta ja tahroja vastaan.<\/strong>\u00a0T\u00e4m\u00e4 kenkien vedenpit\u00e4j\u00e4 on ihanteellinen ratkaisu kenkien suojaamiseen s\u00e4\u00e4lt\u00e4, kosteudelta, mudalta ja tahroilta. Olivatpa kenk\u00e4si sitten nahkaa, kangasta, mokkanahkaa tai nupukkia, t\u00e4m\u00e4 tuote muodostaa n\u00e4kym\u00e4tt\u00f6m\u00e4n esteen, joka est\u00e4\u00e4 veden tunkeutumisen ja antaa materiaalin hengitt\u00e4\u00e4. Se pit\u00e4\u00e4 jalkasi kuivina my\u00f6s sateella ja est\u00e4\u00e4 vesileimoja ja tahroja, jotka voisivat muuttaa kenkiesi ulkon\u00e4k\u00f6\u00e4. Kenk\u00e4si pysyv\u00e4t uuden n\u00e4k\u00f6isin\u00e4, suojattuina ja valmiina kohtaamaan kaikki s\u00e4\u00e4olosuhteet.<\/p>\n<p><strong><img decoding=\"async\" style=\"margin-right: 12px;\" src=\"https:\/\/www.ferberpainting.com\/wp-content\/uploads\/2026\/02\/Check.svg\" alt=\"\" width=\"18\" height=\"15\" \/>Rahat takaisin -takuu.<\/strong>\u00a0Luotamme tuotteemme tehokkuuteen, mink\u00e4 vuoksi tarjoamme tyytyv\u00e4isyystakuun tai rahat takaisin -takuun. Jos et jostain syyst\u00e4 ole t\u00e4ysin tyytyv\u00e4inen kenkien vedenpit\u00e4v\u00e4n aineemme tuloksiin, voit pyyt\u00e4\u00e4 t\u00e4ytt\u00e4 hyvityst\u00e4. T\u00e4m\u00e4n takuun ansiosta voit ostaa mielenrauhassa tiet\u00e4en, ett\u00e4 voit saada rahasi takaisin, jos tuote ei vastaa odotuksiasi.<\/p>\n<p><strong><img decoding=\"async\" style=\"margin-right: 12px;\" src=\"https:\/\/www.ferberpainting.com\/wp-content\/uploads\/2026\/02\/Check.svg\" alt=\"\" width=\"18\" height=\"15\" \/>Monipuolinen eri materiaaleille.<\/strong>\u00a0T\u00e4m\u00e4 kenkien vedenpit\u00e4v\u00e4 aine on eritt\u00e4in monipuolinen ja toimii monenlaisille materiaaleille. Se sopii erinomaisesti nahalle, kankaalle, mokkanahalle, nupukille ja synteettisille materiaaleille. Sit\u00e4 voidaan k\u00e4ytt\u00e4\u00e4 my\u00f6s n\u00e4ist\u00e4 materiaaleista valmistettuihin laukkuihin, takkeihin, k\u00e4sineisiin ja muihin asusteisiin. Olivatpa kenk\u00e4si sitten urheilulliset, tyylikk\u00e4\u00e4t tai rennot canvas-lenkkarit, t\u00e4m\u00e4 tuote tarjoaa luotettavan ja kest\u00e4v\u00e4n suojan kosteutta ja tahroja vastaan.<\/p>\n<p><strong><img decoding=\"async\" style=\"margin-right: 12px;\" src=\"https:\/\/www.ferberpainting.com\/wp-content\/uploads\/2026\/02\/Check.svg\" alt=\"\" width=\"18\" height=\"15\" \/>Kustannustehokas.<\/strong>\u00a0T\u00e4m\u00e4 tuote on eritt\u00e4in taloudellinen k\u00e4ytt\u00e4\u00e4. 5 litran s\u00e4ili\u00f6ll\u00e4 voit k\u00e4sitell\u00e4 suuren m\u00e4\u00e4r\u00e4n kenki\u00e4. Keskim\u00e4\u00e4rin yhdell\u00e4 litralla vedenpit\u00e4v\u00e4\u00e4 ainetta voidaan k\u00e4sitell\u00e4 jopa 50 kenk\u00e4paria, riippuen k\u00e4ytetyst\u00e4 m\u00e4\u00e4r\u00e4st\u00e4 ja materiaalityypist\u00e4. T\u00e4m\u00e4 suuri saanto tekee keng\u00e4n vedeneristeest\u00e4 kustannustehokkaan ja pitk\u00e4aikaisen ratkaisun, joka tarjoaa pitk\u00e4kestoisen suojan ilman usein toistuvaa uudelleenk\u00e4sittely\u00e4.<\/p>\n<p><strong><img decoding=\"async\" style=\"margin-right: 12px;\" src=\"https:\/\/www.ferberpainting.com\/wp-content\/uploads\/2026\/02\/Check.svg\" alt=\"\" width=\"18\" height=\"15\" \/>Turvallinen ja materiaaliyst\u00e4v\u00e4llinen.<\/strong>\u00a0T\u00e4m\u00e4 kenkien vedenpit\u00e4v\u00e4 aine on kehitetty niin, ett\u00e4 se on turvallinen sek\u00e4 sinulle ett\u00e4 kengillesi. Se on valmistettu hell\u00e4varaisista ainesosista, jotka eiv\u00e4t muuta materiaalin v\u00e4ri\u00e4 tai rakennetta eiv\u00e4tk\u00e4 vahingoita pintaa. Se ei my\u00f6sk\u00e4\u00e4n sis\u00e4ll\u00e4 haitallisia kemikaaleja, joten se on turvallinen kotik\u00e4ytt\u00f6\u00f6n. Voit k\u00e4ytt\u00e4\u00e4 t\u00e4t\u00e4 tuotetta luottavaisin mielin tiet\u00e4en, ettei se vahingoita terveytt\u00e4si tai kenki\u00e4si.<\/p>\n<p><strong><img decoding=\"async\" style=\"margin-right: 12px;\" src=\"https:\/\/www.ferberpainting.com\/wp-content\/uploads\/2026\/02\/Check.svg\" alt=\"\" width=\"18\" height=\"15\" \/>Helppok\u00e4ytt\u00f6inen.<\/strong>\u00a0Keng\u00e4n vedeneristeen k\u00e4ytt\u00f6 on yksinkertaista ja nopeaa. Se on k\u00e4ytt\u00f6valmis, eik\u00e4 vaadi laimentamista tai monimutkaista valmistelua. Suihkuta tuotetta vain tasaisesti kenkien pinnalle ja varmista, ett\u00e4 se kattaa kaikki kosteudelle alttiit alueet. Vedeneriste levi\u00e4\u00e4 helposti ja tunkeutuu nopeasti materiaaliin muodostaen n\u00e4kym\u00e4tt\u00f6m\u00e4n suojan. Vain muutamalla helpolla toimenpiteell\u00e4 kenk\u00e4si ovat valmiit kohtaamaan sateen tai lumen.<\/p>\n<p><strong><img decoding=\"async\" style=\"margin-right: 12px;\" src=\"https:\/\/www.ferberpainting.com\/wp-content\/uploads\/2026\/02\/Check.svg\" alt=\"\" width=\"18\" height=\"15\" \/>Kest\u00e4v\u00e4 suojaus.<\/strong>\u00a0Keng\u00e4n vedenpit\u00e4v\u00e4 suoja-aine takaa pitk\u00e4kestoisen suojan. Kun se on levitetty, se muodostaa kest\u00e4v\u00e4n esteen, joka hylkii vett\u00e4 ja tahroja jopa useiden puhdistusten j\u00e4lkeen. Kenki\u00e4 ei tarvitse levitt\u00e4\u00e4 uudelleen jokaisen pesun tai sateessa k\u00e4velyn j\u00e4lkeen. Suojaus kest\u00e4\u00e4 useita kuukausia, mik\u00e4 auttaa pit\u00e4m\u00e4\u00e4n keng\u00e4t t\u00e4ydellisess\u00e4 kunnossa ilman huolta kosteudesta tai liasta. T\u00e4m\u00e4 tuote on kest\u00e4v\u00e4 ratkaisu kenkiesi suojaamiseen.<\/p>\n<p><strong><img decoding=\"async\" style=\"margin-right: 12px;\" src=\"https:\/\/www.ferberpainting.com\/wp-content\/uploads\/2026\/02\/Check.svg\" alt=\"\" width=\"18\" height=\"15\" \/>Nopeasti vaikuttava.<\/strong>\u00a0T\u00e4m\u00e4 tuote toimii nopeasti. Levityksen j\u00e4lkeen se kuivuu noin 1-2 tunnissa huoneenl\u00e4mm\u00f6ss\u00e4 s\u00e4\u00e4olosuhteista ja materiaalityypist\u00e4 riippuen. T\u00e4m\u00e4 tarkoittaa, ett\u00e4 voit k\u00e4ytt\u00e4\u00e4 kenki\u00e4si nopeasti uudelleen ilman tuntikausien odottelua. Kuivuttuaan suojaus on v\u00e4litt\u00f6m\u00e4sti aktiivinen. Tuotteen tehoa ei tarvitse odottaa tuntikausia - lyhyen kuivumisajan j\u00e4lkeen kenk\u00e4si ovat t\u00e4ysin suojattuja.<\/p>\n<h2><strong>K\u00e4ytt\u00f6protokolla<\/strong><\/h2>\n<ul>\n<li><strong>Pinnan valmistelu <\/strong>: Varmista, ett\u00e4 kenk\u00e4si ovat puhtaat ja kuivat ennen keng\u00e4nsuoja-aineen levitt\u00e4mist\u00e4. Poista mahdollinen lika tai p\u00f6ly pehme\u00e4ll\u00e4 liinalla tai harjalla. Jos kenk\u00e4si ovat hyvin likaiset, on suositeltavaa puhdistaa ne ennen tuotteen levitt\u00e4mist\u00e4. Levitt\u00e4minen puhtaalle pinnalle mahdollistaa paremman tarttuvuuden ja tehokkaamman suojan.<\/li>\n<li><strong>Tuotteen k\u00e4ytt\u00f6 <\/strong>: Ravista pulloa hyvin ennen k\u00e4ytt\u00f6\u00e4. Levit\u00e4 tuote noin 20 cm:n et\u00e4isyydelle keng\u00e4n pinnasta. Suihkuta tasainen, kevyt kerros koko keng\u00e4n pinnalle keskittyen kosteudelle erityisen alttiisiin kohtiin, kuten saumoihin ja pohjiin. V\u00e4lt\u00e4 materiaalien ylikyll\u00e4st\u00e4mist\u00e4 - levit\u00e4 ohut ja tasainen kerros. Jos k\u00e4yt\u00e4t mokka- tai nupukkimateriaaliin, v\u00e4lt\u00e4 kankaan ylikostuttamista n\u00e4kyvien j\u00e4lkien v\u00e4ltt\u00e4miseksi.<\/li>\n<li><strong>Tasainen kattavuus <\/strong>: K\u00e4yt\u00e4 tarvittaessa puhdasta, pehme\u00e4\u00e4 liinaa tasoittaaksesi tuotteen tasaisen levityksen, erityisesti alueilla, joihin ruisku ei p\u00e4\u00e4se. T\u00e4m\u00e4 auttaa saavuttamaan tasaisen peitt\u00e4vyyden ja tehokkaan suojan koko keng\u00e4n alueella.<\/li>\n<li><strong>Kuivumisaika <\/strong>: Anna kenkien kuivua noin 1-2 tuntia huoneenl\u00e4mm\u00f6ss\u00e4 ja ilmankosteudessa. \u00c4l\u00e4 k\u00e4yt\u00e4 kenki\u00e4 kuivauksen aikana, jotta suojaus ei vaarannu. Jos mahdollista, aseta keng\u00e4t hyvin tuuletettuun huoneeseen.<\/li>\n<li><strong>Uudelleenhakemus <\/strong>: K\u00e4yt\u00f6st\u00e4 riippuen voit levitt\u00e4\u00e4 toisen kerroksen vahvistaaksesi suojaa, erityisesti jos kenk\u00e4si altistuvat usein m\u00e4rille tai likaisille olosuhteille. Varmista, ett\u00e4 ensimm\u00e4inen kerros on t\u00e4ysin kuiva ennen toisen kerroksen levitt\u00e4mist\u00e4.<\/li>\n<li><strong>J\u00e4lkihoito <\/strong>: Levitt\u00e4misen j\u00e4lkeen voit puhdistaa kenk\u00e4si normaalisti poistamatta suojaa. V\u00e4lt\u00e4 kuitenkin liian voimakasta hankausta k\u00e4sitellyill\u00e4 alueilla. Tarvittaessa vedenpit\u00e4v\u00e4\u00e4 ainetta on k\u00e4ytett\u00e4v\u00e4 uudelleen 6 kuukauden v\u00e4lein tehokkuuden s\u00e4ilytt\u00e4miseksi tai useammin k\u00e4yt\u00f6n intensiteetin mukaan.<\/li>\n<\/ul>\n<p>Kenkien vedenpit\u00e4j\u00e4 on yksinkertainen, nopea ja edullinen tuote, jolla voit pident\u00e4\u00e4 kenkiesi k\u00e4ytt\u00f6ik\u00e4\u00e4 s\u00e4ilytt\u00e4en samalla niiden ulkon\u00e4\u00f6n. Helpon levityksens\u00e4 ja pitk\u00e4kestoisen koostumuksensa ansiosta siit\u00e4 tulee jokaisen keng\u00e4nomistajan v\u00e4ltt\u00e4m\u00e4t\u00f6n liittolainen, olipa se valmistettu nahasta, mokkanahasta, kankaasta tai synteettisist\u00e4 materiaaleista. \u00c4l\u00e4 anna kosteuden ja tahrojen pilata kenki\u00e4si, vaan suojaa ne tehokkaalla ja n\u00e4kym\u00e4tt\u00f6m\u00e4ll\u00e4 vedenpit\u00e4v\u00e4ll\u00e4 ratkaisullamme.<\/p>","protected":false},"excerpt":{"rendered":"<p>Effective Protection Against Moisture and Stains.\u00a0This shoe waterproofer is the ideal solution to protect your shoes from the elements, humidity, mud, and stains. Whether your shoes are made of leather, canvas, suede, or nubuck, this product forms an invisible barrier that prevents water from penetrating while allowing the material to breathe. It keeps your feet [&hellip;]<\/p>\n","protected":false},"featured_media":30017,"comment_status":"open","ping_status":"closed","template":"","meta":{"_uag_custom_page_level_css":"","site-sidebar-layout":"default","site-content-layout":"","ast-site-content-layout":"default","site-content-style":"default","site-sidebar-style":"default","ast-global-header-display":"","ast-banner-title-visibility":"","ast-main-header-display":"","ast-hfb-above-header-display":"","ast-hfb-below-header-display":"","ast-hfb-mobile-header-display":"","site-post-title":"","ast-breadcrumbs-content":"","ast-featured-img":"","footer-sml-layout":"","ast-disable-related-posts":"","theme-transparent-header-meta":"default","adv-header-id-meta":"","stick-header-meta":"","header-above-stick-meta":"","header-main-stick-meta":"","header-below-stick-meta":"","astra-migrate-meta-layouts":"set","ast-page-background-enabled":"default","ast-page-background-meta":{"desktop":{"background-color":"var(--ast-global-color-4)","background-image":"","background-repeat":"repeat","background-position":"center center","background-size":"auto","background-attachment":"scroll","background-type":"","background-media":"","overlay-type":"","overlay-color":"","overlay-opacity":"","overlay-gradient":""},"tablet":{"background-color":"","background-image":"","background-repeat":"repeat","background-position":"center center","background-size":"auto","background-attachment":"scroll","background-type":"","background-media":"","overlay-type":"","overlay-color":"","overlay-opacity":"","overlay-gradient":""},"mobile":{"background-color":"","background-image":"","background-repeat":"repeat","background-position":"center center","background-size":"auto","background-attachment":"scroll","background-type":"","background-media":"","overlay-type":"","overlay-color":"","overlay-opacity":"","overlay-gradient":""}},"ast-content-background-meta":{"desktop":{"background-color":"var(--ast-global-color-5)","background-image":"","background-repeat":"repeat","background-position":"center center","background-size":"auto","background-attachment":"scroll","background-type":"","background-media":"","overlay-type":"","overlay-color":"","overlay-opacity":"","overlay-gradient":""},"tablet":{"background-color":"var(--ast-global-color-5)","background-image":"","background-repeat":"repeat","background-position":"center center","background-size":"auto","background-attachment":"scroll","background-type":"","background-media":"","overlay-type":"","overlay-color":"","overlay-opacity":"","overlay-gradient":""},"mobile":{"background-color":"var(--ast-global-color-5)","background-image":"","background-repeat":"repeat","background-position":"center center","background-size":"auto","background-attachment":"scroll","background-type":"","background-media":"","overlay-type":"","overlay-color":"","overlay-opacity":"","overlay-gradient":""}}},"product_brand":[],"product_cat":[191],"product_tag":[],"class_list":{"0":"post-25287","1":"product","2":"type-product","3":"status-publish","4":"has-post-thumbnail","6":"product_cat-water-repellent","7":"desktop-align-left","8":"tablet-align-left","9":"mobile-align-left","11":"first","12":"instock","13":"sale","14":"taxable","15":"shipping-taxable","16":"purchasable","17":"product-type-variable","18":"has-default-attributes"},"spectra_custom_meta":{"_visibility":["visible"],"_shopify_product_id":["9106574082293"],"_s2w_shopify_domain":["ferberpainting.myshopify.com"],"_shopify_variant_id":["46626284634357"],"_sku":[""],"_manage_stock":["no"],"total_sales":["33"],"_tax_status":["taxable"],"_tax_class":[""],"_backorders":["no"],"_sold_individually":["no"],"_virtual":["no"],"_downloadable":["no"],"_download_limit":["-1"],"_download_expiry":["-1"],"_stock":[null],"_stock_status":["instock"],"_wc_average_rating":["5.00"],"_wc_review_count":["10"],"_product_attributes":["a:1:{s:6:\"volume\";a:6:{s:4:\"name\";s:6:\"Volume\";s:5:\"value\";s:20:\"5 liters | 25 liters\";s:8:\"position\";i:1;s:10:\"is_visible\";i:0;s:12:\"is_variation\";i:1;s:11:\"is_taxonomy\";i:0;}}"],"_product_version":["10.5.1"],"wpse_downloadable_file_names":[""],"wpse_downloadable_file_urls":[""],"_edit_last":["1"],"_default_attributes":["a:1:{s:6:\"volume\";s:8:\"5 liters\";}"],"_edit_lock":["1771234208:1"],"_thumbnail_id":["30017"],"_wp_page_template":["default"],"_wp_old_date":["2025-05-26"],"_product_image_gallery":["30018"],"site-sidebar-layout":["default"],"ast-site-content-layout":["default"],"site-content-style":["default"],"site-sidebar-style":["default"],"theme-transparent-header-meta":["default"],"merchant-center-availability":["yes"],"merchant-center-category":["5604"],"_price":["29.90","129.90"],"_wc_rating_count":["a:1:{i:5;i:10;}"],"astra-migrate-meta-layouts":["set"],"_uag_css_file_name":["uag-css-25287.css"],"_elementor_page_assets":["a:0:{}"],"_uag_page_assets":["a:9:{s:3:\"css\";s:6873:\".wp-block-uagb-image{display:flex}.wp-block-uagb-image__figure{position:relative;display:flex;flex-direction:column;max-width:100%;height:auto;margin:0}.wp-block-uagb-image__figure img{height:auto;display:flex;max-width:100%;transition:box-shadow .2s ease}.wp-block-uagb-image__figure>a{display:inline-block}.wp-block-uagb-image__figure figcaption{text-align:center;margin-top:.5em;margin-bottom:1em}.wp-block-uagb-image .components-placeholder.block-editor-media-placeholder .components-placeholder__instructions{align-self:center}.wp-block-uagb-image--align-left{text-align:left}.wp-block-uagb-image--align-right{text-align:right}.wp-block-uagb-image--align-center{text-align:center}.wp-block-uagb-image--align-full .wp-block-uagb-image__figure{margin-left:calc(50% - 50vw);margin-right:calc(50% - 50vw);max-width:100vw;width:100vw;height:auto}.wp-block-uagb-image--align-full .wp-block-uagb-image__figure img{height:auto;width:100% !important}.wp-block-uagb-image--align-wide .wp-block-uagb-image__figure img{height:auto;width:100%}.wp-block-uagb-image--layout-overlay__color-wrapper{position:absolute;left:0;top:0;right:0;bottom:0;opacity:.2;background:rgba(0,0,0,.5);transition:opacity .35s ease-in-out}.wp-block-uagb-image--layout-overlay-link{position:absolute;left:0;right:0;bottom:0;top:0}.wp-block-uagb-image--layout-overlay .wp-block-uagb-image__figure:hover .wp-block-uagb-image--layout-overlay__color-wrapper{opacity:1}.wp-block-uagb-image--layout-overlay__inner{position:absolute;left:15px;right:15px;bottom:15px;top:15px;display:flex;align-items:center;justify-content:center;flex-direction:column;border-color:#fff;transition:.35s ease-in-out}.wp-block-uagb-image--layout-overlay__inner.top-left,.wp-block-uagb-image--layout-overlay__inner.top-center,.wp-block-uagb-image--layout-overlay__inner.top-right{justify-content:flex-start}.wp-block-uagb-image--layout-overlay__inner.bottom-left,.wp-block-uagb-image--layout-overlay__inner.bottom-center,.wp-block-uagb-image--layout-overlay__inner.bottom-right{justify-content:flex-end}.wp-block-uagb-image--layout-overlay__inner.top-left,.wp-block-uagb-image--layout-overlay__inner.center-left,.wp-block-uagb-image--layout-overlay__inner.bottom-left{align-items:flex-start}.wp-block-uagb-image--layout-overlay__inner.top-right,.wp-block-uagb-image--layout-overlay__inner.center-right,.wp-block-uagb-image--layout-overlay__inner.bottom-right{align-items:flex-end}.wp-block-uagb-image--layout-overlay__inner .uagb-image-heading{color:#fff;transition:transform .35s,opacity .35s ease-in-out;transform:translate3d(0, 24px, 0);margin:0;line-height:1em}.wp-block-uagb-image--layout-overlay__inner .uagb-image-separator{width:30%;border-top-width:2px;border-top-color:#fff;border-top-style:solid;margin-bottom:10px;opacity:0;transition:transform .4s,opacity .4s ease-in-out;transform:translate3d(0, 30px, 0)}.wp-block-uagb-image--layout-overlay__inner .uagb-image-caption{opacity:0;overflow:visible;color:#fff;transition:transform .45s,opacity .45s ease-in-out;transform:translate3d(0, 35px, 0)}.wp-block-uagb-image--layout-overlay__inner:hover .uagb-image-heading,.wp-block-uagb-image--layout-overlay__inner:hover .uagb-image-separator,.wp-block-uagb-image--layout-overlay__inner:hover .uagb-image-caption{opacity:1;transform:translate3d(0, 0, 0)}.wp-block-uagb-image--effect-zoomin .wp-block-uagb-image__figure img,.wp-block-uagb-image--effect-zoomin .wp-block-uagb-image__figure .wp-block-uagb-image--layout-overlay__color-wrapper{transform:scale(1);transition:transform .35s ease-in-out}.wp-block-uagb-image--effect-zoomin .wp-block-uagb-image__figure:hover img,.wp-block-uagb-image--effect-zoomin .wp-block-uagb-image__figure:hover .wp-block-uagb-image--layout-overlay__color-wrapper{transform:scale(1.05)}.wp-block-uagb-image--effect-slide .wp-block-uagb-image__figure img,.wp-block-uagb-image--effect-slide .wp-block-uagb-image__figure .wp-block-uagb-image--layout-overlay__color-wrapper{width:calc(100% + 40px) !important;max-width:none !important;transform:translate3d(-40px, 0, 0);transition:transform .35s ease-in-out}.wp-block-uagb-image--effect-slide .wp-block-uagb-image__figure:hover img,.wp-block-uagb-image--effect-slide .wp-block-uagb-image__figure:hover .wp-block-uagb-image--layout-overlay__color-wrapper{transform:translate3d(0, 0, 0)}.wp-block-uagb-image--effect-grayscale img{filter:grayscale(0%);transition:.35s ease-in-out}.wp-block-uagb-image--effect-grayscale:hover img{filter:grayscale(100%)}.wp-block-uagb-image--effect-blur img{filter:blur(0);transition:.35s ease-in-out}.wp-block-uagb-image--effect-blur:hover img{filter:blur(3px)}.uagb-block-e6f939b3.wp-block-uagb-image--layout-default figure img{box-shadow: 0px 0px 0 #00000070;}.uagb-block-e6f939b3.wp-block-uagb-image .wp-block-uagb-image__figure figcaption{font-style: normal;align-self: center;}.uagb-block-e6f939b3.wp-block-uagb-image--layout-overlay figure img{box-shadow: 0px 0px 0 #00000070;}.uagb-block-e6f939b3.wp-block-uagb-image--layout-overlay .wp-block-uagb-image--layout-overlay__color-wrapper{opacity: 0.2;}.uagb-block-e6f939b3.wp-block-uagb-image--layout-overlay .wp-block-uagb-image--layout-overlay__inner{left: 15px;right: 15px;top: 15px;bottom: 15px;}.uagb-block-e6f939b3.wp-block-uagb-image--layout-overlay .wp-block-uagb-image--layout-overlay__inner .uagb-image-heading{font-style: normal;color: #fff;opacity: 1;}.uagb-block-e6f939b3.wp-block-uagb-image--layout-overlay .wp-block-uagb-image--layout-overlay__inner .uagb-image-heading a{color: #fff;}.uagb-block-e6f939b3.wp-block-uagb-image--layout-overlay .wp-block-uagb-image--layout-overlay__inner .uagb-image-caption{opacity: 0;}.uagb-block-e6f939b3.wp-block-uagb-image--layout-overlay .wp-block-uagb-image__figure:hover .wp-block-uagb-image--layout-overlay__color-wrapper{opacity: 1;}.uagb-block-e6f939b3.wp-block-uagb-image .wp-block-uagb-image--layout-overlay__inner .uagb-image-separator{width: 30%;border-top-width: 2px;border-top-color: #fff;opacity: 0;}.uagb-block-e6f939b3.wp-block-uagb-image .wp-block-uagb-image__figure img{width: px;height: auto;}.uagb-block-e6f939b3.wp-block-uagb-image .wp-block-uagb-image__figure:hover .wp-block-uagb-image--layout-overlay__inner .uagb-image-caption{opacity: 1;}.uagb-block-e6f939b3.wp-block-uagb-image .wp-block-uagb-image__figure:hover .wp-block-uagb-image--layout-overlay__inner .uagb-image-separator{opacity: 1;}.uagb-block-e6f939b3.wp-block-uagb-image--layout-default figure:hover img{box-shadow: 0px 0px 0 #00000070;}.uagb-block-e6f939b3.wp-block-uagb-image--layout-overlay figure:hover img{box-shadow: 0px 0px 0 #00000070;}@media only screen and (max-width: 976px) {.uagb-block-e6f939b3.wp-block-uagb-image .wp-block-uagb-image__figure img{width: px;height: auto;}}@media only screen and (max-width: 767px) {.uagb-block-e6f939b3.wp-block-uagb-image .wp-block-uagb-image__figure img{width: px;height: auto;}}\";s:2:\"js\";s:0:\"\";s:18:\"current_block_list\";a:13:{i:0;s:11:\"core\/search\";i:1;s:10:\"core\/group\";i:2;s:12:\"core\/heading\";i:3;s:17:\"core\/latest-posts\";i:4;s:20:\"core\/latest-comments\";i:5;s:13:\"core\/archives\";i:6;s:15:\"core\/categories\";i:7;s:14:\"core\/paragraph\";i:8;s:10:\"uagb\/image\";i:9;s:11:\"core\/spacer\";i:10;s:30:\"woocommerce\/product-categories\";i:11;s:10:\"core\/image\";i:12;s:14:\"core\/shortcode\";}s:8:\"uag_flag\";b:1;s:11:\"uag_version\";s:10:\"1777264271\";s:6:\"gfonts\";a:0:{}s:10:\"gfonts_url\";s:0:\"\";s:12:\"gfonts_files\";a:0:{}s:14:\"uag_faq_layout\";b:0;}"]},"uagb_featured_image_src":{"full":["https:\/\/www.ferberpainting.com\/wp-content\/uploads\/2025\/05\/Shoe-Water-Repellent-5L.png",2560,2560,false],"thumbnail":["https:\/\/www.ferberpainting.com\/wp-content\/uploads\/2025\/05\/Shoe-Water-Repellent-5L-150x150.png",150,150,true],"medium":["https:\/\/www.ferberpainting.com\/wp-content\/uploads\/2025\/05\/Shoe-Water-Repellent-5L-300x300.png",300,300,true],"medium_large":["https:\/\/www.ferberpainting.com\/wp-content\/uploads\/2025\/05\/Shoe-Water-Repellent-5L-768x768.png",768,768,true],"large":["https:\/\/www.ferberpainting.com\/wp-content\/uploads\/2025\/05\/Shoe-Water-Repellent-5L-1024x1024.png",1024,1024,true],"1536x1536":["https:\/\/www.ferberpainting.com\/wp-content\/uploads\/2025\/05\/Shoe-Water-Repellent-5L-1536x1536.png",1536,1536,true],"2048x2048":["https:\/\/www.ferberpainting.com\/wp-content\/uploads\/2025\/05\/Shoe-Water-Repellent-5L-2048x2048.png",2048,2048,true],"trp-custom-language-flag":["https:\/\/www.ferberpainting.com\/wp-content\/uploads\/2025\/05\/Shoe-Water-Repellent-5L-12x12.png",12,12,true],"woocommerce_thumbnail":["https:\/\/www.ferberpainting.com\/wp-content\/uploads\/2025\/05\/Shoe-Water-Repellent-5L-300x300.png",300,300,true],"woocommerce_single":["https:\/\/www.ferberpainting.com\/wp-content\/uploads\/2025\/05\/Shoe-Water-Repellent-5L-600x600.png",600,600,true],"woocommerce_gallery_thumbnail":["https:\/\/www.ferberpainting.com\/wp-content\/uploads\/2025\/05\/Shoe-Water-Repellent-5L-100x100.png",100,100,true]},"uagb_author_info":{"display_name":"admin","author_link":"https:\/\/www.ferberpainting.com\/fi\/author\/"},"uagb_comment_info":10,"uagb_excerpt":"Effective Protection Against Moisture and Stains.\u00a0This shoe waterproofer is the ideal solution to protect your shoes from the elements, humidity, mud, and stains. Whether your shoes are made of leather, canvas, suede, or nubuck, this product forms an invisible barrier that prevents water from penetrating while allowing the material to breathe. It keeps your feet&hellip;","_links":{"self":[{"href":"https:\/\/www.ferberpainting.com\/fi\/wp-json\/wp\/v2\/product\/25287","targetHints":{"allow":["GET"]}}],"collection":[{"href":"https:\/\/www.ferberpainting.com\/fi\/wp-json\/wp\/v2\/product"}],"about":[{"href":"https:\/\/www.ferberpainting.com\/fi\/wp-json\/wp\/v2\/types\/product"}],"replies":[{"embeddable":true,"href":"https:\/\/www.ferberpainting.com\/fi\/wp-json\/wp\/v2\/comments?post=25287"}],"version-history":[{"count":4,"href":"https:\/\/www.ferberpainting.com\/fi\/wp-json\/wp\/v2\/product\/25287\/revisions"}],"predecessor-version":[{"id":167269,"href":"https:\/\/www.ferberpainting.com\/fi\/wp-json\/wp\/v2\/product\/25287\/revisions\/167269"}],"wp:featuredmedia":[{"embeddable":true,"href":"https:\/\/www.ferberpainting.com\/fi\/wp-json\/wp\/v2\/media\/30017"}],"wp:attachment":[{"href":"https:\/\/www.ferberpainting.com\/fi\/wp-json\/wp\/v2\/media?parent=25287"}],"wp:term":[{"taxonomy":"product_brand","embeddable":true,"href":"https:\/\/www.ferberpainting.com\/fi\/wp-json\/wp\/v2\/product_brand?post=25287"},{"taxonomy":"product_cat","embeddable":true,"href":"https:\/\/www.ferberpainting.com\/fi\/wp-json\/wp\/v2\/product_cat?post=25287"},{"taxonomy":"product_tag","embeddable":true,"href":"https:\/\/www.ferberpainting.com\/fi\/wp-json\/wp\/v2\/product_tag?post=25287"}],"curies":[{"name":"wp","href":"https:\/\/api.w.org\/{rel}","templated":true}]}}