{"id":25284,"date":"2025-05-26T10:30:27","date_gmt":"2025-05-26T08:30:27","guid":{"rendered":"https:\/\/www.ferberpainting.com\/products\/septic-tank-unblocker\/"},"modified":"2026-02-16T10:30:50","modified_gmt":"2026-02-16T09:30:50","slug":"septic-tank-unblocker","status":"publish","type":"product","link":"https:\/\/www.ferberpainting.com\/fi\/products\/septic-tank-unblocker\/","title":{"rendered":"Saostuskaivon tukoksen poistaja"},"content":{"rendered":"<p><strong><img decoding=\"async\" style=\"margin-right: 12px;\" src=\"https:\/\/www.ferberpainting.com\/wp-content\/uploads\/2026\/02\/Check.svg\" alt=\"\" width=\"18\" height=\"15\" \/>Nopea ja tehokas tukosten ja tukkeumien poisto.<\/strong>\u00a0T\u00e4m\u00e4 saostuss\u00e4ili\u00f6n tukkeutumisen poistoaine on erityisesti suunniteltu liuottamaan tehokkaasti tukoksia, jotka hidastavat tai est\u00e4v\u00e4t j\u00e4teveden virtauksen. Se tunkeutuu syv\u00e4lle orgaanisiin saostumiin, rasvaan, wc-paperiin ja muihin kertyneisiin j\u00e4\u00e4miin ja varmistaa s\u00e4ili\u00f6n optimaalisen toiminnan. Sen tehokas vaikutus palauttaa nopeasti nesteen kierron ja est\u00e4\u00e4 tukkeutumiseen liittyv\u00e4t haitat, kuten pahan hajun ja seisovan veden kertymisen.<\/p>\n<p><strong><img decoding=\"async\" style=\"margin-right: 12px;\" src=\"https:\/\/www.ferberpainting.com\/wp-content\/uploads\/2026\/02\/Check.svg\" alt=\"\" width=\"18\" height=\"15\" \/>Rahat takaisin -takuu.<\/strong>\u00a0Luotamme t\u00e4ysin sakokaivonpoistomme tehokkuuteen, mink\u00e4 vuoksi tarjoamme rahanpalautustakuun. Jos ongelma jatkuu suositusten mukaisen asianmukaisen soveltamisen j\u00e4lkeen, sinulla on mahdollisuus pyyt\u00e4\u00e4 palautusta ilman ehtoja, mik\u00e4 takaa turvallisen ja riskitt\u00f6m\u00e4n ostoksen.<\/p>\n<p><strong><img decoding=\"async\" style=\"margin-right: 12px;\" src=\"https:\/\/www.ferberpainting.com\/wp-content\/uploads\/2026\/02\/Check.svg\" alt=\"\" width=\"18\" height=\"15\" \/>Yhteensopiva erityyppisten s\u00e4ili\u00f6iden ja materiaalien kanssa.<\/strong>\u00a0T\u00e4m\u00e4 tukostenpoistolaite soveltuu betonista, muovista, sementist\u00e4 ja komposiittimateriaaleista valmistettuihin sakokaivoihin sek\u00e4 viem\u00e4r\u00f6intij\u00e4rjestelmiin, joissa on rasvanerottimia ja PVC:st\u00e4, valuraudasta, kuparista ja ruostumattomasta ter\u00e4ksest\u00e4 valmistettuja putkia. Se on tehokas sek\u00e4 yksitt\u00e4isiss\u00e4 laitoksissa ett\u00e4 yhteisiss\u00e4 tai puolikollektiivisissa viem\u00e4riverkostoissa.<\/p>\n<p><strong><img decoding=\"async\" style=\"margin-right: 12px;\" src=\"https:\/\/www.ferberpainting.com\/wp-content\/uploads\/2026\/02\/Check.svg\" alt=\"\" width=\"18\" height=\"15\" \/>Taloudellinen tehokkuus ja optimoitu annostus.<\/strong>\u00a0Tiivistetyn koostumuksensa ansiosta 1 litra tuotetta voi k\u00e4sitell\u00e4 jopa 4 tukosta, mik\u00e4 takaa taloudellisen ja tehokkaan ratkaisun sakokaivovesij\u00e4rjestelm\u00e4n tukosten poistamiseen ja yll\u00e4pitoon. Sen kohdennettu vaikutus v\u00e4hent\u00e4\u00e4 tuotteen m\u00e4\u00e4r\u00e4\u00e4, joka tarvitaan yht\u00e4 k\u00e4ytt\u00f6kertaa kohden, mik\u00e4 optimoi tehokkuuden ja minimoi yll\u00e4pitokustannukset.<\/p>\n<p><strong><img decoding=\"async\" style=\"margin-right: 12px;\" src=\"https:\/\/www.ferberpainting.com\/wp-content\/uploads\/2026\/02\/Check.svg\" alt=\"\" width=\"18\" height=\"15\" \/>Turvallinen ja septinen tuote.<\/strong>\u00a0Toisin kuin sy\u00f6vytt\u00e4v\u00e4t tukostenpoistoaineet, jotka voivat vahingoittaa putkia ja h\u00e4irit\u00e4 saostuss\u00e4ili\u00f6n tasapainoa, t\u00e4m\u00e4 tuote toimii vahingoittamatta pintoja tai vahingoittamatta s\u00e4ili\u00f6ss\u00e4 olevaa bakteeriekosysteemi\u00e4. Se takaa hell\u00e4varaisen puhdistuksen ja yll\u00e4pit\u00e4\u00e4 samalla orgaanisen aineksen luonnollista hajoamista, mik\u00e4 edist\u00e4\u00e4 viem\u00e4r\u00f6intij\u00e4rjestelm\u00e4n optimaalista ja pitk\u00e4aikaista yll\u00e4pitoa.<\/p>\n<p><strong><img decoding=\"async\" style=\"margin-right: 12px;\" src=\"https:\/\/www.ferberpainting.com\/wp-content\/uploads\/2026\/02\/Check.svg\" alt=\"\" width=\"18\" height=\"15\" \/>Helppo levitys ja v\u00e4lit\u00f6n teho.<\/strong>\u00a0T\u00e4m\u00e4 estonpoistoaine on k\u00e4ytt\u00f6valmis eik\u00e4 vaadi monimutkaista valmistelua. Kaada se vain suoraan WC:hen tai septitankkiin ja anna sen vaikuttaa muutaman tunnin ajan ennen huuhtelua. Sen eritt\u00e4in nopea vaikutus liuottaa tukokset vain 15-30 minuutissa, mik\u00e4 v\u00e4hent\u00e4\u00e4 tukoksista aiheutuvia haittoja ja helpottaa j\u00e4rjestelm\u00e4n moitteetonta toimintaa.<\/p>\n<p><strong><img decoding=\"async\" style=\"margin-right: 12px;\" src=\"https:\/\/www.ferberpainting.com\/wp-content\/uploads\/2026\/02\/Check.svg\" alt=\"\" width=\"18\" height=\"15\" \/>Pitk\u00e4aikainen kest\u00e4vyys ja tulevien tukosten ehk\u00e4isy.<\/strong>\u00a0Sen lis\u00e4ksi, ett\u00e4 t\u00e4m\u00e4 tuote poistaa tehokkaasti s\u00e4ili\u00f6n tukkeutumisen, se est\u00e4\u00e4 uusien tukosten muodostumisen liuottamalla v\u00e4hitellen kertyneet saostumat. S\u00e4\u00e4nn\u00f6llinen k\u00e4ytt\u00f6 auttaa minimoimaan tukkeutumisriskit ja varmistaa putkien ja saostuss\u00e4ili\u00f6n optimaalisen toiminnan pitk\u00e4ll\u00e4 aikav\u00e4lill\u00e4, jolloin v\u00e4ltyt\u00e4\u00e4n usein toistuvilta pumppaustoimenpiteilt\u00e4.<\/p>\n<p><strong><img decoding=\"async\" style=\"margin-right: 12px;\" src=\"https:\/\/www.ferberpainting.com\/wp-content\/uploads\/2026\/02\/Check.svg\" alt=\"\" width=\"18\" height=\"15\" \/>Nopea toiminta v\u00e4lit\u00f6nt\u00e4 mukavuutta varten.<\/strong>\u00a0Levitt\u00e4misen j\u00e4lkeen t\u00e4m\u00e4 tukkeutumisen poistoaine alkaa hajottaa tukkeutuvia aineita ja nesteytt\u00e4\u00e4 seisovaa vett\u00e4. Yksinkertaisen huuhtelun j\u00e4lkeen virtaus palautuu, ja s\u00e4ili\u00f6 jatkaa normaalia toimintaansa, mik\u00e4 takaa sujuvan ja h\u00e4iri\u00f6tt\u00f6m\u00e4n k\u00e4yt\u00f6n.<\/p>\n<h2><strong>K\u00e4ytt\u00f6protokolla<\/strong><\/h2>\n<ul>\n<li><strong>Asennuksen valmistelu<\/strong> : Varmista ennen levitt\u00e4mist\u00e4, ett\u00e4 seisova vesi ei ole saavuttanut kriittist\u00e4 tasoa. Tarvittaessa tyhjenn\u00e4 saostuss\u00e4ili\u00f6 manuaalisesti tuotteen tehokkuuden parantamiseksi.<\/li>\n<li><strong>Suositeltu annostus :<\/strong> Kaada 250 ml tuotetta suoraan saostuss\u00e4ili\u00f6\u00f6n tai k\u00e4ym\u00e4l\u00e4\u00e4n tukoksen korjaamiseksi. 1 litra voi hoitaa jopa 4 tukosta. Vakavissa tukoksissa voidaan tehd\u00e4 toinen k\u00e4ytt\u00f6 muutaman tunnin kuluttua.<\/li>\n<li><strong>Unblockerin k\u00e4ytt\u00f6 :<\/strong> Kaada tuote hitaasti saostuss\u00e4ili\u00f6\u00f6n tai siihen liitettyihin putkistoihin v\u00e4ltt\u00e4en sen sekoittumista muiden kemiallisten tuotteiden kanssa.<\/li>\n<li><strong>Toiminta-aika :<\/strong> Anna sen vaikuttaa 15-30 minuuttia, jos kyseess\u00e4 on tavallinen tukos. Jos kyseess\u00e4 on vaikea tukos, anna sen vaikuttaa jopa 1 tunti ennen huuhtelua.<\/li>\n<li><strong>Huuhtelu ja virtauksen tarkistus :<\/strong> Lepoajan j\u00e4lkeen huuhtele runsaasti vedell\u00e4 liuenneiden j\u00e4\u00e4mien poistamiseksi ja tarkista, onko virtaus palautunut normaaliksi.<\/li>\n<li><strong>Ennaltaehk\u00e4isev\u00e4 huolto :<\/strong> Uusien tukosten muodostumisen est\u00e4miseksi on suositeltavaa k\u00e4ytt\u00e4\u00e4 pieni m\u00e4\u00e4r\u00e4 tuotetta kerran kuukaudessa saostumien liuottamiseksi v\u00e4hitellen ja saostuss\u00e4ili\u00f6n asianmukaisen toiminnan yll\u00e4pit\u00e4miseksi.<\/li>\n<li><strong>K\u00e4ytt\u00f6\u00e4 koskevat varotoimet :<\/strong> Ei saa sekoittaa muiden aggressiivisten kemikaalien (kuten valkaisuaineiden tai vahvojen happojen) kanssa. V\u00e4lt\u00e4 kosketusta ihon ja silmien kanssa. Tahattoman kosketuksen sattuessa huuhtele v\u00e4litt\u00f6m\u00e4sti kirkkaalla vedell\u00e4 ja ota tarvittaessa yhteys l\u00e4\u00e4k\u00e4riin.<\/li>\n<li><strong>Varastointi ja s\u00e4ilytys :<\/strong> S\u00e4ilyt\u00e4 tuote kuivassa ja l\u00e4mpim\u00e4ss\u00e4 paikassa, valolta suojattuna ja lasten ulottumattomissa. Sulje pullo aina k\u00e4yt\u00f6n j\u00e4lkeen tiiviisti, jotta liuos ei haihtuisi tai muuttuisi.<\/li>\n<\/ul>\n<p>T\u00e4m\u00e4n sakokaivon tukkeutumisenpoistolaitteen avulla voit yll\u00e4pit\u00e4\u00e4 asennustasi tehokkaasti ja varmistaa samalla sujuvan viem\u00e4r\u00f6innin, nopean toiminnan sek\u00e4 tukosten ja tukkeutumisen ehk\u00e4isemisen pitk\u00e4ll\u00e4 aikav\u00e4lill\u00e4. Tarjoa viem\u00e4r\u00f6intij\u00e4rjestelm\u00e4llesi tehokas ja taloudellinen ratkaisu ja s\u00e4ilyt\u00e4 samalla sen luonnollinen tasapaino ja pitk\u00e4ik\u00e4isyys.<\/p>","protected":false},"excerpt":{"rendered":"<p>Rapid and Effective Removal of Clogs and Blockages.\u00a0This septic tank unblocker is specially formulated to efficiently dissolve clogs that slow down or block the flow of wastewater. It deeply penetrates organic deposits, grease, toilet paper, and other accumulated residues, ensuring optimal function of the tank. Its powerful action quickly restores liquid circulation and prevents inconveniences [&hellip;]<\/p>\n","protected":false},"featured_media":27166,"comment_status":"open","ping_status":"closed","template":"","meta":{"_uag_custom_page_level_css":"","site-sidebar-layout":"default","site-content-layout":"","ast-site-content-layout":"default","site-content-style":"default","site-sidebar-style":"default","ast-global-header-display":"","ast-banner-title-visibility":"","ast-main-header-display":"","ast-hfb-above-header-display":"","ast-hfb-below-header-display":"","ast-hfb-mobile-header-display":"","site-post-title":"","ast-breadcrumbs-content":"","ast-featured-img":"","footer-sml-layout":"","ast-disable-related-posts":"","theme-transparent-header-meta":"default","adv-header-id-meta":"","stick-header-meta":"","header-above-stick-meta":"","header-main-stick-meta":"","header-below-stick-meta":"","astra-migrate-meta-layouts":"set","ast-page-background-enabled":"default","ast-page-background-meta":{"desktop":{"background-color":"var(--ast-global-color-4)","background-image":"","background-repeat":"repeat","background-position":"center center","background-size":"auto","background-attachment":"scroll","background-type":"","background-media":"","overlay-type":"","overlay-color":"","overlay-opacity":"","overlay-gradient":""},"tablet":{"background-color":"","background-image":"","background-repeat":"repeat","background-position":"center center","background-size":"auto","background-attachment":"scroll","background-type":"","background-media":"","overlay-type":"","overlay-color":"","overlay-opacity":"","overlay-gradient":""},"mobile":{"background-color":"","background-image":"","background-repeat":"repeat","background-position":"center center","background-size":"auto","background-attachment":"scroll","background-type":"","background-media":"","overlay-type":"","overlay-color":"","overlay-opacity":"","overlay-gradient":""}},"ast-content-background-meta":{"desktop":{"background-color":"var(--ast-global-color-5)","background-image":"","background-repeat":"repeat","background-position":"center center","background-size":"auto","background-attachment":"scroll","background-type":"","background-media":"","overlay-type":"","overlay-color":"","overlay-opacity":"","overlay-gradient":""},"tablet":{"background-color":"var(--ast-global-color-5)","background-image":"","background-repeat":"repeat","background-position":"center center","background-size":"auto","background-attachment":"scroll","background-type":"","background-media":"","overlay-type":"","overlay-color":"","overlay-opacity":"","overlay-gradient":""},"mobile":{"background-color":"var(--ast-global-color-5)","background-image":"","background-repeat":"repeat","background-position":"center center","background-size":"auto","background-attachment":"scroll","background-type":"","background-media":"","overlay-type":"","overlay-color":"","overlay-opacity":"","overlay-gradient":""}}},"product_brand":[],"product_cat":[175],"product_tag":[],"class_list":{"0":"post-25284","1":"product","2":"type-product","3":"status-publish","4":"has-post-thumbnail","6":"product_cat-cleaning-products","7":"desktop-align-left","8":"tablet-align-left","9":"mobile-align-left","11":"first","12":"instock","13":"sale","14":"taxable","15":"shipping-taxable","16":"purchasable","17":"product-type-variable","18":"has-default-attributes"},"spectra_custom_meta":{"_visibility":["visible"],"_shopify_product_id":["9062234652917"],"_s2w_shopify_domain":["ferberpainting.myshopify.com"],"_shopify_variant_id":["46488098504949"],"_sku":[""],"_manage_stock":["no"],"total_sales":["306"],"_tax_status":["taxable"],"_tax_class":[""],"_backorders":["no"],"_sold_individually":["no"],"_virtual":["no"],"_downloadable":["no"],"_download_limit":["-1"],"_download_expiry":["-1"],"_stock":[null],"_stock_status":["instock"],"_wc_average_rating":["4.67"],"_wc_review_count":["6"],"_product_attributes":["a:1:{s:6:\"volume\";a:6:{s:4:\"name\";s:6:\"Volume\";s:5:\"value\";s:20:\"5 liters | 25 liters\";s:8:\"position\";i:1;s:10:\"is_visible\";i:0;s:12:\"is_variation\";i:1;s:11:\"is_taxonomy\";i:0;}}"],"_product_version":["10.5.1"],"_thumbnail_id":["27166"],"_product_image_gallery":["27167"],"wpse_downloadable_file_names":[""],"wpse_downloadable_file_urls":[""],"_edit_last":["1"],"_default_attributes":["a:1:{s:6:\"volume\";s:8:\"5 liters\";}"],"_edit_lock":["1771234112:1"],"_price":["29.90","129.90"],"merchant-center-availability":["yes"],"merchant-center-category":["1749"],"_wp_page_template":["default"],"site-sidebar-layout":["default"],"ast-site-content-layout":["default"],"site-content-style":["default"],"site-sidebar-style":["default"],"theme-transparent-header-meta":["default"],"_wc_rating_count":["a:2:{i:4;i:2;i:5;i:4;}"],"astra-migrate-meta-layouts":["set"],"_uag_css_file_name":["uag-css-25284.css"],"_elementor_page_assets":["a:0:{}"],"_uag_page_assets":["a:9:{s:3:\"css\";s:7133:\".uag-blocks-common-selector{z-index:var(--z-index-desktop) !important}@media(max-width: 976px){.uag-blocks-common-selector{z-index:var(--z-index-tablet) !important}}@media(max-width: 767px){.uag-blocks-common-selector{z-index:var(--z-index-mobile) !important}}.wp-block-uagb-image{display:flex}.wp-block-uagb-image__figure{position:relative;display:flex;flex-direction:column;max-width:100%;height:auto;margin:0}.wp-block-uagb-image__figure img{height:auto;display:flex;max-width:100%;transition:box-shadow .2s ease}.wp-block-uagb-image__figure>a{display:inline-block}.wp-block-uagb-image__figure figcaption{text-align:center;margin-top:.5em;margin-bottom:1em}.wp-block-uagb-image .components-placeholder.block-editor-media-placeholder .components-placeholder__instructions{align-self:center}.wp-block-uagb-image--align-left{text-align:left}.wp-block-uagb-image--align-right{text-align:right}.wp-block-uagb-image--align-center{text-align:center}.wp-block-uagb-image--align-full .wp-block-uagb-image__figure{margin-left:calc(50% - 50vw);margin-right:calc(50% - 50vw);max-width:100vw;width:100vw;height:auto}.wp-block-uagb-image--align-full .wp-block-uagb-image__figure img{height:auto;width:100% !important}.wp-block-uagb-image--align-wide .wp-block-uagb-image__figure img{height:auto;width:100%}.wp-block-uagb-image--layout-overlay__color-wrapper{position:absolute;left:0;top:0;right:0;bottom:0;opacity:.2;background:rgba(0,0,0,.5);transition:opacity .35s ease-in-out}.wp-block-uagb-image--layout-overlay-link{position:absolute;left:0;right:0;bottom:0;top:0}.wp-block-uagb-image--layout-overlay .wp-block-uagb-image__figure:hover .wp-block-uagb-image--layout-overlay__color-wrapper{opacity:1}.wp-block-uagb-image--layout-overlay__inner{position:absolute;left:15px;right:15px;bottom:15px;top:15px;display:flex;align-items:center;justify-content:center;flex-direction:column;border-color:#fff;transition:.35s ease-in-out}.wp-block-uagb-image--layout-overlay__inner.top-left,.wp-block-uagb-image--layout-overlay__inner.top-center,.wp-block-uagb-image--layout-overlay__inner.top-right{justify-content:flex-start}.wp-block-uagb-image--layout-overlay__inner.bottom-left,.wp-block-uagb-image--layout-overlay__inner.bottom-center,.wp-block-uagb-image--layout-overlay__inner.bottom-right{justify-content:flex-end}.wp-block-uagb-image--layout-overlay__inner.top-left,.wp-block-uagb-image--layout-overlay__inner.center-left,.wp-block-uagb-image--layout-overlay__inner.bottom-left{align-items:flex-start}.wp-block-uagb-image--layout-overlay__inner.top-right,.wp-block-uagb-image--layout-overlay__inner.center-right,.wp-block-uagb-image--layout-overlay__inner.bottom-right{align-items:flex-end}.wp-block-uagb-image--layout-overlay__inner .uagb-image-heading{color:#fff;transition:transform .35s,opacity .35s ease-in-out;transform:translate3d(0, 24px, 0);margin:0;line-height:1em}.wp-block-uagb-image--layout-overlay__inner .uagb-image-separator{width:30%;border-top-width:2px;border-top-color:#fff;border-top-style:solid;margin-bottom:10px;opacity:0;transition:transform .4s,opacity .4s ease-in-out;transform:translate3d(0, 30px, 0)}.wp-block-uagb-image--layout-overlay__inner .uagb-image-caption{opacity:0;overflow:visible;color:#fff;transition:transform .45s,opacity .45s ease-in-out;transform:translate3d(0, 35px, 0)}.wp-block-uagb-image--layout-overlay__inner:hover .uagb-image-heading,.wp-block-uagb-image--layout-overlay__inner:hover .uagb-image-separator,.wp-block-uagb-image--layout-overlay__inner:hover .uagb-image-caption{opacity:1;transform:translate3d(0, 0, 0)}.wp-block-uagb-image--effect-zoomin .wp-block-uagb-image__figure img,.wp-block-uagb-image--effect-zoomin .wp-block-uagb-image__figure .wp-block-uagb-image--layout-overlay__color-wrapper{transform:scale(1);transition:transform .35s ease-in-out}.wp-block-uagb-image--effect-zoomin .wp-block-uagb-image__figure:hover img,.wp-block-uagb-image--effect-zoomin .wp-block-uagb-image__figure:hover .wp-block-uagb-image--layout-overlay__color-wrapper{transform:scale(1.05)}.wp-block-uagb-image--effect-slide .wp-block-uagb-image__figure img,.wp-block-uagb-image--effect-slide .wp-block-uagb-image__figure .wp-block-uagb-image--layout-overlay__color-wrapper{width:calc(100% + 40px) !important;max-width:none !important;transform:translate3d(-40px, 0, 0);transition:transform .35s ease-in-out}.wp-block-uagb-image--effect-slide .wp-block-uagb-image__figure:hover img,.wp-block-uagb-image--effect-slide .wp-block-uagb-image__figure:hover .wp-block-uagb-image--layout-overlay__color-wrapper{transform:translate3d(0, 0, 0)}.wp-block-uagb-image--effect-grayscale img{filter:grayscale(0%);transition:.35s ease-in-out}.wp-block-uagb-image--effect-grayscale:hover img{filter:grayscale(100%)}.wp-block-uagb-image--effect-blur img{filter:blur(0);transition:.35s ease-in-out}.wp-block-uagb-image--effect-blur:hover img{filter:blur(3px)}.uagb-block-e6f939b3.wp-block-uagb-image--layout-default figure img{box-shadow: 0px 0px 0 #00000070;}.uagb-block-e6f939b3.wp-block-uagb-image .wp-block-uagb-image__figure figcaption{font-style: normal;align-self: center;}.uagb-block-e6f939b3.wp-block-uagb-image--layout-overlay figure img{box-shadow: 0px 0px 0 #00000070;}.uagb-block-e6f939b3.wp-block-uagb-image--layout-overlay .wp-block-uagb-image--layout-overlay__color-wrapper{opacity: 0.2;}.uagb-block-e6f939b3.wp-block-uagb-image--layout-overlay .wp-block-uagb-image--layout-overlay__inner{left: 15px;right: 15px;top: 15px;bottom: 15px;}.uagb-block-e6f939b3.wp-block-uagb-image--layout-overlay .wp-block-uagb-image--layout-overlay__inner .uagb-image-heading{font-style: normal;color: #fff;opacity: 1;}.uagb-block-e6f939b3.wp-block-uagb-image--layout-overlay .wp-block-uagb-image--layout-overlay__inner .uagb-image-heading a{color: #fff;}.uagb-block-e6f939b3.wp-block-uagb-image--layout-overlay .wp-block-uagb-image--layout-overlay__inner .uagb-image-caption{opacity: 0;}.uagb-block-e6f939b3.wp-block-uagb-image--layout-overlay .wp-block-uagb-image__figure:hover .wp-block-uagb-image--layout-overlay__color-wrapper{opacity: 1;}.uagb-block-e6f939b3.wp-block-uagb-image .wp-block-uagb-image--layout-overlay__inner .uagb-image-separator{width: 30%;border-top-width: 2px;border-top-color: #fff;opacity: 0;}.uagb-block-e6f939b3.wp-block-uagb-image .wp-block-uagb-image__figure img{width: px;height: auto;}.uagb-block-e6f939b3.wp-block-uagb-image .wp-block-uagb-image__figure:hover .wp-block-uagb-image--layout-overlay__inner .uagb-image-caption{opacity: 1;}.uagb-block-e6f939b3.wp-block-uagb-image .wp-block-uagb-image__figure:hover .wp-block-uagb-image--layout-overlay__inner .uagb-image-separator{opacity: 1;}.uagb-block-e6f939b3.wp-block-uagb-image--layout-default figure:hover img{box-shadow: 0px 0px 0 #00000070;}.uagb-block-e6f939b3.wp-block-uagb-image--layout-overlay figure:hover img{box-shadow: 0px 0px 0 #00000070;}@media only screen and (max-width: 976px) {.uagb-block-e6f939b3.wp-block-uagb-image .wp-block-uagb-image__figure img{width: px;height: auto;}}@media only screen and (max-width: 767px) {.uagb-block-e6f939b3.wp-block-uagb-image .wp-block-uagb-image__figure img{width: px;height: auto;}}\";s:2:\"js\";s:0:\"\";s:18:\"current_block_list\";a:13:{i:0;s:11:\"core\/search\";i:1;s:10:\"core\/group\";i:2;s:12:\"core\/heading\";i:3;s:17:\"core\/latest-posts\";i:4;s:20:\"core\/latest-comments\";i:5;s:13:\"core\/archives\";i:6;s:15:\"core\/categories\";i:7;s:14:\"core\/paragraph\";i:8;s:10:\"uagb\/image\";i:9;s:11:\"core\/spacer\";i:10;s:30:\"woocommerce\/product-categories\";i:11;s:10:\"core\/image\";i:12;s:14:\"core\/shortcode\";}s:8:\"uag_flag\";b:1;s:11:\"uag_version\";s:10:\"1777357003\";s:6:\"gfonts\";a:0:{}s:10:\"gfonts_url\";s:0:\"\";s:12:\"gfonts_files\";a:0:{}s:14:\"uag_faq_layout\";b:0;}"]},"uagb_featured_image_src":{"full":["https:\/\/www.ferberpainting.com\/wp-content\/uploads\/2025\/05\/SepticTankUnblocker5L.png",2560,2560,false],"thumbnail":["https:\/\/www.ferberpainting.com\/wp-content\/uploads\/2025\/05\/SepticTankUnblocker5L-150x150.png",150,150,true],"medium":["https:\/\/www.ferberpainting.com\/wp-content\/uploads\/2025\/05\/SepticTankUnblocker5L-300x300.png",300,300,true],"medium_large":["https:\/\/www.ferberpainting.com\/wp-content\/uploads\/2025\/05\/SepticTankUnblocker5L-768x768.png",768,768,true],"large":["https:\/\/www.ferberpainting.com\/wp-content\/uploads\/2025\/05\/SepticTankUnblocker5L-1024x1024.png",1024,1024,true],"1536x1536":["https:\/\/www.ferberpainting.com\/wp-content\/uploads\/2025\/05\/SepticTankUnblocker5L-1536x1536.png",1536,1536,true],"2048x2048":["https:\/\/www.ferberpainting.com\/wp-content\/uploads\/2025\/05\/SepticTankUnblocker5L-2048x2048.png",2048,2048,true],"trp-custom-language-flag":["https:\/\/www.ferberpainting.com\/wp-content\/uploads\/2025\/05\/SepticTankUnblocker5L-12x12.png",12,12,true],"woocommerce_thumbnail":["https:\/\/www.ferberpainting.com\/wp-content\/uploads\/2025\/05\/SepticTankUnblocker5L-300x300.png",300,300,true],"woocommerce_single":["https:\/\/www.ferberpainting.com\/wp-content\/uploads\/2025\/05\/SepticTankUnblocker5L-600x600.png",600,600,true],"woocommerce_gallery_thumbnail":["https:\/\/www.ferberpainting.com\/wp-content\/uploads\/2025\/05\/SepticTankUnblocker5L-100x100.png",100,100,true]},"uagb_author_info":{"display_name":"admin","author_link":"https:\/\/www.ferberpainting.com\/fi\/author\/"},"uagb_comment_info":6,"uagb_excerpt":"Rapid and Effective Removal of Clogs and Blockages.\u00a0This septic tank unblocker is specially formulated to efficiently dissolve clogs that slow down or block the flow of wastewater. It deeply penetrates organic deposits, grease, toilet paper, and other accumulated residues, ensuring optimal function of the tank. Its powerful action quickly restores liquid circulation and prevents inconveniences&hellip;","_links":{"self":[{"href":"https:\/\/www.ferberpainting.com\/fi\/wp-json\/wp\/v2\/product\/25284","targetHints":{"allow":["GET"]}}],"collection":[{"href":"https:\/\/www.ferberpainting.com\/fi\/wp-json\/wp\/v2\/product"}],"about":[{"href":"https:\/\/www.ferberpainting.com\/fi\/wp-json\/wp\/v2\/types\/product"}],"replies":[{"embeddable":true,"href":"https:\/\/www.ferberpainting.com\/fi\/wp-json\/wp\/v2\/comments?post=25284"}],"version-history":[{"count":4,"href":"https:\/\/www.ferberpainting.com\/fi\/wp-json\/wp\/v2\/product\/25284\/revisions"}],"predecessor-version":[{"id":167266,"href":"https:\/\/www.ferberpainting.com\/fi\/wp-json\/wp\/v2\/product\/25284\/revisions\/167266"}],"wp:featuredmedia":[{"embeddable":true,"href":"https:\/\/www.ferberpainting.com\/fi\/wp-json\/wp\/v2\/media\/27166"}],"wp:attachment":[{"href":"https:\/\/www.ferberpainting.com\/fi\/wp-json\/wp\/v2\/media?parent=25284"}],"wp:term":[{"taxonomy":"product_brand","embeddable":true,"href":"https:\/\/www.ferberpainting.com\/fi\/wp-json\/wp\/v2\/product_brand?post=25284"},{"taxonomy":"product_cat","embeddable":true,"href":"https:\/\/www.ferberpainting.com\/fi\/wp-json\/wp\/v2\/product_cat?post=25284"},{"taxonomy":"product_tag","embeddable":true,"href":"https:\/\/www.ferberpainting.com\/fi\/wp-json\/wp\/v2\/product_tag?post=25284"}],"curies":[{"name":"wp","href":"https:\/\/api.w.org\/{rel}","templated":true}]}}