{"id":25283,"date":"2025-05-26T10:30:26","date_gmt":"2025-05-26T08:30:26","guid":{"rendered":"https:\/\/www.ferberpainting.com\/products\/septic-tank-treatment\/"},"modified":"2026-02-16T10:28:42","modified_gmt":"2026-02-16T09:28:42","slug":"septic-tank-treatment","status":"publish","type":"product","link":"https:\/\/www.ferberpainting.com\/fi\/products\/septic-tank-treatment\/","title":{"rendered":"K\u00e4sittely septitankille"},"content":{"rendered":"<p><strong><img decoding=\"async\" style=\"margin-right: 12px;\" src=\"https:\/\/www.ferberpainting.com\/wp-content\/uploads\/2026\/02\/Check.svg\" alt=\"\" width=\"18\" height=\"15\" \/>Tehokas ja pitk\u00e4aikainen sakokaivojen huolto.<\/strong>\u00a0T\u00e4m\u00e4 sakokaivojen k\u00e4sittely on suunniteltu erityisesti optimoimaan yksitt\u00e4isten j\u00e4tevesij\u00e4rjestelmien moitteeton toiminta. Se est\u00e4\u00e4 lietteen liiallista kertymist\u00e4, v\u00e4hent\u00e4\u00e4 tukkeutumisriski\u00e4 ja minimoi pahat hajut samalla kun se edist\u00e4\u00e4 tehokkaan j\u00e4teveden k\u00e4sittelyn edellytt\u00e4m\u00e4\u00e4 biologista tasapainoa. Tehokkaan koostumuksensa ansiosta se takaa jatkuvan vaikutuksen, joka auttaa pident\u00e4m\u00e4\u00e4n saostuss\u00e4ili\u00f6n k\u00e4ytt\u00f6ik\u00e4\u00e4 ja v\u00e4hent\u00e4\u00e4 pumppausten tiheytt\u00e4.<\/p>\n<p><strong><img decoding=\"async\" style=\"margin-right: 12px;\" src=\"https:\/\/www.ferberpainting.com\/wp-content\/uploads\/2026\/02\/Check.svg\" alt=\"\" width=\"18\" height=\"15\" \/>Tyytyv\u00e4isyystakuu tai rahat takaisin.<\/strong>\u00a0Luotamme t\u00e4ysin sakokaivojen k\u00e4sittelyn tehokkuuteen. Siksi tarjoamme tyytyv\u00e4isyystakuun tai rahat takaisin. Jos tuote ei vastaa odotuksiasi sen j\u00e4lkeen, kun sit\u00e4 on k\u00e4ytetty asianmukaisesti suositusten mukaisesti, sinulla on mahdollisuus pyyt\u00e4\u00e4 rahojen palautusta ilman ehtoja, mik\u00e4 takaa turvallisen ja riskitt\u00f6m\u00e4n ostoksen.<\/p>\n<p><strong><img decoding=\"async\" style=\"margin-right: 12px;\" src=\"https:\/\/www.ferberpainting.com\/wp-content\/uploads\/2026\/02\/Check.svg\" alt=\"\" width=\"18\" height=\"15\" \/>Soveltuu kaikentyyppisille s\u00e4ili\u00f6ille ja materiaaleille.<\/strong>\u00a0T\u00e4m\u00e4 k\u00e4sittely sopii betonista, muovista, sementist\u00e4 ja komposiittimateriaaleista valmistettujen sakokaivojen sek\u00e4 perinteisten ja ymp\u00e4rist\u00f6yst\u00e4v\u00e4llisten j\u00e4tevesij\u00e4rjestelmien kanssa. Se toimii tehokkaasti t\u00e4ysvesisakokaivoissa ja rasvanerotuskaivoissa ja soveltuu kaikkiin muihin kuin kollektiivisiin sanitaatiokokoonpanoihin, olipa kyseess\u00e4 sitten omakotitalo, vierasmaja tai ammattik\u00e4ytt\u00f6\u00f6n tarkoitettu asennus.<\/p>\n<p><strong><img decoding=\"async\" style=\"margin-right: 12px;\" src=\"https:\/\/www.ferberpainting.com\/wp-content\/uploads\/2026\/02\/Check.svg\" alt=\"\" width=\"18\" height=\"15\" \/>Kustannustehokas ja optimoitu annostelu.<\/strong>\u00a0Tiivistetyn koostumuksensa ansiosta yksi pullo takaa tehokkaan hoidon yhden vuoden ajan, jolloin v\u00e4ltyt\u00e4\u00e4n toistuvilta ostoilta ja varmistetaan kustannustehokas sakokaivojen yll\u00e4pitoratkaisu. Sen asteittainen vaikutus mahdollistaa orgaanisen aineksen jatkuvan hajoamisen ja v\u00e4hent\u00e4\u00e4 kalliiden ja hankalien pumppausten tarvetta.<\/p>\n<p><strong><img decoding=\"async\" style=\"margin-right: 12px;\" src=\"https:\/\/www.ferberpainting.com\/wp-content\/uploads\/2026\/02\/Check.svg\" alt=\"\" width=\"18\" height=\"15\" \/>Turvallinen ja ymp\u00e4rist\u00f6yst\u00e4v\u00e4llinen tuote.<\/strong>\u00a0T\u00e4m\u00e4 sakokaivojen k\u00e4sittely on kehitetty ilman voimakkaita kemikaaleja, ja se on turvallinen ymp\u00e4rist\u00f6lle. Se yll\u00e4pit\u00e4\u00e4 s\u00e4ili\u00f6n luonnollista tasapainoa toimimalla biologisesti lietteen kertymisen rajoittamiseksi ja putkien tukkeutumisen est\u00e4miseksi. Se ei aiheuta riski\u00e4 ymp\u00e4r\u00f6iv\u00e4lle kasvistolle ja el\u00e4imist\u00f6lle, mik\u00e4 edist\u00e4\u00e4 ymp\u00e4rist\u00f6yst\u00e4v\u00e4llisemp\u00e4\u00e4 ja kest\u00e4v\u00e4mp\u00e4\u00e4 sanitaatiota.<\/p>\n<p><strong><img decoding=\"async\" style=\"margin-right: 12px;\" src=\"https:\/\/www.ferberpainting.com\/wp-content\/uploads\/2026\/02\/Check.svg\" alt=\"\" width=\"18\" height=\"15\" \/>Helppok\u00e4ytt\u00f6inen ja vaivaton levitys.<\/strong>\u00a0T\u00e4m\u00e4 tuote on k\u00e4ytt\u00f6valmis eik\u00e4 vaadi monimutkaista k\u00e4sittely\u00e4 tai erikoislaitteita. Kaada se yksinkertaisesti suoraan k\u00e4ym\u00e4l\u00e4\u00e4n tai l\u00e4himp\u00e4\u00e4n vesiviem\u00e4riin, jotta se jakautuu tasaisesti koko s\u00e4ili\u00f6\u00f6n. Sen yksinkertaisen k\u00e4yt\u00f6n ansiosta kuka tahansa voi huoltaa j\u00e4rjestelm\u00e4\u00e4ns\u00e4 tehokkaasti ilman erikoisosaamista.<\/p>\n<p><strong><img decoding=\"async\" style=\"margin-right: 12px;\" src=\"https:\/\/www.ferberpainting.com\/wp-content\/uploads\/2026\/02\/Check.svg\" alt=\"\" width=\"18\" height=\"15\" \/>Kest\u00e4vyys ja toimintah\u00e4iri\u00f6iden est\u00e4minen.<\/strong>\u00a0S\u00e4ilytt\u00e4m\u00e4ll\u00e4 s\u00e4ili\u00f6n biologinen tasapaino terveen\u00e4 t\u00e4m\u00e4 k\u00e4sittely pident\u00e4\u00e4 s\u00e4ili\u00f6n k\u00e4ytt\u00f6ik\u00e4\u00e4, ehk\u00e4isee tukkeutumisongelmia ja v\u00e4hent\u00e4\u00e4 kalliita toimenpiteit\u00e4. Se est\u00e4\u00e4 kiinteiden saostumien muodostumisen ja v\u00e4hent\u00e4\u00e4 siten tukkeutumisriski\u00e4 ja putkien tukkeutumista, mik\u00e4 takaa optimaalisen sanitaation ymp\u00e4ri vuoden.<\/p>\n<p><strong><img decoding=\"async\" style=\"margin-right: 12px;\" src=\"https:\/\/www.ferberpainting.com\/wp-content\/uploads\/2026\/02\/Check.svg\" alt=\"\" width=\"18\" height=\"15\" \/>Nopea toiminta ja n\u00e4kyv\u00e4t tulokset muutamassa p\u00e4iv\u00e4ss\u00e4.<\/strong>\u00a0Levityksen j\u00e4lkeen t\u00e4m\u00e4 k\u00e4sittely vaikuttaa v\u00e4litt\u00f6m\u00e4sti orgaaniseen j\u00e4tteeseen ja alkaa palauttaa s\u00e4ili\u00f6n tasapainoa. Vain muutamassa p\u00e4iv\u00e4ss\u00e4 pahat hajut v\u00e4henev\u00e4t, lietteen nesteytyminen paranee ja j\u00e4teveden oikea virtaus palautuu, mik\u00e4 varmistaa j\u00e4rjestelm\u00e4n optimaalisen suorituskyvyn.<\/p>\n<h2>K\u00e4ytt\u00f6protokolla<\/h2>\n<ul>\n<li><strong>Suositeltu annostus <\/strong>: Yksi pullo hoitaa saostuss\u00e4ili\u00f6t\u00e4 1 vuoden ajan. On suositeltavaa kaataa s\u00e4\u00e4nn\u00f6llinen annos joka kuukausi hoidon tehokkuuden yll\u00e4pit\u00e4miseksi.<\/li>\n<li><strong>Tuotesovellus <\/strong>: Kaada suositeltu m\u00e4\u00e4r\u00e4 suoraan wc:hen tai lavuaariin ja huuhtele tai juoksuta vett\u00e4, jotta varmistetaan asianmukainen levi\u00e4minen saniteettij\u00e4rjestelm\u00e4\u00e4n.<\/li>\n<li><strong>Huoltov\u00e4li <\/strong>: K\u00e4yt\u00e4 tuotetta kerran kuukaudessa jatkuvan huollon varmistamiseksi ja lietteen kertymisen est\u00e4miseksi. S\u00e4\u00e4nn\u00f6llinen huolto auttaa optimoimaan s\u00e4ili\u00f6n tehokkuuden ja v\u00e4hent\u00e4\u00e4 huoltotoimenpiteiden tarvetta.<\/li>\n<li><strong>Odotetut vaikutukset <\/strong>: Muutaman p\u00e4iv\u00e4n kuluttua orgaanisen aineksen nesteytyminen paranee, pahat hajut v\u00e4henev\u00e4t ja saostuss\u00e4ili\u00f6n yleinen suorituskyky optimoituu.<\/li>\n<li><strong>K\u00e4ytt\u00f6\u00e4 koskevat varotoimet <\/strong>: \u00c4l\u00e4 k\u00e4yt\u00e4 t\u00e4t\u00e4 tuotetta samanaikaisesti ankaran kemiallisen puhdistusaineen (kuten valkaisuaineen tai hapon) kanssa, jotta sen teho ei heikkene.<\/li>\n<li><strong>Varastointi ja s\u00e4ilytys <\/strong>: S\u00e4ilyt\u00e4 tuote kuivassa ja lauhkeassa paikassa, suojattuna auringonvalolta ja pakkaselta, jotta sen s\u00e4ilyvyys ja tehokkuus voidaan varmistaa.<\/li>\n<\/ul>\n<p>T\u00e4m\u00e4n saostuss\u00e4ili\u00f6n k\u00e4sittelyn avulla j\u00e4rjestelm\u00e4n yll\u00e4pito on vaivatonta, sill\u00e4 se takaa optimaalisen suorituskyvyn ja suojelee samalla ymp\u00e4rist\u00f6\u00e4 sek\u00e4 v\u00e4hent\u00e4\u00e4 huolto- ja pumppauskustannuksia.<\/p>","protected":false},"excerpt":{"rendered":"<p>Effective and long-lasting septic tank maintenance.\u00a0This septic tank treatment is specially designed to optimize the proper functioning of individual sanitation systems. It prevents excessive sludge accumulation, reduces the risk of blockages, and minimizes bad odors while promoting the biological balance necessary for effective wastewater treatment. Thanks to its powerful formulation, it ensures continuous action that [&hellip;]<\/p>\n","protected":false},"featured_media":27165,"comment_status":"open","ping_status":"closed","template":"","meta":{"_uag_custom_page_level_css":"","site-sidebar-layout":"default","site-content-layout":"","ast-site-content-layout":"default","site-content-style":"default","site-sidebar-style":"default","ast-global-header-display":"","ast-banner-title-visibility":"","ast-main-header-display":"","ast-hfb-above-header-display":"","ast-hfb-below-header-display":"","ast-hfb-mobile-header-display":"","site-post-title":"","ast-breadcrumbs-content":"","ast-featured-img":"","footer-sml-layout":"","ast-disable-related-posts":"","theme-transparent-header-meta":"default","adv-header-id-meta":"","stick-header-meta":"","header-above-stick-meta":"","header-main-stick-meta":"","header-below-stick-meta":"","astra-migrate-meta-layouts":"set","ast-page-background-enabled":"default","ast-page-background-meta":{"desktop":{"background-color":"var(--ast-global-color-4)","background-image":"","background-repeat":"repeat","background-position":"center center","background-size":"auto","background-attachment":"scroll","background-type":"","background-media":"","overlay-type":"","overlay-color":"","overlay-opacity":"","overlay-gradient":""},"tablet":{"background-color":"","background-image":"","background-repeat":"repeat","background-position":"center center","background-size":"auto","background-attachment":"scroll","background-type":"","background-media":"","overlay-type":"","overlay-color":"","overlay-opacity":"","overlay-gradient":""},"mobile":{"background-color":"","background-image":"","background-repeat":"repeat","background-position":"center center","background-size":"auto","background-attachment":"scroll","background-type":"","background-media":"","overlay-type":"","overlay-color":"","overlay-opacity":"","overlay-gradient":""}},"ast-content-background-meta":{"desktop":{"background-color":"var(--ast-global-color-5)","background-image":"","background-repeat":"repeat","background-position":"center center","background-size":"auto","background-attachment":"scroll","background-type":"","background-media":"","overlay-type":"","overlay-color":"","overlay-opacity":"","overlay-gradient":""},"tablet":{"background-color":"var(--ast-global-color-5)","background-image":"","background-repeat":"repeat","background-position":"center center","background-size":"auto","background-attachment":"scroll","background-type":"","background-media":"","overlay-type":"","overlay-color":"","overlay-opacity":"","overlay-gradient":""},"mobile":{"background-color":"var(--ast-global-color-5)","background-image":"","background-repeat":"repeat","background-position":"center center","background-size":"auto","background-attachment":"scroll","background-type":"","background-media":"","overlay-type":"","overlay-color":"","overlay-opacity":"","overlay-gradient":""}}},"product_brand":[],"product_cat":[175],"product_tag":[],"class_list":{"0":"post-25283","1":"product","2":"type-product","3":"status-publish","4":"has-post-thumbnail","6":"product_cat-cleaning-products","7":"desktop-align-left","8":"tablet-align-left","9":"mobile-align-left","11":"first","12":"instock","13":"taxable","14":"shipping-taxable","15":"purchasable","16":"product-type-simple"},"spectra_custom_meta":{"_visibility":["visible"],"_shopify_product_id":["9061152882933"],"_s2w_shopify_domain":["ferberpainting.myshopify.com"],"_shopify_variant_id":["46484680802549"],"_sku":["FPSEPTICTANKTREATMENT250ML"],"_regular_price":["29.90"],"_price":["29.90"],"_sale_price":[""],"_weight":["0.45"],"_thumbnail_id":["27165"],"_global_unique_id":["5056773818408"],"total_sales":["14"],"_tax_status":["taxable"],"_tax_class":[""],"_manage_stock":["no"],"_backorders":["no"],"_sold_individually":["no"],"_virtual":["no"],"_downloadable":["no"],"_download_limit":["-1"],"_download_expiry":["-1"],"_stock":[null],"_stock_status":["instock"],"_wc_average_rating":["4.71"],"_wc_review_count":["7"],"_product_version":["10.5.1"],"_edit_lock":["1776895678:9328"],"merchant-center-availability":["yes"],"merchant-center-category":["7470"],"_edit_last":["1"],"_wp_page_template":["default"],"site-sidebar-layout":["default"],"ast-site-content-layout":["default"],"site-content-style":["default"],"site-sidebar-style":["default"],"theme-transparent-header-meta":["default"],"_wc_rating_count":["a:2:{i:4;i:2;i:5;i:5;}"],"astra-migrate-meta-layouts":["set"],"_uag_css_file_name":["uag-css-25283.css"],"_elementor_page_assets":["a:0:{}"],"_uag_page_assets":["a:9:{s:3:\"css\";s:7133:\".uag-blocks-common-selector{z-index:var(--z-index-desktop) !important}@media(max-width: 976px){.uag-blocks-common-selector{z-index:var(--z-index-tablet) !important}}@media(max-width: 767px){.uag-blocks-common-selector{z-index:var(--z-index-mobile) !important}}.wp-block-uagb-image{display:flex}.wp-block-uagb-image__figure{position:relative;display:flex;flex-direction:column;max-width:100%;height:auto;margin:0}.wp-block-uagb-image__figure img{height:auto;display:flex;max-width:100%;transition:box-shadow .2s ease}.wp-block-uagb-image__figure>a{display:inline-block}.wp-block-uagb-image__figure figcaption{text-align:center;margin-top:.5em;margin-bottom:1em}.wp-block-uagb-image .components-placeholder.block-editor-media-placeholder .components-placeholder__instructions{align-self:center}.wp-block-uagb-image--align-left{text-align:left}.wp-block-uagb-image--align-right{text-align:right}.wp-block-uagb-image--align-center{text-align:center}.wp-block-uagb-image--align-full .wp-block-uagb-image__figure{margin-left:calc(50% - 50vw);margin-right:calc(50% - 50vw);max-width:100vw;width:100vw;height:auto}.wp-block-uagb-image--align-full .wp-block-uagb-image__figure img{height:auto;width:100% !important}.wp-block-uagb-image--align-wide .wp-block-uagb-image__figure img{height:auto;width:100%}.wp-block-uagb-image--layout-overlay__color-wrapper{position:absolute;left:0;top:0;right:0;bottom:0;opacity:.2;background:rgba(0,0,0,.5);transition:opacity .35s ease-in-out}.wp-block-uagb-image--layout-overlay-link{position:absolute;left:0;right:0;bottom:0;top:0}.wp-block-uagb-image--layout-overlay .wp-block-uagb-image__figure:hover .wp-block-uagb-image--layout-overlay__color-wrapper{opacity:1}.wp-block-uagb-image--layout-overlay__inner{position:absolute;left:15px;right:15px;bottom:15px;top:15px;display:flex;align-items:center;justify-content:center;flex-direction:column;border-color:#fff;transition:.35s ease-in-out}.wp-block-uagb-image--layout-overlay__inner.top-left,.wp-block-uagb-image--layout-overlay__inner.top-center,.wp-block-uagb-image--layout-overlay__inner.top-right{justify-content:flex-start}.wp-block-uagb-image--layout-overlay__inner.bottom-left,.wp-block-uagb-image--layout-overlay__inner.bottom-center,.wp-block-uagb-image--layout-overlay__inner.bottom-right{justify-content:flex-end}.wp-block-uagb-image--layout-overlay__inner.top-left,.wp-block-uagb-image--layout-overlay__inner.center-left,.wp-block-uagb-image--layout-overlay__inner.bottom-left{align-items:flex-start}.wp-block-uagb-image--layout-overlay__inner.top-right,.wp-block-uagb-image--layout-overlay__inner.center-right,.wp-block-uagb-image--layout-overlay__inner.bottom-right{align-items:flex-end}.wp-block-uagb-image--layout-overlay__inner .uagb-image-heading{color:#fff;transition:transform .35s,opacity .35s ease-in-out;transform:translate3d(0, 24px, 0);margin:0;line-height:1em}.wp-block-uagb-image--layout-overlay__inner .uagb-image-separator{width:30%;border-top-width:2px;border-top-color:#fff;border-top-style:solid;margin-bottom:10px;opacity:0;transition:transform .4s,opacity .4s ease-in-out;transform:translate3d(0, 30px, 0)}.wp-block-uagb-image--layout-overlay__inner .uagb-image-caption{opacity:0;overflow:visible;color:#fff;transition:transform .45s,opacity .45s ease-in-out;transform:translate3d(0, 35px, 0)}.wp-block-uagb-image--layout-overlay__inner:hover .uagb-image-heading,.wp-block-uagb-image--layout-overlay__inner:hover .uagb-image-separator,.wp-block-uagb-image--layout-overlay__inner:hover .uagb-image-caption{opacity:1;transform:translate3d(0, 0, 0)}.wp-block-uagb-image--effect-zoomin .wp-block-uagb-image__figure img,.wp-block-uagb-image--effect-zoomin .wp-block-uagb-image__figure .wp-block-uagb-image--layout-overlay__color-wrapper{transform:scale(1);transition:transform .35s ease-in-out}.wp-block-uagb-image--effect-zoomin .wp-block-uagb-image__figure:hover img,.wp-block-uagb-image--effect-zoomin .wp-block-uagb-image__figure:hover .wp-block-uagb-image--layout-overlay__color-wrapper{transform:scale(1.05)}.wp-block-uagb-image--effect-slide .wp-block-uagb-image__figure img,.wp-block-uagb-image--effect-slide .wp-block-uagb-image__figure .wp-block-uagb-image--layout-overlay__color-wrapper{width:calc(100% + 40px) !important;max-width:none !important;transform:translate3d(-40px, 0, 0);transition:transform .35s ease-in-out}.wp-block-uagb-image--effect-slide .wp-block-uagb-image__figure:hover img,.wp-block-uagb-image--effect-slide .wp-block-uagb-image__figure:hover .wp-block-uagb-image--layout-overlay__color-wrapper{transform:translate3d(0, 0, 0)}.wp-block-uagb-image--effect-grayscale img{filter:grayscale(0%);transition:.35s ease-in-out}.wp-block-uagb-image--effect-grayscale:hover img{filter:grayscale(100%)}.wp-block-uagb-image--effect-blur img{filter:blur(0);transition:.35s ease-in-out}.wp-block-uagb-image--effect-blur:hover img{filter:blur(3px)}.uagb-block-e6f939b3.wp-block-uagb-image--layout-default figure img{box-shadow: 0px 0px 0 #00000070;}.uagb-block-e6f939b3.wp-block-uagb-image .wp-block-uagb-image__figure figcaption{font-style: normal;align-self: center;}.uagb-block-e6f939b3.wp-block-uagb-image--layout-overlay figure img{box-shadow: 0px 0px 0 #00000070;}.uagb-block-e6f939b3.wp-block-uagb-image--layout-overlay .wp-block-uagb-image--layout-overlay__color-wrapper{opacity: 0.2;}.uagb-block-e6f939b3.wp-block-uagb-image--layout-overlay .wp-block-uagb-image--layout-overlay__inner{left: 15px;right: 15px;top: 15px;bottom: 15px;}.uagb-block-e6f939b3.wp-block-uagb-image--layout-overlay .wp-block-uagb-image--layout-overlay__inner .uagb-image-heading{font-style: normal;color: #fff;opacity: 1;}.uagb-block-e6f939b3.wp-block-uagb-image--layout-overlay .wp-block-uagb-image--layout-overlay__inner .uagb-image-heading a{color: #fff;}.uagb-block-e6f939b3.wp-block-uagb-image--layout-overlay .wp-block-uagb-image--layout-overlay__inner .uagb-image-caption{opacity: 0;}.uagb-block-e6f939b3.wp-block-uagb-image--layout-overlay .wp-block-uagb-image__figure:hover .wp-block-uagb-image--layout-overlay__color-wrapper{opacity: 1;}.uagb-block-e6f939b3.wp-block-uagb-image .wp-block-uagb-image--layout-overlay__inner .uagb-image-separator{width: 30%;border-top-width: 2px;border-top-color: #fff;opacity: 0;}.uagb-block-e6f939b3.wp-block-uagb-image .wp-block-uagb-image__figure img{width: px;height: auto;}.uagb-block-e6f939b3.wp-block-uagb-image .wp-block-uagb-image__figure:hover .wp-block-uagb-image--layout-overlay__inner .uagb-image-caption{opacity: 1;}.uagb-block-e6f939b3.wp-block-uagb-image .wp-block-uagb-image__figure:hover .wp-block-uagb-image--layout-overlay__inner .uagb-image-separator{opacity: 1;}.uagb-block-e6f939b3.wp-block-uagb-image--layout-default figure:hover img{box-shadow: 0px 0px 0 #00000070;}.uagb-block-e6f939b3.wp-block-uagb-image--layout-overlay figure:hover img{box-shadow: 0px 0px 0 #00000070;}@media only screen and (max-width: 976px) {.uagb-block-e6f939b3.wp-block-uagb-image .wp-block-uagb-image__figure img{width: px;height: auto;}}@media only screen and (max-width: 767px) {.uagb-block-e6f939b3.wp-block-uagb-image .wp-block-uagb-image__figure img{width: px;height: auto;}}\";s:2:\"js\";s:0:\"\";s:18:\"current_block_list\";a:13:{i:0;s:11:\"core\/search\";i:1;s:10:\"core\/group\";i:2;s:12:\"core\/heading\";i:3;s:17:\"core\/latest-posts\";i:4;s:20:\"core\/latest-comments\";i:5;s:13:\"core\/archives\";i:6;s:15:\"core\/categories\";i:7;s:14:\"core\/paragraph\";i:8;s:10:\"uagb\/image\";i:9;s:11:\"core\/spacer\";i:10;s:30:\"woocommerce\/product-categories\";i:11;s:10:\"core\/image\";i:12;s:14:\"core\/shortcode\";}s:8:\"uag_flag\";b:1;s:11:\"uag_version\";s:10:\"1777377839\";s:6:\"gfonts\";a:0:{}s:10:\"gfonts_url\";s:0:\"\";s:12:\"gfonts_files\";a:0:{}s:14:\"uag_faq_layout\";b:0;}"]},"uagb_featured_image_src":{"full":["https:\/\/www.ferberpainting.com\/wp-content\/uploads\/2025\/05\/SepticTankTreatment.png",2560,2560,false],"thumbnail":["https:\/\/www.ferberpainting.com\/wp-content\/uploads\/2025\/05\/SepticTankTreatment-150x150.png",150,150,true],"medium":["https:\/\/www.ferberpainting.com\/wp-content\/uploads\/2025\/05\/SepticTankTreatment-300x300.png",300,300,true],"medium_large":["https:\/\/www.ferberpainting.com\/wp-content\/uploads\/2025\/05\/SepticTankTreatment-768x768.png",768,768,true],"large":["https:\/\/www.ferberpainting.com\/wp-content\/uploads\/2025\/05\/SepticTankTreatment-1024x1024.png",1024,1024,true],"1536x1536":["https:\/\/www.ferberpainting.com\/wp-content\/uploads\/2025\/05\/SepticTankTreatment-1536x1536.png",1536,1536,true],"2048x2048":["https:\/\/www.ferberpainting.com\/wp-content\/uploads\/2025\/05\/SepticTankTreatment-2048x2048.png",2048,2048,true],"trp-custom-language-flag":["https:\/\/www.ferberpainting.com\/wp-content\/uploads\/2025\/05\/SepticTankTreatment-12x12.png",12,12,true],"woocommerce_thumbnail":["https:\/\/www.ferberpainting.com\/wp-content\/uploads\/2025\/05\/SepticTankTreatment-300x300.png",300,300,true],"woocommerce_single":["https:\/\/www.ferberpainting.com\/wp-content\/uploads\/2025\/05\/SepticTankTreatment-600x600.png",600,600,true],"woocommerce_gallery_thumbnail":["https:\/\/www.ferberpainting.com\/wp-content\/uploads\/2025\/05\/SepticTankTreatment-100x100.png",100,100,true]},"uagb_author_info":{"display_name":"admin","author_link":"https:\/\/www.ferberpainting.com\/fi\/author\/"},"uagb_comment_info":7,"uagb_excerpt":"Effective and long-lasting septic tank maintenance.\u00a0This septic tank treatment is specially designed to optimize the proper functioning of individual sanitation systems. It prevents excessive sludge accumulation, reduces the risk of blockages, and minimizes bad odors while promoting the biological balance necessary for effective wastewater treatment. Thanks to its powerful formulation, it ensures continuous action that&hellip;","_links":{"self":[{"href":"https:\/\/www.ferberpainting.com\/fi\/wp-json\/wp\/v2\/product\/25283","targetHints":{"allow":["GET"]}}],"collection":[{"href":"https:\/\/www.ferberpainting.com\/fi\/wp-json\/wp\/v2\/product"}],"about":[{"href":"https:\/\/www.ferberpainting.com\/fi\/wp-json\/wp\/v2\/types\/product"}],"replies":[{"embeddable":true,"href":"https:\/\/www.ferberpainting.com\/fi\/wp-json\/wp\/v2\/comments?post=25283"}],"version-history":[{"count":3,"href":"https:\/\/www.ferberpainting.com\/fi\/wp-json\/wp\/v2\/product\/25283\/revisions"}],"predecessor-version":[{"id":167263,"href":"https:\/\/www.ferberpainting.com\/fi\/wp-json\/wp\/v2\/product\/25283\/revisions\/167263"}],"wp:featuredmedia":[{"embeddable":true,"href":"https:\/\/www.ferberpainting.com\/fi\/wp-json\/wp\/v2\/media\/27165"}],"wp:attachment":[{"href":"https:\/\/www.ferberpainting.com\/fi\/wp-json\/wp\/v2\/media?parent=25283"}],"wp:term":[{"taxonomy":"product_brand","embeddable":true,"href":"https:\/\/www.ferberpainting.com\/fi\/wp-json\/wp\/v2\/product_brand?post=25283"},{"taxonomy":"product_cat","embeddable":true,"href":"https:\/\/www.ferberpainting.com\/fi\/wp-json\/wp\/v2\/product_cat?post=25283"},{"taxonomy":"product_tag","embeddable":true,"href":"https:\/\/www.ferberpainting.com\/fi\/wp-json\/wp\/v2\/product_tag?post=25283"}],"curies":[{"name":"wp","href":"https:\/\/api.w.org\/{rel}","templated":true}]}}