{"id":25268,"date":"2025-05-26T10:30:10","date_gmt":"2025-05-26T08:30:10","guid":{"rendered":"https:\/\/www.ferberpainting.com\/products\/root-and-seedling-fertilizer\/"},"modified":"2026-02-16T08:35:46","modified_gmt":"2026-02-16T07:35:46","slug":"root-and-seedling-fertilizer","status":"publish","type":"product","link":"https:\/\/www.ferberpainting.com\/fi\/products\/root-and-seedling-fertilizer\/","title":{"rendered":"Juuri- ja taimilannoite"},"content":{"rendered":"<p><strong><img decoding=\"async\" style=\"margin-right: 12px;\" src=\"https:\/\/www.ferberpainting.com\/wp-content\/uploads\/2026\/02\/Check.svg\" alt=\"\" width=\"18\" height=\"15\" \/>Olennainen lannoite juuriston kehittymiselle ja taimien menestykselle.<\/strong>\u00a0T\u00e4m\u00e4 lannoite on erityisesti suunniteltu edist\u00e4m\u00e4\u00e4n nuorten kasvien juurtumista ja siementen it\u00e4mist\u00e4. T\u00e4ydellinen tasapaino typen (N), fosforin (P) ja kaliumin (K) v\u00e4lill\u00e4 NPK 15-15-15 takaa nopean ja vankan juuriston kehityksen, mik\u00e4 takaa voimakkaan kasvun ja paremman vastustuskyvyn ilmasto-olosuhteita ja tauteja vastaan.<\/p>\n<p><strong><img decoding=\"async\" style=\"margin-right: 12px;\" src=\"https:\/\/www.ferberpainting.com\/wp-content\/uploads\/2026\/02\/Check.svg\" alt=\"\" width=\"18\" height=\"15\" \/>Rahat takaisin -takuu.<\/strong>\u00a0Luotamme t\u00e4ysin lannoitteemme tehokkuuteen, mink\u00e4 vuoksi tarjoamme rahanpalautustakuun. Jos et havaitse havaittavaa parannusta taimissasi tai kasvien juuriston kehityksess\u00e4, kun olet levitt\u00e4nyt lannoitetta suositelluissa olosuhteissa, maksamme sinulle rahasi takaisin ilman keskustelua.<\/p>\n<p><strong><img decoding=\"async\" style=\"margin-right: 12px;\" src=\"https:\/\/www.ferberpainting.com\/wp-content\/uploads\/2026\/02\/Check.svg\" alt=\"\" width=\"18\" height=\"15\" \/>Monipuolinen lannoite kaikenlaisille taimille ja juurille.<\/strong>\u00a0T\u00e4m\u00e4 lannoite sopii kaikenlaisille viljelykasveille, olipa kyseess\u00e4 vihannesten, kukkien, puiden tai pensaiden taimet. Se sopii erinomaisesti my\u00f6s nuorille ruukkukasveille, olivatpa ne sitten avomaalla tai kasvihuoneessa. Sen kohdennettu vaikutus juurten kehitykseen antaa kasvien ime\u00e4 ravinteita ja vett\u00e4 tehokkaammin, mik\u00e4 takaa terveen ja tasaisen kasvun alusta alkaen.<\/p>\n<p><strong><img decoding=\"async\" style=\"margin-right: 12px;\" src=\"https:\/\/www.ferberpainting.com\/wp-content\/uploads\/2026\/02\/Check.svg\" alt=\"\" width=\"18\" height=\"15\" \/>Erinomainen kustannustehokkuus ja optimaalinen tehokkuus.<\/strong>\u00a0Tiivistetyn koostumuksensa ansiosta t\u00e4m\u00e4 lannoite tarjoaa poikkeuksellisen hyv\u00e4n tuoton, ja sen avulla voidaan k\u00e4sitell\u00e4 suuri m\u00e4\u00e4r\u00e4 taimia ja nuoria kasveja pienell\u00e4 tuotem\u00e4\u00e4r\u00e4ll\u00e4. Kun lannoitetta on 5 ml yht\u00e4 vesilitraa kohti, 5 litran pullosta voidaan valmistaa jopa 1 000 litraa lannoiteliuosta, mik\u00e4 tekee siit\u00e4 kest\u00e4v\u00e4n ja kannattavan investoinnin sek\u00e4 harrastajille ett\u00e4 ammattimaisille puutarhureille.<\/p>\n<p><strong><img decoding=\"async\" style=\"margin-right: 12px;\" src=\"https:\/\/www.ferberpainting.com\/wp-content\/uploads\/2026\/02\/Check.svg\" alt=\"\" width=\"18\" height=\"15\" \/>Turvallinen tuote kasveille ja ymp\u00e4rist\u00f6lle.<\/strong>\u00a0T\u00e4m\u00e4 lannoite ei sis\u00e4ll\u00e4 aggressiivisia kemiallisia aineita, ja se kunnioittaa ymp\u00e4rist\u00f6\u00e4. Se stimuloi juuria luonnollisesti vaarantamatta nuorten versojen palamista, mik\u00e4 takaa tasapainoisen ja turvallisen kehityksen. Se ei vahingoita maaper\u00e4n mikrofaunaa eik\u00e4 hy\u00f6dyllisi\u00e4 organismeja, kuten kastematoja ja maaper\u00e4n hedelm\u00e4llisyyden kannalta olennaisia mikro-organismeja.<\/p>\n<p><strong><img decoding=\"async\" style=\"margin-right: 12px;\" src=\"https:\/\/www.ferberpainting.com\/wp-content\/uploads\/2026\/02\/Check.svg\" alt=\"\" width=\"18\" height=\"15\" \/>Helppok\u00e4ytt\u00f6inen lannoite nopeaan ja tehokkaaseen levitykseen.<\/strong>\u00a0Toisin kuin muut lannoitteet, jotka vaativat monimutkaisia vaiheita, t\u00e4m\u00e4 lannoite laimenee helposti veteen ja levitet\u00e4\u00e4n yksinkertaisesti ruiskuttamalla. Mit\u00e4\u00e4n monimutkaisia laitteita ei tarvita, yksinkertainen kastelukannu tai ruisku riitt\u00e4\u00e4 ruokkimaan juuret ja taimet tehokkaasti. Ei vaadi erityisi\u00e4 taitoja, joten se on kaikkien puutarhureiden saatavilla, aloittelijoista ammattilaisiin.<\/p>\n<p><strong><img decoding=\"async\" style=\"margin-right: 12px;\" src=\"https:\/\/www.ferberpainting.com\/wp-content\/uploads\/2026\/02\/Check.svg\" alt=\"\" width=\"18\" height=\"15\" \/>Kest\u00e4v\u00e4 toiminta syv\u00e4\u00e4 ja vankkaa juurtumista varten.<\/strong>\u00a0Tasapainoisen ravinteiden vapautumisen ansiosta t\u00e4m\u00e4 lannoite takaa jatkuvan ja harmonisen kasvun useiden viikkojen ajan. Se edist\u00e4\u00e4 syvien juurien kehittymist\u00e4, auttaa nuoria kasveja kest\u00e4m\u00e4\u00e4n kuivuutta ja imem\u00e4\u00e4n maaper\u00e4st\u00e4 tehokkaammin mineraaleja ja vett\u00e4. T\u00e4m\u00e4 takaa kasvien paremman sopeutumisen ymp\u00e4rist\u00f6\u00f6ns\u00e4 ja paremman selviytymisasteen.<\/p>\n<p><strong><img decoding=\"async\" style=\"margin-right: 12px;\" src=\"https:\/\/www.ferberpainting.com\/wp-content\/uploads\/2026\/02\/Check.svg\" alt=\"\" width=\"18\" height=\"15\" \/>N\u00e4kyvi\u00e4 tuloksia vain muutamassa viikossa.<\/strong>\u00a0Jo ensimm\u00e4isin\u00e4 k\u00e4ytt\u00f6p\u00e4ivin\u00e4 voit havaita taimien nopeamman kasvun, voimakkaammat juuret sek\u00e4 tihe\u00e4mm\u00e4t ja vihre\u00e4mm\u00e4t lehdet. Tehostettu vaikutus juuristoon mahdollistaa ravinteiden paremman imeytymisen, mik\u00e4 johtaa vahvempiin ja stressi\u00e4 kest\u00e4v\u00e4mpiin kasveihin ja v\u00e4hent\u00e4\u00e4 tautien ja tuholaisten riski\u00e4.<\/p>\n<h2><strong>K\u00e4ytt\u00f6protokolla<\/strong><\/h2>\n<p><strong>Suositeltu annostus<\/strong> :<\/p>\n<ul>\n<li><strong>Kylv\u00f6\u00e4 varten<\/strong>: Sekoita 5 ml lannoitetta 1 litraan vett\u00e4 ja kostuta maaper\u00e4 kevyesti siementen sijoittamisen j\u00e4lkeen.<\/li>\n<li><strong>Ruukuissa tai astioissa oleville nuorille kasveille<\/strong>: Vesi laimennetulla liuoksella 5 ml litraa vett\u00e4 kohden kerran viikossa.<\/li>\n<li><strong>Ulkoistutuksiin<\/strong>: Levit\u00e4 1 litra liuosta neli\u00f6metri\u00e4 kohti nuorten kasvien ymp\u00e4rille.<\/li>\n<li><strong>\u00c4skett\u00e4in istutetuille puille ja pensaille<\/strong>: Kastele kukin kasvi 2-3 litralla liuosta kasvin koosta riippuen.<\/li>\n<\/ul>\n<p><strong>Sovelluksen taajuus<\/strong> :<\/p>\n<ul>\n<li>Heti kylv\u00f6n j\u00e4lkeen nopean ja tasaisen it\u00e4misen edist\u00e4miseksi.<\/li>\n<li>Kun ensimm\u00e4iset lehdet ilmestyv\u00e4t, tukemaan nuorten versojen kehityst\u00e4.<\/li>\n<li>Jokaisen istutuksen j\u00e4lkeen, jotta v\u00e4hennet\u00e4\u00e4n juurist\u00f6rasitusta ja edistet\u00e4\u00e4n nopeaa toipumista.<\/li>\n<\/ul>\n<p><strong>Soveltamismenetelm\u00e4<\/strong> :<\/p>\n<ul>\n<li>K\u00e4yt\u00e4 kastelukannua tai sumutinta laimennetun lannoitteen tasaiseen levitt\u00e4miseen.<\/li>\n<li>Levit\u00e4 suoraan maahan tai nuorten kasvien tyvelle ilman liiallista kastelua ravinteiden huuhtoutumisen v\u00e4ltt\u00e4miseksi.<\/li>\n<li>V\u00e4lt\u00e4 levitt\u00e4mist\u00e4 kuumalla s\u00e4\u00e4ll\u00e4, mieluiten aamuisin tai my\u00f6h\u00e4\u00e4n iltap\u00e4iv\u00e4ll\u00e4.<\/li>\n<\/ul>\n<p><strong>K\u00e4ytt\u00f6\u00e4 koskevat varotoimet<\/strong> :<\/p>\n<ul>\n<li>Noudata suositeltuja annoksia, sill\u00e4 yliannostus voi vahingoittaa nuoria kasveja.<\/li>\n<li>S\u00e4ilyt\u00e4 valolta ja kosteudelta suojattuna viile\u00e4ss\u00e4 ja kuivassa paikassa.<\/li>\n<li>\u00c4l\u00e4 k\u00e4yt\u00e4 lepotilassa oleville kasveille, vaan varaa k\u00e4ytt\u00f6 aktiiviseen kasvukauteen.<\/li>\n<\/ul>\n<p>T\u00e4m\u00e4n juuri- ja siemenlannoitteen avulla varmistat onnistuneen it\u00e4misen, optimaalisen juuriston kehittymisen ja voimakkaan kasvun. Sen tasapainoiset ravinteet tarjoavat t\u00e4ydellisen ja tehokkaan ratkaisun kaikille kylv\u00f6ille ja nuorille kasveille, mik\u00e4 takaa vahvan alun terveille ja kest\u00e4ville kasveille.<\/p>","protected":false},"excerpt":{"rendered":"<p>An essential fertilizer for root development and seedling success.\u00a0This fertilizer is specifically formulated to promote the rooting of young plants and stimulate seed germination. With a perfect balance of nitrogen (N), phosphorus (P), and potassium (K) with an NPK of 15-15-15, it ensures rapid and robust root development, thus guaranteeing vigorous growth and better resistance [&hellip;]<\/p>\n","protected":false},"featured_media":27153,"comment_status":"open","ping_status":"closed","template":"","meta":{"_uag_custom_page_level_css":"","site-sidebar-layout":"default","site-content-layout":"","ast-site-content-layout":"default","site-content-style":"default","site-sidebar-style":"default","ast-global-header-display":"","ast-banner-title-visibility":"","ast-main-header-display":"","ast-hfb-above-header-display":"","ast-hfb-below-header-display":"","ast-hfb-mobile-header-display":"","site-post-title":"","ast-breadcrumbs-content":"","ast-featured-img":"","footer-sml-layout":"","ast-disable-related-posts":"","theme-transparent-header-meta":"default","adv-header-id-meta":"","stick-header-meta":"","header-above-stick-meta":"","header-main-stick-meta":"","header-below-stick-meta":"","astra-migrate-meta-layouts":"set","ast-page-background-enabled":"default","ast-page-background-meta":{"desktop":{"background-color":"var(--ast-global-color-4)","background-image":"","background-repeat":"repeat","background-position":"center center","background-size":"auto","background-attachment":"scroll","background-type":"","background-media":"","overlay-type":"","overlay-color":"","overlay-opacity":"","overlay-gradient":""},"tablet":{"background-color":"","background-image":"","background-repeat":"repeat","background-position":"center center","background-size":"auto","background-attachment":"scroll","background-type":"","background-media":"","overlay-type":"","overlay-color":"","overlay-opacity":"","overlay-gradient":""},"mobile":{"background-color":"","background-image":"","background-repeat":"repeat","background-position":"center center","background-size":"auto","background-attachment":"scroll","background-type":"","background-media":"","overlay-type":"","overlay-color":"","overlay-opacity":"","overlay-gradient":""}},"ast-content-background-meta":{"desktop":{"background-color":"var(--ast-global-color-5)","background-image":"","background-repeat":"repeat","background-position":"center center","background-size":"auto","background-attachment":"scroll","background-type":"","background-media":"","overlay-type":"","overlay-color":"","overlay-opacity":"","overlay-gradient":""},"tablet":{"background-color":"var(--ast-global-color-5)","background-image":"","background-repeat":"repeat","background-position":"center center","background-size":"auto","background-attachment":"scroll","background-type":"","background-media":"","overlay-type":"","overlay-color":"","overlay-opacity":"","overlay-gradient":""},"mobile":{"background-color":"var(--ast-global-color-5)","background-image":"","background-repeat":"repeat","background-position":"center center","background-size":"auto","background-attachment":"scroll","background-type":"","background-media":"","overlay-type":"","overlay-color":"","overlay-opacity":"","overlay-gradient":""}}},"product_brand":[],"product_cat":[178],"product_tag":[],"class_list":{"0":"post-25268","1":"product","2":"type-product","3":"status-publish","4":"has-post-thumbnail","6":"product_cat-fertilizers","7":"desktop-align-left","8":"tablet-align-left","9":"mobile-align-left","11":"first","12":"instock","13":"sale","14":"taxable","15":"shipping-taxable","16":"purchasable","17":"product-type-variable","18":"has-default-attributes"},"spectra_custom_meta":{"_visibility":["visible"],"_shopify_product_id":["9071933686005"],"_s2w_shopify_domain":["ferberpainting.myshopify.com"],"_shopify_variant_id":["46519270408437"],"_sku":[""],"_manage_stock":["no"],"total_sales":["10"],"_tax_status":["taxable"],"_tax_class":[""],"_backorders":["no"],"_sold_individually":["no"],"_virtual":["no"],"_downloadable":["no"],"_download_limit":["-1"],"_download_expiry":["-1"],"_stock":[null],"_stock_status":["instock"],"_wc_average_rating":["4.71"],"_wc_review_count":["7"],"_product_attributes":["a:1:{s:6:\"volume\";a:6:{s:4:\"name\";s:6:\"Volume\";s:5:\"value\";s:20:\"5 liters | 25 liters\";s:8:\"position\";i:1;s:10:\"is_visible\";i:0;s:12:\"is_variation\";i:1;s:11:\"is_taxonomy\";i:0;}}"],"_product_version":["10.5.1"],"_thumbnail_id":["27153"],"_product_image_gallery":["27154"],"wpse_downloadable_file_names":[""],"wpse_downloadable_file_urls":[""],"_edit_last":["1"],"_default_attributes":["a:1:{s:6:\"volume\";s:8:\"5 liters\";}"],"_edit_lock":["1771228673:1"],"_price":["29.90","129.90"],"merchant-center-availability":["yes"],"merchant-center-category":["113"],"_wp_page_template":["default"],"site-sidebar-layout":["default"],"ast-site-content-layout":["default"],"site-content-style":["default"],"site-sidebar-style":["default"],"theme-transparent-header-meta":["default"],"_wc_rating_count":["a:2:{i:4;i:2;i:5;i:5;}"],"astra-migrate-meta-layouts":["set"],"_uag_css_file_name":["uag-css-25268.css"],"_elementor_page_assets":["a:0:{}"],"_uag_page_assets":["a:9:{s:3:\"css\";s:7133:\".uag-blocks-common-selector{z-index:var(--z-index-desktop) !important}@media(max-width: 976px){.uag-blocks-common-selector{z-index:var(--z-index-tablet) !important}}@media(max-width: 767px){.uag-blocks-common-selector{z-index:var(--z-index-mobile) !important}}.wp-block-uagb-image{display:flex}.wp-block-uagb-image__figure{position:relative;display:flex;flex-direction:column;max-width:100%;height:auto;margin:0}.wp-block-uagb-image__figure img{height:auto;display:flex;max-width:100%;transition:box-shadow .2s ease}.wp-block-uagb-image__figure>a{display:inline-block}.wp-block-uagb-image__figure figcaption{text-align:center;margin-top:.5em;margin-bottom:1em}.wp-block-uagb-image .components-placeholder.block-editor-media-placeholder .components-placeholder__instructions{align-self:center}.wp-block-uagb-image--align-left{text-align:left}.wp-block-uagb-image--align-right{text-align:right}.wp-block-uagb-image--align-center{text-align:center}.wp-block-uagb-image--align-full .wp-block-uagb-image__figure{margin-left:calc(50% - 50vw);margin-right:calc(50% - 50vw);max-width:100vw;width:100vw;height:auto}.wp-block-uagb-image--align-full .wp-block-uagb-image__figure img{height:auto;width:100% !important}.wp-block-uagb-image--align-wide .wp-block-uagb-image__figure img{height:auto;width:100%}.wp-block-uagb-image--layout-overlay__color-wrapper{position:absolute;left:0;top:0;right:0;bottom:0;opacity:.2;background:rgba(0,0,0,.5);transition:opacity .35s ease-in-out}.wp-block-uagb-image--layout-overlay-link{position:absolute;left:0;right:0;bottom:0;top:0}.wp-block-uagb-image--layout-overlay .wp-block-uagb-image__figure:hover .wp-block-uagb-image--layout-overlay__color-wrapper{opacity:1}.wp-block-uagb-image--layout-overlay__inner{position:absolute;left:15px;right:15px;bottom:15px;top:15px;display:flex;align-items:center;justify-content:center;flex-direction:column;border-color:#fff;transition:.35s ease-in-out}.wp-block-uagb-image--layout-overlay__inner.top-left,.wp-block-uagb-image--layout-overlay__inner.top-center,.wp-block-uagb-image--layout-overlay__inner.top-right{justify-content:flex-start}.wp-block-uagb-image--layout-overlay__inner.bottom-left,.wp-block-uagb-image--layout-overlay__inner.bottom-center,.wp-block-uagb-image--layout-overlay__inner.bottom-right{justify-content:flex-end}.wp-block-uagb-image--layout-overlay__inner.top-left,.wp-block-uagb-image--layout-overlay__inner.center-left,.wp-block-uagb-image--layout-overlay__inner.bottom-left{align-items:flex-start}.wp-block-uagb-image--layout-overlay__inner.top-right,.wp-block-uagb-image--layout-overlay__inner.center-right,.wp-block-uagb-image--layout-overlay__inner.bottom-right{align-items:flex-end}.wp-block-uagb-image--layout-overlay__inner .uagb-image-heading{color:#fff;transition:transform .35s,opacity .35s ease-in-out;transform:translate3d(0, 24px, 0);margin:0;line-height:1em}.wp-block-uagb-image--layout-overlay__inner .uagb-image-separator{width:30%;border-top-width:2px;border-top-color:#fff;border-top-style:solid;margin-bottom:10px;opacity:0;transition:transform .4s,opacity .4s ease-in-out;transform:translate3d(0, 30px, 0)}.wp-block-uagb-image--layout-overlay__inner .uagb-image-caption{opacity:0;overflow:visible;color:#fff;transition:transform .45s,opacity .45s ease-in-out;transform:translate3d(0, 35px, 0)}.wp-block-uagb-image--layout-overlay__inner:hover .uagb-image-heading,.wp-block-uagb-image--layout-overlay__inner:hover .uagb-image-separator,.wp-block-uagb-image--layout-overlay__inner:hover .uagb-image-caption{opacity:1;transform:translate3d(0, 0, 0)}.wp-block-uagb-image--effect-zoomin .wp-block-uagb-image__figure img,.wp-block-uagb-image--effect-zoomin .wp-block-uagb-image__figure .wp-block-uagb-image--layout-overlay__color-wrapper{transform:scale(1);transition:transform .35s ease-in-out}.wp-block-uagb-image--effect-zoomin .wp-block-uagb-image__figure:hover img,.wp-block-uagb-image--effect-zoomin .wp-block-uagb-image__figure:hover .wp-block-uagb-image--layout-overlay__color-wrapper{transform:scale(1.05)}.wp-block-uagb-image--effect-slide .wp-block-uagb-image__figure img,.wp-block-uagb-image--effect-slide .wp-block-uagb-image__figure .wp-block-uagb-image--layout-overlay__color-wrapper{width:calc(100% + 40px) !important;max-width:none !important;transform:translate3d(-40px, 0, 0);transition:transform .35s ease-in-out}.wp-block-uagb-image--effect-slide .wp-block-uagb-image__figure:hover img,.wp-block-uagb-image--effect-slide .wp-block-uagb-image__figure:hover .wp-block-uagb-image--layout-overlay__color-wrapper{transform:translate3d(0, 0, 0)}.wp-block-uagb-image--effect-grayscale img{filter:grayscale(0%);transition:.35s ease-in-out}.wp-block-uagb-image--effect-grayscale:hover img{filter:grayscale(100%)}.wp-block-uagb-image--effect-blur img{filter:blur(0);transition:.35s ease-in-out}.wp-block-uagb-image--effect-blur:hover img{filter:blur(3px)}.uagb-block-e6f939b3.wp-block-uagb-image--layout-default figure img{box-shadow: 0px 0px 0 #00000070;}.uagb-block-e6f939b3.wp-block-uagb-image .wp-block-uagb-image__figure figcaption{font-style: normal;align-self: center;}.uagb-block-e6f939b3.wp-block-uagb-image--layout-overlay figure img{box-shadow: 0px 0px 0 #00000070;}.uagb-block-e6f939b3.wp-block-uagb-image--layout-overlay .wp-block-uagb-image--layout-overlay__color-wrapper{opacity: 0.2;}.uagb-block-e6f939b3.wp-block-uagb-image--layout-overlay .wp-block-uagb-image--layout-overlay__inner{left: 15px;right: 15px;top: 15px;bottom: 15px;}.uagb-block-e6f939b3.wp-block-uagb-image--layout-overlay .wp-block-uagb-image--layout-overlay__inner .uagb-image-heading{font-style: normal;color: #fff;opacity: 1;}.uagb-block-e6f939b3.wp-block-uagb-image--layout-overlay .wp-block-uagb-image--layout-overlay__inner .uagb-image-heading a{color: #fff;}.uagb-block-e6f939b3.wp-block-uagb-image--layout-overlay .wp-block-uagb-image--layout-overlay__inner .uagb-image-caption{opacity: 0;}.uagb-block-e6f939b3.wp-block-uagb-image--layout-overlay .wp-block-uagb-image__figure:hover .wp-block-uagb-image--layout-overlay__color-wrapper{opacity: 1;}.uagb-block-e6f939b3.wp-block-uagb-image .wp-block-uagb-image--layout-overlay__inner .uagb-image-separator{width: 30%;border-top-width: 2px;border-top-color: #fff;opacity: 0;}.uagb-block-e6f939b3.wp-block-uagb-image .wp-block-uagb-image__figure img{width: px;height: auto;}.uagb-block-e6f939b3.wp-block-uagb-image .wp-block-uagb-image__figure:hover .wp-block-uagb-image--layout-overlay__inner .uagb-image-caption{opacity: 1;}.uagb-block-e6f939b3.wp-block-uagb-image .wp-block-uagb-image__figure:hover .wp-block-uagb-image--layout-overlay__inner .uagb-image-separator{opacity: 1;}.uagb-block-e6f939b3.wp-block-uagb-image--layout-default figure:hover img{box-shadow: 0px 0px 0 #00000070;}.uagb-block-e6f939b3.wp-block-uagb-image--layout-overlay figure:hover img{box-shadow: 0px 0px 0 #00000070;}@media only screen and (max-width: 976px) {.uagb-block-e6f939b3.wp-block-uagb-image .wp-block-uagb-image__figure img{width: px;height: auto;}}@media only screen and (max-width: 767px) {.uagb-block-e6f939b3.wp-block-uagb-image .wp-block-uagb-image__figure img{width: px;height: auto;}}\";s:2:\"js\";s:0:\"\";s:18:\"current_block_list\";a:13:{i:0;s:11:\"core\/search\";i:1;s:10:\"core\/group\";i:2;s:12:\"core\/heading\";i:3;s:17:\"core\/latest-posts\";i:4;s:20:\"core\/latest-comments\";i:5;s:13:\"core\/archives\";i:6;s:15:\"core\/categories\";i:7;s:14:\"core\/paragraph\";i:8;s:10:\"uagb\/image\";i:9;s:11:\"core\/spacer\";i:10;s:30:\"woocommerce\/product-categories\";i:11;s:10:\"core\/image\";i:12;s:14:\"core\/shortcode\";}s:8:\"uag_flag\";b:1;s:11:\"uag_version\";s:10:\"1777329918\";s:6:\"gfonts\";a:0:{}s:10:\"gfonts_url\";s:0:\"\";s:12:\"gfonts_files\";a:0:{}s:14:\"uag_faq_layout\";b:0;}"]},"uagb_featured_image_src":{"full":["https:\/\/www.ferberpainting.com\/wp-content\/uploads\/2025\/05\/RootandSeedlingFertilizer5L.png",2560,2560,false],"thumbnail":["https:\/\/www.ferberpainting.com\/wp-content\/uploads\/2025\/05\/RootandSeedlingFertilizer5L-150x150.png",150,150,true],"medium":["https:\/\/www.ferberpainting.com\/wp-content\/uploads\/2025\/05\/RootandSeedlingFertilizer5L-300x300.png",300,300,true],"medium_large":["https:\/\/www.ferberpainting.com\/wp-content\/uploads\/2025\/05\/RootandSeedlingFertilizer5L-768x768.png",768,768,true],"large":["https:\/\/www.ferberpainting.com\/wp-content\/uploads\/2025\/05\/RootandSeedlingFertilizer5L-1024x1024.png",1024,1024,true],"1536x1536":["https:\/\/www.ferberpainting.com\/wp-content\/uploads\/2025\/05\/RootandSeedlingFertilizer5L-1536x1536.png",1536,1536,true],"2048x2048":["https:\/\/www.ferberpainting.com\/wp-content\/uploads\/2025\/05\/RootandSeedlingFertilizer5L-2048x2048.png",2048,2048,true],"trp-custom-language-flag":["https:\/\/www.ferberpainting.com\/wp-content\/uploads\/2025\/05\/RootandSeedlingFertilizer5L-12x12.png",12,12,true],"woocommerce_thumbnail":["https:\/\/www.ferberpainting.com\/wp-content\/uploads\/2025\/05\/RootandSeedlingFertilizer5L-300x300.png",300,300,true],"woocommerce_single":["https:\/\/www.ferberpainting.com\/wp-content\/uploads\/2025\/05\/RootandSeedlingFertilizer5L-600x600.png",600,600,true],"woocommerce_gallery_thumbnail":["https:\/\/www.ferberpainting.com\/wp-content\/uploads\/2025\/05\/RootandSeedlingFertilizer5L-100x100.png",100,100,true]},"uagb_author_info":{"display_name":"admin","author_link":"https:\/\/www.ferberpainting.com\/fi\/author\/"},"uagb_comment_info":7,"uagb_excerpt":"An essential fertilizer for root development and seedling success.\u00a0This fertilizer is specifically formulated to promote the rooting of young plants and stimulate seed germination. With a perfect balance of nitrogen (N), phosphorus (P), and potassium (K) with an NPK of 15-15-15, it ensures rapid and robust root development, thus guaranteeing vigorous growth and better resistance&hellip;","_links":{"self":[{"href":"https:\/\/www.ferberpainting.com\/fi\/wp-json\/wp\/v2\/product\/25268","targetHints":{"allow":["GET"]}}],"collection":[{"href":"https:\/\/www.ferberpainting.com\/fi\/wp-json\/wp\/v2\/product"}],"about":[{"href":"https:\/\/www.ferberpainting.com\/fi\/wp-json\/wp\/v2\/types\/product"}],"replies":[{"embeddable":true,"href":"https:\/\/www.ferberpainting.com\/fi\/wp-json\/wp\/v2\/comments?post=25268"}],"version-history":[{"count":4,"href":"https:\/\/www.ferberpainting.com\/fi\/wp-json\/wp\/v2\/product\/25268\/revisions"}],"predecessor-version":[{"id":167148,"href":"https:\/\/www.ferberpainting.com\/fi\/wp-json\/wp\/v2\/product\/25268\/revisions\/167148"}],"wp:featuredmedia":[{"embeddable":true,"href":"https:\/\/www.ferberpainting.com\/fi\/wp-json\/wp\/v2\/media\/27153"}],"wp:attachment":[{"href":"https:\/\/www.ferberpainting.com\/fi\/wp-json\/wp\/v2\/media?parent=25268"}],"wp:term":[{"taxonomy":"product_brand","embeddable":true,"href":"https:\/\/www.ferberpainting.com\/fi\/wp-json\/wp\/v2\/product_brand?post=25268"},{"taxonomy":"product_cat","embeddable":true,"href":"https:\/\/www.ferberpainting.com\/fi\/wp-json\/wp\/v2\/product_cat?post=25268"},{"taxonomy":"product_tag","embeddable":true,"href":"https:\/\/www.ferberpainting.com\/fi\/wp-json\/wp\/v2\/product_tag?post=25268"}],"curies":[{"name":"wp","href":"https:\/\/api.w.org\/{rel}","templated":true}]}}