{"id":25026,"date":"2025-05-26T10:28:44","date_gmt":"2025-05-26T08:28:44","guid":{"rendered":"https:\/\/www.ferberpainting.com\/products\/rhubarb-fertilizer\/"},"modified":"2026-02-16T08:00:40","modified_gmt":"2026-02-16T07:00:40","slug":"rhubarb-fertilizer","status":"publish","type":"product","link":"https:\/\/www.ferberpainting.com\/fi\/products\/rhubarb-fertilizer\/","title":{"rendered":"Raparperin lannoite"},"content":{"rendered":"<p><strong><img decoding=\"async\" style=\"margin-right: 12px;\" src=\"https:\/\/www.ferberpainting.com\/wp-content\/uploads\/2026\/02\/Check.svg\" alt=\"\" width=\"18\" height=\"15\" \/>Lannoite, joka on suunniteltu elinvoimaista ja tuottavaa raparperia varten.<\/strong>\u00a0T\u00e4m\u00e4 lannoite on erityisesti suunniteltu edist\u00e4m\u00e4\u00e4n raparperikasvien nopeaa kasvua ja kest\u00e4vyytt\u00e4. Tasapainoisen typen (N), fosforin (P) ja kaliumin (K) koostumuksensa (NPK 15-15-15) ansiosta se stimuloi juurten kehityst\u00e4, parantaa lehtien tiheytt\u00e4 ja edist\u00e4\u00e4 paksujen ja mehukkaiden varsien muodostumista. Ruokkimalla raparperisi t\u00e4ll\u00e4 lannoitteella saat runsaamman sadon ja korkealaatuiset varret.<\/p>\n<p><strong><img decoding=\"async\" style=\"margin-right: 12px;\" src=\"https:\/\/www.ferberpainting.com\/wp-content\/uploads\/2026\/02\/Check.svg\" alt=\"\" width=\"18\" height=\"15\" \/>Rahat takaisin -takuu.<\/strong>\u00a0Luotamme t\u00e4ysin tuotteemme tehokkuuteen. Siksi tarjoamme rahat takaisin -takuun. Jos asianmukaisen k\u00e4yt\u00f6n j\u00e4lkeen et huomaa parannusta raparperisi kasvussa ja sadossa, maksamme sinulle rahat takaisin ilman kysymyksi\u00e4.<\/p>\n<p><strong><img decoding=\"async\" style=\"margin-right: 12px;\" src=\"https:\/\/www.ferberpainting.com\/wp-content\/uploads\/2026\/02\/Check.svg\" alt=\"\" width=\"18\" height=\"15\" \/>Sopii kaikille maalajeille ja kasvuolosuhteille.<\/strong>\u00a0T\u00e4m\u00e4 lannoite sopii kaikille raparperilajikkeille, kasvatettiinpa niit\u00e4 sitten avomaalla, kasvimaalla tai ruukussa. Se tehoaa kaikenlaiseen maaper\u00e4\u00e4n, olipa se sitten savi-, hiekka-, savi- tai kalkkikivimaata. Sen vaikutus s\u00e4\u00e4telee maan pH:ta ja parantaa t\u00e4rkeiden ravinteiden imeytymist\u00e4.<\/p>\n<p><strong><img decoding=\"async\" style=\"margin-right: 12px;\" src=\"https:\/\/www.ferberpainting.com\/wp-content\/uploads\/2026\/02\/Check.svg\" alt=\"\" width=\"18\" height=\"15\" \/>Kustannustehokas sato ja tehokas lannoitus.<\/strong>\u00a0Tiivistetyn koostumuksensa ansiosta t\u00e4m\u00e4 lannoite laimenee helposti ja mahdollistaa optimaalisen levityksen. Viiden litran pullolla voit tuottaa jopa 1 000 litraa laimennettua lannoitetta, joka kattaa laajasti useita satojaksoja. Se mahdollistaa tasaisen lannoituksen ilman liiallista tai puutteellista lannoitusta, mik\u00e4 takaa jatkuvan ja hallitun kasvun.<\/p>\n<p><strong><img decoding=\"async\" style=\"margin-right: 12px;\" src=\"https:\/\/www.ferberpainting.com\/wp-content\/uploads\/2026\/02\/Check.svg\" alt=\"\" width=\"18\" height=\"15\" \/>Turvallinen kasveille ja ymp\u00e4rist\u00f6yst\u00e4v\u00e4llinen.<\/strong>\u00a0Lannoitteemme on valmistettu ilman haitallisia kemikaaleja maaper\u00e4n laadun ja ymp\u00e4r\u00f6iv\u00e4n ekosysteemin s\u00e4ilytt\u00e4miseksi. Se ei polta juuria, mik\u00e4 takaa ravinteiden asteittaisen ja tehokkaan imeytymisen kasviin. Se ei saastuta pohjavett\u00e4, mik\u00e4 edist\u00e4\u00e4 ymp\u00e4rist\u00f6\u00e4 kunnioittavampaa maataloutta.<\/p>\n<p><strong><img decoding=\"async\" style=\"margin-right: 12px;\" src=\"https:\/\/www.ferberpainting.com\/wp-content\/uploads\/2026\/02\/Check.svg\" alt=\"\" width=\"18\" height=\"15\" \/>Yksinkertainen ja nopea k\u00e4ytt\u00f6 takaa maksimaalisen tehokkuuden.<\/strong>\u00a0T\u00e4t\u00e4 lannoitetta on helppo k\u00e4ytt\u00e4\u00e4, jopa amat\u00f6\u00f6ripuutarhureille. Se laimenee nopeasti ja levitet\u00e4\u00e4n suoraan kasvien tyvelle. Erityislaitteita ei tarvita; yksinkertainen kastelukannu tai ruisku riitt\u00e4\u00e4. Se voidaan my\u00f6s sekoittaa kasteluveteen, jolloin se imeytyy nopeasti ja tasaisesti kasviin.<\/p>\n<p><strong><img decoding=\"async\" style=\"margin-right: 12px;\" src=\"https:\/\/www.ferberpainting.com\/wp-content\/uploads\/2026\/02\/Check.svg\" alt=\"\" width=\"18\" height=\"15\" \/>Pitk\u00e4kestoinen vaikutus runsaisiin satoihin ja vankkoihin kasveihin.<\/strong>\u00a0Hitaasti vapautuvan koostumuksensa ansiosta t\u00e4m\u00e4 lannoite ravitsee kasveja pitk\u00e4ll\u00e4 aikav\u00e4lill\u00e4 ja takaa tasaisen kasvun ja paremman taudinkest\u00e4vyyden. Se auttaa raparperia kehitt\u00e4m\u00e4\u00e4n vahvan juuriston, mik\u00e4 edist\u00e4\u00e4 varsien hyv\u00e4\u00e4 uusiutumista jokaisen sadonkorjuun j\u00e4lkeen.<\/p>\n<p><strong><img decoding=\"async\" style=\"margin-right: 12px;\" src=\"https:\/\/www.ferberpainting.com\/wp-content\/uploads\/2026\/02\/Check.svg\" alt=\"\" width=\"18\" height=\"15\" \/>N\u00e4kyv\u00e4t tulokset ensimm\u00e4isten viikkojen aikana.<\/strong>\u00a0Muutaman viikon k\u00e4yt\u00f6n j\u00e4lkeen huomaat lehtien nopeamman kasvun, paksummat varret ja paremman j\u00e4lkikasvun sadonkorjuun j\u00e4lkeen. Koska t\u00e4m\u00e4 lannoite tarjoaa kaikki tarvittavat ravinteet, voit saada tihe\u00e4mpi\u00e4 ja runsaampia satoja.<\/p>\n<h2><strong>K\u00e4ytt\u00f6protokolla<\/strong><\/h2>\n<p><strong>Suositeltu annostus :<\/strong><\/p>\n<ul>\n<li><strong>Ennen kuin kasvillisuus alkaa uudelleen (kev\u00e4\u00e4ll\u00e4) <\/strong>: laimenna 5 ml lannoitetta litraan vett\u00e4 ja kastele suoraan kasvien juurelle.<\/li>\n<li><strong>Aktiivisen kasvun aikana <\/strong>: K\u00e4yt\u00e4 kerran 2 viikon v\u00e4lein samaa annostusta k\u00e4ytt\u00e4en (5 ml litraa vett\u00e4 kohti).<\/li>\n<li><strong>Sadonkorjuun j\u00e4lkeen<\/strong>: viimeinen lannoitus auttaa kasveja uudistumaan hyvin seuraavaa kasvukautta varten.<\/li>\n<\/ul>\n<p><strong>Sovelluksen taajuus <\/strong>:<\/p>\n<ul>\n<li><strong>Kev\u00e4\u00e4ll\u00e4 ja kes\u00e4ll\u00e4 <\/strong>: levit\u00e4 kahden viikon v\u00e4lein kasvun tukemiseksi.<\/li>\n<li><strong>Jokaisen sadonkorjuun j\u00e4lkeen <\/strong>: lis\u00e4k\u00e4sittely stimuloi uusien varsien tuotantoa.<\/li>\n<li><strong>Syksyll\u00e4 <\/strong>: lopeta levitys, jotta kasvi p\u00e4\u00e4see lepotilaan ennen talvea.<\/li>\n<\/ul>\n<p><strong>Soveltamismenetelm\u00e4 <\/strong>:<\/p>\n<ul>\n<li>Sadonkorjuun j\u00e4lkeen:  Laimenna lannoite veteen suositellun annostuksen mukaisesti.<\/li>\n<li>Kastele suoraan kasvien tyvest\u00e4, jotta vesi imeytyy paremmin.<\/li>\n<li>\u00c4l\u00e4 levit\u00e4 lehdille, jotta v\u00e4ltet\u00e4\u00e4n palamisvaara.<\/li>\n<li>Levit\u00e4 mieluummin aamulla tai my\u00f6h\u00e4\u00e4n p\u00e4iv\u00e4ll\u00e4, jotta ravinteet eiv\u00e4t haihtuisi nopeasti.<\/li>\n<\/ul>\n<p><strong>K\u00e4ytt\u00f6\u00e4 koskevat varotoimet <\/strong>:<\/p>\n<ul>\n<li>\u00c4l\u00e4 yliannostele : liian suuri lannoitus voi aiheuttaa liiallista lehtikasvua varsien kustannuksella.<\/li>\n<li>\u00c4l\u00e4 levit\u00e4 pakkasen tai \u00e4\u00e4rimm\u00e4isen kuumuuden aikana, sill\u00e4 se voi heikent\u00e4\u00e4 tuotteen tehoa.<\/li>\n<li>S\u00e4ilyt\u00e4 s\u00e4ili\u00f6 kosteudelta ja l\u00e4mm\u00f6lt\u00e4 suojattuna, jotta kaikki sen ominaisuudet s\u00e4ilyv\u00e4t.<\/li>\n<\/ul>\n<p>K\u00e4ytt\u00e4m\u00e4ll\u00e4 t\u00e4t\u00e4 raparperin lannoitetta varmistat terveen ja voimakkaan kasvun, runsaan sadon ja maukkaat, hyvin kehittyneet varret. Sen tasapainoinen koostumus ja yksinkertainen k\u00e4ytt\u00f6 tekev\u00e4t siit\u00e4 v\u00e4ltt\u00e4m\u00e4tt\u00f6m\u00e4n liittolaisen kaikille puutarhureille, niin harrastajille kuin ammattilaisillekin.<\/p>","protected":false},"excerpt":{"rendered":"<p>A fertilizer designed for vigorous and productive rhubarb.\u00a0This fertilizer is specially designed to promote rapid growth and robustness of rhubarb plants. Thanks to its balanced formulation in nitrogen (N), phosphorus (P), and potassium (K) (NPK 15-15-15), it stimulates root development, improves leaf density, and encourages the formation of thick and juicy stalks. By feeding your [&hellip;]<\/p>\n","protected":false},"featured_media":26887,"comment_status":"open","ping_status":"closed","template":"","meta":{"_uag_custom_page_level_css":"","site-sidebar-layout":"default","site-content-layout":"","ast-site-content-layout":"default","site-content-style":"default","site-sidebar-style":"default","ast-global-header-display":"","ast-banner-title-visibility":"","ast-main-header-display":"","ast-hfb-above-header-display":"","ast-hfb-below-header-display":"","ast-hfb-mobile-header-display":"","site-post-title":"","ast-breadcrumbs-content":"","ast-featured-img":"","footer-sml-layout":"","ast-disable-related-posts":"","theme-transparent-header-meta":"default","adv-header-id-meta":"","stick-header-meta":"","header-above-stick-meta":"","header-main-stick-meta":"","header-below-stick-meta":"","astra-migrate-meta-layouts":"set","ast-page-background-enabled":"default","ast-page-background-meta":{"desktop":{"background-color":"var(--ast-global-color-4)","background-image":"","background-repeat":"repeat","background-position":"center center","background-size":"auto","background-attachment":"scroll","background-type":"","background-media":"","overlay-type":"","overlay-color":"","overlay-opacity":"","overlay-gradient":""},"tablet":{"background-color":"","background-image":"","background-repeat":"repeat","background-position":"center center","background-size":"auto","background-attachment":"scroll","background-type":"","background-media":"","overlay-type":"","overlay-color":"","overlay-opacity":"","overlay-gradient":""},"mobile":{"background-color":"","background-image":"","background-repeat":"repeat","background-position":"center center","background-size":"auto","background-attachment":"scroll","background-type":"","background-media":"","overlay-type":"","overlay-color":"","overlay-opacity":"","overlay-gradient":""}},"ast-content-background-meta":{"desktop":{"background-color":"var(--ast-global-color-5)","background-image":"","background-repeat":"repeat","background-position":"center center","background-size":"auto","background-attachment":"scroll","background-type":"","background-media":"","overlay-type":"","overlay-color":"","overlay-opacity":"","overlay-gradient":""},"tablet":{"background-color":"var(--ast-global-color-5)","background-image":"","background-repeat":"repeat","background-position":"center center","background-size":"auto","background-attachment":"scroll","background-type":"","background-media":"","overlay-type":"","overlay-color":"","overlay-opacity":"","overlay-gradient":""},"mobile":{"background-color":"var(--ast-global-color-5)","background-image":"","background-repeat":"repeat","background-position":"center center","background-size":"auto","background-attachment":"scroll","background-type":"","background-media":"","overlay-type":"","overlay-color":"","overlay-opacity":"","overlay-gradient":""}}},"product_brand":[],"product_cat":[178],"product_tag":[],"class_list":{"0":"post-25026","1":"product","2":"type-product","3":"status-publish","4":"has-post-thumbnail","6":"product_cat-fertilizers","7":"desktop-align-left","8":"tablet-align-left","9":"mobile-align-left","11":"first","12":"instock","13":"sale","14":"taxable","15":"shipping-taxable","16":"purchasable","17":"product-type-variable","18":"has-default-attributes"},"spectra_custom_meta":{"_visibility":["visible"],"_shopify_product_id":["9072666116341"],"_s2w_shopify_domain":["ferberpainting.myshopify.com"],"_shopify_variant_id":["46522168377589"],"_sku":[""],"_manage_stock":["no"],"total_sales":["5"],"_tax_status":["taxable"],"_tax_class":[""],"_backorders":["no"],"_sold_individually":["no"],"_virtual":["no"],"_downloadable":["no"],"_download_limit":["-1"],"_download_expiry":["-1"],"_stock":[null],"_stock_status":["instock"],"_wc_average_rating":["4.63"],"_wc_review_count":["8"],"_product_attributes":["a:1:{s:6:\"volume\";a:6:{s:4:\"name\";s:6:\"Volume\";s:5:\"value\";s:20:\"5 liters | 25 liters\";s:8:\"position\";i:1;s:10:\"is_visible\";i:0;s:12:\"is_variation\";i:1;s:11:\"is_taxonomy\";i:0;}}"],"_product_version":["10.5.1"],"_thumbnail_id":["26887"],"_product_image_gallery":["26888"],"wpse_downloadable_file_names":[""],"wpse_downloadable_file_urls":[""],"_edit_last":["1"],"_default_attributes":["a:1:{s:6:\"volume\";s:8:\"5 liters\";}"],"_edit_lock":["1771225388:1"],"_price":["29.90","129.90"],"merchant-center-availability":["yes"],"merchant-center-category":["113"],"_wp_page_template":["default"],"site-sidebar-layout":["default"],"ast-site-content-layout":["default"],"site-content-style":["default"],"site-sidebar-style":["default"],"theme-transparent-header-meta":["default"],"_wc_rating_count":["a:2:{i:4;i:3;i:5;i:5;}"],"astra-migrate-meta-layouts":["set"],"_uag_css_file_name":["uag-css-25026.css"],"_elementor_page_assets":["a:0:{}"],"_uag_page_assets":["a:9:{s:3:\"css\";s:7133:\".uag-blocks-common-selector{z-index:var(--z-index-desktop) !important}@media(max-width: 976px){.uag-blocks-common-selector{z-index:var(--z-index-tablet) !important}}@media(max-width: 767px){.uag-blocks-common-selector{z-index:var(--z-index-mobile) !important}}.wp-block-uagb-image{display:flex}.wp-block-uagb-image__figure{position:relative;display:flex;flex-direction:column;max-width:100%;height:auto;margin:0}.wp-block-uagb-image__figure img{height:auto;display:flex;max-width:100%;transition:box-shadow .2s ease}.wp-block-uagb-image__figure>a{display:inline-block}.wp-block-uagb-image__figure figcaption{text-align:center;margin-top:.5em;margin-bottom:1em}.wp-block-uagb-image .components-placeholder.block-editor-media-placeholder .components-placeholder__instructions{align-self:center}.wp-block-uagb-image--align-left{text-align:left}.wp-block-uagb-image--align-right{text-align:right}.wp-block-uagb-image--align-center{text-align:center}.wp-block-uagb-image--align-full .wp-block-uagb-image__figure{margin-left:calc(50% - 50vw);margin-right:calc(50% - 50vw);max-width:100vw;width:100vw;height:auto}.wp-block-uagb-image--align-full .wp-block-uagb-image__figure img{height:auto;width:100% !important}.wp-block-uagb-image--align-wide .wp-block-uagb-image__figure img{height:auto;width:100%}.wp-block-uagb-image--layout-overlay__color-wrapper{position:absolute;left:0;top:0;right:0;bottom:0;opacity:.2;background:rgba(0,0,0,.5);transition:opacity .35s ease-in-out}.wp-block-uagb-image--layout-overlay-link{position:absolute;left:0;right:0;bottom:0;top:0}.wp-block-uagb-image--layout-overlay .wp-block-uagb-image__figure:hover .wp-block-uagb-image--layout-overlay__color-wrapper{opacity:1}.wp-block-uagb-image--layout-overlay__inner{position:absolute;left:15px;right:15px;bottom:15px;top:15px;display:flex;align-items:center;justify-content:center;flex-direction:column;border-color:#fff;transition:.35s ease-in-out}.wp-block-uagb-image--layout-overlay__inner.top-left,.wp-block-uagb-image--layout-overlay__inner.top-center,.wp-block-uagb-image--layout-overlay__inner.top-right{justify-content:flex-start}.wp-block-uagb-image--layout-overlay__inner.bottom-left,.wp-block-uagb-image--layout-overlay__inner.bottom-center,.wp-block-uagb-image--layout-overlay__inner.bottom-right{justify-content:flex-end}.wp-block-uagb-image--layout-overlay__inner.top-left,.wp-block-uagb-image--layout-overlay__inner.center-left,.wp-block-uagb-image--layout-overlay__inner.bottom-left{align-items:flex-start}.wp-block-uagb-image--layout-overlay__inner.top-right,.wp-block-uagb-image--layout-overlay__inner.center-right,.wp-block-uagb-image--layout-overlay__inner.bottom-right{align-items:flex-end}.wp-block-uagb-image--layout-overlay__inner .uagb-image-heading{color:#fff;transition:transform .35s,opacity .35s ease-in-out;transform:translate3d(0, 24px, 0);margin:0;line-height:1em}.wp-block-uagb-image--layout-overlay__inner .uagb-image-separator{width:30%;border-top-width:2px;border-top-color:#fff;border-top-style:solid;margin-bottom:10px;opacity:0;transition:transform .4s,opacity .4s ease-in-out;transform:translate3d(0, 30px, 0)}.wp-block-uagb-image--layout-overlay__inner .uagb-image-caption{opacity:0;overflow:visible;color:#fff;transition:transform .45s,opacity .45s ease-in-out;transform:translate3d(0, 35px, 0)}.wp-block-uagb-image--layout-overlay__inner:hover .uagb-image-heading,.wp-block-uagb-image--layout-overlay__inner:hover .uagb-image-separator,.wp-block-uagb-image--layout-overlay__inner:hover .uagb-image-caption{opacity:1;transform:translate3d(0, 0, 0)}.wp-block-uagb-image--effect-zoomin .wp-block-uagb-image__figure img,.wp-block-uagb-image--effect-zoomin .wp-block-uagb-image__figure .wp-block-uagb-image--layout-overlay__color-wrapper{transform:scale(1);transition:transform .35s ease-in-out}.wp-block-uagb-image--effect-zoomin .wp-block-uagb-image__figure:hover img,.wp-block-uagb-image--effect-zoomin .wp-block-uagb-image__figure:hover .wp-block-uagb-image--layout-overlay__color-wrapper{transform:scale(1.05)}.wp-block-uagb-image--effect-slide .wp-block-uagb-image__figure img,.wp-block-uagb-image--effect-slide .wp-block-uagb-image__figure .wp-block-uagb-image--layout-overlay__color-wrapper{width:calc(100% + 40px) !important;max-width:none !important;transform:translate3d(-40px, 0, 0);transition:transform .35s ease-in-out}.wp-block-uagb-image--effect-slide .wp-block-uagb-image__figure:hover img,.wp-block-uagb-image--effect-slide .wp-block-uagb-image__figure:hover .wp-block-uagb-image--layout-overlay__color-wrapper{transform:translate3d(0, 0, 0)}.wp-block-uagb-image--effect-grayscale img{filter:grayscale(0%);transition:.35s ease-in-out}.wp-block-uagb-image--effect-grayscale:hover img{filter:grayscale(100%)}.wp-block-uagb-image--effect-blur img{filter:blur(0);transition:.35s ease-in-out}.wp-block-uagb-image--effect-blur:hover img{filter:blur(3px)}.uagb-block-e6f939b3.wp-block-uagb-image--layout-default figure img{box-shadow: 0px 0px 0 #00000070;}.uagb-block-e6f939b3.wp-block-uagb-image .wp-block-uagb-image__figure figcaption{font-style: normal;align-self: center;}.uagb-block-e6f939b3.wp-block-uagb-image--layout-overlay figure img{box-shadow: 0px 0px 0 #00000070;}.uagb-block-e6f939b3.wp-block-uagb-image--layout-overlay .wp-block-uagb-image--layout-overlay__color-wrapper{opacity: 0.2;}.uagb-block-e6f939b3.wp-block-uagb-image--layout-overlay .wp-block-uagb-image--layout-overlay__inner{left: 15px;right: 15px;top: 15px;bottom: 15px;}.uagb-block-e6f939b3.wp-block-uagb-image--layout-overlay .wp-block-uagb-image--layout-overlay__inner .uagb-image-heading{font-style: normal;color: #fff;opacity: 1;}.uagb-block-e6f939b3.wp-block-uagb-image--layout-overlay .wp-block-uagb-image--layout-overlay__inner .uagb-image-heading a{color: #fff;}.uagb-block-e6f939b3.wp-block-uagb-image--layout-overlay .wp-block-uagb-image--layout-overlay__inner .uagb-image-caption{opacity: 0;}.uagb-block-e6f939b3.wp-block-uagb-image--layout-overlay .wp-block-uagb-image__figure:hover .wp-block-uagb-image--layout-overlay__color-wrapper{opacity: 1;}.uagb-block-e6f939b3.wp-block-uagb-image .wp-block-uagb-image--layout-overlay__inner .uagb-image-separator{width: 30%;border-top-width: 2px;border-top-color: #fff;opacity: 0;}.uagb-block-e6f939b3.wp-block-uagb-image .wp-block-uagb-image__figure img{width: px;height: auto;}.uagb-block-e6f939b3.wp-block-uagb-image .wp-block-uagb-image__figure:hover .wp-block-uagb-image--layout-overlay__inner .uagb-image-caption{opacity: 1;}.uagb-block-e6f939b3.wp-block-uagb-image .wp-block-uagb-image__figure:hover .wp-block-uagb-image--layout-overlay__inner .uagb-image-separator{opacity: 1;}.uagb-block-e6f939b3.wp-block-uagb-image--layout-default figure:hover img{box-shadow: 0px 0px 0 #00000070;}.uagb-block-e6f939b3.wp-block-uagb-image--layout-overlay figure:hover img{box-shadow: 0px 0px 0 #00000070;}@media only screen and (max-width: 976px) {.uagb-block-e6f939b3.wp-block-uagb-image .wp-block-uagb-image__figure img{width: px;height: auto;}}@media only screen and (max-width: 767px) {.uagb-block-e6f939b3.wp-block-uagb-image .wp-block-uagb-image__figure img{width: px;height: auto;}}\";s:2:\"js\";s:0:\"\";s:18:\"current_block_list\";a:13:{i:0;s:11:\"core\/search\";i:1;s:10:\"core\/group\";i:2;s:12:\"core\/heading\";i:3;s:17:\"core\/latest-posts\";i:4;s:20:\"core\/latest-comments\";i:5;s:13:\"core\/archives\";i:6;s:15:\"core\/categories\";i:7;s:14:\"core\/paragraph\";i:8;s:10:\"uagb\/image\";i:9;s:11:\"core\/spacer\";i:10;s:30:\"woocommerce\/product-categories\";i:11;s:10:\"core\/image\";i:12;s:14:\"core\/shortcode\";}s:8:\"uag_flag\";b:1;s:11:\"uag_version\";s:10:\"1777363550\";s:6:\"gfonts\";a:0:{}s:10:\"gfonts_url\";s:0:\"\";s:12:\"gfonts_files\";a:0:{}s:14:\"uag_faq_layout\";b:0;}"]},"uagb_featured_image_src":{"full":["https:\/\/www.ferberpainting.com\/wp-content\/uploads\/2025\/05\/RhubarbFertilizer5L.png",2560,2560,false],"thumbnail":["https:\/\/www.ferberpainting.com\/wp-content\/uploads\/2025\/05\/RhubarbFertilizer5L-150x150.png",150,150,true],"medium":["https:\/\/www.ferberpainting.com\/wp-content\/uploads\/2025\/05\/RhubarbFertilizer5L-300x300.png",300,300,true],"medium_large":["https:\/\/www.ferberpainting.com\/wp-content\/uploads\/2025\/05\/RhubarbFertilizer5L-768x768.png",768,768,true],"large":["https:\/\/www.ferberpainting.com\/wp-content\/uploads\/2025\/05\/RhubarbFertilizer5L-1024x1024.png",1024,1024,true],"1536x1536":["https:\/\/www.ferberpainting.com\/wp-content\/uploads\/2025\/05\/RhubarbFertilizer5L-1536x1536.png",1536,1536,true],"2048x2048":["https:\/\/www.ferberpainting.com\/wp-content\/uploads\/2025\/05\/RhubarbFertilizer5L-2048x2048.png",2048,2048,true],"trp-custom-language-flag":["https:\/\/www.ferberpainting.com\/wp-content\/uploads\/2025\/05\/RhubarbFertilizer5L-12x12.png",12,12,true],"woocommerce_thumbnail":["https:\/\/www.ferberpainting.com\/wp-content\/uploads\/2025\/05\/RhubarbFertilizer5L-300x300.png",300,300,true],"woocommerce_single":["https:\/\/www.ferberpainting.com\/wp-content\/uploads\/2025\/05\/RhubarbFertilizer5L-600x600.png",600,600,true],"woocommerce_gallery_thumbnail":["https:\/\/www.ferberpainting.com\/wp-content\/uploads\/2025\/05\/RhubarbFertilizer5L-100x100.png",100,100,true]},"uagb_author_info":{"display_name":"admin","author_link":"https:\/\/www.ferberpainting.com\/fi\/author\/"},"uagb_comment_info":8,"uagb_excerpt":"A fertilizer designed for vigorous and productive rhubarb.\u00a0This fertilizer is specially designed to promote rapid growth and robustness of rhubarb plants. Thanks to its balanced formulation in nitrogen (N), phosphorus (P), and potassium (K) (NPK 15-15-15), it stimulates root development, improves leaf density, and encourages the formation of thick and juicy stalks. By feeding your&hellip;","_links":{"self":[{"href":"https:\/\/www.ferberpainting.com\/fi\/wp-json\/wp\/v2\/product\/25026","targetHints":{"allow":["GET"]}}],"collection":[{"href":"https:\/\/www.ferberpainting.com\/fi\/wp-json\/wp\/v2\/product"}],"about":[{"href":"https:\/\/www.ferberpainting.com\/fi\/wp-json\/wp\/v2\/types\/product"}],"replies":[{"embeddable":true,"href":"https:\/\/www.ferberpainting.com\/fi\/wp-json\/wp\/v2\/comments?post=25026"}],"version-history":[{"count":4,"href":"https:\/\/www.ferberpainting.com\/fi\/wp-json\/wp\/v2\/product\/25026\/revisions"}],"predecessor-version":[{"id":167079,"href":"https:\/\/www.ferberpainting.com\/fi\/wp-json\/wp\/v2\/product\/25026\/revisions\/167079"}],"wp:featuredmedia":[{"embeddable":true,"href":"https:\/\/www.ferberpainting.com\/fi\/wp-json\/wp\/v2\/media\/26887"}],"wp:attachment":[{"href":"https:\/\/www.ferberpainting.com\/fi\/wp-json\/wp\/v2\/media?parent=25026"}],"wp:term":[{"taxonomy":"product_brand","embeddable":true,"href":"https:\/\/www.ferberpainting.com\/fi\/wp-json\/wp\/v2\/product_brand?post=25026"},{"taxonomy":"product_cat","embeddable":true,"href":"https:\/\/www.ferberpainting.com\/fi\/wp-json\/wp\/v2\/product_cat?post=25026"},{"taxonomy":"product_tag","embeddable":true,"href":"https:\/\/www.ferberpainting.com\/fi\/wp-json\/wp\/v2\/product_tag?post=25026"}],"curies":[{"name":"wp","href":"https:\/\/api.w.org\/{rel}","templated":true}]}}