{"id":24809,"date":"2025-06-30T22:24:59","date_gmt":"2025-06-30T20:24:59","guid":{"rendered":"https:\/\/www.ferberpainting.com\/?post_type=product&#038;p=24809"},"modified":"2026-02-16T07:47:29","modified_gmt":"2026-02-16T06:47:29","slug":"pvc-door-and-window-cleaner","status":"publish","type":"product","link":"https:\/\/www.ferberpainting.com\/fi\/products\/pvc-door-and-window-cleaner\/","title":{"rendered":"PVC-ovien ja -ikkunoiden puhdistusaine"},"content":{"rendered":"<p><strong><img decoding=\"async\" style=\"margin-right: 12px;\" src=\"https:\/\/www.ferberpainting.com\/wp-content\/uploads\/2026\/02\/Check.svg\" alt=\"\" width=\"18\" height=\"15\" \/>Optimaalinen tehokkuus.<\/strong>\u00a0T\u00e4m\u00e4 PVC:lle, oville ja ikkunoille tarkoitettu puhdistusaine on suunniteltu erityisesti poistamaan tehokkaasti likaa, saastumisj\u00e4lki\u00e4, p\u00f6lyj\u00e4\u00e4mi\u00e4, kalkkisaostumia ja rasvatahroja, jotka ker\u00e4\u00e4ntyv\u00e4t ajan my\u00f6t\u00e4. Tehokkaan koostumuksensa ansiosta se tunkeutuu syv\u00e4lle vahingoittamatta PVC-pintaa, mik\u00e4 takaa t\u00e4ydellisen puhdistuksen ja loistavan lopputuloksen. Se palauttaa PVC:n alkuper\u00e4isen valkoisuuden ja poistaa UV-altistuksen ja s\u00e4\u00e4n aiheuttaman kellastumisen, mik\u00e4 takaa pitk\u00e4aikaisen puhtauden ja siistin ulkon\u00e4\u00f6n.<\/p>\n<p><strong><img decoding=\"async\" style=\"margin-right: 12px;\" src=\"https:\/\/www.ferberpainting.com\/wp-content\/uploads\/2026\/02\/Check.svg\" alt=\"\" width=\"18\" height=\"15\" \/>Rahat takaisin -takuu.<\/strong>\u00a0Luotamme t\u00e4ysin puhdistusaineemme tehokkuuteen. Jos et k\u00e4yt\u00f6n j\u00e4lkeen ole t\u00e4ysin tyytyv\u00e4inen tuloksiin, voit saada t\u00e4yden hyvityksen. Kokeile tuotteitamme ilman riski\u00e4 ja palauta PVC-ovesi ja -ikkunasi alkuper\u00e4iseen kiiltoon ja kirkkauteen helposti.<\/p>\n<p><strong><img decoding=\"async\" style=\"margin-right: 12px;\" src=\"https:\/\/www.ferberpainting.com\/wp-content\/uploads\/2026\/02\/Check.svg\" alt=\"\" width=\"18\" height=\"15\" \/>Poikkeuksellinen monipuolisuus.<\/strong>\u00a0T\u00e4m\u00e4 puhdistusaine ei rajoitu PVC-puusep\u00e4nteisiin! Se sopii my\u00f6s ikkunaluukkujen, ikkunanpuitteiden, porttien, PVC-aitojen, kourujen ja jopa muovisten puutarhakalusteiden puhdistukseen. Se tehoaa my\u00f6s alumiiniin, lakattuun alumiiniin, hartsiin ja lasipintoihin varmistaen optimaalisen puhdistuksen kaikille ulko- ja sis\u00e4tilojen puusep\u00e4nteollisuuden osille. Sen monipuolinen toiminta tarjoaa kodin t\u00e4ydellisen huollon ilman, ett\u00e4 tarvitaan useita erityistuotteita.<\/p>\n<p><strong><img decoding=\"async\" style=\"margin-right: 12px;\" src=\"https:\/\/www.ferberpainting.com\/wp-content\/uploads\/2026\/02\/Check.svg\" alt=\"\" width=\"18\" height=\"15\" \/>Kustannustehokas suorituskyky.<\/strong>\u00a05 litran kanisterin muodon ja korkean pitoisuuden ansiosta t\u00e4m\u00e4 puhdistusaine tarjoaa erinomaista vastinetta. Pieni m\u00e4\u00e4r\u00e4 riitt\u00e4\u00e4 puhdistamaan tehokkaasti suuren pinnan ilman h\u00e4vikki\u00e4. Keskim\u00e4\u00e4rin yhdell\u00e4 litralla tuotetta voidaan puhdistaa jopa 100 m\u00b2 PVC- tai vastaavaa pintaa, mik\u00e4 takaa taloudellisen ratkaisun koti- tai ammattik\u00e4ytt\u00f6\u00f6n.<\/p>\n<p><strong><img decoding=\"async\" style=\"margin-right: 12px;\" src=\"https:\/\/www.ferberpainting.com\/wp-content\/uploads\/2026\/02\/Check.svg\" alt=\"\" width=\"18\" height=\"15\" \/>Turvallinen k\u00e4ytt\u00e4\u00e4.<\/strong>\u00a0Toisin kuin tuotteet, jotka sis\u00e4lt\u00e4v\u00e4t hankausaineita tai kovia liuottimia, jotka voivat vahingoittaa PVC-rakenteita, t\u00e4m\u00e4 puhdistusaine ei sis\u00e4ll\u00e4 sy\u00f6vytt\u00e4vi\u00e4 tai myrkyllisi\u00e4 aineita. Se ei aiheuta haalistumista, ei vahingoita pintoja ja kunnioittaa herkki\u00e4 materiaaleja. Se ei p\u00e4\u00e4st\u00e4 haitallisia h\u00f6yryj\u00e4, mik\u00e4 takaa turvallisen puhdistuksen my\u00f6s suljetuissa tiloissa. Se on turvallinen lapsille ja lemmikkiel\u00e4imille, mik\u00e4 takaa rauhallisen p\u00e4ivitt\u00e4isen k\u00e4yt\u00f6n.<\/p>\n<p><strong><img decoding=\"async\" style=\"margin-right: 12px;\" src=\"https:\/\/www.ferberpainting.com\/wp-content\/uploads\/2026\/02\/Check.svg\" alt=\"\" width=\"18\" height=\"15\" \/>Helppok\u00e4ytt\u00f6isyys.<\/strong>\u00a0T\u00e4m\u00e4 tuote on k\u00e4ytt\u00f6valmis eik\u00e4 vaadi laimentamista tai monimutkaista k\u00e4sittely\u00e4. Se levitet\u00e4\u00e4n suoraan pinnalle liinalla, sienell\u00e4 tai suihkepullolla. Sen nopea vaikutus poistaa ep\u00e4puhtaudet muutamassa sekunnissa ilman intensiivist\u00e4 huuhtelua tai liiallista hankausta. Se j\u00e4tt\u00e4\u00e4 pinnan puhtaaksi ja kiilt\u00e4v\u00e4ksi ilman raitoja tai tahmeita j\u00e4\u00e4mi\u00e4.<\/p>\n<p><strong><img decoding=\"async\" style=\"margin-right: 12px;\" src=\"https:\/\/www.ferberpainting.com\/wp-content\/uploads\/2026\/02\/Check.svg\" alt=\"\" width=\"18\" height=\"15\" \/>Laajennettu kest\u00e4vyys.<\/strong>\u00a0Poistamalla s\u00e4\u00e4nn\u00f6llisesti lian ja ilmakeh\u00e4n aiheuttamat saostumat t\u00e4m\u00e4 puhdistusaine auttaa pident\u00e4m\u00e4\u00e4n PVC-pintojen k\u00e4ytt\u00f6ik\u00e4\u00e4 ja s\u00e4ilytt\u00e4m\u00e4\u00e4n niiden alkuper\u00e4isen kiillon. Se suojaa ennenaikaiselta likaantumiselta ja viiv\u00e4stytt\u00e4\u00e4 kellastumista, mik\u00e4 takaa pitk\u00e4aikaisen hoidon ja virheett\u00f6m\u00e4n pinnan. S\u00e4\u00e4nn\u00f6llinen puhdistus t\u00e4ll\u00e4 tuotteella auttaa s\u00e4ilytt\u00e4m\u00e4\u00e4n ikkunoiden ja ovien ulkon\u00e4\u00f6n ja ehk\u00e4isee s\u00e4\u00e4n aiheuttamia vaurioita.<\/p>\n<p><strong><img decoding=\"async\" style=\"margin-right: 12px;\" src=\"https:\/\/www.ferberpainting.com\/wp-content\/uploads\/2026\/02\/Check.svg\" alt=\"\" width=\"18\" height=\"15\" \/>Nopea toiminta.<\/strong>\u00a0Eritt\u00e4in aktiivisen koostumuksensa ansiosta t\u00e4m\u00e4 puhdistusaine vaikuttaa v\u00e4litt\u00f6m\u00e4sti tahroihin ja pinttyneeseen likaan. Se liuottaa ep\u00e4puhtaudet muutamassa sekunnissa ja tekee niist\u00e4 helposti pyyhitt\u00e4vi\u00e4 ilman suurempia ponnistuksia. Se mahdollistaa nopean ja vaivattoman huollon, ihanteellinen PVC-ovien ja -ikkunoiden nopeaan puhdistukseen.<\/p>\n<h2><strong>K\u00e4ytt\u00f6protokolla<\/strong><\/h2>\n<ul>\n<li><strong>Valmistelu <\/strong>: Varmista, ett\u00e4 puhdistettava pinta on kuiva ja ett\u00e4 siin\u00e4 ei ole suuria p\u00f6ly- tai lehtikerrostumia pyyhkim\u00e4ll\u00e4 se nopeasti kuivalla liinalla tai pehme\u00e4ll\u00e4 harjalla.<\/li>\n<li><strong>Manuaalinen soveltaminen <\/strong>: Kaada pieni m\u00e4\u00e4r\u00e4 puhdistusainetta puhtaaseen sieneen, mikrokuituliinaan tai pehme\u00e4\u00e4n harjaan ja levit\u00e4 sitten tasaisesti pinnalle py\u00f6rivin liikkein, jotta tuote imeytyy.<\/li>\n<li><strong>Suuren pinnan k\u00e4ytt\u00f6 <\/strong>: Laajemmilla puhdistusalueilla k\u00e4yt\u00e4 suihkepulloa tuotteen tasaisen levitt\u00e4misen varmistamiseksi. Anna sen vaikuttaa muutaman minuutin ajan, jotta puhdistusaine liuottaa lian.<\/li>\n<li><strong>Sitkeiden tahrojen k\u00e4sittely <\/strong>: Anna tuotteen vaikuttaa 5-10 minuuttia ja hankaa sitten varovasti hankaamattomalla sienell\u00e4 tai pehme\u00e4harjaisella harjalla.<\/li>\n<li><strong>Huuhtelu ja pyyhkiminen <\/strong>: Pyyhi puhtaalla, kostealla liinalla liuenneiden ep\u00e4puhtauksien poistamiseksi ja virheett\u00f6m\u00e4n lopputuloksen saavuttamiseksi. Eritt\u00e4in likaiset alueet huuhtele puhtaalla vedell\u00e4 ennen kuivaamista mikrokuituliinalla.<\/li>\n<li><strong>Kuivaus ja viimeistely <\/strong>: Anna kuivua ilmakuivaksi tai pyyhi kuivalla liinalla j\u00e4ljell\u00e4 olevan kosteuden poistamiseksi ja t\u00e4ydellisen kiillon varmistamiseksi.<\/li>\n<li><strong>K\u00e4ytt\u00f6tiheys <\/strong>: Levit\u00e4 kerran tai kaksi kertaa kuukaudessa s\u00e4\u00e4nn\u00f6llisen huollon ja lian ja saasteiden kertymisen est\u00e4miseksi. Suositellaan useammin tapahtuvaa puhdistusta, kun kyseess\u00e4 ovat koville s\u00e4\u00e4olosuhteille alttiit ulkotilojen puusep\u00e4nty\u00f6t.<\/li>\n<li><strong>Varastointi <\/strong>: Sulje kanisteri tiiviisti jokaisen k\u00e4ytt\u00f6kerran j\u00e4lkeen ja s\u00e4ilyt\u00e4 viile\u00e4ss\u00e4, kuivassa paikassa, suojassa valolta ja \u00e4\u00e4rimm\u00e4isilt\u00e4 l\u00e4mp\u00f6tiloilta, jotta tuotteen teho s\u00e4ilyy pitk\u00e4\u00e4n.<\/li>\n<\/ul>\n<p>PVC-, ovi- ja ikkunanpuhdistusaineemme avulla varmistat tehokkaan ja vaivattoman puhdistuksen s\u00e4ilytt\u00e4en samalla pintojen kiillon ja pitk\u00e4ik\u00e4isyyden. Ihanteellinen ratkaisu pit\u00e4\u00e4 kotisi aina puhtaana ja hyv\u00e4kuntoisena.<\/p>","protected":false},"excerpt":{"rendered":"<p>Optimal Efficiency.\u00a0This cleaner for PVC, doors, and windows is specially formulated to effectively remove dirt, pollution marks, dust residues, limescale deposits, and grease stains that accumulate over time. Thanks to its powerful formula, it penetrates deeply without damaging the PVC surface, ensuring perfect cleaning and a brilliant finish. It restores the original whiteness of PVC [&hellip;]<\/p>\n","protected":false},"featured_media":36021,"comment_status":"open","ping_status":"closed","template":"","meta":{"_uag_custom_page_level_css":"","site-sidebar-layout":"default","site-content-layout":"","ast-site-content-layout":"default","site-content-style":"default","site-sidebar-style":"default","ast-global-header-display":"","ast-banner-title-visibility":"","ast-main-header-display":"","ast-hfb-above-header-display":"","ast-hfb-below-header-display":"","ast-hfb-mobile-header-display":"","site-post-title":"","ast-breadcrumbs-content":"","ast-featured-img":"","footer-sml-layout":"","ast-disable-related-posts":"","theme-transparent-header-meta":"default","adv-header-id-meta":"","stick-header-meta":"","header-above-stick-meta":"","header-main-stick-meta":"","header-below-stick-meta":"","astra-migrate-meta-layouts":"set","ast-page-background-enabled":"default","ast-page-background-meta":{"desktop":{"background-color":"var(--ast-global-color-4)","background-image":"","background-repeat":"repeat","background-position":"center center","background-size":"auto","background-attachment":"scroll","background-type":"","background-media":"","overlay-type":"","overlay-color":"","overlay-opacity":"","overlay-gradient":""},"tablet":{"background-color":"","background-image":"","background-repeat":"repeat","background-position":"center center","background-size":"auto","background-attachment":"scroll","background-type":"","background-media":"","overlay-type":"","overlay-color":"","overlay-opacity":"","overlay-gradient":""},"mobile":{"background-color":"","background-image":"","background-repeat":"repeat","background-position":"center center","background-size":"auto","background-attachment":"scroll","background-type":"","background-media":"","overlay-type":"","overlay-color":"","overlay-opacity":"","overlay-gradient":""}},"ast-content-background-meta":{"desktop":{"background-color":"var(--ast-global-color-5)","background-image":"","background-repeat":"repeat","background-position":"center center","background-size":"auto","background-attachment":"scroll","background-type":"","background-media":"","overlay-type":"","overlay-color":"","overlay-opacity":"","overlay-gradient":""},"tablet":{"background-color":"var(--ast-global-color-5)","background-image":"","background-repeat":"repeat","background-position":"center center","background-size":"auto","background-attachment":"scroll","background-type":"","background-media":"","overlay-type":"","overlay-color":"","overlay-opacity":"","overlay-gradient":""},"mobile":{"background-color":"var(--ast-global-color-5)","background-image":"","background-repeat":"repeat","background-position":"center center","background-size":"auto","background-attachment":"scroll","background-type":"","background-media":"","overlay-type":"","overlay-color":"","overlay-opacity":"","overlay-gradient":""}}},"product_brand":[],"product_cat":[175],"product_tag":[],"class_list":{"0":"post-24809","1":"product","2":"type-product","3":"status-publish","4":"has-post-thumbnail","6":"product_cat-cleaning-products","7":"desktop-align-left","8":"tablet-align-left","9":"mobile-align-left","11":"first","12":"instock","13":"sale","14":"taxable","15":"shipping-taxable","16":"purchasable","17":"product-type-variable","18":"has-default-attributes"},"spectra_custom_meta":{"_visibility":["visible"],"_shopify_product_id":["9106224414965"],"_s2w_shopify_domain":["ferberpainting.myshopify.com"],"_shopify_variant_id":["46625719812341"],"_sku":[""],"_manage_stock":["no"],"total_sales":["23"],"_tax_status":["taxable"],"_tax_class":[""],"_backorders":["no"],"_sold_individually":["no"],"_virtual":["no"],"_downloadable":["no"],"_download_limit":["-1"],"_download_expiry":["-1"],"_stock":[null],"_stock_status":["instock"],"_wc_average_rating":["5.00"],"_wc_review_count":["39"],"_product_attributes":["a:1:{s:6:\"volume\";a:6:{s:4:\"name\";s:6:\"Volume\";s:5:\"value\";s:20:\"5 liters | 25 liters\";s:8:\"position\";i:1;s:10:\"is_visible\";i:0;s:12:\"is_variation\";i:1;s:11:\"is_taxonomy\";i:0;}}"],"_product_version":["10.5.1"],"wpse_downloadable_file_names":[""],"wpse_downloadable_file_urls":[""],"_edit_last":["1"],"_default_attributes":["a:1:{s:6:\"volume\";s:8:\"5 liters\";}"],"_edit_lock":["1771224316:1"],"_price":["29.90","129.90"],"merchant-center-availability":["yes"],"merchant-center-category":["4976"],"_thumbnail_id":["36021"],"_wp_page_template":["default"],"_wp_old_date":["2025-05-26"],"_product_image_gallery":["36022"],"site-sidebar-layout":["default"],"ast-site-content-layout":["default"],"site-content-style":["default"],"site-sidebar-style":["default"],"theme-transparent-header-meta":["default"],"_wc_rating_count":["a:1:{i:5;i:39;}"],"astra-migrate-meta-layouts":["set"],"_uag_css_file_name":["uag-css-24809.css"],"_elementor_page_assets":["a:0:{}"],"_uag_page_assets":["a:9:{s:3:\"css\";s:7133:\".uag-blocks-common-selector{z-index:var(--z-index-desktop) !important}@media(max-width: 976px){.uag-blocks-common-selector{z-index:var(--z-index-tablet) !important}}@media(max-width: 767px){.uag-blocks-common-selector{z-index:var(--z-index-mobile) !important}}.wp-block-uagb-image{display:flex}.wp-block-uagb-image__figure{position:relative;display:flex;flex-direction:column;max-width:100%;height:auto;margin:0}.wp-block-uagb-image__figure img{height:auto;display:flex;max-width:100%;transition:box-shadow .2s ease}.wp-block-uagb-image__figure>a{display:inline-block}.wp-block-uagb-image__figure figcaption{text-align:center;margin-top:.5em;margin-bottom:1em}.wp-block-uagb-image .components-placeholder.block-editor-media-placeholder .components-placeholder__instructions{align-self:center}.wp-block-uagb-image--align-left{text-align:left}.wp-block-uagb-image--align-right{text-align:right}.wp-block-uagb-image--align-center{text-align:center}.wp-block-uagb-image--align-full .wp-block-uagb-image__figure{margin-left:calc(50% - 50vw);margin-right:calc(50% - 50vw);max-width:100vw;width:100vw;height:auto}.wp-block-uagb-image--align-full .wp-block-uagb-image__figure img{height:auto;width:100% !important}.wp-block-uagb-image--align-wide .wp-block-uagb-image__figure img{height:auto;width:100%}.wp-block-uagb-image--layout-overlay__color-wrapper{position:absolute;left:0;top:0;right:0;bottom:0;opacity:.2;background:rgba(0,0,0,.5);transition:opacity .35s ease-in-out}.wp-block-uagb-image--layout-overlay-link{position:absolute;left:0;right:0;bottom:0;top:0}.wp-block-uagb-image--layout-overlay .wp-block-uagb-image__figure:hover .wp-block-uagb-image--layout-overlay__color-wrapper{opacity:1}.wp-block-uagb-image--layout-overlay__inner{position:absolute;left:15px;right:15px;bottom:15px;top:15px;display:flex;align-items:center;justify-content:center;flex-direction:column;border-color:#fff;transition:.35s ease-in-out}.wp-block-uagb-image--layout-overlay__inner.top-left,.wp-block-uagb-image--layout-overlay__inner.top-center,.wp-block-uagb-image--layout-overlay__inner.top-right{justify-content:flex-start}.wp-block-uagb-image--layout-overlay__inner.bottom-left,.wp-block-uagb-image--layout-overlay__inner.bottom-center,.wp-block-uagb-image--layout-overlay__inner.bottom-right{justify-content:flex-end}.wp-block-uagb-image--layout-overlay__inner.top-left,.wp-block-uagb-image--layout-overlay__inner.center-left,.wp-block-uagb-image--layout-overlay__inner.bottom-left{align-items:flex-start}.wp-block-uagb-image--layout-overlay__inner.top-right,.wp-block-uagb-image--layout-overlay__inner.center-right,.wp-block-uagb-image--layout-overlay__inner.bottom-right{align-items:flex-end}.wp-block-uagb-image--layout-overlay__inner .uagb-image-heading{color:#fff;transition:transform .35s,opacity .35s ease-in-out;transform:translate3d(0, 24px, 0);margin:0;line-height:1em}.wp-block-uagb-image--layout-overlay__inner .uagb-image-separator{width:30%;border-top-width:2px;border-top-color:#fff;border-top-style:solid;margin-bottom:10px;opacity:0;transition:transform .4s,opacity .4s ease-in-out;transform:translate3d(0, 30px, 0)}.wp-block-uagb-image--layout-overlay__inner .uagb-image-caption{opacity:0;overflow:visible;color:#fff;transition:transform .45s,opacity .45s ease-in-out;transform:translate3d(0, 35px, 0)}.wp-block-uagb-image--layout-overlay__inner:hover .uagb-image-heading,.wp-block-uagb-image--layout-overlay__inner:hover .uagb-image-separator,.wp-block-uagb-image--layout-overlay__inner:hover .uagb-image-caption{opacity:1;transform:translate3d(0, 0, 0)}.wp-block-uagb-image--effect-zoomin .wp-block-uagb-image__figure img,.wp-block-uagb-image--effect-zoomin .wp-block-uagb-image__figure .wp-block-uagb-image--layout-overlay__color-wrapper{transform:scale(1);transition:transform .35s ease-in-out}.wp-block-uagb-image--effect-zoomin .wp-block-uagb-image__figure:hover img,.wp-block-uagb-image--effect-zoomin .wp-block-uagb-image__figure:hover .wp-block-uagb-image--layout-overlay__color-wrapper{transform:scale(1.05)}.wp-block-uagb-image--effect-slide .wp-block-uagb-image__figure img,.wp-block-uagb-image--effect-slide .wp-block-uagb-image__figure .wp-block-uagb-image--layout-overlay__color-wrapper{width:calc(100% + 40px) !important;max-width:none !important;transform:translate3d(-40px, 0, 0);transition:transform .35s ease-in-out}.wp-block-uagb-image--effect-slide .wp-block-uagb-image__figure:hover img,.wp-block-uagb-image--effect-slide .wp-block-uagb-image__figure:hover .wp-block-uagb-image--layout-overlay__color-wrapper{transform:translate3d(0, 0, 0)}.wp-block-uagb-image--effect-grayscale img{filter:grayscale(0%);transition:.35s ease-in-out}.wp-block-uagb-image--effect-grayscale:hover img{filter:grayscale(100%)}.wp-block-uagb-image--effect-blur img{filter:blur(0);transition:.35s ease-in-out}.wp-block-uagb-image--effect-blur:hover img{filter:blur(3px)}.uagb-block-e6f939b3.wp-block-uagb-image--layout-default figure img{box-shadow: 0px 0px 0 #00000070;}.uagb-block-e6f939b3.wp-block-uagb-image .wp-block-uagb-image__figure figcaption{font-style: normal;align-self: center;}.uagb-block-e6f939b3.wp-block-uagb-image--layout-overlay figure img{box-shadow: 0px 0px 0 #00000070;}.uagb-block-e6f939b3.wp-block-uagb-image--layout-overlay .wp-block-uagb-image--layout-overlay__color-wrapper{opacity: 0.2;}.uagb-block-e6f939b3.wp-block-uagb-image--layout-overlay .wp-block-uagb-image--layout-overlay__inner{left: 15px;right: 15px;top: 15px;bottom: 15px;}.uagb-block-e6f939b3.wp-block-uagb-image--layout-overlay .wp-block-uagb-image--layout-overlay__inner .uagb-image-heading{font-style: normal;color: #fff;opacity: 1;}.uagb-block-e6f939b3.wp-block-uagb-image--layout-overlay .wp-block-uagb-image--layout-overlay__inner .uagb-image-heading a{color: #fff;}.uagb-block-e6f939b3.wp-block-uagb-image--layout-overlay .wp-block-uagb-image--layout-overlay__inner .uagb-image-caption{opacity: 0;}.uagb-block-e6f939b3.wp-block-uagb-image--layout-overlay .wp-block-uagb-image__figure:hover .wp-block-uagb-image--layout-overlay__color-wrapper{opacity: 1;}.uagb-block-e6f939b3.wp-block-uagb-image .wp-block-uagb-image--layout-overlay__inner .uagb-image-separator{width: 30%;border-top-width: 2px;border-top-color: #fff;opacity: 0;}.uagb-block-e6f939b3.wp-block-uagb-image .wp-block-uagb-image__figure img{width: px;height: auto;}.uagb-block-e6f939b3.wp-block-uagb-image .wp-block-uagb-image__figure:hover .wp-block-uagb-image--layout-overlay__inner .uagb-image-caption{opacity: 1;}.uagb-block-e6f939b3.wp-block-uagb-image .wp-block-uagb-image__figure:hover .wp-block-uagb-image--layout-overlay__inner .uagb-image-separator{opacity: 1;}.uagb-block-e6f939b3.wp-block-uagb-image--layout-default figure:hover img{box-shadow: 0px 0px 0 #00000070;}.uagb-block-e6f939b3.wp-block-uagb-image--layout-overlay figure:hover img{box-shadow: 0px 0px 0 #00000070;}@media only screen and (max-width: 976px) {.uagb-block-e6f939b3.wp-block-uagb-image .wp-block-uagb-image__figure img{width: px;height: auto;}}@media only screen and (max-width: 767px) {.uagb-block-e6f939b3.wp-block-uagb-image .wp-block-uagb-image__figure img{width: px;height: auto;}}\";s:2:\"js\";s:0:\"\";s:18:\"current_block_list\";a:13:{i:0;s:11:\"core\/search\";i:1;s:10:\"core\/group\";i:2;s:12:\"core\/heading\";i:3;s:17:\"core\/latest-posts\";i:4;s:20:\"core\/latest-comments\";i:5;s:13:\"core\/archives\";i:6;s:15:\"core\/categories\";i:7;s:14:\"core\/paragraph\";i:8;s:10:\"uagb\/image\";i:9;s:11:\"core\/spacer\";i:10;s:30:\"woocommerce\/product-categories\";i:11;s:10:\"core\/image\";i:12;s:14:\"core\/shortcode\";}s:8:\"uag_flag\";b:1;s:11:\"uag_version\";s:10:\"1777236010\";s:6:\"gfonts\";a:0:{}s:10:\"gfonts_url\";s:0:\"\";s:12:\"gfonts_files\";a:0:{}s:14:\"uag_faq_layout\";b:0;}"]},"uagb_featured_image_src":{"full":["https:\/\/www.ferberpainting.com\/wp-content\/uploads\/2025\/05\/PVC-Door-and-Window-Cleaner-5L.png",2560,2560,false],"thumbnail":["https:\/\/www.ferberpainting.com\/wp-content\/uploads\/2025\/05\/PVC-Door-and-Window-Cleaner-5L-150x150.png",150,150,true],"medium":["https:\/\/www.ferberpainting.com\/wp-content\/uploads\/2025\/05\/PVC-Door-and-Window-Cleaner-5L-300x300.png",300,300,true],"medium_large":["https:\/\/www.ferberpainting.com\/wp-content\/uploads\/2025\/05\/PVC-Door-and-Window-Cleaner-5L-768x768.png",768,768,true],"large":["https:\/\/www.ferberpainting.com\/wp-content\/uploads\/2025\/05\/PVC-Door-and-Window-Cleaner-5L-1024x1024.png",1024,1024,true],"1536x1536":["https:\/\/www.ferberpainting.com\/wp-content\/uploads\/2025\/05\/PVC-Door-and-Window-Cleaner-5L-1536x1536.png",1536,1536,true],"2048x2048":["https:\/\/www.ferberpainting.com\/wp-content\/uploads\/2025\/05\/PVC-Door-and-Window-Cleaner-5L-2048x2048.png",2048,2048,true],"trp-custom-language-flag":["https:\/\/www.ferberpainting.com\/wp-content\/uploads\/2025\/05\/PVC-Door-and-Window-Cleaner-5L-12x12.png",12,12,true],"woocommerce_thumbnail":["https:\/\/www.ferberpainting.com\/wp-content\/uploads\/2025\/05\/PVC-Door-and-Window-Cleaner-5L-300x300.png",300,300,true],"woocommerce_single":["https:\/\/www.ferberpainting.com\/wp-content\/uploads\/2025\/05\/PVC-Door-and-Window-Cleaner-5L-600x600.png",600,600,true],"woocommerce_gallery_thumbnail":["https:\/\/www.ferberpainting.com\/wp-content\/uploads\/2025\/05\/PVC-Door-and-Window-Cleaner-5L-100x100.png",100,100,true]},"uagb_author_info":{"display_name":"admin","author_link":"https:\/\/www.ferberpainting.com\/fi\/author\/"},"uagb_comment_info":39,"uagb_excerpt":"Optimal Efficiency.\u00a0This cleaner for PVC, doors, and windows is specially formulated to effectively remove dirt, pollution marks, dust residues, limescale deposits, and grease stains that accumulate over time. Thanks to its powerful formula, it penetrates deeply without damaging the PVC surface, ensuring perfect cleaning and a brilliant finish. It restores the original whiteness of PVC&hellip;","_links":{"self":[{"href":"https:\/\/www.ferberpainting.com\/fi\/wp-json\/wp\/v2\/product\/24809","targetHints":{"allow":["GET"]}}],"collection":[{"href":"https:\/\/www.ferberpainting.com\/fi\/wp-json\/wp\/v2\/product"}],"about":[{"href":"https:\/\/www.ferberpainting.com\/fi\/wp-json\/wp\/v2\/types\/product"}],"replies":[{"embeddable":true,"href":"https:\/\/www.ferberpainting.com\/fi\/wp-json\/wp\/v2\/comments?post=24809"}],"version-history":[{"count":3,"href":"https:\/\/www.ferberpainting.com\/fi\/wp-json\/wp\/v2\/product\/24809\/revisions"}],"predecessor-version":[{"id":167012,"href":"https:\/\/www.ferberpainting.com\/fi\/wp-json\/wp\/v2\/product\/24809\/revisions\/167012"}],"wp:featuredmedia":[{"embeddable":true,"href":"https:\/\/www.ferberpainting.com\/fi\/wp-json\/wp\/v2\/media\/36021"}],"wp:attachment":[{"href":"https:\/\/www.ferberpainting.com\/fi\/wp-json\/wp\/v2\/media?parent=24809"}],"wp:term":[{"taxonomy":"product_brand","embeddable":true,"href":"https:\/\/www.ferberpainting.com\/fi\/wp-json\/wp\/v2\/product_brand?post=24809"},{"taxonomy":"product_cat","embeddable":true,"href":"https:\/\/www.ferberpainting.com\/fi\/wp-json\/wp\/v2\/product_cat?post=24809"},{"taxonomy":"product_tag","embeddable":true,"href":"https:\/\/www.ferberpainting.com\/fi\/wp-json\/wp\/v2\/product_tag?post=24809"}],"curies":[{"name":"wp","href":"https:\/\/api.w.org\/{rel}","templated":true}]}}