{"id":24800,"date":"2025-06-30T22:20:14","date_gmt":"2025-06-30T20:20:14","guid":{"rendered":"https:\/\/www.ferberpainting.com\/?post_type=product&#038;p=24800"},"modified":"2026-02-16T07:37:04","modified_gmt":"2026-02-16T06:37:04","slug":"printhead-cleaner","status":"publish","type":"product","link":"https:\/\/www.ferberpainting.com\/fi\/products\/printhead-cleaner\/","title":{"rendered":"Tulostusp\u00e4\u00e4n puhdistin"},"content":{"rendered":"<p><strong><img decoding=\"async\" style=\"margin-right: 12px;\" src=\"https:\/\/www.ferberpainting.com\/wp-content\/uploads\/2026\/02\/Check.svg\" alt=\"\" width=\"18\" height=\"15\" \/>Optimaalinen tehokkuus.<\/strong>\u00a0T\u00e4m\u00e4 tulostusp\u00e4\u00e4n puhdistusaine on suunniteltu erityisesti poistamaan tehokkaasti kuivuneet mustej\u00e4\u00e4m\u00e4t, pigmenttisaostumat ja ep\u00e4puhtaudet, jotka tukkivat tulostussuuttimet. Se toimii syv\u00e4ll\u00e4 ja palauttaa musteen virtauksen ja parantaa tulostuslaatua ehk\u00e4isem\u00e4ll\u00e4 raitoja, tylsi\u00e4 v\u00e4rej\u00e4 ja tukkeutumisongelmia. Tehokkaan koostumuksensa ansiosta se auttaa pident\u00e4m\u00e4\u00e4n tulostusp\u00e4\u00e4n k\u00e4ytt\u00f6ik\u00e4\u00e4 ja varmistaa ter\u00e4v\u00e4t ja tarkat tulosteet ilman ennenaikaista vaihtoa.<\/p>\n<p><strong><img decoding=\"async\" style=\"margin-right: 12px;\" src=\"https:\/\/www.ferberpainting.com\/wp-content\/uploads\/2026\/02\/Check.svg\" alt=\"\" width=\"18\" height=\"15\" \/>Rahat takaisin -takuu.<\/strong>\u00a0Luotamme t\u00e4ysin puhdistusaineemme tehokkuuteen. Jos et k\u00e4yt\u00f6n j\u00e4lkeen ole t\u00e4ysin tyytyv\u00e4inen tuloksiin, voit saada t\u00e4yden hyvityksen. Kokeile tuotteitamme t\u00e4ysin rauhallisin mielin ja pid\u00e4 tulostimesi optimaalisesti toiminnassa ilman riskej\u00e4.<\/p>\n<p><strong><img decoding=\"async\" style=\"margin-right: 12px;\" src=\"https:\/\/www.ferberpainting.com\/wp-content\/uploads\/2026\/02\/Check.svg\" alt=\"\" width=\"18\" height=\"15\" \/>Poikkeuksellinen monipuolisuus.<\/strong>\u00a0T\u00e4m\u00e4 puhdistusaine ei rajoitu vain klassisiin mustesuihkutulostimiin! Se tehoaa my\u00f6s l\u00e4mp\u00f6sublimaatiotulostimiin, suurkuvaplottereihin, tekstiilitulostimiin, UV-tulostimiin ja teollisuuskoneisiin, joissa k\u00e4ytet\u00e4\u00e4n liuotinpohjaisia, pigmenttipohjaisia tai vesipohjaisia musteita. Se toimii yht\u00e4 hyvin sek\u00e4 integroiduissa tulostusp\u00e4\u00e4ss\u00e4 ett\u00e4 erillisill\u00e4 tulostusp\u00e4\u00e4h\u00e4n perustuvissa kasettij\u00e4rjestelmiss\u00e4. Monipuolisuutensa ansiosta se sopii erinomaisesti koti-, yritys- tai teollisuusk\u00e4ytt\u00f6\u00f6n.<\/p>\n<p><strong><img decoding=\"async\" style=\"margin-right: 12px;\" src=\"https:\/\/www.ferberpainting.com\/wp-content\/uploads\/2026\/02\/Check.svg\" alt=\"\" width=\"18\" height=\"15\" \/>Kustannustehokas suorituskyky.<\/strong>\u00a05 litran kanisterin ja korkean pitoisuuden ansiosta t\u00e4m\u00e4 puhdistin tarjoaa erinomaista arvoa. Pieni m\u00e4\u00e4r\u00e4 riitt\u00e4\u00e4 usean tulostusp\u00e4\u00e4n tukkeutumisen onnistuneeseen poistamiseen. Keskim\u00e4\u00e4rin yksi litra tuotetta riitt\u00e4\u00e4 jopa 50 tulostusp\u00e4\u00e4n puhdistusjaksoon, mik\u00e4 v\u00e4hent\u00e4\u00e4 mustehukkaa ja pident\u00e4\u00e4 kasettien ja tulostimien k\u00e4ytt\u00f6ik\u00e4\u00e4.<\/p>\n<p><strong><img decoding=\"async\" style=\"margin-right: 12px;\" src=\"https:\/\/www.ferberpainting.com\/wp-content\/uploads\/2026\/02\/Check.svg\" alt=\"\" width=\"18\" height=\"15\" \/>Turvallinen k\u00e4ytt\u00e4\u00e4.<\/strong>\u00a0Toisin kuin aggressiivisia liuottimia sis\u00e4lt\u00e4v\u00e4t puhdistusaineet, jotka voivat vahingoittaa tulostusp\u00e4\u00e4t\u00e4 tai aiheuttaa musteen ennenaikaisen kuivumisen, t\u00e4m\u00e4 puhdistusaine ei sis\u00e4ll\u00e4 sy\u00f6vytt\u00e4vi\u00e4 tai myrkyllisi\u00e4 aineita. Se kunnioittaa tulostimen herkki\u00e4 komponentteja, ei vahingoita muoveja tai virtapiirej\u00e4 ja takaa hell\u00e4varaisen puhdistuksen. Se ei vapauta haitallisia h\u00f6yryj\u00e4, ja sit\u00e4 voidaan k\u00e4ytt\u00e4\u00e4 turvallisesti jopa suljetuissa ymp\u00e4rist\u00f6iss\u00e4.<\/p>\n<p><strong><img decoding=\"async\" style=\"margin-right: 12px;\" src=\"https:\/\/www.ferberpainting.com\/wp-content\/uploads\/2026\/02\/Check.svg\" alt=\"\" width=\"18\" height=\"15\" \/>Helppok\u00e4ytt\u00f6isyys.<\/strong>\u00a0T\u00e4m\u00e4 tuote on k\u00e4ytt\u00f6valmis eik\u00e4 vaadi laimentamista tai monimutkaista k\u00e4sittely\u00e4. Sit\u00e4 voidaan k\u00e4ytt\u00e4\u00e4 useilla eri tavoilla tulostintyypist\u00e4 riippuen: liottamalla tulostusp\u00e4\u00e4t, ruiskuttamalla suoraan ruiskulla tai t\u00e4ytt\u00e4m\u00e4ll\u00e4 kasetti syv\u00e4puhdistukseen. Sen nopea vaikutus palauttaa tulostusp\u00e4\u00e4n toiminnan muutamassa minuutissa ilman teknisi\u00e4 toimenpiteit\u00e4.<\/p>\n<p><strong><img decoding=\"async\" style=\"margin-right: 12px;\" src=\"https:\/\/www.ferberpainting.com\/wp-content\/uploads\/2026\/02\/Check.svg\" alt=\"\" width=\"18\" height=\"15\" \/>Laajennettu kest\u00e4vyys.<\/strong>\u00a0T\u00e4m\u00e4 puhdistusaine poistaa tehokkaasti tukokset ja palauttaa mustevirtauksen, joten se auttaa pident\u00e4m\u00e4\u00e4n tulostusp\u00e4\u00e4n k\u00e4ytt\u00f6ik\u00e4\u00e4 ja v\u00e4ltt\u00e4m\u00e4\u00e4n kalliita vaihtoja. Se ehk\u00e4isee tulostuslaatua heikent\u00e4vien laskeumien muodostumista ja optimoi tulostimen suorituskyvyn pitk\u00e4ll\u00e4 aikav\u00e4lill\u00e4. S\u00e4\u00e4nn\u00f6llinen huolto t\u00e4ll\u00e4 tuotteella varmistaa optimaalisen toiminnan ja auttaa v\u00e4ltt\u00e4m\u00e4\u00e4n liiallisesta tukkeutumisesta johtuvia vikoja.<\/p>\n<p><strong><img decoding=\"async\" style=\"margin-right: 12px;\" src=\"https:\/\/www.ferberpainting.com\/wp-content\/uploads\/2026\/02\/Check.svg\" alt=\"\" width=\"18\" height=\"15\" \/>Nopea toiminta.<\/strong>\u00a0Eritt\u00e4in aktiivisen koostumuksensa ansiosta t\u00e4m\u00e4 puhdistusaine vaikuttaa v\u00e4litt\u00f6m\u00e4sti kuivuneeseen musteeseen ja upotettuihin ep\u00e4puhtauksiin. Vain muutamassa minuutissa se liuottaa suuttimia tukkivat hiukkaset ja palauttaa tasaisen ja tasaisen tulostuksen. Se v\u00e4hent\u00e4\u00e4 merkitt\u00e4v\u00e4sti tulostimen k\u00e4ytt\u00f6katkoksia ja lis\u00e4\u00e4 tuottavuutta nopean ja tehokkaan huollon ansiosta.<\/p>\n<h2><strong>K\u00e4ytt\u00f6protokolla<\/strong><\/h2>\n<ul>\n<li><strong>Valmistelu <\/strong>: Varmista, ett\u00e4 tulostin on sammutettu ja ett\u00e4 tulostusp\u00e4\u00e4t ovat k\u00e4ytett\u00e4viss\u00e4. Poista uudelleent\u00e4ytett\u00e4v\u00e4t kasetit varovasti ennen puhdistusprosessin aloittamista.<\/li>\n<li><strong>Liotusmenetelm\u00e4 <\/strong>: Jos tulostusp\u00e4\u00e4t ovat irrotettavissa, kaada pieni m\u00e4\u00e4r\u00e4 puhdistusainetta puhtaaseen astiaan, aseta p\u00e4\u00e4t siihen ja anna niiden imeyty\u00e4 10-30 minuuttia. Hankaa tarvittaessa varovasti nukkaamattomalla liinalla ja anna kuivua ennen uudelleenasentamista.<\/li>\n<li><strong>Injektiomenetelm\u00e4 <\/strong>: T\u00e4yt\u00e4 puhdas ruisku puhdistusaineella ja ruiskuta varovasti muutama millilitra tulostussuuttimiin mustetukosten liuottamiseksi. Anna vaikuttaa muutaman minuutin ajan ennen automaattisen puhdistussyklin suorittamista tulostimen kautta.<\/li>\n<li><strong>Kasetin puhdistus <\/strong>: Mustepiirien syv\u00e4puhdistusta varten t\u00e4yt\u00e4 uudelleen t\u00e4ytett\u00e4v\u00e4 kasetti puhdistusaineella ja aseta se tulostimeen. Suorita useita puhdistusjaksoja sis\u00e4isten ep\u00e4puhtauksien poistamiseksi. Kun olet valmis, vaihda uusi mustekasetti tilalle ja suorita testitulostus.<\/li>\n<li><strong>Huuhtelu ja kuivaus <\/strong>: Anna tulostusp\u00e4\u00e4n kuivua kokonaan puhdistuksen j\u00e4lkeen ennen kuin asennat sen takaisin. Varmista testisivun tulostamisella, ettei j\u00e4\u00e4mi\u00e4 j\u00e4\u00e4 ja ett\u00e4 suuttimet ovat puhtaat.<\/li>\n<li><strong>K\u00e4ytt\u00f6tiheys <\/strong>: Levit\u00e4 kerran kuukaudessa ennaltaehk\u00e4isev\u00e4sti ja mustetukosten v\u00e4ltt\u00e4miseksi. Jos tulostinta k\u00e4ytet\u00e4\u00e4n usein tai pitk\u00e4n k\u00e4ytt\u00f6katkon j\u00e4lkeen, puhdista ennen jatkamista, jotta tulostus on tasaista ja virheet\u00f6nt\u00e4.<\/li>\n<li><strong>Varastointi <\/strong>: Sulje kanisteri tiiviisti jokaisen k\u00e4ytt\u00f6kerran j\u00e4lkeen ja s\u00e4ilyt\u00e4 viile\u00e4ss\u00e4, kuivassa paikassa, suojassa valolta ja \u00e4\u00e4rimm\u00e4isilt\u00e4 l\u00e4mp\u00f6tiloilta, jotta tuotteen pitk\u00e4aikainen teho s\u00e4ilyy.<\/li>\n<\/ul>\n<p>Tulostusp\u00e4\u00e4n puhdistusaineemme avulla voit varmistaa tulostimen optimaalisen kunnossapidon ja s\u00e4ilytt\u00e4\u00e4 tulostuslaadun sek\u00e4 pident\u00e4\u00e4 laitteen k\u00e4ytt\u00f6ik\u00e4\u00e4. Ihanteellinen ratkaisu, jolla est\u00e4t toimintah\u00e4iri\u00f6t ja pid\u00e4t tulostimesi suorituskyvyn parhaalla mahdollisella tasolla vaivattomasti.<\/p>","protected":false},"excerpt":{"rendered":"<p>Optimal Efficiency.\u00a0This printhead cleaner is specially designed to effectively remove dried ink residues, pigment deposits, and impurities that clog print nozzles. It works deep down to restore ink flow and improve print quality by preventing streaks, dull colors, and clogging issues. Thanks to its powerful formula, it helps extend the life of printheads and ensures [&hellip;]<\/p>\n","protected":false},"featured_media":36015,"comment_status":"open","ping_status":"closed","template":"","meta":{"_uag_custom_page_level_css":"","site-sidebar-layout":"default","site-content-layout":"","ast-site-content-layout":"default","site-content-style":"default","site-sidebar-style":"default","ast-global-header-display":"","ast-banner-title-visibility":"","ast-main-header-display":"","ast-hfb-above-header-display":"","ast-hfb-below-header-display":"","ast-hfb-mobile-header-display":"","site-post-title":"","ast-breadcrumbs-content":"","ast-featured-img":"","footer-sml-layout":"","ast-disable-related-posts":"","theme-transparent-header-meta":"default","adv-header-id-meta":"","stick-header-meta":"","header-above-stick-meta":"","header-main-stick-meta":"","header-below-stick-meta":"","astra-migrate-meta-layouts":"set","ast-page-background-enabled":"default","ast-page-background-meta":{"desktop":{"background-color":"var(--ast-global-color-4)","background-image":"","background-repeat":"repeat","background-position":"center center","background-size":"auto","background-attachment":"scroll","background-type":"","background-media":"","overlay-type":"","overlay-color":"","overlay-opacity":"","overlay-gradient":""},"tablet":{"background-color":"","background-image":"","background-repeat":"repeat","background-position":"center center","background-size":"auto","background-attachment":"scroll","background-type":"","background-media":"","overlay-type":"","overlay-color":"","overlay-opacity":"","overlay-gradient":""},"mobile":{"background-color":"","background-image":"","background-repeat":"repeat","background-position":"center center","background-size":"auto","background-attachment":"scroll","background-type":"","background-media":"","overlay-type":"","overlay-color":"","overlay-opacity":"","overlay-gradient":""}},"ast-content-background-meta":{"desktop":{"background-color":"var(--ast-global-color-5)","background-image":"","background-repeat":"repeat","background-position":"center center","background-size":"auto","background-attachment":"scroll","background-type":"","background-media":"","overlay-type":"","overlay-color":"","overlay-opacity":"","overlay-gradient":""},"tablet":{"background-color":"var(--ast-global-color-5)","background-image":"","background-repeat":"repeat","background-position":"center center","background-size":"auto","background-attachment":"scroll","background-type":"","background-media":"","overlay-type":"","overlay-color":"","overlay-opacity":"","overlay-gradient":""},"mobile":{"background-color":"var(--ast-global-color-5)","background-image":"","background-repeat":"repeat","background-position":"center center","background-size":"auto","background-attachment":"scroll","background-type":"","background-media":"","overlay-type":"","overlay-color":"","overlay-opacity":"","overlay-gradient":""}}},"product_brand":[],"product_cat":[175],"product_tag":[],"class_list":{"0":"post-24800","1":"product","2":"type-product","3":"status-publish","4":"has-post-thumbnail","6":"product_cat-cleaning-products","7":"desktop-align-left","8":"tablet-align-left","9":"mobile-align-left","11":"first","12":"instock","13":"sale","14":"taxable","15":"shipping-taxable","16":"purchasable","17":"product-type-variable","18":"has-default-attributes"},"spectra_custom_meta":{"_visibility":["visible"],"_shopify_product_id":["9106243977461"],"_s2w_shopify_domain":["ferberpainting.myshopify.com"],"_shopify_variant_id":["46625795178741"],"_sku":[""],"_manage_stock":["no"],"total_sales":["23"],"_tax_status":["taxable"],"_tax_class":[""],"_backorders":["no"],"_sold_individually":["no"],"_virtual":["no"],"_downloadable":["no"],"_download_limit":["-1"],"_download_expiry":["-1"],"_stock":[null],"_stock_status":["instock"],"_wc_average_rating":["5.00"],"_wc_review_count":["11"],"_product_attributes":["a:1:{s:6:\"volume\";a:6:{s:4:\"name\";s:6:\"Volume\";s:5:\"value\";s:20:\"5 liters | 25 liters\";s:8:\"position\";i:1;s:10:\"is_visible\";i:0;s:12:\"is_variation\";i:1;s:11:\"is_taxonomy\";i:0;}}"],"_product_version":["10.5.1"],"wpse_downloadable_file_names":[""],"wpse_downloadable_file_urls":[""],"_edit_last":["1"],"_default_attributes":["a:1:{s:6:\"volume\";s:8:\"5 liters\";}"],"_edit_lock":["1771223683:1"],"_price":["29.90","129.90"],"merchant-center-availability":["yes"],"merchant-center-category":["5262"],"_thumbnail_id":["36015"],"_wp_page_template":["default"],"_wp_old_date":["2025-05-26"],"_product_image_gallery":["36016"],"site-sidebar-layout":["default"],"ast-site-content-layout":["default"],"site-content-style":["default"],"site-sidebar-style":["default"],"theme-transparent-header-meta":["default"],"_wc_rating_count":["a:1:{i:5;i:11;}"],"astra-migrate-meta-layouts":["set"],"_uag_css_file_name":["uag-css-24800.css"],"_elementor_page_assets":["a:0:{}"],"_uag_page_assets":["a:9:{s:3:\"css\";s:7133:\".uag-blocks-common-selector{z-index:var(--z-index-desktop) !important}@media(max-width: 976px){.uag-blocks-common-selector{z-index:var(--z-index-tablet) !important}}@media(max-width: 767px){.uag-blocks-common-selector{z-index:var(--z-index-mobile) !important}}.wp-block-uagb-image{display:flex}.wp-block-uagb-image__figure{position:relative;display:flex;flex-direction:column;max-width:100%;height:auto;margin:0}.wp-block-uagb-image__figure img{height:auto;display:flex;max-width:100%;transition:box-shadow .2s ease}.wp-block-uagb-image__figure>a{display:inline-block}.wp-block-uagb-image__figure figcaption{text-align:center;margin-top:.5em;margin-bottom:1em}.wp-block-uagb-image .components-placeholder.block-editor-media-placeholder .components-placeholder__instructions{align-self:center}.wp-block-uagb-image--align-left{text-align:left}.wp-block-uagb-image--align-right{text-align:right}.wp-block-uagb-image--align-center{text-align:center}.wp-block-uagb-image--align-full .wp-block-uagb-image__figure{margin-left:calc(50% - 50vw);margin-right:calc(50% - 50vw);max-width:100vw;width:100vw;height:auto}.wp-block-uagb-image--align-full .wp-block-uagb-image__figure img{height:auto;width:100% !important}.wp-block-uagb-image--align-wide .wp-block-uagb-image__figure img{height:auto;width:100%}.wp-block-uagb-image--layout-overlay__color-wrapper{position:absolute;left:0;top:0;right:0;bottom:0;opacity:.2;background:rgba(0,0,0,.5);transition:opacity .35s ease-in-out}.wp-block-uagb-image--layout-overlay-link{position:absolute;left:0;right:0;bottom:0;top:0}.wp-block-uagb-image--layout-overlay .wp-block-uagb-image__figure:hover .wp-block-uagb-image--layout-overlay__color-wrapper{opacity:1}.wp-block-uagb-image--layout-overlay__inner{position:absolute;left:15px;right:15px;bottom:15px;top:15px;display:flex;align-items:center;justify-content:center;flex-direction:column;border-color:#fff;transition:.35s ease-in-out}.wp-block-uagb-image--layout-overlay__inner.top-left,.wp-block-uagb-image--layout-overlay__inner.top-center,.wp-block-uagb-image--layout-overlay__inner.top-right{justify-content:flex-start}.wp-block-uagb-image--layout-overlay__inner.bottom-left,.wp-block-uagb-image--layout-overlay__inner.bottom-center,.wp-block-uagb-image--layout-overlay__inner.bottom-right{justify-content:flex-end}.wp-block-uagb-image--layout-overlay__inner.top-left,.wp-block-uagb-image--layout-overlay__inner.center-left,.wp-block-uagb-image--layout-overlay__inner.bottom-left{align-items:flex-start}.wp-block-uagb-image--layout-overlay__inner.top-right,.wp-block-uagb-image--layout-overlay__inner.center-right,.wp-block-uagb-image--layout-overlay__inner.bottom-right{align-items:flex-end}.wp-block-uagb-image--layout-overlay__inner .uagb-image-heading{color:#fff;transition:transform .35s,opacity .35s ease-in-out;transform:translate3d(0, 24px, 0);margin:0;line-height:1em}.wp-block-uagb-image--layout-overlay__inner .uagb-image-separator{width:30%;border-top-width:2px;border-top-color:#fff;border-top-style:solid;margin-bottom:10px;opacity:0;transition:transform .4s,opacity .4s ease-in-out;transform:translate3d(0, 30px, 0)}.wp-block-uagb-image--layout-overlay__inner .uagb-image-caption{opacity:0;overflow:visible;color:#fff;transition:transform .45s,opacity .45s ease-in-out;transform:translate3d(0, 35px, 0)}.wp-block-uagb-image--layout-overlay__inner:hover .uagb-image-heading,.wp-block-uagb-image--layout-overlay__inner:hover .uagb-image-separator,.wp-block-uagb-image--layout-overlay__inner:hover .uagb-image-caption{opacity:1;transform:translate3d(0, 0, 0)}.wp-block-uagb-image--effect-zoomin .wp-block-uagb-image__figure img,.wp-block-uagb-image--effect-zoomin .wp-block-uagb-image__figure .wp-block-uagb-image--layout-overlay__color-wrapper{transform:scale(1);transition:transform .35s ease-in-out}.wp-block-uagb-image--effect-zoomin .wp-block-uagb-image__figure:hover img,.wp-block-uagb-image--effect-zoomin .wp-block-uagb-image__figure:hover .wp-block-uagb-image--layout-overlay__color-wrapper{transform:scale(1.05)}.wp-block-uagb-image--effect-slide .wp-block-uagb-image__figure img,.wp-block-uagb-image--effect-slide .wp-block-uagb-image__figure .wp-block-uagb-image--layout-overlay__color-wrapper{width:calc(100% + 40px) !important;max-width:none !important;transform:translate3d(-40px, 0, 0);transition:transform .35s ease-in-out}.wp-block-uagb-image--effect-slide .wp-block-uagb-image__figure:hover img,.wp-block-uagb-image--effect-slide .wp-block-uagb-image__figure:hover .wp-block-uagb-image--layout-overlay__color-wrapper{transform:translate3d(0, 0, 0)}.wp-block-uagb-image--effect-grayscale img{filter:grayscale(0%);transition:.35s ease-in-out}.wp-block-uagb-image--effect-grayscale:hover img{filter:grayscale(100%)}.wp-block-uagb-image--effect-blur img{filter:blur(0);transition:.35s ease-in-out}.wp-block-uagb-image--effect-blur:hover img{filter:blur(3px)}.uagb-block-e6f939b3.wp-block-uagb-image--layout-default figure img{box-shadow: 0px 0px 0 #00000070;}.uagb-block-e6f939b3.wp-block-uagb-image .wp-block-uagb-image__figure figcaption{font-style: normal;align-self: center;}.uagb-block-e6f939b3.wp-block-uagb-image--layout-overlay figure img{box-shadow: 0px 0px 0 #00000070;}.uagb-block-e6f939b3.wp-block-uagb-image--layout-overlay .wp-block-uagb-image--layout-overlay__color-wrapper{opacity: 0.2;}.uagb-block-e6f939b3.wp-block-uagb-image--layout-overlay .wp-block-uagb-image--layout-overlay__inner{left: 15px;right: 15px;top: 15px;bottom: 15px;}.uagb-block-e6f939b3.wp-block-uagb-image--layout-overlay .wp-block-uagb-image--layout-overlay__inner .uagb-image-heading{font-style: normal;color: #fff;opacity: 1;}.uagb-block-e6f939b3.wp-block-uagb-image--layout-overlay .wp-block-uagb-image--layout-overlay__inner .uagb-image-heading a{color: #fff;}.uagb-block-e6f939b3.wp-block-uagb-image--layout-overlay .wp-block-uagb-image--layout-overlay__inner .uagb-image-caption{opacity: 0;}.uagb-block-e6f939b3.wp-block-uagb-image--layout-overlay .wp-block-uagb-image__figure:hover .wp-block-uagb-image--layout-overlay__color-wrapper{opacity: 1;}.uagb-block-e6f939b3.wp-block-uagb-image .wp-block-uagb-image--layout-overlay__inner .uagb-image-separator{width: 30%;border-top-width: 2px;border-top-color: #fff;opacity: 0;}.uagb-block-e6f939b3.wp-block-uagb-image .wp-block-uagb-image__figure img{width: px;height: auto;}.uagb-block-e6f939b3.wp-block-uagb-image .wp-block-uagb-image__figure:hover .wp-block-uagb-image--layout-overlay__inner .uagb-image-caption{opacity: 1;}.uagb-block-e6f939b3.wp-block-uagb-image .wp-block-uagb-image__figure:hover .wp-block-uagb-image--layout-overlay__inner .uagb-image-separator{opacity: 1;}.uagb-block-e6f939b3.wp-block-uagb-image--layout-default figure:hover img{box-shadow: 0px 0px 0 #00000070;}.uagb-block-e6f939b3.wp-block-uagb-image--layout-overlay figure:hover img{box-shadow: 0px 0px 0 #00000070;}@media only screen and (max-width: 976px) {.uagb-block-e6f939b3.wp-block-uagb-image .wp-block-uagb-image__figure img{width: px;height: auto;}}@media only screen and (max-width: 767px) {.uagb-block-e6f939b3.wp-block-uagb-image .wp-block-uagb-image__figure img{width: px;height: auto;}}\";s:2:\"js\";s:0:\"\";s:18:\"current_block_list\";a:13:{i:0;s:11:\"core\/search\";i:1;s:10:\"core\/group\";i:2;s:12:\"core\/heading\";i:3;s:17:\"core\/latest-posts\";i:4;s:20:\"core\/latest-comments\";i:5;s:13:\"core\/archives\";i:6;s:15:\"core\/categories\";i:7;s:14:\"core\/paragraph\";i:8;s:10:\"uagb\/image\";i:9;s:11:\"core\/spacer\";i:10;s:30:\"woocommerce\/product-categories\";i:11;s:10:\"core\/image\";i:12;s:14:\"core\/shortcode\";}s:8:\"uag_flag\";b:1;s:11:\"uag_version\";s:10:\"1777228610\";s:6:\"gfonts\";a:0:{}s:10:\"gfonts_url\";s:0:\"\";s:12:\"gfonts_files\";a:0:{}s:14:\"uag_faq_layout\";b:0;}"]},"uagb_featured_image_src":{"full":["https:\/\/www.ferberpainting.com\/wp-content\/uploads\/2025\/05\/Printhead-Cleaner-5L-.png",2560,2560,false],"thumbnail":["https:\/\/www.ferberpainting.com\/wp-content\/uploads\/2025\/05\/Printhead-Cleaner-5L--150x150.png",150,150,true],"medium":["https:\/\/www.ferberpainting.com\/wp-content\/uploads\/2025\/05\/Printhead-Cleaner-5L--300x300.png",300,300,true],"medium_large":["https:\/\/www.ferberpainting.com\/wp-content\/uploads\/2025\/05\/Printhead-Cleaner-5L--768x768.png",768,768,true],"large":["https:\/\/www.ferberpainting.com\/wp-content\/uploads\/2025\/05\/Printhead-Cleaner-5L--1024x1024.png",1024,1024,true],"1536x1536":["https:\/\/www.ferberpainting.com\/wp-content\/uploads\/2025\/05\/Printhead-Cleaner-5L--1536x1536.png",1536,1536,true],"2048x2048":["https:\/\/www.ferberpainting.com\/wp-content\/uploads\/2025\/05\/Printhead-Cleaner-5L--2048x2048.png",2048,2048,true],"trp-custom-language-flag":["https:\/\/www.ferberpainting.com\/wp-content\/uploads\/2025\/05\/Printhead-Cleaner-5L--12x12.png",12,12,true],"woocommerce_thumbnail":["https:\/\/www.ferberpainting.com\/wp-content\/uploads\/2025\/05\/Printhead-Cleaner-5L--300x300.png",300,300,true],"woocommerce_single":["https:\/\/www.ferberpainting.com\/wp-content\/uploads\/2025\/05\/Printhead-Cleaner-5L--600x600.png",600,600,true],"woocommerce_gallery_thumbnail":["https:\/\/www.ferberpainting.com\/wp-content\/uploads\/2025\/05\/Printhead-Cleaner-5L--100x100.png",100,100,true]},"uagb_author_info":{"display_name":"admin","author_link":"https:\/\/www.ferberpainting.com\/fi\/author\/"},"uagb_comment_info":11,"uagb_excerpt":"Optimal Efficiency.\u00a0This printhead cleaner is specially designed to effectively remove dried ink residues, pigment deposits, and impurities that clog print nozzles. It works deep down to restore ink flow and improve print quality by preventing streaks, dull colors, and clogging issues. Thanks to its powerful formula, it helps extend the life of printheads and ensures&hellip;","_links":{"self":[{"href":"https:\/\/www.ferberpainting.com\/fi\/wp-json\/wp\/v2\/product\/24800","targetHints":{"allow":["GET"]}}],"collection":[{"href":"https:\/\/www.ferberpainting.com\/fi\/wp-json\/wp\/v2\/product"}],"about":[{"href":"https:\/\/www.ferberpainting.com\/fi\/wp-json\/wp\/v2\/types\/product"}],"replies":[{"embeddable":true,"href":"https:\/\/www.ferberpainting.com\/fi\/wp-json\/wp\/v2\/comments?post=24800"}],"version-history":[{"count":4,"href":"https:\/\/www.ferberpainting.com\/fi\/wp-json\/wp\/v2\/product\/24800\/revisions"}],"predecessor-version":[{"id":166999,"href":"https:\/\/www.ferberpainting.com\/fi\/wp-json\/wp\/v2\/product\/24800\/revisions\/166999"}],"wp:featuredmedia":[{"embeddable":true,"href":"https:\/\/www.ferberpainting.com\/fi\/wp-json\/wp\/v2\/media\/36015"}],"wp:attachment":[{"href":"https:\/\/www.ferberpainting.com\/fi\/wp-json\/wp\/v2\/media?parent=24800"}],"wp:term":[{"taxonomy":"product_brand","embeddable":true,"href":"https:\/\/www.ferberpainting.com\/fi\/wp-json\/wp\/v2\/product_brand?post=24800"},{"taxonomy":"product_cat","embeddable":true,"href":"https:\/\/www.ferberpainting.com\/fi\/wp-json\/wp\/v2\/product_cat?post=24800"},{"taxonomy":"product_tag","embeddable":true,"href":"https:\/\/www.ferberpainting.com\/fi\/wp-json\/wp\/v2\/product_tag?post=24800"}],"curies":[{"name":"wp","href":"https:\/\/api.w.org\/{rel}","templated":true}]}}