{"id":24796,"date":"2025-05-26T10:27:17","date_gmt":"2025-05-26T08:27:17","guid":{"rendered":"https:\/\/www.ferberpainting.com\/products\/potato-fertilizer\/"},"modified":"2026-02-16T07:33:17","modified_gmt":"2026-02-16T06:33:17","slug":"potato-fertilizer","status":"publish","type":"product","link":"https:\/\/www.ferberpainting.com\/fi\/products\/potato-fertilizer\/","title":{"rendered":"Perunan lannoite 25 kg"},"content":{"rendered":"<p><strong><img decoding=\"async\" style=\"margin-right: 12px;\" src=\"https:\/\/www.ferberpainting.com\/wp-content\/uploads\/2026\/02\/Check.svg\" alt=\"\" width=\"18\" height=\"15\" \/>Lannoite, joka on suunniteltu optimoimaan perunoiden kasvua ja tuotantoa.<\/strong>\u00a0T\u00e4m\u00e4 lannoite on suunniteltu erityisesti antamaan perunakasveille niiden kehityksen kannalta v\u00e4ltt\u00e4m\u00e4tt\u00f6mi\u00e4 ravinteita. T\u00e4ydellinen tasapaino typen (N), fosforin (P) ja kaliumin (K) v\u00e4lill\u00e4, NPK-suhde 10-10-10, takaa voimakkaan lehtikasvun, optimaalisen juurtumisen ja hyvin muodostuneiden mukuloiden runsaan tuotannon. T\u00e4ydellisen vaikutuksensa ansiosta se stimuloi uusien juurien muodostumista, vahvistaa kasvien vastustuskyky\u00e4 tauteja vastaan ja parantaa korjattavien perunoiden kokoa.<\/p>\n<p><strong><img decoding=\"async\" style=\"margin-right: 12px;\" src=\"https:\/\/www.ferberpainting.com\/wp-content\/uploads\/2026\/02\/Check.svg\" alt=\"\" width=\"18\" height=\"15\" \/>Rahat takaisin -takuu.<\/strong>\u00a0Luotamme t\u00e4ysin lannoitteemme tehokkuuteen, mink\u00e4 vuoksi tarjoamme rahanpalautustakuun. Jos et huomaa optimaalisissa olosuhteissa tapahtuneen k\u00e4yt\u00f6n j\u00e4lkeen merkitt\u00e4v\u00e4\u00e4 parannusta perunakasviesi kasvussa ja sadossa, maksamme sinulle rahasi takaisin ilman keskustelua.<\/p>\n<p><strong><img decoding=\"async\" style=\"margin-right: 12px;\" src=\"https:\/\/www.ferberpainting.com\/wp-content\/uploads\/2026\/02\/Check.svg\" alt=\"\" width=\"18\" height=\"15\" \/>Kaikille maalajeille ja perunalajikkeille sopiva lannoite.<\/strong>\u00a0Riippumatta siit\u00e4, kasvatatko perunoita ulkona, puutarhapenkiss\u00e4, kasvihuoneessa tai muussa viljelyss\u00e4, t\u00e4m\u00e4 lannoite soveltuu kaikkiin kasvuolosuhteisiin. Se tehoaa kaikkiin maalajeihin, olivatpa ne sitten savisia, hiekkaisia, savisia tai kalkkipitoisia. Lis\u00e4ksi se soveltuu kaikille perunalajikkeille, olivatpa ne sitten varhaisperunoita, varastoitavia perunoita tai ruokaperunoita (h\u00f6yrytetty, paistettu, soseutettu).<\/p>\n<p><strong><img decoding=\"async\" style=\"margin-right: 12px;\" src=\"https:\/\/www.ferberpainting.com\/wp-content\/uploads\/2026\/02\/Check.svg\" alt=\"\" width=\"18\" height=\"15\" \/>Taloudellinen ja tehokas lannoitus.<\/strong>\u00a0T\u00e4m\u00e4 lannoite tarjoaa erinomaisen tuoton, koska se vapautuu hitaasti maaper\u00e4\u00e4n ja takaa siten pitk\u00e4aikaisen lannoituksen ilman, ett\u00e4 sit\u00e4 tarvitsee levitt\u00e4\u00e4 usein. 25 kg:n s\u00e4kill\u00e4 voit kattaa suuret maatalous- tai puutarha-alueet. Se ei vaadi laimentamista, mik\u00e4 s\u00e4\u00e4st\u00e4\u00e4 aikaa ja vett\u00e4 ja varmistaa samalla kasvien asteittaisen ja jatkuvan imeytymisen.<\/p>\n<p><strong><img decoding=\"async\" style=\"margin-right: 12px;\" src=\"https:\/\/www.ferberpainting.com\/wp-content\/uploads\/2026\/02\/Check.svg\" alt=\"\" width=\"18\" height=\"15\" \/>Ymp\u00e4rist\u00f6yst\u00e4v\u00e4llinen ja turvallinen lannoite kasveille.<\/strong>\u00a0T\u00e4m\u00e4 lannoite on kehitetty ilman aggressiivisia kemiallisia tuotteita, joten se ei aiheuta riskej\u00e4 perunakasvien juurille. Se edist\u00e4\u00e4 tervett\u00e4, tasapainoista maaper\u00e4\u00e4 ja palauttaa optimaalisen hedelm\u00e4llisyyden edellytt\u00e4m\u00e4n mikrobiel\u00e4m\u00e4n. Se ei saastuta pohjavett\u00e4 eik\u00e4 maaper\u00e4\u00e4, mik\u00e4 takaa vastuullisen ja ymp\u00e4rist\u00f6\u00e4 kunnioittavan viljelyn.<\/p>\n<p><strong><img decoding=\"async\" style=\"margin-right: 12px;\" src=\"https:\/\/www.ferberpainting.com\/wp-content\/uploads\/2026\/02\/Check.svg\" alt=\"\" width=\"18\" height=\"15\" \/>Yksinkertainen ja nopea sovellus takaa tulokset.<\/strong>\u00a0Toisin kuin nestem\u00e4iset lannoitteet, jotka vaativat tarkkaa annostelua ja veden sekoittamista, t\u00e4m\u00e4 lannoite levitet\u00e4\u00e4n suoraan maaper\u00e4\u00e4n. Erityislaitteita ei tarvita, riitt\u00e4\u00e4 kun ripottelet lannoitteen kasvien ymp\u00e4rille ja sekoitat sen kevyesti maaper\u00e4\u00e4n. Sen k\u00e4ytt\u00f6 on kaikkien ulottuvilla, olitpa sitten harrastepuutarhuri tai ammattilainen.<\/p>\n<p><strong><img decoding=\"async\" style=\"margin-right: 12px;\" src=\"https:\/\/www.ferberpainting.com\/wp-content\/uploads\/2026\/02\/Check.svg\" alt=\"\" width=\"18\" height=\"15\" \/>Kest\u00e4v\u00e4 toiminta runsaiden satojen ja laadukkaiden mukuloiden saamiseksi.<\/strong>\u00a0Hitaan ja tasaisen vapautumisen ansiosta t\u00e4m\u00e4 lannoite varmistaa ravinteiden asteittaisen annostelun, mink\u00e4 ansiosta perunakasveja voidaan ruokkia koko niiden kasvukauden ajan. Se edist\u00e4\u00e4 hyvin tasapainoisten, t\u00e4rkkelyspitoisten ja kiinte\u00e4maltoisten mukuloiden muodostumista, mik\u00e4 parantaa perunoiden varastointia ja makua.<\/p>\n<p><strong><img decoding=\"async\" style=\"margin-right: 12px;\" src=\"https:\/\/www.ferberpainting.com\/wp-content\/uploads\/2026\/02\/Check.svg\" alt=\"\" width=\"18\" height=\"15\" \/>Nopeat ja tehokkaat tulokset n\u00e4kyv\u00e4t muutamassa viikossa.<\/strong>\u00a0Ensimm\u00e4isten viikkojen kuluttua levitt\u00e4misest\u00e4 voit havaita voimakkaamman lehtikasvun, hyvin muodostuneet mukulat ja vahvat, tukevat varret. Mukulat kasvavat nopeasti ja tasaisesti, mik\u00e4 johtaa merkitt\u00e4v\u00e4\u00e4n sadonlis\u00e4ykseen, laadukkaampaan tuotantoon ja suurempaan satotyytyv\u00e4isyyteen.<\/p>\n<h2><strong>K\u00e4ytt\u00f6protokolla<\/strong><\/h2>\n<p><strong>Suositeltu annostus :<\/strong><\/p>\n<ul>\n<li><strong>Ennen istutusta <\/strong>: levit\u00e4 200 g lannoitetta neli\u00f6metri\u00e4 kohti ja sekoita se maahan haravalla tai kynsill\u00e4.<\/li>\n<li><strong>Haravoinnin yhteydess\u00e4 (kasvien puhkeamisen j\u00e4lkeen). <\/strong>: lis\u00e4\u00e4 100 g lannoitetta neli\u00f6metri\u00e4 kohti pintaan ja kastele kevyesti ravinteiden imeytymisen aktivoimiseksi.<\/li>\n<li><strong>Kasvun aikana (valinnainen, sadon parantamiseksi) <\/strong>: toista levitys kasvien kukinnan j\u00e4lkeen lis\u00e4\u00e4m\u00e4ll\u00e4 100 g lannoitetta neli\u00f6metri\u00e4 kohti.<\/li>\n<\/ul>\n<p><strong>K\u00e4ytt\u00f6taajuus :<\/strong><\/p>\n<ul>\n<li>Yksi k\u00e4ytt\u00f6 maanmuokkauksen yhteydess\u00e4 takaa hyv\u00e4n alkuravitsemuksen.<\/li>\n<li>Lis\u00e4sy\u00f6tt\u00f6 haravoinnin aikana optimoi kasvun ja mukuloiden muodostumisen.<\/li>\n<li>Viimeinen levitys sadon kasvun aikana auttaa parantamaan perunoiden kokoa ja satoa.<\/li>\n<\/ul>\n<p><strong>Hakumenetelm\u00e4 :<\/strong><\/p>\n<ul>\n<li>Levit\u00e4 lannoite suoraan maahan, kasvien ymp\u00e4rille tai istutuksen uurteisiin.<\/li>\n<li>Sekoita se kevyesti maaper\u00e4\u00e4n haravalla tai kynsill\u00e4 imeytymisen edist\u00e4miseksi.<\/li>\n<li>Kastele levityksen j\u00e4lkeen, erityisesti jos maa on kuiva, jotta ravinteet vapautuvat helpommin.<\/li>\n<\/ul>\n<p><strong>K\u00e4ytt\u00f6\u00e4 koskevat varotoimet :<\/strong><\/p>\n<ul>\n<li>\u00c4l\u00e4 annostele liikaa typpe\u00e4, sill\u00e4 se aiheuttaisi liian rehev\u00e4\u00e4 lehdist\u00f6\u00e4 mukuloiden kustannuksella.<\/li>\n<li>\u00c4l\u00e4 levit\u00e4 lannoitetta j\u00e4\u00e4tyneeseen tai vettyneeseen maahan, sill\u00e4 se heikent\u00e4\u00e4 lannoitteen tehoa.<\/li>\n<li>S\u00e4ilyt\u00e4 pussi kuivassa ja kosteudelta suojassa, jotta sen t\u00e4ysi teho s\u00e4ilyy.<\/li>\n<\/ul>\n<p>T\u00e4ll\u00e4 perunalannoitteella varmistat terveen kasvun, runsaan sadon ja korkealaatuiset mukulat. Asteittaisen ravinteiden vapautumisen ja helpon levityksen ansiosta se on ihanteellinen ratkaisu tuotannon maksimoimiseksi ja samalla maaper\u00e4n luonnollisen hedelm\u00e4llisyyden s\u00e4ilytt\u00e4miseksi.<\/p>","protected":false},"excerpt":{"rendered":"<p>A fertilizer designed to optimize the growth and production of potatoes.\u00a0This fertilizer is specifically formulated to provide potato plants with the essential nutrients for their development. With a perfect balance of nitrogen (N), phosphorus (P), and potassium (K), with an NPK ratio of 10-10-10, it ensures vigorous leaf growth, optimal rooting, and abundant production of [&hellip;]<\/p>\n","protected":false},"featured_media":26641,"comment_status":"open","ping_status":"closed","template":"","meta":{"_uag_custom_page_level_css":"","site-sidebar-layout":"default","site-content-layout":"","ast-site-content-layout":"default","site-content-style":"default","site-sidebar-style":"default","ast-global-header-display":"","ast-banner-title-visibility":"","ast-main-header-display":"","ast-hfb-above-header-display":"","ast-hfb-below-header-display":"","ast-hfb-mobile-header-display":"","site-post-title":"","ast-breadcrumbs-content":"","ast-featured-img":"","footer-sml-layout":"","ast-disable-related-posts":"","theme-transparent-header-meta":"default","adv-header-id-meta":"","stick-header-meta":"","header-above-stick-meta":"","header-main-stick-meta":"","header-below-stick-meta":"","astra-migrate-meta-layouts":"set","ast-page-background-enabled":"default","ast-page-background-meta":{"desktop":{"background-color":"var(--ast-global-color-4)","background-image":"","background-repeat":"repeat","background-position":"center center","background-size":"auto","background-attachment":"scroll","background-type":"","background-media":"","overlay-type":"","overlay-color":"","overlay-opacity":"","overlay-gradient":""},"tablet":{"background-color":"","background-image":"","background-repeat":"repeat","background-position":"center center","background-size":"auto","background-attachment":"scroll","background-type":"","background-media":"","overlay-type":"","overlay-color":"","overlay-opacity":"","overlay-gradient":""},"mobile":{"background-color":"","background-image":"","background-repeat":"repeat","background-position":"center center","background-size":"auto","background-attachment":"scroll","background-type":"","background-media":"","overlay-type":"","overlay-color":"","overlay-opacity":"","overlay-gradient":""}},"ast-content-background-meta":{"desktop":{"background-color":"var(--ast-global-color-5)","background-image":"","background-repeat":"repeat","background-position":"center center","background-size":"auto","background-attachment":"scroll","background-type":"","background-media":"","overlay-type":"","overlay-color":"","overlay-opacity":"","overlay-gradient":""},"tablet":{"background-color":"var(--ast-global-color-5)","background-image":"","background-repeat":"repeat","background-position":"center center","background-size":"auto","background-attachment":"scroll","background-type":"","background-media":"","overlay-type":"","overlay-color":"","overlay-opacity":"","overlay-gradient":""},"mobile":{"background-color":"var(--ast-global-color-5)","background-image":"","background-repeat":"repeat","background-position":"center center","background-size":"auto","background-attachment":"scroll","background-type":"","background-media":"","overlay-type":"","overlay-color":"","overlay-opacity":"","overlay-gradient":""}}},"product_brand":[],"product_cat":[178],"product_tag":[],"class_list":{"0":"post-24796","1":"product","2":"type-product","3":"status-publish","4":"has-post-thumbnail","6":"product_cat-fertilizers","7":"desktop-align-left","8":"tablet-align-left","9":"mobile-align-left","11":"first","12":"instock","13":"shipping-taxable","14":"purchasable","15":"product-type-simple"},"spectra_custom_meta":{"_visibility":["visible"],"_shopify_product_id":["9072137601269"],"_s2w_shopify_domain":["ferberpainting.myshopify.com"],"_shopify_variant_id":["46519520461045"],"_sku":["FPPOTATOFERTILIZER25"],"_regular_price":["39.00"],"_price":["39.00"],"_sale_price":[""],"_weight":["18.7"],"_thumbnail_id":["26641"],"_global_unique_id":["5056773817814"],"total_sales":["12"],"_tax_status":["taxable"],"_tax_class":[""],"_manage_stock":["no"],"_backorders":["no"],"_sold_individually":["no"],"_virtual":["no"],"_downloadable":["no"],"_download_limit":["-1"],"_download_expiry":["-1"],"_stock":[null],"_stock_status":["instock"],"_wc_average_rating":["5.00"],"_wc_review_count":["33"],"_product_version":["10.5.1"],"_wc_rating_count":["a:1:{i:5;i:33;}"],"_edit_lock":["1771223968:1"],"merchant-center-availability":["yes"],"merchant-center-category":["113"],"_edit_last":["1"],"_wp_page_template":["default"],"site-sidebar-layout":["default"],"ast-site-content-layout":["default"],"site-content-style":["default"],"site-sidebar-style":["default"],"theme-transparent-header-meta":["default"],"astra-migrate-meta-layouts":["set"],"_uag_css_file_name":["uag-css-24796.css"],"_elementor_page_assets":["a:0:{}"],"_uag_page_assets":["a:9:{s:3:\"css\";s:7156:\".uag-blocks-common-selector{z-index:var(--z-index-desktop) !important}@media (max-width: 976px){.uag-blocks-common-selector{z-index:var(--z-index-tablet) !important}}@media (max-width: 767px){.uag-blocks-common-selector{z-index:var(--z-index-mobile) !important}}\n.wp-block-uagb-image{display:flex}.wp-block-uagb-image__figure{position:relative;display:flex;flex-direction:column;max-width:100%;height:auto;margin:0}.wp-block-uagb-image__figure img{height:auto;display:flex;max-width:100%;transition:box-shadow 0.2s ease}.wp-block-uagb-image__figure>a{display:inline-block}.wp-block-uagb-image__figure figcaption{text-align:center;margin-top:0.5em;margin-bottom:1em}.wp-block-uagb-image .components-placeholder.block-editor-media-placeholder .components-placeholder__instructions{align-self:center}.wp-block-uagb-image--align-left{text-align:left}.wp-block-uagb-image--align-right{text-align:right}.wp-block-uagb-image--align-center{text-align:center}.wp-block-uagb-image--align-full .wp-block-uagb-image__figure{margin-left:calc(50% - 50vw);margin-right:calc(50% - 50vw);max-width:100vw;width:100vw;height:auto}.wp-block-uagb-image--align-full .wp-block-uagb-image__figure img{height:auto;width:100% !important}.wp-block-uagb-image--align-wide .wp-block-uagb-image__figure img{height:auto;width:100%}.wp-block-uagb-image--layout-overlay__color-wrapper{position:absolute;left:0;top:0;right:0;bottom:0;opacity:0.2;background:rgba(0,0,0,0.5);transition:opacity 0.35s ease-in-out}.wp-block-uagb-image--layout-overlay-link{position:absolute;left:0;right:0;bottom:0;top:0}.wp-block-uagb-image--layout-overlay .wp-block-uagb-image__figure:hover .wp-block-uagb-image--layout-overlay__color-wrapper{opacity:1}.wp-block-uagb-image--layout-overlay__inner{position:absolute;left:15px;right:15px;bottom:15px;top:15px;display:flex;align-items:center;justify-content:center;flex-direction:column;border-color:#fff;transition:0.35s ease-in-out}.wp-block-uagb-image--layout-overlay__inner.top-left,.wp-block-uagb-image--layout-overlay__inner.top-center,.wp-block-uagb-image--layout-overlay__inner.top-right{justify-content:flex-start}.wp-block-uagb-image--layout-overlay__inner.bottom-left,.wp-block-uagb-image--layout-overlay__inner.bottom-center,.wp-block-uagb-image--layout-overlay__inner.bottom-right{justify-content:flex-end}.wp-block-uagb-image--layout-overlay__inner.top-left,.wp-block-uagb-image--layout-overlay__inner.center-left,.wp-block-uagb-image--layout-overlay__inner.bottom-left{align-items:flex-start}.wp-block-uagb-image--layout-overlay__inner.top-right,.wp-block-uagb-image--layout-overlay__inner.center-right,.wp-block-uagb-image--layout-overlay__inner.bottom-right{align-items:flex-end}.wp-block-uagb-image--layout-overlay__inner .uagb-image-heading{color:#fff;transition:transform 0.35s, opacity 0.35s ease-in-out;transform:translate3d(0, 24px, 0);margin:0;line-height:1em}.wp-block-uagb-image--layout-overlay__inner .uagb-image-separator{width:30%;border-top-width:2px;border-top-color:#fff;border-top-style:solid;margin-bottom:10px;opacity:0;transition:transform 0.4s, opacity 0.4s ease-in-out;transform:translate3d(0, 30px, 0)}.wp-block-uagb-image--layout-overlay__inner .uagb-image-caption{opacity:0;overflow:visible;color:#fff;transition:transform 0.45s, opacity 0.45s ease-in-out;transform:translate3d(0, 35px, 0)}.wp-block-uagb-image--layout-overlay__inner:hover .uagb-image-heading,.wp-block-uagb-image--layout-overlay__inner:hover .uagb-image-separator,.wp-block-uagb-image--layout-overlay__inner:hover .uagb-image-caption{opacity:1;transform:translate3d(0, 0, 0)}.wp-block-uagb-image--effect-zoomin .wp-block-uagb-image__figure img,.wp-block-uagb-image--effect-zoomin .wp-block-uagb-image__figure .wp-block-uagb-image--layout-overlay__color-wrapper{transform:scale(1);transition:transform 0.35s ease-in-out}.wp-block-uagb-image--effect-zoomin .wp-block-uagb-image__figure:hover img,.wp-block-uagb-image--effect-zoomin .wp-block-uagb-image__figure:hover .wp-block-uagb-image--layout-overlay__color-wrapper{transform:scale(1.05)}.wp-block-uagb-image--effect-slide .wp-block-uagb-image__figure img,.wp-block-uagb-image--effect-slide .wp-block-uagb-image__figure .wp-block-uagb-image--layout-overlay__color-wrapper{width:calc(100% + 40px) !important;max-width:none !important;transform:translate3d(-40px, 0, 0);transition:transform 0.35s ease-in-out}.wp-block-uagb-image--effect-slide .wp-block-uagb-image__figure:hover img,.wp-block-uagb-image--effect-slide .wp-block-uagb-image__figure:hover .wp-block-uagb-image--layout-overlay__color-wrapper{transform:translate3d(0, 0, 0)}.wp-block-uagb-image--effect-grayscale img{filter:grayscale(0%);transition:0.35s ease-in-out}.wp-block-uagb-image--effect-grayscale:hover img{filter:grayscale(100%)}.wp-block-uagb-image--effect-blur img{filter:blur(0);transition:0.35s ease-in-out}.wp-block-uagb-image--effect-blur:hover img{filter:blur(3px)}\n.uagb-block-e6f939b3.wp-block-uagb-image--layout-default figure img{box-shadow: 0px 0px 0 #00000070;}.uagb-block-e6f939b3.wp-block-uagb-image .wp-block-uagb-image__figure figcaption{font-style: normal;align-self: center;}.uagb-block-e6f939b3.wp-block-uagb-image--layout-overlay figure img{box-shadow: 0px 0px 0 #00000070;}.uagb-block-e6f939b3.wp-block-uagb-image--layout-overlay .wp-block-uagb-image--layout-overlay__color-wrapper{opacity: 0.2;}.uagb-block-e6f939b3.wp-block-uagb-image--layout-overlay .wp-block-uagb-image--layout-overlay__inner{left: 15px;right: 15px;top: 15px;bottom: 15px;}.uagb-block-e6f939b3.wp-block-uagb-image--layout-overlay .wp-block-uagb-image--layout-overlay__inner .uagb-image-heading{font-style: normal;color: #fff;opacity: 1;}.uagb-block-e6f939b3.wp-block-uagb-image--layout-overlay .wp-block-uagb-image--layout-overlay__inner .uagb-image-heading a{color: #fff;}.uagb-block-e6f939b3.wp-block-uagb-image--layout-overlay .wp-block-uagb-image--layout-overlay__inner .uagb-image-caption{opacity: 0;}.uagb-block-e6f939b3.wp-block-uagb-image--layout-overlay .wp-block-uagb-image__figure:hover .wp-block-uagb-image--layout-overlay__color-wrapper{opacity: 1;}.uagb-block-e6f939b3.wp-block-uagb-image .wp-block-uagb-image--layout-overlay__inner .uagb-image-separator{width: 30%;border-top-width: 2px;border-top-color: #fff;opacity: 0;}.uagb-block-e6f939b3.wp-block-uagb-image .wp-block-uagb-image__figure img{width: px;height: auto;}.uagb-block-e6f939b3.wp-block-uagb-image .wp-block-uagb-image__figure:hover .wp-block-uagb-image--layout-overlay__inner .uagb-image-caption{opacity: 1;}.uagb-block-e6f939b3.wp-block-uagb-image .wp-block-uagb-image__figure:hover .wp-block-uagb-image--layout-overlay__inner .uagb-image-separator{opacity: 1;}.uagb-block-e6f939b3.wp-block-uagb-image--layout-default figure:hover img{box-shadow: 0px 0px 0 #00000070;}.uagb-block-e6f939b3.wp-block-uagb-image--layout-overlay figure:hover img{box-shadow: 0px 0px 0 #00000070;}@media only screen and (max-width: 976px) {.uagb-block-e6f939b3.wp-block-uagb-image .wp-block-uagb-image__figure img{width: px;height: auto;}}@media only screen and (max-width: 767px) {.uagb-block-e6f939b3.wp-block-uagb-image .wp-block-uagb-image__figure img{width: px;height: auto;}}\";s:2:\"js\";s:0:\"\";s:18:\"current_block_list\";a:13:{i:0;s:11:\"core\/search\";i:1;s:10:\"core\/group\";i:2;s:12:\"core\/heading\";i:3;s:17:\"core\/latest-posts\";i:4;s:20:\"core\/latest-comments\";i:5;s:13:\"core\/archives\";i:6;s:15:\"core\/categories\";i:7;s:14:\"core\/paragraph\";i:8;s:10:\"uagb\/image\";i:9;s:11:\"core\/spacer\";i:10;s:30:\"woocommerce\/product-categories\";i:11;s:10:\"core\/image\";i:12;s:14:\"core\/shortcode\";}s:8:\"uag_flag\";b:1;s:11:\"uag_version\";s:10:\"1775585927\";s:6:\"gfonts\";a:0:{}s:10:\"gfonts_url\";s:0:\"\";s:12:\"gfonts_files\";a:0:{}s:14:\"uag_faq_layout\";b:0;}"]},"uagb_featured_image_src":{"full":["https:\/\/www.ferberpainting.com\/wp-content\/uploads\/2025\/05\/PotatoFertilizer.png",2560,2560,false],"thumbnail":["https:\/\/www.ferberpainting.com\/wp-content\/uploads\/2025\/05\/PotatoFertilizer-150x150.png",150,150,true],"medium":["https:\/\/www.ferberpainting.com\/wp-content\/uploads\/2025\/05\/PotatoFertilizer-300x300.png",300,300,true],"medium_large":["https:\/\/www.ferberpainting.com\/wp-content\/uploads\/2025\/05\/PotatoFertilizer-768x768.png",768,768,true],"large":["https:\/\/www.ferberpainting.com\/wp-content\/uploads\/2025\/05\/PotatoFertilizer-1024x1024.png",1024,1024,true],"1536x1536":["https:\/\/www.ferberpainting.com\/wp-content\/uploads\/2025\/05\/PotatoFertilizer-1536x1536.png",1536,1536,true],"2048x2048":["https:\/\/www.ferberpainting.com\/wp-content\/uploads\/2025\/05\/PotatoFertilizer-2048x2048.png",2048,2048,true],"trp-custom-language-flag":["https:\/\/www.ferberpainting.com\/wp-content\/uploads\/2025\/05\/PotatoFertilizer-12x12.png",12,12,true],"woocommerce_thumbnail":["https:\/\/www.ferberpainting.com\/wp-content\/uploads\/2025\/05\/PotatoFertilizer-300x300.png",300,300,true],"woocommerce_single":["https:\/\/www.ferberpainting.com\/wp-content\/uploads\/2025\/05\/PotatoFertilizer-600x600.png",600,600,true],"woocommerce_gallery_thumbnail":["https:\/\/www.ferberpainting.com\/wp-content\/uploads\/2025\/05\/PotatoFertilizer-100x100.png",100,100,true]},"uagb_author_info":{"display_name":"admin","author_link":"https:\/\/www.ferberpainting.com\/fi\/author\/"},"uagb_comment_info":33,"uagb_excerpt":"A fertilizer designed to optimize the growth and production of potatoes.\u00a0This fertilizer is specifically formulated to provide potato plants with the essential nutrients for their development. With a perfect balance of nitrogen (N), phosphorus (P), and potassium (K), with an NPK ratio of 10-10-10, it ensures vigorous leaf growth, optimal rooting, and abundant production of&hellip;","_links":{"self":[{"href":"https:\/\/www.ferberpainting.com\/fi\/wp-json\/wp\/v2\/product\/24796","targetHints":{"allow":["GET"]}}],"collection":[{"href":"https:\/\/www.ferberpainting.com\/fi\/wp-json\/wp\/v2\/product"}],"about":[{"href":"https:\/\/www.ferberpainting.com\/fi\/wp-json\/wp\/v2\/types\/product"}],"replies":[{"embeddable":true,"href":"https:\/\/www.ferberpainting.com\/fi\/wp-json\/wp\/v2\/comments?post=24796"}],"version-history":[{"count":4,"href":"https:\/\/www.ferberpainting.com\/fi\/wp-json\/wp\/v2\/product\/24796\/revisions"}],"predecessor-version":[{"id":166994,"href":"https:\/\/www.ferberpainting.com\/fi\/wp-json\/wp\/v2\/product\/24796\/revisions\/166994"}],"wp:featuredmedia":[{"embeddable":true,"href":"https:\/\/www.ferberpainting.com\/fi\/wp-json\/wp\/v2\/media\/26641"}],"wp:attachment":[{"href":"https:\/\/www.ferberpainting.com\/fi\/wp-json\/wp\/v2\/media?parent=24796"}],"wp:term":[{"taxonomy":"product_brand","embeddable":true,"href":"https:\/\/www.ferberpainting.com\/fi\/wp-json\/wp\/v2\/product_brand?post=24796"},{"taxonomy":"product_cat","embeddable":true,"href":"https:\/\/www.ferberpainting.com\/fi\/wp-json\/wp\/v2\/product_cat?post=24796"},{"taxonomy":"product_tag","embeddable":true,"href":"https:\/\/www.ferberpainting.com\/fi\/wp-json\/wp\/v2\/product_tag?post=24796"}],"curies":[{"name":"wp","href":"https:\/\/api.w.org\/{rel}","templated":true}]}}