{"id":24781,"date":"2025-06-30T22:38:22","date_gmt":"2025-06-30T20:38:22","guid":{"rendered":"https:\/\/www.ferberpainting.com\/?post_type=product&#038;p=24781"},"modified":"2026-02-16T07:15:22","modified_gmt":"2026-02-16T06:15:22","slug":"plaster-water-repellent","status":"publish","type":"product","link":"https:\/\/www.ferberpainting.com\/fi\/products\/plaster-water-repellent\/","title":{"rendered":"Hydrofobinen impregnointi rappaukselle"},"content":{"rendered":"<p><strong><img decoding=\"async\" style=\"margin-right: 12px;\" src=\"https:\/\/www.ferberpainting.com\/wp-content\/uploads\/2026\/02\/Check.svg\" alt=\"\" width=\"18\" height=\"15\" \/>Tehokas suoja kosteutta vastaan. <\/strong>T\u00e4m\u00e4 laastin vedenpit\u00e4v\u00e4 aine on erityisesti suunniteltu tarjoamaan optimaalisen suojan kosteutta vastaan. Se muodostaa n\u00e4kym\u00e4tt\u00f6m\u00e4n esteen, joka est\u00e4\u00e4 vett\u00e4 tunkeutumasta rappaukseen ja antaa pinnan hengitt\u00e4\u00e4. T\u00e4m\u00e4 auttaa s\u00e4ilytt\u00e4m\u00e4\u00e4n rappauksen laadun pitk\u00e4ll\u00e4 aikav\u00e4lill\u00e4 ja est\u00e4\u00e4 kosteuden aiheuttamat vauriot, kuten homeen, kukoistuksen tai materiaalin hajoamisen. Se sopii erinomaisesti sek\u00e4 kosteudelle alttiiden ulko- ett\u00e4 sis\u00e4seinien k\u00e4sittelyyn.<\/p>\n<p><strong><img decoding=\"async\" style=\"margin-right: 12px;\" src=\"https:\/\/www.ferberpainting.com\/wp-content\/uploads\/2026\/02\/Check.svg\" alt=\"\" width=\"18\" height=\"15\" \/>Rahat takaisin -takuu.<\/strong>\u00a0Luotamme kipsin vedenerist\u00e4j\u00e4n tehokkuuteen. Jos et k\u00e4yt\u00f6n j\u00e4lkeen ole tyytyv\u00e4inen tuloksiin, tarjoamme tyytyv\u00e4isyystakuun tai t\u00e4yden hyvitystakuun. N\u00e4in voit testata tuotetta mielenrauhassa tiet\u00e4en, ett\u00e4 jos tulokset eiv\u00e4t vastaa odotuksiasi, saat rahasi takaisin.<\/p>\n<p><strong><img decoding=\"async\" style=\"margin-right: 12px;\" src=\"https:\/\/www.ferberpainting.com\/wp-content\/uploads\/2026\/02\/Check.svg\" alt=\"\" width=\"18\" height=\"15\" \/>Yhteensopivuus usean pinnan kanssa.<\/strong>\u00a0T\u00e4m\u00e4 vedenpit\u00e4v\u00e4 aine ei rajoitu pelk\u00e4st\u00e4\u00e4n kipsiin. Se on yhteensopiva my\u00f6s muiden pintojen, kuten betonin, sementin, laastin ja tiettyjen luonnonkivien kanssa. T\u00e4m\u00e4 monipuolisuus tekee siit\u00e4 luotettavan ja tehokkaan valinnan erilaisten materiaalien suojaamiseen kosteudelta.<\/p>\n<p><strong><img decoding=\"async\" style=\"margin-right: 12px;\" src=\"https:\/\/www.ferberpainting.com\/wp-content\/uploads\/2026\/02\/Check.svg\" alt=\"\" width=\"18\" height=\"15\" \/>Kustannustehokas.<\/strong>\u00a0T\u00e4m\u00e4 kipsin vedenerist\u00e4j\u00e4 on eritt\u00e4in taloudellinen. Keskim\u00e4\u00e4rin 1 litra peitt\u00e4\u00e4 noin 6-8 m\u00b2 rappauksen huokoisuudesta riippuen. T\u00e4m\u00e4 tarkoittaa, ett\u00e4 5 litran s\u00e4ili\u00f6ll\u00e4 voidaan k\u00e4sitell\u00e4 noin 30-40 m\u00b2, mik\u00e4 tekee siit\u00e4 erinomaisen vaihtoehdon suuriin projekteihin tai sovelluksiin, joissa tarvitaan useita kerroksia.<\/p>\n<p><strong><img decoding=\"async\" style=\"margin-right: 12px;\" src=\"https:\/\/www.ferberpainting.com\/wp-content\/uploads\/2026\/02\/Check.svg\" alt=\"\" width=\"18\" height=\"15\" \/>Turvallinen k\u00e4ytt\u00e4\u00e4.<\/strong>\u00a0T\u00e4m\u00e4 tuote on suunniteltu turvalliseksi ja ymp\u00e4rist\u00f6yst\u00e4v\u00e4lliseksi. Se ei sis\u00e4ll\u00e4 myrkyllisi\u00e4 tai sy\u00f6vytt\u00e4vi\u00e4 aineita, jotka voisivat vahingoittaa terveytt\u00e4si tai ymp\u00e4rist\u00f6\u00e4. Kuten mink\u00e4 tahansa kemiallisen k\u00e4sittelyn yhteydess\u00e4, on kuitenkin suositeltavaa k\u00e4ytt\u00e4\u00e4 k\u00e4sineit\u00e4 ja suojalaseja tuotetta k\u00e4ytett\u00e4ess\u00e4 parhaan mahdollisen turvallisuuden varmistamiseksi.<\/p>\n<p><strong><img decoding=\"async\" style=\"margin-right: 12px;\" src=\"https:\/\/www.ferberpainting.com\/wp-content\/uploads\/2026\/02\/Check.svg\" alt=\"\" width=\"18\" height=\"15\" \/>Helppo k\u00e4ytt\u00e4\u00e4.<\/strong>\u00a0T\u00e4m\u00e4 tuote on k\u00e4ytt\u00f6valmis eik\u00e4 vaadi laimentamista. Voit levitt\u00e4\u00e4 sen suoraan pinnalle ruiskulla, siveltimell\u00e4 tai telalla. Sen levitys on yksinkertaista ja nopeaa, mik\u00e4 s\u00e4\u00e4st\u00e4\u00e4 aikaa ja vaivaa. Se ei vaadi erityist\u00e4 asiantuntemusta, ja se on helposti saatavissa my\u00f6s amat\u00f6\u00f6ritason DIY-rakentajille.<\/p>\n<p><strong><img decoding=\"async\" style=\"margin-right: 12px;\" src=\"https:\/\/www.ferberpainting.com\/wp-content\/uploads\/2026\/02\/Check.svg\" alt=\"\" width=\"18\" height=\"15\" \/>Kest\u00e4v\u00e4.<\/strong>\u00a0Kun t\u00e4m\u00e4 vedenpit\u00e4v\u00e4 aine on levitetty, se muodostaa vahvan ja pitk\u00e4aikaisen kosteussulun. Se suojaa k\u00e4siteltyj\u00e4 pintoja useita vuosia. Ilmasto-olosuhteista ja luonnollisesta kulumisesta riippuen tuotteen teho voi kest\u00e4\u00e4 2-5 vuotta, mik\u00e4 v\u00e4hent\u00e4\u00e4 huoltotarvetta ja pit\u00e4\u00e4 pinnat erinomaisessa kunnossa.<\/p>\n<p><strong><img decoding=\"async\" style=\"margin-right: 12px;\" src=\"https:\/\/www.ferberpainting.com\/wp-content\/uploads\/2026\/02\/Check.svg\" alt=\"\" width=\"18\" height=\"15\" \/>Nopeasti kuivuva.<\/strong>\u00a0Kipsin vedenpit\u00e4v\u00e4 aine kuivuu nopeasti levityksen j\u00e4lkeen. Huomaat, ett\u00e4 se on kosketuskuiva noin 1-2 tunnissa. Suurimman mahdollisen tehokkuuden saavuttamiseksi on kuitenkin suositeltavaa antaa pinnan kuivua kokonaan 24 tuntia ennen kuin se altistetaan kosteudelle. T\u00e4m\u00e4 nopea toiminta auttaa s\u00e4\u00e4st\u00e4m\u00e4\u00e4n aikaa projektivaiheiden v\u00e4lill\u00e4.<\/p>\n<h2><strong>K\u00e4ytt\u00f6protokolla<\/strong><\/h2>\n<ul>\n<li><strong>Pinnan valmistelu <\/strong>: Varmista ennen vedeneristeen levitt\u00e4mist\u00e4, ett\u00e4 rappauspinta on puhdas, kuiva ja ettei siin\u00e4 ole likaa, p\u00f6ly\u00e4 tai hometta. Puhdista pinta tarvittaessa kostealla liinalla ja anna sen kuivua kokonaan ennen levityst\u00e4. Jos hometta esiintyy, poista se erityisell\u00e4 k\u00e4sittelyll\u00e4 ennen tuotteen levitt\u00e4mist\u00e4.<\/li>\n<li><strong>Tuotesovellus <\/strong>: Kipsin vedeneriste on k\u00e4ytt\u00f6valmis. Voit levitt\u00e4\u00e4 sit\u00e4 ruiskulla, siveltimell\u00e4 tai telalla pinnasta ja mieltymyksist\u00e4si riippuen. Jos k\u00e4yt\u00e4t sumutinta, pid\u00e4 sit\u00e4 noin 30 cm:n p\u00e4\u00e4ss\u00e4 pinnasta ja suihkuta tasaisesti raitaisuuksien v\u00e4ltt\u00e4miseksi. Kun levit\u00e4t siveltimell\u00e4 tai telalla, varmista, ett\u00e4 tuote jakautuu hyvin rappauspinnalle keskittyen erityisen huokoisiin alueisiin.<\/li>\n<li><strong>K\u00e4ytett\u00e4v\u00e4 m\u00e4\u00e4r\u00e4 <\/strong>: Riippuen rappauksen huokoisuudesta, 1 litra tuotetta kattaa noin 6-8 m\u00b2. 5 litran s\u00e4ili\u00f6 riitt\u00e4\u00e4 yleens\u00e4 30-40 m\u00b2:n k\u00e4sittelyyn. Jos rappaus on hyvin huokoinen, optimaalisen suojan varmistamiseksi saatetaan tarvita toinen kerros. Varmista, ett\u00e4 noudatat suositeltua peittokyky\u00e4, jotta v\u00e4lt\u00e4t tuotteen tuhlaamisen.<\/li>\n<li><strong>Kuivumisaika <\/strong>: Levityksen j\u00e4lkeen vedenpit\u00e4v\u00e4 aine kuivuu nopeasti. Pinta on yleens\u00e4 kosketuskuiva 1-2 tunnissa, mutta t\u00e4ydellisen suojan saavuttamiseksi anna tuotteen kuivua 24 tuntia ennen kuin altistat pinnan kosteudelle tai vedelle. N\u00e4in varmistetaan, ett\u00e4 tuote tunkeutuu t\u00e4ysin ja muodostaa pitk\u00e4aikaisen vedenpit\u00e4v\u00e4n esteen.<\/li>\n<li><strong>Uudelleenhakemus <\/strong>: Kosteusolosuhteista ja kulumisesta riippuen, pinnoite voidaan joutua levitt\u00e4m\u00e4\u00e4n uudelleen 2-5 vuoden v\u00e4lein. Optimaalisen tuloksen saavuttamiseksi noudata samoja vaiheita kuin ensimm\u00e4isell\u00e4 levityskerralla ja varmista, ett\u00e4 pinta on puhdas ja kuiva ennen uuden tasaisen kerroksen levitt\u00e4mist\u00e4.<\/li>\n<li><strong>Huolto <\/strong>: Levityksen j\u00e4lkeen rappauspinnan kunnossapito on helppoa. Puhdista kostealla liinalla p\u00f6lyn poistamiseksi vahingoittamatta vedeneristett\u00e4. V\u00e4lt\u00e4 hankaavien tuotteiden tai korkeapainepuhdistusaineiden k\u00e4ytt\u00f6\u00e4, jotka voivat vaurioittaa pintaa tai suojasulkua. Kevyt ja s\u00e4\u00e4nn\u00f6llinen huolto pident\u00e4\u00e4 tuotteen tehoa.<\/li>\n<\/ul>","protected":false},"excerpt":{"rendered":"<p>Effective protection against humidity. This plaster waterproofer is specially formulated to provide optimal protection against humidity. It forms an invisible barrier that prevents water from penetrating the plaster while allowing the surface to breathe. This helps preserve the quality of the plaster over the long term and prevents damage caused by moisture, such as mold, [&hellip;]<\/p>\n","protected":false},"featured_media":36032,"comment_status":"open","ping_status":"closed","template":"","meta":{"_uag_custom_page_level_css":"","site-sidebar-layout":"default","site-content-layout":"","ast-site-content-layout":"default","site-content-style":"default","site-sidebar-style":"default","ast-global-header-display":"","ast-banner-title-visibility":"","ast-main-header-display":"","ast-hfb-above-header-display":"","ast-hfb-below-header-display":"","ast-hfb-mobile-header-display":"","site-post-title":"","ast-breadcrumbs-content":"","ast-featured-img":"","footer-sml-layout":"","ast-disable-related-posts":"","theme-transparent-header-meta":"default","adv-header-id-meta":"","stick-header-meta":"","header-above-stick-meta":"","header-main-stick-meta":"","header-below-stick-meta":"","astra-migrate-meta-layouts":"set","ast-page-background-enabled":"default","ast-page-background-meta":{"desktop":{"background-color":"var(--ast-global-color-4)","background-image":"","background-repeat":"repeat","background-position":"center center","background-size":"auto","background-attachment":"scroll","background-type":"","background-media":"","overlay-type":"","overlay-color":"","overlay-opacity":"","overlay-gradient":""},"tablet":{"background-color":"","background-image":"","background-repeat":"repeat","background-position":"center center","background-size":"auto","background-attachment":"scroll","background-type":"","background-media":"","overlay-type":"","overlay-color":"","overlay-opacity":"","overlay-gradient":""},"mobile":{"background-color":"","background-image":"","background-repeat":"repeat","background-position":"center center","background-size":"auto","background-attachment":"scroll","background-type":"","background-media":"","overlay-type":"","overlay-color":"","overlay-opacity":"","overlay-gradient":""}},"ast-content-background-meta":{"desktop":{"background-color":"var(--ast-global-color-5)","background-image":"","background-repeat":"repeat","background-position":"center center","background-size":"auto","background-attachment":"scroll","background-type":"","background-media":"","overlay-type":"","overlay-color":"","overlay-opacity":"","overlay-gradient":""},"tablet":{"background-color":"var(--ast-global-color-5)","background-image":"","background-repeat":"repeat","background-position":"center center","background-size":"auto","background-attachment":"scroll","background-type":"","background-media":"","overlay-type":"","overlay-color":"","overlay-opacity":"","overlay-gradient":""},"mobile":{"background-color":"var(--ast-global-color-5)","background-image":"","background-repeat":"repeat","background-position":"center center","background-size":"auto","background-attachment":"scroll","background-type":"","background-media":"","overlay-type":"","overlay-color":"","overlay-opacity":"","overlay-gradient":""}}},"product_brand":[],"product_cat":[191],"product_tag":[],"class_list":{"0":"post-24781","1":"product","2":"type-product","3":"status-publish","4":"has-post-thumbnail","6":"product_cat-water-repellent","7":"desktop-align-left","8":"tablet-align-left","9":"mobile-align-left","11":"first","12":"instock","13":"sale","14":"taxable","15":"shipping-taxable","16":"purchasable","17":"product-type-variable","18":"has-default-attributes"},"spectra_custom_meta":{"_visibility":["visible"],"_shopify_product_id":["9106647253237"],"_s2w_shopify_domain":["ferberpainting.myshopify.com"],"_shopify_variant_id":["46626384773365"],"_sku":[""],"_manage_stock":["no"],"total_sales":["26"],"_tax_status":["taxable"],"_tax_class":[""],"_backorders":["no"],"_sold_individually":["no"],"_virtual":["no"],"_downloadable":["no"],"_download_limit":["-1"],"_download_expiry":["-1"],"_stock":[null],"_stock_status":["instock"],"_wc_average_rating":["5.00"],"_wc_review_count":["36"],"_product_attributes":["a:1:{s:6:\"volume\";a:6:{s:4:\"name\";s:6:\"Volume\";s:5:\"value\";s:20:\"5 liters | 25 liters\";s:8:\"position\";i:1;s:10:\"is_visible\";i:0;s:12:\"is_variation\";i:1;s:11:\"is_taxonomy\";i:0;}}"],"_product_version":["10.5.1"],"wpse_downloadable_file_names":[""],"wpse_downloadable_file_urls":[""],"_edit_last":["1"],"_default_attributes":["a:1:{s:6:\"volume\";s:8:\"5 liters\";}"],"_edit_lock":["1771222787:1"],"_price":["29.90","129.90"],"merchant-center-availability":["yes"],"merchant-center-category":["503744"],"_thumbnail_id":["36032"],"_wp_page_template":["default"],"_wp_old_date":["2025-05-26"],"_product_image_gallery":["36030"],"site-sidebar-layout":["default"],"ast-site-content-layout":["default"],"site-content-style":["default"],"site-sidebar-style":["default"],"theme-transparent-header-meta":["default"],"_wc_rating_count":["a:1:{i:5;i:36;}"],"astra-migrate-meta-layouts":["set"],"_uag_css_file_name":["uag-css-24781.css"],"_elementor_page_assets":["a:0:{}"],"_uag_page_assets":["a:9:{s:3:\"css\";s:6873:\".wp-block-uagb-image{display:flex}.wp-block-uagb-image__figure{position:relative;display:flex;flex-direction:column;max-width:100%;height:auto;margin:0}.wp-block-uagb-image__figure img{height:auto;display:flex;max-width:100%;transition:box-shadow .2s ease}.wp-block-uagb-image__figure>a{display:inline-block}.wp-block-uagb-image__figure figcaption{text-align:center;margin-top:.5em;margin-bottom:1em}.wp-block-uagb-image .components-placeholder.block-editor-media-placeholder .components-placeholder__instructions{align-self:center}.wp-block-uagb-image--align-left{text-align:left}.wp-block-uagb-image--align-right{text-align:right}.wp-block-uagb-image--align-center{text-align:center}.wp-block-uagb-image--align-full .wp-block-uagb-image__figure{margin-left:calc(50% - 50vw);margin-right:calc(50% - 50vw);max-width:100vw;width:100vw;height:auto}.wp-block-uagb-image--align-full .wp-block-uagb-image__figure img{height:auto;width:100% !important}.wp-block-uagb-image--align-wide .wp-block-uagb-image__figure img{height:auto;width:100%}.wp-block-uagb-image--layout-overlay__color-wrapper{position:absolute;left:0;top:0;right:0;bottom:0;opacity:.2;background:rgba(0,0,0,.5);transition:opacity .35s ease-in-out}.wp-block-uagb-image--layout-overlay-link{position:absolute;left:0;right:0;bottom:0;top:0}.wp-block-uagb-image--layout-overlay .wp-block-uagb-image__figure:hover .wp-block-uagb-image--layout-overlay__color-wrapper{opacity:1}.wp-block-uagb-image--layout-overlay__inner{position:absolute;left:15px;right:15px;bottom:15px;top:15px;display:flex;align-items:center;justify-content:center;flex-direction:column;border-color:#fff;transition:.35s ease-in-out}.wp-block-uagb-image--layout-overlay__inner.top-left,.wp-block-uagb-image--layout-overlay__inner.top-center,.wp-block-uagb-image--layout-overlay__inner.top-right{justify-content:flex-start}.wp-block-uagb-image--layout-overlay__inner.bottom-left,.wp-block-uagb-image--layout-overlay__inner.bottom-center,.wp-block-uagb-image--layout-overlay__inner.bottom-right{justify-content:flex-end}.wp-block-uagb-image--layout-overlay__inner.top-left,.wp-block-uagb-image--layout-overlay__inner.center-left,.wp-block-uagb-image--layout-overlay__inner.bottom-left{align-items:flex-start}.wp-block-uagb-image--layout-overlay__inner.top-right,.wp-block-uagb-image--layout-overlay__inner.center-right,.wp-block-uagb-image--layout-overlay__inner.bottom-right{align-items:flex-end}.wp-block-uagb-image--layout-overlay__inner .uagb-image-heading{color:#fff;transition:transform .35s,opacity .35s ease-in-out;transform:translate3d(0, 24px, 0);margin:0;line-height:1em}.wp-block-uagb-image--layout-overlay__inner .uagb-image-separator{width:30%;border-top-width:2px;border-top-color:#fff;border-top-style:solid;margin-bottom:10px;opacity:0;transition:transform .4s,opacity .4s ease-in-out;transform:translate3d(0, 30px, 0)}.wp-block-uagb-image--layout-overlay__inner .uagb-image-caption{opacity:0;overflow:visible;color:#fff;transition:transform .45s,opacity .45s ease-in-out;transform:translate3d(0, 35px, 0)}.wp-block-uagb-image--layout-overlay__inner:hover .uagb-image-heading,.wp-block-uagb-image--layout-overlay__inner:hover .uagb-image-separator,.wp-block-uagb-image--layout-overlay__inner:hover .uagb-image-caption{opacity:1;transform:translate3d(0, 0, 0)}.wp-block-uagb-image--effect-zoomin .wp-block-uagb-image__figure img,.wp-block-uagb-image--effect-zoomin .wp-block-uagb-image__figure .wp-block-uagb-image--layout-overlay__color-wrapper{transform:scale(1);transition:transform .35s ease-in-out}.wp-block-uagb-image--effect-zoomin .wp-block-uagb-image__figure:hover img,.wp-block-uagb-image--effect-zoomin .wp-block-uagb-image__figure:hover .wp-block-uagb-image--layout-overlay__color-wrapper{transform:scale(1.05)}.wp-block-uagb-image--effect-slide .wp-block-uagb-image__figure img,.wp-block-uagb-image--effect-slide .wp-block-uagb-image__figure .wp-block-uagb-image--layout-overlay__color-wrapper{width:calc(100% + 40px) !important;max-width:none !important;transform:translate3d(-40px, 0, 0);transition:transform .35s ease-in-out}.wp-block-uagb-image--effect-slide .wp-block-uagb-image__figure:hover img,.wp-block-uagb-image--effect-slide .wp-block-uagb-image__figure:hover .wp-block-uagb-image--layout-overlay__color-wrapper{transform:translate3d(0, 0, 0)}.wp-block-uagb-image--effect-grayscale img{filter:grayscale(0%);transition:.35s ease-in-out}.wp-block-uagb-image--effect-grayscale:hover img{filter:grayscale(100%)}.wp-block-uagb-image--effect-blur img{filter:blur(0);transition:.35s ease-in-out}.wp-block-uagb-image--effect-blur:hover img{filter:blur(3px)}.uagb-block-e6f939b3.wp-block-uagb-image--layout-default figure img{box-shadow: 0px 0px 0 #00000070;}.uagb-block-e6f939b3.wp-block-uagb-image .wp-block-uagb-image__figure figcaption{font-style: normal;align-self: center;}.uagb-block-e6f939b3.wp-block-uagb-image--layout-overlay figure img{box-shadow: 0px 0px 0 #00000070;}.uagb-block-e6f939b3.wp-block-uagb-image--layout-overlay .wp-block-uagb-image--layout-overlay__color-wrapper{opacity: 0.2;}.uagb-block-e6f939b3.wp-block-uagb-image--layout-overlay .wp-block-uagb-image--layout-overlay__inner{left: 15px;right: 15px;top: 15px;bottom: 15px;}.uagb-block-e6f939b3.wp-block-uagb-image--layout-overlay .wp-block-uagb-image--layout-overlay__inner .uagb-image-heading{font-style: normal;color: #fff;opacity: 1;}.uagb-block-e6f939b3.wp-block-uagb-image--layout-overlay .wp-block-uagb-image--layout-overlay__inner .uagb-image-heading a{color: #fff;}.uagb-block-e6f939b3.wp-block-uagb-image--layout-overlay .wp-block-uagb-image--layout-overlay__inner .uagb-image-caption{opacity: 0;}.uagb-block-e6f939b3.wp-block-uagb-image--layout-overlay .wp-block-uagb-image__figure:hover .wp-block-uagb-image--layout-overlay__color-wrapper{opacity: 1;}.uagb-block-e6f939b3.wp-block-uagb-image .wp-block-uagb-image--layout-overlay__inner .uagb-image-separator{width: 30%;border-top-width: 2px;border-top-color: #fff;opacity: 0;}.uagb-block-e6f939b3.wp-block-uagb-image .wp-block-uagb-image__figure img{width: px;height: auto;}.uagb-block-e6f939b3.wp-block-uagb-image .wp-block-uagb-image__figure:hover .wp-block-uagb-image--layout-overlay__inner .uagb-image-caption{opacity: 1;}.uagb-block-e6f939b3.wp-block-uagb-image .wp-block-uagb-image__figure:hover .wp-block-uagb-image--layout-overlay__inner .uagb-image-separator{opacity: 1;}.uagb-block-e6f939b3.wp-block-uagb-image--layout-default figure:hover img{box-shadow: 0px 0px 0 #00000070;}.uagb-block-e6f939b3.wp-block-uagb-image--layout-overlay figure:hover img{box-shadow: 0px 0px 0 #00000070;}@media only screen and (max-width: 976px) {.uagb-block-e6f939b3.wp-block-uagb-image .wp-block-uagb-image__figure img{width: px;height: auto;}}@media only screen and (max-width: 767px) {.uagb-block-e6f939b3.wp-block-uagb-image .wp-block-uagb-image__figure img{width: px;height: auto;}}\";s:2:\"js\";s:0:\"\";s:18:\"current_block_list\";a:13:{i:0;s:11:\"core\/search\";i:1;s:10:\"core\/group\";i:2;s:12:\"core\/heading\";i:3;s:17:\"core\/latest-posts\";i:4;s:20:\"core\/latest-comments\";i:5;s:13:\"core\/archives\";i:6;s:15:\"core\/categories\";i:7;s:14:\"core\/paragraph\";i:8;s:10:\"uagb\/image\";i:9;s:11:\"core\/spacer\";i:10;s:30:\"woocommerce\/product-categories\";i:11;s:10:\"core\/image\";i:12;s:14:\"core\/shortcode\";}s:8:\"uag_flag\";b:1;s:11:\"uag_version\";s:10:\"1777266148\";s:6:\"gfonts\";a:0:{}s:10:\"gfonts_url\";s:0:\"\";s:12:\"gfonts_files\";a:0:{}s:14:\"uag_faq_layout\";b:0;}"]},"uagb_featured_image_src":{"full":["https:\/\/www.ferberpainting.com\/wp-content\/uploads\/2025\/05\/Plaster-Water-Repellent-5L-.png",2560,2560,false],"thumbnail":["https:\/\/www.ferberpainting.com\/wp-content\/uploads\/2025\/05\/Plaster-Water-Repellent-5L--150x150.png",150,150,true],"medium":["https:\/\/www.ferberpainting.com\/wp-content\/uploads\/2025\/05\/Plaster-Water-Repellent-5L--300x300.png",300,300,true],"medium_large":["https:\/\/www.ferberpainting.com\/wp-content\/uploads\/2025\/05\/Plaster-Water-Repellent-5L--768x768.png",768,768,true],"large":["https:\/\/www.ferberpainting.com\/wp-content\/uploads\/2025\/05\/Plaster-Water-Repellent-5L--1024x1024.png",1024,1024,true],"1536x1536":["https:\/\/www.ferberpainting.com\/wp-content\/uploads\/2025\/05\/Plaster-Water-Repellent-5L--1536x1536.png",1536,1536,true],"2048x2048":["https:\/\/www.ferberpainting.com\/wp-content\/uploads\/2025\/05\/Plaster-Water-Repellent-5L--2048x2048.png",2048,2048,true],"trp-custom-language-flag":["https:\/\/www.ferberpainting.com\/wp-content\/uploads\/2025\/05\/Plaster-Water-Repellent-5L--12x12.png",12,12,true],"woocommerce_thumbnail":["https:\/\/www.ferberpainting.com\/wp-content\/uploads\/2025\/05\/Plaster-Water-Repellent-5L--300x300.png",300,300,true],"woocommerce_single":["https:\/\/www.ferberpainting.com\/wp-content\/uploads\/2025\/05\/Plaster-Water-Repellent-5L--600x600.png",600,600,true],"woocommerce_gallery_thumbnail":["https:\/\/www.ferberpainting.com\/wp-content\/uploads\/2025\/05\/Plaster-Water-Repellent-5L--100x100.png",100,100,true]},"uagb_author_info":{"display_name":"admin","author_link":"https:\/\/www.ferberpainting.com\/fi\/author\/"},"uagb_comment_info":36,"uagb_excerpt":"Effective protection against humidity. This plaster waterproofer is specially formulated to provide optimal protection against humidity. It forms an invisible barrier that prevents water from penetrating the plaster while allowing the surface to breathe. This helps preserve the quality of the plaster over the long term and prevents damage caused by moisture, such as mold,&hellip;","_links":{"self":[{"href":"https:\/\/www.ferberpainting.com\/fi\/wp-json\/wp\/v2\/product\/24781","targetHints":{"allow":["GET"]}}],"collection":[{"href":"https:\/\/www.ferberpainting.com\/fi\/wp-json\/wp\/v2\/product"}],"about":[{"href":"https:\/\/www.ferberpainting.com\/fi\/wp-json\/wp\/v2\/types\/product"}],"replies":[{"embeddable":true,"href":"https:\/\/www.ferberpainting.com\/fi\/wp-json\/wp\/v2\/comments?post=24781"}],"version-history":[{"count":4,"href":"https:\/\/www.ferberpainting.com\/fi\/wp-json\/wp\/v2\/product\/24781\/revisions"}],"predecessor-version":[{"id":166976,"href":"https:\/\/www.ferberpainting.com\/fi\/wp-json\/wp\/v2\/product\/24781\/revisions\/166976"}],"wp:featuredmedia":[{"embeddable":true,"href":"https:\/\/www.ferberpainting.com\/fi\/wp-json\/wp\/v2\/media\/36032"}],"wp:attachment":[{"href":"https:\/\/www.ferberpainting.com\/fi\/wp-json\/wp\/v2\/media?parent=24781"}],"wp:term":[{"taxonomy":"product_brand","embeddable":true,"href":"https:\/\/www.ferberpainting.com\/fi\/wp-json\/wp\/v2\/product_brand?post=24781"},{"taxonomy":"product_cat","embeddable":true,"href":"https:\/\/www.ferberpainting.com\/fi\/wp-json\/wp\/v2\/product_cat?post=24781"},{"taxonomy":"product_tag","embeddable":true,"href":"https:\/\/www.ferberpainting.com\/fi\/wp-json\/wp\/v2\/product_tag?post=24781"}],"curies":[{"name":"wp","href":"https:\/\/api.w.org\/{rel}","templated":true}]}}