{"id":24775,"date":"2025-05-26T10:27:06","date_gmt":"2025-05-26T08:27:06","guid":{"rendered":"https:\/\/www.ferberpainting.com\/products\/pipe-leak-stopper\/"},"modified":"2026-02-16T07:07:41","modified_gmt":"2026-02-16T06:07:41","slug":"pipe-leak-stopper","status":"publish","type":"product","link":"https:\/\/www.ferberpainting.com\/fi\/products\/pipe-leak-stopper\/","title":{"rendered":"Putkivuodon pys\u00e4ytt\u00e4j\u00e4"},"content":{"rendered":"<p><strong><img decoding=\"async\" style=\"margin-right: 12px;\" src=\"https:\/\/www.ferberpainting.com\/wp-content\/uploads\/2026\/02\/Check.svg\" alt=\"\" width=\"18\" height=\"15\" \/>Pys\u00e4ytt\u00e4\u00e4 vesivuodot nopeasti ja tehokkaasti sis\u00e4puolelta.<\/strong> Putkivuodontorjuntamme on suunniteltu erityisesti tiivist\u00e4m\u00e4\u00e4n putkistojen mikrovuodot ja pienet halkeamat sis\u00e4puolelta ilman tuhoavia t\u00f6it\u00e4. Se kiert\u00e4\u00e4 j\u00e4rjestelm\u00e4n l\u00e4pi ja paikallistaa automaattisesti vuotokohdat muodostaen kest\u00e4v\u00e4n sis\u00e4isen tiivisteen, joka palauttaa eheyden ja est\u00e4\u00e4 lis\u00e4veden menetyksen.<\/p>\n<p><strong><img decoding=\"async\" style=\"margin-right: 12px;\" src=\"https:\/\/www.ferberpainting.com\/wp-content\/uploads\/2026\/02\/Check.svg\" alt=\"\" width=\"18\" height=\"15\" \/>Markkinoiden tehokkain sis\u00e4isten vuotojen tiivistysratkaisu.<\/strong> Edistyksellisen tiivistysteknologiansa ansiosta tuote reagoi juuri vuotokohtaan luoden vahvan ja pitk\u00e4aikaisen esteen. Se toimii tehokkaasti l\u00e4mmitysj\u00e4rjestelmiss\u00e4, vesikierroissa ja suljetuissa asennuksissa ja tuottaa luotettavia tuloksia, kun perinteiset korjaukset vaatisivat kalliita toimenpiteit\u00e4.<\/p>\n<p><strong><img decoding=\"async\" style=\"margin-right: 12px;\" src=\"https:\/\/www.ferberpainting.com\/wp-content\/uploads\/2026\/02\/Check.svg\" alt=\"\" width=\"18\" height=\"15\" \/>Ly\u00f6m\u00e4t\u00f6n hinta.<\/strong> Putkiremontit voivat olla kalliita ja invasiivisia. Putkivuodon pys\u00e4ytt\u00e4j\u00e4mme tarjoaa ammattilaistason ratkaisun kilpailukykyisimp\u00e4\u00e4n saatavilla olevaan hintaan, jolloin s\u00e4\u00e4st\u00e4t rahaa ty\u00f6st\u00e4, seinien purkamisesta ja putkien vaihdosta.<\/p>\n<p><strong><img decoding=\"async\" style=\"margin-right: 12px;\" src=\"https:\/\/www.ferberpainting.com\/wp-content\/uploads\/2026\/02\/Check.svg\" alt=\"\" width=\"18\" height=\"15\" \/>Rahat takaisin -takuu t\u00e4ydellist\u00e4 luottamusta varten.<\/strong> Luotamme putkivuodon pys\u00e4ytt\u00e4jiemme suorituskykyyn. Jos et ole t\u00e4ysin tyytyv\u00e4inen tuloksiin, tarjoamme rahanpalautustakuun. Ota vain yhteytt\u00e4 meihin, niin hyvit\u00e4mme ostoksesi.<\/p>\n<p><strong><img decoding=\"async\" style=\"margin-right: 12px;\" src=\"https:\/\/www.ferberpainting.com\/wp-content\/uploads\/2026\/02\/Check.svg\" alt=\"\" width=\"18\" height=\"15\" \/>Nopea 24 tunnin toimitus kiireellisi\u00e4 tilanteita varten.<\/strong> Tarjoamme aina 24 tunnin toimituksen, jotta voit korjata vuodot nopeasti ja est\u00e4\u00e4 lis\u00e4vahinkojen syntymisen. Luotettava toimitus takaa nopean toiminnan silloin, kun sill\u00e4 on eniten merkityst\u00e4.<\/p>\n<p><strong><img decoding=\"async\" style=\"margin-right: 12px;\" src=\"https:\/\/www.ferberpainting.com\/wp-content\/uploads\/2026\/02\/Check.svg\" alt=\"\" width=\"18\" height=\"15\" \/>Yksi pullo sopii enint\u00e4\u00e4n 100 m\u00b2:n kokoiseen taloon.<\/strong> Yksi pullo riitt\u00e4\u00e4 noin 100 neli\u00f6metrin koko kodin putkiston tai l\u00e4mmitysj\u00e4rjestelm\u00e4n k\u00e4sittelyyn. T\u00e4m\u00e4 optimoitu annostus varmistaa tehokkaan tiivistystehon ilman j\u00e4rjestelm\u00e4n yliannostusta.<\/p>\n<p><strong><img decoding=\"async\" style=\"margin-right: 12px;\" src=\"https:\/\/www.ferberpainting.com\/wp-content\/uploads\/2026\/02\/Check.svg\" alt=\"\" width=\"18\" height=\"15\" \/>Ei-invasiivinen korjaus rikkomatta seini\u00e4 tai lattioita.<\/strong> Tuote poistaa tarpeen etsi\u00e4 piilotettuja vuotoja tuhoavasti. Se toimii sis\u00e4isesti, kiert\u00e4\u00e4 putkien l\u00e4pi ja tiivist\u00e4\u00e4 vuotokohdat vahingoittamatta asennuksia.<\/p>\n<p><strong><img decoding=\"async\" style=\"margin-right: 12px;\" src=\"https:\/\/www.ferberpainting.com\/wp-content\/uploads\/2026\/02\/Check.svg\" alt=\"\" width=\"18\" height=\"15\" \/>Yhteensopiva yleisten putkimateriaalien kanssa.<\/strong> Kaavamme on turvallinen k\u00e4ytett\u00e4v\u00e4ksi kupari-, ter\u00e4s-, alumiini-, muovi- ja komposiittiputkissa. Se ei sy\u00f6vyt\u00e4 tai vahingoita sis\u00e4isi\u00e4 komponentteja, kun sit\u00e4 k\u00e4ytet\u00e4\u00e4n ohjeiden mukaisesti.<\/p>\n<p><strong><img decoding=\"async\" style=\"margin-right: 12px;\" src=\"https:\/\/www.ferberpainting.com\/wp-content\/uploads\/2026\/02\/Check.svg\" alt=\"\" width=\"18\" height=\"15\" \/>Pitk\u00e4kestoinen ja vakaa tiivistysominaisuus.<\/strong> Kun vuoto on tiivistetty, suojapeite pysyy vakaana normaaleissa k\u00e4ytt\u00f6paineissa ja -l\u00e4mp\u00f6tiloissa, mik\u00e4 takaa kest\u00e4v\u00e4n korjauksen pitk\u00e4ll\u00e4 aikav\u00e4lill\u00e4.<\/p>\n<p><strong><img decoding=\"async\" style=\"margin-right: 12px;\" src=\"https:\/\/www.ferberpainting.com\/wp-content\/uploads\/2026\/02\/Check.svg\" alt=\"\" width=\"18\" height=\"15\" \/>Helppok\u00e4ytt\u00f6inen ammattilaisille ja kodinomistajille.<\/strong> Sovellusprosessi on suoraviivainen eik\u00e4 vaadi erikoislaitteita tavallisia j\u00e4rjestelm\u00e4k\u00e4ytt\u00f6pisteit\u00e4 pidemm\u00e4lle, joten se soveltuu sek\u00e4 ammattilaisille ett\u00e4 kokeneille DIY-k\u00e4ytt\u00e4jille.<\/p>\n<h2><strong>Ohjeet<\/strong><\/h2>\n<ul>\n<li>Tunnista, ett\u00e4 vuoto on v\u00e4h\u00e4inen tai kohtalainen ja soveltuu sis\u00e4iseen tiivist\u00e4miseen. Tuote on tarkoitettu mikrovuotoihin ja pieniin halkeamiin, ei suuriin putkirepe\u00e4miin.<\/li>\n<li>Sammuta l\u00e4mmitys- tai vesikiertoj\u00e4rjestelm\u00e4 ja anna sen j\u00e4\u00e4hty\u00e4 ennen levityksen aloittamista.<\/li>\n<li>Ravista pulloa perusteellisesti ennen k\u00e4ytt\u00f6\u00e4, jotta aktiiviset tiivistyskomponentit jakautuvat tasaisesti.<\/li>\n<li>Valuta tarvittaessa pieni m\u00e4\u00e4r\u00e4 vett\u00e4 j\u00e4rjestelm\u00e4st\u00e4, jotta tuotteelle j\u00e4\u00e4 tilaa.<\/li>\n<li>Annostus: K\u00e4yt\u00e4 yksi t\u00e4ysi pullo enint\u00e4\u00e4n 100 m\u00b2:n kokoisen talon putkisto- tai l\u00e4mmitysj\u00e4rjestelm\u00e4n hoitoon. \u00c4l\u00e4 ylit\u00e4 suositeltua annostusta, ellet k\u00e4sittele suurempaa laitosta.<\/li>\n<li>Vie pullon koko sis\u00e4lt\u00f6 j\u00e4rjestelm\u00e4\u00e4n sopivan k\u00e4ytt\u00f6pisteen, kuten patterin, t\u00e4ytt\u00f6silmukan tai paisuntas\u00e4ili\u00f6n, kautta j\u00e4rjestelm\u00e4n kokoonpanosta riippuen.<\/li>\n<li>Palauta j\u00e4rjestelm\u00e4n paine normaalille toimintatasolle ja k\u00e4ynnist\u00e4 kierto uudelleen.<\/li>\n<li>Anna tuotteen kiert\u00e4\u00e4 jatkuvasti useita tunteja. Pid\u00e4 l\u00e4mmitysj\u00e4rjestelmiss\u00e4 yll\u00e4 normaalia k\u00e4ytt\u00f6l\u00e4mp\u00f6tilaa tiivistystoiminnan nopeuttamiseksi.<\/li>\n<li>Tiivistysprosessi voi kest\u00e4\u00e4 muutamasta tunnista jopa 24 tuntiin riippuen vuodon koosta ja j\u00e4rjestelm\u00e4n olosuhteista.<\/li>\n<li>Tarkkaile j\u00e4rjestelm\u00e4n painetta s\u00e4\u00e4nn\u00f6llisesti ensimm\u00e4isten 24-48 tunnin aikana varmistaaksesi, ett\u00e4 paine on vakiintunut ja tiivistys on onnistunut.<\/li>\n<li>Kun vuoto on tiivistetty, tuote voi j\u00e4\u00e4d\u00e4 j\u00e4rjestelm\u00e4\u00e4n ennaltaehk\u00e4isev\u00e4n\u00e4 toimenpiteen\u00e4.<\/li>\n<li>Jos vuoto jatkuu 48 tunnin kuluttua, arvioi uudelleen, ylitt\u00e4\u00e4k\u00f6 vaurio suositellun tiivistyskapasiteetin.<\/li>\n<li>S\u00e4ilyt\u00e4 j\u00e4ljelle j\u00e4\u00e4nyt tuote (jos sit\u00e4 ei ole k\u00e4ytetty) tiiviisti suljettuna viile\u00e4ss\u00e4 ja kuivassa paikassa, jossa ei ole suoraa auringonvaloa eik\u00e4 \u00e4\u00e4rimm\u00e4isi\u00e4 l\u00e4mp\u00f6tiloja.<\/li>\n<li>S\u00e4ilytett\u00e4v\u00e4 lasten ulottumattomissa ja v\u00e4ltett\u00e4v\u00e4 silmien tai ihon kosketusta k\u00e4sittelyn aikana.<\/li>\n<\/ul>","protected":false},"excerpt":{"rendered":"<p>Stops water leaks quickly and effectively from the inside. Our pipe leak stopper is specially formulated to seal micro-leaks and small cracks in plumbing systems from within, without the need for destructive work. It circulates through the system and automatically locates leak points, forming a durable internal seal that restores integrity and prevents further water [&hellip;]<\/p>\n","protected":false},"featured_media":26630,"comment_status":"open","ping_status":"closed","template":"","meta":{"_uag_custom_page_level_css":"","site-sidebar-layout":"default","site-content-layout":"","ast-site-content-layout":"default","site-content-style":"default","site-sidebar-style":"default","ast-global-header-display":"","ast-banner-title-visibility":"","ast-main-header-display":"","ast-hfb-above-header-display":"","ast-hfb-below-header-display":"","ast-hfb-mobile-header-display":"","site-post-title":"","ast-breadcrumbs-content":"","ast-featured-img":"","footer-sml-layout":"","ast-disable-related-posts":"","theme-transparent-header-meta":"default","adv-header-id-meta":"","stick-header-meta":"","header-above-stick-meta":"","header-main-stick-meta":"","header-below-stick-meta":"","astra-migrate-meta-layouts":"set","ast-page-background-enabled":"default","ast-page-background-meta":{"desktop":{"background-color":"var(--ast-global-color-4)","background-image":"","background-repeat":"repeat","background-position":"center center","background-size":"auto","background-attachment":"scroll","background-type":"","background-media":"","overlay-type":"","overlay-color":"","overlay-opacity":"","overlay-gradient":""},"tablet":{"background-color":"","background-image":"","background-repeat":"repeat","background-position":"center center","background-size":"auto","background-attachment":"scroll","background-type":"","background-media":"","overlay-type":"","overlay-color":"","overlay-opacity":"","overlay-gradient":""},"mobile":{"background-color":"","background-image":"","background-repeat":"repeat","background-position":"center center","background-size":"auto","background-attachment":"scroll","background-type":"","background-media":"","overlay-type":"","overlay-color":"","overlay-opacity":"","overlay-gradient":""}},"ast-content-background-meta":{"desktop":{"background-color":"var(--ast-global-color-5)","background-image":"","background-repeat":"repeat","background-position":"center center","background-size":"auto","background-attachment":"scroll","background-type":"","background-media":"","overlay-type":"","overlay-color":"","overlay-opacity":"","overlay-gradient":""},"tablet":{"background-color":"var(--ast-global-color-5)","background-image":"","background-repeat":"repeat","background-position":"center center","background-size":"auto","background-attachment":"scroll","background-type":"","background-media":"","overlay-type":"","overlay-color":"","overlay-opacity":"","overlay-gradient":""},"mobile":{"background-color":"var(--ast-global-color-5)","background-image":"","background-repeat":"repeat","background-position":"center center","background-size":"auto","background-attachment":"scroll","background-type":"","background-media":"","overlay-type":"","overlay-color":"","overlay-opacity":"","overlay-gradient":""}}},"product_brand":[],"product_cat":[181],"product_tag":[],"class_list":{"0":"post-24775","1":"product","2":"type-product","3":"status-publish","4":"has-post-thumbnail","6":"product_cat-leak-stopper","7":"desktop-align-left","8":"tablet-align-left","9":"mobile-align-left","11":"first","12":"instock","13":"shipping-taxable","14":"purchasable","15":"product-type-simple"},"spectra_custom_meta":{"_visibility":["visible"],"_shopify_product_id":["7955511542005"],"_s2w_shopify_domain":["ferberpainting.myshopify.com"],"_shopify_variant_id":["43515608039669"],"_sku":["FPPIPELEAKSTOPPER"],"_regular_price":["29.90"],"_price":["29.90"],"_sale_price":[""],"_weight":["0.45"],"_thumbnail_id":["26630"],"_global_unique_id":["5056773807228"],"total_sales":["88"],"_tax_status":["taxable"],"_tax_class":[""],"_manage_stock":["no"],"_backorders":["no"],"_sold_individually":["no"],"_virtual":["no"],"_downloadable":["no"],"_download_limit":["-1"],"_download_expiry":["-1"],"_stock":[null],"_stock_status":["instock"],"_wc_average_rating":["4.86"],"_wc_review_count":["59"],"_product_version":["10.5.1"],"merchant-center-availability":["yes"],"merchant-center-category":["505802"],"merchant-center-id":["PIPELS"],"wpse_downloadable_file_names":[""],"wpse_downloadable_file_urls":[""],"_edit_last":["1"],"_wc_rating_count":["a:2:{i:4;i:8;i:5;i:51;}"],"_edit_lock":["1776241479:5317"],"_elementor_template_type":["product-post"],"_elementor_version":["3.34.1"],"_elementor_pro_version":["3.34.0"],"_elementor_page_settings":["a:0:{}"],"_wp_page_template":["default"],"site-sidebar-layout":["default"],"ast-site-content-layout":["default"],"site-content-style":["default"],"site-sidebar-style":["default"],"theme-transparent-header-meta":["default"],"astra-migrate-meta-layouts":["set"],"_uag_css_file_name":["uag-css-24775.css"],"_elementor_page_assets":["a:0:{}"],"_uag_page_assets":["a:9:{s:3:\"css\";s:7133:\".uag-blocks-common-selector{z-index:var(--z-index-desktop) !important}@media(max-width: 976px){.uag-blocks-common-selector{z-index:var(--z-index-tablet) !important}}@media(max-width: 767px){.uag-blocks-common-selector{z-index:var(--z-index-mobile) !important}}.wp-block-uagb-image{display:flex}.wp-block-uagb-image__figure{position:relative;display:flex;flex-direction:column;max-width:100%;height:auto;margin:0}.wp-block-uagb-image__figure img{height:auto;display:flex;max-width:100%;transition:box-shadow .2s ease}.wp-block-uagb-image__figure>a{display:inline-block}.wp-block-uagb-image__figure figcaption{text-align:center;margin-top:.5em;margin-bottom:1em}.wp-block-uagb-image .components-placeholder.block-editor-media-placeholder .components-placeholder__instructions{align-self:center}.wp-block-uagb-image--align-left{text-align:left}.wp-block-uagb-image--align-right{text-align:right}.wp-block-uagb-image--align-center{text-align:center}.wp-block-uagb-image--align-full .wp-block-uagb-image__figure{margin-left:calc(50% - 50vw);margin-right:calc(50% - 50vw);max-width:100vw;width:100vw;height:auto}.wp-block-uagb-image--align-full .wp-block-uagb-image__figure img{height:auto;width:100% !important}.wp-block-uagb-image--align-wide .wp-block-uagb-image__figure img{height:auto;width:100%}.wp-block-uagb-image--layout-overlay__color-wrapper{position:absolute;left:0;top:0;right:0;bottom:0;opacity:.2;background:rgba(0,0,0,.5);transition:opacity .35s ease-in-out}.wp-block-uagb-image--layout-overlay-link{position:absolute;left:0;right:0;bottom:0;top:0}.wp-block-uagb-image--layout-overlay .wp-block-uagb-image__figure:hover .wp-block-uagb-image--layout-overlay__color-wrapper{opacity:1}.wp-block-uagb-image--layout-overlay__inner{position:absolute;left:15px;right:15px;bottom:15px;top:15px;display:flex;align-items:center;justify-content:center;flex-direction:column;border-color:#fff;transition:.35s ease-in-out}.wp-block-uagb-image--layout-overlay__inner.top-left,.wp-block-uagb-image--layout-overlay__inner.top-center,.wp-block-uagb-image--layout-overlay__inner.top-right{justify-content:flex-start}.wp-block-uagb-image--layout-overlay__inner.bottom-left,.wp-block-uagb-image--layout-overlay__inner.bottom-center,.wp-block-uagb-image--layout-overlay__inner.bottom-right{justify-content:flex-end}.wp-block-uagb-image--layout-overlay__inner.top-left,.wp-block-uagb-image--layout-overlay__inner.center-left,.wp-block-uagb-image--layout-overlay__inner.bottom-left{align-items:flex-start}.wp-block-uagb-image--layout-overlay__inner.top-right,.wp-block-uagb-image--layout-overlay__inner.center-right,.wp-block-uagb-image--layout-overlay__inner.bottom-right{align-items:flex-end}.wp-block-uagb-image--layout-overlay__inner .uagb-image-heading{color:#fff;transition:transform .35s,opacity .35s ease-in-out;transform:translate3d(0, 24px, 0);margin:0;line-height:1em}.wp-block-uagb-image--layout-overlay__inner .uagb-image-separator{width:30%;border-top-width:2px;border-top-color:#fff;border-top-style:solid;margin-bottom:10px;opacity:0;transition:transform .4s,opacity .4s ease-in-out;transform:translate3d(0, 30px, 0)}.wp-block-uagb-image--layout-overlay__inner .uagb-image-caption{opacity:0;overflow:visible;color:#fff;transition:transform .45s,opacity .45s ease-in-out;transform:translate3d(0, 35px, 0)}.wp-block-uagb-image--layout-overlay__inner:hover .uagb-image-heading,.wp-block-uagb-image--layout-overlay__inner:hover .uagb-image-separator,.wp-block-uagb-image--layout-overlay__inner:hover .uagb-image-caption{opacity:1;transform:translate3d(0, 0, 0)}.wp-block-uagb-image--effect-zoomin .wp-block-uagb-image__figure img,.wp-block-uagb-image--effect-zoomin .wp-block-uagb-image__figure .wp-block-uagb-image--layout-overlay__color-wrapper{transform:scale(1);transition:transform .35s ease-in-out}.wp-block-uagb-image--effect-zoomin .wp-block-uagb-image__figure:hover img,.wp-block-uagb-image--effect-zoomin .wp-block-uagb-image__figure:hover .wp-block-uagb-image--layout-overlay__color-wrapper{transform:scale(1.05)}.wp-block-uagb-image--effect-slide .wp-block-uagb-image__figure img,.wp-block-uagb-image--effect-slide .wp-block-uagb-image__figure .wp-block-uagb-image--layout-overlay__color-wrapper{width:calc(100% + 40px) !important;max-width:none !important;transform:translate3d(-40px, 0, 0);transition:transform .35s ease-in-out}.wp-block-uagb-image--effect-slide .wp-block-uagb-image__figure:hover img,.wp-block-uagb-image--effect-slide .wp-block-uagb-image__figure:hover .wp-block-uagb-image--layout-overlay__color-wrapper{transform:translate3d(0, 0, 0)}.wp-block-uagb-image--effect-grayscale img{filter:grayscale(0%);transition:.35s ease-in-out}.wp-block-uagb-image--effect-grayscale:hover img{filter:grayscale(100%)}.wp-block-uagb-image--effect-blur img{filter:blur(0);transition:.35s ease-in-out}.wp-block-uagb-image--effect-blur:hover img{filter:blur(3px)}.uagb-block-e6f939b3.wp-block-uagb-image--layout-default figure img{box-shadow: 0px 0px 0 #00000070;}.uagb-block-e6f939b3.wp-block-uagb-image .wp-block-uagb-image__figure figcaption{font-style: normal;align-self: center;}.uagb-block-e6f939b3.wp-block-uagb-image--layout-overlay figure img{box-shadow: 0px 0px 0 #00000070;}.uagb-block-e6f939b3.wp-block-uagb-image--layout-overlay .wp-block-uagb-image--layout-overlay__color-wrapper{opacity: 0.2;}.uagb-block-e6f939b3.wp-block-uagb-image--layout-overlay .wp-block-uagb-image--layout-overlay__inner{left: 15px;right: 15px;top: 15px;bottom: 15px;}.uagb-block-e6f939b3.wp-block-uagb-image--layout-overlay .wp-block-uagb-image--layout-overlay__inner .uagb-image-heading{font-style: normal;color: #fff;opacity: 1;}.uagb-block-e6f939b3.wp-block-uagb-image--layout-overlay .wp-block-uagb-image--layout-overlay__inner .uagb-image-heading a{color: #fff;}.uagb-block-e6f939b3.wp-block-uagb-image--layout-overlay .wp-block-uagb-image--layout-overlay__inner .uagb-image-caption{opacity: 0;}.uagb-block-e6f939b3.wp-block-uagb-image--layout-overlay .wp-block-uagb-image__figure:hover .wp-block-uagb-image--layout-overlay__color-wrapper{opacity: 1;}.uagb-block-e6f939b3.wp-block-uagb-image .wp-block-uagb-image--layout-overlay__inner .uagb-image-separator{width: 30%;border-top-width: 2px;border-top-color: #fff;opacity: 0;}.uagb-block-e6f939b3.wp-block-uagb-image .wp-block-uagb-image__figure img{width: px;height: auto;}.uagb-block-e6f939b3.wp-block-uagb-image .wp-block-uagb-image__figure:hover .wp-block-uagb-image--layout-overlay__inner .uagb-image-caption{opacity: 1;}.uagb-block-e6f939b3.wp-block-uagb-image .wp-block-uagb-image__figure:hover .wp-block-uagb-image--layout-overlay__inner .uagb-image-separator{opacity: 1;}.uagb-block-e6f939b3.wp-block-uagb-image--layout-default figure:hover img{box-shadow: 0px 0px 0 #00000070;}.uagb-block-e6f939b3.wp-block-uagb-image--layout-overlay figure:hover img{box-shadow: 0px 0px 0 #00000070;}@media only screen and (max-width: 976px) {.uagb-block-e6f939b3.wp-block-uagb-image .wp-block-uagb-image__figure img{width: px;height: auto;}}@media only screen and (max-width: 767px) {.uagb-block-e6f939b3.wp-block-uagb-image .wp-block-uagb-image__figure img{width: px;height: auto;}}\";s:2:\"js\";s:0:\"\";s:18:\"current_block_list\";a:13:{i:0;s:11:\"core\/search\";i:1;s:10:\"core\/group\";i:2;s:12:\"core\/heading\";i:3;s:17:\"core\/latest-posts\";i:4;s:20:\"core\/latest-comments\";i:5;s:13:\"core\/archives\";i:6;s:15:\"core\/categories\";i:7;s:14:\"core\/paragraph\";i:8;s:10:\"uagb\/image\";i:9;s:11:\"core\/spacer\";i:10;s:30:\"woocommerce\/product-categories\";i:11;s:10:\"core\/image\";i:12;s:14:\"core\/shortcode\";}s:8:\"uag_flag\";b:1;s:11:\"uag_version\";s:10:\"1777086996\";s:6:\"gfonts\";a:0:{}s:10:\"gfonts_url\";s:0:\"\";s:12:\"gfonts_files\";a:0:{}s:14:\"uag_faq_layout\";b:0;}"]},"uagb_featured_image_src":{"full":["https:\/\/www.ferberpainting.com\/wp-content\/uploads\/2025\/05\/PipeLeakStopper_4000x4000_589fc868-2337-47b1-a90f-ca2f1ac9c7bd.png",2560,2560,false],"thumbnail":["https:\/\/www.ferberpainting.com\/wp-content\/uploads\/2025\/05\/PipeLeakStopper_4000x4000_589fc868-2337-47b1-a90f-ca2f1ac9c7bd-150x150.png",150,150,true],"medium":["https:\/\/www.ferberpainting.com\/wp-content\/uploads\/2025\/05\/PipeLeakStopper_4000x4000_589fc868-2337-47b1-a90f-ca2f1ac9c7bd-300x300.png",300,300,true],"medium_large":["https:\/\/www.ferberpainting.com\/wp-content\/uploads\/2025\/05\/PipeLeakStopper_4000x4000_589fc868-2337-47b1-a90f-ca2f1ac9c7bd-768x768.png",768,768,true],"large":["https:\/\/www.ferberpainting.com\/wp-content\/uploads\/2025\/05\/PipeLeakStopper_4000x4000_589fc868-2337-47b1-a90f-ca2f1ac9c7bd-1024x1024.png",1024,1024,true],"1536x1536":["https:\/\/www.ferberpainting.com\/wp-content\/uploads\/2025\/05\/PipeLeakStopper_4000x4000_589fc868-2337-47b1-a90f-ca2f1ac9c7bd-1536x1536.png",1536,1536,true],"2048x2048":["https:\/\/www.ferberpainting.com\/wp-content\/uploads\/2025\/05\/PipeLeakStopper_4000x4000_589fc868-2337-47b1-a90f-ca2f1ac9c7bd-2048x2048.png",2048,2048,true],"trp-custom-language-flag":["https:\/\/www.ferberpainting.com\/wp-content\/uploads\/2025\/05\/PipeLeakStopper_4000x4000_589fc868-2337-47b1-a90f-ca2f1ac9c7bd-12x12.png",12,12,true],"woocommerce_thumbnail":["https:\/\/www.ferberpainting.com\/wp-content\/uploads\/2025\/05\/PipeLeakStopper_4000x4000_589fc868-2337-47b1-a90f-ca2f1ac9c7bd-300x300.png",300,300,true],"woocommerce_single":["https:\/\/www.ferberpainting.com\/wp-content\/uploads\/2025\/05\/PipeLeakStopper_4000x4000_589fc868-2337-47b1-a90f-ca2f1ac9c7bd-600x600.png",600,600,true],"woocommerce_gallery_thumbnail":["https:\/\/www.ferberpainting.com\/wp-content\/uploads\/2025\/05\/PipeLeakStopper_4000x4000_589fc868-2337-47b1-a90f-ca2f1ac9c7bd-100x100.png",100,100,true]},"uagb_author_info":{"display_name":"admin","author_link":"https:\/\/www.ferberpainting.com\/fi\/author\/"},"uagb_comment_info":59,"uagb_excerpt":"Stops water leaks quickly and effectively from the inside. Our pipe leak stopper is specially formulated to seal micro-leaks and small cracks in plumbing systems from within, without the need for destructive work. It circulates through the system and automatically locates leak points, forming a durable internal seal that restores integrity and prevents further water&hellip;","_links":{"self":[{"href":"https:\/\/www.ferberpainting.com\/fi\/wp-json\/wp\/v2\/product\/24775","targetHints":{"allow":["GET"]}}],"collection":[{"href":"https:\/\/www.ferberpainting.com\/fi\/wp-json\/wp\/v2\/product"}],"about":[{"href":"https:\/\/www.ferberpainting.com\/fi\/wp-json\/wp\/v2\/types\/product"}],"replies":[{"embeddable":true,"href":"https:\/\/www.ferberpainting.com\/fi\/wp-json\/wp\/v2\/comments?post=24775"}],"version-history":[{"count":3,"href":"https:\/\/www.ferberpainting.com\/fi\/wp-json\/wp\/v2\/product\/24775\/revisions"}],"predecessor-version":[{"id":166969,"href":"https:\/\/www.ferberpainting.com\/fi\/wp-json\/wp\/v2\/product\/24775\/revisions\/166969"}],"wp:featuredmedia":[{"embeddable":true,"href":"https:\/\/www.ferberpainting.com\/fi\/wp-json\/wp\/v2\/media\/26630"}],"wp:attachment":[{"href":"https:\/\/www.ferberpainting.com\/fi\/wp-json\/wp\/v2\/media?parent=24775"}],"wp:term":[{"taxonomy":"product_brand","embeddable":true,"href":"https:\/\/www.ferberpainting.com\/fi\/wp-json\/wp\/v2\/product_brand?post=24775"},{"taxonomy":"product_cat","embeddable":true,"href":"https:\/\/www.ferberpainting.com\/fi\/wp-json\/wp\/v2\/product_cat?post=24775"},{"taxonomy":"product_tag","embeddable":true,"href":"https:\/\/www.ferberpainting.com\/fi\/wp-json\/wp\/v2\/product_tag?post=24775"}],"curies":[{"name":"wp","href":"https:\/\/api.w.org\/{rel}","templated":true}]}}