{"id":24744,"date":"2025-05-26T10:26:54","date_gmt":"2025-05-26T08:26:54","guid":{"rendered":"https:\/\/www.ferberpainting.com\/products\/paint-hardener\/"},"modified":"2026-02-15T23:16:32","modified_gmt":"2026-02-15T22:16:32","slug":"paint-hardener","status":"publish","type":"product","link":"https:\/\/www.ferberpainting.com\/fi\/products\/paint-hardener\/","title":{"rendered":"Maalin kovetin"},"content":{"rendered":"<p><strong><img decoding=\"async\" style=\"margin-right: 12px;\" src=\"https:\/\/www.ferberpainting.com\/wp-content\/uploads\/2026\/02\/Check.svg\" alt=\"\" width=\"18\" height=\"15\" \/>Maalin suorituskyvyn vahvistaminen ja parantaminen.<\/strong>\u00a0T\u00e4m\u00e4 maalin kovetin on erityisesti suunniteltu parantamaan pinnoitteiden kest\u00e4vyytt\u00e4 ja kest\u00e4vyytt\u00e4. Se parantaa erilaisille pinnoille levitett\u00e4vien maalien tarttuvuutta, kovuutta ja pitk\u00e4ik\u00e4isyytt\u00e4 ja v\u00e4hent\u00e4\u00e4 siten kuoriutumisen, naarmuuntumisen ja ennenaikaisen kulumisen riski\u00e4. Se soveltuu yht\u00e4 hyvin koristemaaleihin kuin teollisuuspinnoitteisiin, ja se tarjoaa optimaalisen pitk\u00e4aikaisen suojan.<\/p>\n<p><strong><img decoding=\"async\" style=\"margin-right: 12px;\" src=\"https:\/\/www.ferberpainting.com\/wp-content\/uploads\/2026\/02\/Check.svg\" alt=\"\" width=\"18\" height=\"15\" \/>Rahat takaisin -takuu.<\/strong>\u00a0Luotamme t\u00e4ysin maalin kovettimen tehokkuuteen, mink\u00e4 vuoksi tarjoamme rahanpalautustakuun. Jos tuote ei vastaa odotuksiasi sen j\u00e4lkeen, kun sit\u00e4 on k\u00e4ytetty ohjeiden mukaisesti, voit pyyt\u00e4\u00e4 ehdotonta hyvityst\u00e4, mik\u00e4 takaa turvallisen ja riskitt\u00f6m\u00e4n ostoksen.<\/p>\n<p><strong><img decoding=\"async\" style=\"margin-right: 12px;\" src=\"https:\/\/www.ferberpainting.com\/wp-content\/uploads\/2026\/02\/Check.svg\" alt=\"\" width=\"18\" height=\"15\" \/>Yhteensopiva monenlaisten maalien ja materiaalien kanssa.<\/strong>\u00a0T\u00e4m\u00e4 kovete sopii akryyli-, glyseroftaali-, alkydi-, epoksi- ja polyuretaanimaaleille. Sit\u00e4 voidaan k\u00e4ytt\u00e4\u00e4 betoni-, metalli-, puu-, kipsi-, sementti- ja muovipinnoille, ja se tarjoaa maksimaalisen monipuolisuuden kunnostus-, huolto- ja viimeistelyprojekteissa.<\/p>\n<p><strong><img decoding=\"async\" style=\"margin-right: 12px;\" src=\"https:\/\/www.ferberpainting.com\/wp-content\/uploads\/2026\/02\/Check.svg\" alt=\"\" width=\"18\" height=\"15\" \/>Erinomainen taloudellinen suorituskyky.<\/strong>\u00a0Optimoidun pitoisuutensa ansiosta yksi litra kovetetta voi k\u00e4sitell\u00e4 jopa 5 litraa maalia, mik\u00e4 tarjoaa taloudellisen ja tehokkaan ratkaisun. Sen koostumus parantaa merkitt\u00e4v\u00e4sti maalin kest\u00e4vyytt\u00e4, mik\u00e4 v\u00e4hent\u00e4\u00e4 korjausten tai uusien sovellusten tarvetta ja takaa pitk\u00e4n aikav\u00e4lin kustannuss\u00e4\u00e4st\u00f6t.<\/p>\n<p><strong><img decoding=\"async\" style=\"margin-right: 12px;\" src=\"https:\/\/www.ferberpainting.com\/wp-content\/uploads\/2026\/02\/Check.svg\" alt=\"\" width=\"18\" height=\"15\" \/>Turvallinen ja vaaraton tuote k\u00e4ytt\u00e4jille.<\/strong>\u00a0T\u00e4m\u00e4 kovetin ei sis\u00e4ll\u00e4 myrkyllisi\u00e4 liuottimia tai haitallisia aineita. Se ei vapauta aggressiivisia h\u00f6yryj\u00e4, ja sit\u00e4 voidaan k\u00e4sitell\u00e4 turvallisesti ilman erityisi\u00e4 suojavarusteita. Se soveltuu sis\u00e4- ja ulkotiloihin, mik\u00e4 takaa riskitt\u00f6m\u00e4n k\u00e4yt\u00f6n k\u00e4siteltyjen tilojen asukkaille ja k\u00e4ytt\u00e4jille.<\/p>\n<p><strong><img decoding=\"async\" style=\"margin-right: 12px;\" src=\"https:\/\/www.ferberpainting.com\/wp-content\/uploads\/2026\/02\/Check.svg\" alt=\"\" width=\"18\" height=\"15\" \/>Helppok\u00e4ytt\u00f6isyys ja optimaalinen yhteensopivuus.<\/strong>\u00a0T\u00e4m\u00e4 kovete sulautuu helposti maaliin ilman monimutkaisia vaiheita. Se sekoittuu suoraan maaliin ennen levitt\u00e4mist\u00e4, mik\u00e4 takaa tasaisen dispergoitumisen ja v\u00e4litt\u00f6m\u00e4n parannuksen maalin suorituskyvyss\u00e4. Sen k\u00e4ytt\u00f6 ei muuta maalin v\u00e4ri\u00e4 tai rakennetta, mik\u00e4 takaa alkuper\u00e4ist\u00e4 vastaavan lopputuloksen.<\/p>\n<p><strong><img decoding=\"async\" style=\"margin-right: 12px;\" src=\"https:\/\/www.ferberpainting.com\/wp-content\/uploads\/2026\/02\/Check.svg\" alt=\"\" width=\"18\" height=\"15\" \/>Lis\u00e4\u00e4ntynyt kest\u00e4vyys kest\u00e4ville pinnoille.<\/strong>\u00a0Kun t\u00e4m\u00e4 kovete sekoitetaan maaliin, se vahvistaa suojakalvon rakennetta ja lis\u00e4\u00e4 merkitt\u00e4v\u00e4sti sen kest\u00e4vyytt\u00e4 iskuja, hankausta ja ulkoisia vaikutuksia vastaan. Se suojaa tehokkaasti naarmuilta, tahroilta ja kosteudelta, pident\u00e4\u00e4 maalattujen pintojen k\u00e4ytt\u00f6ik\u00e4\u00e4 ja v\u00e4hent\u00e4\u00e4 yll\u00e4pitokustannuksia.<\/p>\n<p><strong><img decoding=\"async\" style=\"margin-right: 12px;\" src=\"https:\/\/www.ferberpainting.com\/wp-content\/uploads\/2026\/02\/Check.svg\" alt=\"\" width=\"18\" height=\"15\" \/>Nopea kuivuminen s\u00e4\u00e4st\u00e4\u00e4 merkitt\u00e4v\u00e4sti aikaa.<\/strong>\u00a0Optimoimalla maalin polymerisaation t\u00e4m\u00e4 kovetin nopeuttaa kuivumisaikaa ja varmistaa samalla pinnoitteen kest\u00e4vyyden nopean kehittymisen. Sen ansiosta pinnat ovat k\u00e4ytt\u00f6valmiita vain muutamassa tunnissa ymp\u00e4rist\u00f6olosuhteista riippuen, mik\u00e4 lyhent\u00e4\u00e4 merkitt\u00e4v\u00e4sti odotusaikoja eri projektivaiheiden v\u00e4lill\u00e4.<\/p>\n<h2><strong>K\u00e4ytt\u00f6protokolla<\/strong><\/h2>\n<ul>\n<li><strong>Maalin valmistelu <\/strong>: Varmista, ett\u00e4 maali, johon kovetin lis\u00e4t\u00e4\u00e4n, on puhdas ja hyvin sekoitettu. Jos maali on laskeutunut, sekoita ennen kovettimen lis\u00e4\u00e4mist\u00e4 tasaisen jakautumisen varmistamiseksi.<\/li>\n<li><strong>Suositeltu annostus <\/strong>: Lis\u00e4\u00e4 5%:n ja 20%:n v\u00e4lill\u00e4 kovetetta suhteessa maalin kokonaistilavuuteen, riippuen halutusta lujuusasteesta. Jos maali on alttiina \u00e4\u00e4rimm\u00e4isille olosuhteille (kosteus, usein toistuvat iskut, hankaus), valitse suurempi annostus.<\/li>\n<li><strong>Homogeeninen sekoitus <\/strong>: Lis\u00e4\u00e4 kovetin v\u00e4hitellen maaliin sekoittaen sit\u00e4 jatkuvasti k\u00e4sisekoittimella tai s\u00e4hk\u00f6sekoittimella. Varmista, ett\u00e4 seos on juokseva ja homogeeninen, jotta komponentit eiv\u00e4t erotu toisistaan.<\/li>\n<li><strong>Kovettuneen maalin levitys <\/strong>: Levit\u00e4 maali tavalliseen tapaan telalla, siveltimell\u00e4 tai ruiskupistoolilla maalattavasta alueesta riippuen. Kovetin ei muuta levitysmenetelm\u00e4\u00e4, joten se mahdollistaa tasaisen ja yhten\u00e4isen peitt\u00e4vyyden.<\/li>\n<li><strong>Kuivumisaika <\/strong>: Anna maalin kuivua maalipakkauksessa ilmoitetun kuivumisajan mukaisesti. Kovettimen vaikutuksesta kuivuminen kest\u00e4\u00e4 yleens\u00e4 kauemmin. <strong>normaalia nopeammin<\/strong>, mik\u00e4 lyhent\u00e4\u00e4 odotusaikaa ennen toisen kerroksen levitt\u00e4mist\u00e4 tai pinnan k\u00e4ytt\u00f6\u00f6nottoa.<\/li>\n<li><strong>T\u00e4ydellinen kovettuminen <\/strong>: Jotta kest\u00e4vyys kehittyisi optimaalisesti, v\u00e4lt\u00e4 voimakasta k\u00e4ytt\u00f6\u00e4 tai rasitusta maalatulle pinnalle 24-48 tunnin ajan levityksen j\u00e4lkeen. T\u00e4m\u00e4n ajanjakson j\u00e4lkeen pinnoite saavuttaa maksimaalisen kovuuden ja kest\u00e4\u00e4 t\u00e4ysin mekaaniset ja ilmastolliset rasitukset.<\/li>\n<li><strong>Ty\u00f6kalujen puhdistus <\/strong>: Puhdista siveltimet, telat ja ruiskutuspistoolit v\u00e4litt\u00f6m\u00e4sti k\u00e4yt\u00f6n j\u00e4lkeen k\u00e4ytetyn maalin mukaan suositellulla liuottimella (vesi akryylimaaleille, bensiini glyseroftaalimaaleille).<\/li>\n<\/ul>","protected":false},"excerpt":{"rendered":"<p>Strengthening and improving paint performance.\u00a0This paint hardener is specially designed to enhance the resistance and durability of coatings. It improves adhesion, hardness, and longevity of paints applied to various surfaces, thereby reducing risks of peeling, scratching, and premature wear. It is equally suitable for decorative paints and industrial coatings, providing optimal long-term protection. Money-back guarantee.\u00a0We [&hellip;]<\/p>\n","protected":false},"featured_media":26609,"comment_status":"open","ping_status":"closed","template":"","meta":{"_uag_custom_page_level_css":"","site-sidebar-layout":"default","site-content-layout":"","ast-site-content-layout":"default","site-content-style":"default","site-sidebar-style":"default","ast-global-header-display":"","ast-banner-title-visibility":"","ast-main-header-display":"","ast-hfb-above-header-display":"","ast-hfb-below-header-display":"","ast-hfb-mobile-header-display":"","site-post-title":"","ast-breadcrumbs-content":"","ast-featured-img":"","footer-sml-layout":"","ast-disable-related-posts":"","theme-transparent-header-meta":"default","adv-header-id-meta":"","stick-header-meta":"","header-above-stick-meta":"","header-main-stick-meta":"","header-below-stick-meta":"","astra-migrate-meta-layouts":"set","ast-page-background-enabled":"default","ast-page-background-meta":{"desktop":{"background-color":"var(--ast-global-color-4)","background-image":"","background-repeat":"repeat","background-position":"center center","background-size":"auto","background-attachment":"scroll","background-type":"","background-media":"","overlay-type":"","overlay-color":"","overlay-opacity":"","overlay-gradient":""},"tablet":{"background-color":"","background-image":"","background-repeat":"repeat","background-position":"center center","background-size":"auto","background-attachment":"scroll","background-type":"","background-media":"","overlay-type":"","overlay-color":"","overlay-opacity":"","overlay-gradient":""},"mobile":{"background-color":"","background-image":"","background-repeat":"repeat","background-position":"center center","background-size":"auto","background-attachment":"scroll","background-type":"","background-media":"","overlay-type":"","overlay-color":"","overlay-opacity":"","overlay-gradient":""}},"ast-content-background-meta":{"desktop":{"background-color":"var(--ast-global-color-5)","background-image":"","background-repeat":"repeat","background-position":"center center","background-size":"auto","background-attachment":"scroll","background-type":"","background-media":"","overlay-type":"","overlay-color":"","overlay-opacity":"","overlay-gradient":""},"tablet":{"background-color":"var(--ast-global-color-5)","background-image":"","background-repeat":"repeat","background-position":"center center","background-size":"auto","background-attachment":"scroll","background-type":"","background-media":"","overlay-type":"","overlay-color":"","overlay-opacity":"","overlay-gradient":""},"mobile":{"background-color":"var(--ast-global-color-5)","background-image":"","background-repeat":"repeat","background-position":"center center","background-size":"auto","background-attachment":"scroll","background-type":"","background-media":"","overlay-type":"","overlay-color":"","overlay-opacity":"","overlay-gradient":""}}},"product_brand":[],"product_cat":[175,176],"product_tag":[],"class_list":{"0":"post-24744","1":"product","2":"type-product","3":"status-publish","4":"has-post-thumbnail","6":"product_cat-cleaning-products","7":"product_cat-concrete-treatment","8":"desktop-align-left","9":"tablet-align-left","10":"mobile-align-left","12":"first","13":"instock","14":"sale","15":"taxable","16":"shipping-taxable","17":"purchasable","18":"product-type-variable","19":"has-default-attributes"},"spectra_custom_meta":{"_visibility":["visible"],"_shopify_product_id":["9059953213685"],"_s2w_shopify_domain":["ferberpainting.myshopify.com"],"_shopify_variant_id":["46482342019317"],"_sku":[""],"_manage_stock":["no"],"total_sales":["36"],"_tax_status":["taxable"],"_tax_class":[""],"_backorders":["no"],"_sold_individually":["no"],"_virtual":["no"],"_downloadable":["no"],"_download_limit":["-1"],"_download_expiry":["-1"],"_stock":[null],"_stock_status":["instock"],"_wc_average_rating":["4.83"],"_wc_review_count":["6"],"_product_attributes":["a:1:{s:6:\"volume\";a:6:{s:4:\"name\";s:6:\"Volume\";s:5:\"value\";s:20:\"5 liters | 25 liters\";s:8:\"position\";i:1;s:10:\"is_visible\";i:0;s:12:\"is_variation\";i:1;s:11:\"is_taxonomy\";i:0;}}"],"_product_version":["10.5.1"],"_thumbnail_id":["26609"],"_product_image_gallery":["26610"],"wpse_downloadable_file_names":[""],"wpse_downloadable_file_urls":[""],"_edit_last":["1"],"_default_attributes":["a:1:{s:6:\"volume\";s:8:\"5 liters\";}"],"_edit_lock":["1771193653:1"],"_price":["29.90","129.90"],"merchant-center-availability":["yes"],"merchant-center-category":["2277"],"_wp_page_template":["default"],"site-sidebar-layout":["default"],"ast-site-content-layout":["default"],"site-content-style":["default"],"site-sidebar-style":["default"],"theme-transparent-header-meta":["default"],"_wc_rating_count":["a:2:{i:4;i:1;i:5;i:5;}"],"astra-migrate-meta-layouts":["set"],"_uag_css_file_name":["uag-css-24744.css"],"_elementor_page_assets":["a:0:{}"],"_uag_page_assets":["a:9:{s:3:\"css\";s:6873:\".wp-block-uagb-image{display:flex}.wp-block-uagb-image__figure{position:relative;display:flex;flex-direction:column;max-width:100%;height:auto;margin:0}.wp-block-uagb-image__figure img{height:auto;display:flex;max-width:100%;transition:box-shadow .2s ease}.wp-block-uagb-image__figure>a{display:inline-block}.wp-block-uagb-image__figure figcaption{text-align:center;margin-top:.5em;margin-bottom:1em}.wp-block-uagb-image .components-placeholder.block-editor-media-placeholder .components-placeholder__instructions{align-self:center}.wp-block-uagb-image--align-left{text-align:left}.wp-block-uagb-image--align-right{text-align:right}.wp-block-uagb-image--align-center{text-align:center}.wp-block-uagb-image--align-full .wp-block-uagb-image__figure{margin-left:calc(50% - 50vw);margin-right:calc(50% - 50vw);max-width:100vw;width:100vw;height:auto}.wp-block-uagb-image--align-full .wp-block-uagb-image__figure img{height:auto;width:100% !important}.wp-block-uagb-image--align-wide .wp-block-uagb-image__figure img{height:auto;width:100%}.wp-block-uagb-image--layout-overlay__color-wrapper{position:absolute;left:0;top:0;right:0;bottom:0;opacity:.2;background:rgba(0,0,0,.5);transition:opacity .35s ease-in-out}.wp-block-uagb-image--layout-overlay-link{position:absolute;left:0;right:0;bottom:0;top:0}.wp-block-uagb-image--layout-overlay .wp-block-uagb-image__figure:hover .wp-block-uagb-image--layout-overlay__color-wrapper{opacity:1}.wp-block-uagb-image--layout-overlay__inner{position:absolute;left:15px;right:15px;bottom:15px;top:15px;display:flex;align-items:center;justify-content:center;flex-direction:column;border-color:#fff;transition:.35s ease-in-out}.wp-block-uagb-image--layout-overlay__inner.top-left,.wp-block-uagb-image--layout-overlay__inner.top-center,.wp-block-uagb-image--layout-overlay__inner.top-right{justify-content:flex-start}.wp-block-uagb-image--layout-overlay__inner.bottom-left,.wp-block-uagb-image--layout-overlay__inner.bottom-center,.wp-block-uagb-image--layout-overlay__inner.bottom-right{justify-content:flex-end}.wp-block-uagb-image--layout-overlay__inner.top-left,.wp-block-uagb-image--layout-overlay__inner.center-left,.wp-block-uagb-image--layout-overlay__inner.bottom-left{align-items:flex-start}.wp-block-uagb-image--layout-overlay__inner.top-right,.wp-block-uagb-image--layout-overlay__inner.center-right,.wp-block-uagb-image--layout-overlay__inner.bottom-right{align-items:flex-end}.wp-block-uagb-image--layout-overlay__inner .uagb-image-heading{color:#fff;transition:transform .35s,opacity .35s ease-in-out;transform:translate3d(0, 24px, 0);margin:0;line-height:1em}.wp-block-uagb-image--layout-overlay__inner .uagb-image-separator{width:30%;border-top-width:2px;border-top-color:#fff;border-top-style:solid;margin-bottom:10px;opacity:0;transition:transform .4s,opacity .4s ease-in-out;transform:translate3d(0, 30px, 0)}.wp-block-uagb-image--layout-overlay__inner .uagb-image-caption{opacity:0;overflow:visible;color:#fff;transition:transform .45s,opacity .45s ease-in-out;transform:translate3d(0, 35px, 0)}.wp-block-uagb-image--layout-overlay__inner:hover .uagb-image-heading,.wp-block-uagb-image--layout-overlay__inner:hover .uagb-image-separator,.wp-block-uagb-image--layout-overlay__inner:hover .uagb-image-caption{opacity:1;transform:translate3d(0, 0, 0)}.wp-block-uagb-image--effect-zoomin .wp-block-uagb-image__figure img,.wp-block-uagb-image--effect-zoomin .wp-block-uagb-image__figure .wp-block-uagb-image--layout-overlay__color-wrapper{transform:scale(1);transition:transform .35s ease-in-out}.wp-block-uagb-image--effect-zoomin .wp-block-uagb-image__figure:hover img,.wp-block-uagb-image--effect-zoomin .wp-block-uagb-image__figure:hover .wp-block-uagb-image--layout-overlay__color-wrapper{transform:scale(1.05)}.wp-block-uagb-image--effect-slide .wp-block-uagb-image__figure img,.wp-block-uagb-image--effect-slide .wp-block-uagb-image__figure .wp-block-uagb-image--layout-overlay__color-wrapper{width:calc(100% + 40px) !important;max-width:none !important;transform:translate3d(-40px, 0, 0);transition:transform .35s ease-in-out}.wp-block-uagb-image--effect-slide .wp-block-uagb-image__figure:hover img,.wp-block-uagb-image--effect-slide .wp-block-uagb-image__figure:hover .wp-block-uagb-image--layout-overlay__color-wrapper{transform:translate3d(0, 0, 0)}.wp-block-uagb-image--effect-grayscale img{filter:grayscale(0%);transition:.35s ease-in-out}.wp-block-uagb-image--effect-grayscale:hover img{filter:grayscale(100%)}.wp-block-uagb-image--effect-blur img{filter:blur(0);transition:.35s ease-in-out}.wp-block-uagb-image--effect-blur:hover img{filter:blur(3px)}.uagb-block-e6f939b3.wp-block-uagb-image--layout-default figure img{box-shadow: 0px 0px 0 #00000070;}.uagb-block-e6f939b3.wp-block-uagb-image .wp-block-uagb-image__figure figcaption{font-style: normal;align-self: center;}.uagb-block-e6f939b3.wp-block-uagb-image--layout-overlay figure img{box-shadow: 0px 0px 0 #00000070;}.uagb-block-e6f939b3.wp-block-uagb-image--layout-overlay .wp-block-uagb-image--layout-overlay__color-wrapper{opacity: 0.2;}.uagb-block-e6f939b3.wp-block-uagb-image--layout-overlay .wp-block-uagb-image--layout-overlay__inner{left: 15px;right: 15px;top: 15px;bottom: 15px;}.uagb-block-e6f939b3.wp-block-uagb-image--layout-overlay .wp-block-uagb-image--layout-overlay__inner .uagb-image-heading{font-style: normal;color: #fff;opacity: 1;}.uagb-block-e6f939b3.wp-block-uagb-image--layout-overlay .wp-block-uagb-image--layout-overlay__inner .uagb-image-heading a{color: #fff;}.uagb-block-e6f939b3.wp-block-uagb-image--layout-overlay .wp-block-uagb-image--layout-overlay__inner .uagb-image-caption{opacity: 0;}.uagb-block-e6f939b3.wp-block-uagb-image--layout-overlay .wp-block-uagb-image__figure:hover .wp-block-uagb-image--layout-overlay__color-wrapper{opacity: 1;}.uagb-block-e6f939b3.wp-block-uagb-image .wp-block-uagb-image--layout-overlay__inner .uagb-image-separator{width: 30%;border-top-width: 2px;border-top-color: #fff;opacity: 0;}.uagb-block-e6f939b3.wp-block-uagb-image .wp-block-uagb-image__figure img{width: px;height: auto;}.uagb-block-e6f939b3.wp-block-uagb-image .wp-block-uagb-image__figure:hover .wp-block-uagb-image--layout-overlay__inner .uagb-image-caption{opacity: 1;}.uagb-block-e6f939b3.wp-block-uagb-image .wp-block-uagb-image__figure:hover .wp-block-uagb-image--layout-overlay__inner .uagb-image-separator{opacity: 1;}.uagb-block-e6f939b3.wp-block-uagb-image--layout-default figure:hover img{box-shadow: 0px 0px 0 #00000070;}.uagb-block-e6f939b3.wp-block-uagb-image--layout-overlay figure:hover img{box-shadow: 0px 0px 0 #00000070;}@media only screen and (max-width: 976px) {.uagb-block-e6f939b3.wp-block-uagb-image .wp-block-uagb-image__figure img{width: px;height: auto;}}@media only screen and (max-width: 767px) {.uagb-block-e6f939b3.wp-block-uagb-image .wp-block-uagb-image__figure img{width: px;height: auto;}}\";s:2:\"js\";s:0:\"\";s:18:\"current_block_list\";a:13:{i:0;s:11:\"core\/search\";i:1;s:10:\"core\/group\";i:2;s:12:\"core\/heading\";i:3;s:17:\"core\/latest-posts\";i:4;s:20:\"core\/latest-comments\";i:5;s:13:\"core\/archives\";i:6;s:15:\"core\/categories\";i:7;s:14:\"core\/paragraph\";i:8;s:10:\"uagb\/image\";i:9;s:11:\"core\/spacer\";i:10;s:30:\"woocommerce\/product-categories\";i:11;s:10:\"core\/image\";i:12;s:14:\"core\/shortcode\";}s:8:\"uag_flag\";b:1;s:11:\"uag_version\";s:10:\"1777665230\";s:6:\"gfonts\";a:0:{}s:10:\"gfonts_url\";s:0:\"\";s:12:\"gfonts_files\";a:0:{}s:14:\"uag_faq_layout\";b:0;}"]},"uagb_featured_image_src":{"full":["https:\/\/www.ferberpainting.com\/wp-content\/uploads\/2025\/05\/PaintHardener5L.png",2560,2560,false],"thumbnail":["https:\/\/www.ferberpainting.com\/wp-content\/uploads\/2025\/05\/PaintHardener5L-150x150.png",150,150,true],"medium":["https:\/\/www.ferberpainting.com\/wp-content\/uploads\/2025\/05\/PaintHardener5L-300x300.png",300,300,true],"medium_large":["https:\/\/www.ferberpainting.com\/wp-content\/uploads\/2025\/05\/PaintHardener5L-768x768.png",768,768,true],"large":["https:\/\/www.ferberpainting.com\/wp-content\/uploads\/2025\/05\/PaintHardener5L-1024x1024.png",1024,1024,true],"1536x1536":["https:\/\/www.ferberpainting.com\/wp-content\/uploads\/2025\/05\/PaintHardener5L-1536x1536.png",1536,1536,true],"2048x2048":["https:\/\/www.ferberpainting.com\/wp-content\/uploads\/2025\/05\/PaintHardener5L-2048x2048.png",2048,2048,true],"trp-custom-language-flag":["https:\/\/www.ferberpainting.com\/wp-content\/uploads\/2025\/05\/PaintHardener5L-12x12.png",12,12,true],"woocommerce_thumbnail":["https:\/\/www.ferberpainting.com\/wp-content\/uploads\/2025\/05\/PaintHardener5L-300x300.png",300,300,true],"woocommerce_single":["https:\/\/www.ferberpainting.com\/wp-content\/uploads\/2025\/05\/PaintHardener5L-600x600.png",600,600,true],"woocommerce_gallery_thumbnail":["https:\/\/www.ferberpainting.com\/wp-content\/uploads\/2025\/05\/PaintHardener5L-100x100.png",100,100,true]},"uagb_author_info":{"display_name":"admin","author_link":"https:\/\/www.ferberpainting.com\/fi\/author\/"},"uagb_comment_info":6,"uagb_excerpt":"Strengthening and improving paint performance.\u00a0This paint hardener is specially designed to enhance the resistance and durability of coatings. It improves adhesion, hardness, and longevity of paints applied to various surfaces, thereby reducing risks of peeling, scratching, and premature wear. It is equally suitable for decorative paints and industrial coatings, providing optimal long-term protection. Money-back guarantee.\u00a0We&hellip;","_links":{"self":[{"href":"https:\/\/www.ferberpainting.com\/fi\/wp-json\/wp\/v2\/product\/24744","targetHints":{"allow":["GET"]}}],"collection":[{"href":"https:\/\/www.ferberpainting.com\/fi\/wp-json\/wp\/v2\/product"}],"about":[{"href":"https:\/\/www.ferberpainting.com\/fi\/wp-json\/wp\/v2\/types\/product"}],"replies":[{"embeddable":true,"href":"https:\/\/www.ferberpainting.com\/fi\/wp-json\/wp\/v2\/comments?post=24744"}],"version-history":[{"count":3,"href":"https:\/\/www.ferberpainting.com\/fi\/wp-json\/wp\/v2\/product\/24744\/revisions"}],"predecessor-version":[{"id":166671,"href":"https:\/\/www.ferberpainting.com\/fi\/wp-json\/wp\/v2\/product\/24744\/revisions\/166671"}],"wp:featuredmedia":[{"embeddable":true,"href":"https:\/\/www.ferberpainting.com\/fi\/wp-json\/wp\/v2\/media\/26609"}],"wp:attachment":[{"href":"https:\/\/www.ferberpainting.com\/fi\/wp-json\/wp\/v2\/media?parent=24744"}],"wp:term":[{"taxonomy":"product_brand","embeddable":true,"href":"https:\/\/www.ferberpainting.com\/fi\/wp-json\/wp\/v2\/product_brand?post=24744"},{"taxonomy":"product_cat","embeddable":true,"href":"https:\/\/www.ferberpainting.com\/fi\/wp-json\/wp\/v2\/product_cat?post=24744"},{"taxonomy":"product_tag","embeddable":true,"href":"https:\/\/www.ferberpainting.com\/fi\/wp-json\/wp\/v2\/product_tag?post=24744"}],"curies":[{"name":"wp","href":"https:\/\/api.w.org\/{rel}","templated":true}]}}