{"id":24741,"date":"2025-07-01T00:21:51","date_gmt":"2025-06-30T22:21:51","guid":{"rendered":"https:\/\/www.ferberpainting.com\/?post_type=product&#038;p=24735"},"modified":"2026-02-15T23:14:12","modified_gmt":"2026-02-15T22:14:12","slug":"paint-cleaner","status":"publish","type":"product","link":"https:\/\/www.ferberpainting.com\/fi\/products\/paint-cleaner\/","title":{"rendered":"Maalinpuhdistusaine"},"content":{"rendered":"<p><strong><img decoding=\"async\" style=\"margin-right: 12px;\" src=\"https:\/\/www.ferberpainting.com\/wp-content\/uploads\/2026\/02\/Check.svg\" alt=\"\" width=\"18\" height=\"15\" \/>Optimaalinen tehokkuus.<\/strong>\u00a0T\u00e4m\u00e4 maalin puhdistusaine on suunniteltu poistamaan tehokkaasti maalij\u00e4\u00e4mi\u00e4, tahroja, kuivuneita siveltimen j\u00e4lki\u00e4 ja roiskeita monilta eri pinnoilta. Se liuottaa syv\u00e4sti ep\u00e4puhtaudet vahingoittamatta k\u00e4siteltyj\u00e4 materiaaleja ja palauttaa niiden alkuper\u00e4isen ulkon\u00e4\u00f6n. Tehokkaan koostumuksensa ansiosta se vaikuttaa nopeasti vesi-, liuotin- tai lakkapohjaisiin maaleihin ja takaa t\u00e4ydellisen puhdistuksen vaivattomasti.<\/p>\n<p><strong><img decoding=\"async\" style=\"margin-right: 12px;\" src=\"https:\/\/www.ferberpainting.com\/wp-content\/uploads\/2026\/02\/Check.svg\" alt=\"\" width=\"18\" height=\"15\" \/>Rahat takaisin -takuu.<\/strong>\u00a0Luotamme t\u00e4ysin maalinpesuaineemme tehokkuuteen. Jos et k\u00e4yt\u00f6n j\u00e4lkeen ole t\u00e4ysin tyytyv\u00e4inen tuloksiin, voit saada t\u00e4yden hyvityksen. N\u00e4in voit testata tuotetta ilman riski\u00e4 ja nauttia sen vertaansa vailla olevasta puhdistustehosta.<\/p>\n<p><strong><img decoding=\"async\" style=\"margin-right: 12px;\" src=\"https:\/\/www.ferberpainting.com\/wp-content\/uploads\/2026\/02\/Check.svg\" alt=\"\" width=\"18\" height=\"15\" \/>Poikkeuksellinen monipuolisuus.<\/strong>\u00a0T\u00e4m\u00e4 puhdistusaine ei rajoitu vain maalausty\u00f6kaluihin! Se tehoaa my\u00f6s moniin pintoihin, kuten puuhun, metalliin, PVC:hen, lasiin, kiveen, betoniin ja laattoihin. Sit\u00e4 voidaan k\u00e4ytt\u00e4\u00e4 siveltimien, telojen, ruiskupistoolien, taiteilijapalettien, seinien, lattioiden ja huonekalujen puhdistamiseen, jotka ovat v\u00e4rj\u00e4ytyneet maalilla. Sen monik\u00e4ytt\u00f6isyys tekee siit\u00e4 v\u00e4ltt\u00e4m\u00e4tt\u00f6m\u00e4n liittolaisen sek\u00e4 ammattilaisille ett\u00e4 harrastajille.<\/p>\n<p><strong><img decoding=\"async\" style=\"margin-right: 12px;\" src=\"https:\/\/www.ferberpainting.com\/wp-content\/uploads\/2026\/02\/Check.svg\" alt=\"\" width=\"18\" height=\"15\" \/>Kustannustehokas suorituskyky.<\/strong>\u00a0Korkean pitoisuutensa ja v\u00e4litt\u00f6m\u00e4n tehokkuutensa ansiosta t\u00e4m\u00e4 puhdistusaine tarjoaa erinomaisen tuoton, ja sit\u00e4 tarvitaan vain v\u00e4h\u00e4n. Yhdell\u00e4 litralla tuotetta voidaan k\u00e4sitell\u00e4 jopa 50 m\u00b2 likaantunutta pintaa tai puhdistaa perusteellisesti monet harjat ja telat. Sen 5 litran koko mahdollistaa pitk\u00e4aikaisen k\u00e4yt\u00f6n, mik\u00e4 v\u00e4hent\u00e4\u00e4 ostotiheytt\u00e4 ja yll\u00e4pitokustannuksia.<\/p>\n<p><strong><img decoding=\"async\" style=\"margin-right: 12px;\" src=\"https:\/\/www.ferberpainting.com\/wp-content\/uploads\/2026\/02\/Check.svg\" alt=\"\" width=\"18\" height=\"15\" \/>Turvallinen k\u00e4ytt\u00e4\u00e4.<\/strong>\u00a0Toisin kuin aggressiiviset liuottimet, jotka vapauttavat myrkyllisi\u00e4 h\u00f6yryj\u00e4 ja aiheuttavat iho\u00e4rsytyst\u00e4, t\u00e4m\u00e4 puhdistusaine on kehitetty minimoimaan k\u00e4ytt\u00f6riskit. Se ei sis\u00e4ll\u00e4 sy\u00f6vytt\u00e4vi\u00e4 aineita, jotka voivat muuttaa herkki\u00e4 pintoja, ja se on ymp\u00e4rist\u00f6m\u00e4\u00e4r\u00e4ysten mukainen. Sit\u00e4 on turvallista k\u00e4ytt\u00e4\u00e4 sek\u00e4 suljetuissa ett\u00e4 avoimissa tiloissa, ja se tarjoaa optimaalisen k\u00e4ytt\u00f6mukavuuden.<\/p>\n<p><strong><img decoding=\"async\" style=\"margin-right: 12px;\" src=\"https:\/\/www.ferberpainting.com\/wp-content\/uploads\/2026\/02\/Check.svg\" alt=\"\" width=\"18\" height=\"15\" \/>Helppok\u00e4ytt\u00f6isyys.<\/strong>\u00a0T\u00e4m\u00e4 tuote on k\u00e4ytt\u00f6valmis eik\u00e4 vaadi laimentamista tai monimutkaista k\u00e4sittely\u00e4. Se levitet\u00e4\u00e4n suoraan puhdistettavalle alueelle sienell\u00e4, liinalla, harjalla tai suihkepullolla. Se vaikuttaa vain muutamassa minuutissa ja huuhtoutuu helposti pois j\u00e4tt\u00e4m\u00e4tt\u00e4 j\u00e4\u00e4mi\u00e4. Se s\u00e4\u00e4st\u00e4\u00e4 aikaa ja tarjoaa virheett\u00f6m\u00e4n lopputuloksen t\u00e4ysin yksinkertaisella tavalla.<\/p>\n<p><strong><img decoding=\"async\" style=\"margin-right: 12px;\" src=\"https:\/\/www.ferberpainting.com\/wp-content\/uploads\/2026\/02\/Check.svg\" alt=\"\" width=\"18\" height=\"15\" \/>Laajennettu kest\u00e4vyys.<\/strong>\u00a0Syv\u00e4puhdistavan vaikutuksensa ansiosta t\u00e4m\u00e4 puhdistusaine pident\u00e4\u00e4 maalausv\u00e4lineiden ja maalattujen pintojen k\u00e4ytt\u00f6ik\u00e4\u00e4. Se s\u00e4ilytt\u00e4\u00e4 siveltimen harjakset, ehk\u00e4isee telojen kertymist\u00e4 ja suojaa k\u00e4siteltyj\u00e4 pintoja ennenaikaiselta kulumiselta, joka johtuu j\u00e4ljelle j\u00e4\u00e4neist\u00e4 maalij\u00e4\u00e4mist\u00e4. V\u00e4lineiden pit\u00e4minen hyv\u00e4ss\u00e4 kunnossa auttaa v\u00e4ltt\u00e4m\u00e4\u00e4n usein tapahtuvaa uusimista ja tukee kest\u00e4v\u00e4mp\u00e4\u00e4 resurssien k\u00e4ytt\u00f6\u00e4.<\/p>\n<p><strong><img decoding=\"async\" style=\"margin-right: 12px;\" src=\"https:\/\/www.ferberpainting.com\/wp-content\/uploads\/2026\/02\/Check.svg\" alt=\"\" width=\"18\" height=\"15\" \/>Nopea toiminta.<\/strong>\u00a0T\u00e4m\u00e4 puhdistusaine vaikuttaa heti levityksen j\u00e4lkeen. Se poistaa tehokkaasti tahrat ja j\u00e4\u00e4m\u00e4t ilman tuntikausia kest\u00e4v\u00e4\u00e4 hankausta. Vain muutamassa minuutissa se liuottaa kuivuneen maalin ja tekee poistamisesta vaivatonta, mik\u00e4 s\u00e4\u00e4st\u00e4\u00e4 k\u00e4ytt\u00e4j\u00e4n arvokasta aikaa.<\/p>\n<h2><strong>K\u00e4ytt\u00f6protokolla<\/strong><\/h2>\n<ul>\n<li><strong>Valmistelu <\/strong>: Varmista, ett\u00e4 puhdistettava pinta on kuiva ja p\u00f6lyt\u00f6n ennen levitt\u00e4mist\u00e4. Optimaalisen tuloksen saavuttamiseksi poista paksut j\u00e4\u00e4m\u00e4t etuk\u00e4teen lastalla tai kuivalla liinalla.<\/li>\n<li><strong>Manuaalinen soveltaminen ty\u00f6kaluihin <\/strong>: Kaada pieni m\u00e4\u00e4r\u00e4 puhdistusainetta astiaan ja liota harjat, telat tai muut ty\u00f6kalut. Anna niiden imeyty\u00e4 muutaman minuutin ajan ja hankaa sitten varovasti harjalla tai liinalla maalij\u00e4\u00e4mien poistamiseksi. Huuhtele huolellisesti puhtaalla vedell\u00e4 ja kuivaa ty\u00f6kalut ennen uudelleenk\u00e4ytt\u00f6\u00e4.<\/li>\n<li><strong>Soveltaminen maalatuille pinnoille <\/strong>: Levit\u00e4 suoraan tahriintuneelle alueelle tuotteeseen kastetulla sienell\u00e4 tai liinalla. Anna vaikuttaa 2-5 minuuttia, jotta puhdistusaine liuottaa maalin, ja hankaa sitten varovasti tarvittaessa. Pyyhi puhtaalla liinalla ja huuhtele puhtaalla vedell\u00e4.<\/li>\n<li><strong>Maaliroiskeiden poisto <\/strong>: Jos haluat poistaa tahrat lasista, puusta, metallista tai laatoista, levit\u00e4 tuotetta pehme\u00e4ll\u00e4 liinalla ja hankaa varovasti. Anna vaikuttaa muutaman minuutin ajan ja pyyhi sitten kostealla liinalla. Pyyhi alue kuivaksi puhtaalla liinalla saadaksesi tahrattoman lopputuloksen.<\/li>\n<li><strong>Huuhtelu ja viimeistely <\/strong>: Kun maali on liuennut, huuhtele k\u00e4sitelty pinta haalealla vedell\u00e4 tai pyyhi se kostealla liinalla, jotta kaikki tuotej\u00e4\u00e4m\u00e4t poistuvat. T\u00e4ydellisen lopputuloksen saamiseksi kuivaa alue puhtaalla liinalla.<\/li>\n<li><strong>K\u00e4ytt\u00f6tiheys <\/strong>: K\u00e4yt\u00e4 jokaisen ty\u00f6kalun puhdistuksen j\u00e4lkeen tai jokaisen maalaussession j\u00e4lkeen ylim\u00e4\u00e4r\u00e4isen maalin poistamiseksi ja siveltimien ja telojen k\u00e4ytt\u00f6i\u00e4n pident\u00e4miseksi. Pintak\u00e4ytt\u00f6\u00f6n, k\u00e4yt\u00e4 tarpeen mukaan tahran ja j\u00e4\u00e4mien perusteella.<\/li>\n<li><strong>Varastointi <\/strong>: S\u00e4ilyt\u00e4 kanisteri viile\u00e4ss\u00e4 ja kuivassa paikassa, suojattuna l\u00e4mm\u00f6lt\u00e4 ja suoralta auringonvalolta. Sulje kanisteri aina tiiviisti uudelleen k\u00e4yt\u00f6n j\u00e4lkeen, jotta tuote ei haihtuisi tai muuttuisi.<\/li>\n<\/ul>\n<p>Maalinpuhdistusaineemme avulla voit nauttia tehokkaasta ja vaivattomasta huollosta samalla kun s\u00e4ilyt\u00e4t ty\u00f6kalujesi ja pintojen puhtauden. Ihanteellinen ratkaisu maalauslaitteidesi optimaaliseen puhdistukseen ja kest\u00e4v\u00e4\u00e4n hoitoon.<\/p>","protected":false},"excerpt":{"rendered":"<p>Optimal Efficiency.\u00a0This paint cleaner is designed to effectively eliminate paint residues, stains, dried brush marks, and splatters on a wide variety of surfaces. It deeply dissolves impurities without damaging treated materials, restoring their original appearance. Thanks to its powerful formula, it acts quickly on water-based, solvent-based, or varnish paints, ensuring perfect cleaning with no effort. [&hellip;]<\/p>\n","protected":false},"featured_media":36065,"comment_status":"open","ping_status":"closed","template":"","meta":{"_uag_custom_page_level_css":"","site-sidebar-layout":"default","site-content-layout":"","ast-site-content-layout":"default","site-content-style":"default","site-sidebar-style":"default","ast-global-header-display":"","ast-banner-title-visibility":"","ast-main-header-display":"","ast-hfb-above-header-display":"","ast-hfb-below-header-display":"","ast-hfb-mobile-header-display":"","site-post-title":"","ast-breadcrumbs-content":"","ast-featured-img":"","footer-sml-layout":"","ast-disable-related-posts":"","theme-transparent-header-meta":"default","adv-header-id-meta":"","stick-header-meta":"","header-above-stick-meta":"","header-main-stick-meta":"","header-below-stick-meta":"","astra-migrate-meta-layouts":"set","ast-page-background-enabled":"default","ast-page-background-meta":{"desktop":{"background-color":"var(--ast-global-color-4)","background-image":"","background-repeat":"repeat","background-position":"center center","background-size":"auto","background-attachment":"scroll","background-type":"","background-media":"","overlay-type":"","overlay-color":"","overlay-opacity":"","overlay-gradient":""},"tablet":{"background-color":"","background-image":"","background-repeat":"repeat","background-position":"center center","background-size":"auto","background-attachment":"scroll","background-type":"","background-media":"","overlay-type":"","overlay-color":"","overlay-opacity":"","overlay-gradient":""},"mobile":{"background-color":"","background-image":"","background-repeat":"repeat","background-position":"center center","background-size":"auto","background-attachment":"scroll","background-type":"","background-media":"","overlay-type":"","overlay-color":"","overlay-opacity":"","overlay-gradient":""}},"ast-content-background-meta":{"desktop":{"background-color":"var(--ast-global-color-5)","background-image":"","background-repeat":"repeat","background-position":"center center","background-size":"auto","background-attachment":"scroll","background-type":"","background-media":"","overlay-type":"","overlay-color":"","overlay-opacity":"","overlay-gradient":""},"tablet":{"background-color":"var(--ast-global-color-5)","background-image":"","background-repeat":"repeat","background-position":"center center","background-size":"auto","background-attachment":"scroll","background-type":"","background-media":"","overlay-type":"","overlay-color":"","overlay-opacity":"","overlay-gradient":""},"mobile":{"background-color":"var(--ast-global-color-5)","background-image":"","background-repeat":"repeat","background-position":"center center","background-size":"auto","background-attachment":"scroll","background-type":"","background-media":"","overlay-type":"","overlay-color":"","overlay-opacity":"","overlay-gradient":""}}},"product_brand":[],"product_cat":[175],"product_tag":[],"class_list":{"0":"post-24741","1":"product","2":"type-product","3":"status-publish","4":"has-post-thumbnail","6":"product_cat-cleaning-products","7":"desktop-align-left","8":"tablet-align-left","9":"mobile-align-left","11":"first","12":"instock","13":"sale","14":"shipping-taxable","15":"purchasable","16":"product-type-variable","17":"has-default-attributes"},"spectra_custom_meta":{"_visibility":["visible"],"_shopify_product_id":["9106537545973"],"_s2w_shopify_domain":["ferberpainting.myshopify.com"],"_shopify_variant_id":["46626245902581"],"_sku":[""],"_manage_stock":["no"],"total_sales":["11"],"_tax_status":["taxable"],"_tax_class":[""],"_backorders":["no"],"_sold_individually":["no"],"_virtual":["no"],"_downloadable":["no"],"_download_limit":["-1"],"_download_expiry":["-1"],"_stock":[null],"_stock_status":["instock"],"_wc_average_rating":["5.00"],"_wc_review_count":["8"],"_product_attributes":["a:1:{s:6:\"volume\";a:6:{s:4:\"name\";s:6:\"Volume\";s:5:\"value\";s:20:\"5 liters | 25 liters\";s:8:\"position\";i:1;s:10:\"is_visible\";i:0;s:12:\"is_variation\";i:1;s:11:\"is_taxonomy\";i:0;}}"],"_product_version":["10.5.1"],"wpse_downloadable_file_names":[""],"wpse_downloadable_file_urls":[""],"_edit_last":["1"],"_default_attributes":["a:1:{s:6:\"volume\";s:8:\"5 liters\";}"],"_edit_lock":["1771193525:1"],"_price":["29.90","129.90"],"merchant-center-availability":["yes"],"merchant-center-category":["503741"],"_thumbnail_id":["36065"],"_wp_page_template":["default"],"_wp_old_date":["2025-05-26"],"_product_image_gallery":["36066"],"site-sidebar-layout":["default"],"ast-site-content-layout":["default"],"site-content-style":["default"],"site-sidebar-style":["default"],"theme-transparent-header-meta":["default"],"_wc_rating_count":["a:1:{i:5;i:8;}"],"astra-migrate-meta-layouts":["set"],"_uag_css_file_name":["uag-css-24741.css"],"_elementor_page_assets":["a:0:{}"],"_uag_page_assets":["a:9:{s:3:\"css\";s:7133:\".uag-blocks-common-selector{z-index:var(--z-index-desktop) !important}@media(max-width: 976px){.uag-blocks-common-selector{z-index:var(--z-index-tablet) !important}}@media(max-width: 767px){.uag-blocks-common-selector{z-index:var(--z-index-mobile) !important}}.wp-block-uagb-image{display:flex}.wp-block-uagb-image__figure{position:relative;display:flex;flex-direction:column;max-width:100%;height:auto;margin:0}.wp-block-uagb-image__figure img{height:auto;display:flex;max-width:100%;transition:box-shadow .2s ease}.wp-block-uagb-image__figure>a{display:inline-block}.wp-block-uagb-image__figure figcaption{text-align:center;margin-top:.5em;margin-bottom:1em}.wp-block-uagb-image .components-placeholder.block-editor-media-placeholder .components-placeholder__instructions{align-self:center}.wp-block-uagb-image--align-left{text-align:left}.wp-block-uagb-image--align-right{text-align:right}.wp-block-uagb-image--align-center{text-align:center}.wp-block-uagb-image--align-full .wp-block-uagb-image__figure{margin-left:calc(50% - 50vw);margin-right:calc(50% - 50vw);max-width:100vw;width:100vw;height:auto}.wp-block-uagb-image--align-full .wp-block-uagb-image__figure img{height:auto;width:100% !important}.wp-block-uagb-image--align-wide .wp-block-uagb-image__figure img{height:auto;width:100%}.wp-block-uagb-image--layout-overlay__color-wrapper{position:absolute;left:0;top:0;right:0;bottom:0;opacity:.2;background:rgba(0,0,0,.5);transition:opacity .35s ease-in-out}.wp-block-uagb-image--layout-overlay-link{position:absolute;left:0;right:0;bottom:0;top:0}.wp-block-uagb-image--layout-overlay .wp-block-uagb-image__figure:hover .wp-block-uagb-image--layout-overlay__color-wrapper{opacity:1}.wp-block-uagb-image--layout-overlay__inner{position:absolute;left:15px;right:15px;bottom:15px;top:15px;display:flex;align-items:center;justify-content:center;flex-direction:column;border-color:#fff;transition:.35s ease-in-out}.wp-block-uagb-image--layout-overlay__inner.top-left,.wp-block-uagb-image--layout-overlay__inner.top-center,.wp-block-uagb-image--layout-overlay__inner.top-right{justify-content:flex-start}.wp-block-uagb-image--layout-overlay__inner.bottom-left,.wp-block-uagb-image--layout-overlay__inner.bottom-center,.wp-block-uagb-image--layout-overlay__inner.bottom-right{justify-content:flex-end}.wp-block-uagb-image--layout-overlay__inner.top-left,.wp-block-uagb-image--layout-overlay__inner.center-left,.wp-block-uagb-image--layout-overlay__inner.bottom-left{align-items:flex-start}.wp-block-uagb-image--layout-overlay__inner.top-right,.wp-block-uagb-image--layout-overlay__inner.center-right,.wp-block-uagb-image--layout-overlay__inner.bottom-right{align-items:flex-end}.wp-block-uagb-image--layout-overlay__inner .uagb-image-heading{color:#fff;transition:transform .35s,opacity .35s ease-in-out;transform:translate3d(0, 24px, 0);margin:0;line-height:1em}.wp-block-uagb-image--layout-overlay__inner .uagb-image-separator{width:30%;border-top-width:2px;border-top-color:#fff;border-top-style:solid;margin-bottom:10px;opacity:0;transition:transform .4s,opacity .4s ease-in-out;transform:translate3d(0, 30px, 0)}.wp-block-uagb-image--layout-overlay__inner .uagb-image-caption{opacity:0;overflow:visible;color:#fff;transition:transform .45s,opacity .45s ease-in-out;transform:translate3d(0, 35px, 0)}.wp-block-uagb-image--layout-overlay__inner:hover .uagb-image-heading,.wp-block-uagb-image--layout-overlay__inner:hover .uagb-image-separator,.wp-block-uagb-image--layout-overlay__inner:hover .uagb-image-caption{opacity:1;transform:translate3d(0, 0, 0)}.wp-block-uagb-image--effect-zoomin .wp-block-uagb-image__figure img,.wp-block-uagb-image--effect-zoomin .wp-block-uagb-image__figure .wp-block-uagb-image--layout-overlay__color-wrapper{transform:scale(1);transition:transform .35s ease-in-out}.wp-block-uagb-image--effect-zoomin .wp-block-uagb-image__figure:hover img,.wp-block-uagb-image--effect-zoomin .wp-block-uagb-image__figure:hover .wp-block-uagb-image--layout-overlay__color-wrapper{transform:scale(1.05)}.wp-block-uagb-image--effect-slide .wp-block-uagb-image__figure img,.wp-block-uagb-image--effect-slide .wp-block-uagb-image__figure .wp-block-uagb-image--layout-overlay__color-wrapper{width:calc(100% + 40px) !important;max-width:none !important;transform:translate3d(-40px, 0, 0);transition:transform .35s ease-in-out}.wp-block-uagb-image--effect-slide .wp-block-uagb-image__figure:hover img,.wp-block-uagb-image--effect-slide .wp-block-uagb-image__figure:hover .wp-block-uagb-image--layout-overlay__color-wrapper{transform:translate3d(0, 0, 0)}.wp-block-uagb-image--effect-grayscale img{filter:grayscale(0%);transition:.35s ease-in-out}.wp-block-uagb-image--effect-grayscale:hover img{filter:grayscale(100%)}.wp-block-uagb-image--effect-blur img{filter:blur(0);transition:.35s ease-in-out}.wp-block-uagb-image--effect-blur:hover img{filter:blur(3px)}.uagb-block-e6f939b3.wp-block-uagb-image--layout-default figure img{box-shadow: 0px 0px 0 #00000070;}.uagb-block-e6f939b3.wp-block-uagb-image .wp-block-uagb-image__figure figcaption{font-style: normal;align-self: center;}.uagb-block-e6f939b3.wp-block-uagb-image--layout-overlay figure img{box-shadow: 0px 0px 0 #00000070;}.uagb-block-e6f939b3.wp-block-uagb-image--layout-overlay .wp-block-uagb-image--layout-overlay__color-wrapper{opacity: 0.2;}.uagb-block-e6f939b3.wp-block-uagb-image--layout-overlay .wp-block-uagb-image--layout-overlay__inner{left: 15px;right: 15px;top: 15px;bottom: 15px;}.uagb-block-e6f939b3.wp-block-uagb-image--layout-overlay .wp-block-uagb-image--layout-overlay__inner .uagb-image-heading{font-style: normal;color: #fff;opacity: 1;}.uagb-block-e6f939b3.wp-block-uagb-image--layout-overlay .wp-block-uagb-image--layout-overlay__inner .uagb-image-heading a{color: #fff;}.uagb-block-e6f939b3.wp-block-uagb-image--layout-overlay .wp-block-uagb-image--layout-overlay__inner .uagb-image-caption{opacity: 0;}.uagb-block-e6f939b3.wp-block-uagb-image--layout-overlay .wp-block-uagb-image__figure:hover .wp-block-uagb-image--layout-overlay__color-wrapper{opacity: 1;}.uagb-block-e6f939b3.wp-block-uagb-image .wp-block-uagb-image--layout-overlay__inner .uagb-image-separator{width: 30%;border-top-width: 2px;border-top-color: #fff;opacity: 0;}.uagb-block-e6f939b3.wp-block-uagb-image .wp-block-uagb-image__figure img{width: px;height: auto;}.uagb-block-e6f939b3.wp-block-uagb-image .wp-block-uagb-image__figure:hover .wp-block-uagb-image--layout-overlay__inner .uagb-image-caption{opacity: 1;}.uagb-block-e6f939b3.wp-block-uagb-image .wp-block-uagb-image__figure:hover .wp-block-uagb-image--layout-overlay__inner .uagb-image-separator{opacity: 1;}.uagb-block-e6f939b3.wp-block-uagb-image--layout-default figure:hover img{box-shadow: 0px 0px 0 #00000070;}.uagb-block-e6f939b3.wp-block-uagb-image--layout-overlay figure:hover img{box-shadow: 0px 0px 0 #00000070;}@media only screen and (max-width: 976px) {.uagb-block-e6f939b3.wp-block-uagb-image .wp-block-uagb-image__figure img{width: px;height: auto;}}@media only screen and (max-width: 767px) {.uagb-block-e6f939b3.wp-block-uagb-image .wp-block-uagb-image__figure img{width: px;height: auto;}}\";s:2:\"js\";s:0:\"\";s:18:\"current_block_list\";a:13:{i:0;s:11:\"core\/search\";i:1;s:10:\"core\/group\";i:2;s:12:\"core\/heading\";i:3;s:17:\"core\/latest-posts\";i:4;s:20:\"core\/latest-comments\";i:5;s:13:\"core\/archives\";i:6;s:15:\"core\/categories\";i:7;s:14:\"core\/paragraph\";i:8;s:10:\"uagb\/image\";i:9;s:11:\"core\/spacer\";i:10;s:30:\"woocommerce\/product-categories\";i:11;s:10:\"core\/image\";i:12;s:14:\"core\/shortcode\";}s:8:\"uag_flag\";b:1;s:11:\"uag_version\";s:10:\"1777189343\";s:6:\"gfonts\";a:0:{}s:10:\"gfonts_url\";s:0:\"\";s:12:\"gfonts_files\";a:0:{}s:14:\"uag_faq_layout\";b:0;}"]},"uagb_featured_image_src":{"full":["https:\/\/www.ferberpainting.com\/wp-content\/uploads\/2025\/05\/Paint-Cleaner-5L.png",2560,2560,false],"thumbnail":["https:\/\/www.ferberpainting.com\/wp-content\/uploads\/2025\/05\/Paint-Cleaner-5L-150x150.png",150,150,true],"medium":["https:\/\/www.ferberpainting.com\/wp-content\/uploads\/2025\/05\/Paint-Cleaner-5L-300x300.png",300,300,true],"medium_large":["https:\/\/www.ferberpainting.com\/wp-content\/uploads\/2025\/05\/Paint-Cleaner-5L-768x768.png",768,768,true],"large":["https:\/\/www.ferberpainting.com\/wp-content\/uploads\/2025\/05\/Paint-Cleaner-5L-1024x1024.png",1024,1024,true],"1536x1536":["https:\/\/www.ferberpainting.com\/wp-content\/uploads\/2025\/05\/Paint-Cleaner-5L-1536x1536.png",1536,1536,true],"2048x2048":["https:\/\/www.ferberpainting.com\/wp-content\/uploads\/2025\/05\/Paint-Cleaner-5L-2048x2048.png",2048,2048,true],"trp-custom-language-flag":["https:\/\/www.ferberpainting.com\/wp-content\/uploads\/2025\/05\/Paint-Cleaner-5L-12x12.png",12,12,true],"woocommerce_thumbnail":["https:\/\/www.ferberpainting.com\/wp-content\/uploads\/2025\/05\/Paint-Cleaner-5L-300x300.png",300,300,true],"woocommerce_single":["https:\/\/www.ferberpainting.com\/wp-content\/uploads\/2025\/05\/Paint-Cleaner-5L-600x600.png",600,600,true],"woocommerce_gallery_thumbnail":["https:\/\/www.ferberpainting.com\/wp-content\/uploads\/2025\/05\/Paint-Cleaner-5L-100x100.png",100,100,true]},"uagb_author_info":{"display_name":"admin","author_link":"https:\/\/www.ferberpainting.com\/fi\/author\/"},"uagb_comment_info":8,"uagb_excerpt":"Optimal Efficiency.\u00a0This paint cleaner is designed to effectively eliminate paint residues, stains, dried brush marks, and splatters on a wide variety of surfaces. It deeply dissolves impurities without damaging treated materials, restoring their original appearance. Thanks to its powerful formula, it acts quickly on water-based, solvent-based, or varnish paints, ensuring perfect cleaning with no effort.&hellip;","_links":{"self":[{"href":"https:\/\/www.ferberpainting.com\/fi\/wp-json\/wp\/v2\/product\/24741","targetHints":{"allow":["GET"]}}],"collection":[{"href":"https:\/\/www.ferberpainting.com\/fi\/wp-json\/wp\/v2\/product"}],"about":[{"href":"https:\/\/www.ferberpainting.com\/fi\/wp-json\/wp\/v2\/types\/product"}],"replies":[{"embeddable":true,"href":"https:\/\/www.ferberpainting.com\/fi\/wp-json\/wp\/v2\/comments?post=24741"}],"version-history":[{"count":4,"href":"https:\/\/www.ferberpainting.com\/fi\/wp-json\/wp\/v2\/product\/24741\/revisions"}],"predecessor-version":[{"id":166668,"href":"https:\/\/www.ferberpainting.com\/fi\/wp-json\/wp\/v2\/product\/24741\/revisions\/166668"}],"wp:featuredmedia":[{"embeddable":true,"href":"https:\/\/www.ferberpainting.com\/fi\/wp-json\/wp\/v2\/media\/36065"}],"wp:attachment":[{"href":"https:\/\/www.ferberpainting.com\/fi\/wp-json\/wp\/v2\/media?parent=24741"}],"wp:term":[{"taxonomy":"product_brand","embeddable":true,"href":"https:\/\/www.ferberpainting.com\/fi\/wp-json\/wp\/v2\/product_brand?post=24741"},{"taxonomy":"product_cat","embeddable":true,"href":"https:\/\/www.ferberpainting.com\/fi\/wp-json\/wp\/v2\/product_cat?post=24741"},{"taxonomy":"product_tag","embeddable":true,"href":"https:\/\/www.ferberpainting.com\/fi\/wp-json\/wp\/v2\/product_tag?post=24741"}],"curies":[{"name":"wp","href":"https:\/\/api.w.org\/{rel}","templated":true}]}}