{"id":24708,"date":"2025-05-26T10:26:43","date_gmt":"2025-05-26T08:26:43","guid":{"rendered":"https:\/\/www.ferberpainting.com\/products\/mimosa-fertilizer\/"},"modified":"2026-02-15T22:01:50","modified_gmt":"2026-02-15T21:01:50","slug":"mimosa-fertilizer","status":"publish","type":"product","link":"https:\/\/www.ferberpainting.com\/fi\/products\/mimosa-fertilizer\/","title":{"rendered":"Mimosa-lannoite"},"content":{"rendered":"<p><strong><img decoding=\"async\" style=\"margin-right: 12px;\" src=\"https:\/\/www.ferberpainting.com\/wp-content\/uploads\/2026\/02\/Check.svg\" alt=\"\" width=\"18\" height=\"15\" \/>Lannoite, joka on suunniteltu h\u00e4ik\u00e4isev\u00e4\u00e4 kukintaa ja voimakasta kasvua varten.<\/strong>\u00a0Mimosa on koristepuu, jota arvostetaan sen upeiden, tuoksuvien keltaisten kukkien ja herk\u00e4n lehdist\u00f6n vuoksi. Saadakseen t\u00e4yden koristepotentiaalinsa esiin se tarvitsee tasapainoisen ja runsaan ravinnonsaannin, joka edist\u00e4\u00e4 sen kehityst\u00e4. T\u00e4m\u00e4 NPK 15-15-15 -lannoite takaa t\u00e4ydellisen lannoituksen tarjoamalla lehtien nopeaan kasvuun tarvittavaa typpe\u00e4 (N), fosforia (P), joka edist\u00e4\u00e4 syv\u00e4\u00e4 ja voimakasta juurtumista, ja kaliumia (K), joka parantaa vastustuskyky\u00e4 tauteja ja \u00e4\u00e4rimm\u00e4isi\u00e4 s\u00e4\u00e4olosuhteita vastaan. T\u00e4m\u00e4n lannoitteen ansiosta mimoosasi hy\u00f6tyy runsaasta kukinnasta, rehevist\u00e4 lehdist\u00e4 ja paremmasta sopeutumiskyvyst\u00e4 kuivuuteen ja pakkasiin.<\/p>\n<p><strong><img decoding=\"async\" style=\"margin-right: 12px;\" src=\"https:\/\/www.ferberpainting.com\/wp-content\/uploads\/2026\/02\/Check.svg\" alt=\"\" width=\"18\" height=\"15\" \/>Rahat takaisin -takuu.<\/strong>\u00a0Luotamme t\u00e4ysin mimoosalannoitteemme tehokkuuteen, mink\u00e4 vuoksi tarjoamme rahanpalautustakuun. Jos puusi ei suosituksiemme mukaisen asianmukaisen k\u00e4yt\u00f6n j\u00e4lkeen havaitse havaittavaa parannusta kasvussa, kukinnassa tai ulkoisten vaikutusten vastustuskyvyss\u00e4, sitoudumme palauttamaan sinulle rahasi t\u00e4ysim\u00e4\u00e4r\u00e4isesti. Voit ostaa t\u00e4ysin rauhallisin mielin ja luottavaisin mielin.<\/p>\n<p><strong><img decoding=\"async\" style=\"margin-right: 12px;\" src=\"https:\/\/www.ferberpainting.com\/wp-content\/uploads\/2026\/02\/Check.svg\" alt=\"\" width=\"18\" height=\"15\" \/>Sopii kaikille lajikkeille ja erilaisille viljelymenetelmille.<\/strong>\u00a0T\u00e4m\u00e4 lannoite sopii kaikille mimoosatyypeille, olipa kyseess\u00e4 sitten talvimimosa (Acacia dealbata), nelivuotismimosa (Acacia retinodes) tai jopa Mimosa pudica. Se tehoaa avomaalla, ruukuissa tai ammeissa kasvatettuihin puihin ja takaa optimaalisen lannoituksen kasvatustavasta riippumatta. Se soveltuu my\u00f6s kaikentyyppisille maaperille, olivatpa ne sitten savisia, hiekkaisia tai savisia, parantaen maaper\u00e4n rakennetta ja edist\u00e4m\u00e4ll\u00e4 ravinteiden parempaa pid\u00e4ttymist\u00e4.<\/p>\n<p><strong><img decoding=\"async\" style=\"margin-right: 12px;\" src=\"https:\/\/www.ferberpainting.com\/wp-content\/uploads\/2026\/02\/Check.svg\" alt=\"\" width=\"18\" height=\"15\" \/>Kustannustehokas sato ja pitk\u00e4aikainen lannoitus.<\/strong>\u00a0Sen nestem\u00e4isen tiivistetyn koostumuksen ansiosta 5 litran t\u00f6lkki valmistaa jopa 1000 litraa lannoiteliuosta, mik\u00e4 mahdollistaa pitk\u00e4kestoisen ja taloudellisen lannoituksen. Suositeltu annostus on 5 ml litraa vett\u00e4 kohti, joten se takaa tasaisen ja tasalaatuisen ravinteiden saannin, jolloin v\u00e4ltet\u00e4\u00e4n puutokset ja optimoidaan mimosan kasvu ja kukinta ilman ylim\u00e4\u00e4r\u00e4\u00e4 tai tuhlausta.<\/p>\n<p><strong><img decoding=\"async\" style=\"margin-right: 12px;\" src=\"https:\/\/www.ferberpainting.com\/wp-content\/uploads\/2026\/02\/Check.svg\" alt=\"\" width=\"18\" height=\"15\" \/>Turvallinen ja ymp\u00e4rist\u00f6yst\u00e4v\u00e4llinen lannoite.<\/strong>\u00a0T\u00e4m\u00e4 lannoite on suunniteltu maaper\u00e4n tasapainoa ja ymp\u00e4r\u00f6iv\u00e4\u00e4 biologista monimuotoisuutta kunnioittaen, eik\u00e4 se sis\u00e4ll\u00e4 haitallisia kemiallisia tuotteita, jotka todenn\u00e4k\u00f6isesti muuttaisivat maaper\u00e4n mikroflooraa tai vahingoittaisivat p\u00f6lytt\u00e4vi\u00e4 hy\u00f6nteisi\u00e4, kuten mehil\u00e4isi\u00e4 ja perhosia. Se on turvallinen lemmikkiel\u00e4imille ja lapsille, mik\u00e4 takaa lannoituksen t\u00e4ydell\u00e4 mielenrauhalla puutarhassasi tai ulkotilassasi.<\/p>\n<p><strong><img decoding=\"async\" style=\"margin-right: 12px;\" src=\"https:\/\/www.ferberpainting.com\/wp-content\/uploads\/2026\/02\/Check.svg\" alt=\"\" width=\"18\" height=\"15\" \/>Helppo levitt\u00e4\u00e4 ja vaivaton lannoitus.<\/strong>\u00a0Toisin kuin kiinte\u00e4t lannoitteet, jotka vaativat huolellista levitt\u00e4mist\u00e4, t\u00e4m\u00e4 lannoite laimenee v\u00e4litt\u00f6m\u00e4sti veteen ja levitet\u00e4\u00e4n kastelemalla tai ruiskuttamalla, mik\u00e4 takaa ravinteiden nopean ja tehokkaan imeytymisen. Sen yksinkertainen ja nopea levitystapa tekee siit\u00e4 ihanteellisen ratkaisun sek\u00e4 harrastelijapuutarhureille ett\u00e4 kokeneille puutarhaviljelij\u00f6ille.<\/p>\n<p><strong><img decoding=\"async\" style=\"margin-right: 12px;\" src=\"https:\/\/www.ferberpainting.com\/wp-content\/uploads\/2026\/02\/Check.svg\" alt=\"\" width=\"18\" height=\"15\" \/>Pitk\u00e4aikainen vaikutus jatkuvaan kasvuun ja kest\u00e4v\u00e4\u00e4n kukintaan.<\/strong>\u00a0Asteittaisen ravinteiden vapautumisen ansiosta t\u00e4m\u00e4 lannoite ravitsee mimosaa useita viikkoja, mik\u00e4 takaa pitkittyneen kukinnan ja kest\u00e4v\u00e4n kasvun. Se vahvistaa my\u00f6s kasvin vastustuskyky\u00e4 tuholaisia, sienitauteja ja ymp\u00e4rist\u00f6stressi\u00e4, kuten kylmyytt\u00e4 tai kes\u00e4n kuivuutta vastaan.<\/p>\n<p><strong><img decoding=\"async\" style=\"margin-right: 12px;\" src=\"https:\/\/www.ferberpainting.com\/wp-content\/uploads\/2026\/02\/Check.svg\" alt=\"\" width=\"18\" height=\"15\" \/>N\u00e4kyvi\u00e4 tuloksia ensimm\u00e4isten viikkojen aikana.<\/strong>\u00a0T\u00e4m\u00e4 lannoite stimuloi uusien versojen syntymist\u00e4, lis\u00e4\u00e4 lehtien tiheytt\u00e4 ja tehostaa kukkien v\u00e4ri\u00e4 ja tuoksua heti ensimm\u00e4isist\u00e4 k\u00e4ytt\u00f6kerroista l\u00e4htien. Vain muutamassa viikossa mimoosasi kasvaa voimakkaasti, kukinta on runsas ja v\u00e4rit kirkkaammat, ja se s\u00e4teilee ihastuttavaa tuoksua, joka tuo puutarhaan tai terassille ripauksen eleganssia.<\/p>\n<h2><strong>K\u00e4ytt\u00f6protokolla<\/strong><\/h2>\n<p><strong>Lannoitteen laimennus <\/strong>: Sekoita 5 ml lannoitetta 1 litraan vett\u00e4. Ravista liuosta hyvin ennen jokaista levityst\u00e4 ravinteiden tasaisen jakautumisen varmistamiseksi.<\/p>\n<p><strong>Soveltamismenetelm\u00e4 <\/strong>:<br \/>\n\u25e6 <strong>Kastelemalla <\/strong>: Kaada laimennettu liuos suoraan mimosan tyvelle ja varmista, ett\u00e4 maaper\u00e4 kostutetaan hyvin, mutta ei liikaa, jotta v\u00e4ltyt\u00e4\u00e4n ravinteiden valumiselta.<br \/>\n\u25e6 <strong>Lehtiruiskuttamalla (valinnainen) <\/strong>: Ruiskuta liuosta kevyesti lehdille ja nuorille varsille varhain aamulla tai my\u00f6h\u00e4\u00e4n p\u00e4iv\u00e4ll\u00e4, jotta imeytyminen olisi mahdollisimman suuri ilman liiallista haihtumisriski\u00e4.<\/p>\n<p><strong>Sovellustiheys <\/strong>:<br \/>\n\u25e6 <strong>Kasvu- ja kukinta-aikana (kev\u00e4t-kes\u00e4). <\/strong>: Levit\u00e4 lannoitetta kahden viikon v\u00e4lein nopean kasvun ja runsaan kukinnan edist\u00e4miseksi.<br \/>\n\u25e6 <strong>Kasvullisen levon aikana (syksy-talvi) <\/strong>: V\u00e4henn\u00e4 istutustiheytt\u00e4 yhteen kertaan kuukaudessa, jotta mimosan elinvoimaisuus s\u00e4ilyy ilman, ett\u00e4 liiallinen kasvu lis\u00e4\u00e4ntyy.<\/p>\n<p><strong>Lis\u00e4kastelu <\/strong>: Lannoitteen levitt\u00e4misen j\u00e4lkeen on odotettava 48 tuntia ennen uutta kastelua, jotta juuret voivat ime\u00e4 ravinteet mahdollisimman hyvin.<\/p>\n<p><strong>K\u00e4ytt\u00f6\u00e4 koskevat varotoimet <\/strong>: \u00c4l\u00e4 ylit\u00e4 suositeltuja annoksia, jotta v\u00e4ltyt\u00e4\u00e4n mineraalisuolojen liialliselta kertymiselt\u00e4 maaper\u00e4\u00e4n, mik\u00e4 voi hidastaa mimosan kasvua. Levit\u00e4 vain hieman kosteaan maahan, jotta ravinteet imeytyv\u00e4t optimaalisesti.<\/p>\n<p><strong>Varastointi ja s\u00e4ilytt\u00e4minen <\/strong>: S\u00e4ilyt\u00e4 lannoitetta kuivassa, lauhkeassa paikassa, suojattuna valolta ja kosteudelta. Sulje s\u00e4ili\u00f6 tiiviisti jokaisen k\u00e4ytt\u00f6kerran j\u00e4lkeen, jotta tuotteen teho s\u00e4ilyy ja haihtuminen estyy.<\/p>\n<p>T\u00e4m\u00e4n mimosalannoitteen avulla voit tarjota puullesi t\u00e4ydellisen ravinnon, joka on r\u00e4\u00e4t\u00e4l\u00f6ity t\u00e4ydellisesti sen erityistarpeisiin, varmistaen voimakkaan kasvun, n\u00e4ytt\u00e4v\u00e4n kukinnan ja paremman kest\u00e4vyyden ulko-olosuhteissa. Se on ihanteellinen ratkaisu, jolla voit korostaa puutarhaa, terassia tai parveketta rehev\u00e4ll\u00e4 ja terveell\u00e4 mimosalla ymp\u00e4ri vuoden.<\/p>","protected":false},"excerpt":{"rendered":"<p>A fertilizer designed for dazzling flowering and vigorous growth.\u00a0The mimosa is an ornamental tree appreciated for its magnificent clusters of fragrant yellow flowers and its delicate foliage. To reveal its full decorative potential, it needs a balanced and rich nutrient supply that promotes its development. This NPK 15-15-15 fertilizer ensures complete fertilization by providing nitrogen [&hellip;]<\/p>\n","protected":false},"featured_media":26587,"comment_status":"open","ping_status":"closed","template":"","meta":{"_uag_custom_page_level_css":"","site-sidebar-layout":"default","site-content-layout":"","ast-site-content-layout":"default","site-content-style":"default","site-sidebar-style":"default","ast-global-header-display":"","ast-banner-title-visibility":"","ast-main-header-display":"","ast-hfb-above-header-display":"","ast-hfb-below-header-display":"","ast-hfb-mobile-header-display":"","site-post-title":"","ast-breadcrumbs-content":"","ast-featured-img":"","footer-sml-layout":"","ast-disable-related-posts":"","theme-transparent-header-meta":"default","adv-header-id-meta":"","stick-header-meta":"","header-above-stick-meta":"","header-main-stick-meta":"","header-below-stick-meta":"","astra-migrate-meta-layouts":"set","ast-page-background-enabled":"default","ast-page-background-meta":{"desktop":{"background-color":"var(--ast-global-color-4)","background-image":"","background-repeat":"repeat","background-position":"center center","background-size":"auto","background-attachment":"scroll","background-type":"","background-media":"","overlay-type":"","overlay-color":"","overlay-opacity":"","overlay-gradient":""},"tablet":{"background-color":"","background-image":"","background-repeat":"repeat","background-position":"center center","background-size":"auto","background-attachment":"scroll","background-type":"","background-media":"","overlay-type":"","overlay-color":"","overlay-opacity":"","overlay-gradient":""},"mobile":{"background-color":"","background-image":"","background-repeat":"repeat","background-position":"center center","background-size":"auto","background-attachment":"scroll","background-type":"","background-media":"","overlay-type":"","overlay-color":"","overlay-opacity":"","overlay-gradient":""}},"ast-content-background-meta":{"desktop":{"background-color":"var(--ast-global-color-5)","background-image":"","background-repeat":"repeat","background-position":"center center","background-size":"auto","background-attachment":"scroll","background-type":"","background-media":"","overlay-type":"","overlay-color":"","overlay-opacity":"","overlay-gradient":""},"tablet":{"background-color":"var(--ast-global-color-5)","background-image":"","background-repeat":"repeat","background-position":"center center","background-size":"auto","background-attachment":"scroll","background-type":"","background-media":"","overlay-type":"","overlay-color":"","overlay-opacity":"","overlay-gradient":""},"mobile":{"background-color":"var(--ast-global-color-5)","background-image":"","background-repeat":"repeat","background-position":"center center","background-size":"auto","background-attachment":"scroll","background-type":"","background-media":"","overlay-type":"","overlay-color":"","overlay-opacity":"","overlay-gradient":""}}},"product_brand":[],"product_cat":[178],"product_tag":[],"class_list":{"0":"post-24708","1":"product","2":"type-product","3":"status-publish","4":"has-post-thumbnail","6":"product_cat-fertilizers","7":"desktop-align-left","8":"tablet-align-left","9":"mobile-align-left","11":"first","12":"instock","13":"sale","14":"taxable","15":"shipping-taxable","16":"purchasable","17":"product-type-variable","18":"has-default-attributes"},"spectra_custom_meta":{"_visibility":["visible"],"_shopify_product_id":["9067654873333"],"_s2w_shopify_domain":["ferberpainting.myshopify.com"],"_shopify_variant_id":["46508217499893"],"_sku":[""],"_manage_stock":["no"],"total_sales":["12"],"_tax_status":["taxable"],"_tax_class":[""],"_backorders":["no"],"_sold_individually":["no"],"_virtual":["no"],"_downloadable":["no"],"_download_limit":["-1"],"_download_expiry":["-1"],"_stock":[null],"_stock_status":["instock"],"_wc_average_rating":["4.75"],"_wc_review_count":["8"],"_product_attributes":["a:1:{s:6:\"volume\";a:6:{s:4:\"name\";s:6:\"Volume\";s:5:\"value\";s:20:\"5 liters | 25 liters\";s:8:\"position\";i:1;s:10:\"is_visible\";i:0;s:12:\"is_variation\";i:1;s:11:\"is_taxonomy\";i:0;}}"],"_product_version":["10.5.1"],"_thumbnail_id":["26587"],"_product_image_gallery":["26588"],"wpse_downloadable_file_names":[""],"wpse_downloadable_file_urls":[""],"_edit_last":["1"],"_default_attributes":["a:1:{s:6:\"volume\";s:8:\"5 liters\";}"],"_edit_lock":["1771189169:1"],"_price":["29.90","129.90"],"merchant-center-availability":["yes"],"merchant-center-category":["113"],"_wp_page_template":["default"],"site-sidebar-layout":["default"],"ast-site-content-layout":["default"],"site-content-style":["default"],"site-sidebar-style":["default"],"theme-transparent-header-meta":["default"],"_wc_rating_count":["a:2:{i:4;i:2;i:5;i:6;}"],"astra-migrate-meta-layouts":["set"],"_uag_css_file_name":["uag-css-24708.css"],"_elementor_page_assets":["a:0:{}"],"_uag_page_assets":["a:9:{s:3:\"css\";s:7133:\".uag-blocks-common-selector{z-index:var(--z-index-desktop) !important}@media(max-width: 976px){.uag-blocks-common-selector{z-index:var(--z-index-tablet) !important}}@media(max-width: 767px){.uag-blocks-common-selector{z-index:var(--z-index-mobile) !important}}.wp-block-uagb-image{display:flex}.wp-block-uagb-image__figure{position:relative;display:flex;flex-direction:column;max-width:100%;height:auto;margin:0}.wp-block-uagb-image__figure img{height:auto;display:flex;max-width:100%;transition:box-shadow .2s ease}.wp-block-uagb-image__figure>a{display:inline-block}.wp-block-uagb-image__figure figcaption{text-align:center;margin-top:.5em;margin-bottom:1em}.wp-block-uagb-image .components-placeholder.block-editor-media-placeholder .components-placeholder__instructions{align-self:center}.wp-block-uagb-image--align-left{text-align:left}.wp-block-uagb-image--align-right{text-align:right}.wp-block-uagb-image--align-center{text-align:center}.wp-block-uagb-image--align-full .wp-block-uagb-image__figure{margin-left:calc(50% - 50vw);margin-right:calc(50% - 50vw);max-width:100vw;width:100vw;height:auto}.wp-block-uagb-image--align-full .wp-block-uagb-image__figure img{height:auto;width:100% !important}.wp-block-uagb-image--align-wide .wp-block-uagb-image__figure img{height:auto;width:100%}.wp-block-uagb-image--layout-overlay__color-wrapper{position:absolute;left:0;top:0;right:0;bottom:0;opacity:.2;background:rgba(0,0,0,.5);transition:opacity .35s ease-in-out}.wp-block-uagb-image--layout-overlay-link{position:absolute;left:0;right:0;bottom:0;top:0}.wp-block-uagb-image--layout-overlay .wp-block-uagb-image__figure:hover .wp-block-uagb-image--layout-overlay__color-wrapper{opacity:1}.wp-block-uagb-image--layout-overlay__inner{position:absolute;left:15px;right:15px;bottom:15px;top:15px;display:flex;align-items:center;justify-content:center;flex-direction:column;border-color:#fff;transition:.35s ease-in-out}.wp-block-uagb-image--layout-overlay__inner.top-left,.wp-block-uagb-image--layout-overlay__inner.top-center,.wp-block-uagb-image--layout-overlay__inner.top-right{justify-content:flex-start}.wp-block-uagb-image--layout-overlay__inner.bottom-left,.wp-block-uagb-image--layout-overlay__inner.bottom-center,.wp-block-uagb-image--layout-overlay__inner.bottom-right{justify-content:flex-end}.wp-block-uagb-image--layout-overlay__inner.top-left,.wp-block-uagb-image--layout-overlay__inner.center-left,.wp-block-uagb-image--layout-overlay__inner.bottom-left{align-items:flex-start}.wp-block-uagb-image--layout-overlay__inner.top-right,.wp-block-uagb-image--layout-overlay__inner.center-right,.wp-block-uagb-image--layout-overlay__inner.bottom-right{align-items:flex-end}.wp-block-uagb-image--layout-overlay__inner .uagb-image-heading{color:#fff;transition:transform .35s,opacity .35s ease-in-out;transform:translate3d(0, 24px, 0);margin:0;line-height:1em}.wp-block-uagb-image--layout-overlay__inner .uagb-image-separator{width:30%;border-top-width:2px;border-top-color:#fff;border-top-style:solid;margin-bottom:10px;opacity:0;transition:transform .4s,opacity .4s ease-in-out;transform:translate3d(0, 30px, 0)}.wp-block-uagb-image--layout-overlay__inner .uagb-image-caption{opacity:0;overflow:visible;color:#fff;transition:transform .45s,opacity .45s ease-in-out;transform:translate3d(0, 35px, 0)}.wp-block-uagb-image--layout-overlay__inner:hover .uagb-image-heading,.wp-block-uagb-image--layout-overlay__inner:hover .uagb-image-separator,.wp-block-uagb-image--layout-overlay__inner:hover .uagb-image-caption{opacity:1;transform:translate3d(0, 0, 0)}.wp-block-uagb-image--effect-zoomin .wp-block-uagb-image__figure img,.wp-block-uagb-image--effect-zoomin .wp-block-uagb-image__figure .wp-block-uagb-image--layout-overlay__color-wrapper{transform:scale(1);transition:transform .35s ease-in-out}.wp-block-uagb-image--effect-zoomin .wp-block-uagb-image__figure:hover img,.wp-block-uagb-image--effect-zoomin .wp-block-uagb-image__figure:hover .wp-block-uagb-image--layout-overlay__color-wrapper{transform:scale(1.05)}.wp-block-uagb-image--effect-slide .wp-block-uagb-image__figure img,.wp-block-uagb-image--effect-slide .wp-block-uagb-image__figure .wp-block-uagb-image--layout-overlay__color-wrapper{width:calc(100% + 40px) !important;max-width:none !important;transform:translate3d(-40px, 0, 0);transition:transform .35s ease-in-out}.wp-block-uagb-image--effect-slide .wp-block-uagb-image__figure:hover img,.wp-block-uagb-image--effect-slide .wp-block-uagb-image__figure:hover .wp-block-uagb-image--layout-overlay__color-wrapper{transform:translate3d(0, 0, 0)}.wp-block-uagb-image--effect-grayscale img{filter:grayscale(0%);transition:.35s ease-in-out}.wp-block-uagb-image--effect-grayscale:hover img{filter:grayscale(100%)}.wp-block-uagb-image--effect-blur img{filter:blur(0);transition:.35s ease-in-out}.wp-block-uagb-image--effect-blur:hover img{filter:blur(3px)}.uagb-block-e6f939b3.wp-block-uagb-image--layout-default figure img{box-shadow: 0px 0px 0 #00000070;}.uagb-block-e6f939b3.wp-block-uagb-image .wp-block-uagb-image__figure figcaption{font-style: normal;align-self: center;}.uagb-block-e6f939b3.wp-block-uagb-image--layout-overlay figure img{box-shadow: 0px 0px 0 #00000070;}.uagb-block-e6f939b3.wp-block-uagb-image--layout-overlay .wp-block-uagb-image--layout-overlay__color-wrapper{opacity: 0.2;}.uagb-block-e6f939b3.wp-block-uagb-image--layout-overlay .wp-block-uagb-image--layout-overlay__inner{left: 15px;right: 15px;top: 15px;bottom: 15px;}.uagb-block-e6f939b3.wp-block-uagb-image--layout-overlay .wp-block-uagb-image--layout-overlay__inner .uagb-image-heading{font-style: normal;color: #fff;opacity: 1;}.uagb-block-e6f939b3.wp-block-uagb-image--layout-overlay .wp-block-uagb-image--layout-overlay__inner .uagb-image-heading a{color: #fff;}.uagb-block-e6f939b3.wp-block-uagb-image--layout-overlay .wp-block-uagb-image--layout-overlay__inner .uagb-image-caption{opacity: 0;}.uagb-block-e6f939b3.wp-block-uagb-image--layout-overlay .wp-block-uagb-image__figure:hover .wp-block-uagb-image--layout-overlay__color-wrapper{opacity: 1;}.uagb-block-e6f939b3.wp-block-uagb-image .wp-block-uagb-image--layout-overlay__inner .uagb-image-separator{width: 30%;border-top-width: 2px;border-top-color: #fff;opacity: 0;}.uagb-block-e6f939b3.wp-block-uagb-image .wp-block-uagb-image__figure img{width: px;height: auto;}.uagb-block-e6f939b3.wp-block-uagb-image .wp-block-uagb-image__figure:hover .wp-block-uagb-image--layout-overlay__inner .uagb-image-caption{opacity: 1;}.uagb-block-e6f939b3.wp-block-uagb-image .wp-block-uagb-image__figure:hover .wp-block-uagb-image--layout-overlay__inner .uagb-image-separator{opacity: 1;}.uagb-block-e6f939b3.wp-block-uagb-image--layout-default figure:hover img{box-shadow: 0px 0px 0 #00000070;}.uagb-block-e6f939b3.wp-block-uagb-image--layout-overlay figure:hover img{box-shadow: 0px 0px 0 #00000070;}@media only screen and (max-width: 976px) {.uagb-block-e6f939b3.wp-block-uagb-image .wp-block-uagb-image__figure img{width: px;height: auto;}}@media only screen and (max-width: 767px) {.uagb-block-e6f939b3.wp-block-uagb-image .wp-block-uagb-image__figure img{width: px;height: auto;}}\";s:2:\"js\";s:0:\"\";s:18:\"current_block_list\";a:13:{i:0;s:11:\"core\/search\";i:1;s:10:\"core\/group\";i:2;s:12:\"core\/heading\";i:3;s:17:\"core\/latest-posts\";i:4;s:20:\"core\/latest-comments\";i:5;s:13:\"core\/archives\";i:6;s:15:\"core\/categories\";i:7;s:14:\"core\/paragraph\";i:8;s:10:\"uagb\/image\";i:9;s:11:\"core\/spacer\";i:10;s:30:\"woocommerce\/product-categories\";i:11;s:10:\"core\/image\";i:12;s:14:\"core\/shortcode\";}s:8:\"uag_flag\";b:1;s:11:\"uag_version\";s:10:\"1777240501\";s:6:\"gfonts\";a:0:{}s:10:\"gfonts_url\";s:0:\"\";s:12:\"gfonts_files\";a:0:{}s:14:\"uag_faq_layout\";b:0;}"]},"uagb_featured_image_src":{"full":["https:\/\/www.ferberpainting.com\/wp-content\/uploads\/2025\/05\/MimosaFertilizer5L.png",2560,2560,false],"thumbnail":["https:\/\/www.ferberpainting.com\/wp-content\/uploads\/2025\/05\/MimosaFertilizer5L-150x150.png",150,150,true],"medium":["https:\/\/www.ferberpainting.com\/wp-content\/uploads\/2025\/05\/MimosaFertilizer5L-300x300.png",300,300,true],"medium_large":["https:\/\/www.ferberpainting.com\/wp-content\/uploads\/2025\/05\/MimosaFertilizer5L-768x768.png",768,768,true],"large":["https:\/\/www.ferberpainting.com\/wp-content\/uploads\/2025\/05\/MimosaFertilizer5L-1024x1024.png",1024,1024,true],"1536x1536":["https:\/\/www.ferberpainting.com\/wp-content\/uploads\/2025\/05\/MimosaFertilizer5L-1536x1536.png",1536,1536,true],"2048x2048":["https:\/\/www.ferberpainting.com\/wp-content\/uploads\/2025\/05\/MimosaFertilizer5L-2048x2048.png",2048,2048,true],"trp-custom-language-flag":["https:\/\/www.ferberpainting.com\/wp-content\/uploads\/2025\/05\/MimosaFertilizer5L-12x12.png",12,12,true],"woocommerce_thumbnail":["https:\/\/www.ferberpainting.com\/wp-content\/uploads\/2025\/05\/MimosaFertilizer5L-300x300.png",300,300,true],"woocommerce_single":["https:\/\/www.ferberpainting.com\/wp-content\/uploads\/2025\/05\/MimosaFertilizer5L-600x600.png",600,600,true],"woocommerce_gallery_thumbnail":["https:\/\/www.ferberpainting.com\/wp-content\/uploads\/2025\/05\/MimosaFertilizer5L-100x100.png",100,100,true]},"uagb_author_info":{"display_name":"admin","author_link":"https:\/\/www.ferberpainting.com\/fi\/author\/"},"uagb_comment_info":8,"uagb_excerpt":"A fertilizer designed for dazzling flowering and vigorous growth.\u00a0The mimosa is an ornamental tree appreciated for its magnificent clusters of fragrant yellow flowers and its delicate foliage. To reveal its full decorative potential, it needs a balanced and rich nutrient supply that promotes its development. This NPK 15-15-15 fertilizer ensures complete fertilization by providing nitrogen&hellip;","_links":{"self":[{"href":"https:\/\/www.ferberpainting.com\/fi\/wp-json\/wp\/v2\/product\/24708","targetHints":{"allow":["GET"]}}],"collection":[{"href":"https:\/\/www.ferberpainting.com\/fi\/wp-json\/wp\/v2\/product"}],"about":[{"href":"https:\/\/www.ferberpainting.com\/fi\/wp-json\/wp\/v2\/types\/product"}],"replies":[{"embeddable":true,"href":"https:\/\/www.ferberpainting.com\/fi\/wp-json\/wp\/v2\/comments?post=24708"}],"version-history":[{"count":3,"href":"https:\/\/www.ferberpainting.com\/fi\/wp-json\/wp\/v2\/product\/24708\/revisions"}],"predecessor-version":[{"id":166598,"href":"https:\/\/www.ferberpainting.com\/fi\/wp-json\/wp\/v2\/product\/24708\/revisions\/166598"}],"wp:featuredmedia":[{"embeddable":true,"href":"https:\/\/www.ferberpainting.com\/fi\/wp-json\/wp\/v2\/media\/26587"}],"wp:attachment":[{"href":"https:\/\/www.ferberpainting.com\/fi\/wp-json\/wp\/v2\/media?parent=24708"}],"wp:term":[{"taxonomy":"product_brand","embeddable":true,"href":"https:\/\/www.ferberpainting.com\/fi\/wp-json\/wp\/v2\/product_brand?post=24708"},{"taxonomy":"product_cat","embeddable":true,"href":"https:\/\/www.ferberpainting.com\/fi\/wp-json\/wp\/v2\/product_cat?post=24708"},{"taxonomy":"product_tag","embeddable":true,"href":"https:\/\/www.ferberpainting.com\/fi\/wp-json\/wp\/v2\/product_tag?post=24708"}],"curies":[{"name":"wp","href":"https:\/\/api.w.org\/{rel}","templated":true}]}}