{"id":24701,"date":"2025-05-26T10:26:40","date_gmt":"2025-05-26T08:26:40","guid":{"rendered":"https:\/\/www.ferberpainting.com\/products\/microcement-varnish\/"},"modified":"2026-02-15T21:50:30","modified_gmt":"2026-02-15T20:50:30","slug":"microcement-varnish","status":"publish","type":"product","link":"https:\/\/www.ferberpainting.com\/fi\/products\/microcement-varnish\/","title":{"rendered":"Mikrosementtilakka"},"content":{"rendered":"<p><strong><img decoding=\"async\" style=\"margin-right: 12px;\" src=\"https:\/\/www.ferberpainting.com\/wp-content\/uploads\/2026\/02\/Check.svg\" alt=\"\" width=\"18\" height=\"15\" \/>Vahatun betonin suojaaminen ja parantaminen.<\/strong>\u00a0T\u00e4m\u00e4 vahattu betonilakka on erityisesti suunniteltu suojaamaan ja parantamaan pintoja s\u00e4ilytt\u00e4en niiden luonnollisen ulkon\u00e4\u00f6n. Se muodostaa n\u00e4kym\u00e4tt\u00f6m\u00e4n suojakalvon, joka vahvistaa vahatun betonin kest\u00e4vyytt\u00e4 p\u00e4ivitt\u00e4isi\u00e4 rasituksia, kuten kosteutta, tahroja, iskuja ja kulumista vastaan, ja takaa n\u00e4in moitteettoman ja kest\u00e4v\u00e4n esteettisen lopputuloksen.<\/p>\n<p><strong><img decoding=\"async\" style=\"margin-right: 12px;\" src=\"https:\/\/www.ferberpainting.com\/wp-content\/uploads\/2026\/02\/Check.svg\" alt=\"\" width=\"18\" height=\"15\" \/>Rahat takaisin -takuu.<\/strong>\u00a0Luotamme t\u00e4ysin vahatun betonilakkamme tehokkuuteen, mink\u00e4 vuoksi tarjoamme rahanpalautustakuun. Jos tuote ei vastaa odotuksiasi sen j\u00e4lkeen, kun sit\u00e4 on levitetty suositusten mukaisesti, sinulla on mahdollisuus pyyt\u00e4\u00e4 rahojen palautusta ilman ehtoja, mik\u00e4 takaa riskitt\u00f6m\u00e4n ostoksen, johon olet t\u00e4ysin tyytyv\u00e4inen.<\/p>\n<p><strong><img decoding=\"async\" style=\"margin-right: 12px;\" src=\"https:\/\/www.ferberpainting.com\/wp-content\/uploads\/2026\/02\/Check.svg\" alt=\"\" width=\"18\" height=\"15\" \/>Soveltuu erilaisille huokoisille ja mineraalisille materiaaleille.<\/strong>\u00a0T\u00e4m\u00e4 lakka ei rajoitu vain vahattuun betoniin, vaan se sopii my\u00f6s raakabetonin, sementin, laastin, luonnonkiven ja tiettyjen huokoisten pinnoitteiden kanssa. Se auttaa vahvistamaan monien pintojen suojausta ja parantaa samalla niiden viimeistely\u00e4, joten se sopii erinomaisesti k\u00e4ytett\u00e4v\u00e4ksi lattioilla, seinill\u00e4, ty\u00f6tasoilla ja pysty- tai vaakasuorilla pinnoilla.<\/p>\n<p><strong><img decoding=\"async\" style=\"margin-right: 12px;\" src=\"https:\/\/www.ferberpainting.com\/wp-content\/uploads\/2026\/02\/Check.svg\" alt=\"\" width=\"18\" height=\"15\" \/>Taloudellinen tuotto ja optimoitu k\u00e4ytt\u00f6.<\/strong>\u00a0Tiivistetyn koostumuksensa ansiosta 1 litra lakkaa voi peitt\u00e4\u00e4 8-12 m\u00b2 pinnan huokoisuudesta ja levitettyjen kerrosten paksuudesta riippuen. Erinomainen peittokyky takaa pienemm\u00e4n kulutuksen samalla, kun se tarjoaa maksimaalisen suojan, mik\u00e4 auttaa rajoittamaan huolto- ja korjauskustannuksia.<\/p>\n<p><strong><img decoding=\"async\" style=\"margin-right: 12px;\" src=\"https:\/\/www.ferberpainting.com\/wp-content\/uploads\/2026\/02\/Check.svg\" alt=\"\" width=\"18\" height=\"15\" \/>Turvallinen ja ymp\u00e4rist\u00f6yst\u00e4v\u00e4llinen tuote.<\/strong>\u00a0T\u00e4m\u00e4 lakka on kehitetty ilman voimakkaita liuottimia tai myrkyllisi\u00e4 yhdisteit\u00e4, joten se ei tuota haitallisia h\u00f6yryj\u00e4, ja sit\u00e4 voidaan k\u00e4ytt\u00e4\u00e4 sek\u00e4 sis\u00e4ll\u00e4 ett\u00e4 ulkona ilman, ett\u00e4 se vaikuttaa ilmanlaatuun. Se on turvallista sek\u00e4 k\u00e4ytt\u00e4j\u00e4lle ett\u00e4 ymp\u00e4rist\u00f6lle, mik\u00e4 takaa levitt\u00e4misen t\u00e4ysin rauhallisin mielin asuintiloissa tai ahtaissa tiloissa.<\/p>\n<p><strong><img decoding=\"async\" style=\"margin-right: 12px;\" src=\"https:\/\/www.ferberpainting.com\/wp-content\/uploads\/2026\/02\/Check.svg\" alt=\"\" width=\"18\" height=\"15\" \/>Helppo levitys ja tasainen kuivuminen.<\/strong>\u00a0T\u00e4m\u00e4 k\u00e4ytt\u00f6valmis lakka voidaan levitt\u00e4\u00e4 helposti siveltimell\u00e4, telalla tai ruiskulla, mik\u00e4 takaa tasaisen levityksen ja homogeenisen lopputuloksen ilman raitoja tai ylikuormitusta. Sen juokseva koostumus mahdollistaa helpon levityksen my\u00f6s aloitteleville k\u00e4ytt\u00e4jille, mik\u00e4 takaa ammattimaisen lopputuloksen t\u00e4ysin yksinkertaisella tavalla.<\/p>\n<p><strong><img decoding=\"async\" style=\"margin-right: 12px;\" src=\"https:\/\/www.ferberpainting.com\/wp-content\/uploads\/2026\/02\/Check.svg\" alt=\"\" width=\"18\" height=\"15\" \/>Kest\u00e4vyys ja kest\u00e4vyys ulkoisia rasituksia vastaan.<\/strong>\u00a0Kun lakka on levitetty ja kuivunut, se suojaa vahattua betonia kest\u00e4v\u00e4sti naarmuilta, tahroilta, vedelt\u00e4, \u00f6ljylt\u00e4 ja kotitaloustuotteilta ja pident\u00e4\u00e4 k\u00e4siteltyjen pintojen ulkon\u00e4k\u00f6\u00e4 ja kauneutta. Se parantaa pinnan kest\u00e4vyytt\u00e4 tihe\u00e4\u00e4 jalankulkua ja ilmastovaihteluita vastaan, mik\u00e4 est\u00e4\u00e4 ennenaikaista kulumista.<\/p>\n<p><strong><img decoding=\"async\" style=\"margin-right: 12px;\" src=\"https:\/\/www.ferberpainting.com\/wp-content\/uploads\/2026\/02\/Check.svg\" alt=\"\" width=\"18\" height=\"15\" \/>Nopea kuivuminen ja nopeutettu huoltovalmius.<\/strong>\u00a0Nopeasti kuivuvan koostumuksensa ansiosta lakka kuivuu 30-60 minuutissa ja saavuttaa optimaalisen kest\u00e4vyytens\u00e4 24 tunnin kuluttua. T\u00e4m\u00e4 mahdollistaa pintojen nopean k\u00e4ytt\u00f6kuntoon saattamisen, jolloin v\u00e4ltyt\u00e4\u00e4n pitkilt\u00e4 odotusajoilta ja helpotetaan kunnostus- tai asennust\u00f6iden etenemist\u00e4.<\/p>\n<h2><strong>K\u00e4ytt\u00f6protokolla<\/strong><\/h2>\n<ul>\n<li><strong>Pinnan valmistelu <\/strong>: Varmista, ett\u00e4 vahattu betonipinta on puhdas, kuiva ja ettei siin\u00e4 ole p\u00f6ly\u00e4, rasvaa tai muuta likaa. Pyyhi tarvittaessa p\u00f6lyt kuivalla liinalla tai mikrokuituliinalla.<\/li>\n<li><strong>Suositeltu annostus <\/strong>: Levit\u00e4 1 litraa 8-12 m\u00b2:lle materiaalin huokoisuudesta riippuen. Paremman viimeistelyn ja paremman suojan saavuttamiseksi on suositeltavaa levitt\u00e4\u00e4 kaksi tai kolme ohutta kerrosta yhden paksun kerroksen sijasta.<\/li>\n<li><strong>Lakkauksen levitys <\/strong>: Levit\u00e4 lakka leve\u00e4ll\u00e4 siveltimell\u00e4, lyhyell\u00e4 telalla tai sumuttimella s\u00e4\u00e4nn\u00f6llisin liikkein ja ristikk\u00e4in, jotta lakka levittyy tasaisesti. Varmista, ett\u00e4 tuote levi\u00e4\u00e4 hyvin, jotta v\u00e4ltet\u00e4\u00e4n liiallinen kerrostuminen.<\/li>\n<li><strong>Kuivumisaika <\/strong>: Anna jokaisen kerroksen kuivua 30-60 minuuttia. Toinen kerros voidaan levitt\u00e4\u00e4 ensimm\u00e4isen kerroksen kuivumisen j\u00e4lkeen suojan vahvistamiseksi ja pinnan parantamiseksi.<\/li>\n<li><strong>T\u00e4ydellinen kuivaus- ja huoltovalmius <\/strong>: Odota 24 tuntia ennen pinnan normaalia k\u00e4ytt\u00f6\u00e4. V\u00e4lt\u00e4 pitk\u00e4aikaista altistumista kosteudelle tai iskuille t\u00e4n\u00e4 aikana optimaalisen kest\u00e4vyyden varmistamiseksi.<\/li>\n<li><strong>Pitk\u00e4aikainen yll\u00e4pito ja suojaus <\/strong>: Kun lakka on kuivunut, se vaatii vain yksinkertaista huoltoa kostealla liinalla ja miedoilla kotitaloustuotteilla. Jotta vahatun betonin kiilto ja suoja s\u00e4ilyisiv\u00e4t, se voidaan tarvittaessa levitt\u00e4\u00e4 uudelleen usean vuoden kuluttua.<\/li>\n<li><strong>Ty\u00f6kalujen puhdistus <\/strong>: Puhdista siveltimet, telat ja ruiskut v\u00e4litt\u00f6m\u00e4sti levityksen j\u00e4lkeen kirkkaalla vedell\u00e4 tuotteen kovettumisen est\u00e4miseksi ja laitteiden k\u00e4ytt\u00f6i\u00e4n pident\u00e4miseksi.<\/li>\n<\/ul>","protected":false},"excerpt":{"rendered":"<p>Protection and enhancement of waxed concrete.\u00a0This waxed concrete varnish is specially designed to protect and enhance surfaces while preserving their natural appearance. It forms an invisible protective film that reinforces the resistance of waxed concrete against daily aggressions such as humidity, stains, shocks, and wear, thus ensuring an impeccable and durable aesthetic result. Money-back guarantee.\u00a0We [&hellip;]<\/p>\n","protected":false},"featured_media":26584,"comment_status":"open","ping_status":"closed","template":"","meta":{"_uag_custom_page_level_css":"","site-sidebar-layout":"default","site-content-layout":"","ast-site-content-layout":"default","site-content-style":"default","site-sidebar-style":"default","ast-global-header-display":"","ast-banner-title-visibility":"","ast-main-header-display":"","ast-hfb-above-header-display":"","ast-hfb-below-header-display":"","ast-hfb-mobile-header-display":"","site-post-title":"","ast-breadcrumbs-content":"","ast-featured-img":"","footer-sml-layout":"","ast-disable-related-posts":"","theme-transparent-header-meta":"default","adv-header-id-meta":"","stick-header-meta":"","header-above-stick-meta":"","header-main-stick-meta":"","header-below-stick-meta":"","astra-migrate-meta-layouts":"set","ast-page-background-enabled":"default","ast-page-background-meta":{"desktop":{"background-color":"var(--ast-global-color-4)","background-image":"","background-repeat":"repeat","background-position":"center center","background-size":"auto","background-attachment":"scroll","background-type":"","background-media":"","overlay-type":"","overlay-color":"","overlay-opacity":"","overlay-gradient":""},"tablet":{"background-color":"","background-image":"","background-repeat":"repeat","background-position":"center center","background-size":"auto","background-attachment":"scroll","background-type":"","background-media":"","overlay-type":"","overlay-color":"","overlay-opacity":"","overlay-gradient":""},"mobile":{"background-color":"","background-image":"","background-repeat":"repeat","background-position":"center center","background-size":"auto","background-attachment":"scroll","background-type":"","background-media":"","overlay-type":"","overlay-color":"","overlay-opacity":"","overlay-gradient":""}},"ast-content-background-meta":{"desktop":{"background-color":"var(--ast-global-color-5)","background-image":"","background-repeat":"repeat","background-position":"center center","background-size":"auto","background-attachment":"scroll","background-type":"","background-media":"","overlay-type":"","overlay-color":"","overlay-opacity":"","overlay-gradient":""},"tablet":{"background-color":"var(--ast-global-color-5)","background-image":"","background-repeat":"repeat","background-position":"center center","background-size":"auto","background-attachment":"scroll","background-type":"","background-media":"","overlay-type":"","overlay-color":"","overlay-opacity":"","overlay-gradient":""},"mobile":{"background-color":"var(--ast-global-color-5)","background-image":"","background-repeat":"repeat","background-position":"center center","background-size":"auto","background-attachment":"scroll","background-type":"","background-media":"","overlay-type":"","overlay-color":"","overlay-opacity":"","overlay-gradient":""}}},"product_brand":[],"product_cat":[182,190],"product_tag":[],"class_list":{"0":"post-24701","1":"product","2":"type-product","3":"status-publish","4":"has-post-thumbnail","6":"product_cat-microcement-kit","7":"product_cat-varnish","8":"desktop-align-left","9":"tablet-align-left","10":"mobile-align-left","12":"first","13":"instock","14":"sale","15":"shipping-taxable","16":"purchasable","17":"product-type-variable","18":"has-default-attributes"},"spectra_custom_meta":{"_visibility":["visible"],"_shopify_product_id":["9060989599989"],"_s2w_shopify_domain":["ferberpainting.myshopify.com"],"_shopify_variant_id":["46484241744117"],"_sku":[""],"_manage_stock":["no"],"total_sales":["77"],"_tax_status":["taxable"],"_tax_class":[""],"_backorders":["no"],"_sold_individually":["no"],"_virtual":["no"],"_downloadable":["no"],"_download_limit":["-1"],"_download_expiry":["-1"],"_stock":[null],"_stock_status":["instock"],"_wc_average_rating":["4.83"],"_wc_review_count":["6"],"_product_attributes":["a:1:{s:6:\"volume\";a:6:{s:4:\"name\";s:6:\"Volume\";s:5:\"value\";s:30:\"1 liter | 5 liters | 20 liters\";s:8:\"position\";i:1;s:10:\"is_visible\";i:0;s:12:\"is_variation\";i:1;s:11:\"is_taxonomy\";i:0;}}"],"_product_version":["10.5.1"],"_thumbnail_id":["26584"],"_product_image_gallery":["26585,26586"],"wpse_downloadable_file_names":[""],"wpse_downloadable_file_urls":[""],"_edit_last":["1"],"_default_attributes":["a:1:{s:6:\"volume\";s:7:\"1 liter\";}"],"_edit_lock":["1771188490:1"],"_price":["19.90","79.90","299.90"],"merchant-center-availability":["yes"],"merchant-center-category":["503738"],"_wp_page_template":["default"],"site-sidebar-layout":["default"],"ast-site-content-layout":["default"],"site-content-style":["default"],"site-sidebar-style":["default"],"theme-transparent-header-meta":["default"],"_wc_rating_count":["a:2:{i:4;i:1;i:5;i:5;}"],"astra-migrate-meta-layouts":["set"],"_uag_css_file_name":["uag-css-24701.css"],"_elementor_page_assets":["a:0:{}"],"_uag_page_assets":["a:9:{s:3:\"css\";s:6873:\".wp-block-uagb-image{display:flex}.wp-block-uagb-image__figure{position:relative;display:flex;flex-direction:column;max-width:100%;height:auto;margin:0}.wp-block-uagb-image__figure img{height:auto;display:flex;max-width:100%;transition:box-shadow .2s ease}.wp-block-uagb-image__figure>a{display:inline-block}.wp-block-uagb-image__figure figcaption{text-align:center;margin-top:.5em;margin-bottom:1em}.wp-block-uagb-image .components-placeholder.block-editor-media-placeholder .components-placeholder__instructions{align-self:center}.wp-block-uagb-image--align-left{text-align:left}.wp-block-uagb-image--align-right{text-align:right}.wp-block-uagb-image--align-center{text-align:center}.wp-block-uagb-image--align-full .wp-block-uagb-image__figure{margin-left:calc(50% - 50vw);margin-right:calc(50% - 50vw);max-width:100vw;width:100vw;height:auto}.wp-block-uagb-image--align-full .wp-block-uagb-image__figure img{height:auto;width:100% !important}.wp-block-uagb-image--align-wide .wp-block-uagb-image__figure img{height:auto;width:100%}.wp-block-uagb-image--layout-overlay__color-wrapper{position:absolute;left:0;top:0;right:0;bottom:0;opacity:.2;background:rgba(0,0,0,.5);transition:opacity .35s ease-in-out}.wp-block-uagb-image--layout-overlay-link{position:absolute;left:0;right:0;bottom:0;top:0}.wp-block-uagb-image--layout-overlay .wp-block-uagb-image__figure:hover .wp-block-uagb-image--layout-overlay__color-wrapper{opacity:1}.wp-block-uagb-image--layout-overlay__inner{position:absolute;left:15px;right:15px;bottom:15px;top:15px;display:flex;align-items:center;justify-content:center;flex-direction:column;border-color:#fff;transition:.35s ease-in-out}.wp-block-uagb-image--layout-overlay__inner.top-left,.wp-block-uagb-image--layout-overlay__inner.top-center,.wp-block-uagb-image--layout-overlay__inner.top-right{justify-content:flex-start}.wp-block-uagb-image--layout-overlay__inner.bottom-left,.wp-block-uagb-image--layout-overlay__inner.bottom-center,.wp-block-uagb-image--layout-overlay__inner.bottom-right{justify-content:flex-end}.wp-block-uagb-image--layout-overlay__inner.top-left,.wp-block-uagb-image--layout-overlay__inner.center-left,.wp-block-uagb-image--layout-overlay__inner.bottom-left{align-items:flex-start}.wp-block-uagb-image--layout-overlay__inner.top-right,.wp-block-uagb-image--layout-overlay__inner.center-right,.wp-block-uagb-image--layout-overlay__inner.bottom-right{align-items:flex-end}.wp-block-uagb-image--layout-overlay__inner .uagb-image-heading{color:#fff;transition:transform .35s,opacity .35s ease-in-out;transform:translate3d(0, 24px, 0);margin:0;line-height:1em}.wp-block-uagb-image--layout-overlay__inner .uagb-image-separator{width:30%;border-top-width:2px;border-top-color:#fff;border-top-style:solid;margin-bottom:10px;opacity:0;transition:transform .4s,opacity .4s ease-in-out;transform:translate3d(0, 30px, 0)}.wp-block-uagb-image--layout-overlay__inner .uagb-image-caption{opacity:0;overflow:visible;color:#fff;transition:transform .45s,opacity .45s ease-in-out;transform:translate3d(0, 35px, 0)}.wp-block-uagb-image--layout-overlay__inner:hover .uagb-image-heading,.wp-block-uagb-image--layout-overlay__inner:hover .uagb-image-separator,.wp-block-uagb-image--layout-overlay__inner:hover .uagb-image-caption{opacity:1;transform:translate3d(0, 0, 0)}.wp-block-uagb-image--effect-zoomin .wp-block-uagb-image__figure img,.wp-block-uagb-image--effect-zoomin .wp-block-uagb-image__figure .wp-block-uagb-image--layout-overlay__color-wrapper{transform:scale(1);transition:transform .35s ease-in-out}.wp-block-uagb-image--effect-zoomin .wp-block-uagb-image__figure:hover img,.wp-block-uagb-image--effect-zoomin .wp-block-uagb-image__figure:hover .wp-block-uagb-image--layout-overlay__color-wrapper{transform:scale(1.05)}.wp-block-uagb-image--effect-slide .wp-block-uagb-image__figure img,.wp-block-uagb-image--effect-slide .wp-block-uagb-image__figure .wp-block-uagb-image--layout-overlay__color-wrapper{width:calc(100% + 40px) !important;max-width:none !important;transform:translate3d(-40px, 0, 0);transition:transform .35s ease-in-out}.wp-block-uagb-image--effect-slide .wp-block-uagb-image__figure:hover img,.wp-block-uagb-image--effect-slide .wp-block-uagb-image__figure:hover .wp-block-uagb-image--layout-overlay__color-wrapper{transform:translate3d(0, 0, 0)}.wp-block-uagb-image--effect-grayscale img{filter:grayscale(0%);transition:.35s ease-in-out}.wp-block-uagb-image--effect-grayscale:hover img{filter:grayscale(100%)}.wp-block-uagb-image--effect-blur img{filter:blur(0);transition:.35s ease-in-out}.wp-block-uagb-image--effect-blur:hover img{filter:blur(3px)}.uagb-block-e6f939b3.wp-block-uagb-image--layout-default figure img{box-shadow: 0px 0px 0 #00000070;}.uagb-block-e6f939b3.wp-block-uagb-image .wp-block-uagb-image__figure figcaption{font-style: normal;align-self: center;}.uagb-block-e6f939b3.wp-block-uagb-image--layout-overlay figure img{box-shadow: 0px 0px 0 #00000070;}.uagb-block-e6f939b3.wp-block-uagb-image--layout-overlay .wp-block-uagb-image--layout-overlay__color-wrapper{opacity: 0.2;}.uagb-block-e6f939b3.wp-block-uagb-image--layout-overlay .wp-block-uagb-image--layout-overlay__inner{left: 15px;right: 15px;top: 15px;bottom: 15px;}.uagb-block-e6f939b3.wp-block-uagb-image--layout-overlay .wp-block-uagb-image--layout-overlay__inner .uagb-image-heading{font-style: normal;color: #fff;opacity: 1;}.uagb-block-e6f939b3.wp-block-uagb-image--layout-overlay .wp-block-uagb-image--layout-overlay__inner .uagb-image-heading a{color: #fff;}.uagb-block-e6f939b3.wp-block-uagb-image--layout-overlay .wp-block-uagb-image--layout-overlay__inner .uagb-image-caption{opacity: 0;}.uagb-block-e6f939b3.wp-block-uagb-image--layout-overlay .wp-block-uagb-image__figure:hover .wp-block-uagb-image--layout-overlay__color-wrapper{opacity: 1;}.uagb-block-e6f939b3.wp-block-uagb-image .wp-block-uagb-image--layout-overlay__inner .uagb-image-separator{width: 30%;border-top-width: 2px;border-top-color: #fff;opacity: 0;}.uagb-block-e6f939b3.wp-block-uagb-image .wp-block-uagb-image__figure img{width: px;height: auto;}.uagb-block-e6f939b3.wp-block-uagb-image .wp-block-uagb-image__figure:hover .wp-block-uagb-image--layout-overlay__inner .uagb-image-caption{opacity: 1;}.uagb-block-e6f939b3.wp-block-uagb-image .wp-block-uagb-image__figure:hover .wp-block-uagb-image--layout-overlay__inner .uagb-image-separator{opacity: 1;}.uagb-block-e6f939b3.wp-block-uagb-image--layout-default figure:hover img{box-shadow: 0px 0px 0 #00000070;}.uagb-block-e6f939b3.wp-block-uagb-image--layout-overlay figure:hover img{box-shadow: 0px 0px 0 #00000070;}@media only screen and (max-width: 976px) {.uagb-block-e6f939b3.wp-block-uagb-image .wp-block-uagb-image__figure img{width: px;height: auto;}}@media only screen and (max-width: 767px) {.uagb-block-e6f939b3.wp-block-uagb-image .wp-block-uagb-image__figure img{width: px;height: auto;}}\";s:2:\"js\";s:0:\"\";s:18:\"current_block_list\";a:13:{i:0;s:11:\"core\/search\";i:1;s:10:\"core\/group\";i:2;s:12:\"core\/heading\";i:3;s:17:\"core\/latest-posts\";i:4;s:20:\"core\/latest-comments\";i:5;s:13:\"core\/archives\";i:6;s:15:\"core\/categories\";i:7;s:14:\"core\/paragraph\";i:8;s:10:\"uagb\/image\";i:9;s:11:\"core\/spacer\";i:10;s:30:\"woocommerce\/product-categories\";i:11;s:10:\"core\/image\";i:12;s:14:\"core\/shortcode\";}s:8:\"uag_flag\";b:1;s:11:\"uag_version\";s:10:\"1777093351\";s:6:\"gfonts\";a:0:{}s:10:\"gfonts_url\";s:0:\"\";s:12:\"gfonts_files\";a:0:{}s:14:\"uag_faq_layout\";b:0;}"]},"uagb_featured_image_src":{"full":["https:\/\/www.ferberpainting.com\/wp-content\/uploads\/2025\/05\/MicrocementVarnish_1L.png",2560,2276,false],"thumbnail":["https:\/\/www.ferberpainting.com\/wp-content\/uploads\/2025\/05\/MicrocementVarnish_1L-150x150.png",150,150,true],"medium":["https:\/\/www.ferberpainting.com\/wp-content\/uploads\/2025\/05\/MicrocementVarnish_1L-300x267.png",300,267,true],"medium_large":["https:\/\/www.ferberpainting.com\/wp-content\/uploads\/2025\/05\/MicrocementVarnish_1L-768x683.png",768,683,true],"large":["https:\/\/www.ferberpainting.com\/wp-content\/uploads\/2025\/05\/MicrocementVarnish_1L-1024x910.png",1024,910,true],"1536x1536":["https:\/\/www.ferberpainting.com\/wp-content\/uploads\/2025\/05\/MicrocementVarnish_1L-1536x1366.png",1536,1366,true],"2048x2048":["https:\/\/www.ferberpainting.com\/wp-content\/uploads\/2025\/05\/MicrocementVarnish_1L-2048x1821.png",2048,1821,true],"trp-custom-language-flag":["https:\/\/www.ferberpainting.com\/wp-content\/uploads\/2025\/05\/MicrocementVarnish_1L-13x12.png",13,12,true],"woocommerce_thumbnail":["https:\/\/www.ferberpainting.com\/wp-content\/uploads\/2025\/05\/MicrocementVarnish_1L-300x300.png",300,300,true],"woocommerce_single":["https:\/\/www.ferberpainting.com\/wp-content\/uploads\/2025\/05\/MicrocementVarnish_1L-600x533.png",600,533,true],"woocommerce_gallery_thumbnail":["https:\/\/www.ferberpainting.com\/wp-content\/uploads\/2025\/05\/MicrocementVarnish_1L-100x100.png",100,100,true]},"uagb_author_info":{"display_name":"admin","author_link":"https:\/\/www.ferberpainting.com\/fi\/author\/"},"uagb_comment_info":6,"uagb_excerpt":"Protection and enhancement of waxed concrete.\u00a0This waxed concrete varnish is specially designed to protect and enhance surfaces while preserving their natural appearance. It forms an invisible protective film that reinforces the resistance of waxed concrete against daily aggressions such as humidity, stains, shocks, and wear, thus ensuring an impeccable and durable aesthetic result. Money-back guarantee.\u00a0We&hellip;","_links":{"self":[{"href":"https:\/\/www.ferberpainting.com\/fi\/wp-json\/wp\/v2\/product\/24701","targetHints":{"allow":["GET"]}}],"collection":[{"href":"https:\/\/www.ferberpainting.com\/fi\/wp-json\/wp\/v2\/product"}],"about":[{"href":"https:\/\/www.ferberpainting.com\/fi\/wp-json\/wp\/v2\/types\/product"}],"replies":[{"embeddable":true,"href":"https:\/\/www.ferberpainting.com\/fi\/wp-json\/wp\/v2\/comments?post=24701"}],"version-history":[{"count":4,"href":"https:\/\/www.ferberpainting.com\/fi\/wp-json\/wp\/v2\/product\/24701\/revisions"}],"predecessor-version":[{"id":166586,"href":"https:\/\/www.ferberpainting.com\/fi\/wp-json\/wp\/v2\/product\/24701\/revisions\/166586"}],"wp:featuredmedia":[{"embeddable":true,"href":"https:\/\/www.ferberpainting.com\/fi\/wp-json\/wp\/v2\/media\/26584"}],"wp:attachment":[{"href":"https:\/\/www.ferberpainting.com\/fi\/wp-json\/wp\/v2\/media?parent=24701"}],"wp:term":[{"taxonomy":"product_brand","embeddable":true,"href":"https:\/\/www.ferberpainting.com\/fi\/wp-json\/wp\/v2\/product_brand?post=24701"},{"taxonomy":"product_cat","embeddable":true,"href":"https:\/\/www.ferberpainting.com\/fi\/wp-json\/wp\/v2\/product_cat?post=24701"},{"taxonomy":"product_tag","embeddable":true,"href":"https:\/\/www.ferberpainting.com\/fi\/wp-json\/wp\/v2\/product_tag?post=24701"}],"curies":[{"name":"wp","href":"https:\/\/api.w.org\/{rel}","templated":true}]}}