{"id":23814,"date":"2025-05-26T10:25:40","date_gmt":"2025-05-26T08:25:40","guid":{"rendered":"https:\/\/www.ferberpainting.com\/products\/metal-varnish\/"},"modified":"2026-02-15T21:00:52","modified_gmt":"2026-02-15T20:00:52","slug":"metal-varnish","status":"publish","type":"product","link":"https:\/\/www.ferberpainting.com\/fi\/products\/metal-varnish\/","title":{"rendered":"Metallilakka"},"content":{"rendered":"<p><strong><img decoding=\"async\" style=\"margin-right: 12px;\" src=\"https:\/\/www.ferberpainting.com\/wp-content\/uploads\/2026\/02\/Check.svg\" alt=\"\" width=\"18\" height=\"15\" \/>Ammattilaistason suojaus kaikille metallipinnoille.<\/strong> Metallilakkamme on suunniteltu antamaan pitk\u00e4aikainen suoja ja houkutteleva pintak\u00e4sittely monenlaisille metallipinnoille, kuten ter\u00e4kselle, raudalle, alumiinille, kuparille, messingille, pronssille ja muille seoksille. Se parantaa metallin ulkon\u00e4k\u00f6\u00e4 muodostaen samalla kest\u00e4v\u00e4n suojan ulkoisia elementtej\u00e4 vastaan, joten se sopii erinomaisesti sek\u00e4 sis\u00e4- ett\u00e4 ulkok\u00e4ytt\u00f6\u00f6n.<\/p>\n<p><strong><img decoding=\"async\" style=\"margin-right: 12px;\" src=\"https:\/\/www.ferberpainting.com\/wp-content\/uploads\/2026\/02\/Check.svg\" alt=\"\" width=\"18\" height=\"15\" \/>Tehokkain saatavilla oleva metallilakka.<\/strong> Kehittynyt koostumuksemme tunkeutuu metallipintoihin ja tiivist\u00e4\u00e4 ne luoden sitke\u00e4n ja kest\u00e4v\u00e4n pinnoitteen, joka suojaa ruostetta, hapettumista, kosteutta ja ymp\u00e4rist\u00f6n aiheuttamaa kulumista vastaan. Se ei ainoastaan paranna visuaalista viimeistely\u00e4, vaan my\u00f6s pident\u00e4\u00e4 merkitt\u00e4v\u00e4sti k\u00e4siteltyjen metallipintojen k\u00e4ytt\u00f6ik\u00e4\u00e4 ja on parempi kuin markkinoilla olevat tavalliset lakat.<\/p>\n<p><strong><img decoding=\"async\" style=\"margin-right: 12px;\" src=\"https:\/\/www.ferberpainting.com\/wp-content\/uploads\/2026\/02\/Check.svg\" alt=\"\" width=\"18\" height=\"15\" \/>Ly\u00f6m\u00e4t\u00f6n hinta.<\/strong> Yhdist\u00e4mme ensiluokkaisen laadun ja kilpailukykyisimm\u00e4n hinnoittelun. Saat ammattilaistason suojan ja viimeistelyn halvemmalla kuin vastaavat tuotteet, mik\u00e4 takaa parhaan neli\u00f6metrihinnan suorituskyvyst\u00e4 tinkim\u00e4tt\u00e4.<\/p>\n<p><strong><img decoding=\"async\" style=\"margin-right: 12px;\" src=\"https:\/\/www.ferberpainting.com\/wp-content\/uploads\/2026\/02\/Check.svg\" alt=\"\" width=\"18\" height=\"15\" \/>Rahat takaisin -takuu t\u00e4ydellist\u00e4 luottamusta varten.<\/strong> Seisomme t\u00e4ysin tuotteemme takana. Jos et ole tyytyv\u00e4inen tuloksiin, tarjoamme rahat takaisin -takuun. Ota vain yhteytt\u00e4 meihin, niin palautamme ostoksesi. Ei riski\u00e4, ei stressi\u00e4 - tyytyv\u00e4isyytesi on taattu.<\/p>\n<p><strong><img decoding=\"async\" style=\"margin-right: 12px;\" src=\"https:\/\/www.ferberpainting.com\/wp-content\/uploads\/2026\/02\/Check.svg\" alt=\"\" width=\"18\" height=\"15\" \/>Nopea 24 tunnin toimitus poikkeuksetta.<\/strong> Tarjoamme aina 24 tunnin toimituksen, jotta voit aloittaa projektisi viipym\u00e4tt\u00e4. Olipa kyse kiireellisist\u00e4 korjauksista tai suunnitelluista kunnostuksista, voit luottaa siihen, ett\u00e4 toimitamme tuotteet nopeasti ja luotettavasti.<\/p>\n<p><strong><img decoding=\"async\" style=\"margin-right: 12px;\" src=\"https:\/\/www.ferberpainting.com\/wp-content\/uploads\/2026\/02\/Check.svg\" alt=\"\" width=\"18\" height=\"15\" \/>Peitt\u00e4vyys jopa 10 m\u00b2 litraa kohti tehokasta k\u00e4ytt\u00f6\u00e4 varten.<\/strong> Yksi litra metallilakkaa kattaa jopa 10 neli\u00f6metri\u00e4, mik\u00e4 takaa erinomaisen peitt\u00e4vyyden ja tasaisen suojakerroksen. T\u00e4m\u00e4n optimoidun peitt\u00e4vyyden ansiosta on helppo laskea tarpeesi ja hallita budjettia tehokkaasti.<\/p>\n<p><strong><img decoding=\"async\" style=\"margin-right: 12px;\" src=\"https:\/\/www.ferberpainting.com\/wp-content\/uploads\/2026\/02\/Check.svg\" alt=\"\" width=\"18\" height=\"15\" \/>Vahva ruosteen- ja korroosionkest\u00e4vyys.<\/strong> Metallipinnat altistuvat jatkuvasti kosteudelle ja hapelle, jotka aiheuttavat hapettumista. Lakkamme muodostaa suojakilven, joka auttaa est\u00e4m\u00e4\u00e4n ruosteen muodostumista ja korroosiota, s\u00e4ilytt\u00e4en rakenteellisen eheyden ja ulkon\u00e4\u00f6n ajan my\u00f6t\u00e4.<\/p>\n<p><strong><img decoding=\"async\" style=\"margin-right: 12px;\" src=\"https:\/\/www.ferberpainting.com\/wp-content\/uploads\/2026\/02\/Check.svg\" alt=\"\" width=\"18\" height=\"15\" \/>Parantaa ulkon\u00e4k\u00f6\u00e4 sile\u00e4ll\u00e4, kest\u00e4v\u00e4ll\u00e4 viimeistelyll\u00e4.<\/strong> Suojauksen lis\u00e4ksi metallilakkamme parantaa pintojen visuaalista houkuttelevuutta antamalla yhten\u00e4isen, puhtaan pinnan, joka korostaa metallin luonnollista luonnetta. Se antaa tyylikk\u00e4\u00e4n, ammattimaisen ulkon\u00e4\u00f6n, joka sopii porteille, kaiteille, huonekaluille, koneille ja koriste-elementeille.<\/p>\n<p><strong><img decoding=\"async\" style=\"margin-right: 12px;\" src=\"https:\/\/www.ferberpainting.com\/wp-content\/uploads\/2026\/02\/Check.svg\" alt=\"\" width=\"18\" height=\"15\" \/>Pitk\u00e4kestoinen kest\u00e4vyys sis\u00e4- ja ulkotiloissa.<\/strong> Pinnoite on suunniteltu kest\u00e4m\u00e4\u00e4n l\u00e4mp\u00f6tilanvaihteluita, kosteutta ja p\u00e4ivitt\u00e4ist\u00e4 kulutusta, joten se pysyy vakaana ja kest\u00e4v\u00e4n\u00e4 vaativissakin olosuhteissa. Se v\u00e4hent\u00e4\u00e4 usein toistuvan uudelleenk\u00e4sittelyn ja jatkuvan huollon tarvetta.<\/p>\n<p><strong><img decoding=\"async\" style=\"margin-right: 12px;\" src=\"https:\/\/www.ferberpainting.com\/wp-content\/uploads\/2026\/02\/Check.svg\" alt=\"\" width=\"18\" height=\"15\" \/>Helppo k\u00e4ytt\u00e4\u00e4 ammattilaisille ja DIY-k\u00e4ytt\u00e4jille.<\/strong> Metallilakkaamme on helppo k\u00e4ytt\u00e4\u00e4 siveltimell\u00e4, telalla tai ruiskulla. Sen tasainen koostumus takaa tasaisen levityksen ilman liiallista tippumista, joten se sopii sek\u00e4 kokeneille ammattilaisille ett\u00e4 kotik\u00e4ytt\u00e4jille, jotka ryhtyv\u00e4t kunnostus- tai huoltoprojekteihin.<\/p>\n<h2><strong>Ohjeet<\/strong><\/h2>\n<ul>\n<li>Varmista, ett\u00e4 metallipinta on puhdas, kuiva ja ettei siin\u00e4 ole p\u00f6ly\u00e4, rasvaa, \u00f6ljy\u00e4 tai ruostetta ennen kiinnitt\u00e4mist\u00e4. Poista mahdollinen irronnut ruoste hiekkapaperilla tai lankaharjalla.<\/li>\n<li>Tarvittaessa voitele pinta sopivalla puhdistusaineella ja anna sen kuivua kokonaan ennen lakan levitt\u00e4mist\u00e4.<\/li>\n<li>Sekoita tuote huolellisesti ennen k\u00e4ytt\u00f6\u00e4, jotta seos on tasainen.<\/li>\n<li>Levit\u00e4 ohut, tasainen kerros siveltimell\u00e4, telalla tai ruiskupistoolilla. V\u00e4lt\u00e4 liian paksuja kerroksia, sill\u00e4 se voi vaikuttaa kuivumiseen ja lopullisen pinnan laatuun.<\/li>\n<li>Noudata suositeltua annostusta: yksi litra kattaa enint\u00e4\u00e4n 10 m\u00b2. T\u00e4m\u00e4 vastaa noin 100 ml:aa neli\u00f6metri\u00e4 kohti optimaalisen tehon saavuttamiseksi.<\/li>\n<li>Anna ensimm\u00e4isen kerroksen kuivua kokonaan ymp\u00e4rist\u00f6n l\u00e4mp\u00f6tilan ja ilmanvaihdon mukaan, yleens\u00e4 4-6 tuntia.<\/li>\n<li>Parantaaksesi suojaa ja kest\u00e4vyytt\u00e4, levit\u00e4 toinen kerros, kun ensimm\u00e4inen kerros on t\u00e4ysin kuivunut. \u00c4l\u00e4 ylit\u00e4 suositeltua kokonaispeitt\u00e4vyytt\u00e4 kerrosta kohden.<\/li>\n<li>V\u00e4lt\u00e4 k\u00e4sitellyn pinnan altistamista kosteudelle tai kovalle k\u00e4yt\u00f6lle v\u00e4hint\u00e4\u00e4n 24 tuntiin, jotta se kovettuu t\u00e4ysin.<\/li>\n<li>Puhdista ty\u00f6kalut v\u00e4litt\u00f6m\u00e4sti k\u00e4yt\u00f6n j\u00e4lkeen sopivalla liuottimella, jota suositellaan lakapohjaisille tuotteille.<\/li>\n<li>S\u00e4ilyt\u00e4 s\u00e4ili\u00f6 tiiviisti suljettuna viile\u00e4ss\u00e4 ja kuivassa paikassa, jossa ei ole suoraa auringonvaloa eik\u00e4 \u00e4\u00e4rimm\u00e4isi\u00e4 l\u00e4mp\u00f6tiloja, jotta tuotteen laatu s\u00e4ilyy.<\/li>\n<\/ul>","protected":false},"excerpt":{"rendered":"<p>Professional-grade protection for all metal surfaces. Our metal varnish is designed to provide long-lasting protection and an attractive finish for a wide range of metal surfaces, including steel, iron, aluminum, copper, brass, bronze and other alloys. It enhances the appearance of metal while forming a durable barrier against external elements, making it ideal for both [&hellip;]<\/p>\n","protected":false},"featured_media":26270,"comment_status":"open","ping_status":"closed","template":"","meta":{"_uag_custom_page_level_css":"","site-sidebar-layout":"default","site-content-layout":"","ast-site-content-layout":"default","site-content-style":"default","site-sidebar-style":"default","ast-global-header-display":"","ast-banner-title-visibility":"","ast-main-header-display":"","ast-hfb-above-header-display":"","ast-hfb-below-header-display":"","ast-hfb-mobile-header-display":"","site-post-title":"","ast-breadcrumbs-content":"","ast-featured-img":"","footer-sml-layout":"","ast-disable-related-posts":"","theme-transparent-header-meta":"default","adv-header-id-meta":"","stick-header-meta":"","header-above-stick-meta":"","header-main-stick-meta":"","header-below-stick-meta":"","astra-migrate-meta-layouts":"set","ast-page-background-enabled":"default","ast-page-background-meta":{"desktop":{"background-color":"var(--ast-global-color-4)","background-image":"","background-repeat":"repeat","background-position":"center center","background-size":"auto","background-attachment":"scroll","background-type":"","background-media":"","overlay-type":"","overlay-color":"","overlay-opacity":"","overlay-gradient":""},"tablet":{"background-color":"","background-image":"","background-repeat":"repeat","background-position":"center center","background-size":"auto","background-attachment":"scroll","background-type":"","background-media":"","overlay-type":"","overlay-color":"","overlay-opacity":"","overlay-gradient":""},"mobile":{"background-color":"","background-image":"","background-repeat":"repeat","background-position":"center center","background-size":"auto","background-attachment":"scroll","background-type":"","background-media":"","overlay-type":"","overlay-color":"","overlay-opacity":"","overlay-gradient":""}},"ast-content-background-meta":{"desktop":{"background-color":"var(--ast-global-color-5)","background-image":"","background-repeat":"repeat","background-position":"center center","background-size":"auto","background-attachment":"scroll","background-type":"","background-media":"","overlay-type":"","overlay-color":"","overlay-opacity":"","overlay-gradient":""},"tablet":{"background-color":"var(--ast-global-color-5)","background-image":"","background-repeat":"repeat","background-position":"center center","background-size":"auto","background-attachment":"scroll","background-type":"","background-media":"","overlay-type":"","overlay-color":"","overlay-opacity":"","overlay-gradient":""},"mobile":{"background-color":"var(--ast-global-color-5)","background-image":"","background-repeat":"repeat","background-position":"center center","background-size":"auto","background-attachment":"scroll","background-type":"","background-media":"","overlay-type":"","overlay-color":"","overlay-opacity":"","overlay-gradient":""}}},"product_brand":[],"product_cat":[190],"product_tag":[],"class_list":{"0":"post-23814","1":"product","2":"type-product","3":"status-publish","4":"has-post-thumbnail","6":"product_cat-varnish","7":"desktop-align-left","8":"tablet-align-left","9":"mobile-align-left","11":"first","12":"instock","13":"sale","14":"shipping-taxable","15":"purchasable","16":"product-type-variable","17":"has-default-attributes"},"spectra_custom_meta":{"_visibility":["visible"],"_shopify_product_id":["1328690167878"],"_s2w_shopify_domain":["ferberpainting.myshopify.com"],"_shopify_variant_id":["12158535794758"],"_sku":[""],"_manage_stock":["no"],"total_sales":["34"],"_tax_status":["taxable"],"_tax_class":[""],"_backorders":["no"],"_sold_individually":["no"],"_virtual":["no"],"_downloadable":["no"],"_download_limit":["-1"],"_download_expiry":["-1"],"_stock":[null],"_stock_status":["instock"],"_wc_average_rating":["4.93"],"_wc_review_count":["82"],"_product_attributes":["a:1:{s:6:\"volume\";a:6:{s:4:\"name\";s:6:\"Volume\";s:5:\"value\";s:30:\"1 liter | 5 liters | 20 liters\";s:8:\"position\";i:1;s:10:\"is_visible\";i:0;s:12:\"is_variation\";i:1;s:11:\"is_taxonomy\";i:0;}}"],"_product_version":["10.5.1"],"_thumbnail_id":["26270"],"_price":["19.90","89.90","299.90"],"_product_image_gallery":["26271,26272"],"merchant-center-availability":["yes"],"merchant-center-category":["503738"],"merchant-center-id":["VM"],"wpse_downloadable_file_names":[""],"wpse_downloadable_file_urls":[""],"_edit_last":["1"],"_default_attributes":["a:1:{s:6:\"volume\";s:7:\"1 liter\";}"],"_wc_rating_count":["a:3:{i:3;i:1;i:4;i:4;i:5;i:77;}"],"_edit_lock":["1771185532:1"],"_wp_page_template":["default"],"site-sidebar-layout":["default"],"ast-site-content-layout":["default"],"site-content-style":["default"],"site-sidebar-style":["default"],"theme-transparent-header-meta":["default"],"astra-migrate-meta-layouts":["set"],"_uag_css_file_name":["uag-css-23814.css"],"_elementor_page_assets":["a:0:{}"],"_uag_page_assets":["a:9:{s:3:\"css\";s:7133:\".uag-blocks-common-selector{z-index:var(--z-index-desktop) !important}@media(max-width: 976px){.uag-blocks-common-selector{z-index:var(--z-index-tablet) !important}}@media(max-width: 767px){.uag-blocks-common-selector{z-index:var(--z-index-mobile) !important}}.wp-block-uagb-image{display:flex}.wp-block-uagb-image__figure{position:relative;display:flex;flex-direction:column;max-width:100%;height:auto;margin:0}.wp-block-uagb-image__figure img{height:auto;display:flex;max-width:100%;transition:box-shadow .2s ease}.wp-block-uagb-image__figure>a{display:inline-block}.wp-block-uagb-image__figure figcaption{text-align:center;margin-top:.5em;margin-bottom:1em}.wp-block-uagb-image .components-placeholder.block-editor-media-placeholder .components-placeholder__instructions{align-self:center}.wp-block-uagb-image--align-left{text-align:left}.wp-block-uagb-image--align-right{text-align:right}.wp-block-uagb-image--align-center{text-align:center}.wp-block-uagb-image--align-full .wp-block-uagb-image__figure{margin-left:calc(50% - 50vw);margin-right:calc(50% - 50vw);max-width:100vw;width:100vw;height:auto}.wp-block-uagb-image--align-full .wp-block-uagb-image__figure img{height:auto;width:100% !important}.wp-block-uagb-image--align-wide .wp-block-uagb-image__figure img{height:auto;width:100%}.wp-block-uagb-image--layout-overlay__color-wrapper{position:absolute;left:0;top:0;right:0;bottom:0;opacity:.2;background:rgba(0,0,0,.5);transition:opacity .35s ease-in-out}.wp-block-uagb-image--layout-overlay-link{position:absolute;left:0;right:0;bottom:0;top:0}.wp-block-uagb-image--layout-overlay .wp-block-uagb-image__figure:hover .wp-block-uagb-image--layout-overlay__color-wrapper{opacity:1}.wp-block-uagb-image--layout-overlay__inner{position:absolute;left:15px;right:15px;bottom:15px;top:15px;display:flex;align-items:center;justify-content:center;flex-direction:column;border-color:#fff;transition:.35s ease-in-out}.wp-block-uagb-image--layout-overlay__inner.top-left,.wp-block-uagb-image--layout-overlay__inner.top-center,.wp-block-uagb-image--layout-overlay__inner.top-right{justify-content:flex-start}.wp-block-uagb-image--layout-overlay__inner.bottom-left,.wp-block-uagb-image--layout-overlay__inner.bottom-center,.wp-block-uagb-image--layout-overlay__inner.bottom-right{justify-content:flex-end}.wp-block-uagb-image--layout-overlay__inner.top-left,.wp-block-uagb-image--layout-overlay__inner.center-left,.wp-block-uagb-image--layout-overlay__inner.bottom-left{align-items:flex-start}.wp-block-uagb-image--layout-overlay__inner.top-right,.wp-block-uagb-image--layout-overlay__inner.center-right,.wp-block-uagb-image--layout-overlay__inner.bottom-right{align-items:flex-end}.wp-block-uagb-image--layout-overlay__inner .uagb-image-heading{color:#fff;transition:transform .35s,opacity .35s ease-in-out;transform:translate3d(0, 24px, 0);margin:0;line-height:1em}.wp-block-uagb-image--layout-overlay__inner .uagb-image-separator{width:30%;border-top-width:2px;border-top-color:#fff;border-top-style:solid;margin-bottom:10px;opacity:0;transition:transform .4s,opacity .4s ease-in-out;transform:translate3d(0, 30px, 0)}.wp-block-uagb-image--layout-overlay__inner .uagb-image-caption{opacity:0;overflow:visible;color:#fff;transition:transform .45s,opacity .45s ease-in-out;transform:translate3d(0, 35px, 0)}.wp-block-uagb-image--layout-overlay__inner:hover .uagb-image-heading,.wp-block-uagb-image--layout-overlay__inner:hover .uagb-image-separator,.wp-block-uagb-image--layout-overlay__inner:hover .uagb-image-caption{opacity:1;transform:translate3d(0, 0, 0)}.wp-block-uagb-image--effect-zoomin .wp-block-uagb-image__figure img,.wp-block-uagb-image--effect-zoomin .wp-block-uagb-image__figure .wp-block-uagb-image--layout-overlay__color-wrapper{transform:scale(1);transition:transform .35s ease-in-out}.wp-block-uagb-image--effect-zoomin .wp-block-uagb-image__figure:hover img,.wp-block-uagb-image--effect-zoomin .wp-block-uagb-image__figure:hover .wp-block-uagb-image--layout-overlay__color-wrapper{transform:scale(1.05)}.wp-block-uagb-image--effect-slide .wp-block-uagb-image__figure img,.wp-block-uagb-image--effect-slide .wp-block-uagb-image__figure .wp-block-uagb-image--layout-overlay__color-wrapper{width:calc(100% + 40px) !important;max-width:none !important;transform:translate3d(-40px, 0, 0);transition:transform .35s ease-in-out}.wp-block-uagb-image--effect-slide .wp-block-uagb-image__figure:hover img,.wp-block-uagb-image--effect-slide .wp-block-uagb-image__figure:hover .wp-block-uagb-image--layout-overlay__color-wrapper{transform:translate3d(0, 0, 0)}.wp-block-uagb-image--effect-grayscale img{filter:grayscale(0%);transition:.35s ease-in-out}.wp-block-uagb-image--effect-grayscale:hover img{filter:grayscale(100%)}.wp-block-uagb-image--effect-blur img{filter:blur(0);transition:.35s ease-in-out}.wp-block-uagb-image--effect-blur:hover img{filter:blur(3px)}.uagb-block-e6f939b3.wp-block-uagb-image--layout-default figure img{box-shadow: 0px 0px 0 #00000070;}.uagb-block-e6f939b3.wp-block-uagb-image .wp-block-uagb-image__figure figcaption{font-style: normal;align-self: center;}.uagb-block-e6f939b3.wp-block-uagb-image--layout-overlay figure img{box-shadow: 0px 0px 0 #00000070;}.uagb-block-e6f939b3.wp-block-uagb-image--layout-overlay .wp-block-uagb-image--layout-overlay__color-wrapper{opacity: 0.2;}.uagb-block-e6f939b3.wp-block-uagb-image--layout-overlay .wp-block-uagb-image--layout-overlay__inner{left: 15px;right: 15px;top: 15px;bottom: 15px;}.uagb-block-e6f939b3.wp-block-uagb-image--layout-overlay .wp-block-uagb-image--layout-overlay__inner .uagb-image-heading{font-style: normal;color: #fff;opacity: 1;}.uagb-block-e6f939b3.wp-block-uagb-image--layout-overlay .wp-block-uagb-image--layout-overlay__inner .uagb-image-heading a{color: #fff;}.uagb-block-e6f939b3.wp-block-uagb-image--layout-overlay .wp-block-uagb-image--layout-overlay__inner .uagb-image-caption{opacity: 0;}.uagb-block-e6f939b3.wp-block-uagb-image--layout-overlay .wp-block-uagb-image__figure:hover .wp-block-uagb-image--layout-overlay__color-wrapper{opacity: 1;}.uagb-block-e6f939b3.wp-block-uagb-image .wp-block-uagb-image--layout-overlay__inner .uagb-image-separator{width: 30%;border-top-width: 2px;border-top-color: #fff;opacity: 0;}.uagb-block-e6f939b3.wp-block-uagb-image .wp-block-uagb-image__figure img{width: px;height: auto;}.uagb-block-e6f939b3.wp-block-uagb-image .wp-block-uagb-image__figure:hover .wp-block-uagb-image--layout-overlay__inner .uagb-image-caption{opacity: 1;}.uagb-block-e6f939b3.wp-block-uagb-image .wp-block-uagb-image__figure:hover .wp-block-uagb-image--layout-overlay__inner .uagb-image-separator{opacity: 1;}.uagb-block-e6f939b3.wp-block-uagb-image--layout-default figure:hover img{box-shadow: 0px 0px 0 #00000070;}.uagb-block-e6f939b3.wp-block-uagb-image--layout-overlay figure:hover img{box-shadow: 0px 0px 0 #00000070;}@media only screen and (max-width: 976px) {.uagb-block-e6f939b3.wp-block-uagb-image .wp-block-uagb-image__figure img{width: px;height: auto;}}@media only screen and (max-width: 767px) {.uagb-block-e6f939b3.wp-block-uagb-image .wp-block-uagb-image__figure img{width: px;height: auto;}}\";s:2:\"js\";s:0:\"\";s:18:\"current_block_list\";a:13:{i:0;s:11:\"core\/search\";i:1;s:10:\"core\/group\";i:2;s:12:\"core\/heading\";i:3;s:17:\"core\/latest-posts\";i:4;s:20:\"core\/latest-comments\";i:5;s:13:\"core\/archives\";i:6;s:15:\"core\/categories\";i:7;s:14:\"core\/paragraph\";i:8;s:10:\"uagb\/image\";i:9;s:11:\"core\/spacer\";i:10;s:30:\"woocommerce\/product-categories\";i:11;s:10:\"core\/image\";i:12;s:14:\"core\/shortcode\";}s:8:\"uag_flag\";b:1;s:11:\"uag_version\";s:10:\"1777069926\";s:6:\"gfonts\";a:0:{}s:10:\"gfonts_url\";s:0:\"\";s:12:\"gfonts_files\";a:0:{}s:14:\"uag_faq_layout\";b:0;}"]},"uagb_featured_image_src":{"full":["https:\/\/www.ferberpainting.com\/wp-content\/uploads\/2025\/05\/1Liter_aa6d0586-c6be-43e5-af34-b651f9e10fee.png",2560,2276,false],"thumbnail":["https:\/\/www.ferberpainting.com\/wp-content\/uploads\/2025\/05\/1Liter_aa6d0586-c6be-43e5-af34-b651f9e10fee-150x150.png",150,150,true],"medium":["https:\/\/www.ferberpainting.com\/wp-content\/uploads\/2025\/05\/1Liter_aa6d0586-c6be-43e5-af34-b651f9e10fee-300x267.png",300,267,true],"medium_large":["https:\/\/www.ferberpainting.com\/wp-content\/uploads\/2025\/05\/1Liter_aa6d0586-c6be-43e5-af34-b651f9e10fee-768x683.png",768,683,true],"large":["https:\/\/www.ferberpainting.com\/wp-content\/uploads\/2025\/05\/1Liter_aa6d0586-c6be-43e5-af34-b651f9e10fee-1024x910.png",1024,910,true],"1536x1536":["https:\/\/www.ferberpainting.com\/wp-content\/uploads\/2025\/05\/1Liter_aa6d0586-c6be-43e5-af34-b651f9e10fee-1536x1366.png",1536,1366,true],"2048x2048":["https:\/\/www.ferberpainting.com\/wp-content\/uploads\/2025\/05\/1Liter_aa6d0586-c6be-43e5-af34-b651f9e10fee-2048x1821.png",2048,1821,true],"trp-custom-language-flag":["https:\/\/www.ferberpainting.com\/wp-content\/uploads\/2025\/05\/1Liter_aa6d0586-c6be-43e5-af34-b651f9e10fee-13x12.png",13,12,true],"woocommerce_thumbnail":["https:\/\/www.ferberpainting.com\/wp-content\/uploads\/2025\/05\/1Liter_aa6d0586-c6be-43e5-af34-b651f9e10fee-300x300.png",300,300,true],"woocommerce_single":["https:\/\/www.ferberpainting.com\/wp-content\/uploads\/2025\/05\/1Liter_aa6d0586-c6be-43e5-af34-b651f9e10fee-600x533.png",600,533,true],"woocommerce_gallery_thumbnail":["https:\/\/www.ferberpainting.com\/wp-content\/uploads\/2025\/05\/1Liter_aa6d0586-c6be-43e5-af34-b651f9e10fee-100x100.png",100,100,true]},"uagb_author_info":{"display_name":"admin","author_link":"https:\/\/www.ferberpainting.com\/fi\/author\/"},"uagb_comment_info":82,"uagb_excerpt":"Professional-grade protection for all metal surfaces. Our metal varnish is designed to provide long-lasting protection and an attractive finish for a wide range of metal surfaces, including steel, iron, aluminum, copper, brass, bronze and other alloys. It enhances the appearance of metal while forming a durable barrier against external elements, making it ideal for both&hellip;","_links":{"self":[{"href":"https:\/\/www.ferberpainting.com\/fi\/wp-json\/wp\/v2\/product\/23814","targetHints":{"allow":["GET"]}}],"collection":[{"href":"https:\/\/www.ferberpainting.com\/fi\/wp-json\/wp\/v2\/product"}],"about":[{"href":"https:\/\/www.ferberpainting.com\/fi\/wp-json\/wp\/v2\/types\/product"}],"replies":[{"embeddable":true,"href":"https:\/\/www.ferberpainting.com\/fi\/wp-json\/wp\/v2\/comments?post=23814"}],"version-history":[{"count":3,"href":"https:\/\/www.ferberpainting.com\/fi\/wp-json\/wp\/v2\/product\/23814\/revisions"}],"predecessor-version":[{"id":166506,"href":"https:\/\/www.ferberpainting.com\/fi\/wp-json\/wp\/v2\/product\/23814\/revisions\/166506"}],"wp:featuredmedia":[{"embeddable":true,"href":"https:\/\/www.ferberpainting.com\/fi\/wp-json\/wp\/v2\/media\/26270"}],"wp:attachment":[{"href":"https:\/\/www.ferberpainting.com\/fi\/wp-json\/wp\/v2\/media?parent=23814"}],"wp:term":[{"taxonomy":"product_brand","embeddable":true,"href":"https:\/\/www.ferberpainting.com\/fi\/wp-json\/wp\/v2\/product_brand?post=23814"},{"taxonomy":"product_cat","embeddable":true,"href":"https:\/\/www.ferberpainting.com\/fi\/wp-json\/wp\/v2\/product_cat?post=23814"},{"taxonomy":"product_tag","embeddable":true,"href":"https:\/\/www.ferberpainting.com\/fi\/wp-json\/wp\/v2\/product_tag?post=23814"}],"curies":[{"name":"wp","href":"https:\/\/api.w.org\/{rel}","templated":true}]}}