{"id":23802,"date":"2025-05-26T10:25:35","date_gmt":"2025-05-26T08:25:35","guid":{"rendered":"https:\/\/www.ferberpainting.com\/products\/magnolia-fertilizer\/"},"modified":"2026-02-15T20:51:18","modified_gmt":"2026-02-15T19:51:18","slug":"magnolia-fertilizer","status":"publish","type":"product","link":"https:\/\/www.ferberpainting.com\/fi\/products\/magnolia-fertilizer\/","title":{"rendered":"Magnolia Lannoite 25 kg"},"content":{"rendered":"<p><strong><img decoding=\"async\" style=\"margin-right: 12px;\" src=\"https:\/\/www.ferberpainting.com\/wp-content\/uploads\/2026\/02\/Check.svg\" alt=\"\" width=\"18\" height=\"15\" \/>Runsaaseen kukintaan ja elinvoimaiseen lehdist\u00f6\u00f6n suunniteltu lannoite.<\/strong>\u00a0Magnolia on tunnettu koristepuu tai -pensaikko, joka on tunnettu upeista kukistaan ja elinvoimaisista lehdist\u00e4\u00e4n. Runsas ja pitk\u00e4aikainen kukinta sek\u00e4 terve ja voimakas kasvu edellytt\u00e4v\u00e4t asianmukaista lannoitusta. T\u00e4m\u00e4 NPK 10-10-10 -lannoite tarjoaa tasapainoisen ravitsemuksen tarjoamalla typpe\u00e4 (N), joka on v\u00e4ltt\u00e4m\u00e4t\u00f6nt\u00e4 lehtien kehittymiselle, fosforia (P), joka edist\u00e4\u00e4 juurten voimakasta kehityst\u00e4, ja kaliumia (K), joka parantaa taudinkest\u00e4vyytt\u00e4 ja ilmastostressin sietokyky\u00e4. T\u00e4m\u00e4n lannoitteen ansiosta magnoliasi hy\u00f6tyy optimaalisesta terveydest\u00e4, harmonisesta kasvusta ja h\u00e4ik\u00e4isev\u00e4st\u00e4 kukinnasta.<\/p>\n<p><strong><img decoding=\"async\" style=\"margin-right: 12px;\" src=\"https:\/\/www.ferberpainting.com\/wp-content\/uploads\/2026\/02\/Check.svg\" alt=\"\" width=\"18\" height=\"15\" \/>Rahat takaisin -takuu.<\/strong>\u00a0Luotamme t\u00e4ysin magnolialannoitteemme laatuun ja tehokkuuteen, mink\u00e4 vuoksi tarjoamme rahanpalautustakuun. Jos tuote ei ohjeiden mukaisen asianmukaisen k\u00e4yt\u00f6n j\u00e4lkeen paranna merkitt\u00e4v\u00e4sti kukintaa, kasvua tai elinvoimaisuutta, palautamme sinulle koko summan.<\/p>\n<p><strong><img decoding=\"async\" style=\"margin-right: 12px;\" src=\"https:\/\/www.ferberpainting.com\/wp-content\/uploads\/2026\/02\/Check.svg\" alt=\"\" width=\"18\" height=\"15\" \/>Sopii kaikille lajikkeille ja erilaisiin kasvuolosuhteisiin.<\/strong>\u00a0T\u00e4m\u00e4 lannoite sopii kaikille magnolialajikkeille, olipa kyseess\u00e4 Magnolia grandiflora, Magnolia stellata, Magnolia soulangeana tai muut ikivihre\u00e4t ja lehtipuut. Sit\u00e4 voidaan k\u00e4ytt\u00e4\u00e4 maahan tai ruukkuihin istutetuille magnolioille, mik\u00e4 takaa optimaalisen lannoituksen viljelymenetelm\u00e4st\u00e4 riippumatta. Se soveltuu my\u00f6s kaikille maalajeille, olivatpa ne sitten savisia, hiekkaisia, kalkkipitoisia tai humuspitoisia, parantamalla niiden rakennetta ja optimoimalla ravinteiden imeytymisen juuriin.<\/p>\n<p><strong><img decoding=\"async\" style=\"margin-right: 12px;\" src=\"https:\/\/www.ferberpainting.com\/wp-content\/uploads\/2026\/02\/Check.svg\" alt=\"\" width=\"18\" height=\"15\" \/>Taloudellinen sato ja pitk\u00e4aikainen lannoitus.<\/strong>\u00a0Koostumuksensa ansiosta t\u00e4m\u00e4 lannoite vapauttaa ravinteet maaper\u00e4\u00e4n v\u00e4hitellen, mik\u00e4 takaa pitk\u00e4kestoisen vaikutuksen useiden viikkojen ajan. 25 kg:n pussilla voidaan lannoittaa suuri m\u00e4\u00e4r\u00e4 magnolioita, mik\u00e4 tarjoaa tehokkaan ja taloudellisen lannoituksen. Optimaalinen annostus 200 g puuta kohti takaa s\u00e4\u00e4nn\u00f6llisen ravinteiden saannin ilman ylim\u00e4\u00e4r\u00e4\u00e4, mik\u00e4 optimoi kasvun ja kukinnan ilman tuhlausta.<\/p>\n<p><strong><img decoding=\"async\" style=\"margin-right: 12px;\" src=\"https:\/\/www.ferberpainting.com\/wp-content\/uploads\/2026\/02\/Check.svg\" alt=\"\" width=\"18\" height=\"15\" \/>Lannoite, joka kunnioittaa ymp\u00e4rist\u00f6\u00e4.<\/strong>\u00a0T\u00e4m\u00e4 lannoite on suunniteltu kunnioittamaan maaper\u00e4n biologista tasapainoa ja ymp\u00e4r\u00f6iv\u00e4\u00e4 biologista monimuotoisuutta, eik\u00e4 se sis\u00e4ll\u00e4 haitallisia kemikaaleja, jotka voisivat muuttaa maaper\u00e4n laatua tai vahingoittaa p\u00f6lytt\u00e4vi\u00e4 hy\u00f6nteisi\u00e4, kuten mehil\u00e4isi\u00e4 ja perhosia. Se on my\u00f6s turvallinen lemmikkiel\u00e4imille ja lapsille, mik\u00e4 takaa turvallisen k\u00e4yt\u00f6n puutarhassasi tai ulkotilassasi.<\/p>\n<p><strong><img decoding=\"async\" style=\"margin-right: 12px;\" src=\"https:\/\/www.ferberpainting.com\/wp-content\/uploads\/2026\/02\/Check.svg\" alt=\"\" width=\"18\" height=\"15\" \/>Helppo levitt\u00e4\u00e4 ja vaivaton lannoitus.<\/strong>\u00a0Toisin kuin nestem\u00e4iset lannoitteet, jotka vaativat laimentamista ja tarkkoja mittauksia, t\u00e4m\u00e4 kiinte\u00e4 lannoite levitet\u00e4\u00e4n yksinkertaisesti puun juurelle, mik\u00e4 mahdollistaa nopean ja tehokkaan lannoituksen. Sen yksinkertainen ja helppok\u00e4ytt\u00f6inen levitysmenetelm\u00e4 sopii my\u00f6s aloitteleville puutarhureille sek\u00e4 kokeneille harrastajille, ja se takaa tasaisen ravinteiden saannin.<\/p>\n<p><strong><img decoding=\"async\" style=\"margin-right: 12px;\" src=\"https:\/\/www.ferberpainting.com\/wp-content\/uploads\/2026\/02\/Check.svg\" alt=\"\" width=\"18\" height=\"15\" \/>Pitk\u00e4aikainen vaikutus jatkuvaan kasvuun ja kest\u00e4v\u00e4\u00e4n kukintaan.<\/strong>\u00a0Asteittaisen vapautumisensa ansiosta t\u00e4m\u00e4 lannoite ruokkii magnoliaa useiden viikkojen ajan, mik\u00e4 takaa pitkittyneen kukinnan ja tasaisen kasvun. Se parantaa my\u00f6s kasvin vastustuskyky\u00e4 sienitauteja, tuholaisia ja vaikeita ilmasto-olosuhteita, kuten kuivuutta tai pakkasta, vastaan.<\/p>\n<p><strong><img decoding=\"async\" style=\"margin-right: 12px;\" src=\"https:\/\/www.ferberpainting.com\/wp-content\/uploads\/2026\/02\/Check.svg\" alt=\"\" width=\"18\" height=\"15\" \/>N\u00e4kyvi\u00e4 tuloksia jo muutaman viikon kuluessa.<\/strong>\u00a0T\u00e4m\u00e4 lannoite stimuloi uusien versojen syntymist\u00e4 heti ensimm\u00e4isist\u00e4 k\u00e4ytt\u00f6kerroista l\u00e4htien, edist\u00e4\u00e4 tihe\u00e4mp\u00e4\u00e4 lehdist\u00f6\u00e4 ja parantaa kukkien kirkkautta ja v\u00e4ri\u00e4. Vain muutamassa viikossa magnoliasi kasvaa voimakkaasti, kukkii runsaasti ja sen elegantti siluetti tuo puutarhaan hienostuneen ilmeen.<\/p>\n<h2><strong>K\u00e4ytt\u00f6protokolla<\/strong><\/h2>\n<p><strong>Suositeltu annostus <\/strong>: Levit\u00e4 200 grammaa lannoitetta puuta kohti puun koon ja i\u00e4n mukaan. Nuorille magnolioille v\u00e4henn\u00e4 annos 100 grammaan, jotta v\u00e4ltyt\u00e4\u00e4n liian nopealta kasvulta, joka voi heikent\u00e4\u00e4 kasvia.<\/p>\n<p><strong>Soveltamismenetelm\u00e4 <\/strong>:<\/p>\n<ul>\n<li><strong>Levitt\u00e4m\u00e4ll\u00e4 <\/strong>: Levit\u00e4 lannoite ohueksi kerrokseksi puun tyven ymp\u00e4rille ja varmista, ett\u00e4 rakeet jakautuvat tasaisesti juuriston pinnalle.<\/li>\n<li><strong>Sis\u00e4llytt\u00e4m\u00e4ll\u00e4 maaper\u00e4\u00e4n <\/strong>: Levitt\u00e4misen j\u00e4lkeen raaputa kevyesti maan pintaa, jotta ravinteet p\u00e4\u00e4sev\u00e4t imeytym\u00e4\u00e4n juuriin.<\/li>\n<li><strong>Kastelu levityksen j\u00e4lkeen<\/strong>: Kastele runsaasti lannoituksen j\u00e4lkeen, jotta ravinteiden vapautuminen aktivoituu ja niiden levi\u00e4minen maaper\u00e4\u00e4n nopeutuu.<\/li>\n<\/ul>\n<p><strong>Sovellustiheys <\/strong>:<\/p>\n<ul>\n<li><strong>Kasvu- ja kukinta-aikana (kev\u00e4t-kes\u00e4). <\/strong>: Levit\u00e4 lannoitetta 6-8 viikon v\u00e4lein, jotta varmistetaan jatkuva t\u00e4rkeiden ravinteiden saanti.<\/li>\n<li><strong>Lepokauden aikana (syksy-talvi). <\/strong>: Levit\u00e4 ruiskutuksia vain kerran 3 kuukaudessa, jotta puun energia s\u00e4ilyy ilman, ett\u00e4 se kasvaa liikaa.<\/li>\n<\/ul>\n<p><strong>K\u00e4ytt\u00f6\u00e4 koskevat varotoimet <\/strong>: \u00c4l\u00e4 ylit\u00e4 suositeltuja annoksia, jotta v\u00e4lt\u00e4t ravinteiden ep\u00e4tasapainon, joka voi hidastaa magnolian kasvua tai aiheuttaa juurten palamista. Levit\u00e4 vain hieman kosteaan maahan, jotta ravinteet imeytyv\u00e4t optimaalisesti.<\/p>\n<p><strong>Varastointi ja s\u00e4ilytys <\/strong>: S\u00e4ilyt\u00e4 lannoitetta kuivassa, hyvin ilmastoidussa paikassa, kosteudelta ja \u00e4\u00e4rimm\u00e4isilt\u00e4 l\u00e4mp\u00f6tiloilta suojattuna. Sulje pussi huolellisesti jokaisen k\u00e4ytt\u00f6kerran j\u00e4lkeen, jotta tuotteen teho s\u00e4ilyy ja lannoitusominaisuudet eiv\u00e4t muutu.<\/p>\n<p>T\u00e4ll\u00e4 magnolian lannoitteella tarjoat puullesi t\u00e4ydellisen ravinnon, joka on mukautettu t\u00e4ydellisesti sen erityistarpeisiin, varmistaen sopusointuisen kasvun, upean kukinnan ja paremman vastustuskyvyn ilmastostressi\u00e4 vastaan. Se on ihanteellinen ratkaisu kaunistaa puutarhaasi magnolialla, joka on s\u00e4teilev\u00e4 ja terve ymp\u00e4ri vuoden.<\/p>","protected":false},"excerpt":{"rendered":"<p>A fertilizer designed for sumptuous flowering and vibrant foliage.\u00a0Magnolia is a well-known ornamental tree or shrub celebrated for its spectacular flowers and vibrant foliage. To ensure abundant and prolonged blooming, as well as healthy and vigorous growth, it is essential to provide appropriate fertilization. This NPK 10-10-10 fertilizer provides balanced nutrition by supplying nitrogen (N), [&hellip;]<\/p>\n","protected":false},"featured_media":26260,"comment_status":"open","ping_status":"closed","template":"","meta":{"_uag_custom_page_level_css":"","site-sidebar-layout":"default","site-content-layout":"","ast-site-content-layout":"default","site-content-style":"default","site-sidebar-style":"default","ast-global-header-display":"","ast-banner-title-visibility":"","ast-main-header-display":"","ast-hfb-above-header-display":"","ast-hfb-below-header-display":"","ast-hfb-mobile-header-display":"","site-post-title":"","ast-breadcrumbs-content":"","ast-featured-img":"","footer-sml-layout":"","ast-disable-related-posts":"","theme-transparent-header-meta":"default","adv-header-id-meta":"","stick-header-meta":"","header-above-stick-meta":"","header-main-stick-meta":"","header-below-stick-meta":"","astra-migrate-meta-layouts":"set","ast-page-background-enabled":"default","ast-page-background-meta":{"desktop":{"background-color":"var(--ast-global-color-4)","background-image":"","background-repeat":"repeat","background-position":"center center","background-size":"auto","background-attachment":"scroll","background-type":"","background-media":"","overlay-type":"","overlay-color":"","overlay-opacity":"","overlay-gradient":""},"tablet":{"background-color":"","background-image":"","background-repeat":"repeat","background-position":"center center","background-size":"auto","background-attachment":"scroll","background-type":"","background-media":"","overlay-type":"","overlay-color":"","overlay-opacity":"","overlay-gradient":""},"mobile":{"background-color":"","background-image":"","background-repeat":"repeat","background-position":"center center","background-size":"auto","background-attachment":"scroll","background-type":"","background-media":"","overlay-type":"","overlay-color":"","overlay-opacity":"","overlay-gradient":""}},"ast-content-background-meta":{"desktop":{"background-color":"var(--ast-global-color-5)","background-image":"","background-repeat":"repeat","background-position":"center center","background-size":"auto","background-attachment":"scroll","background-type":"","background-media":"","overlay-type":"","overlay-color":"","overlay-opacity":"","overlay-gradient":""},"tablet":{"background-color":"var(--ast-global-color-5)","background-image":"","background-repeat":"repeat","background-position":"center center","background-size":"auto","background-attachment":"scroll","background-type":"","background-media":"","overlay-type":"","overlay-color":"","overlay-opacity":"","overlay-gradient":""},"mobile":{"background-color":"var(--ast-global-color-5)","background-image":"","background-repeat":"repeat","background-position":"center center","background-size":"auto","background-attachment":"scroll","background-type":"","background-media":"","overlay-type":"","overlay-color":"","overlay-opacity":"","overlay-gradient":""}}},"product_brand":[],"product_cat":[178],"product_tag":[],"class_list":{"0":"post-23802","1":"product","2":"type-product","3":"status-publish","4":"has-post-thumbnail","6":"product_cat-fertilizers","7":"desktop-align-left","8":"tablet-align-left","9":"mobile-align-left","11":"first","12":"instock","13":"shipping-taxable","14":"purchasable","15":"product-type-simple"},"spectra_custom_meta":{"_visibility":["visible"],"_shopify_product_id":["9067977441525"],"_s2w_shopify_domain":["ferberpainting.myshopify.com"],"_shopify_variant_id":["46509717848309"],"_sku":["FPMAGNOLIAFERTILIZER25KG"],"_regular_price":["39.90"],"_price":["39.90"],"_sale_price":[""],"_weight":["18.5"],"_thumbnail_id":["26260"],"_global_unique_id":["5056773817548"],"total_sales":["10"],"_tax_status":["taxable"],"_tax_class":[""],"_manage_stock":["no"],"_backorders":["no"],"_sold_individually":["no"],"_virtual":["no"],"_downloadable":["no"],"_download_limit":["-1"],"_download_expiry":["-1"],"_stock":[null],"_stock_status":["instock"],"_wc_average_rating":["5.00"],"_wc_review_count":["33"],"_product_version":["10.5.1"],"_wc_rating_count":["a:1:{i:5;i:33;}"],"_edit_lock":["1771184942:1"],"merchant-center-availability":["yes"],"merchant-center-category":["113"],"_edit_last":["1"],"_wp_page_template":["default"],"site-sidebar-layout":["default"],"ast-site-content-layout":["default"],"site-content-style":["default"],"site-sidebar-style":["default"],"theme-transparent-header-meta":["default"],"astra-migrate-meta-layouts":["set"],"_uag_css_file_name":["uag-css-23802.css"],"_elementor_page_assets":["a:0:{}"],"_uag_page_assets":["a:9:{s:3:\"css\";s:6873:\".wp-block-uagb-image{display:flex}.wp-block-uagb-image__figure{position:relative;display:flex;flex-direction:column;max-width:100%;height:auto;margin:0}.wp-block-uagb-image__figure img{height:auto;display:flex;max-width:100%;transition:box-shadow .2s ease}.wp-block-uagb-image__figure>a{display:inline-block}.wp-block-uagb-image__figure figcaption{text-align:center;margin-top:.5em;margin-bottom:1em}.wp-block-uagb-image .components-placeholder.block-editor-media-placeholder .components-placeholder__instructions{align-self:center}.wp-block-uagb-image--align-left{text-align:left}.wp-block-uagb-image--align-right{text-align:right}.wp-block-uagb-image--align-center{text-align:center}.wp-block-uagb-image--align-full .wp-block-uagb-image__figure{margin-left:calc(50% - 50vw);margin-right:calc(50% - 50vw);max-width:100vw;width:100vw;height:auto}.wp-block-uagb-image--align-full .wp-block-uagb-image__figure img{height:auto;width:100% !important}.wp-block-uagb-image--align-wide .wp-block-uagb-image__figure img{height:auto;width:100%}.wp-block-uagb-image--layout-overlay__color-wrapper{position:absolute;left:0;top:0;right:0;bottom:0;opacity:.2;background:rgba(0,0,0,.5);transition:opacity .35s ease-in-out}.wp-block-uagb-image--layout-overlay-link{position:absolute;left:0;right:0;bottom:0;top:0}.wp-block-uagb-image--layout-overlay .wp-block-uagb-image__figure:hover .wp-block-uagb-image--layout-overlay__color-wrapper{opacity:1}.wp-block-uagb-image--layout-overlay__inner{position:absolute;left:15px;right:15px;bottom:15px;top:15px;display:flex;align-items:center;justify-content:center;flex-direction:column;border-color:#fff;transition:.35s ease-in-out}.wp-block-uagb-image--layout-overlay__inner.top-left,.wp-block-uagb-image--layout-overlay__inner.top-center,.wp-block-uagb-image--layout-overlay__inner.top-right{justify-content:flex-start}.wp-block-uagb-image--layout-overlay__inner.bottom-left,.wp-block-uagb-image--layout-overlay__inner.bottom-center,.wp-block-uagb-image--layout-overlay__inner.bottom-right{justify-content:flex-end}.wp-block-uagb-image--layout-overlay__inner.top-left,.wp-block-uagb-image--layout-overlay__inner.center-left,.wp-block-uagb-image--layout-overlay__inner.bottom-left{align-items:flex-start}.wp-block-uagb-image--layout-overlay__inner.top-right,.wp-block-uagb-image--layout-overlay__inner.center-right,.wp-block-uagb-image--layout-overlay__inner.bottom-right{align-items:flex-end}.wp-block-uagb-image--layout-overlay__inner .uagb-image-heading{color:#fff;transition:transform .35s,opacity .35s ease-in-out;transform:translate3d(0, 24px, 0);margin:0;line-height:1em}.wp-block-uagb-image--layout-overlay__inner .uagb-image-separator{width:30%;border-top-width:2px;border-top-color:#fff;border-top-style:solid;margin-bottom:10px;opacity:0;transition:transform .4s,opacity .4s ease-in-out;transform:translate3d(0, 30px, 0)}.wp-block-uagb-image--layout-overlay__inner .uagb-image-caption{opacity:0;overflow:visible;color:#fff;transition:transform .45s,opacity .45s ease-in-out;transform:translate3d(0, 35px, 0)}.wp-block-uagb-image--layout-overlay__inner:hover .uagb-image-heading,.wp-block-uagb-image--layout-overlay__inner:hover .uagb-image-separator,.wp-block-uagb-image--layout-overlay__inner:hover .uagb-image-caption{opacity:1;transform:translate3d(0, 0, 0)}.wp-block-uagb-image--effect-zoomin .wp-block-uagb-image__figure img,.wp-block-uagb-image--effect-zoomin .wp-block-uagb-image__figure .wp-block-uagb-image--layout-overlay__color-wrapper{transform:scale(1);transition:transform .35s ease-in-out}.wp-block-uagb-image--effect-zoomin .wp-block-uagb-image__figure:hover img,.wp-block-uagb-image--effect-zoomin .wp-block-uagb-image__figure:hover .wp-block-uagb-image--layout-overlay__color-wrapper{transform:scale(1.05)}.wp-block-uagb-image--effect-slide .wp-block-uagb-image__figure img,.wp-block-uagb-image--effect-slide .wp-block-uagb-image__figure .wp-block-uagb-image--layout-overlay__color-wrapper{width:calc(100% + 40px) !important;max-width:none !important;transform:translate3d(-40px, 0, 0);transition:transform .35s ease-in-out}.wp-block-uagb-image--effect-slide .wp-block-uagb-image__figure:hover img,.wp-block-uagb-image--effect-slide .wp-block-uagb-image__figure:hover .wp-block-uagb-image--layout-overlay__color-wrapper{transform:translate3d(0, 0, 0)}.wp-block-uagb-image--effect-grayscale img{filter:grayscale(0%);transition:.35s ease-in-out}.wp-block-uagb-image--effect-grayscale:hover img{filter:grayscale(100%)}.wp-block-uagb-image--effect-blur img{filter:blur(0);transition:.35s ease-in-out}.wp-block-uagb-image--effect-blur:hover img{filter:blur(3px)}.uagb-block-e6f939b3.wp-block-uagb-image--layout-default figure img{box-shadow: 0px 0px 0 #00000070;}.uagb-block-e6f939b3.wp-block-uagb-image .wp-block-uagb-image__figure figcaption{font-style: normal;align-self: center;}.uagb-block-e6f939b3.wp-block-uagb-image--layout-overlay figure img{box-shadow: 0px 0px 0 #00000070;}.uagb-block-e6f939b3.wp-block-uagb-image--layout-overlay .wp-block-uagb-image--layout-overlay__color-wrapper{opacity: 0.2;}.uagb-block-e6f939b3.wp-block-uagb-image--layout-overlay .wp-block-uagb-image--layout-overlay__inner{left: 15px;right: 15px;top: 15px;bottom: 15px;}.uagb-block-e6f939b3.wp-block-uagb-image--layout-overlay .wp-block-uagb-image--layout-overlay__inner .uagb-image-heading{font-style: normal;color: #fff;opacity: 1;}.uagb-block-e6f939b3.wp-block-uagb-image--layout-overlay .wp-block-uagb-image--layout-overlay__inner .uagb-image-heading a{color: #fff;}.uagb-block-e6f939b3.wp-block-uagb-image--layout-overlay .wp-block-uagb-image--layout-overlay__inner .uagb-image-caption{opacity: 0;}.uagb-block-e6f939b3.wp-block-uagb-image--layout-overlay .wp-block-uagb-image__figure:hover .wp-block-uagb-image--layout-overlay__color-wrapper{opacity: 1;}.uagb-block-e6f939b3.wp-block-uagb-image .wp-block-uagb-image--layout-overlay__inner .uagb-image-separator{width: 30%;border-top-width: 2px;border-top-color: #fff;opacity: 0;}.uagb-block-e6f939b3.wp-block-uagb-image .wp-block-uagb-image__figure img{width: px;height: auto;}.uagb-block-e6f939b3.wp-block-uagb-image .wp-block-uagb-image__figure:hover .wp-block-uagb-image--layout-overlay__inner .uagb-image-caption{opacity: 1;}.uagb-block-e6f939b3.wp-block-uagb-image .wp-block-uagb-image__figure:hover .wp-block-uagb-image--layout-overlay__inner .uagb-image-separator{opacity: 1;}.uagb-block-e6f939b3.wp-block-uagb-image--layout-default figure:hover img{box-shadow: 0px 0px 0 #00000070;}.uagb-block-e6f939b3.wp-block-uagb-image--layout-overlay figure:hover img{box-shadow: 0px 0px 0 #00000070;}@media only screen and (max-width: 976px) {.uagb-block-e6f939b3.wp-block-uagb-image .wp-block-uagb-image__figure img{width: px;height: auto;}}@media only screen and (max-width: 767px) {.uagb-block-e6f939b3.wp-block-uagb-image .wp-block-uagb-image__figure img{width: px;height: auto;}}\";s:2:\"js\";s:0:\"\";s:18:\"current_block_list\";a:13:{i:0;s:11:\"core\/search\";i:1;s:10:\"core\/group\";i:2;s:12:\"core\/heading\";i:3;s:17:\"core\/latest-posts\";i:4;s:20:\"core\/latest-comments\";i:5;s:13:\"core\/archives\";i:6;s:15:\"core\/categories\";i:7;s:14:\"core\/paragraph\";i:8;s:10:\"uagb\/image\";i:9;s:11:\"core\/spacer\";i:10;s:30:\"woocommerce\/product-categories\";i:11;s:10:\"core\/image\";i:12;s:14:\"core\/shortcode\";}s:8:\"uag_flag\";b:1;s:11:\"uag_version\";s:10:\"1777174084\";s:6:\"gfonts\";a:0:{}s:10:\"gfonts_url\";s:0:\"\";s:12:\"gfonts_files\";a:0:{}s:14:\"uag_faq_layout\";b:0;}"]},"uagb_featured_image_src":{"full":["https:\/\/www.ferberpainting.com\/wp-content\/uploads\/2025\/05\/MagnoliaFertilizer.png",2560,2560,false],"thumbnail":["https:\/\/www.ferberpainting.com\/wp-content\/uploads\/2025\/05\/MagnoliaFertilizer-150x150.png",150,150,true],"medium":["https:\/\/www.ferberpainting.com\/wp-content\/uploads\/2025\/05\/MagnoliaFertilizer-300x300.png",300,300,true],"medium_large":["https:\/\/www.ferberpainting.com\/wp-content\/uploads\/2025\/05\/MagnoliaFertilizer-768x768.png",768,768,true],"large":["https:\/\/www.ferberpainting.com\/wp-content\/uploads\/2025\/05\/MagnoliaFertilizer-1024x1024.png",1024,1024,true],"1536x1536":["https:\/\/www.ferberpainting.com\/wp-content\/uploads\/2025\/05\/MagnoliaFertilizer-1536x1536.png",1536,1536,true],"2048x2048":["https:\/\/www.ferberpainting.com\/wp-content\/uploads\/2025\/05\/MagnoliaFertilizer-2048x2048.png",2048,2048,true],"trp-custom-language-flag":["https:\/\/www.ferberpainting.com\/wp-content\/uploads\/2025\/05\/MagnoliaFertilizer-12x12.png",12,12,true],"woocommerce_thumbnail":["https:\/\/www.ferberpainting.com\/wp-content\/uploads\/2025\/05\/MagnoliaFertilizer-300x300.png",300,300,true],"woocommerce_single":["https:\/\/www.ferberpainting.com\/wp-content\/uploads\/2025\/05\/MagnoliaFertilizer-600x600.png",600,600,true],"woocommerce_gallery_thumbnail":["https:\/\/www.ferberpainting.com\/wp-content\/uploads\/2025\/05\/MagnoliaFertilizer-100x100.png",100,100,true]},"uagb_author_info":{"display_name":"admin","author_link":"https:\/\/www.ferberpainting.com\/fi\/author\/"},"uagb_comment_info":33,"uagb_excerpt":"A fertilizer designed for sumptuous flowering and vibrant foliage.\u00a0Magnolia is a well-known ornamental tree or shrub celebrated for its spectacular flowers and vibrant foliage. To ensure abundant and prolonged blooming, as well as healthy and vigorous growth, it is essential to provide appropriate fertilization. This NPK 10-10-10 fertilizer provides balanced nutrition by supplying nitrogen (N),&hellip;","_links":{"self":[{"href":"https:\/\/www.ferberpainting.com\/fi\/wp-json\/wp\/v2\/product\/23802","targetHints":{"allow":["GET"]}}],"collection":[{"href":"https:\/\/www.ferberpainting.com\/fi\/wp-json\/wp\/v2\/product"}],"about":[{"href":"https:\/\/www.ferberpainting.com\/fi\/wp-json\/wp\/v2\/types\/product"}],"replies":[{"embeddable":true,"href":"https:\/\/www.ferberpainting.com\/fi\/wp-json\/wp\/v2\/comments?post=23802"}],"version-history":[{"count":5,"href":"https:\/\/www.ferberpainting.com\/fi\/wp-json\/wp\/v2\/product\/23802\/revisions"}],"predecessor-version":[{"id":166490,"href":"https:\/\/www.ferberpainting.com\/fi\/wp-json\/wp\/v2\/product\/23802\/revisions\/166490"}],"wp:featuredmedia":[{"embeddable":true,"href":"https:\/\/www.ferberpainting.com\/fi\/wp-json\/wp\/v2\/media\/26260"}],"wp:attachment":[{"href":"https:\/\/www.ferberpainting.com\/fi\/wp-json\/wp\/v2\/media?parent=23802"}],"wp:term":[{"taxonomy":"product_brand","embeddable":true,"href":"https:\/\/www.ferberpainting.com\/fi\/wp-json\/wp\/v2\/product_brand?post=23802"},{"taxonomy":"product_cat","embeddable":true,"href":"https:\/\/www.ferberpainting.com\/fi\/wp-json\/wp\/v2\/product_cat?post=23802"},{"taxonomy":"product_tag","embeddable":true,"href":"https:\/\/www.ferberpainting.com\/fi\/wp-json\/wp\/v2\/product_tag?post=23802"}],"curies":[{"name":"wp","href":"https:\/\/api.w.org\/{rel}","templated":true}]}}