{"id":23774,"date":"2025-05-26T10:25:26","date_gmt":"2025-05-26T08:25:26","guid":{"rendered":"https:\/\/www.ferberpainting.com\/products\/kiwi-fertilizer\/"},"modified":"2026-02-15T20:18:56","modified_gmt":"2026-02-15T19:18:56","slug":"kiwi-fertilizer","status":"publish","type":"product","link":"https:\/\/www.ferberpainting.com\/fi\/products\/kiwi-fertilizer\/","title":{"rendered":"Kiivilannoite"},"content":{"rendered":"<p><strong><img decoding=\"async\" style=\"margin-right: 12px;\" src=\"https:\/\/www.ferberpainting.com\/wp-content\/uploads\/2026\/02\/Check.svg\" alt=\"\" width=\"18\" height=\"15\" \/>Lannoite, joka on erityisesti suunniteltu kiivien kasvun ja hedelmien muodostumisen edist\u00e4miseen.<\/strong>\u00a0Kiivin viljely, olipa kyseess\u00e4 Actinidia deliciosa tai Actinidia arguta (kovakuntoinen kiivi), edellytt\u00e4\u00e4 tasapainoista ravinteiden saantia, jotta varmistetaan runsas ja maukas hedelmien tuotanto. T\u00e4m\u00e4 NPK 15-15-15 -lannoite tarjoaa t\u00e4ydellisen tasapainon typen (N), joka tukee lehtien ja varsien kasvua, fosforin (P), joka on v\u00e4ltt\u00e4m\u00e4t\u00f6n syv\u00e4lle juurtumiselle ja runsaalle kukinnalle, ja kaliumin (K) v\u00e4lill\u00e4, joka vahvistaa taudinkest\u00e4vyytt\u00e4 ja parantaa hedelmien laatua. T\u00e4m\u00e4n tasapainoisen yhdistelm\u00e4n ansiosta t\u00e4m\u00e4 lannoite takaa elinvoimaiset kiivikasvit, joilla on makeammat ja suuremmat hedelm\u00e4t.<\/p>\n<p><strong><img decoding=\"async\" style=\"margin-right: 12px;\" src=\"https:\/\/www.ferberpainting.com\/wp-content\/uploads\/2026\/02\/Check.svg\" alt=\"\" width=\"18\" height=\"15\" \/>Rahat takaisin -takuu.<\/strong>\u00a0Luotamme kiivilannoitteemme tehokkuuteen, mink\u00e4 vuoksi tarjoamme rahanpalautustakuun. Jos suositusten mukaisen k\u00e4yt\u00f6n j\u00e4lkeen kasvisi ei havaitse havaittavaa parannusta kasvussa, kukinnassa tai hedelmien tuotannossa, sitoudumme palauttamaan sinulle rahasi t\u00e4ysim\u00e4\u00e4r\u00e4isesti. Voit siis ostaa t\u00e4m\u00e4n tuotteen t\u00e4ysin rauhallisin mielin ja luottavaisin mielin.<\/p>\n<p><strong><img decoding=\"async\" style=\"margin-right: 12px;\" src=\"https:\/\/www.ferberpainting.com\/wp-content\/uploads\/2026\/02\/Check.svg\" alt=\"\" width=\"18\" height=\"15\" \/>Sopii kaikille lajikkeille ja kaikkiin kasvuolosuhteisiin.<\/strong>\u00a0T\u00e4m\u00e4 lannoite sopii kaikille kiivilajikkeille, olivatpa ne sitten vihreit\u00e4, keltaisia tai punalihaisia, mukaan lukien itsest\u00e4\u00e4n hedelm\u00f6ittyv\u00e4t tai ristip\u00f6lytyst\u00e4 vaativat lajikkeet. Se tehoaa avomaalla, ruukuissa tai istutusastioissa kasvatettaviin kasveihin ja varmistaa optimaalisen lannoituksen ymp\u00e4rist\u00f6st\u00e4 riippumatta. Se toimii my\u00f6s kaikentyyppisess\u00e4 maaper\u00e4ss\u00e4, olipa se sitten savista, hiekkaista tai kosteaa, parantamalla maaper\u00e4n rakennetta ja edist\u00e4m\u00e4ll\u00e4 ravinteiden imeytymist\u00e4 juuriin.<\/p>\n<p><strong><img decoding=\"async\" style=\"margin-right: 12px;\" src=\"https:\/\/www.ferberpainting.com\/wp-content\/uploads\/2026\/02\/Check.svg\" alt=\"\" width=\"18\" height=\"15\" \/>Kustannustehokas ja pitk\u00e4kestoinen lannoitus.<\/strong>\u00a0Eritt\u00e4in tiiviin nestem\u00e4isen koostumuksensa ansiosta yhdell\u00e4 5 litran s\u00e4ili\u00f6ll\u00e4 voidaan valmistaa jopa 1000 litraa lannoiteliuosta, mik\u00e4 takaa pitk\u00e4aikaisen ja taloudellisen lannoituksen. Tarkka annostelu 5 ml vesilitraa kohti antaa riitt\u00e4v\u00e4sti ravinteita ilman ylim\u00e4\u00e4r\u00e4\u00e4, mik\u00e4 optimoi kasvien ravinteiden hyv\u00e4ksik\u00e4yt\u00f6n ja minimoi huuhtoutumish\u00e4vi\u00f6t. T\u00e4ll\u00e4 lannoitteella voidaan ruokkia useita kasveja pitk\u00e4n ajanjakson ajan, mik\u00e4 v\u00e4hent\u00e4\u00e4 levityskustannuksia.<\/p>\n<p><strong><img decoding=\"async\" style=\"margin-right: 12px;\" src=\"https:\/\/www.ferberpainting.com\/wp-content\/uploads\/2026\/02\/Check.svg\" alt=\"\" width=\"18\" height=\"15\" \/>Turvallinen ja ymp\u00e4rist\u00f6yst\u00e4v\u00e4llinen lannoite.<\/strong>\u00a0T\u00e4m\u00e4 lannoite on suunniteltu ilman aggressiivisia kemiallisia tuotteita, joten se kunnioittaa maaper\u00e4n luonnollista tasapainoa ja edist\u00e4\u00e4 biologista monimuotoisuutta. Se ei sis\u00e4ll\u00e4 myrkyllisi\u00e4 aineita, jotka voisivat vahingoittaa p\u00f6lytt\u00e4vi\u00e4 hy\u00f6nteisi\u00e4 tai maaper\u00e4n mikro-organismeja. Se on turvallinen lemmikkiel\u00e4imille ja lapsille, mik\u00e4 takaa turvallisen lannoituksen puutarhassasi tai hedelm\u00e4tarhassasi.<\/p>\n<p><strong><img decoding=\"async\" style=\"margin-right: 12px;\" src=\"https:\/\/www.ferberpainting.com\/wp-content\/uploads\/2026\/02\/Check.svg\" alt=\"\" width=\"18\" height=\"15\" \/>Helppo levitys ja vaivaton lannoitus.<\/strong>\u00a0Toisin kuin kiinte\u00e4t lannoitteet, jotka vaativat huolellista levitt\u00e4mist\u00e4, t\u00e4m\u00e4 lannoite liukenee v\u00e4litt\u00f6m\u00e4sti veteen ja levitet\u00e4\u00e4n helposti kastelemalla tai ruiskuttamalla, mik\u00e4 takaa ravinteiden tasaisen jakautumisen. Sen yksinkertainen ja nopea levitysmenetelm\u00e4 tekee siit\u00e4 ihanteellisen ratkaisun sek\u00e4 harrastelijapuutarhureille ett\u00e4 kokeneille viljelij\u00f6ille.<\/p>\n<p><strong><img decoding=\"async\" style=\"margin-right: 12px;\" src=\"https:\/\/www.ferberpainting.com\/wp-content\/uploads\/2026\/02\/Check.svg\" alt=\"\" width=\"18\" height=\"15\" \/>Pitk\u00e4kestoinen vaikutus optimaaliseen kasvuun ja runsaaseen satoon.<\/strong>\u00a0Asteittaisen ravinteiden vapautumisen ansiosta t\u00e4m\u00e4 lannoite ravitsee kiivi\u00e4 useita viikkoja ja tukee jatkuvaa kukintaa ja runsasta hedelmien tuottoa. Se auttaa my\u00f6s vahvistamaan kasvin vastustuskyky\u00e4 tauteja, tuholaisia ja ymp\u00e4rist\u00f6stressi\u00e4, kuten kuivuutta tai my\u00f6h\u00e4ist\u00e4 pakkasta vastaan.<\/p>\n<p><strong><img decoding=\"async\" style=\"margin-right: 12px;\" src=\"https:\/\/www.ferberpainting.com\/wp-content\/uploads\/2026\/02\/Check.svg\" alt=\"\" width=\"18\" height=\"15\" \/>N\u00e4kyvi\u00e4 tuloksia jo muutaman viikon kuluessa.<\/strong>\u00a0T\u00e4m\u00e4 lannoite stimuloi uusien versojen syntymist\u00e4 heti ensimm\u00e4isist\u00e4 k\u00e4ytt\u00f6kerroista l\u00e4htien, vahvistaa lehtien v\u00e4ri\u00e4 ja edist\u00e4\u00e4 runsaampaa kukintaa. Vain muutamassa viikossa kiivikasvisi kasvavat nopeammin, niiden varret ovat vahvemmat ja niiden kukat ovat runsaammat, mik\u00e4 takaa runsaan makeiden ja mehukkaiden hedelmien sadon.<\/p>\n<h2><strong>K\u00e4ytt\u00f6protokolla<\/strong><\/h2>\n<p><strong>Lannoitteen laimennus <\/strong>: Sekoita 5 ml lannoitetta 1 litraan vett\u00e4. Ravista liuosta ennen jokaista levityst\u00e4 ravinteiden tasaisen jakautumisen varmistamiseksi.<\/p>\n<p><strong>Soveltamismenetelm\u00e4 <\/strong>:<\/p>\n<ul>\n<li><strong>Kastelemalla <\/strong>: Kaada laimennettu liuos suoraan kiivikasvin tyvelle ja varmista, ett\u00e4 maaper\u00e4 kostuu hyvin, mutta ei liikaa, jotta v\u00e4lt\u00e4t ravinteiden valumisen.<\/li>\n<li><strong>Lehtiruiskuttamalla (valinnainen) <\/strong>: Suihkuta liuosta kevyesti lehdille ja varsiin varhain aamulla tai my\u00f6h\u00e4\u00e4n p\u00e4iv\u00e4ll\u00e4, jotta imeytyminen olisi mahdollisimman suuri ilman liiallista haihtumisriski\u00e4.<\/li>\n<\/ul>\n<p><strong>Sovellustiheys <\/strong>:<\/p>\n<ul>\n<li><strong>Kasvu- ja kukinta-aikana (kev\u00e4t-kes\u00e4). <\/strong>: Levit\u00e4 lannoitetta kahden viikon v\u00e4lein runsaan kukinnan ja optimaalisen hedelm\u00e4tuotannon varmistamiseksi.<\/li>\n<li><strong>Lepotilan aikana (syksy-talvi)\u00a0<\/strong>: V\u00e4henn\u00e4 k\u00e4sittelytaajuutta kerran kuukaudessa, jotta kasvien elinvoimaisuus s\u00e4ilyy ilman, ett\u00e4 se edist\u00e4\u00e4 liiallista kasvua.<\/li>\n<\/ul>\n<p><strong>Lis\u00e4kastelu <\/strong>: Odota lannoitteen levitt\u00e4misen j\u00e4lkeen 48 tuntia ennen seuraavaa kastelua, jotta juuret voivat ime\u00e4 ravinteet mahdollisimman hyvin.<\/p>\n<p><strong>K\u00e4ytt\u00f6\u00e4 koskevat varotoimet <\/strong>: \u00c4l\u00e4 ylit\u00e4 suositeltuja annoksia, jotta maaper\u00e4ss\u00e4 ei ole liikaa mineraalisuoloja, jotka voivat hidastaa kiivikasvien kasvua. Levit\u00e4 vain hieman kosteaan maahan, jotta ravinteiden imeytyminen olisi optimaalista.<\/p>\n<p><strong>Varastointi ja s\u00e4ilytys <\/strong>: S\u00e4ilyt\u00e4 lannoitetta viile\u00e4ss\u00e4, kuivassa paikassa, suojassa valolta ja kosteudelta. Sulje s\u00e4ili\u00f6 aina tiiviisti jokaisen k\u00e4ytt\u00f6kerran j\u00e4lkeen tuotteen tehon s\u00e4ilytt\u00e4miseksi ja haihtumisen v\u00e4ltt\u00e4miseksi.<\/p>\n<p>T\u00e4m\u00e4n kiivilannoitteen avulla voit antaa kasveillesi t\u00e4ydellisen, niiden erityistarpeisiin r\u00e4\u00e4t\u00e4l\u00f6idyn ravinnon, joka takaa voimakkaan kasvun, runsaan kukinnan ja runsaan sadon. Se on ihanteellinen ratkaisu makeiden, mehukkaiden ja terveiden kiivien kasvattamiseen kasvihuoneessa, hedelm\u00e4tarhassa tai puutarhassa.<\/p>","protected":false},"excerpt":{"rendered":"<p>A fertilizer specially designed to stimulate kiwi growth and fruiting.\u00a0Kiwi cultivation, whether Actinidia deliciosa or Actinidia arguta (hardy kiwi), requires a balanced nutrient supply to ensure abundant and flavorful fruit production. This NPK 15-15-15 fertilizer provides the perfect balance between nitrogen (N), which supports foliage and stem growth, phosphorus (P), essential for deep rooting and [&hellip;]<\/p>\n","protected":false},"featured_media":26242,"comment_status":"open","ping_status":"closed","template":"","meta":{"_uag_custom_page_level_css":"","site-sidebar-layout":"default","site-content-layout":"","ast-site-content-layout":"default","site-content-style":"default","site-sidebar-style":"default","ast-global-header-display":"","ast-banner-title-visibility":"","ast-main-header-display":"","ast-hfb-above-header-display":"","ast-hfb-below-header-display":"","ast-hfb-mobile-header-display":"","site-post-title":"","ast-breadcrumbs-content":"","ast-featured-img":"","footer-sml-layout":"","ast-disable-related-posts":"","theme-transparent-header-meta":"default","adv-header-id-meta":"","stick-header-meta":"","header-above-stick-meta":"","header-main-stick-meta":"","header-below-stick-meta":"","astra-migrate-meta-layouts":"set","ast-page-background-enabled":"default","ast-page-background-meta":{"desktop":{"background-color":"var(--ast-global-color-4)","background-image":"","background-repeat":"repeat","background-position":"center center","background-size":"auto","background-attachment":"scroll","background-type":"","background-media":"","overlay-type":"","overlay-color":"","overlay-opacity":"","overlay-gradient":""},"tablet":{"background-color":"","background-image":"","background-repeat":"repeat","background-position":"center center","background-size":"auto","background-attachment":"scroll","background-type":"","background-media":"","overlay-type":"","overlay-color":"","overlay-opacity":"","overlay-gradient":""},"mobile":{"background-color":"","background-image":"","background-repeat":"repeat","background-position":"center center","background-size":"auto","background-attachment":"scroll","background-type":"","background-media":"","overlay-type":"","overlay-color":"","overlay-opacity":"","overlay-gradient":""}},"ast-content-background-meta":{"desktop":{"background-color":"var(--ast-global-color-5)","background-image":"","background-repeat":"repeat","background-position":"center center","background-size":"auto","background-attachment":"scroll","background-type":"","background-media":"","overlay-type":"","overlay-color":"","overlay-opacity":"","overlay-gradient":""},"tablet":{"background-color":"var(--ast-global-color-5)","background-image":"","background-repeat":"repeat","background-position":"center center","background-size":"auto","background-attachment":"scroll","background-type":"","background-media":"","overlay-type":"","overlay-color":"","overlay-opacity":"","overlay-gradient":""},"mobile":{"background-color":"var(--ast-global-color-5)","background-image":"","background-repeat":"repeat","background-position":"center center","background-size":"auto","background-attachment":"scroll","background-type":"","background-media":"","overlay-type":"","overlay-color":"","overlay-opacity":"","overlay-gradient":""}}},"product_brand":[],"product_cat":[178],"product_tag":[],"class_list":{"0":"post-23774","1":"product","2":"type-product","3":"status-publish","4":"has-post-thumbnail","6":"product_cat-fertilizers","7":"desktop-align-left","8":"tablet-align-left","9":"mobile-align-left","11":"first","12":"instock","13":"sale","14":"taxable","15":"shipping-taxable","16":"purchasable","17":"product-type-variable","18":"has-default-attributes"},"spectra_custom_meta":{"_visibility":["visible"],"_shopify_product_id":["9067621056757"],"_s2w_shopify_domain":["ferberpainting.myshopify.com"],"_shopify_variant_id":["46508104810741"],"_sku":[""],"_manage_stock":["no"],"total_sales":["24"],"_tax_status":["taxable"],"_tax_class":[""],"_backorders":["no"],"_sold_individually":["no"],"_virtual":["no"],"_downloadable":["no"],"_download_limit":["-1"],"_download_expiry":["-1"],"_stock":[null],"_stock_status":["instock"],"_wc_average_rating":["4.71"],"_wc_review_count":["7"],"_product_attributes":["a:1:{s:6:\"volume\";a:6:{s:4:\"name\";s:6:\"Volume\";s:5:\"value\";s:20:\"5 liters | 25 liters\";s:8:\"position\";i:1;s:10:\"is_visible\";i:0;s:12:\"is_variation\";i:1;s:11:\"is_taxonomy\";i:0;}}"],"_product_version":["10.5.1"],"_thumbnail_id":["26242"],"_product_image_gallery":["26243"],"wpse_downloadable_file_names":[""],"wpse_downloadable_file_urls":[""],"_edit_last":["1"],"_default_attributes":["a:1:{s:6:\"volume\";s:8:\"5 liters\";}"],"_edit_lock":["1771182999:1"],"_price":["29.90","129.90"],"merchant-center-availability":["yes"],"merchant-center-category":["113"],"_wp_page_template":["default"],"site-sidebar-layout":["default"],"ast-site-content-layout":["default"],"site-content-style":["default"],"site-sidebar-style":["default"],"theme-transparent-header-meta":["default"],"_wc_rating_count":["a:2:{i:4;i:2;i:5;i:5;}"],"astra-migrate-meta-layouts":["set"],"_uag_css_file_name":["uag-css-23774.css"],"_elementor_page_assets":["a:0:{}"],"_uag_page_assets":["a:9:{s:3:\"css\";s:7133:\".uag-blocks-common-selector{z-index:var(--z-index-desktop) !important}@media(max-width: 976px){.uag-blocks-common-selector{z-index:var(--z-index-tablet) !important}}@media(max-width: 767px){.uag-blocks-common-selector{z-index:var(--z-index-mobile) !important}}.wp-block-uagb-image{display:flex}.wp-block-uagb-image__figure{position:relative;display:flex;flex-direction:column;max-width:100%;height:auto;margin:0}.wp-block-uagb-image__figure img{height:auto;display:flex;max-width:100%;transition:box-shadow .2s ease}.wp-block-uagb-image__figure>a{display:inline-block}.wp-block-uagb-image__figure figcaption{text-align:center;margin-top:.5em;margin-bottom:1em}.wp-block-uagb-image .components-placeholder.block-editor-media-placeholder .components-placeholder__instructions{align-self:center}.wp-block-uagb-image--align-left{text-align:left}.wp-block-uagb-image--align-right{text-align:right}.wp-block-uagb-image--align-center{text-align:center}.wp-block-uagb-image--align-full .wp-block-uagb-image__figure{margin-left:calc(50% - 50vw);margin-right:calc(50% - 50vw);max-width:100vw;width:100vw;height:auto}.wp-block-uagb-image--align-full .wp-block-uagb-image__figure img{height:auto;width:100% !important}.wp-block-uagb-image--align-wide .wp-block-uagb-image__figure img{height:auto;width:100%}.wp-block-uagb-image--layout-overlay__color-wrapper{position:absolute;left:0;top:0;right:0;bottom:0;opacity:.2;background:rgba(0,0,0,.5);transition:opacity .35s ease-in-out}.wp-block-uagb-image--layout-overlay-link{position:absolute;left:0;right:0;bottom:0;top:0}.wp-block-uagb-image--layout-overlay .wp-block-uagb-image__figure:hover .wp-block-uagb-image--layout-overlay__color-wrapper{opacity:1}.wp-block-uagb-image--layout-overlay__inner{position:absolute;left:15px;right:15px;bottom:15px;top:15px;display:flex;align-items:center;justify-content:center;flex-direction:column;border-color:#fff;transition:.35s ease-in-out}.wp-block-uagb-image--layout-overlay__inner.top-left,.wp-block-uagb-image--layout-overlay__inner.top-center,.wp-block-uagb-image--layout-overlay__inner.top-right{justify-content:flex-start}.wp-block-uagb-image--layout-overlay__inner.bottom-left,.wp-block-uagb-image--layout-overlay__inner.bottom-center,.wp-block-uagb-image--layout-overlay__inner.bottom-right{justify-content:flex-end}.wp-block-uagb-image--layout-overlay__inner.top-left,.wp-block-uagb-image--layout-overlay__inner.center-left,.wp-block-uagb-image--layout-overlay__inner.bottom-left{align-items:flex-start}.wp-block-uagb-image--layout-overlay__inner.top-right,.wp-block-uagb-image--layout-overlay__inner.center-right,.wp-block-uagb-image--layout-overlay__inner.bottom-right{align-items:flex-end}.wp-block-uagb-image--layout-overlay__inner .uagb-image-heading{color:#fff;transition:transform .35s,opacity .35s ease-in-out;transform:translate3d(0, 24px, 0);margin:0;line-height:1em}.wp-block-uagb-image--layout-overlay__inner .uagb-image-separator{width:30%;border-top-width:2px;border-top-color:#fff;border-top-style:solid;margin-bottom:10px;opacity:0;transition:transform .4s,opacity .4s ease-in-out;transform:translate3d(0, 30px, 0)}.wp-block-uagb-image--layout-overlay__inner .uagb-image-caption{opacity:0;overflow:visible;color:#fff;transition:transform .45s,opacity .45s ease-in-out;transform:translate3d(0, 35px, 0)}.wp-block-uagb-image--layout-overlay__inner:hover .uagb-image-heading,.wp-block-uagb-image--layout-overlay__inner:hover .uagb-image-separator,.wp-block-uagb-image--layout-overlay__inner:hover .uagb-image-caption{opacity:1;transform:translate3d(0, 0, 0)}.wp-block-uagb-image--effect-zoomin .wp-block-uagb-image__figure img,.wp-block-uagb-image--effect-zoomin .wp-block-uagb-image__figure .wp-block-uagb-image--layout-overlay__color-wrapper{transform:scale(1);transition:transform .35s ease-in-out}.wp-block-uagb-image--effect-zoomin .wp-block-uagb-image__figure:hover img,.wp-block-uagb-image--effect-zoomin .wp-block-uagb-image__figure:hover .wp-block-uagb-image--layout-overlay__color-wrapper{transform:scale(1.05)}.wp-block-uagb-image--effect-slide .wp-block-uagb-image__figure img,.wp-block-uagb-image--effect-slide .wp-block-uagb-image__figure .wp-block-uagb-image--layout-overlay__color-wrapper{width:calc(100% + 40px) !important;max-width:none !important;transform:translate3d(-40px, 0, 0);transition:transform .35s ease-in-out}.wp-block-uagb-image--effect-slide .wp-block-uagb-image__figure:hover img,.wp-block-uagb-image--effect-slide .wp-block-uagb-image__figure:hover .wp-block-uagb-image--layout-overlay__color-wrapper{transform:translate3d(0, 0, 0)}.wp-block-uagb-image--effect-grayscale img{filter:grayscale(0%);transition:.35s ease-in-out}.wp-block-uagb-image--effect-grayscale:hover img{filter:grayscale(100%)}.wp-block-uagb-image--effect-blur img{filter:blur(0);transition:.35s ease-in-out}.wp-block-uagb-image--effect-blur:hover img{filter:blur(3px)}.uagb-block-e6f939b3.wp-block-uagb-image--layout-default figure img{box-shadow: 0px 0px 0 #00000070;}.uagb-block-e6f939b3.wp-block-uagb-image .wp-block-uagb-image__figure figcaption{font-style: normal;align-self: center;}.uagb-block-e6f939b3.wp-block-uagb-image--layout-overlay figure img{box-shadow: 0px 0px 0 #00000070;}.uagb-block-e6f939b3.wp-block-uagb-image--layout-overlay .wp-block-uagb-image--layout-overlay__color-wrapper{opacity: 0.2;}.uagb-block-e6f939b3.wp-block-uagb-image--layout-overlay .wp-block-uagb-image--layout-overlay__inner{left: 15px;right: 15px;top: 15px;bottom: 15px;}.uagb-block-e6f939b3.wp-block-uagb-image--layout-overlay .wp-block-uagb-image--layout-overlay__inner .uagb-image-heading{font-style: normal;color: #fff;opacity: 1;}.uagb-block-e6f939b3.wp-block-uagb-image--layout-overlay .wp-block-uagb-image--layout-overlay__inner .uagb-image-heading a{color: #fff;}.uagb-block-e6f939b3.wp-block-uagb-image--layout-overlay .wp-block-uagb-image--layout-overlay__inner .uagb-image-caption{opacity: 0;}.uagb-block-e6f939b3.wp-block-uagb-image--layout-overlay .wp-block-uagb-image__figure:hover .wp-block-uagb-image--layout-overlay__color-wrapper{opacity: 1;}.uagb-block-e6f939b3.wp-block-uagb-image .wp-block-uagb-image--layout-overlay__inner .uagb-image-separator{width: 30%;border-top-width: 2px;border-top-color: #fff;opacity: 0;}.uagb-block-e6f939b3.wp-block-uagb-image .wp-block-uagb-image__figure img{width: px;height: auto;}.uagb-block-e6f939b3.wp-block-uagb-image .wp-block-uagb-image__figure:hover .wp-block-uagb-image--layout-overlay__inner .uagb-image-caption{opacity: 1;}.uagb-block-e6f939b3.wp-block-uagb-image .wp-block-uagb-image__figure:hover .wp-block-uagb-image--layout-overlay__inner .uagb-image-separator{opacity: 1;}.uagb-block-e6f939b3.wp-block-uagb-image--layout-default figure:hover img{box-shadow: 0px 0px 0 #00000070;}.uagb-block-e6f939b3.wp-block-uagb-image--layout-overlay figure:hover img{box-shadow: 0px 0px 0 #00000070;}@media only screen and (max-width: 976px) {.uagb-block-e6f939b3.wp-block-uagb-image .wp-block-uagb-image__figure img{width: px;height: auto;}}@media only screen and (max-width: 767px) {.uagb-block-e6f939b3.wp-block-uagb-image .wp-block-uagb-image__figure img{width: px;height: auto;}}\";s:2:\"js\";s:0:\"\";s:18:\"current_block_list\";a:13:{i:0;s:11:\"core\/search\";i:1;s:10:\"core\/group\";i:2;s:12:\"core\/heading\";i:3;s:17:\"core\/latest-posts\";i:4;s:20:\"core\/latest-comments\";i:5;s:13:\"core\/archives\";i:6;s:15:\"core\/categories\";i:7;s:14:\"core\/paragraph\";i:8;s:10:\"uagb\/image\";i:9;s:11:\"core\/spacer\";i:10;s:30:\"woocommerce\/product-categories\";i:11;s:10:\"core\/image\";i:12;s:14:\"core\/shortcode\";}s:8:\"uag_flag\";b:1;s:11:\"uag_version\";s:10:\"1777371062\";s:6:\"gfonts\";a:0:{}s:10:\"gfonts_url\";s:0:\"\";s:12:\"gfonts_files\";a:0:{}s:14:\"uag_faq_layout\";b:0;}"]},"uagb_featured_image_src":{"full":["https:\/\/www.ferberpainting.com\/wp-content\/uploads\/2025\/05\/Kiwi_Fertilizer_5L.png",2560,2560,false],"thumbnail":["https:\/\/www.ferberpainting.com\/wp-content\/uploads\/2025\/05\/Kiwi_Fertilizer_5L-150x150.png",150,150,true],"medium":["https:\/\/www.ferberpainting.com\/wp-content\/uploads\/2025\/05\/Kiwi_Fertilizer_5L-300x300.png",300,300,true],"medium_large":["https:\/\/www.ferberpainting.com\/wp-content\/uploads\/2025\/05\/Kiwi_Fertilizer_5L-768x768.png",768,768,true],"large":["https:\/\/www.ferberpainting.com\/wp-content\/uploads\/2025\/05\/Kiwi_Fertilizer_5L-1024x1024.png",1024,1024,true],"1536x1536":["https:\/\/www.ferberpainting.com\/wp-content\/uploads\/2025\/05\/Kiwi_Fertilizer_5L-1536x1536.png",1536,1536,true],"2048x2048":["https:\/\/www.ferberpainting.com\/wp-content\/uploads\/2025\/05\/Kiwi_Fertilizer_5L-2048x2048.png",2048,2048,true],"trp-custom-language-flag":["https:\/\/www.ferberpainting.com\/wp-content\/uploads\/2025\/05\/Kiwi_Fertilizer_5L-12x12.png",12,12,true],"woocommerce_thumbnail":["https:\/\/www.ferberpainting.com\/wp-content\/uploads\/2025\/05\/Kiwi_Fertilizer_5L-300x300.png",300,300,true],"woocommerce_single":["https:\/\/www.ferberpainting.com\/wp-content\/uploads\/2025\/05\/Kiwi_Fertilizer_5L-600x600.png",600,600,true],"woocommerce_gallery_thumbnail":["https:\/\/www.ferberpainting.com\/wp-content\/uploads\/2025\/05\/Kiwi_Fertilizer_5L-100x100.png",100,100,true]},"uagb_author_info":{"display_name":"admin","author_link":"https:\/\/www.ferberpainting.com\/fi\/author\/"},"uagb_comment_info":7,"uagb_excerpt":"A fertilizer specially designed to stimulate kiwi growth and fruiting.\u00a0Kiwi cultivation, whether Actinidia deliciosa or Actinidia arguta (hardy kiwi), requires a balanced nutrient supply to ensure abundant and flavorful fruit production. This NPK 15-15-15 fertilizer provides the perfect balance between nitrogen (N), which supports foliage and stem growth, phosphorus (P), essential for deep rooting and&hellip;","_links":{"self":[{"href":"https:\/\/www.ferberpainting.com\/fi\/wp-json\/wp\/v2\/product\/23774","targetHints":{"allow":["GET"]}}],"collection":[{"href":"https:\/\/www.ferberpainting.com\/fi\/wp-json\/wp\/v2\/product"}],"about":[{"href":"https:\/\/www.ferberpainting.com\/fi\/wp-json\/wp\/v2\/types\/product"}],"replies":[{"embeddable":true,"href":"https:\/\/www.ferberpainting.com\/fi\/wp-json\/wp\/v2\/comments?post=23774"}],"version-history":[{"count":3,"href":"https:\/\/www.ferberpainting.com\/fi\/wp-json\/wp\/v2\/product\/23774\/revisions"}],"predecessor-version":[{"id":166451,"href":"https:\/\/www.ferberpainting.com\/fi\/wp-json\/wp\/v2\/product\/23774\/revisions\/166451"}],"wp:featuredmedia":[{"embeddable":true,"href":"https:\/\/www.ferberpainting.com\/fi\/wp-json\/wp\/v2\/media\/26242"}],"wp:attachment":[{"href":"https:\/\/www.ferberpainting.com\/fi\/wp-json\/wp\/v2\/media?parent=23774"}],"wp:term":[{"taxonomy":"product_brand","embeddable":true,"href":"https:\/\/www.ferberpainting.com\/fi\/wp-json\/wp\/v2\/product_brand?post=23774"},{"taxonomy":"product_cat","embeddable":true,"href":"https:\/\/www.ferberpainting.com\/fi\/wp-json\/wp\/v2\/product_cat?post=23774"},{"taxonomy":"product_tag","embeddable":true,"href":"https:\/\/www.ferberpainting.com\/fi\/wp-json\/wp\/v2\/product_tag?post=23774"}],"curies":[{"name":"wp","href":"https:\/\/api.w.org\/{rel}","templated":true}]}}