{"id":23752,"date":"2025-07-01T10:26:24","date_gmt":"2025-07-01T08:26:24","guid":{"rendered":"https:\/\/www.ferberpainting.com\/?post_type=product&#038;p=23752"},"modified":"2026-02-15T19:46:05","modified_gmt":"2026-02-15T18:46:05","slug":"iron-soleplate-cleaner","status":"publish","type":"product","link":"https:\/\/www.ferberpainting.com\/fi\/products\/iron-soleplate-cleaner\/","title":{"rendered":"Silitysraudan puhdistusain"},"content":{"rendered":"<p><strong><img decoding=\"async\" style=\"margin-right: 12px;\" src=\"https:\/\/www.ferberpainting.com\/wp-content\/uploads\/2026\/02\/Check.svg\" alt=\"\" width=\"18\" height=\"15\" \/>Optimaalinen tehokkuus.<\/strong>\u00a0T\u00e4m\u00e4 silitysraudan puhdistusaine on suunniteltu erityisesti poistamaan tehokkaasti kalkkia, palaneita kangasj\u00e4\u00e4mi\u00e4, ruostej\u00e4lki\u00e4 ja muita kertymi\u00e4 silitysraudan pohjalevylt\u00e4. Se toimii syv\u00e4ll\u00e4 ja palauttaa laitteen t\u00e4ydellisen liukuvuuden ja est\u00e4\u00e4 j\u00e4lkien j\u00e4\u00e4misen vaatteisiin. Sen tehokas koostumus liuottaa ep\u00e4puhtaudet vahingoittamatta pintaa, mik\u00e4 takaa tasaisen ja nirsoilemattoman silityksen.<\/p>\n<p><strong><img decoding=\"async\" style=\"margin-right: 12px;\" src=\"https:\/\/www.ferberpainting.com\/wp-content\/uploads\/2026\/02\/Check.svg\" alt=\"\" width=\"18\" height=\"15\" \/>Rahat takaisin -takuu.<\/strong>\u00a0Luotamme t\u00e4ysin puhdistusaineemme tehokkuuteen. Jos et ole sen k\u00e4yt\u00f6n j\u00e4lkeen t\u00e4ysin tyytyv\u00e4inen tuloksiin, voit saada t\u00e4yden hyvityksen. Kokeile tuotteitamme riskitt\u00f6m\u00e4sti ja anna silitysraudallesi toinen el\u00e4m\u00e4 mielenrauhassa.<\/p>\n<p><strong><img decoding=\"async\" style=\"margin-right: 12px;\" src=\"https:\/\/www.ferberpainting.com\/wp-content\/uploads\/2026\/02\/Check.svg\" alt=\"\" width=\"18\" height=\"15\" \/>Poikkeuksellinen monipuolisuus.<\/strong>\u00a0T\u00e4m\u00e4 puhdistusaine ei rajoitu vain perinteisiin silitysraudoille! Se on ihanteellinen my\u00f6s h\u00f6yrygeneraattoreiden, ruostumattomasta ter\u00e4ksest\u00e4 valmistettujen pohjalevyjen, alumiinisten tai keraamisten alustojen ja puristimien l\u00e4mmityslevyjen puhdistukseen. Se soveltuu my\u00f6s silityslaitteiden metallipinnoille, jotka vaativat hell\u00e4varaista puhdistusta, varmistaen optimaalisen huollon vahingoittamatta herkki\u00e4 materiaaleja.<\/p>\n<p><strong><img decoding=\"async\" style=\"margin-right: 12px;\" src=\"https:\/\/www.ferberpainting.com\/wp-content\/uploads\/2026\/02\/Check.svg\" alt=\"\" width=\"18\" height=\"15\" \/>Kustannustehokas.<\/strong>\u00a05 litran kanisterin ja eritt\u00e4in tehokkaan koostumuksen ansiosta t\u00e4m\u00e4 puhdistusaine tarjoaa erinomaista vastinetta. Pieni m\u00e4\u00e4r\u00e4 riitt\u00e4\u00e4 useiden silitysrautojen ja h\u00f6yryj\u00e4rjestelmien puhdistamiseen ilman h\u00e4vikki\u00e4. Keskim\u00e4\u00e4rin yhdell\u00e4 litralla tuotetta voi huoltaa yli 200 laitetta, joten se on taloudellinen ja pitk\u00e4aikainen ratkaisu silityslaitteiden huoltoon.<\/p>\n<p><strong><img decoding=\"async\" style=\"margin-right: 12px;\" src=\"https:\/\/www.ferberpainting.com\/wp-content\/uploads\/2026\/02\/Check.svg\" alt=\"\" width=\"18\" height=\"15\" \/>Turvallinen k\u00e4ytt\u00e4\u00e4.<\/strong>\u00a0Toisin kuin hiovia happoja sis\u00e4lt\u00e4v\u00e4t tuotteet, t\u00e4m\u00e4 puhdistusaine on valmistettu ilman k\u00e4ytt\u00e4j\u00e4lle haitallisia ainesosia eik\u00e4 se aiheuta vaaraa pohjalevylle. Se ei tuota myrkyllisi\u00e4 h\u00f6yryj\u00e4, ei aiheuta iho\u00e4rsytyst\u00e4 ja kunnioittaa metalli- ja keraamisia pintoja. Se on turvallinen s\u00e4\u00e4nn\u00f6llisess\u00e4 k\u00e4yt\u00f6ss\u00e4 ja takaa optimaalisen kunnossapidon heikent\u00e4m\u00e4tt\u00e4 silitysraudan suorituskyky\u00e4.<\/p>\n<p><strong><img decoding=\"async\" style=\"margin-right: 12px;\" src=\"https:\/\/www.ferberpainting.com\/wp-content\/uploads\/2026\/02\/Check.svg\" alt=\"\" width=\"18\" height=\"15\" \/>Helppok\u00e4ytt\u00f6isyys.<\/strong>\u00a0T\u00e4m\u00e4 puhdistusaine on k\u00e4ytt\u00f6valmis eik\u00e4 vaadi laimentamista tai monimutkaista valmistelua. Sit\u00e4 voidaan levitt\u00e4\u00e4 suoraan silitysraudan pohjalevylle tai pehme\u00e4ll\u00e4 liinalla. Sen nopea vaikutus takaa tehokkaan puhdistuksen vain muutamassa vaiheessa ilman vaivaa tai liiallista huuhtelua. Sen nestem\u00e4inen koostumus tekee levitt\u00e4misest\u00e4 helppoa ja takaa ei-toivottujen saostumien nopean poistamisen.<\/p>\n<p><strong><img decoding=\"async\" style=\"margin-right: 12px;\" src=\"https:\/\/www.ferberpainting.com\/wp-content\/uploads\/2026\/02\/Check.svg\" alt=\"\" width=\"18\" height=\"15\" \/>Parannettu kest\u00e4vyys.<\/strong>\u00a0Poistamalla s\u00e4\u00e4nn\u00f6llisesti kalkkikertym\u00e4t ja palaneen kankaan kertym\u00e4t t\u00e4m\u00e4 puhdistusaine pident\u00e4\u00e4 silitysraudan k\u00e4ytt\u00f6ik\u00e4\u00e4 ja parantaa pitk\u00e4n aikav\u00e4lin tehokkuutta. Se est\u00e4\u00e4 h\u00f6yryaukkojen tukkeutumisen ja auttaa pit\u00e4m\u00e4\u00e4n silityslautasen puhtaana. S\u00e4\u00e4nn\u00f6llinen huolto t\u00e4ll\u00e4 tuotteella varmistaa optimaalisen toiminnan ja suorituskyvyn.<\/p>\n<p><strong><img decoding=\"async\" style=\"margin-right: 12px;\" src=\"https:\/\/www.ferberpainting.com\/wp-content\/uploads\/2026\/02\/Check.svg\" alt=\"\" width=\"18\" height=\"15\" \/>Nopea toiminta.<\/strong>\u00a0Eritt\u00e4in aktiivisen koostumuksensa ansiosta t\u00e4m\u00e4 puhdistusaine vaikuttaa v\u00e4litt\u00f6m\u00e4sti j\u00e4\u00e4miin ja pinttyneisiin tahroihin. Vain muutamassa sekunnissa se liuottaa ep\u00e4puhtaudet ja tekee niist\u00e4 helposti pyyhitt\u00e4vi\u00e4 ilman hankausta. V\u00e4litt\u00f6m\u00e4n vaikutuksensa ansiosta se on ihanteellinen nopeaan ja tehokkaaseen huoltoon ja takaa t\u00e4ydellisen liukuvuuden ensimm\u00e4isest\u00e4 k\u00e4ytt\u00f6kerrasta alkaen puhdistuksen j\u00e4lkeen.<\/p>\n<h2><strong>K\u00e4ytt\u00f6ohjeet<\/strong><\/h2>\n<ul>\n<li><strong>Valmistelu <\/strong>: Varmista, ett\u00e4 silitysrauta on sammutettu ja haalea ennen puhdistusaineen k\u00e4ytt\u00f6\u00e4. \u00c4l\u00e4 koskaan levit\u00e4 tuotetta kuumalle silityslautaselle, jotta tuote ei haihtuisi ennenaikaisesti.<\/li>\n<li><strong>Soleplate-sovellus <\/strong>: Kaada pieni m\u00e4\u00e4r\u00e4 puhdistusainetta pehme\u00e4lle kankaalle tai sienelle ja levit\u00e4 se sitten tasaisesti pohjalevylle py\u00f6rivin liikkein.<\/li>\n<li><strong>H\u00f6yryn rei\u00e4n puhdistus <\/strong>: Jos haluat poistaa tukkeutuneet h\u00f6yryaukot, liota pumpulipuikkoa tuotteeseen ja puhdista jokainen aukko varovasti kalkin ja palaneiden kangasj\u00e4\u00e4mien poistamiseksi.<\/li>\n<li><strong>J\u00e4\u00e4mien poisto <\/strong>: Pyyhi puhtaalla, kuivalla liinalla liuenneiden j\u00e4\u00e4mien poistamiseksi ja varmista, ett\u00e4 pohjalevy on t\u00e4ysin puhdas ennen k\u00e4ytt\u00f6\u00e4.<\/li>\n<li><strong>Ulkopinnan puhdistus <\/strong>: Levit\u00e4 pieni m\u00e4\u00e4r\u00e4 tuotetta kosteaan liinaan ja pyyhi silitysraudan runko varovasti p\u00f6lyn ja kalkin poistamiseksi.<\/li>\n<li><strong>Huuhtelu ja viimeistely <\/strong>: Peruspuhdistus ei vaadi huuhtelua. Syvemm\u00e4lle menev\u00e4\u00e4 huoltoa varten pyyhi pohjalevy hieman kostealla liinalla ja kuivaa se sitten pehme\u00e4ll\u00e4 liinalla.<\/li>\n<li><strong>K\u00e4ytt\u00f6tiheys <\/strong>: Levit\u00e4 kerran kuukaudessa s\u00e4\u00e4nn\u00f6llisen huollon yhteydess\u00e4 tai aina, kun paloj\u00e4lki\u00e4 tai kalkkia ilmenee. Intensiivisess\u00e4 k\u00e4yt\u00f6ss\u00e4 puhdista kahden viikon v\u00e4lein, jotta liukuvuus s\u00e4ilyy optimaalisena ja tahrat vaatteisiin eiv\u00e4t j\u00e4\u00e4.<\/li>\n<li><strong>Varastointi <\/strong>: Sulje kanisteri tiiviisti jokaisen k\u00e4ytt\u00f6kerran j\u00e4lkeen ja s\u00e4ilyt\u00e4 viile\u00e4ss\u00e4, kuivassa paikassa, suojassa valolta ja \u00e4\u00e4rimm\u00e4isilt\u00e4 l\u00e4mp\u00f6tiloilta, jotta tuotteen pitk\u00e4aikainen teho s\u00e4ilyy.<\/li>\n<\/ul>\n<p>Silitysraudan puhdistusaineemme avulla palautat laitteesi t\u00e4ydellisen liukuvuuden ja tahrattoman suorituskyvyn v\u00e4litt\u00f6m\u00e4sti. Tehokas, nopea ja turvallinen ratkaisu sujuvaan silitykseen ja moitteettomiin vaatteisiin joka kerta.<\/p>","protected":false},"excerpt":{"rendered":"<p>Optimal Effectiveness.\u00a0This iron cleaner is specially designed to effectively remove limescale, burnt fabric residues, rust marks, and other buildup on the iron\u2019s soleplate. It works deep down to restore the perfect glide of the appliance and prevent marks on clothes. Its powerful formula dissolves impurities without damaging the surface, ensuring smooth, snag-free ironing. Money-back guarantee.\u00a0We [&hellip;]<\/p>\n","protected":false},"featured_media":36226,"comment_status":"open","ping_status":"closed","template":"","meta":{"_uag_custom_page_level_css":"","site-sidebar-layout":"default","site-content-layout":"","ast-site-content-layout":"default","site-content-style":"default","site-sidebar-style":"default","ast-global-header-display":"","ast-banner-title-visibility":"","ast-main-header-display":"","ast-hfb-above-header-display":"","ast-hfb-below-header-display":"","ast-hfb-mobile-header-display":"","site-post-title":"","ast-breadcrumbs-content":"","ast-featured-img":"","footer-sml-layout":"","ast-disable-related-posts":"","theme-transparent-header-meta":"default","adv-header-id-meta":"","stick-header-meta":"","header-above-stick-meta":"","header-main-stick-meta":"","header-below-stick-meta":"","astra-migrate-meta-layouts":"set","ast-page-background-enabled":"default","ast-page-background-meta":{"desktop":{"background-color":"var(--ast-global-color-4)","background-image":"","background-repeat":"repeat","background-position":"center center","background-size":"auto","background-attachment":"scroll","background-type":"","background-media":"","overlay-type":"","overlay-color":"","overlay-opacity":"","overlay-gradient":""},"tablet":{"background-color":"","background-image":"","background-repeat":"repeat","background-position":"center center","background-size":"auto","background-attachment":"scroll","background-type":"","background-media":"","overlay-type":"","overlay-color":"","overlay-opacity":"","overlay-gradient":""},"mobile":{"background-color":"","background-image":"","background-repeat":"repeat","background-position":"center center","background-size":"auto","background-attachment":"scroll","background-type":"","background-media":"","overlay-type":"","overlay-color":"","overlay-opacity":"","overlay-gradient":""}},"ast-content-background-meta":{"desktop":{"background-color":"var(--ast-global-color-5)","background-image":"","background-repeat":"repeat","background-position":"center center","background-size":"auto","background-attachment":"scroll","background-type":"","background-media":"","overlay-type":"","overlay-color":"","overlay-opacity":"","overlay-gradient":""},"tablet":{"background-color":"var(--ast-global-color-5)","background-image":"","background-repeat":"repeat","background-position":"center center","background-size":"auto","background-attachment":"scroll","background-type":"","background-media":"","overlay-type":"","overlay-color":"","overlay-opacity":"","overlay-gradient":""},"mobile":{"background-color":"var(--ast-global-color-5)","background-image":"","background-repeat":"repeat","background-position":"center center","background-size":"auto","background-attachment":"scroll","background-type":"","background-media":"","overlay-type":"","overlay-color":"","overlay-opacity":"","overlay-gradient":""}}},"product_brand":[],"product_cat":[175],"product_tag":[],"class_list":{"0":"post-23752","1":"product","2":"type-product","3":"status-publish","4":"has-post-thumbnail","6":"product_cat-cleaning-products","7":"desktop-align-left","8":"tablet-align-left","9":"mobile-align-left","11":"first","12":"instock","13":"sale","14":"taxable","15":"shipping-taxable","16":"purchasable","17":"product-type-variable","18":"has-default-attributes"},"spectra_custom_meta":{"_visibility":["visible"],"_shopify_product_id":["9102417920245"],"_s2w_shopify_domain":["ferberpainting.myshopify.com"],"_shopify_variant_id":["46616226332917"],"_sku":[""],"_manage_stock":["no"],"total_sales":["1"],"_tax_status":["taxable"],"_tax_class":[""],"_backorders":["no"],"_sold_individually":["no"],"_virtual":["no"],"_downloadable":["no"],"_download_limit":["-1"],"_download_expiry":["-1"],"_stock":[null],"_stock_status":["instock"],"_wc_average_rating":["5.00"],"_wc_review_count":["35"],"_product_attributes":["a:1:{s:6:\"volume\";a:6:{s:4:\"name\";s:6:\"Volume\";s:5:\"value\";s:20:\"5 liters | 25 liters\";s:8:\"position\";i:1;s:10:\"is_visible\";i:0;s:12:\"is_variation\";i:1;s:11:\"is_taxonomy\";i:0;}}"],"_product_version":["10.5.1"],"wpse_downloadable_file_names":[""],"wpse_downloadable_file_urls":[""],"_edit_last":["1"],"_default_attributes":["a:1:{s:6:\"volume\";s:8:\"5 liters\";}"],"_edit_lock":["1771181027:1"],"_price":["29.90","129.90"],"merchant-center-availability":["yes"],"merchant-center-category":["4973"],"_thumbnail_id":["36226"],"_wp_page_template":["default"],"_wp_old_date":["2025-05-26"],"_product_image_gallery":["36227"],"site-sidebar-layout":["default"],"ast-site-content-layout":["default"],"site-content-style":["default"],"site-sidebar-style":["default"],"theme-transparent-header-meta":["default"],"_wc_rating_count":["a:1:{i:5;i:35;}"],"astra-migrate-meta-layouts":["set"],"_uag_css_file_name":["uag-css-23752.css"],"_elementor_page_assets":["a:0:{}"],"_uag_page_assets":["a:9:{s:3:\"css\";s:6873:\".wp-block-uagb-image{display:flex}.wp-block-uagb-image__figure{position:relative;display:flex;flex-direction:column;max-width:100%;height:auto;margin:0}.wp-block-uagb-image__figure img{height:auto;display:flex;max-width:100%;transition:box-shadow .2s ease}.wp-block-uagb-image__figure>a{display:inline-block}.wp-block-uagb-image__figure figcaption{text-align:center;margin-top:.5em;margin-bottom:1em}.wp-block-uagb-image .components-placeholder.block-editor-media-placeholder .components-placeholder__instructions{align-self:center}.wp-block-uagb-image--align-left{text-align:left}.wp-block-uagb-image--align-right{text-align:right}.wp-block-uagb-image--align-center{text-align:center}.wp-block-uagb-image--align-full .wp-block-uagb-image__figure{margin-left:calc(50% - 50vw);margin-right:calc(50% - 50vw);max-width:100vw;width:100vw;height:auto}.wp-block-uagb-image--align-full .wp-block-uagb-image__figure img{height:auto;width:100% !important}.wp-block-uagb-image--align-wide .wp-block-uagb-image__figure img{height:auto;width:100%}.wp-block-uagb-image--layout-overlay__color-wrapper{position:absolute;left:0;top:0;right:0;bottom:0;opacity:.2;background:rgba(0,0,0,.5);transition:opacity .35s ease-in-out}.wp-block-uagb-image--layout-overlay-link{position:absolute;left:0;right:0;bottom:0;top:0}.wp-block-uagb-image--layout-overlay .wp-block-uagb-image__figure:hover .wp-block-uagb-image--layout-overlay__color-wrapper{opacity:1}.wp-block-uagb-image--layout-overlay__inner{position:absolute;left:15px;right:15px;bottom:15px;top:15px;display:flex;align-items:center;justify-content:center;flex-direction:column;border-color:#fff;transition:.35s ease-in-out}.wp-block-uagb-image--layout-overlay__inner.top-left,.wp-block-uagb-image--layout-overlay__inner.top-center,.wp-block-uagb-image--layout-overlay__inner.top-right{justify-content:flex-start}.wp-block-uagb-image--layout-overlay__inner.bottom-left,.wp-block-uagb-image--layout-overlay__inner.bottom-center,.wp-block-uagb-image--layout-overlay__inner.bottom-right{justify-content:flex-end}.wp-block-uagb-image--layout-overlay__inner.top-left,.wp-block-uagb-image--layout-overlay__inner.center-left,.wp-block-uagb-image--layout-overlay__inner.bottom-left{align-items:flex-start}.wp-block-uagb-image--layout-overlay__inner.top-right,.wp-block-uagb-image--layout-overlay__inner.center-right,.wp-block-uagb-image--layout-overlay__inner.bottom-right{align-items:flex-end}.wp-block-uagb-image--layout-overlay__inner .uagb-image-heading{color:#fff;transition:transform .35s,opacity .35s ease-in-out;transform:translate3d(0, 24px, 0);margin:0;line-height:1em}.wp-block-uagb-image--layout-overlay__inner .uagb-image-separator{width:30%;border-top-width:2px;border-top-color:#fff;border-top-style:solid;margin-bottom:10px;opacity:0;transition:transform .4s,opacity .4s ease-in-out;transform:translate3d(0, 30px, 0)}.wp-block-uagb-image--layout-overlay__inner .uagb-image-caption{opacity:0;overflow:visible;color:#fff;transition:transform .45s,opacity .45s ease-in-out;transform:translate3d(0, 35px, 0)}.wp-block-uagb-image--layout-overlay__inner:hover .uagb-image-heading,.wp-block-uagb-image--layout-overlay__inner:hover .uagb-image-separator,.wp-block-uagb-image--layout-overlay__inner:hover .uagb-image-caption{opacity:1;transform:translate3d(0, 0, 0)}.wp-block-uagb-image--effect-zoomin .wp-block-uagb-image__figure img,.wp-block-uagb-image--effect-zoomin .wp-block-uagb-image__figure .wp-block-uagb-image--layout-overlay__color-wrapper{transform:scale(1);transition:transform .35s ease-in-out}.wp-block-uagb-image--effect-zoomin .wp-block-uagb-image__figure:hover img,.wp-block-uagb-image--effect-zoomin .wp-block-uagb-image__figure:hover .wp-block-uagb-image--layout-overlay__color-wrapper{transform:scale(1.05)}.wp-block-uagb-image--effect-slide .wp-block-uagb-image__figure img,.wp-block-uagb-image--effect-slide .wp-block-uagb-image__figure .wp-block-uagb-image--layout-overlay__color-wrapper{width:calc(100% + 40px) !important;max-width:none !important;transform:translate3d(-40px, 0, 0);transition:transform .35s ease-in-out}.wp-block-uagb-image--effect-slide .wp-block-uagb-image__figure:hover img,.wp-block-uagb-image--effect-slide .wp-block-uagb-image__figure:hover .wp-block-uagb-image--layout-overlay__color-wrapper{transform:translate3d(0, 0, 0)}.wp-block-uagb-image--effect-grayscale img{filter:grayscale(0%);transition:.35s ease-in-out}.wp-block-uagb-image--effect-grayscale:hover img{filter:grayscale(100%)}.wp-block-uagb-image--effect-blur img{filter:blur(0);transition:.35s ease-in-out}.wp-block-uagb-image--effect-blur:hover img{filter:blur(3px)}.uagb-block-e6f939b3.wp-block-uagb-image--layout-default figure img{box-shadow: 0px 0px 0 #00000070;}.uagb-block-e6f939b3.wp-block-uagb-image .wp-block-uagb-image__figure figcaption{font-style: normal;align-self: center;}.uagb-block-e6f939b3.wp-block-uagb-image--layout-overlay figure img{box-shadow: 0px 0px 0 #00000070;}.uagb-block-e6f939b3.wp-block-uagb-image--layout-overlay .wp-block-uagb-image--layout-overlay__color-wrapper{opacity: 0.2;}.uagb-block-e6f939b3.wp-block-uagb-image--layout-overlay .wp-block-uagb-image--layout-overlay__inner{left: 15px;right: 15px;top: 15px;bottom: 15px;}.uagb-block-e6f939b3.wp-block-uagb-image--layout-overlay .wp-block-uagb-image--layout-overlay__inner .uagb-image-heading{font-style: normal;color: #fff;opacity: 1;}.uagb-block-e6f939b3.wp-block-uagb-image--layout-overlay .wp-block-uagb-image--layout-overlay__inner .uagb-image-heading a{color: #fff;}.uagb-block-e6f939b3.wp-block-uagb-image--layout-overlay .wp-block-uagb-image--layout-overlay__inner .uagb-image-caption{opacity: 0;}.uagb-block-e6f939b3.wp-block-uagb-image--layout-overlay .wp-block-uagb-image__figure:hover .wp-block-uagb-image--layout-overlay__color-wrapper{opacity: 1;}.uagb-block-e6f939b3.wp-block-uagb-image .wp-block-uagb-image--layout-overlay__inner .uagb-image-separator{width: 30%;border-top-width: 2px;border-top-color: #fff;opacity: 0;}.uagb-block-e6f939b3.wp-block-uagb-image .wp-block-uagb-image__figure img{width: px;height: auto;}.uagb-block-e6f939b3.wp-block-uagb-image .wp-block-uagb-image__figure:hover .wp-block-uagb-image--layout-overlay__inner .uagb-image-caption{opacity: 1;}.uagb-block-e6f939b3.wp-block-uagb-image .wp-block-uagb-image__figure:hover .wp-block-uagb-image--layout-overlay__inner .uagb-image-separator{opacity: 1;}.uagb-block-e6f939b3.wp-block-uagb-image--layout-default figure:hover img{box-shadow: 0px 0px 0 #00000070;}.uagb-block-e6f939b3.wp-block-uagb-image--layout-overlay figure:hover img{box-shadow: 0px 0px 0 #00000070;}@media only screen and (max-width: 976px) {.uagb-block-e6f939b3.wp-block-uagb-image .wp-block-uagb-image__figure img{width: px;height: auto;}}@media only screen and (max-width: 767px) {.uagb-block-e6f939b3.wp-block-uagb-image .wp-block-uagb-image__figure img{width: px;height: auto;}}\";s:2:\"js\";s:0:\"\";s:18:\"current_block_list\";a:13:{i:0;s:11:\"core\/search\";i:1;s:10:\"core\/group\";i:2;s:12:\"core\/heading\";i:3;s:17:\"core\/latest-posts\";i:4;s:20:\"core\/latest-comments\";i:5;s:13:\"core\/archives\";i:6;s:15:\"core\/categories\";i:7;s:14:\"core\/paragraph\";i:8;s:10:\"uagb\/image\";i:9;s:11:\"core\/spacer\";i:10;s:30:\"woocommerce\/product-categories\";i:11;s:10:\"core\/image\";i:12;s:14:\"core\/shortcode\";}s:8:\"uag_flag\";b:1;s:11:\"uag_version\";s:10:\"1777235102\";s:6:\"gfonts\";a:0:{}s:10:\"gfonts_url\";s:0:\"\";s:12:\"gfonts_files\";a:0:{}s:14:\"uag_faq_layout\";b:0;}"]},"uagb_featured_image_src":{"full":["https:\/\/www.ferberpainting.com\/wp-content\/uploads\/2025\/05\/Iron-Soleplate-Cleaner-5L-.png",2560,2560,false],"thumbnail":["https:\/\/www.ferberpainting.com\/wp-content\/uploads\/2025\/05\/Iron-Soleplate-Cleaner-5L--150x150.png",150,150,true],"medium":["https:\/\/www.ferberpainting.com\/wp-content\/uploads\/2025\/05\/Iron-Soleplate-Cleaner-5L--300x300.png",300,300,true],"medium_large":["https:\/\/www.ferberpainting.com\/wp-content\/uploads\/2025\/05\/Iron-Soleplate-Cleaner-5L--768x768.png",768,768,true],"large":["https:\/\/www.ferberpainting.com\/wp-content\/uploads\/2025\/05\/Iron-Soleplate-Cleaner-5L--1024x1024.png",1024,1024,true],"1536x1536":["https:\/\/www.ferberpainting.com\/wp-content\/uploads\/2025\/05\/Iron-Soleplate-Cleaner-5L--1536x1536.png",1536,1536,true],"2048x2048":["https:\/\/www.ferberpainting.com\/wp-content\/uploads\/2025\/05\/Iron-Soleplate-Cleaner-5L--2048x2048.png",2048,2048,true],"trp-custom-language-flag":["https:\/\/www.ferberpainting.com\/wp-content\/uploads\/2025\/05\/Iron-Soleplate-Cleaner-5L--12x12.png",12,12,true],"woocommerce_thumbnail":["https:\/\/www.ferberpainting.com\/wp-content\/uploads\/2025\/05\/Iron-Soleplate-Cleaner-5L--300x300.png",300,300,true],"woocommerce_single":["https:\/\/www.ferberpainting.com\/wp-content\/uploads\/2025\/05\/Iron-Soleplate-Cleaner-5L--600x600.png",600,600,true],"woocommerce_gallery_thumbnail":["https:\/\/www.ferberpainting.com\/wp-content\/uploads\/2025\/05\/Iron-Soleplate-Cleaner-5L--100x100.png",100,100,true]},"uagb_author_info":{"display_name":"admin","author_link":"https:\/\/www.ferberpainting.com\/fi\/author\/"},"uagb_comment_info":35,"uagb_excerpt":"Optimal Effectiveness.\u00a0This iron cleaner is specially designed to effectively remove limescale, burnt fabric residues, rust marks, and other buildup on the iron\u2019s soleplate. It works deep down to restore the perfect glide of the appliance and prevent marks on clothes. Its powerful formula dissolves impurities without damaging the surface, ensuring smooth, snag-free ironing. Money-back guarantee.\u00a0We&hellip;","_links":{"self":[{"href":"https:\/\/www.ferberpainting.com\/fi\/wp-json\/wp\/v2\/product\/23752","targetHints":{"allow":["GET"]}}],"collection":[{"href":"https:\/\/www.ferberpainting.com\/fi\/wp-json\/wp\/v2\/product"}],"about":[{"href":"https:\/\/www.ferberpainting.com\/fi\/wp-json\/wp\/v2\/types\/product"}],"replies":[{"embeddable":true,"href":"https:\/\/www.ferberpainting.com\/fi\/wp-json\/wp\/v2\/comments?post=23752"}],"version-history":[{"count":4,"href":"https:\/\/www.ferberpainting.com\/fi\/wp-json\/wp\/v2\/product\/23752\/revisions"}],"predecessor-version":[{"id":166418,"href":"https:\/\/www.ferberpainting.com\/fi\/wp-json\/wp\/v2\/product\/23752\/revisions\/166418"}],"wp:featuredmedia":[{"embeddable":true,"href":"https:\/\/www.ferberpainting.com\/fi\/wp-json\/wp\/v2\/media\/36226"}],"wp:attachment":[{"href":"https:\/\/www.ferberpainting.com\/fi\/wp-json\/wp\/v2\/media?parent=23752"}],"wp:term":[{"taxonomy":"product_brand","embeddable":true,"href":"https:\/\/www.ferberpainting.com\/fi\/wp-json\/wp\/v2\/product_brand?post=23752"},{"taxonomy":"product_cat","embeddable":true,"href":"https:\/\/www.ferberpainting.com\/fi\/wp-json\/wp\/v2\/product_cat?post=23752"},{"taxonomy":"product_tag","embeddable":true,"href":"https:\/\/www.ferberpainting.com\/fi\/wp-json\/wp\/v2\/product_tag?post=23752"}],"curies":[{"name":"wp","href":"https:\/\/api.w.org\/{rel}","templated":true}]}}