{"id":23543,"date":"2025-05-26T10:24:40","date_gmt":"2025-05-26T08:24:40","guid":{"rendered":"https:\/\/www.ferberpainting.com\/products\/hydrangea-camellia-rhododendron-and-azalea-fertilizer\/"},"modified":"2026-02-15T19:33:47","modified_gmt":"2026-02-15T18:33:47","slug":"hydrangea-camellia-rhododendron-and-azalea-fertilizer","status":"publish","type":"product","link":"https:\/\/www.ferberpainting.com\/fi\/products\/hydrangea-camellia-rhododendron-and-azalea-fertilizer\/","title":{"rendered":"Hortensian, kamelian, rododendronin ja atsalean lannoite 25 kg"},"content":{"rendered":"<p><strong><img decoding=\"async\" style=\"margin-right: 12px;\" src=\"https:\/\/www.ferberpainting.com\/wp-content\/uploads\/2026\/02\/Check.svg\" alt=\"\" width=\"18\" height=\"15\" \/>Tasapainoinen lannoite upeisiin kukintoihin ja elinvoimaiseen lehdist\u00f6\u00f6n.<\/strong>\u00a0T\u00e4m\u00e4 lannoite on suunniteltu erityisesti happoja rakastavien kasvien, kuten hortensioiden, kamelioiden, rododendronien ja atsaleoiden, tarpeisiin. NPK 10-10-10 -muodostelmansa ansiosta se tarjoaa tasapainoisesti typpe\u00e4 (N) lehtien kasvun edist\u00e4miseksi, fosforia (P) juurten vahvistamiseksi ja kaliumia (K) runsaan ja pitk\u00e4kestoisen kukinnan edist\u00e4miseksi. Se takaa terveet kasvit, joilla on voimakkaan v\u00e4riset kukat ja rehev\u00e4 lehdist\u00f6 koko kauden ajan.<\/p>\n<p><strong><img decoding=\"async\" style=\"margin-right: 12px;\" src=\"https:\/\/www.ferberpainting.com\/wp-content\/uploads\/2026\/02\/Check.svg\" alt=\"\" width=\"18\" height=\"15\" \/>Rahat takaisin -takuu.<\/strong>\u00a0Luotamme hortensioiden, kamelioiden, rododendronien ja atsaleoiden lannoitteiden tehokkuuteen, mink\u00e4 vuoksi tarjoamme rahat takaisin -takuun. Jos suositusten mukaisen k\u00e4yt\u00f6n j\u00e4lkeen kasviesi kukinta, lehdet tai kasvu eiv\u00e4t parane merkitt\u00e4v\u00e4sti, hyvit\u00e4mme sinulle koko summan, mik\u00e4 takaa huolettoman ostoksen.<\/p>\n<p><strong><img decoding=\"async\" style=\"margin-right: 12px;\" src=\"https:\/\/www.ferberpainting.com\/wp-content\/uploads\/2026\/02\/Check.svg\" alt=\"\" width=\"18\" height=\"15\" \/>Sopii kaikille lajikkeille ja kasvuolosuhteille.<\/strong>\u00a0T\u00e4m\u00e4 lannoite sopii kaikenv\u00e4risille hortensioille, ruukku- tai ulkokamelioille, rododendroneille (ikivihreille ja lehtivihreille) sek\u00e4 japanilaisille ja mollisille atsaleoille. Se tehoaa kaikentyyppisiin happamiin ja kevyisiin maaper\u00e4tyyppeihin varmistaen optimaalisen ravinteiden imeytymisen ja kasvien harmonisen kehityksen, olipa kyseess\u00e4 sitten puutarha, kukkapenkki tai istutusastia.<\/p>\n<p><strong><img decoding=\"async\" style=\"margin-right: 12px;\" src=\"https:\/\/www.ferberpainting.com\/wp-content\/uploads\/2026\/02\/Check.svg\" alt=\"\" width=\"18\" height=\"15\" \/>Kustannustehokas ja pitk\u00e4kestoinen lannoitus.<\/strong>\u00a0Koostumuksensa ansiosta t\u00e4m\u00e4 lannoite vapautuu hitaasti ja lannoittaa asteittain useiden viikkojen ajan. 25 kg:n pussilla voidaan lannoittaa jopa 125 pensasta, ja suositeltu k\u00e4ytt\u00f6m\u00e4\u00e4r\u00e4 on 200 g per kasvi. T\u00e4m\u00e4 kustannustehokas ratkaisu v\u00e4hent\u00e4\u00e4 levitystiheytt\u00e4 ja tarjoaa samalla jatkuvaa, r\u00e4\u00e4t\u00e4l\u00f6ity\u00e4 ravinteita kasveillesi.<\/p>\n<p><strong><img decoding=\"async\" style=\"margin-right: 12px;\" src=\"https:\/\/www.ferberpainting.com\/wp-content\/uploads\/2026\/02\/Check.svg\" alt=\"\" width=\"18\" height=\"15\" \/>Turvallinen ja ymp\u00e4rist\u00f6yst\u00e4v\u00e4llinen lannoite.<\/strong>\u00a0T\u00e4m\u00e4 lannoite on vaaraton maaper\u00e4lle, el\u00e4imille ja kasveille, mik\u00e4 takaa hell\u00e4varaisen ja asteittaisen lannoituksen, joka kunnioittaa puutarhan luonnollista ekosysteemi\u00e4. Se auttaa my\u00f6s parantamaan maaper\u00e4n rakennetta ja ravinteiden pid\u00e4ttymist\u00e4, mik\u00e4 takaa paremman imeytymisen juuriin ja paremman vastustuskyvyn tauteja ja ymp\u00e4rist\u00f6stressi\u00e4 vastaan kamelioilla ja muilla happoa rakastavilla kasveilla.<\/p>\n<p><strong><img decoding=\"async\" style=\"margin-right: 12px;\" src=\"https:\/\/www.ferberpainting.com\/wp-content\/uploads\/2026\/02\/Check.svg\" alt=\"\" width=\"18\" height=\"15\" \/>Helppo levitt\u00e4\u00e4 ja vaivaton lannoitus.<\/strong>\u00a0Toisin kuin nestem\u00e4iset lannoitteet, jotka vaativat laimentamista, t\u00e4m\u00e4 lannoite voidaan levitt\u00e4\u00e4 suoraan maaper\u00e4\u00e4n ilman monimutkaista valmistelua. Levit\u00e4 se yksinkertaisesti kasvin juuren ymp\u00e4rille ja sekoita se varovasti maaper\u00e4\u00e4n ravinteiden optimaalisen levi\u00e4misen varmistamiseksi. Sen nopea ja tehokas levitysmenetelm\u00e4 sopii erinomaisesti my\u00f6s amat\u00f6\u00f6ri- ja ammattimaisille puutarhureille.<\/p>\n<p><strong><img decoding=\"async\" style=\"margin-right: 12px;\" src=\"https:\/\/www.ferberpainting.com\/wp-content\/uploads\/2026\/02\/Check.svg\" alt=\"\" width=\"18\" height=\"15\" \/>Pitk\u00e4kestoinen vaikutus elinvoimaiseen kukintaan ja vahvempaan kest\u00e4vyyteen.<\/strong>\u00a0Pitk\u00e4kestoisen vaikutuksensa ansiosta t\u00e4m\u00e4 lannoite ravitsee kasveja useiden viikkojen ajan, mik\u00e4 edist\u00e4\u00e4 s\u00e4\u00e4nn\u00f6llist\u00e4 kasvua ja n\u00e4ytt\u00e4v\u00e4\u00e4 kukintaa. Se vahvistaa my\u00f6s pensaiden rakennetta, tekee varsista tukevammat ja lehdist\u00e4 tihe\u00e4mm\u00e4t ja parantaa samalla vastustuskyky\u00e4 happamia kasveja vaivaavia yleisi\u00e4 tauteja vastaan.<\/p>\n<p><strong><img decoding=\"async\" style=\"margin-right: 12px;\" src=\"https:\/\/www.ferberpainting.com\/wp-content\/uploads\/2026\/02\/Check.svg\" alt=\"\" width=\"18\" height=\"15\" \/>N\u00e4kyvi\u00e4 tuloksia jo muutaman viikon kuluessa.<\/strong>\u00a0Levitett\u00e4ess\u00e4 t\u00e4m\u00e4 lannoite stimuloi uusien kukkasilmujen muodostumista, voimistaa kukkien v\u00e4ri\u00e4 ja parantaa lehtien tiheytt\u00e4. Vain muutamassa viikossa kasvit n\u00e4ytt\u00e4v\u00e4t elinvoimaisemmilta, niiden lehdet ovat tihe\u00e4mm\u00e4t ja kukinnot runsaammat ja pitk\u00e4kestoisemmat, mik\u00e4 takaa elinvoimaisemman ja n\u00e4ytt\u00e4v\u00e4mm\u00e4n puutarhan.<\/p>\n<h2>K\u00e4ytt\u00f6protokolla<\/h2>\n<p><strong>Hakuaika <\/strong>: Levit\u00e4 kolme kertaa vuodessa, kev\u00e4\u00e4n alussa (maalis-huhtikuu), alkukes\u00e4ll\u00e4 (kes\u00e4-hein\u00e4kuu) ja loppukes\u00e4ll\u00e4 (syys-lokakuu), tasapainoisen kasvun ja jatkuvan kukinnan varmistamiseksi.<\/p>\n<p><strong>Suositeltu annostus <\/strong>: Annostele 200 g lannoitetta pensasta kohti eli noin kaksi kourallista ja s\u00e4\u00e4d\u00e4 hieman kasvin koon ja i\u00e4n mukaan.<\/p>\n<p><strong>Soveltamismenetelm\u00e4 <\/strong>:<\/p>\n<ul>\n<li><strong>Maaper\u00e4n levitt\u00e4minen <\/strong>: Levit\u00e4 lannoite ympyr\u00e4n\u00e4 kasvin tyven ymp\u00e4rille noin 30-50 cm:n p\u00e4\u00e4h\u00e4n rungosta, jotta juuret voivat v\u00e4hitellen ime\u00e4 ravinteet.<\/li>\n<li><strong>Valon sis\u00e4llytt\u00e4minen <\/strong>: Sekoita lannoite kevyesti haravalla tai kaivurilla maan pintakerrokseen (2-5 cm syvyyteen), jotta ravinteet levi\u00e4v\u00e4t optimaalisesti.<\/li>\n<\/ul>\n<p><strong>Kastelu levityksen j\u00e4lkeen <\/strong>: Kastele huolellisesti levityksen j\u00e4lkeen, jotta ravinteiden vapautuminen aktivoituu ja juuret voivat imeyty\u00e4 nopeasti. Kuivina kausina kastele s\u00e4\u00e4nn\u00f6llisesti lannoitteen tehokkuuden optimoimiseksi.<\/p>\n<p><strong>Yll\u00e4pito ja seuranta <\/strong>: Ruukkukasveille tai ruukkukasveille voidaan tehd\u00e4 lis\u00e4k\u00e4sittely keskikes\u00e4ll\u00e4 (hein\u00e4-elokuussa) kukinnan tehostamiseksi ja varsien ja kukkien heikentymisen est\u00e4miseksi.<\/p>\n<p><strong>K\u00e4ytt\u00f6\u00e4 koskevat varotoimet <\/strong>: \u00c4l\u00e4 ylit\u00e4 suositeltuja annoksia, jotta v\u00e4ltyt\u00e4\u00e4n liialliselta ravinnekuormitukselta, joka voi aiheuttaa lehtien liikakasvua kukinnan kustannuksella. \u00c4l\u00e4 k\u00e4yt\u00e4 j\u00e4\u00e4tyneeseen maahan tai voimakkaan kuivuuden aikana ilman lis\u00e4kastelua.<\/p>\n<p><strong>Varastointi ja s\u00e4ilytys <\/strong>: S\u00e4ilyt\u00e4 lannoitetta viile\u00e4ss\u00e4, kuivassa paikassa, suojassa kosteudelta ja auringonvalolta. Sulje pussi huolellisesti jokaisen k\u00e4ytt\u00f6kerran j\u00e4lkeen tuotteen laadun s\u00e4ilytt\u00e4miseksi ja kosteuden imeytymisen est\u00e4miseksi.<\/p>\n<p>T\u00e4m\u00e4n hortensioille, kamelioille, rododendroneille ja atsaleoille tarkoitetun lannoitteen avulla saat kasveillesi tasapainoisen ja voimakkaan kasvun, jonka tuloksena on upea kukinta ja elinvoimainen lehdist\u00f6. Se on ihanteellinen ratkaisu, jolla varmistat rehev\u00e4n ja v\u00e4rikk\u00e4\u00e4n puutarhan ymp\u00e4ri vuoden, jolloin pensaat ovat t\u00e4ydellisess\u00e4 kunnossa ja kukinta jatkuu kausi toisensa j\u00e4lkeen.<\/p>","protected":false},"excerpt":{"rendered":"<p>A balanced fertilizer for spectacular blooms and vibrant foliage.\u00a0This fertilizer is specially designed to meet the needs of acid-loving plants such as hydrangeas, camellias, rhododendrons, and azaleas. Thanks to its NPK 10-10-10 formulation, it provides a balanced supply of nitrogen (N) to promote foliage growth, phosphorus (P) to strengthen roots, and potassium (K) to stimulate [&hellip;]<\/p>\n","protected":false},"featured_media":26033,"comment_status":"open","ping_status":"closed","template":"","meta":{"_uag_custom_page_level_css":"","site-sidebar-layout":"default","site-content-layout":"","ast-site-content-layout":"default","site-content-style":"default","site-sidebar-style":"default","ast-global-header-display":"","ast-banner-title-visibility":"","ast-main-header-display":"","ast-hfb-above-header-display":"","ast-hfb-below-header-display":"","ast-hfb-mobile-header-display":"","site-post-title":"","ast-breadcrumbs-content":"","ast-featured-img":"","footer-sml-layout":"","ast-disable-related-posts":"","theme-transparent-header-meta":"default","adv-header-id-meta":"","stick-header-meta":"","header-above-stick-meta":"","header-main-stick-meta":"","header-below-stick-meta":"","astra-migrate-meta-layouts":"set","ast-page-background-enabled":"default","ast-page-background-meta":{"desktop":{"background-color":"var(--ast-global-color-4)","background-image":"","background-repeat":"repeat","background-position":"center center","background-size":"auto","background-attachment":"scroll","background-type":"","background-media":"","overlay-type":"","overlay-color":"","overlay-opacity":"","overlay-gradient":""},"tablet":{"background-color":"","background-image":"","background-repeat":"repeat","background-position":"center center","background-size":"auto","background-attachment":"scroll","background-type":"","background-media":"","overlay-type":"","overlay-color":"","overlay-opacity":"","overlay-gradient":""},"mobile":{"background-color":"","background-image":"","background-repeat":"repeat","background-position":"center center","background-size":"auto","background-attachment":"scroll","background-type":"","background-media":"","overlay-type":"","overlay-color":"","overlay-opacity":"","overlay-gradient":""}},"ast-content-background-meta":{"desktop":{"background-color":"var(--ast-global-color-5)","background-image":"","background-repeat":"repeat","background-position":"center center","background-size":"auto","background-attachment":"scroll","background-type":"","background-media":"","overlay-type":"","overlay-color":"","overlay-opacity":"","overlay-gradient":""},"tablet":{"background-color":"var(--ast-global-color-5)","background-image":"","background-repeat":"repeat","background-position":"center center","background-size":"auto","background-attachment":"scroll","background-type":"","background-media":"","overlay-type":"","overlay-color":"","overlay-opacity":"","overlay-gradient":""},"mobile":{"background-color":"var(--ast-global-color-5)","background-image":"","background-repeat":"repeat","background-position":"center center","background-size":"auto","background-attachment":"scroll","background-type":"","background-media":"","overlay-type":"","overlay-color":"","overlay-opacity":"","overlay-gradient":""}}},"product_brand":[],"product_cat":[178],"product_tag":[],"class_list":{"0":"post-23543","1":"product","2":"type-product","3":"status-publish","4":"has-post-thumbnail","6":"product_cat-fertilizers","7":"desktop-align-left","8":"tablet-align-left","9":"mobile-align-left","11":"first","12":"instock","13":"taxable","14":"shipping-taxable","15":"purchasable","16":"product-type-simple"},"spectra_custom_meta":{"_visibility":["visible"],"_shopify_product_id":["9066128834805"],"_s2w_shopify_domain":["ferberpainting.myshopify.com"],"_shopify_variant_id":["46501909594357"],"_sku":["FPHYDRANGEACAMELLIARHODODENDRONANDAZALEAFERTILIZER25KG"],"_regular_price":["39.90"],"_price":["39.90"],"_sale_price":[""],"_weight":["18.5"],"_thumbnail_id":["26033"],"_global_unique_id":["5056773817197"],"total_sales":["3"],"_tax_status":["taxable"],"_tax_class":[""],"_manage_stock":["no"],"_backorders":["no"],"_sold_individually":["no"],"_virtual":["no"],"_downloadable":["no"],"_download_limit":["-1"],"_download_expiry":["-1"],"_stock":[null],"_stock_status":["instock"],"_wc_average_rating":["5.00"],"_wc_review_count":["9"],"_product_version":["10.5.1"],"_wc_rating_count":["a:1:{i:5;i:9;}"],"_edit_lock":["1771180301:1"],"merchant-center-availability":["yes"],"merchant-center-category":["113"],"_edit_last":["1"],"_wp_page_template":["default"],"site-sidebar-layout":["default"],"ast-site-content-layout":["default"],"site-content-style":["default"],"site-sidebar-style":["default"],"theme-transparent-header-meta":["default"],"astra-migrate-meta-layouts":["set"],"_uag_css_file_name":["uag-css-23543.css"],"_elementor_page_assets":["a:0:{}"],"_uag_page_assets":["a:9:{s:3:\"css\";s:7133:\".uag-blocks-common-selector{z-index:var(--z-index-desktop) !important}@media(max-width: 976px){.uag-blocks-common-selector{z-index:var(--z-index-tablet) !important}}@media(max-width: 767px){.uag-blocks-common-selector{z-index:var(--z-index-mobile) !important}}.wp-block-uagb-image{display:flex}.wp-block-uagb-image__figure{position:relative;display:flex;flex-direction:column;max-width:100%;height:auto;margin:0}.wp-block-uagb-image__figure img{height:auto;display:flex;max-width:100%;transition:box-shadow .2s ease}.wp-block-uagb-image__figure>a{display:inline-block}.wp-block-uagb-image__figure figcaption{text-align:center;margin-top:.5em;margin-bottom:1em}.wp-block-uagb-image .components-placeholder.block-editor-media-placeholder .components-placeholder__instructions{align-self:center}.wp-block-uagb-image--align-left{text-align:left}.wp-block-uagb-image--align-right{text-align:right}.wp-block-uagb-image--align-center{text-align:center}.wp-block-uagb-image--align-full .wp-block-uagb-image__figure{margin-left:calc(50% - 50vw);margin-right:calc(50% - 50vw);max-width:100vw;width:100vw;height:auto}.wp-block-uagb-image--align-full .wp-block-uagb-image__figure img{height:auto;width:100% !important}.wp-block-uagb-image--align-wide .wp-block-uagb-image__figure img{height:auto;width:100%}.wp-block-uagb-image--layout-overlay__color-wrapper{position:absolute;left:0;top:0;right:0;bottom:0;opacity:.2;background:rgba(0,0,0,.5);transition:opacity .35s ease-in-out}.wp-block-uagb-image--layout-overlay-link{position:absolute;left:0;right:0;bottom:0;top:0}.wp-block-uagb-image--layout-overlay .wp-block-uagb-image__figure:hover .wp-block-uagb-image--layout-overlay__color-wrapper{opacity:1}.wp-block-uagb-image--layout-overlay__inner{position:absolute;left:15px;right:15px;bottom:15px;top:15px;display:flex;align-items:center;justify-content:center;flex-direction:column;border-color:#fff;transition:.35s ease-in-out}.wp-block-uagb-image--layout-overlay__inner.top-left,.wp-block-uagb-image--layout-overlay__inner.top-center,.wp-block-uagb-image--layout-overlay__inner.top-right{justify-content:flex-start}.wp-block-uagb-image--layout-overlay__inner.bottom-left,.wp-block-uagb-image--layout-overlay__inner.bottom-center,.wp-block-uagb-image--layout-overlay__inner.bottom-right{justify-content:flex-end}.wp-block-uagb-image--layout-overlay__inner.top-left,.wp-block-uagb-image--layout-overlay__inner.center-left,.wp-block-uagb-image--layout-overlay__inner.bottom-left{align-items:flex-start}.wp-block-uagb-image--layout-overlay__inner.top-right,.wp-block-uagb-image--layout-overlay__inner.center-right,.wp-block-uagb-image--layout-overlay__inner.bottom-right{align-items:flex-end}.wp-block-uagb-image--layout-overlay__inner .uagb-image-heading{color:#fff;transition:transform .35s,opacity .35s ease-in-out;transform:translate3d(0, 24px, 0);margin:0;line-height:1em}.wp-block-uagb-image--layout-overlay__inner .uagb-image-separator{width:30%;border-top-width:2px;border-top-color:#fff;border-top-style:solid;margin-bottom:10px;opacity:0;transition:transform .4s,opacity .4s ease-in-out;transform:translate3d(0, 30px, 0)}.wp-block-uagb-image--layout-overlay__inner .uagb-image-caption{opacity:0;overflow:visible;color:#fff;transition:transform .45s,opacity .45s ease-in-out;transform:translate3d(0, 35px, 0)}.wp-block-uagb-image--layout-overlay__inner:hover .uagb-image-heading,.wp-block-uagb-image--layout-overlay__inner:hover .uagb-image-separator,.wp-block-uagb-image--layout-overlay__inner:hover .uagb-image-caption{opacity:1;transform:translate3d(0, 0, 0)}.wp-block-uagb-image--effect-zoomin .wp-block-uagb-image__figure img,.wp-block-uagb-image--effect-zoomin .wp-block-uagb-image__figure .wp-block-uagb-image--layout-overlay__color-wrapper{transform:scale(1);transition:transform .35s ease-in-out}.wp-block-uagb-image--effect-zoomin .wp-block-uagb-image__figure:hover img,.wp-block-uagb-image--effect-zoomin .wp-block-uagb-image__figure:hover .wp-block-uagb-image--layout-overlay__color-wrapper{transform:scale(1.05)}.wp-block-uagb-image--effect-slide .wp-block-uagb-image__figure img,.wp-block-uagb-image--effect-slide .wp-block-uagb-image__figure .wp-block-uagb-image--layout-overlay__color-wrapper{width:calc(100% + 40px) !important;max-width:none !important;transform:translate3d(-40px, 0, 0);transition:transform .35s ease-in-out}.wp-block-uagb-image--effect-slide .wp-block-uagb-image__figure:hover img,.wp-block-uagb-image--effect-slide .wp-block-uagb-image__figure:hover .wp-block-uagb-image--layout-overlay__color-wrapper{transform:translate3d(0, 0, 0)}.wp-block-uagb-image--effect-grayscale img{filter:grayscale(0%);transition:.35s ease-in-out}.wp-block-uagb-image--effect-grayscale:hover img{filter:grayscale(100%)}.wp-block-uagb-image--effect-blur img{filter:blur(0);transition:.35s ease-in-out}.wp-block-uagb-image--effect-blur:hover img{filter:blur(3px)}.uagb-block-e6f939b3.wp-block-uagb-image--layout-default figure img{box-shadow: 0px 0px 0 #00000070;}.uagb-block-e6f939b3.wp-block-uagb-image .wp-block-uagb-image__figure figcaption{font-style: normal;align-self: center;}.uagb-block-e6f939b3.wp-block-uagb-image--layout-overlay figure img{box-shadow: 0px 0px 0 #00000070;}.uagb-block-e6f939b3.wp-block-uagb-image--layout-overlay .wp-block-uagb-image--layout-overlay__color-wrapper{opacity: 0.2;}.uagb-block-e6f939b3.wp-block-uagb-image--layout-overlay .wp-block-uagb-image--layout-overlay__inner{left: 15px;right: 15px;top: 15px;bottom: 15px;}.uagb-block-e6f939b3.wp-block-uagb-image--layout-overlay .wp-block-uagb-image--layout-overlay__inner .uagb-image-heading{font-style: normal;color: #fff;opacity: 1;}.uagb-block-e6f939b3.wp-block-uagb-image--layout-overlay .wp-block-uagb-image--layout-overlay__inner .uagb-image-heading a{color: #fff;}.uagb-block-e6f939b3.wp-block-uagb-image--layout-overlay .wp-block-uagb-image--layout-overlay__inner .uagb-image-caption{opacity: 0;}.uagb-block-e6f939b3.wp-block-uagb-image--layout-overlay .wp-block-uagb-image__figure:hover .wp-block-uagb-image--layout-overlay__color-wrapper{opacity: 1;}.uagb-block-e6f939b3.wp-block-uagb-image .wp-block-uagb-image--layout-overlay__inner .uagb-image-separator{width: 30%;border-top-width: 2px;border-top-color: #fff;opacity: 0;}.uagb-block-e6f939b3.wp-block-uagb-image .wp-block-uagb-image__figure img{width: px;height: auto;}.uagb-block-e6f939b3.wp-block-uagb-image .wp-block-uagb-image__figure:hover .wp-block-uagb-image--layout-overlay__inner .uagb-image-caption{opacity: 1;}.uagb-block-e6f939b3.wp-block-uagb-image .wp-block-uagb-image__figure:hover .wp-block-uagb-image--layout-overlay__inner .uagb-image-separator{opacity: 1;}.uagb-block-e6f939b3.wp-block-uagb-image--layout-default figure:hover img{box-shadow: 0px 0px 0 #00000070;}.uagb-block-e6f939b3.wp-block-uagb-image--layout-overlay figure:hover img{box-shadow: 0px 0px 0 #00000070;}@media only screen and (max-width: 976px) {.uagb-block-e6f939b3.wp-block-uagb-image .wp-block-uagb-image__figure img{width: px;height: auto;}}@media only screen and (max-width: 767px) {.uagb-block-e6f939b3.wp-block-uagb-image .wp-block-uagb-image__figure img{width: px;height: auto;}}\";s:2:\"js\";s:0:\"\";s:18:\"current_block_list\";a:13:{i:0;s:11:\"core\/search\";i:1;s:10:\"core\/group\";i:2;s:12:\"core\/heading\";i:3;s:17:\"core\/latest-posts\";i:4;s:20:\"core\/latest-comments\";i:5;s:13:\"core\/archives\";i:6;s:15:\"core\/categories\";i:7;s:14:\"core\/paragraph\";i:8;s:10:\"uagb\/image\";i:9;s:11:\"core\/spacer\";i:10;s:30:\"woocommerce\/product-categories\";i:11;s:10:\"core\/image\";i:12;s:14:\"core\/shortcode\";}s:8:\"uag_flag\";b:1;s:11:\"uag_version\";s:10:\"1777424451\";s:6:\"gfonts\";a:0:{}s:10:\"gfonts_url\";s:0:\"\";s:12:\"gfonts_files\";a:0:{}s:14:\"uag_faq_layout\";b:0;}"]},"uagb_featured_image_src":{"full":["https:\/\/www.ferberpainting.com\/wp-content\/uploads\/2025\/05\/Hydrangea_Camellia_Rhododendron_andAzaleaFertilizer.png",2560,2560,false],"thumbnail":["https:\/\/www.ferberpainting.com\/wp-content\/uploads\/2025\/05\/Hydrangea_Camellia_Rhododendron_andAzaleaFertilizer-150x150.png",150,150,true],"medium":["https:\/\/www.ferberpainting.com\/wp-content\/uploads\/2025\/05\/Hydrangea_Camellia_Rhododendron_andAzaleaFertilizer-300x300.png",300,300,true],"medium_large":["https:\/\/www.ferberpainting.com\/wp-content\/uploads\/2025\/05\/Hydrangea_Camellia_Rhododendron_andAzaleaFertilizer-768x768.png",768,768,true],"large":["https:\/\/www.ferberpainting.com\/wp-content\/uploads\/2025\/05\/Hydrangea_Camellia_Rhododendron_andAzaleaFertilizer-1024x1024.png",1024,1024,true],"1536x1536":["https:\/\/www.ferberpainting.com\/wp-content\/uploads\/2025\/05\/Hydrangea_Camellia_Rhododendron_andAzaleaFertilizer-1536x1536.png",1536,1536,true],"2048x2048":["https:\/\/www.ferberpainting.com\/wp-content\/uploads\/2025\/05\/Hydrangea_Camellia_Rhododendron_andAzaleaFertilizer-2048x2048.png",2048,2048,true],"trp-custom-language-flag":["https:\/\/www.ferberpainting.com\/wp-content\/uploads\/2025\/05\/Hydrangea_Camellia_Rhododendron_andAzaleaFertilizer-12x12.png",12,12,true],"woocommerce_thumbnail":["https:\/\/www.ferberpainting.com\/wp-content\/uploads\/2025\/05\/Hydrangea_Camellia_Rhododendron_andAzaleaFertilizer-300x300.png",300,300,true],"woocommerce_single":["https:\/\/www.ferberpainting.com\/wp-content\/uploads\/2025\/05\/Hydrangea_Camellia_Rhododendron_andAzaleaFertilizer-600x600.png",600,600,true],"woocommerce_gallery_thumbnail":["https:\/\/www.ferberpainting.com\/wp-content\/uploads\/2025\/05\/Hydrangea_Camellia_Rhododendron_andAzaleaFertilizer-100x100.png",100,100,true]},"uagb_author_info":{"display_name":"admin","author_link":"https:\/\/www.ferberpainting.com\/fi\/author\/"},"uagb_comment_info":9,"uagb_excerpt":"A balanced fertilizer for spectacular blooms and vibrant foliage.\u00a0This fertilizer is specially designed to meet the needs of acid-loving plants such as hydrangeas, camellias, rhododendrons, and azaleas. Thanks to its NPK 10-10-10 formulation, it provides a balanced supply of nitrogen (N) to promote foliage growth, phosphorus (P) to strengthen roots, and potassium (K) to stimulate&hellip;","_links":{"self":[{"href":"https:\/\/www.ferberpainting.com\/fi\/wp-json\/wp\/v2\/product\/23543","targetHints":{"allow":["GET"]}}],"collection":[{"href":"https:\/\/www.ferberpainting.com\/fi\/wp-json\/wp\/v2\/product"}],"about":[{"href":"https:\/\/www.ferberpainting.com\/fi\/wp-json\/wp\/v2\/types\/product"}],"replies":[{"embeddable":true,"href":"https:\/\/www.ferberpainting.com\/fi\/wp-json\/wp\/v2\/comments?post=23543"}],"version-history":[{"count":5,"href":"https:\/\/www.ferberpainting.com\/fi\/wp-json\/wp\/v2\/product\/23543\/revisions"}],"predecessor-version":[{"id":166367,"href":"https:\/\/www.ferberpainting.com\/fi\/wp-json\/wp\/v2\/product\/23543\/revisions\/166367"}],"wp:featuredmedia":[{"embeddable":true,"href":"https:\/\/www.ferberpainting.com\/fi\/wp-json\/wp\/v2\/media\/26033"}],"wp:attachment":[{"href":"https:\/\/www.ferberpainting.com\/fi\/wp-json\/wp\/v2\/media?parent=23543"}],"wp:term":[{"taxonomy":"product_brand","embeddable":true,"href":"https:\/\/www.ferberpainting.com\/fi\/wp-json\/wp\/v2\/product_brand?post=23543"},{"taxonomy":"product_cat","embeddable":true,"href":"https:\/\/www.ferberpainting.com\/fi\/wp-json\/wp\/v2\/product_cat?post=23543"},{"taxonomy":"product_tag","embeddable":true,"href":"https:\/\/www.ferberpainting.com\/fi\/wp-json\/wp\/v2\/product_tag?post=23543"}],"curies":[{"name":"wp","href":"https:\/\/api.w.org\/{rel}","templated":true}]}}