{"id":23540,"date":"2025-05-26T10:24:39","date_gmt":"2025-05-26T08:24:39","guid":{"rendered":"https:\/\/www.ferberpainting.com\/products\/hyacinth-fertilizer\/"},"modified":"2026-02-15T19:31:17","modified_gmt":"2026-02-15T18:31:17","slug":"hyacinth-fertilizer","status":"publish","type":"product","link":"https:\/\/www.ferberpainting.com\/fi\/products\/hyacinth-fertilizer\/","title":{"rendered":"Hyasintti lannoite"},"content":{"rendered":"<p><strong><img decoding=\"async\" style=\"margin-right: 12px;\" src=\"https:\/\/www.ferberpainting.com\/wp-content\/uploads\/2026\/02\/Check.svg\" alt=\"\" width=\"18\" height=\"15\" \/>Lannoite, joka on erityisesti suunniteltu runsaaseen kukintaan ja voimakkaisiin sipuleihin. <\/strong>Hyasintti on sipulikasvi, jota arvostetaan sen upeista, v\u00e4rikk\u00e4ist\u00e4 kukkarypp\u00e4ist\u00e4 ja valloittavasta tuoksusta. Runsaan kukinnan ja terveen kasvun varmistamiseksi t\u00e4m\u00e4 NPK 15-15-15 -lannoite tarjoaa t\u00e4ydellisen tasapainon typpe\u00e4 (N) vahvan lehdist\u00f6n aikaansaamiseksi, fosforia (P) juurtumisen ja voimakkaan kukinnan edist\u00e4miseksi sek\u00e4 kaliumia (K) taudinkest\u00e4vyyden ja sipulin kest\u00e4vyyden parantamiseksi. T\u00e4m\u00e4n t\u00e4ydellisen ravinnonsaannin ansiosta hyasinttihyasenttisi kehittyy harmonisesti ja sen kukat ovat suurempia ja v\u00e4rikk\u00e4\u00e4mpi\u00e4.<\/p>\n<p><strong><img decoding=\"async\" style=\"margin-right: 12px;\" src=\"https:\/\/www.ferberpainting.com\/wp-content\/uploads\/2026\/02\/Check.svg\" alt=\"\" width=\"18\" height=\"15\" \/>Rahat takaisin -takuu.<\/strong>\u00a0Luotamme t\u00e4ysin hyasinttilannoitteemme tehokkuuteen, mink\u00e4 vuoksi tarjoamme rahat takaisin -takuun. Jos kasvisi ei suositellun k\u00e4yt\u00f6n j\u00e4lkeen osoita huomattavaa parannusta kasvussa, kukinnassa tai vastustuskyvyss\u00e4, sitoudumme palauttamaan sinulle koko summan. T\u00e4m\u00e4n takuun ansiosta voit ostaa t\u00e4m\u00e4n tuotteen t\u00e4ysin rauhallisin mielin.<\/p>\n<p><strong><img decoding=\"async\" style=\"margin-right: 12px;\" src=\"https:\/\/www.ferberpainting.com\/wp-content\/uploads\/2026\/02\/Check.svg\" alt=\"\" width=\"18\" height=\"15\" \/>Sopii kaikille lajikkeille ja viljelymenetelmille.<\/strong>\u00a0T\u00e4m\u00e4 lannoite sopii kaikille hyasinttilajikkeille, kuten it\u00e4maiselle hyasintille, roomalaiselle hyasintille ja viiniryp\u00e4lehyasintille. Se tehoaa avomaalla, ruukuissa, istutusastioissa, kasvihuoneissa tai sis\u00e4tiloissa kasvatettaviin kasveihin ja takaa jokaiseen kasvutapaan mukautetun lannoituksen. Se toimii my\u00f6s kaikentyyppisill\u00e4 kasvualustoilla, olivatpa ne sitten hiekkaisia, kosteita, savipitoisia tai kompostilla rikastettuja, auttaen saavuttamaan runsaan kukinnan miss\u00e4 tahansa ymp\u00e4rist\u00f6ss\u00e4.<\/p>\n<p><strong><img decoding=\"async\" style=\"margin-right: 12px;\" src=\"https:\/\/www.ferberpainting.com\/wp-content\/uploads\/2026\/02\/Check.svg\" alt=\"\" width=\"18\" height=\"15\" \/>Kustannustehokas sato ja pitk\u00e4aikainen tehokas lannoitus.<\/strong>\u00a0Eritt\u00e4in tiiviin nestem\u00e4isen koostumuksensa ansiosta yhdell\u00e4 5 litran s\u00e4ili\u00f6ll\u00e4 voidaan valmistaa jopa 1000 litraa lannoiteliuosta, mik\u00e4 takaa pitk\u00e4aikaisen ja taloudellisen k\u00e4yt\u00f6n. Annostus on 5 ml vesilitraa kohti, joten ravinteiden sy\u00f6tt\u00f6 on tarkkaa ja tasaista ilman yliannostuksen tai h\u00e4vikin riski\u00e4. T\u00e4m\u00e4 optimoitu lannoitus varmistaa sipuleiden tehokkaan ravinteiden imeytymisen, v\u00e4hent\u00e4\u00e4 levitystiheytt\u00e4 ja parantaa hyasinttien yleist\u00e4 terveytt\u00e4.<\/p>\n<p><strong><img decoding=\"async\" style=\"margin-right: 12px;\" src=\"https:\/\/www.ferberpainting.com\/wp-content\/uploads\/2026\/02\/Check.svg\" alt=\"\" width=\"18\" height=\"15\" \/>Turvallinen ja ymp\u00e4rist\u00f6yst\u00e4v\u00e4llinen lannoite.<\/strong>\u00a0T\u00e4m\u00e4 lannoite on suunniteltu s\u00e4ilytt\u00e4m\u00e4\u00e4n maaper\u00e4n tasapaino ja ekosysteemin terveys, eik\u00e4 se sis\u00e4ll\u00e4 haitallisia kemiallisia aineita, jotka voisivat vaikuttaa maaper\u00e4n laatuun tai vahingoittaa p\u00f6lytt\u00e4vi\u00e4 hy\u00f6nteisi\u00e4. Se on turvallinen lemmikkiel\u00e4imille ja lapsille, joten sit\u00e4 voidaan k\u00e4ytt\u00e4\u00e4 turvallisesti sek\u00e4 sis\u00e4ll\u00e4 ett\u00e4 ulkona. Lis\u00e4ksi se edist\u00e4\u00e4 maaper\u00e4n hy\u00f6dyllist\u00e4 mikrobistoa, mik\u00e4 parantaa ravinteiden imeytymist\u00e4 ja sipulin yleist\u00e4 terveytt\u00e4.<\/p>\n<p><strong><img decoding=\"async\" style=\"margin-right: 12px;\" src=\"https:\/\/www.ferberpainting.com\/wp-content\/uploads\/2026\/02\/Check.svg\" alt=\"\" width=\"18\" height=\"15\" \/>Helppo levitys ja vaivaton lannoitus.<\/strong>\u00a0Toisin kuin rakeiset lannoitteet, jotka vaativat tarkkaa levitt\u00e4mist\u00e4, t\u00e4m\u00e4 lannoite liukenee v\u00e4litt\u00f6m\u00e4sti veteen, ja se voidaan levitt\u00e4\u00e4 helposti kastelemalla tai ruiskuttamalla, mik\u00e4 takaa ravinteiden tasaisen jakautumisen. Yksinkertaisuutensa ansiosta se sopii sek\u00e4 harrastelijapuutarhurille ett\u00e4 kokeneille puutarhaviljelij\u00f6ille, mik\u00e4 takaa helpon, tehokkaan ja stressitt\u00f6m\u00e4n lannoituksen.<\/p>\n<p><strong><img decoding=\"async\" style=\"margin-right: 12px;\" src=\"https:\/\/www.ferberpainting.com\/wp-content\/uploads\/2026\/02\/Check.svg\" alt=\"\" width=\"18\" height=\"15\" \/>Pitk\u00e4kestoinen vaikutus takaa jatkuvan kukinnan ja paremman vastustuskyvyn tauteja vastaan.<\/strong>\u00a0Asteittaisen ravinteiden vapautumisen ansiosta t\u00e4m\u00e4 lannoite ravitsee hyasintteja useita viikkoja, mik\u00e4 takaa tasaisen kukinnan ja elinvoimaiset v\u00e4rit. Se my\u00f6s vahvistaa sipulin vastustuskyky\u00e4 tauteja, tuholaisia ja ankaria ilmasto-olosuhteita vastaan ja edist\u00e4\u00e4 samalla uusia kukintakausia ja sipulin optimaalista s\u00e4ilymist\u00e4 seuraavina kausina.<\/p>\n<p><strong><img decoding=\"async\" style=\"margin-right: 12px;\" src=\"https:\/\/www.ferberpainting.com\/wp-content\/uploads\/2026\/02\/Check.svg\" alt=\"\" width=\"18\" height=\"15\" \/>N\u00e4kyvi\u00e4 tuloksia jo muutaman viikon kuluessa.<\/strong>\u00a0T\u00e4m\u00e4 lannoite stimuloi uusien versojen syntymist\u00e4 heti ensimm\u00e4isest\u00e4 levityksest\u00e4 l\u00e4htien, parantaa kukkien v\u00e4ri\u00e4 ja lis\u00e4\u00e4 kukkien tiheytt\u00e4. Vain muutamassa viikossa hyasintit kukkivat runsaammin, varret ovat t\u00e4ytel\u00e4isemm\u00e4t ja v\u00e4rit elinvoimaisemmat, mik\u00e4 tekee puutarhastasi, parvekkeestasi tai sis\u00e4tiloista todellisen kukkaparatiisin.<\/p>\n<h2><strong>K\u00e4ytt\u00f6protokolla<\/strong><\/h2>\n<p><strong>Lannoitteen laimennus <\/strong>: Sekoita 5 ml lannoitetta 1 litraan vett\u00e4. Ravista liuosta hyvin ennen jokaista levityst\u00e4 ravinteiden tasaisen jakautumisen varmistamiseksi.<\/p>\n<p><strong>Hakumenetelm\u00e4 :<\/strong><\/p>\n<ul>\n<li><strong>Kastelemalla <\/strong>: Kaada laimennettu liuos suoraan hyasinttien juurelle ja varmista, ett\u00e4 maa kostutetaan hyvin, mutta ei liikaa ravinteiden valumisen est\u00e4miseksi.<\/li>\n<li><strong>Lehtiruiskuttamalla (valinnainen) <\/strong>: Suihkuta liuosta kevyesti lehdille ja varsiin varhain aamulla tai my\u00f6h\u00e4\u00e4n p\u00e4iv\u00e4ll\u00e4, jotta imeytyminen olisi mahdollisimman suuri ilman liiallista haihtumisriski\u00e4.<\/li>\n<\/ul>\n<p><strong>Sovellustiheys <\/strong>:<\/p>\n<ul>\n<li><strong>Kasvu- ja kukinta-aikana (kev\u00e4t-kes\u00e4). <\/strong>: Levit\u00e4 lannoitetta kahden viikon v\u00e4lein edist\u00e4m\u00e4\u00e4n jatkuvaa kukintaa ja optimaalista kasvua.<\/li>\n<li><strong>Lepotilan aikana (syksy-talvi) <\/strong>: V\u00e4henn\u00e4 tiheytt\u00e4 kerran kuukaudessa, jotta sipulin elinvoimaisuus s\u00e4ilyy ilman, ett\u00e4 se edist\u00e4\u00e4 liiallista kasvua.<\/li>\n<\/ul>\n<p><strong>Lis\u00e4kastelu <\/strong>: Odota lannoitteen levitt\u00e4misen j\u00e4lkeen 48 tuntia ennen seuraavaa kastelua, jotta juuret voivat ime\u00e4 ravinteet mahdollisimman hyvin.<\/p>\n<p><strong>K\u00e4ytt\u00f6\u00e4 koskevat varotoimet <\/strong>: \u00c4l\u00e4 ylit\u00e4 suositeltuja annoksia, jotta v\u00e4ltet\u00e4\u00e4n liiallinen mineraalisuolan kertyminen kasvualustaan, mik\u00e4 voi vahingoittaa sipulin terveytt\u00e4. Levit\u00e4 vain hieman kosteaan maahan, jotta ravinteiden imeytyminen olisi optimaalista.<\/p>\n<p><strong>Varastointi ja s\u00e4ilytys <\/strong>: S\u00e4ilyt\u00e4 lannoitetta viile\u00e4ss\u00e4, kuivassa paikassa, suojassa valolta ja kosteudelta. Sulje s\u00e4ili\u00f6 aina tiiviisti jokaisen k\u00e4ytt\u00f6kerran j\u00e4lkeen tuotteen tehokkuuden s\u00e4ilytt\u00e4miseksi ja haihtumisen est\u00e4miseksi.<\/p>\n<p>T\u00e4ll\u00e4 hyasintti-lannoitteella annat kasveillesi t\u00e4ydellisen ravinnon, joka on mukautettu t\u00e4ydellisesti niiden erityistarpeisiin, varmistaen voimakkaan kasvun, elinvoimaisen kukinnan ja paremman kest\u00e4vyyden ulko-olosuhteissa. Se on ihanteellinen ratkaisu kukkapenkkien, istutusastioiden ja kukka-asetelmien koristeluun upean kauniilla ja tuoksuvilla hyasintteilla koko kauden ajan.<\/p>","protected":false},"excerpt":{"rendered":"<p>A fertilizer specially designed for abundant flowering and vigorous bulbs. Hyacinth is a bulbous plant appreciated for its magnificent clusters of flowers in vibrant colors and its captivating fragrance. To ensure abundant blooming and healthy growth, this NPK 15-15-15 fertilizer provides the perfect balance of nitrogen (N) for strong foliage, phosphorus (P) to promote rooting [&hellip;]<\/p>\n","protected":false},"featured_media":26031,"comment_status":"open","ping_status":"closed","template":"","meta":{"_uag_custom_page_level_css":"","site-sidebar-layout":"default","site-content-layout":"","ast-site-content-layout":"default","site-content-style":"default","site-sidebar-style":"default","ast-global-header-display":"","ast-banner-title-visibility":"","ast-main-header-display":"","ast-hfb-above-header-display":"","ast-hfb-below-header-display":"","ast-hfb-mobile-header-display":"","site-post-title":"","ast-breadcrumbs-content":"","ast-featured-img":"","footer-sml-layout":"","ast-disable-related-posts":"","theme-transparent-header-meta":"default","adv-header-id-meta":"","stick-header-meta":"","header-above-stick-meta":"","header-main-stick-meta":"","header-below-stick-meta":"","astra-migrate-meta-layouts":"set","ast-page-background-enabled":"default","ast-page-background-meta":{"desktop":{"background-color":"var(--ast-global-color-4)","background-image":"","background-repeat":"repeat","background-position":"center center","background-size":"auto","background-attachment":"scroll","background-type":"","background-media":"","overlay-type":"","overlay-color":"","overlay-opacity":"","overlay-gradient":""},"tablet":{"background-color":"","background-image":"","background-repeat":"repeat","background-position":"center center","background-size":"auto","background-attachment":"scroll","background-type":"","background-media":"","overlay-type":"","overlay-color":"","overlay-opacity":"","overlay-gradient":""},"mobile":{"background-color":"","background-image":"","background-repeat":"repeat","background-position":"center center","background-size":"auto","background-attachment":"scroll","background-type":"","background-media":"","overlay-type":"","overlay-color":"","overlay-opacity":"","overlay-gradient":""}},"ast-content-background-meta":{"desktop":{"background-color":"var(--ast-global-color-5)","background-image":"","background-repeat":"repeat","background-position":"center center","background-size":"auto","background-attachment":"scroll","background-type":"","background-media":"","overlay-type":"","overlay-color":"","overlay-opacity":"","overlay-gradient":""},"tablet":{"background-color":"var(--ast-global-color-5)","background-image":"","background-repeat":"repeat","background-position":"center center","background-size":"auto","background-attachment":"scroll","background-type":"","background-media":"","overlay-type":"","overlay-color":"","overlay-opacity":"","overlay-gradient":""},"mobile":{"background-color":"var(--ast-global-color-5)","background-image":"","background-repeat":"repeat","background-position":"center center","background-size":"auto","background-attachment":"scroll","background-type":"","background-media":"","overlay-type":"","overlay-color":"","overlay-opacity":"","overlay-gradient":""}}},"product_brand":[],"product_cat":[178],"product_tag":[],"class_list":{"0":"post-23540","1":"product","2":"type-product","3":"status-publish","4":"has-post-thumbnail","6":"product_cat-fertilizers","7":"desktop-align-left","8":"tablet-align-left","9":"mobile-align-left","11":"first","12":"instock","13":"sale","14":"taxable","15":"shipping-taxable","16":"purchasable","17":"product-type-variable","18":"has-default-attributes"},"spectra_custom_meta":{"_visibility":["visible"],"_shopify_product_id":["9067607982325"],"_s2w_shopify_domain":["ferberpainting.myshopify.com"],"_shopify_variant_id":["46508048613621"],"_sku":[""],"_manage_stock":["no"],"total_sales":["0"],"_tax_status":["taxable"],"_tax_class":[""],"_backorders":["no"],"_sold_individually":["no"],"_virtual":["no"],"_downloadable":["no"],"_download_limit":["-1"],"_download_expiry":["-1"],"_stock":[null],"_stock_status":["instock"],"_wc_average_rating":["4.86"],"_wc_review_count":["7"],"_product_attributes":["a:1:{s:6:\"volume\";a:6:{s:4:\"name\";s:6:\"Volume\";s:5:\"value\";s:20:\"5 liters | 25 liters\";s:8:\"position\";i:1;s:10:\"is_visible\";i:0;s:12:\"is_variation\";i:1;s:11:\"is_taxonomy\";i:0;}}"],"_product_version":["10.5.1"],"_thumbnail_id":["26031"],"_product_image_gallery":["26032"],"wpse_downloadable_file_names":[""],"wpse_downloadable_file_urls":[""],"_edit_last":["1"],"_default_attributes":["a:1:{s:6:\"volume\";s:8:\"5 liters\";}"],"_edit_lock":["1771180139:1"],"_price":["29.90","129.90"],"merchant-center-availability":["yes"],"merchant-center-category":["113"],"_wp_page_template":["default"],"site-sidebar-layout":["default"],"ast-site-content-layout":["default"],"site-content-style":["default"],"site-sidebar-style":["default"],"theme-transparent-header-meta":["default"],"_wc_rating_count":["a:2:{i:4;i:1;i:5;i:6;}"],"astra-migrate-meta-layouts":["set"],"_uag_css_file_name":["uag-css-23540.css"],"_elementor_page_assets":["a:0:{}"],"_uag_page_assets":["a:9:{s:3:\"css\";s:6873:\".wp-block-uagb-image{display:flex}.wp-block-uagb-image__figure{position:relative;display:flex;flex-direction:column;max-width:100%;height:auto;margin:0}.wp-block-uagb-image__figure img{height:auto;display:flex;max-width:100%;transition:box-shadow .2s ease}.wp-block-uagb-image__figure>a{display:inline-block}.wp-block-uagb-image__figure figcaption{text-align:center;margin-top:.5em;margin-bottom:1em}.wp-block-uagb-image .components-placeholder.block-editor-media-placeholder .components-placeholder__instructions{align-self:center}.wp-block-uagb-image--align-left{text-align:left}.wp-block-uagb-image--align-right{text-align:right}.wp-block-uagb-image--align-center{text-align:center}.wp-block-uagb-image--align-full .wp-block-uagb-image__figure{margin-left:calc(50% - 50vw);margin-right:calc(50% - 50vw);max-width:100vw;width:100vw;height:auto}.wp-block-uagb-image--align-full .wp-block-uagb-image__figure img{height:auto;width:100% !important}.wp-block-uagb-image--align-wide .wp-block-uagb-image__figure img{height:auto;width:100%}.wp-block-uagb-image--layout-overlay__color-wrapper{position:absolute;left:0;top:0;right:0;bottom:0;opacity:.2;background:rgba(0,0,0,.5);transition:opacity .35s ease-in-out}.wp-block-uagb-image--layout-overlay-link{position:absolute;left:0;right:0;bottom:0;top:0}.wp-block-uagb-image--layout-overlay .wp-block-uagb-image__figure:hover .wp-block-uagb-image--layout-overlay__color-wrapper{opacity:1}.wp-block-uagb-image--layout-overlay__inner{position:absolute;left:15px;right:15px;bottom:15px;top:15px;display:flex;align-items:center;justify-content:center;flex-direction:column;border-color:#fff;transition:.35s ease-in-out}.wp-block-uagb-image--layout-overlay__inner.top-left,.wp-block-uagb-image--layout-overlay__inner.top-center,.wp-block-uagb-image--layout-overlay__inner.top-right{justify-content:flex-start}.wp-block-uagb-image--layout-overlay__inner.bottom-left,.wp-block-uagb-image--layout-overlay__inner.bottom-center,.wp-block-uagb-image--layout-overlay__inner.bottom-right{justify-content:flex-end}.wp-block-uagb-image--layout-overlay__inner.top-left,.wp-block-uagb-image--layout-overlay__inner.center-left,.wp-block-uagb-image--layout-overlay__inner.bottom-left{align-items:flex-start}.wp-block-uagb-image--layout-overlay__inner.top-right,.wp-block-uagb-image--layout-overlay__inner.center-right,.wp-block-uagb-image--layout-overlay__inner.bottom-right{align-items:flex-end}.wp-block-uagb-image--layout-overlay__inner .uagb-image-heading{color:#fff;transition:transform .35s,opacity .35s ease-in-out;transform:translate3d(0, 24px, 0);margin:0;line-height:1em}.wp-block-uagb-image--layout-overlay__inner .uagb-image-separator{width:30%;border-top-width:2px;border-top-color:#fff;border-top-style:solid;margin-bottom:10px;opacity:0;transition:transform .4s,opacity .4s ease-in-out;transform:translate3d(0, 30px, 0)}.wp-block-uagb-image--layout-overlay__inner .uagb-image-caption{opacity:0;overflow:visible;color:#fff;transition:transform .45s,opacity .45s ease-in-out;transform:translate3d(0, 35px, 0)}.wp-block-uagb-image--layout-overlay__inner:hover .uagb-image-heading,.wp-block-uagb-image--layout-overlay__inner:hover .uagb-image-separator,.wp-block-uagb-image--layout-overlay__inner:hover .uagb-image-caption{opacity:1;transform:translate3d(0, 0, 0)}.wp-block-uagb-image--effect-zoomin .wp-block-uagb-image__figure img,.wp-block-uagb-image--effect-zoomin .wp-block-uagb-image__figure .wp-block-uagb-image--layout-overlay__color-wrapper{transform:scale(1);transition:transform .35s ease-in-out}.wp-block-uagb-image--effect-zoomin .wp-block-uagb-image__figure:hover img,.wp-block-uagb-image--effect-zoomin .wp-block-uagb-image__figure:hover .wp-block-uagb-image--layout-overlay__color-wrapper{transform:scale(1.05)}.wp-block-uagb-image--effect-slide .wp-block-uagb-image__figure img,.wp-block-uagb-image--effect-slide .wp-block-uagb-image__figure .wp-block-uagb-image--layout-overlay__color-wrapper{width:calc(100% + 40px) !important;max-width:none !important;transform:translate3d(-40px, 0, 0);transition:transform .35s ease-in-out}.wp-block-uagb-image--effect-slide .wp-block-uagb-image__figure:hover img,.wp-block-uagb-image--effect-slide .wp-block-uagb-image__figure:hover .wp-block-uagb-image--layout-overlay__color-wrapper{transform:translate3d(0, 0, 0)}.wp-block-uagb-image--effect-grayscale img{filter:grayscale(0%);transition:.35s ease-in-out}.wp-block-uagb-image--effect-grayscale:hover img{filter:grayscale(100%)}.wp-block-uagb-image--effect-blur img{filter:blur(0);transition:.35s ease-in-out}.wp-block-uagb-image--effect-blur:hover img{filter:blur(3px)}.uagb-block-e6f939b3.wp-block-uagb-image--layout-default figure img{box-shadow: 0px 0px 0 #00000070;}.uagb-block-e6f939b3.wp-block-uagb-image .wp-block-uagb-image__figure figcaption{font-style: normal;align-self: center;}.uagb-block-e6f939b3.wp-block-uagb-image--layout-overlay figure img{box-shadow: 0px 0px 0 #00000070;}.uagb-block-e6f939b3.wp-block-uagb-image--layout-overlay .wp-block-uagb-image--layout-overlay__color-wrapper{opacity: 0.2;}.uagb-block-e6f939b3.wp-block-uagb-image--layout-overlay .wp-block-uagb-image--layout-overlay__inner{left: 15px;right: 15px;top: 15px;bottom: 15px;}.uagb-block-e6f939b3.wp-block-uagb-image--layout-overlay .wp-block-uagb-image--layout-overlay__inner .uagb-image-heading{font-style: normal;color: #fff;opacity: 1;}.uagb-block-e6f939b3.wp-block-uagb-image--layout-overlay .wp-block-uagb-image--layout-overlay__inner .uagb-image-heading a{color: #fff;}.uagb-block-e6f939b3.wp-block-uagb-image--layout-overlay .wp-block-uagb-image--layout-overlay__inner .uagb-image-caption{opacity: 0;}.uagb-block-e6f939b3.wp-block-uagb-image--layout-overlay .wp-block-uagb-image__figure:hover .wp-block-uagb-image--layout-overlay__color-wrapper{opacity: 1;}.uagb-block-e6f939b3.wp-block-uagb-image .wp-block-uagb-image--layout-overlay__inner .uagb-image-separator{width: 30%;border-top-width: 2px;border-top-color: #fff;opacity: 0;}.uagb-block-e6f939b3.wp-block-uagb-image .wp-block-uagb-image__figure img{width: px;height: auto;}.uagb-block-e6f939b3.wp-block-uagb-image .wp-block-uagb-image__figure:hover .wp-block-uagb-image--layout-overlay__inner .uagb-image-caption{opacity: 1;}.uagb-block-e6f939b3.wp-block-uagb-image .wp-block-uagb-image__figure:hover .wp-block-uagb-image--layout-overlay__inner .uagb-image-separator{opacity: 1;}.uagb-block-e6f939b3.wp-block-uagb-image--layout-default figure:hover img{box-shadow: 0px 0px 0 #00000070;}.uagb-block-e6f939b3.wp-block-uagb-image--layout-overlay figure:hover img{box-shadow: 0px 0px 0 #00000070;}@media only screen and (max-width: 976px) {.uagb-block-e6f939b3.wp-block-uagb-image .wp-block-uagb-image__figure img{width: px;height: auto;}}@media only screen and (max-width: 767px) {.uagb-block-e6f939b3.wp-block-uagb-image .wp-block-uagb-image__figure img{width: px;height: auto;}}\";s:2:\"js\";s:0:\"\";s:18:\"current_block_list\";a:13:{i:0;s:11:\"core\/search\";i:1;s:10:\"core\/group\";i:2;s:12:\"core\/heading\";i:3;s:17:\"core\/latest-posts\";i:4;s:20:\"core\/latest-comments\";i:5;s:13:\"core\/archives\";i:6;s:15:\"core\/categories\";i:7;s:14:\"core\/paragraph\";i:8;s:10:\"uagb\/image\";i:9;s:11:\"core\/spacer\";i:10;s:30:\"woocommerce\/product-categories\";i:11;s:10:\"core\/image\";i:12;s:14:\"core\/shortcode\";}s:8:\"uag_flag\";b:1;s:11:\"uag_version\";s:10:\"1777349048\";s:6:\"gfonts\";a:0:{}s:10:\"gfonts_url\";s:0:\"\";s:12:\"gfonts_files\";a:0:{}s:14:\"uag_faq_layout\";b:0;}"]},"uagb_featured_image_src":{"full":["https:\/\/www.ferberpainting.com\/wp-content\/uploads\/2025\/05\/HyacinthFertilizer5L.png",2560,2560,false],"thumbnail":["https:\/\/www.ferberpainting.com\/wp-content\/uploads\/2025\/05\/HyacinthFertilizer5L-150x150.png",150,150,true],"medium":["https:\/\/www.ferberpainting.com\/wp-content\/uploads\/2025\/05\/HyacinthFertilizer5L-300x300.png",300,300,true],"medium_large":["https:\/\/www.ferberpainting.com\/wp-content\/uploads\/2025\/05\/HyacinthFertilizer5L-768x768.png",768,768,true],"large":["https:\/\/www.ferberpainting.com\/wp-content\/uploads\/2025\/05\/HyacinthFertilizer5L-1024x1024.png",1024,1024,true],"1536x1536":["https:\/\/www.ferberpainting.com\/wp-content\/uploads\/2025\/05\/HyacinthFertilizer5L-1536x1536.png",1536,1536,true],"2048x2048":["https:\/\/www.ferberpainting.com\/wp-content\/uploads\/2025\/05\/HyacinthFertilizer5L-2048x2048.png",2048,2048,true],"trp-custom-language-flag":["https:\/\/www.ferberpainting.com\/wp-content\/uploads\/2025\/05\/HyacinthFertilizer5L-12x12.png",12,12,true],"woocommerce_thumbnail":["https:\/\/www.ferberpainting.com\/wp-content\/uploads\/2025\/05\/HyacinthFertilizer5L-300x300.png",300,300,true],"woocommerce_single":["https:\/\/www.ferberpainting.com\/wp-content\/uploads\/2025\/05\/HyacinthFertilizer5L-600x600.png",600,600,true],"woocommerce_gallery_thumbnail":["https:\/\/www.ferberpainting.com\/wp-content\/uploads\/2025\/05\/HyacinthFertilizer5L-100x100.png",100,100,true]},"uagb_author_info":{"display_name":"admin","author_link":"https:\/\/www.ferberpainting.com\/fi\/author\/"},"uagb_comment_info":7,"uagb_excerpt":"A fertilizer specially designed for abundant flowering and vigorous bulbs. Hyacinth is a bulbous plant appreciated for its magnificent clusters of flowers in vibrant colors and its captivating fragrance. To ensure abundant blooming and healthy growth, this NPK 15-15-15 fertilizer provides the perfect balance of nitrogen (N) for strong foliage, phosphorus (P) to promote rooting&hellip;","_links":{"self":[{"href":"https:\/\/www.ferberpainting.com\/fi\/wp-json\/wp\/v2\/product\/23540","targetHints":{"allow":["GET"]}}],"collection":[{"href":"https:\/\/www.ferberpainting.com\/fi\/wp-json\/wp\/v2\/product"}],"about":[{"href":"https:\/\/www.ferberpainting.com\/fi\/wp-json\/wp\/v2\/types\/product"}],"replies":[{"embeddable":true,"href":"https:\/\/www.ferberpainting.com\/fi\/wp-json\/wp\/v2\/comments?post=23540"}],"version-history":[{"count":4,"href":"https:\/\/www.ferberpainting.com\/fi\/wp-json\/wp\/v2\/product\/23540\/revisions"}],"predecessor-version":[{"id":166365,"href":"https:\/\/www.ferberpainting.com\/fi\/wp-json\/wp\/v2\/product\/23540\/revisions\/166365"}],"wp:featuredmedia":[{"embeddable":true,"href":"https:\/\/www.ferberpainting.com\/fi\/wp-json\/wp\/v2\/media\/26031"}],"wp:attachment":[{"href":"https:\/\/www.ferberpainting.com\/fi\/wp-json\/wp\/v2\/media?parent=23540"}],"wp:term":[{"taxonomy":"product_brand","embeddable":true,"href":"https:\/\/www.ferberpainting.com\/fi\/wp-json\/wp\/v2\/product_brand?post=23540"},{"taxonomy":"product_cat","embeddable":true,"href":"https:\/\/www.ferberpainting.com\/fi\/wp-json\/wp\/v2\/product_cat?post=23540"},{"taxonomy":"product_tag","embeddable":true,"href":"https:\/\/www.ferberpainting.com\/fi\/wp-json\/wp\/v2\/product_tag?post=23540"}],"curies":[{"name":"wp","href":"https:\/\/api.w.org\/{rel}","templated":true}]}}