{"id":23534,"date":"2025-05-26T10:24:38","date_gmt":"2025-05-26T08:24:38","guid":{"rendered":"https:\/\/www.ferberpainting.com\/products\/hibiscus-fertilizer\/"},"modified":"2026-02-15T19:25:03","modified_gmt":"2026-02-15T18:25:03","slug":"hibiscus-fertilizer","status":"publish","type":"product","link":"https:\/\/www.ferberpainting.com\/fi\/products\/hibiscus-fertilizer\/","title":{"rendered":"Lannoite hibiskukselle"},"content":{"rendered":"<p><strong><img decoding=\"async\" style=\"margin-right: 12px;\" src=\"https:\/\/www.ferberpainting.com\/wp-content\/uploads\/2026\/02\/Check.svg\" alt=\"\" width=\"18\" height=\"15\" \/>Lannoite, joka on erityisesti suunniteltu runsaaseen kukintaan ja rehev\u00e4\u00e4n lehdist\u00f6\u00f6n.<\/strong>\u00a0Hibiscus on trooppinen kasvi, jota arvostetaan sen suurista v\u00e4rikk\u00e4ist\u00e4 kukista ja rehevist\u00e4 lehdist\u00e4. N\u00e4ytt\u00e4v\u00e4n kukinnan ja voimakkaan kasvun varmistamiseksi t\u00e4m\u00e4 NPK 15-15-15 -lannoite tarjoaa t\u00e4ydellisen tasapainoisen m\u00e4\u00e4r\u00e4n typpe\u00e4 (N) tihe\u00e4n ja rehev\u00e4n lehdist\u00f6n edist\u00e4miseksi, fosforia (P) syv\u00e4n juurtumisen ja runsaan kukinnan stimuloimiseksi sek\u00e4 kaliumia (K) tautien ja ankarien ilmasto-olosuhteiden vastustuskyvyn vahvistamiseksi. Tarjoamalla kaikki olennaiset ravinteet lannoitteemme takaa terveen ja t\u00e4ydess\u00e4 kukassa olevan hibiskuksen, joka tuottaa h\u00e4ik\u00e4isevi\u00e4 kukkia koko kauden ajan.<\/p>\n<p><strong><img decoding=\"async\" style=\"margin-right: 12px;\" src=\"https:\/\/www.ferberpainting.com\/wp-content\/uploads\/2026\/02\/Check.svg\" alt=\"\" width=\"18\" height=\"15\" \/>Rahat takaisin -takuu.<\/strong>\u00a0Luotamme hibiskuslannoitteemme tehokkuuteen, mink\u00e4 vuoksi tarjoamme rahat takaisin -takuun. Jos suositusten mukaisen k\u00e4yt\u00f6n j\u00e4lkeen hibiskuksesi kasvu, kukinta tai taudinkest\u00e4vyys ei parane merkitt\u00e4v\u00e4sti, sitoudumme palauttamaan sinulle rahasi. T\u00e4m\u00e4n takuun ansiosta voit ostaa t\u00e4m\u00e4n tuotteen t\u00e4ysin luottavaisin mielin.<\/p>\n<p><strong><img decoding=\"async\" style=\"margin-right: 12px;\" src=\"https:\/\/www.ferberpainting.com\/wp-content\/uploads\/2026\/02\/Check.svg\" alt=\"\" width=\"18\" height=\"15\" \/>Sopii kaikille lajikkeille ja kaikkiin kasvuolosuhteisiin.<\/strong>\u00a0T\u00e4m\u00e4 lannoite sopii kaikille hibiskuslajikkeille, olipa kyseess\u00e4 sitten sis\u00e4tilojen hibiskus, puutarhahibiskus, hibiscus syriacus (Sharonin ruusu) tai hibiscus rosa-sinensis. Se soveltuu avomaalla, ruukuissa tai kasvihuoneissa kasvatettaville kasveille ja varmistaa optimaalisen lannoituksen kaikissa kasvuolosuhteissa. Se toimii my\u00f6s kaikentyyppisill\u00e4 kasvualustoilla, mukaan lukien savi-, hiekka- ja humuspitoiset tai eksoottisille kasveille tarkoitetut erikoismullat.<\/p>\n<p><strong><img decoding=\"async\" style=\"margin-right: 12px;\" src=\"https:\/\/www.ferberpainting.com\/wp-content\/uploads\/2026\/02\/Check.svg\" alt=\"\" width=\"18\" height=\"15\" \/>Kustannustehokas ja pitk\u00e4kestoinen lannoitus.<\/strong>\u00a0Eritt\u00e4in tiiviin nestem\u00e4isen koostumuksensa ansiosta yhdest\u00e4 5 litran s\u00e4ili\u00f6st\u00e4 saadaan jopa 1000 litraa lannoiteliuosta, mik\u00e4 takaa pitk\u00e4kestoisen ja kustannustehokkaan lannoituksen. Tarkka annostelu 5 ml vesilitraa kohti varmistaa ravinteiden optimaalisen imeytymisen, v\u00e4hent\u00e4\u00e4 huuhtoutumisesta johtuvaa ravinteiden h\u00e4vikki\u00e4 ja antaa kasville optimaalisen ravinnon pitk\u00e4ksi aikaa.<\/p>\n<p><strong><img decoding=\"async\" style=\"margin-right: 12px;\" src=\"https:\/\/www.ferberpainting.com\/wp-content\/uploads\/2026\/02\/Check.svg\" alt=\"\" width=\"18\" height=\"15\" \/>Turvallinen ja ymp\u00e4rist\u00f6yst\u00e4v\u00e4llinen lannoite.<\/strong>\u00a0Lannoitteemme ovat turvallisia maaper\u00e4lle, el\u00e4imist\u00f6lle ja paikallisille ekosysteemeille. Se ei sis\u00e4ll\u00e4 haitallisia kemikaaleja, jotka todenn\u00e4k\u00f6isesti muuttaisivat luonnon tasapainoa tai vahingoittaisivat p\u00f6lytt\u00e4vi\u00e4 hy\u00f6nteisi\u00e4. Se on turvallista my\u00f6s lemmikkiel\u00e4imille ja lapsille, mik\u00e4 takaa turvallisen lannoituksen sek\u00e4 sis\u00e4ll\u00e4 ett\u00e4 ulkona.<\/p>\n<p><strong><img decoding=\"async\" style=\"margin-right: 12px;\" src=\"https:\/\/www.ferberpainting.com\/wp-content\/uploads\/2026\/02\/Check.svg\" alt=\"\" width=\"18\" height=\"15\" \/>Helppo levitys ja vaivaton lannoitus.<\/strong>\u00a0Toisin kuin perinteiset lannoitteet, jotka vaativat monimutkaista levitt\u00e4mist\u00e4, t\u00e4m\u00e4 lannoite liukenee suoraan veteen, ja se voidaan levitt\u00e4\u00e4 kastelemalla tai ruiskuttamalla, mik\u00e4 takaa ravinteiden tasaisen jakautumisen. Sen yksinkertainen ja nopea levitysmenetelm\u00e4 sopii hyvin sek\u00e4 harrastelijapuutarhureille ett\u00e4 kokeneille viljelij\u00f6ille, sill\u00e4 se tuottaa erinomaisia tuloksia ilman ylim\u00e4\u00e4r\u00e4ist\u00e4 vaivaa.<\/p>\n<p><strong><img decoding=\"async\" style=\"margin-right: 12px;\" src=\"https:\/\/www.ferberpainting.com\/wp-content\/uploads\/2026\/02\/Check.svg\" alt=\"\" width=\"18\" height=\"15\" \/>Pitk\u00e4kestoinen vaikutus jatkuvaan kukintaan ja parantuneeseen kest\u00e4vyyteen.<\/strong>\u00a0Pitk\u00e4kestoisen vaikutuksensa ansiosta t\u00e4m\u00e4 lannoite ravitsee hibiskusta useiden viikkojen ajan, mik\u00e4 takaa jatkuvan kukinnan ja elinvoimaiset, voimakkaat v\u00e4rit. Se parantaa my\u00f6s kasvien vastustuskyky\u00e4 tuholaisia, tauteja ja ymp\u00e4rist\u00f6stressi\u00e4, kuten kloroosia, kuivuutta tai voimakkaita tuulia vastaan.<\/p>\n<p><strong><img decoding=\"async\" style=\"margin-right: 12px;\" src=\"https:\/\/www.ferberpainting.com\/wp-content\/uploads\/2026\/02\/Check.svg\" alt=\"\" width=\"18\" height=\"15\" \/>N\u00e4kyvi\u00e4 tuloksia jo muutaman viikon kuluessa.<\/strong>\u00a0T\u00e4m\u00e4 lannoite stimuloi uusien versojen kasvua heti ensimm\u00e4isest\u00e4 levityksest\u00e4 l\u00e4htien, voimistaa lehtien v\u00e4ri\u00e4 ja edist\u00e4\u00e4 kukkasilmujen muodostumista. Vain muutamassa viikossa hibiskuksesi kasvaa nopeammin, kukkii runsaammin ja kukkii v\u00e4rikk\u00e4\u00e4mmin, mik\u00e4 tekee sis\u00e4- tai ulkopuutarhastasi todellisen trooppisen paratiisin.<\/p>\n<h2><strong>K\u00e4ytt\u00f6protokolla<\/strong><\/h2>\n<ul>\n<li><strong>Lannoitteen laimennus <\/strong>: Sekoita 5 ml lannoitetta 1 litraan vett\u00e4. Ravista liuosta ennen jokaista levityst\u00e4 ravinteiden tasaisen jakautumisen varmistamiseksi.<\/li>\n<li><strong>Soveltamismenetelm\u00e4 <\/strong>:\n<ul>\n<li><strong>Kastelemalla <\/strong>: Kaada laimennettu liuos suoraan hibiskuksen juurelle ja varmista, ett\u00e4 maa kostutetaan hyvin kastelematta sit\u00e4 liikaa ravinteiden huuhtoutumisen v\u00e4ltt\u00e4miseksi.<\/li>\n<li><strong>Lehtiruiskuttamalla (valinnainen) <\/strong>: Suihkuta liuosta kevyesti lehdille ja kukille varhain aamulla tai my\u00f6h\u00e4\u00e4n p\u00e4iv\u00e4ll\u00e4, jotta v\u00e4ltet\u00e4\u00e4n nopea haihtuminen ja edistet\u00e4\u00e4n optimaalista imeytymist\u00e4.<\/li>\n<\/ul>\n<\/li>\n<li><strong>K\u00e4ytt\u00f6taajuus :<\/strong>\n<ul>\n<li><strong>Kasvu- ja kukinta-aikana (kev\u00e4t-kes\u00e4). <\/strong>: Levit\u00e4 lannoitetta kahden viikon v\u00e4lein runsaan kukinnan ja rehev\u00e4n lehdist\u00f6n varmistamiseksi.<\/li>\n<li><strong>Lepoaikana (syksy-talvi). <\/strong>: V\u00e4henn\u00e4 tiheytt\u00e4 kerran kuukaudessa, jotta kasvin elinvoimaisuus s\u00e4ilyy ilman, ett\u00e4 liiallinen kasvu edistyy.<\/li>\n<\/ul>\n<\/li>\n<li><strong>Lis\u00e4kastelu <\/strong>: Odota lannoitteen levitt\u00e4misen j\u00e4lkeen 48 tuntia ennen seuraavaa kastelua, jotta juuret voivat ime\u00e4 ravinteet mahdollisimman hyvin.<\/li>\n<li><strong>K\u00e4ytt\u00f6\u00e4 koskevat varotoimet <\/strong>: \u00c4l\u00e4 ylit\u00e4 suositeltuja annoksia, jotta v\u00e4ltet\u00e4\u00e4n mineraalisuolojen liiallinen kertyminen kasvualustaan, mik\u00e4 voi hidastaa hibiskuksen kasvua. Levit\u00e4 vain hieman kosteaan maahan, jotta ravinteet imeytyv\u00e4t optimaalisesti.<\/li>\n<li><strong>Varastointi ja s\u00e4ilytys <\/strong>: S\u00e4ilyt\u00e4 lannoitetta viile\u00e4ss\u00e4, lauhkeassa paikassa, suojassa valolta ja kosteudelta. Sulje s\u00e4ili\u00f6 aina tiiviisti jokaisen k\u00e4ytt\u00f6kerran j\u00e4lkeen, jotta tuotteen teho s\u00e4ilyy ja haihtuminen estyy.<\/li>\n<\/ul>\n<p>&nbsp;<\/p>\n<p>T\u00e4ll\u00e4 hibiskuslannoitteella annat kasveillesi t\u00e4ydellisen ravinnon, joka on r\u00e4\u00e4t\u00e4l\u00f6ity t\u00e4ydellisesti niiden erityistarpeisiin, varmistaen voimakkaan kasvun, n\u00e4ytt\u00e4v\u00e4n kukinnan ja paremman kest\u00e4vyyden ulko-olosuhteissa. T\u00e4m\u00e4 on ihanteellinen ratkaisu, jolla voit kaunistaa puutarhaa, terassia tai sis\u00e4tiloja s\u00e4teilevill\u00e4, terveill\u00e4 hibiskuskasveilla ymp\u00e4ri vuoden.<\/p>\n<p>&nbsp;<\/p>\n<p>&nbsp;<\/p>","protected":false},"excerpt":{"rendered":"<p>A fertilizer specially designed for abundant flowering and lush foliage.\u00a0Hibiscus is a tropical plant prized for its large colorful flowers and lush foliage. To ensure spectacular flowering and vigorous growth, this\u00a0NPK 15-15-15 fertilizer provides a perfectly balanced supply of nitrogen (N) to promote dense and lush foliage, phosphorus (P) to stimulate deep rooting and abundant [&hellip;]<\/p>\n","protected":false},"featured_media":26029,"comment_status":"open","ping_status":"closed","template":"","meta":{"_uag_custom_page_level_css":"","site-sidebar-layout":"default","site-content-layout":"","ast-site-content-layout":"default","site-content-style":"default","site-sidebar-style":"default","ast-global-header-display":"","ast-banner-title-visibility":"","ast-main-header-display":"","ast-hfb-above-header-display":"","ast-hfb-below-header-display":"","ast-hfb-mobile-header-display":"","site-post-title":"","ast-breadcrumbs-content":"","ast-featured-img":"","footer-sml-layout":"","ast-disable-related-posts":"","theme-transparent-header-meta":"default","adv-header-id-meta":"","stick-header-meta":"","header-above-stick-meta":"","header-main-stick-meta":"","header-below-stick-meta":"","astra-migrate-meta-layouts":"set","ast-page-background-enabled":"default","ast-page-background-meta":{"desktop":{"background-color":"var(--ast-global-color-4)","background-image":"","background-repeat":"repeat","background-position":"center center","background-size":"auto","background-attachment":"scroll","background-type":"","background-media":"","overlay-type":"","overlay-color":"","overlay-opacity":"","overlay-gradient":""},"tablet":{"background-color":"","background-image":"","background-repeat":"repeat","background-position":"center center","background-size":"auto","background-attachment":"scroll","background-type":"","background-media":"","overlay-type":"","overlay-color":"","overlay-opacity":"","overlay-gradient":""},"mobile":{"background-color":"","background-image":"","background-repeat":"repeat","background-position":"center center","background-size":"auto","background-attachment":"scroll","background-type":"","background-media":"","overlay-type":"","overlay-color":"","overlay-opacity":"","overlay-gradient":""}},"ast-content-background-meta":{"desktop":{"background-color":"var(--ast-global-color-5)","background-image":"","background-repeat":"repeat","background-position":"center center","background-size":"auto","background-attachment":"scroll","background-type":"","background-media":"","overlay-type":"","overlay-color":"","overlay-opacity":"","overlay-gradient":""},"tablet":{"background-color":"var(--ast-global-color-5)","background-image":"","background-repeat":"repeat","background-position":"center center","background-size":"auto","background-attachment":"scroll","background-type":"","background-media":"","overlay-type":"","overlay-color":"","overlay-opacity":"","overlay-gradient":""},"mobile":{"background-color":"var(--ast-global-color-5)","background-image":"","background-repeat":"repeat","background-position":"center center","background-size":"auto","background-attachment":"scroll","background-type":"","background-media":"","overlay-type":"","overlay-color":"","overlay-opacity":"","overlay-gradient":""}}},"product_brand":[],"product_cat":[178],"product_tag":[],"class_list":{"0":"post-23534","1":"product","2":"type-product","3":"status-publish","4":"has-post-thumbnail","6":"product_cat-fertilizers","7":"desktop-align-left","8":"tablet-align-left","9":"mobile-align-left","11":"first","12":"instock","13":"sale","14":"taxable","15":"shipping-taxable","16":"purchasable","17":"product-type-variable","18":"has-default-attributes"},"spectra_custom_meta":{"_visibility":["visible"],"_shopify_product_id":["9067587895541"],"_s2w_shopify_domain":["ferberpainting.myshopify.com"],"_shopify_variant_id":["46507989336309"],"_sku":[""],"_manage_stock":["no"],"total_sales":["17"],"_tax_status":["taxable"],"_tax_class":[""],"_backorders":["no"],"_sold_individually":["no"],"_virtual":["no"],"_downloadable":["no"],"_download_limit":["-1"],"_download_expiry":["-1"],"_stock":[null],"_stock_status":["instock"],"_wc_average_rating":["4.71"],"_wc_review_count":["7"],"_product_attributes":["a:1:{s:6:\"volume\";a:6:{s:4:\"name\";s:6:\"Volume\";s:5:\"value\";s:20:\"5 liters | 25 liters\";s:8:\"position\";i:1;s:10:\"is_visible\";i:0;s:12:\"is_variation\";i:1;s:11:\"is_taxonomy\";i:0;}}"],"_product_version":["10.5.1"],"_thumbnail_id":["26029"],"_product_image_gallery":["26030"],"wpse_downloadable_file_names":[""],"wpse_downloadable_file_urls":[""],"_edit_last":["1"],"_default_attributes":["a:1:{s:6:\"volume\";s:8:\"5 liters\";}"],"_edit_lock":["1772290745:1"],"_price":["29.90","129.90"],"merchant-center-availability":["yes"],"merchant-center-category":["113"],"_wp_page_template":["default"],"site-sidebar-layout":["default"],"ast-site-content-layout":["default"],"site-content-style":["default"],"site-sidebar-style":["default"],"theme-transparent-header-meta":["default"],"_wc_rating_count":["a:2:{i:4;i:2;i:5;i:5;}"],"astra-migrate-meta-layouts":["set"],"_uag_css_file_name":["uag-css-23534.css"],"_elementor_page_assets":["a:0:{}"],"_uag_page_assets":["a:9:{s:3:\"css\";s:7133:\".uag-blocks-common-selector{z-index:var(--z-index-desktop) !important}@media(max-width: 976px){.uag-blocks-common-selector{z-index:var(--z-index-tablet) !important}}@media(max-width: 767px){.uag-blocks-common-selector{z-index:var(--z-index-mobile) !important}}.wp-block-uagb-image{display:flex}.wp-block-uagb-image__figure{position:relative;display:flex;flex-direction:column;max-width:100%;height:auto;margin:0}.wp-block-uagb-image__figure img{height:auto;display:flex;max-width:100%;transition:box-shadow .2s ease}.wp-block-uagb-image__figure>a{display:inline-block}.wp-block-uagb-image__figure figcaption{text-align:center;margin-top:.5em;margin-bottom:1em}.wp-block-uagb-image .components-placeholder.block-editor-media-placeholder .components-placeholder__instructions{align-self:center}.wp-block-uagb-image--align-left{text-align:left}.wp-block-uagb-image--align-right{text-align:right}.wp-block-uagb-image--align-center{text-align:center}.wp-block-uagb-image--align-full .wp-block-uagb-image__figure{margin-left:calc(50% - 50vw);margin-right:calc(50% - 50vw);max-width:100vw;width:100vw;height:auto}.wp-block-uagb-image--align-full .wp-block-uagb-image__figure img{height:auto;width:100% !important}.wp-block-uagb-image--align-wide .wp-block-uagb-image__figure img{height:auto;width:100%}.wp-block-uagb-image--layout-overlay__color-wrapper{position:absolute;left:0;top:0;right:0;bottom:0;opacity:.2;background:rgba(0,0,0,.5);transition:opacity .35s ease-in-out}.wp-block-uagb-image--layout-overlay-link{position:absolute;left:0;right:0;bottom:0;top:0}.wp-block-uagb-image--layout-overlay .wp-block-uagb-image__figure:hover .wp-block-uagb-image--layout-overlay__color-wrapper{opacity:1}.wp-block-uagb-image--layout-overlay__inner{position:absolute;left:15px;right:15px;bottom:15px;top:15px;display:flex;align-items:center;justify-content:center;flex-direction:column;border-color:#fff;transition:.35s ease-in-out}.wp-block-uagb-image--layout-overlay__inner.top-left,.wp-block-uagb-image--layout-overlay__inner.top-center,.wp-block-uagb-image--layout-overlay__inner.top-right{justify-content:flex-start}.wp-block-uagb-image--layout-overlay__inner.bottom-left,.wp-block-uagb-image--layout-overlay__inner.bottom-center,.wp-block-uagb-image--layout-overlay__inner.bottom-right{justify-content:flex-end}.wp-block-uagb-image--layout-overlay__inner.top-left,.wp-block-uagb-image--layout-overlay__inner.center-left,.wp-block-uagb-image--layout-overlay__inner.bottom-left{align-items:flex-start}.wp-block-uagb-image--layout-overlay__inner.top-right,.wp-block-uagb-image--layout-overlay__inner.center-right,.wp-block-uagb-image--layout-overlay__inner.bottom-right{align-items:flex-end}.wp-block-uagb-image--layout-overlay__inner .uagb-image-heading{color:#fff;transition:transform .35s,opacity .35s ease-in-out;transform:translate3d(0, 24px, 0);margin:0;line-height:1em}.wp-block-uagb-image--layout-overlay__inner .uagb-image-separator{width:30%;border-top-width:2px;border-top-color:#fff;border-top-style:solid;margin-bottom:10px;opacity:0;transition:transform .4s,opacity .4s ease-in-out;transform:translate3d(0, 30px, 0)}.wp-block-uagb-image--layout-overlay__inner .uagb-image-caption{opacity:0;overflow:visible;color:#fff;transition:transform .45s,opacity .45s ease-in-out;transform:translate3d(0, 35px, 0)}.wp-block-uagb-image--layout-overlay__inner:hover .uagb-image-heading,.wp-block-uagb-image--layout-overlay__inner:hover .uagb-image-separator,.wp-block-uagb-image--layout-overlay__inner:hover .uagb-image-caption{opacity:1;transform:translate3d(0, 0, 0)}.wp-block-uagb-image--effect-zoomin .wp-block-uagb-image__figure img,.wp-block-uagb-image--effect-zoomin .wp-block-uagb-image__figure .wp-block-uagb-image--layout-overlay__color-wrapper{transform:scale(1);transition:transform .35s ease-in-out}.wp-block-uagb-image--effect-zoomin .wp-block-uagb-image__figure:hover img,.wp-block-uagb-image--effect-zoomin .wp-block-uagb-image__figure:hover .wp-block-uagb-image--layout-overlay__color-wrapper{transform:scale(1.05)}.wp-block-uagb-image--effect-slide .wp-block-uagb-image__figure img,.wp-block-uagb-image--effect-slide .wp-block-uagb-image__figure .wp-block-uagb-image--layout-overlay__color-wrapper{width:calc(100% + 40px) !important;max-width:none !important;transform:translate3d(-40px, 0, 0);transition:transform .35s ease-in-out}.wp-block-uagb-image--effect-slide .wp-block-uagb-image__figure:hover img,.wp-block-uagb-image--effect-slide .wp-block-uagb-image__figure:hover .wp-block-uagb-image--layout-overlay__color-wrapper{transform:translate3d(0, 0, 0)}.wp-block-uagb-image--effect-grayscale img{filter:grayscale(0%);transition:.35s ease-in-out}.wp-block-uagb-image--effect-grayscale:hover img{filter:grayscale(100%)}.wp-block-uagb-image--effect-blur img{filter:blur(0);transition:.35s ease-in-out}.wp-block-uagb-image--effect-blur:hover img{filter:blur(3px)}.uagb-block-e6f939b3.wp-block-uagb-image--layout-default figure img{box-shadow: 0px 0px 0 #00000070;}.uagb-block-e6f939b3.wp-block-uagb-image .wp-block-uagb-image__figure figcaption{font-style: normal;align-self: center;}.uagb-block-e6f939b3.wp-block-uagb-image--layout-overlay figure img{box-shadow: 0px 0px 0 #00000070;}.uagb-block-e6f939b3.wp-block-uagb-image--layout-overlay .wp-block-uagb-image--layout-overlay__color-wrapper{opacity: 0.2;}.uagb-block-e6f939b3.wp-block-uagb-image--layout-overlay .wp-block-uagb-image--layout-overlay__inner{left: 15px;right: 15px;top: 15px;bottom: 15px;}.uagb-block-e6f939b3.wp-block-uagb-image--layout-overlay .wp-block-uagb-image--layout-overlay__inner .uagb-image-heading{font-style: normal;color: #fff;opacity: 1;}.uagb-block-e6f939b3.wp-block-uagb-image--layout-overlay .wp-block-uagb-image--layout-overlay__inner .uagb-image-heading a{color: #fff;}.uagb-block-e6f939b3.wp-block-uagb-image--layout-overlay .wp-block-uagb-image--layout-overlay__inner .uagb-image-caption{opacity: 0;}.uagb-block-e6f939b3.wp-block-uagb-image--layout-overlay .wp-block-uagb-image__figure:hover .wp-block-uagb-image--layout-overlay__color-wrapper{opacity: 1;}.uagb-block-e6f939b3.wp-block-uagb-image .wp-block-uagb-image--layout-overlay__inner .uagb-image-separator{width: 30%;border-top-width: 2px;border-top-color: #fff;opacity: 0;}.uagb-block-e6f939b3.wp-block-uagb-image .wp-block-uagb-image__figure img{width: px;height: auto;}.uagb-block-e6f939b3.wp-block-uagb-image .wp-block-uagb-image__figure:hover .wp-block-uagb-image--layout-overlay__inner .uagb-image-caption{opacity: 1;}.uagb-block-e6f939b3.wp-block-uagb-image .wp-block-uagb-image__figure:hover .wp-block-uagb-image--layout-overlay__inner .uagb-image-separator{opacity: 1;}.uagb-block-e6f939b3.wp-block-uagb-image--layout-default figure:hover img{box-shadow: 0px 0px 0 #00000070;}.uagb-block-e6f939b3.wp-block-uagb-image--layout-overlay figure:hover img{box-shadow: 0px 0px 0 #00000070;}@media only screen and (max-width: 976px) {.uagb-block-e6f939b3.wp-block-uagb-image .wp-block-uagb-image__figure img{width: px;height: auto;}}@media only screen and (max-width: 767px) {.uagb-block-e6f939b3.wp-block-uagb-image .wp-block-uagb-image__figure img{width: px;height: auto;}}\";s:2:\"js\";s:0:\"\";s:18:\"current_block_list\";a:13:{i:0;s:11:\"core\/search\";i:1;s:10:\"core\/group\";i:2;s:12:\"core\/heading\";i:3;s:17:\"core\/latest-posts\";i:4;s:20:\"core\/latest-comments\";i:5;s:13:\"core\/archives\";i:6;s:15:\"core\/categories\";i:7;s:14:\"core\/paragraph\";i:8;s:10:\"uagb\/image\";i:9;s:11:\"core\/spacer\";i:10;s:30:\"woocommerce\/product-categories\";i:11;s:10:\"core\/image\";i:12;s:14:\"core\/shortcode\";}s:8:\"uag_flag\";b:1;s:11:\"uag_version\";s:10:\"1777376929\";s:6:\"gfonts\";a:0:{}s:10:\"gfonts_url\";s:0:\"\";s:12:\"gfonts_files\";a:0:{}s:14:\"uag_faq_layout\";b:0;}"]},"uagb_featured_image_src":{"full":["https:\/\/www.ferberpainting.com\/wp-content\/uploads\/2025\/05\/HibiscusFertilizer5L.png",2560,2560,false],"thumbnail":["https:\/\/www.ferberpainting.com\/wp-content\/uploads\/2025\/05\/HibiscusFertilizer5L-150x150.png",150,150,true],"medium":["https:\/\/www.ferberpainting.com\/wp-content\/uploads\/2025\/05\/HibiscusFertilizer5L-300x300.png",300,300,true],"medium_large":["https:\/\/www.ferberpainting.com\/wp-content\/uploads\/2025\/05\/HibiscusFertilizer5L-768x768.png",768,768,true],"large":["https:\/\/www.ferberpainting.com\/wp-content\/uploads\/2025\/05\/HibiscusFertilizer5L-1024x1024.png",1024,1024,true],"1536x1536":["https:\/\/www.ferberpainting.com\/wp-content\/uploads\/2025\/05\/HibiscusFertilizer5L-1536x1536.png",1536,1536,true],"2048x2048":["https:\/\/www.ferberpainting.com\/wp-content\/uploads\/2025\/05\/HibiscusFertilizer5L-2048x2048.png",2048,2048,true],"trp-custom-language-flag":["https:\/\/www.ferberpainting.com\/wp-content\/uploads\/2025\/05\/HibiscusFertilizer5L-12x12.png",12,12,true],"woocommerce_thumbnail":["https:\/\/www.ferberpainting.com\/wp-content\/uploads\/2025\/05\/HibiscusFertilizer5L-300x300.png",300,300,true],"woocommerce_single":["https:\/\/www.ferberpainting.com\/wp-content\/uploads\/2025\/05\/HibiscusFertilizer5L-600x600.png",600,600,true],"woocommerce_gallery_thumbnail":["https:\/\/www.ferberpainting.com\/wp-content\/uploads\/2025\/05\/HibiscusFertilizer5L-100x100.png",100,100,true]},"uagb_author_info":{"display_name":"admin","author_link":"https:\/\/www.ferberpainting.com\/fi\/author\/"},"uagb_comment_info":7,"uagb_excerpt":"A fertilizer specially designed for abundant flowering and lush foliage.\u00a0Hibiscus is a tropical plant prized for its large colorful flowers and lush foliage. To ensure spectacular flowering and vigorous growth, this\u00a0NPK 15-15-15 fertilizer provides a perfectly balanced supply of nitrogen (N) to promote dense and lush foliage, phosphorus (P) to stimulate deep rooting and abundant&hellip;","_links":{"self":[{"href":"https:\/\/www.ferberpainting.com\/fi\/wp-json\/wp\/v2\/product\/23534","targetHints":{"allow":["GET"]}}],"collection":[{"href":"https:\/\/www.ferberpainting.com\/fi\/wp-json\/wp\/v2\/product"}],"about":[{"href":"https:\/\/www.ferberpainting.com\/fi\/wp-json\/wp\/v2\/types\/product"}],"replies":[{"embeddable":true,"href":"https:\/\/www.ferberpainting.com\/fi\/wp-json\/wp\/v2\/comments?post=23534"}],"version-history":[{"count":4,"href":"https:\/\/www.ferberpainting.com\/fi\/wp-json\/wp\/v2\/product\/23534\/revisions"}],"predecessor-version":[{"id":166358,"href":"https:\/\/www.ferberpainting.com\/fi\/wp-json\/wp\/v2\/product\/23534\/revisions\/166358"}],"wp:featuredmedia":[{"embeddable":true,"href":"https:\/\/www.ferberpainting.com\/fi\/wp-json\/wp\/v2\/media\/26029"}],"wp:attachment":[{"href":"https:\/\/www.ferberpainting.com\/fi\/wp-json\/wp\/v2\/media?parent=23534"}],"wp:term":[{"taxonomy":"product_brand","embeddable":true,"href":"https:\/\/www.ferberpainting.com\/fi\/wp-json\/wp\/v2\/product_brand?post=23534"},{"taxonomy":"product_cat","embeddable":true,"href":"https:\/\/www.ferberpainting.com\/fi\/wp-json\/wp\/v2\/product_cat?post=23534"},{"taxonomy":"product_tag","embeddable":true,"href":"https:\/\/www.ferberpainting.com\/fi\/wp-json\/wp\/v2\/product_tag?post=23534"}],"curies":[{"name":"wp","href":"https:\/\/api.w.org\/{rel}","templated":true}]}}