{"id":23504,"date":"2025-05-26T10:24:26","date_gmt":"2025-05-26T08:24:26","guid":{"rendered":"https:\/\/www.ferberpainting.com\/products\/grape-vine-fertilizer\/"},"modified":"2026-02-15T15:55:49","modified_gmt":"2026-02-15T14:55:49","slug":"grape-vine-fertilizer","status":"publish","type":"product","link":"https:\/\/www.ferberpainting.com\/fi\/products\/grape-vine-fertilizer\/","title":{"rendered":"Viinik\u00f6ynn\u00f6ksen lannoite 25 kg"},"content":{"rendered":"<p><strong><img decoding=\"async\" style=\"margin-right: 12px;\" src=\"https:\/\/www.ferberpainting.com\/wp-content\/uploads\/2026\/02\/Check.svg\" alt=\"\" width=\"18\" height=\"15\" \/>T\u00e4ydellinen lannoite terveelle ja tuottavalle viinik\u00f6ynn\u00f6lle.<\/strong>\u00a0Viinik\u00f6ynn\u00f6sten viljely edellytt\u00e4\u00e4 tarkkaa ravitsemusta, jotta varmistetaan voimakas kasvu, runsas hedelmien tuotto ja optimaalinen taudinkest\u00e4vyys. T\u00e4m\u00e4 lannoite on erityisesti suunniteltu vastaamaan viinik\u00f6ynn\u00f6ksen erityistarpeita, sill\u00e4 sen typpi-, fosfori- ja kaliumpitoisuus on t\u00e4ysin tasapainossa (NPK 10-10-10). Se edist\u00e4\u00e4 juurten syv\u00e4\u00e4 kehityst\u00e4, tervett\u00e4 lehtituotantoa ja parempaa ryp\u00e4leiden kypsymist\u00e4, mik\u00e4 takaa laadukkaan sadon.<\/p>\n<p><strong><img decoding=\"async\" style=\"margin-right: 12px;\" src=\"https:\/\/www.ferberpainting.com\/wp-content\/uploads\/2026\/02\/Check.svg\" alt=\"\" width=\"18\" height=\"15\" \/>Rahat takaisin -takuu.<\/strong>\u00a0Uskomme lannoitteemme tehokkuuteen ja sen n\u00e4kyviin tuloksiin heti ensimm\u00e4isist\u00e4 k\u00e4ytt\u00f6viikoista l\u00e4htien. Jos et huomaa merkitt\u00e4v\u00e4\u00e4 parannusta viinik\u00f6ynn\u00f6ksiss\u00e4si, vaikka k\u00e4yt\u00e4t sit\u00e4 suositusten mukaisesti, sitoudumme palauttamaan sinulle rahasi t\u00e4ysim\u00e4\u00e4r\u00e4isesti.<\/p>\n<p><strong><img decoding=\"async\" style=\"margin-right: 12px;\" src=\"https:\/\/www.ferberpainting.com\/wp-content\/uploads\/2026\/02\/Check.svg\" alt=\"\" width=\"18\" height=\"15\" \/>Soveltuu eri maalajeille ja viljelykasveille.<\/strong>\u00a0T\u00e4m\u00e4 lannoite on tehokas kaikentyyppisill\u00e4 viljelysmailla riippumatta siit\u00e4, onko maaper\u00e4si hiekkainen, kalkkipitoinen, savinen vai silttinen. Se soveltuu my\u00f6s muille hedelm\u00e4kasveille, erityisesti omena-, p\u00e4\u00e4ryn\u00e4-, persikka- ja kirsikkapuille, koska sen yleisk\u00e4ytt\u00f6inen koostumus sis\u00e4lt\u00e4\u00e4 runsaasti v\u00e4ltt\u00e4m\u00e4tt\u00f6mi\u00e4 ravinteita.<\/p>\n<p><strong><img decoding=\"async\" style=\"margin-right: 12px;\" src=\"https:\/\/www.ferberpainting.com\/wp-content\/uploads\/2026\/02\/Check.svg\" alt=\"\" width=\"18\" height=\"15\" \/>Poikkeuksellinen kustannustehokkuus.<\/strong>\u00a0K\u00e4ytt\u00f6valmiin kiinte\u00e4n koostumuksensa ansiosta t\u00e4m\u00e4 lannoite takaa tehokkaan ja pitk\u00e4aikaisen lannoituksen. Kun saanto on 200 g viinik\u00f6ynn\u00f6st\u00e4 kohti, 25 kg:n pussilla voidaan k\u00e4sitell\u00e4 jopa 125 viinik\u00f6ynn\u00f6st\u00e4, mik\u00e4 v\u00e4hent\u00e4\u00e4 yll\u00e4pitokustannuksia ja maksimoi viinitarhan kannattavuuden.<\/p>\n<p><strong><img decoding=\"async\" style=\"margin-right: 12px;\" src=\"https:\/\/www.ferberpainting.com\/wp-content\/uploads\/2026\/02\/Check.svg\" alt=\"\" width=\"18\" height=\"15\" \/>Ymp\u00e4rist\u00f6lle turvallinen tuote.<\/strong>\u00a0T\u00e4m\u00e4 lannoite ei sis\u00e4ll\u00e4 myrkyllisi\u00e4 ainesosia tai haitallisia lis\u00e4aineita, mik\u00e4 takaa maaper\u00e4n, biologisen monimuotoisuuden ja pohjaveden kunnioittamisen. Se ei j\u00e4t\u00e4 kemiallisia j\u00e4\u00e4mi\u00e4 ryp\u00e4leisiin, mik\u00e4 takaa terveellisen ja kest\u00e4v\u00e4n viinintuotannon.<\/p>\n<p><strong><img decoding=\"async\" style=\"margin-right: 12px;\" src=\"https:\/\/www.ferberpainting.com\/wp-content\/uploads\/2026\/02\/Check.svg\" alt=\"\" width=\"18\" height=\"15\" \/>Helppo levitt\u00e4\u00e4, ei tarvitse laimentaa.<\/strong>\u00a0Toisin kuin nestem\u00e4iset lannoitteet, jotka vaativat etuk\u00e4teen sekoittamista, t\u00e4m\u00e4 lannoite on kiinte\u00e4ss\u00e4 muodossa ja levitet\u00e4\u00e4n suoraan kunkin viinik\u00f6ynn\u00f6ksen juurelle. Se on helppok\u00e4ytt\u00f6inen eik\u00e4 vaadi erikoislaitteita, joten sit\u00e4 on helppo k\u00e4ytt\u00e4\u00e4 sek\u00e4 ammattiviljelij\u00f6ille ett\u00e4 harrastajille.<\/p>\n<p><strong><img decoding=\"async\" style=\"margin-right: 12px;\" src=\"https:\/\/www.ferberpainting.com\/wp-content\/uploads\/2026\/02\/Check.svg\" alt=\"\" width=\"18\" height=\"15\" \/>Asteittainen ja kest\u00e4v\u00e4 lannoitus.<\/strong>\u00a0Tasapainoisen koostumuksensa ansiosta lannoite vapauttaa ravinteita v\u00e4hitellen, mik\u00e4 takaa jatkuvan kasvun koko kasvukauden ajan. Se auttaa vahvistamaan viinik\u00f6ynn\u00f6ksen luontaista vastustuskyky\u00e4 ilmastostressi\u00e4 ja tauteja vastaan ja takaa tasaisen ja laadukkaan tuotannon.<\/p>\n<p><strong><img decoding=\"async\" style=\"margin-right: 12px;\" src=\"https:\/\/www.ferberpainting.com\/wp-content\/uploads\/2026\/02\/Check.svg\" alt=\"\" width=\"18\" height=\"15\" \/>N\u00e4kyvi\u00e4 tuloksia muutamassa viikossa.<\/strong>\u00a0Levitett\u00e4ess\u00e4 t\u00e4m\u00e4 lannoite edist\u00e4\u00e4 kivenn\u00e4isaineiden imeytymist\u00e4, mik\u00e4 mahdollistaa lehtien nopean vihertymisen ja nopeuttaa viiniryp\u00e4leiden kasvua. Sen tehokkuus on todistettu n\u00e4kyv\u00e4sti terveempin\u00e4 k\u00f6ynn\u00f6ksin\u00e4, suurempina ryp\u00e4lein\u00e4 ja makeampina, v\u00e4rikk\u00e4\u00e4mpin\u00e4 hedelmin\u00e4.<\/p>\n<h2><strong>K\u00e4ytt\u00f6protokolla<\/strong><\/h2>\n<ul>\n<li><strong>Hakuaika <\/strong>: Ihannetapauksessa lannoite levitet\u00e4\u00e4n kev\u00e4\u00e4n alussa ja kes\u00e4n lopussa, jotta tuetaan kev\u00e4tkasvua ja viinik\u00f6ynn\u00f6ksen valmistautumista talveen.<\/li>\n<li><strong>Maaper\u00e4n valmistelu <\/strong>: Ennen levitt\u00e4mist\u00e4 rikkaruohot on kitkett\u00e4v\u00e4 ja maaper\u00e4 on l\u00f6ys\u00e4tt\u00e4v\u00e4 hieman viinik\u00f6ynn\u00f6ksen juuren ymp\u00e4rill\u00e4, jotta ravinteiden tunkeutuminen on mahdollisimman tehokasta.<\/li>\n<li><strong>Suositeltu annostus <\/strong>: Levit\u00e4 200 g lannoitetta viinik\u00f6ynn\u00f6st\u00e4 kohti ja levit\u00e4 tuote rungon ymp\u00e4rille noin 15 cm:n et\u00e4isyydelle.<\/li>\n<li><strong>Yhti\u00f6itt\u00e4minen <\/strong>: Sekoita lannoite kevyesti pintamaahan sateen aiheuttaman huuhtoutumisen est\u00e4miseksi ja ravinteiden asteittaisen levi\u00e4misen edist\u00e4miseksi.<\/li>\n<li><strong>Kastelu levityksen j\u00e4lkeen <\/strong>: Kun lannoite on levitetty, kastele k\u00e4sitelty alue runsaasti, jotta juuret nopeuttavat mineraalien imeytymist\u00e4.<\/li>\n<li><strong>Sovellustiheys <\/strong>: Optimaalisen lannoituksen saavuttamiseksi levitys on toistettava 3 kuukauden v\u00e4lein varoen yliannostusta, jotta v\u00e4ltet\u00e4\u00e4n liiallinen typpi, joka voisi vaikuttaa ryp\u00e4leiden laatuun.<\/li>\n<\/ul>\n<p>T\u00e4m\u00e4 lannoite on ihanteellinen liittolainen elinvoimaisten viinik\u00f6ynn\u00f6sten, runsaan tuotannon ja erinomaisen ryp\u00e4leiden laadun saavuttamiseksi. Olitpa sitten ammattimainen viininviljelij\u00e4 tai puutarhaharrastaja, se takaa n\u00e4kyv\u00e4t tulokset nopeasti, yksinkertaisella ja ymp\u00e4rist\u00f6llesi riskitt\u00f6m\u00e4ll\u00e4 levityksell\u00e4.<\/p>","protected":false},"excerpt":{"rendered":"<p>A complete fertilizer for a healthy and productive vine.\u00a0Vine cultivation requires a precise nutritional contribution to ensure vigorous growth, abundant fruiting, and optimal disease resistance. This fertilizer is specially formulated to meet the specific needs of the vine, thanks to its perfectly balanced content of nitrogen, phosphorus, and potassium (NPK 10-10-10). It promotes deep root [&hellip;]<\/p>\n","protected":false},"featured_media":26015,"comment_status":"open","ping_status":"closed","template":"","meta":{"_uag_custom_page_level_css":"","site-sidebar-layout":"default","site-content-layout":"","ast-site-content-layout":"default","site-content-style":"default","site-sidebar-style":"default","ast-global-header-display":"","ast-banner-title-visibility":"","ast-main-header-display":"","ast-hfb-above-header-display":"","ast-hfb-below-header-display":"","ast-hfb-mobile-header-display":"","site-post-title":"","ast-breadcrumbs-content":"","ast-featured-img":"","footer-sml-layout":"","ast-disable-related-posts":"","theme-transparent-header-meta":"default","adv-header-id-meta":"","stick-header-meta":"","header-above-stick-meta":"","header-main-stick-meta":"","header-below-stick-meta":"","astra-migrate-meta-layouts":"set","ast-page-background-enabled":"default","ast-page-background-meta":{"desktop":{"background-color":"var(--ast-global-color-4)","background-image":"","background-repeat":"repeat","background-position":"center center","background-size":"auto","background-attachment":"scroll","background-type":"","background-media":"","overlay-type":"","overlay-color":"","overlay-opacity":"","overlay-gradient":""},"tablet":{"background-color":"","background-image":"","background-repeat":"repeat","background-position":"center center","background-size":"auto","background-attachment":"scroll","background-type":"","background-media":"","overlay-type":"","overlay-color":"","overlay-opacity":"","overlay-gradient":""},"mobile":{"background-color":"","background-image":"","background-repeat":"repeat","background-position":"center center","background-size":"auto","background-attachment":"scroll","background-type":"","background-media":"","overlay-type":"","overlay-color":"","overlay-opacity":"","overlay-gradient":""}},"ast-content-background-meta":{"desktop":{"background-color":"var(--ast-global-color-5)","background-image":"","background-repeat":"repeat","background-position":"center center","background-size":"auto","background-attachment":"scroll","background-type":"","background-media":"","overlay-type":"","overlay-color":"","overlay-opacity":"","overlay-gradient":""},"tablet":{"background-color":"var(--ast-global-color-5)","background-image":"","background-repeat":"repeat","background-position":"center center","background-size":"auto","background-attachment":"scroll","background-type":"","background-media":"","overlay-type":"","overlay-color":"","overlay-opacity":"","overlay-gradient":""},"mobile":{"background-color":"var(--ast-global-color-5)","background-image":"","background-repeat":"repeat","background-position":"center center","background-size":"auto","background-attachment":"scroll","background-type":"","background-media":"","overlay-type":"","overlay-color":"","overlay-opacity":"","overlay-gradient":""}}},"product_brand":[],"product_cat":[178],"product_tag":[],"class_list":{"0":"post-23504","1":"product","2":"type-product","3":"status-publish","4":"has-post-thumbnail","6":"product_cat-fertilizers","7":"desktop-align-left","8":"tablet-align-left","9":"mobile-align-left","11":"first","12":"instock","13":"taxable","14":"shipping-taxable","15":"purchasable","16":"product-type-simple"},"spectra_custom_meta":{"_visibility":["visible"],"_shopify_product_id":["9073283825909"],"_s2w_shopify_domain":["ferberpainting.myshopify.com"],"_shopify_variant_id":["46524539535605"],"_sku":["FPGRAPEVINEFERTILIZER25KG"],"_regular_price":["39.90"],"_price":["39.90"],"_sale_price":[""],"_weight":["18.7"],"_thumbnail_id":["26015"],"_global_unique_id":["5056773817951"],"total_sales":["32"],"_tax_status":["taxable"],"_tax_class":[""],"_manage_stock":["no"],"_backorders":["no"],"_sold_individually":["no"],"_virtual":["no"],"_downloadable":["no"],"_download_limit":["-1"],"_download_expiry":["-1"],"_stock":[null],"_stock_status":["instock"],"_wc_average_rating":["5.00"],"_wc_review_count":["31"],"_product_version":["10.5.1"],"_wc_rating_count":["a:1:{i:5;i:31;}"],"_edit_lock":["1771167278:1"],"merchant-center-availability":["yes"],"merchant-center-category":["113"],"_edit_last":["1"],"_wp_page_template":["default"],"site-sidebar-layout":["default"],"ast-site-content-layout":["default"],"site-content-style":["default"],"site-sidebar-style":["default"],"theme-transparent-header-meta":["default"],"astra-migrate-meta-layouts":["set"],"_uag_css_file_name":["uag-css-23504.css"],"_elementor_page_assets":["a:0:{}"],"_uag_page_assets":["a:9:{s:3:\"css\";s:7133:\".uag-blocks-common-selector{z-index:var(--z-index-desktop) !important}@media(max-width: 976px){.uag-blocks-common-selector{z-index:var(--z-index-tablet) !important}}@media(max-width: 767px){.uag-blocks-common-selector{z-index:var(--z-index-mobile) !important}}.wp-block-uagb-image{display:flex}.wp-block-uagb-image__figure{position:relative;display:flex;flex-direction:column;max-width:100%;height:auto;margin:0}.wp-block-uagb-image__figure img{height:auto;display:flex;max-width:100%;transition:box-shadow .2s ease}.wp-block-uagb-image__figure>a{display:inline-block}.wp-block-uagb-image__figure figcaption{text-align:center;margin-top:.5em;margin-bottom:1em}.wp-block-uagb-image .components-placeholder.block-editor-media-placeholder .components-placeholder__instructions{align-self:center}.wp-block-uagb-image--align-left{text-align:left}.wp-block-uagb-image--align-right{text-align:right}.wp-block-uagb-image--align-center{text-align:center}.wp-block-uagb-image--align-full .wp-block-uagb-image__figure{margin-left:calc(50% - 50vw);margin-right:calc(50% - 50vw);max-width:100vw;width:100vw;height:auto}.wp-block-uagb-image--align-full .wp-block-uagb-image__figure img{height:auto;width:100% !important}.wp-block-uagb-image--align-wide .wp-block-uagb-image__figure img{height:auto;width:100%}.wp-block-uagb-image--layout-overlay__color-wrapper{position:absolute;left:0;top:0;right:0;bottom:0;opacity:.2;background:rgba(0,0,0,.5);transition:opacity .35s ease-in-out}.wp-block-uagb-image--layout-overlay-link{position:absolute;left:0;right:0;bottom:0;top:0}.wp-block-uagb-image--layout-overlay .wp-block-uagb-image__figure:hover .wp-block-uagb-image--layout-overlay__color-wrapper{opacity:1}.wp-block-uagb-image--layout-overlay__inner{position:absolute;left:15px;right:15px;bottom:15px;top:15px;display:flex;align-items:center;justify-content:center;flex-direction:column;border-color:#fff;transition:.35s ease-in-out}.wp-block-uagb-image--layout-overlay__inner.top-left,.wp-block-uagb-image--layout-overlay__inner.top-center,.wp-block-uagb-image--layout-overlay__inner.top-right{justify-content:flex-start}.wp-block-uagb-image--layout-overlay__inner.bottom-left,.wp-block-uagb-image--layout-overlay__inner.bottom-center,.wp-block-uagb-image--layout-overlay__inner.bottom-right{justify-content:flex-end}.wp-block-uagb-image--layout-overlay__inner.top-left,.wp-block-uagb-image--layout-overlay__inner.center-left,.wp-block-uagb-image--layout-overlay__inner.bottom-left{align-items:flex-start}.wp-block-uagb-image--layout-overlay__inner.top-right,.wp-block-uagb-image--layout-overlay__inner.center-right,.wp-block-uagb-image--layout-overlay__inner.bottom-right{align-items:flex-end}.wp-block-uagb-image--layout-overlay__inner .uagb-image-heading{color:#fff;transition:transform .35s,opacity .35s ease-in-out;transform:translate3d(0, 24px, 0);margin:0;line-height:1em}.wp-block-uagb-image--layout-overlay__inner .uagb-image-separator{width:30%;border-top-width:2px;border-top-color:#fff;border-top-style:solid;margin-bottom:10px;opacity:0;transition:transform .4s,opacity .4s ease-in-out;transform:translate3d(0, 30px, 0)}.wp-block-uagb-image--layout-overlay__inner .uagb-image-caption{opacity:0;overflow:visible;color:#fff;transition:transform .45s,opacity .45s ease-in-out;transform:translate3d(0, 35px, 0)}.wp-block-uagb-image--layout-overlay__inner:hover .uagb-image-heading,.wp-block-uagb-image--layout-overlay__inner:hover .uagb-image-separator,.wp-block-uagb-image--layout-overlay__inner:hover .uagb-image-caption{opacity:1;transform:translate3d(0, 0, 0)}.wp-block-uagb-image--effect-zoomin .wp-block-uagb-image__figure img,.wp-block-uagb-image--effect-zoomin .wp-block-uagb-image__figure .wp-block-uagb-image--layout-overlay__color-wrapper{transform:scale(1);transition:transform .35s ease-in-out}.wp-block-uagb-image--effect-zoomin .wp-block-uagb-image__figure:hover img,.wp-block-uagb-image--effect-zoomin .wp-block-uagb-image__figure:hover .wp-block-uagb-image--layout-overlay__color-wrapper{transform:scale(1.05)}.wp-block-uagb-image--effect-slide .wp-block-uagb-image__figure img,.wp-block-uagb-image--effect-slide .wp-block-uagb-image__figure .wp-block-uagb-image--layout-overlay__color-wrapper{width:calc(100% + 40px) !important;max-width:none !important;transform:translate3d(-40px, 0, 0);transition:transform .35s ease-in-out}.wp-block-uagb-image--effect-slide .wp-block-uagb-image__figure:hover img,.wp-block-uagb-image--effect-slide .wp-block-uagb-image__figure:hover .wp-block-uagb-image--layout-overlay__color-wrapper{transform:translate3d(0, 0, 0)}.wp-block-uagb-image--effect-grayscale img{filter:grayscale(0%);transition:.35s ease-in-out}.wp-block-uagb-image--effect-grayscale:hover img{filter:grayscale(100%)}.wp-block-uagb-image--effect-blur img{filter:blur(0);transition:.35s ease-in-out}.wp-block-uagb-image--effect-blur:hover img{filter:blur(3px)}.uagb-block-e6f939b3.wp-block-uagb-image--layout-default figure img{box-shadow: 0px 0px 0 #00000070;}.uagb-block-e6f939b3.wp-block-uagb-image .wp-block-uagb-image__figure figcaption{font-style: normal;align-self: center;}.uagb-block-e6f939b3.wp-block-uagb-image--layout-overlay figure img{box-shadow: 0px 0px 0 #00000070;}.uagb-block-e6f939b3.wp-block-uagb-image--layout-overlay .wp-block-uagb-image--layout-overlay__color-wrapper{opacity: 0.2;}.uagb-block-e6f939b3.wp-block-uagb-image--layout-overlay .wp-block-uagb-image--layout-overlay__inner{left: 15px;right: 15px;top: 15px;bottom: 15px;}.uagb-block-e6f939b3.wp-block-uagb-image--layout-overlay .wp-block-uagb-image--layout-overlay__inner .uagb-image-heading{font-style: normal;color: #fff;opacity: 1;}.uagb-block-e6f939b3.wp-block-uagb-image--layout-overlay .wp-block-uagb-image--layout-overlay__inner .uagb-image-heading a{color: #fff;}.uagb-block-e6f939b3.wp-block-uagb-image--layout-overlay .wp-block-uagb-image--layout-overlay__inner .uagb-image-caption{opacity: 0;}.uagb-block-e6f939b3.wp-block-uagb-image--layout-overlay .wp-block-uagb-image__figure:hover .wp-block-uagb-image--layout-overlay__color-wrapper{opacity: 1;}.uagb-block-e6f939b3.wp-block-uagb-image .wp-block-uagb-image--layout-overlay__inner .uagb-image-separator{width: 30%;border-top-width: 2px;border-top-color: #fff;opacity: 0;}.uagb-block-e6f939b3.wp-block-uagb-image .wp-block-uagb-image__figure img{width: px;height: auto;}.uagb-block-e6f939b3.wp-block-uagb-image .wp-block-uagb-image__figure:hover .wp-block-uagb-image--layout-overlay__inner .uagb-image-caption{opacity: 1;}.uagb-block-e6f939b3.wp-block-uagb-image .wp-block-uagb-image__figure:hover .wp-block-uagb-image--layout-overlay__inner .uagb-image-separator{opacity: 1;}.uagb-block-e6f939b3.wp-block-uagb-image--layout-default figure:hover img{box-shadow: 0px 0px 0 #00000070;}.uagb-block-e6f939b3.wp-block-uagb-image--layout-overlay figure:hover img{box-shadow: 0px 0px 0 #00000070;}@media only screen and (max-width: 976px) {.uagb-block-e6f939b3.wp-block-uagb-image .wp-block-uagb-image__figure img{width: px;height: auto;}}@media only screen and (max-width: 767px) {.uagb-block-e6f939b3.wp-block-uagb-image .wp-block-uagb-image__figure img{width: px;height: auto;}}\";s:2:\"js\";s:0:\"\";s:18:\"current_block_list\";a:13:{i:0;s:11:\"core\/search\";i:1;s:10:\"core\/group\";i:2;s:12:\"core\/heading\";i:3;s:17:\"core\/latest-posts\";i:4;s:20:\"core\/latest-comments\";i:5;s:13:\"core\/archives\";i:6;s:15:\"core\/categories\";i:7;s:14:\"core\/paragraph\";i:8;s:10:\"uagb\/image\";i:9;s:11:\"core\/spacer\";i:10;s:30:\"woocommerce\/product-categories\";i:11;s:10:\"core\/image\";i:12;s:14:\"core\/shortcode\";}s:8:\"uag_flag\";b:1;s:11:\"uag_version\";s:10:\"1777356936\";s:6:\"gfonts\";a:0:{}s:10:\"gfonts_url\";s:0:\"\";s:12:\"gfonts_files\";a:0:{}s:14:\"uag_faq_layout\";b:0;}"]},"uagb_featured_image_src":{"full":["https:\/\/www.ferberpainting.com\/wp-content\/uploads\/2025\/05\/GrapeVineFertilizeransac.png",2560,2560,false],"thumbnail":["https:\/\/www.ferberpainting.com\/wp-content\/uploads\/2025\/05\/GrapeVineFertilizeransac-150x150.png",150,150,true],"medium":["https:\/\/www.ferberpainting.com\/wp-content\/uploads\/2025\/05\/GrapeVineFertilizeransac-300x300.png",300,300,true],"medium_large":["https:\/\/www.ferberpainting.com\/wp-content\/uploads\/2025\/05\/GrapeVineFertilizeransac-768x768.png",768,768,true],"large":["https:\/\/www.ferberpainting.com\/wp-content\/uploads\/2025\/05\/GrapeVineFertilizeransac-1024x1024.png",1024,1024,true],"1536x1536":["https:\/\/www.ferberpainting.com\/wp-content\/uploads\/2025\/05\/GrapeVineFertilizeransac-1536x1536.png",1536,1536,true],"2048x2048":["https:\/\/www.ferberpainting.com\/wp-content\/uploads\/2025\/05\/GrapeVineFertilizeransac-2048x2048.png",2048,2048,true],"trp-custom-language-flag":["https:\/\/www.ferberpainting.com\/wp-content\/uploads\/2025\/05\/GrapeVineFertilizeransac-12x12.png",12,12,true],"woocommerce_thumbnail":["https:\/\/www.ferberpainting.com\/wp-content\/uploads\/2025\/05\/GrapeVineFertilizeransac-300x300.png",300,300,true],"woocommerce_single":["https:\/\/www.ferberpainting.com\/wp-content\/uploads\/2025\/05\/GrapeVineFertilizeransac-600x600.png",600,600,true],"woocommerce_gallery_thumbnail":["https:\/\/www.ferberpainting.com\/wp-content\/uploads\/2025\/05\/GrapeVineFertilizeransac-100x100.png",100,100,true]},"uagb_author_info":{"display_name":"admin","author_link":"https:\/\/www.ferberpainting.com\/fi\/author\/"},"uagb_comment_info":31,"uagb_excerpt":"A complete fertilizer for a healthy and productive vine.\u00a0Vine cultivation requires a precise nutritional contribution to ensure vigorous growth, abundant fruiting, and optimal disease resistance. This fertilizer is specially formulated to meet the specific needs of the vine, thanks to its perfectly balanced content of nitrogen, phosphorus, and potassium (NPK 10-10-10). It promotes deep root&hellip;","_links":{"self":[{"href":"https:\/\/www.ferberpainting.com\/fi\/wp-json\/wp\/v2\/product\/23504","targetHints":{"allow":["GET"]}}],"collection":[{"href":"https:\/\/www.ferberpainting.com\/fi\/wp-json\/wp\/v2\/product"}],"about":[{"href":"https:\/\/www.ferberpainting.com\/fi\/wp-json\/wp\/v2\/types\/product"}],"replies":[{"embeddable":true,"href":"https:\/\/www.ferberpainting.com\/fi\/wp-json\/wp\/v2\/comments?post=23504"}],"version-history":[{"count":5,"href":"https:\/\/www.ferberpainting.com\/fi\/wp-json\/wp\/v2\/product\/23504\/revisions"}],"predecessor-version":[{"id":166264,"href":"https:\/\/www.ferberpainting.com\/fi\/wp-json\/wp\/v2\/product\/23504\/revisions\/166264"}],"wp:featuredmedia":[{"embeddable":true,"href":"https:\/\/www.ferberpainting.com\/fi\/wp-json\/wp\/v2\/media\/26015"}],"wp:attachment":[{"href":"https:\/\/www.ferberpainting.com\/fi\/wp-json\/wp\/v2\/media?parent=23504"}],"wp:term":[{"taxonomy":"product_brand","embeddable":true,"href":"https:\/\/www.ferberpainting.com\/fi\/wp-json\/wp\/v2\/product_brand?post=23504"},{"taxonomy":"product_cat","embeddable":true,"href":"https:\/\/www.ferberpainting.com\/fi\/wp-json\/wp\/v2\/product_cat?post=23504"},{"taxonomy":"product_tag","embeddable":true,"href":"https:\/\/www.ferberpainting.com\/fi\/wp-json\/wp\/v2\/product_tag?post=23504"}],"curies":[{"name":"wp","href":"https:\/\/api.w.org\/{rel}","templated":true}]}}