{"id":23501,"date":"2025-07-01T12:15:25","date_gmt":"2025-07-01T10:15:25","guid":{"rendered":"https:\/\/www.ferberpainting.com\/?post_type=product&#038;p=23490"},"modified":"2026-02-15T15:32:55","modified_gmt":"2026-02-15T14:32:55","slug":"granite-water-repellent","status":"publish","type":"product","link":"https:\/\/www.ferberpainting.com\/fi\/products\/granite-water-repellent\/","title":{"rendered":"Vett\u00e4 hylkiv\u00e4 aine graniitille"},"content":{"rendered":"<p><img decoding=\"async\" style=\"margin-right: 12px;\" src=\"https:\/\/www.ferberpainting.com\/wp-content\/uploads\/2026\/02\/Check.svg\" alt=\"\" width=\"18\" height=\"15\" \/><strong>Poikkeuksellinen suojaus graniitille.<\/strong>\u00a0Graniittinen vedenpit\u00e4v\u00e4 aine on erityisesti suunniteltu suojaamaan graniittipintoja optimaalisesti kosteudelta, veden tunkeutumiselta ja tahroilta. T\u00e4m\u00e4 tuote luo n\u00e4kym\u00e4tt\u00f6m\u00e4n esteen, joka est\u00e4\u00e4 veden tunkeutumisen ja antaa materiaalin hengitt\u00e4\u00e4, jolloin sen ulkon\u00e4k\u00f6 ja rakenne s\u00e4ilyv\u00e4t. Se soveltuu erityisesti ulkopinnoille, kuten ajoteille, terasseille, portaille tai graniittisille ty\u00f6tasoille.<\/p>\n<p><img decoding=\"async\" style=\"margin-right: 12px;\" src=\"https:\/\/www.ferberpainting.com\/wp-content\/uploads\/2026\/02\/Check.svg\" alt=\"\" width=\"18\" height=\"15\" \/><strong>Rahat takaisin -takuu.<\/strong>\u00a0Luotamme graniitin vedeneristeemme tehokkuuteen. Jos et ole t\u00e4ysin tyytyv\u00e4inen tuloksiin, tarjoamme tyytyv\u00e4isyystakuun tai t\u00e4yden hyvityksen. Jos tuote ei siis vastaa odotuksiasi, voit pyyt\u00e4\u00e4 hyvityst\u00e4, jolloin voit ostaa t\u00e4ysin rauhallisin mielin.<\/p>\n<p><img decoding=\"async\" style=\"margin-right: 12px;\" src=\"https:\/\/www.ferberpainting.com\/wp-content\/uploads\/2026\/02\/Check.svg\" alt=\"\" width=\"18\" height=\"15\" \/><strong>Monik\u00e4ytt\u00f6inen graniittimateriaaleille.<\/strong>\u00a0T\u00e4m\u00e4 tuote on suunniteltu erityisesti graniitille, mutta sit\u00e4 voidaan k\u00e4ytt\u00e4\u00e4 my\u00f6s vastaaville kivipinnoille, kuten marmorille tai kvartsille. Se on ihanteellinen suojaamaan monenlaisia luonnonkivimateriaaleja, erityisesti niit\u00e4, joita k\u00e4ytet\u00e4\u00e4n ulkotilojen maisemoinnissa tai sis\u00e4tilojen viimeistelyss\u00e4, kuten keitti\u00f6iss\u00e4 ja kylpyhuoneissa. Vedenestoaine suojaa rasva-, \u00f6ljy- ja vesitahroilta ja s\u00e4ilytt\u00e4\u00e4 graniitin luonnollisen ulkon\u00e4\u00f6n muuttamatta sen v\u00e4ri\u00e4.<\/p>\n<p><img decoding=\"async\" style=\"margin-right: 12px;\" src=\"https:\/\/www.ferberpainting.com\/wp-content\/uploads\/2026\/02\/Check.svg\" alt=\"\" width=\"18\" height=\"15\" \/><strong>Taloudellinen suorituskyky.<\/strong>\u00a0Graniitin vedeneriste tarjoaa erinomaisen tuoton. Yhdell\u00e4 litralla tuotetta voit peitt\u00e4\u00e4 noin 8-10 m\u00b2 pintaa materiaalin huokoisuudesta riippuen. Viiden litran s\u00e4ili\u00f6ll\u00e4 voidaan k\u00e4sitell\u00e4 jopa 50 m\u00b2, mik\u00e4 tarjoaa taloudellisen ratkaisun suurten alueiden suojaamiseen yhdell\u00e4 k\u00e4ytt\u00f6kerralla.<\/p>\n<p><img decoding=\"async\" style=\"margin-right: 12px;\" src=\"https:\/\/www.ferberpainting.com\/wp-content\/uploads\/2026\/02\/Check.svg\" alt=\"\" width=\"18\" height=\"15\" \/><strong>Turvallinen.<\/strong>\u00a0Turvalliseksi suunniteltu vedenpit\u00e4j\u00e4 ei sis\u00e4ll\u00e4 myrkyllisi\u00e4 tai haitallisia aineita. Sit\u00e4 voidaan k\u00e4ytt\u00e4\u00e4 turvallisesti jopa herkiss\u00e4 ymp\u00e4rist\u00f6iss\u00e4, kuten keitti\u00f6iss\u00e4 tai ulkotiloissa. Se ei my\u00f6sk\u00e4\u00e4n tuota voimakkaita h\u00f6yryj\u00e4 eik\u00e4 aiheuta terveysriskej\u00e4, kun sit\u00e4 k\u00e4ytet\u00e4\u00e4n ohjeiden mukaisesti.<\/p>\n<p><img decoding=\"async\" style=\"margin-right: 12px;\" src=\"https:\/\/www.ferberpainting.com\/wp-content\/uploads\/2026\/02\/Check.svg\" alt=\"\" width=\"18\" height=\"15\" \/><strong>Helppo k\u00e4ytt\u00e4\u00e4.<\/strong>\u00a0T\u00e4m\u00e4 tuote on eritt\u00e4in helppok\u00e4ytt\u00f6inen. Se on k\u00e4ytt\u00f6valmis, eik\u00e4 sit\u00e4 tarvitse laimentaa, mik\u00e4 s\u00e4\u00e4st\u00e4\u00e4 huomattavasti aikaa. Se voidaan levitt\u00e4\u00e4 ruiskulla, siveltimell\u00e4 tai telalla. Sen nestem\u00e4inen koostumus mahdollistaa tasaisen levityksen my\u00f6s ep\u00e4s\u00e4\u00e4nn\u00f6llisille pinnoille, mik\u00e4 takaa optimaalisen peitt\u00e4vyyden j\u00e4tt\u00e4m\u00e4tt\u00e4 j\u00e4lki\u00e4.<\/p>\n<p><img decoding=\"async\" style=\"margin-right: 12px;\" src=\"https:\/\/www.ferberpainting.com\/wp-content\/uploads\/2026\/02\/Check.svg\" alt=\"\" width=\"18\" height=\"15\" \/><strong>Kest\u00e4v\u00e4.<\/strong>\u00a0Graniitin vedeneriste on rakennettu kest\u00e4m\u00e4\u00e4n. Kun se on levitetty, se muodostaa suojakerroksen, joka kest\u00e4\u00e4 s\u00e4\u00e4olosuhteita, UV-s\u00e4teily\u00e4 ja yleisi\u00e4 kemiallisia aineita. Se suojaa pintoja useita vuosia, mik\u00e4 v\u00e4hent\u00e4\u00e4 tarvetta uudelleenk\u00e4sittelyyn usein. Sen kest\u00e4vyys auttaa s\u00e4ilytt\u00e4m\u00e4\u00e4n graniitin luonnollisen ulkon\u00e4\u00f6n ja minimoi samalla pitk\u00e4n aikav\u00e4lin yll\u00e4pitokustannukset.<\/p>\n<p><img decoding=\"async\" style=\"margin-right: 12px;\" src=\"https:\/\/www.ferberpainting.com\/wp-content\/uploads\/2026\/02\/Check.svg\" alt=\"\" width=\"18\" height=\"15\" \/><strong>Nopea kuivuminen.<\/strong>\u00a0T\u00e4m\u00e4 tuote ei ole vain tehokas, vaan se my\u00f6s kuivuu nopeasti. Ilmasto-olosuhteista riippuen se kuivuu noin 1-2 tunnissa. Optimaalisen suojan ja t\u00e4ydellisen tunkeutumisen varmistamiseksi graniittiin suosittelemme kuitenkin odottamaan noin 24 tuntia, ennen kuin pinta altistetaan kosteudelle tai vedelle. Nopea kuivuminen mahdollistaa tehokkaan levityksen h\u00e4iritsem\u00e4tt\u00e4 k\u00e4siteltyjen pintojen normaalia k\u00e4ytt\u00f6\u00e4.<\/p>\n<h2><strong>K\u00e4ytt\u00f6protokolla<\/strong><\/h2>\n<ul>\n<li><strong>Pinnan valmistelu <\/strong>: Varmista ennen graniitin vedeneristeen levitt\u00e4mist\u00e4, ett\u00e4 pinta on puhdas ja kuiva. Puhdista pinnat miedolla pesuaineella ja pehme\u00e4ll\u00e4 harjalla tai liinalla. Poista kaikki lika, p\u00f6ly, sammal tai home. Sitkeisiin tahroihin voidaan k\u00e4ytt\u00e4\u00e4 graniittikohtaista puhdistusainetta. Kun pinta on puhdistettu, anna sen kuivua kokonaan ennen vedenpit\u00e4v\u00e4n aineen levitt\u00e4mist\u00e4.<\/li>\n<li><strong>Tuotesovellus <\/strong>: Vedeneriste on k\u00e4ytt\u00f6valmis eik\u00e4 vaadi laimentamista. Levit\u00e4 ruiskulla, siveltimell\u00e4 tai telalla pinnan koosta riippuen. Tasaisen levityksen varmistamiseksi levit\u00e4 kevyit\u00e4 kerroksia ja varmista t\u00e4ydellinen peitt\u00e4vyys. Keskity erityisesti saumoihin ja reunoihin, jotka ovat usein alttiimpia veden tunkeutumiselle. Levit\u00e4 tuote tasaisesti, jotta v\u00e4ltet\u00e4\u00e4n kertyminen ja varmistetaan puhdas pintak\u00e4sittely.<\/li>\n<li><strong>K\u00e4ytett\u00e4v\u00e4 m\u00e4\u00e4r\u00e4 <\/strong>: Vedeneristeen saanto riippuu graniitin huokoisuudesta. Keskim\u00e4\u00e4rin 1 litra tuotetta kattaa 8-10 m\u00b2. Viiden litran s\u00e4ili\u00f6 riitt\u00e4\u00e4 pinnan kunnosta riippuen 40-50 m\u00b2:n k\u00e4sittelyyn. Jos levitet\u00e4\u00e4n toinen kerros, tuotteen kulutus on hieman suurempi.<\/li>\n<li><strong>Kuivumisaika <\/strong>: Levitt\u00e4misen j\u00e4lkeen tuote kuivuu kosketeltavan tuntuiseksi noin 1 - 2 tunnissa. Optimaalisen suojan ja tunkeutumisen varmistamiseksi on kuitenkin suositeltavaa odottaa 24 tuntia ennen kuin pinta altistetaan vedelle tai korkealle kosteudelle. T\u00e4m\u00e4 aika auttaa my\u00f6s maksimoimaan suojan pitk\u00e4ik\u00e4isyyden.<\/li>\n<li><strong>Uudelleenhakemus <\/strong>: Riippuen s\u00e4\u00e4olosuhteista ja luonnollisesta kulumisesta, graniitin vedenpit\u00e4v\u00e4\u00e4 ainetta voidaan joutua levitt\u00e4m\u00e4\u00e4n uudelleen 2-5 vuoden v\u00e4lein. Puhdista pinta uudelleen ja levit\u00e4 uusi kerros vedenpit\u00e4v\u00e4\u00e4 ainetta. Uudelleen levitys takaa jatkuvan suojan kosteutta, tahroja ja likaa vastaan.<\/li>\n<li><strong>K\u00e4sitellyn pinnan yll\u00e4pito <\/strong>: Kun k\u00e4sittely on tehty, graniitista tulee kest\u00e4v\u00e4mp\u00e4\u00e4 tahroja ja vett\u00e4 vastaan. Rutiinipuhdistuksessa pyyhi pinta pehme\u00e4ll\u00e4, hankaamattomalla liinalla tai sienell\u00e4. V\u00e4lt\u00e4 voimakkaita kemikaaleja, jotka voivat vahingoittaa suojakerrosta. Yksinkertainen huuhtelu haalealla vedell\u00e4 riitt\u00e4\u00e4 s\u00e4ilytt\u00e4m\u00e4\u00e4n k\u00e4sitellyn graniitin ulkon\u00e4\u00f6n ja eheyden.<\/li>\n<\/ul>","protected":false},"excerpt":{"rendered":"<p>Exceptional protection for granite.\u00a0The granite waterproofer is specially formulated to provide optimal protection against moisture, water infiltration, and stains on granite surfaces. This product creates an invisible barrier that prevents water from penetrating while allowing the material to breathe, thereby preserving its appearance and structure. It is particularly suitable for outdoor surfaces such as driveways, [&hellip;]<\/p>\n","protected":false},"featured_media":36308,"comment_status":"open","ping_status":"closed","template":"","meta":{"_uag_custom_page_level_css":"","site-sidebar-layout":"default","site-content-layout":"","ast-site-content-layout":"default","site-content-style":"default","site-sidebar-style":"default","ast-global-header-display":"","ast-banner-title-visibility":"","ast-main-header-display":"","ast-hfb-above-header-display":"","ast-hfb-below-header-display":"","ast-hfb-mobile-header-display":"","site-post-title":"","ast-breadcrumbs-content":"","ast-featured-img":"","footer-sml-layout":"","ast-disable-related-posts":"","theme-transparent-header-meta":"default","adv-header-id-meta":"","stick-header-meta":"","header-above-stick-meta":"","header-main-stick-meta":"","header-below-stick-meta":"","astra-migrate-meta-layouts":"set","ast-page-background-enabled":"default","ast-page-background-meta":{"desktop":{"background-color":"var(--ast-global-color-4)","background-image":"","background-repeat":"repeat","background-position":"center center","background-size":"auto","background-attachment":"scroll","background-type":"","background-media":"","overlay-type":"","overlay-color":"","overlay-opacity":"","overlay-gradient":""},"tablet":{"background-color":"","background-image":"","background-repeat":"repeat","background-position":"center center","background-size":"auto","background-attachment":"scroll","background-type":"","background-media":"","overlay-type":"","overlay-color":"","overlay-opacity":"","overlay-gradient":""},"mobile":{"background-color":"","background-image":"","background-repeat":"repeat","background-position":"center center","background-size":"auto","background-attachment":"scroll","background-type":"","background-media":"","overlay-type":"","overlay-color":"","overlay-opacity":"","overlay-gradient":""}},"ast-content-background-meta":{"desktop":{"background-color":"var(--ast-global-color-5)","background-image":"","background-repeat":"repeat","background-position":"center center","background-size":"auto","background-attachment":"scroll","background-type":"","background-media":"","overlay-type":"","overlay-color":"","overlay-opacity":"","overlay-gradient":""},"tablet":{"background-color":"var(--ast-global-color-5)","background-image":"","background-repeat":"repeat","background-position":"center center","background-size":"auto","background-attachment":"scroll","background-type":"","background-media":"","overlay-type":"","overlay-color":"","overlay-opacity":"","overlay-gradient":""},"mobile":{"background-color":"var(--ast-global-color-5)","background-image":"","background-repeat":"repeat","background-position":"center center","background-size":"auto","background-attachment":"scroll","background-type":"","background-media":"","overlay-type":"","overlay-color":"","overlay-opacity":"","overlay-gradient":""}}},"product_brand":[],"product_cat":[191],"product_tag":[],"class_list":{"0":"post-23501","1":"product","2":"type-product","3":"status-publish","4":"has-post-thumbnail","6":"product_cat-water-repellent","7":"desktop-align-left","8":"tablet-align-left","9":"mobile-align-left","11":"first","12":"instock","13":"sale","14":"taxable","15":"shipping-taxable","16":"purchasable","17":"product-type-variable","18":"has-default-attributes"},"spectra_custom_meta":{"_visibility":["visible"],"_shopify_product_id":["9106657444085"],"_s2w_shopify_domain":["ferberpainting.myshopify.com"],"_shopify_variant_id":["46626410561781"],"_sku":[""],"_manage_stock":["no"],"total_sales":["57"],"_tax_status":["taxable"],"_tax_class":[""],"_backorders":["no"],"_sold_individually":["no"],"_virtual":["no"],"_downloadable":["no"],"_download_limit":["-1"],"_download_expiry":["-1"],"_stock":[null],"_stock_status":["instock"],"_wc_average_rating":["5.00"],"_wc_review_count":["36"],"_product_attributes":["a:1:{s:6:\"volume\";a:6:{s:4:\"name\";s:6:\"Volume\";s:5:\"value\";s:20:\"5 liters | 25 liters\";s:8:\"position\";i:1;s:10:\"is_visible\";i:0;s:12:\"is_variation\";i:1;s:11:\"is_taxonomy\";i:0;}}"],"_product_version":["10.5.1"],"wpse_downloadable_file_names":[""],"wpse_downloadable_file_urls":[""],"_edit_last":["1"],"_default_attributes":["a:1:{s:6:\"volume\";s:8:\"5 liters\";}"],"_edit_lock":["1771167149:1"],"_price":["29.90","129.90"],"merchant-center-availability":["yes"],"merchant-center-category":["503744"],"_thumbnail_id":["36308"],"_wp_page_template":["default"],"_wp_old_date":["2025-05-26"],"_product_image_gallery":["36309"],"site-sidebar-layout":["default"],"ast-site-content-layout":["default"],"site-content-style":["default"],"site-sidebar-style":["default"],"theme-transparent-header-meta":["default"],"_wc_rating_count":["a:1:{i:5;i:36;}"],"astra-migrate-meta-layouts":["set"],"_uag_css_file_name":["uag-css-23501.css"],"_elementor_page_assets":["a:0:{}"],"_uag_page_assets":["a:9:{s:3:\"css\";s:6873:\".wp-block-uagb-image{display:flex}.wp-block-uagb-image__figure{position:relative;display:flex;flex-direction:column;max-width:100%;height:auto;margin:0}.wp-block-uagb-image__figure img{height:auto;display:flex;max-width:100%;transition:box-shadow .2s ease}.wp-block-uagb-image__figure>a{display:inline-block}.wp-block-uagb-image__figure figcaption{text-align:center;margin-top:.5em;margin-bottom:1em}.wp-block-uagb-image .components-placeholder.block-editor-media-placeholder .components-placeholder__instructions{align-self:center}.wp-block-uagb-image--align-left{text-align:left}.wp-block-uagb-image--align-right{text-align:right}.wp-block-uagb-image--align-center{text-align:center}.wp-block-uagb-image--align-full .wp-block-uagb-image__figure{margin-left:calc(50% - 50vw);margin-right:calc(50% - 50vw);max-width:100vw;width:100vw;height:auto}.wp-block-uagb-image--align-full .wp-block-uagb-image__figure img{height:auto;width:100% !important}.wp-block-uagb-image--align-wide .wp-block-uagb-image__figure img{height:auto;width:100%}.wp-block-uagb-image--layout-overlay__color-wrapper{position:absolute;left:0;top:0;right:0;bottom:0;opacity:.2;background:rgba(0,0,0,.5);transition:opacity .35s ease-in-out}.wp-block-uagb-image--layout-overlay-link{position:absolute;left:0;right:0;bottom:0;top:0}.wp-block-uagb-image--layout-overlay .wp-block-uagb-image__figure:hover .wp-block-uagb-image--layout-overlay__color-wrapper{opacity:1}.wp-block-uagb-image--layout-overlay__inner{position:absolute;left:15px;right:15px;bottom:15px;top:15px;display:flex;align-items:center;justify-content:center;flex-direction:column;border-color:#fff;transition:.35s ease-in-out}.wp-block-uagb-image--layout-overlay__inner.top-left,.wp-block-uagb-image--layout-overlay__inner.top-center,.wp-block-uagb-image--layout-overlay__inner.top-right{justify-content:flex-start}.wp-block-uagb-image--layout-overlay__inner.bottom-left,.wp-block-uagb-image--layout-overlay__inner.bottom-center,.wp-block-uagb-image--layout-overlay__inner.bottom-right{justify-content:flex-end}.wp-block-uagb-image--layout-overlay__inner.top-left,.wp-block-uagb-image--layout-overlay__inner.center-left,.wp-block-uagb-image--layout-overlay__inner.bottom-left{align-items:flex-start}.wp-block-uagb-image--layout-overlay__inner.top-right,.wp-block-uagb-image--layout-overlay__inner.center-right,.wp-block-uagb-image--layout-overlay__inner.bottom-right{align-items:flex-end}.wp-block-uagb-image--layout-overlay__inner .uagb-image-heading{color:#fff;transition:transform .35s,opacity .35s ease-in-out;transform:translate3d(0, 24px, 0);margin:0;line-height:1em}.wp-block-uagb-image--layout-overlay__inner .uagb-image-separator{width:30%;border-top-width:2px;border-top-color:#fff;border-top-style:solid;margin-bottom:10px;opacity:0;transition:transform .4s,opacity .4s ease-in-out;transform:translate3d(0, 30px, 0)}.wp-block-uagb-image--layout-overlay__inner .uagb-image-caption{opacity:0;overflow:visible;color:#fff;transition:transform .45s,opacity .45s ease-in-out;transform:translate3d(0, 35px, 0)}.wp-block-uagb-image--layout-overlay__inner:hover .uagb-image-heading,.wp-block-uagb-image--layout-overlay__inner:hover .uagb-image-separator,.wp-block-uagb-image--layout-overlay__inner:hover .uagb-image-caption{opacity:1;transform:translate3d(0, 0, 0)}.wp-block-uagb-image--effect-zoomin .wp-block-uagb-image__figure img,.wp-block-uagb-image--effect-zoomin .wp-block-uagb-image__figure .wp-block-uagb-image--layout-overlay__color-wrapper{transform:scale(1);transition:transform .35s ease-in-out}.wp-block-uagb-image--effect-zoomin .wp-block-uagb-image__figure:hover img,.wp-block-uagb-image--effect-zoomin .wp-block-uagb-image__figure:hover .wp-block-uagb-image--layout-overlay__color-wrapper{transform:scale(1.05)}.wp-block-uagb-image--effect-slide .wp-block-uagb-image__figure img,.wp-block-uagb-image--effect-slide .wp-block-uagb-image__figure .wp-block-uagb-image--layout-overlay__color-wrapper{width:calc(100% + 40px) !important;max-width:none !important;transform:translate3d(-40px, 0, 0);transition:transform .35s ease-in-out}.wp-block-uagb-image--effect-slide .wp-block-uagb-image__figure:hover img,.wp-block-uagb-image--effect-slide .wp-block-uagb-image__figure:hover .wp-block-uagb-image--layout-overlay__color-wrapper{transform:translate3d(0, 0, 0)}.wp-block-uagb-image--effect-grayscale img{filter:grayscale(0%);transition:.35s ease-in-out}.wp-block-uagb-image--effect-grayscale:hover img{filter:grayscale(100%)}.wp-block-uagb-image--effect-blur img{filter:blur(0);transition:.35s ease-in-out}.wp-block-uagb-image--effect-blur:hover img{filter:blur(3px)}.uagb-block-e6f939b3.wp-block-uagb-image--layout-default figure img{box-shadow: 0px 0px 0 #00000070;}.uagb-block-e6f939b3.wp-block-uagb-image .wp-block-uagb-image__figure figcaption{font-style: normal;align-self: center;}.uagb-block-e6f939b3.wp-block-uagb-image--layout-overlay figure img{box-shadow: 0px 0px 0 #00000070;}.uagb-block-e6f939b3.wp-block-uagb-image--layout-overlay .wp-block-uagb-image--layout-overlay__color-wrapper{opacity: 0.2;}.uagb-block-e6f939b3.wp-block-uagb-image--layout-overlay .wp-block-uagb-image--layout-overlay__inner{left: 15px;right: 15px;top: 15px;bottom: 15px;}.uagb-block-e6f939b3.wp-block-uagb-image--layout-overlay .wp-block-uagb-image--layout-overlay__inner .uagb-image-heading{font-style: normal;color: #fff;opacity: 1;}.uagb-block-e6f939b3.wp-block-uagb-image--layout-overlay .wp-block-uagb-image--layout-overlay__inner .uagb-image-heading a{color: #fff;}.uagb-block-e6f939b3.wp-block-uagb-image--layout-overlay .wp-block-uagb-image--layout-overlay__inner .uagb-image-caption{opacity: 0;}.uagb-block-e6f939b3.wp-block-uagb-image--layout-overlay .wp-block-uagb-image__figure:hover .wp-block-uagb-image--layout-overlay__color-wrapper{opacity: 1;}.uagb-block-e6f939b3.wp-block-uagb-image .wp-block-uagb-image--layout-overlay__inner .uagb-image-separator{width: 30%;border-top-width: 2px;border-top-color: #fff;opacity: 0;}.uagb-block-e6f939b3.wp-block-uagb-image .wp-block-uagb-image__figure img{width: px;height: auto;}.uagb-block-e6f939b3.wp-block-uagb-image .wp-block-uagb-image__figure:hover .wp-block-uagb-image--layout-overlay__inner .uagb-image-caption{opacity: 1;}.uagb-block-e6f939b3.wp-block-uagb-image .wp-block-uagb-image__figure:hover .wp-block-uagb-image--layout-overlay__inner .uagb-image-separator{opacity: 1;}.uagb-block-e6f939b3.wp-block-uagb-image--layout-default figure:hover img{box-shadow: 0px 0px 0 #00000070;}.uagb-block-e6f939b3.wp-block-uagb-image--layout-overlay figure:hover img{box-shadow: 0px 0px 0 #00000070;}@media only screen and (max-width: 976px) {.uagb-block-e6f939b3.wp-block-uagb-image .wp-block-uagb-image__figure img{width: px;height: auto;}}@media only screen and (max-width: 767px) {.uagb-block-e6f939b3.wp-block-uagb-image .wp-block-uagb-image__figure img{width: px;height: auto;}}\";s:2:\"js\";s:0:\"\";s:18:\"current_block_list\";a:13:{i:0;s:11:\"core\/search\";i:1;s:10:\"core\/group\";i:2;s:12:\"core\/heading\";i:3;s:17:\"core\/latest-posts\";i:4;s:20:\"core\/latest-comments\";i:5;s:13:\"core\/archives\";i:6;s:15:\"core\/categories\";i:7;s:14:\"core\/paragraph\";i:8;s:10:\"uagb\/image\";i:9;s:11:\"core\/spacer\";i:10;s:30:\"woocommerce\/product-categories\";i:11;s:10:\"core\/image\";i:12;s:14:\"core\/shortcode\";}s:8:\"uag_flag\";b:1;s:11:\"uag_version\";s:10:\"1777262723\";s:6:\"gfonts\";a:0:{}s:10:\"gfonts_url\";s:0:\"\";s:12:\"gfonts_files\";a:0:{}s:14:\"uag_faq_layout\";b:0;}"]},"uagb_featured_image_src":{"full":["https:\/\/www.ferberpainting.com\/wp-content\/uploads\/2025\/05\/Granite-Water-Repellent-5L.png",2560,2560,false],"thumbnail":["https:\/\/www.ferberpainting.com\/wp-content\/uploads\/2025\/05\/Granite-Water-Repellent-5L-150x150.png",150,150,true],"medium":["https:\/\/www.ferberpainting.com\/wp-content\/uploads\/2025\/05\/Granite-Water-Repellent-5L-300x300.png",300,300,true],"medium_large":["https:\/\/www.ferberpainting.com\/wp-content\/uploads\/2025\/05\/Granite-Water-Repellent-5L-768x768.png",768,768,true],"large":["https:\/\/www.ferberpainting.com\/wp-content\/uploads\/2025\/05\/Granite-Water-Repellent-5L-1024x1024.png",1024,1024,true],"1536x1536":["https:\/\/www.ferberpainting.com\/wp-content\/uploads\/2025\/05\/Granite-Water-Repellent-5L-1536x1536.png",1536,1536,true],"2048x2048":["https:\/\/www.ferberpainting.com\/wp-content\/uploads\/2025\/05\/Granite-Water-Repellent-5L-2048x2048.png",2048,2048,true],"trp-custom-language-flag":["https:\/\/www.ferberpainting.com\/wp-content\/uploads\/2025\/05\/Granite-Water-Repellent-5L-12x12.png",12,12,true],"woocommerce_thumbnail":["https:\/\/www.ferberpainting.com\/wp-content\/uploads\/2025\/05\/Granite-Water-Repellent-5L-300x300.png",300,300,true],"woocommerce_single":["https:\/\/www.ferberpainting.com\/wp-content\/uploads\/2025\/05\/Granite-Water-Repellent-5L-600x600.png",600,600,true],"woocommerce_gallery_thumbnail":["https:\/\/www.ferberpainting.com\/wp-content\/uploads\/2025\/05\/Granite-Water-Repellent-5L-100x100.png",100,100,true]},"uagb_author_info":{"display_name":"admin","author_link":"https:\/\/www.ferberpainting.com\/fi\/author\/"},"uagb_comment_info":36,"uagb_excerpt":"Exceptional protection for granite.\u00a0The granite waterproofer is specially formulated to provide optimal protection against moisture, water infiltration, and stains on granite surfaces. This product creates an invisible barrier that prevents water from penetrating while allowing the material to breathe, thereby preserving its appearance and structure. It is particularly suitable for outdoor surfaces such as driveways,&hellip;","_links":{"self":[{"href":"https:\/\/www.ferberpainting.com\/fi\/wp-json\/wp\/v2\/product\/23501","targetHints":{"allow":["GET"]}}],"collection":[{"href":"https:\/\/www.ferberpainting.com\/fi\/wp-json\/wp\/v2\/product"}],"about":[{"href":"https:\/\/www.ferberpainting.com\/fi\/wp-json\/wp\/v2\/types\/product"}],"replies":[{"embeddable":true,"href":"https:\/\/www.ferberpainting.com\/fi\/wp-json\/wp\/v2\/comments?post=23501"}],"version-history":[{"count":5,"href":"https:\/\/www.ferberpainting.com\/fi\/wp-json\/wp\/v2\/product\/23501\/revisions"}],"predecessor-version":[{"id":166245,"href":"https:\/\/www.ferberpainting.com\/fi\/wp-json\/wp\/v2\/product\/23501\/revisions\/166245"}],"wp:featuredmedia":[{"embeddable":true,"href":"https:\/\/www.ferberpainting.com\/fi\/wp-json\/wp\/v2\/media\/36308"}],"wp:attachment":[{"href":"https:\/\/www.ferberpainting.com\/fi\/wp-json\/wp\/v2\/media?parent=23501"}],"wp:term":[{"taxonomy":"product_brand","embeddable":true,"href":"https:\/\/www.ferberpainting.com\/fi\/wp-json\/wp\/v2\/product_brand?post=23501"},{"taxonomy":"product_cat","embeddable":true,"href":"https:\/\/www.ferberpainting.com\/fi\/wp-json\/wp\/v2\/product_cat?post=23501"},{"taxonomy":"product_tag","embeddable":true,"href":"https:\/\/www.ferberpainting.com\/fi\/wp-json\/wp\/v2\/product_tag?post=23501"}],"curies":[{"name":"wp","href":"https:\/\/api.w.org\/{rel}","templated":true}]}}