{"id":23487,"date":"2025-07-01T13:17:36","date_gmt":"2025-07-01T11:17:36","guid":{"rendered":"https:\/\/www.ferberpainting.com\/?post_type=product&#038;p=23484"},"modified":"2026-02-15T14:20:42","modified_gmt":"2026-02-15T13:20:42","slug":"glass-water-repellent","status":"publish","type":"product","link":"https:\/\/www.ferberpainting.com\/fi\/products\/glass-water-repellent\/","title":{"rendered":"Vett\u00e4 hylkiv\u00e4 lasille"},"content":{"rendered":"<p><img decoding=\"async\" style=\"margin-right: 12px;\" src=\"https:\/\/www.ferberpainting.com\/wp-content\/uploads\/2026\/02\/Check.svg\" alt=\"\" width=\"18\" height=\"15\" \/><strong>Suojaus ja optimaalinen tehokkuus.<\/strong>\u00a0T\u00e4m\u00e4 lasin vett\u00e4hylkiv\u00e4 aine on erityisesti suunniteltu antamaan pitk\u00e4aikainen suoja vett\u00e4, sadetta, lunta ja likaa vastaan. Sen innovatiivinen koostumus luo lasille n\u00e4kym\u00e4tt\u00f6m\u00e4n esteen, joka est\u00e4\u00e4 vesipisaroita tarttumasta ja edist\u00e4\u00e4 nopeaa valumista. V\u00e4hent\u00e4m\u00e4ll\u00e4 j\u00e4\u00e4mien kertymist\u00e4 se parantaa n\u00e4kyvyytt\u00e4 kaikissa olosuhteissa ja tekee lasipinnoista helpommin huollettavia. Ihanteellinen auton ikkunoille, tuulilasille, ikkunoille, terassioville ja jopa lasinsuojille.<\/p>\n<p><img decoding=\"async\" style=\"margin-right: 12px;\" src=\"https:\/\/www.ferberpainting.com\/wp-content\/uploads\/2026\/02\/Check.svg\" alt=\"\" width=\"18\" height=\"15\" \/><strong>Rahat takaisin -takuu.<\/strong>\u00a0Luotamme t\u00e4ysin vett\u00e4hylkiv\u00e4n aineemme tehokkuuteen. Jos et k\u00e4yt\u00f6n j\u00e4lkeen ole t\u00e4ysin tyytyv\u00e4inen tuloksiin, voit saada t\u00e4yden hyvityksen. Kokeile tuotteitamme mielenrauhassa ja hy\u00f6dy optimaalisesta suojasta kaikille lasipinnoillesi.<\/p>\n<p><img decoding=\"async\" style=\"margin-right: 12px;\" src=\"https:\/\/www.ferberpainting.com\/wp-content\/uploads\/2026\/02\/Check.svg\" alt=\"\" width=\"18\" height=\"15\" \/><strong>Poikkeuksellinen monipuolisuus.<\/strong>\u00a0T\u00e4m\u00e4 hylkiv\u00e4 aine ei rajoitu tavalliseen lasiin! Se tehoaa my\u00f6s muihin l\u00e4pin\u00e4kyviin materiaaleihin, kuten seuraaviin <strong>pleksilasi<\/strong>, polykarbonaatti ja k\u00e4sitellyt lasipinnat. Sit\u00e4 voidaan k\u00e4ytt\u00e4\u00e4 suihkuseinien, veneiden ikkunoiden, kattoikkunoiden, peilien ja jopa kaupallisten myym\u00e4l\u00f6iden julkisivujen suojaamiseen. Sen koostumus mahdollistaa k\u00e4yt\u00f6n monenlaisilla pinnoilla varmistaen v\u00e4litt\u00f6m\u00e4n ja kest\u00e4v\u00e4n helmi\u00e4isvaikutuksen.<\/p>\n<p><img decoding=\"async\" style=\"margin-right: 12px;\" src=\"https:\/\/www.ferberpainting.com\/wp-content\/uploads\/2026\/02\/Check.svg\" alt=\"\" width=\"18\" height=\"15\" \/><strong>Kustannustehokas suorituskyky.<\/strong>\u00a0Tiivistetyn koostumuksen ja helpon levityksen ansiosta pieni m\u00e4\u00e4r\u00e4 tuotetta riitt\u00e4\u00e4 kattamaan suuren alueen. Yhdell\u00e4 litralla voidaan k\u00e4sitell\u00e4 jopa 60 m\u00b2:n lasipinta-ala, mik\u00e4 tarjoaa erinomaista vastinetta. Viiden litran formaatin ansiosta t\u00e4m\u00e4 hylkiv\u00e4 aine antaa pitk\u00e4aikaisen suojan lukuisille pinnoille ilman toistuvaa uudelleenk\u00e4sittely\u00e4, mik\u00e4 alentaa yll\u00e4pitokustannuksia ja optimoi k\u00e4yt\u00f6n.<\/p>\n<p><img decoding=\"async\" style=\"margin-right: 12px;\" src=\"https:\/\/www.ferberpainting.com\/wp-content\/uploads\/2026\/02\/Check.svg\" alt=\"\" width=\"18\" height=\"15\" \/><strong>Turvallinen k\u00e4ytt\u00e4\u00e4.<\/strong>\u00a0Toisin kuin perinteiset karkotteet, jotka sis\u00e4lt\u00e4v\u00e4t voimakkaita liuottimia, jotka voivat vahingoittaa tiettyj\u00e4 lasityyppej\u00e4 tai aiheuttaa \u00e4rsytyst\u00e4, t\u00e4m\u00e4 tuote on kehitetty minimoimaan riskit k\u00e4yt\u00f6n aikana. Se ei tuota myrkyllisi\u00e4 h\u00f6yryj\u00e4, ei j\u00e4t\u00e4 rasvaista kalvoa k\u00e4sitellyille pinnoille ja on turvallinen kaikissa ymp\u00e4rist\u00f6iss\u00e4, sis\u00e4ll\u00e4 ja ulkona.<\/p>\n<p><img decoding=\"async\" style=\"margin-right: 12px;\" src=\"https:\/\/www.ferberpainting.com\/wp-content\/uploads\/2026\/02\/Check.svg\" alt=\"\" width=\"18\" height=\"15\" \/><strong>Helppok\u00e4ytt\u00f6isyys.<\/strong>\u00a0T\u00e4m\u00e4 tuote on k\u00e4ytt\u00f6valmis eik\u00e4 vaadi laimentamista tai monimutkaista k\u00e4sittely\u00e4. Se levitet\u00e4\u00e4n suoraan puhtaalle, kuivalle lasille pehme\u00e4ll\u00e4 liinalla tai mikrokuituliinalla. Se muodostaa vain muutamassa sekunnissa suojakerroksen, joka takaa v\u00e4litt\u00f6m\u00e4n hylkiv\u00e4n vaikutuksen. Sen k\u00e4ytt\u00f6 on yksinkertaista ja helppok\u00e4ytt\u00f6ist\u00e4 kaikille, yksityisist\u00e4 k\u00e4ytt\u00e4jist\u00e4 ammattilaisiin, jotka haluavat optimoida lasinhoidon.<\/p>\n<p><img decoding=\"async\" style=\"margin-right: 12px;\" src=\"https:\/\/www.ferberpainting.com\/wp-content\/uploads\/2026\/02\/Check.svg\" alt=\"\" width=\"18\" height=\"15\" \/><strong>Laajennettu kest\u00e4vyys.<\/strong>\u00a0Pitk\u00e4kestoisen koostumuksensa ansiosta t\u00e4m\u00e4 lasin hylkiv\u00e4 tuote suojaa tehokkaasti useita viikkoja tai jopa kuukausia, riippuen altistumisesta s\u00e4\u00e4olosuhteille. Se v\u00e4hent\u00e4\u00e4 puhdistustiheytt\u00e4 est\u00e4m\u00e4ll\u00e4 p\u00f6lyn, kalkin ja rasvaj\u00e4\u00e4mien tarttumisen. S\u00e4ilytt\u00e4m\u00e4ll\u00e4 lasin kirkkauden se pident\u00e4\u00e4 sen kiiltoa ja puhtautta ja v\u00e4hent\u00e4\u00e4 samalla huoltot\u00f6it\u00e4.<\/p>\n<p><img decoding=\"async\" style=\"margin-right: 12px;\" src=\"https:\/\/www.ferberpainting.com\/wp-content\/uploads\/2026\/02\/Check.svg\" alt=\"\" width=\"18\" height=\"15\" \/><strong>Nopea toiminta.<\/strong>\u00a0Sen teho on v\u00e4lit\u00f6n heti levityksen j\u00e4lkeen. Tuote muodostaa muutamassa sekunnissa hydrofobisen esteen, joka est\u00e4\u00e4 veden ja lian tarttumisen lasipintoihin. Hylkiv\u00e4n vaikutuksen aktivoitumista ei tarvitse odottaa pitki\u00e4 tunteja - se on v\u00e4lit\u00f6nt\u00e4 ja n\u00e4kyv\u00e4\u00e4 heti ensimm\u00e4isest\u00e4 levityksest\u00e4 l\u00e4htien.<\/p>\n<h2><strong>K\u00e4ytt\u00f6protokolla<\/strong><\/h2>\n<ul>\n<li><strong>Valmistelu <\/strong>: Varmista, ett\u00e4 lasi on puhdas, kuiva ja ett\u00e4 siin\u00e4 ei ole p\u00f6ly\u00e4 tai j\u00e4\u00e4mi\u00e4. Optimaalisen tuloksen saavuttamiseksi on suositeltavaa pyyhki\u00e4 pinta pehme\u00e4ll\u00e4 liinalla ja sopivalla puhdistusaineella ennen hylkiv\u00e4n aineen levitt\u00e4mist\u00e4.<\/li>\n<li><strong>Tuotteen k\u00e4ytt\u00f6 <\/strong>: Kaada pieni m\u00e4\u00e4r\u00e4 karkotetta mikrokuituliinaan tai puhtaaseen applikaattoriin. Levit\u00e4 tuote tasaisesti pinnalle py\u00f6rivin liikkein tasaisen peitt\u00e4vyyden varmistamiseksi.<\/li>\n<li><strong>Toiminta-aika <\/strong>: Anna vaikuttaa muutaman sekunnin ajan, jotta suojakalvo muodostuu. Tuote alkaa v\u00e4litt\u00f6m\u00e4sti hylki\u00e4 vett\u00e4 ja muodostaa hydrofobisen pinnan.<\/li>\n<li><strong>Pyyhkiminen ja viimeistely <\/strong>: K\u00e4yt\u00e4 puhdasta, kuivaa liinaa lasin kiillottamiseen ja poista ylim\u00e4\u00e4r\u00e4inen kiillotus. T\u00e4m\u00e4 vaihe lis\u00e4\u00e4 kiiltoa ja v\u00e4ltt\u00e4\u00e4 n\u00e4kyvi\u00e4 raitoja.<\/li>\n<li><strong>Suuren pinnan k\u00e4ytt\u00f6 <\/strong>: Suurissa ikkunoissa, verannoilla tai tuulilasissa ty\u00f6skentele osissa, jotta varmistetaan tasainen levitys ja v\u00e4ltet\u00e4\u00e4n tuotteen kertyminen.<\/li>\n<li><strong>Uudelleenhakemus <\/strong>: Levit\u00e4 uusi kerros, kun hylkiv\u00e4 vaikutus alkaa hiipua. Tyypillisesti yksi k\u00e4ytt\u00f6 kest\u00e4\u00e4 4-8 viikkoa riippuen s\u00e4\u00e4lle altistumisesta ja puhdistustiheydest\u00e4.<\/li>\n<li><strong>Varastointi <\/strong>: S\u00e4ilyt\u00e4 kanisteri viile\u00e4ss\u00e4 ja kuivassa paikassa, suojattuna l\u00e4mm\u00f6lt\u00e4 ja suoralta auringonvalolta. Sulje aina tiiviisti k\u00e4yt\u00f6n j\u00e4lkeen haihtumisen v\u00e4ltt\u00e4miseksi ja tuotteen pitk\u00e4aikaisen tehon varmistamiseksi.<\/li>\n<\/ul>\n<p>Lasin vett\u00e4hylkiv\u00e4ll\u00e4 aineellamme varmistat t\u00e4ydellisen n\u00e4kyvyyden, kest\u00e4v\u00e4n suojan s\u00e4\u00e4lt\u00e4 ja helpomman huollon kaikille lasipinnoillesi. Ihanteellinen ratkaisu kristallinkirkkaaseen, suojattuun lasiin kaikissa olosuhteissa.<\/p>","protected":false},"excerpt":{"rendered":"<p>Protection and Optimal Efficiency.\u00a0This glass water repellent is specially formulated to provide long-lasting protection against water, rain, snow, and dirt. Its innovative formula creates an invisible barrier on glass, preventing water droplets from sticking and promoting quick runoff. By reducing residue build-up, it improves visibility in all conditions and makes glass surfaces easier to maintain. [&hellip;]<\/p>\n","protected":false},"featured_media":36359,"comment_status":"open","ping_status":"closed","template":"","meta":{"_uag_custom_page_level_css":"","site-sidebar-layout":"default","site-content-layout":"","ast-site-content-layout":"default","site-content-style":"default","site-sidebar-style":"default","ast-global-header-display":"","ast-banner-title-visibility":"","ast-main-header-display":"","ast-hfb-above-header-display":"","ast-hfb-below-header-display":"","ast-hfb-mobile-header-display":"","site-post-title":"","ast-breadcrumbs-content":"","ast-featured-img":"","footer-sml-layout":"","ast-disable-related-posts":"","theme-transparent-header-meta":"default","adv-header-id-meta":"","stick-header-meta":"","header-above-stick-meta":"","header-main-stick-meta":"","header-below-stick-meta":"","astra-migrate-meta-layouts":"set","ast-page-background-enabled":"default","ast-page-background-meta":{"desktop":{"background-color":"var(--ast-global-color-4)","background-image":"","background-repeat":"repeat","background-position":"center center","background-size":"auto","background-attachment":"scroll","background-type":"","background-media":"","overlay-type":"","overlay-color":"","overlay-opacity":"","overlay-gradient":""},"tablet":{"background-color":"","background-image":"","background-repeat":"repeat","background-position":"center center","background-size":"auto","background-attachment":"scroll","background-type":"","background-media":"","overlay-type":"","overlay-color":"","overlay-opacity":"","overlay-gradient":""},"mobile":{"background-color":"","background-image":"","background-repeat":"repeat","background-position":"center center","background-size":"auto","background-attachment":"scroll","background-type":"","background-media":"","overlay-type":"","overlay-color":"","overlay-opacity":"","overlay-gradient":""}},"ast-content-background-meta":{"desktop":{"background-color":"var(--ast-global-color-5)","background-image":"","background-repeat":"repeat","background-position":"center center","background-size":"auto","background-attachment":"scroll","background-type":"","background-media":"","overlay-type":"","overlay-color":"","overlay-opacity":"","overlay-gradient":""},"tablet":{"background-color":"var(--ast-global-color-5)","background-image":"","background-repeat":"repeat","background-position":"center center","background-size":"auto","background-attachment":"scroll","background-type":"","background-media":"","overlay-type":"","overlay-color":"","overlay-opacity":"","overlay-gradient":""},"mobile":{"background-color":"var(--ast-global-color-5)","background-image":"","background-repeat":"repeat","background-position":"center center","background-size":"auto","background-attachment":"scroll","background-type":"","background-media":"","overlay-type":"","overlay-color":"","overlay-opacity":"","overlay-gradient":""}}},"product_brand":[],"product_cat":[191],"product_tag":[],"class_list":{"0":"post-23487","1":"product","2":"type-product","3":"status-publish","4":"has-post-thumbnail","6":"product_cat-water-repellent","7":"desktop-align-left","8":"tablet-align-left","9":"mobile-align-left","11":"first","12":"instock","13":"sale","14":"shipping-taxable","15":"purchasable","16":"product-type-variable","17":"has-default-attributes"},"spectra_custom_meta":{"_visibility":["visible"],"_shopify_product_id":["9106542395637"],"_s2w_shopify_domain":["ferberpainting.myshopify.com"],"_shopify_variant_id":["46626250817781"],"_sku":[""],"_manage_stock":["no"],"total_sales":["120"],"_tax_status":["taxable"],"_tax_class":[""],"_backorders":["no"],"_sold_individually":["no"],"_virtual":["no"],"_downloadable":["no"],"_download_limit":["-1"],"_download_expiry":["-1"],"_stock":[null],"_stock_status":["instock"],"_wc_average_rating":["5.00"],"_wc_review_count":["10"],"_product_attributes":["a:1:{s:6:\"volume\";a:6:{s:4:\"name\";s:6:\"Volume\";s:5:\"value\";s:20:\"5 liters | 25 liters\";s:8:\"position\";i:1;s:10:\"is_visible\";i:0;s:12:\"is_variation\";i:1;s:11:\"is_taxonomy\";i:0;}}"],"_product_version":["10.5.1"],"wpse_downloadable_file_names":[""],"wpse_downloadable_file_urls":[""],"_edit_last":["1"],"_default_attributes":["a:1:{s:6:\"volume\";s:8:\"5 liters\";}"],"_edit_lock":["1771161501:1"],"_price":["29.90","129.90"],"merchant-center-availability":["yes"],"merchant-center-category":["503738"],"_thumbnail_id":["36359"],"_wp_page_template":["default"],"_wp_old_date":["2025-05-26"],"_product_image_gallery":["36360"],"site-sidebar-layout":["default"],"ast-site-content-layout":["default"],"site-content-style":["default"],"site-sidebar-style":["default"],"theme-transparent-header-meta":["default"],"_wc_rating_count":["a:1:{i:5;i:10;}"],"astra-migrate-meta-layouts":["set"],"_uag_css_file_name":["uag-css-23487.css"],"_elementor_page_assets":["a:0:{}"],"_uag_page_assets":["a:9:{s:3:\"css\";s:6873:\".wp-block-uagb-image{display:flex}.wp-block-uagb-image__figure{position:relative;display:flex;flex-direction:column;max-width:100%;height:auto;margin:0}.wp-block-uagb-image__figure img{height:auto;display:flex;max-width:100%;transition:box-shadow .2s ease}.wp-block-uagb-image__figure>a{display:inline-block}.wp-block-uagb-image__figure figcaption{text-align:center;margin-top:.5em;margin-bottom:1em}.wp-block-uagb-image .components-placeholder.block-editor-media-placeholder .components-placeholder__instructions{align-self:center}.wp-block-uagb-image--align-left{text-align:left}.wp-block-uagb-image--align-right{text-align:right}.wp-block-uagb-image--align-center{text-align:center}.wp-block-uagb-image--align-full .wp-block-uagb-image__figure{margin-left:calc(50% - 50vw);margin-right:calc(50% - 50vw);max-width:100vw;width:100vw;height:auto}.wp-block-uagb-image--align-full .wp-block-uagb-image__figure img{height:auto;width:100% !important}.wp-block-uagb-image--align-wide .wp-block-uagb-image__figure img{height:auto;width:100%}.wp-block-uagb-image--layout-overlay__color-wrapper{position:absolute;left:0;top:0;right:0;bottom:0;opacity:.2;background:rgba(0,0,0,.5);transition:opacity .35s ease-in-out}.wp-block-uagb-image--layout-overlay-link{position:absolute;left:0;right:0;bottom:0;top:0}.wp-block-uagb-image--layout-overlay .wp-block-uagb-image__figure:hover .wp-block-uagb-image--layout-overlay__color-wrapper{opacity:1}.wp-block-uagb-image--layout-overlay__inner{position:absolute;left:15px;right:15px;bottom:15px;top:15px;display:flex;align-items:center;justify-content:center;flex-direction:column;border-color:#fff;transition:.35s ease-in-out}.wp-block-uagb-image--layout-overlay__inner.top-left,.wp-block-uagb-image--layout-overlay__inner.top-center,.wp-block-uagb-image--layout-overlay__inner.top-right{justify-content:flex-start}.wp-block-uagb-image--layout-overlay__inner.bottom-left,.wp-block-uagb-image--layout-overlay__inner.bottom-center,.wp-block-uagb-image--layout-overlay__inner.bottom-right{justify-content:flex-end}.wp-block-uagb-image--layout-overlay__inner.top-left,.wp-block-uagb-image--layout-overlay__inner.center-left,.wp-block-uagb-image--layout-overlay__inner.bottom-left{align-items:flex-start}.wp-block-uagb-image--layout-overlay__inner.top-right,.wp-block-uagb-image--layout-overlay__inner.center-right,.wp-block-uagb-image--layout-overlay__inner.bottom-right{align-items:flex-end}.wp-block-uagb-image--layout-overlay__inner .uagb-image-heading{color:#fff;transition:transform .35s,opacity .35s ease-in-out;transform:translate3d(0, 24px, 0);margin:0;line-height:1em}.wp-block-uagb-image--layout-overlay__inner .uagb-image-separator{width:30%;border-top-width:2px;border-top-color:#fff;border-top-style:solid;margin-bottom:10px;opacity:0;transition:transform .4s,opacity .4s ease-in-out;transform:translate3d(0, 30px, 0)}.wp-block-uagb-image--layout-overlay__inner .uagb-image-caption{opacity:0;overflow:visible;color:#fff;transition:transform .45s,opacity .45s ease-in-out;transform:translate3d(0, 35px, 0)}.wp-block-uagb-image--layout-overlay__inner:hover .uagb-image-heading,.wp-block-uagb-image--layout-overlay__inner:hover .uagb-image-separator,.wp-block-uagb-image--layout-overlay__inner:hover .uagb-image-caption{opacity:1;transform:translate3d(0, 0, 0)}.wp-block-uagb-image--effect-zoomin .wp-block-uagb-image__figure img,.wp-block-uagb-image--effect-zoomin .wp-block-uagb-image__figure .wp-block-uagb-image--layout-overlay__color-wrapper{transform:scale(1);transition:transform .35s ease-in-out}.wp-block-uagb-image--effect-zoomin .wp-block-uagb-image__figure:hover img,.wp-block-uagb-image--effect-zoomin .wp-block-uagb-image__figure:hover .wp-block-uagb-image--layout-overlay__color-wrapper{transform:scale(1.05)}.wp-block-uagb-image--effect-slide .wp-block-uagb-image__figure img,.wp-block-uagb-image--effect-slide .wp-block-uagb-image__figure .wp-block-uagb-image--layout-overlay__color-wrapper{width:calc(100% + 40px) !important;max-width:none !important;transform:translate3d(-40px, 0, 0);transition:transform .35s ease-in-out}.wp-block-uagb-image--effect-slide .wp-block-uagb-image__figure:hover img,.wp-block-uagb-image--effect-slide .wp-block-uagb-image__figure:hover .wp-block-uagb-image--layout-overlay__color-wrapper{transform:translate3d(0, 0, 0)}.wp-block-uagb-image--effect-grayscale img{filter:grayscale(0%);transition:.35s ease-in-out}.wp-block-uagb-image--effect-grayscale:hover img{filter:grayscale(100%)}.wp-block-uagb-image--effect-blur img{filter:blur(0);transition:.35s ease-in-out}.wp-block-uagb-image--effect-blur:hover img{filter:blur(3px)}.uagb-block-e6f939b3.wp-block-uagb-image--layout-default figure img{box-shadow: 0px 0px 0 #00000070;}.uagb-block-e6f939b3.wp-block-uagb-image .wp-block-uagb-image__figure figcaption{font-style: normal;align-self: center;}.uagb-block-e6f939b3.wp-block-uagb-image--layout-overlay figure img{box-shadow: 0px 0px 0 #00000070;}.uagb-block-e6f939b3.wp-block-uagb-image--layout-overlay .wp-block-uagb-image--layout-overlay__color-wrapper{opacity: 0.2;}.uagb-block-e6f939b3.wp-block-uagb-image--layout-overlay .wp-block-uagb-image--layout-overlay__inner{left: 15px;right: 15px;top: 15px;bottom: 15px;}.uagb-block-e6f939b3.wp-block-uagb-image--layout-overlay .wp-block-uagb-image--layout-overlay__inner .uagb-image-heading{font-style: normal;color: #fff;opacity: 1;}.uagb-block-e6f939b3.wp-block-uagb-image--layout-overlay .wp-block-uagb-image--layout-overlay__inner .uagb-image-heading a{color: #fff;}.uagb-block-e6f939b3.wp-block-uagb-image--layout-overlay .wp-block-uagb-image--layout-overlay__inner .uagb-image-caption{opacity: 0;}.uagb-block-e6f939b3.wp-block-uagb-image--layout-overlay .wp-block-uagb-image__figure:hover .wp-block-uagb-image--layout-overlay__color-wrapper{opacity: 1;}.uagb-block-e6f939b3.wp-block-uagb-image .wp-block-uagb-image--layout-overlay__inner .uagb-image-separator{width: 30%;border-top-width: 2px;border-top-color: #fff;opacity: 0;}.uagb-block-e6f939b3.wp-block-uagb-image .wp-block-uagb-image__figure img{width: px;height: auto;}.uagb-block-e6f939b3.wp-block-uagb-image .wp-block-uagb-image__figure:hover .wp-block-uagb-image--layout-overlay__inner .uagb-image-caption{opacity: 1;}.uagb-block-e6f939b3.wp-block-uagb-image .wp-block-uagb-image__figure:hover .wp-block-uagb-image--layout-overlay__inner .uagb-image-separator{opacity: 1;}.uagb-block-e6f939b3.wp-block-uagb-image--layout-default figure:hover img{box-shadow: 0px 0px 0 #00000070;}.uagb-block-e6f939b3.wp-block-uagb-image--layout-overlay figure:hover img{box-shadow: 0px 0px 0 #00000070;}@media only screen and (max-width: 976px) {.uagb-block-e6f939b3.wp-block-uagb-image .wp-block-uagb-image__figure img{width: px;height: auto;}}@media only screen and (max-width: 767px) {.uagb-block-e6f939b3.wp-block-uagb-image .wp-block-uagb-image__figure img{width: px;height: auto;}}\";s:2:\"js\";s:0:\"\";s:18:\"current_block_list\";a:13:{i:0;s:11:\"core\/search\";i:1;s:10:\"core\/group\";i:2;s:12:\"core\/heading\";i:3;s:17:\"core\/latest-posts\";i:4;s:20:\"core\/latest-comments\";i:5;s:13:\"core\/archives\";i:6;s:15:\"core\/categories\";i:7;s:14:\"core\/paragraph\";i:8;s:10:\"uagb\/image\";i:9;s:11:\"core\/spacer\";i:10;s:30:\"woocommerce\/product-categories\";i:11;s:10:\"core\/image\";i:12;s:14:\"core\/shortcode\";}s:8:\"uag_flag\";b:1;s:11:\"uag_version\";s:10:\"1777100775\";s:6:\"gfonts\";a:0:{}s:10:\"gfonts_url\";s:0:\"\";s:12:\"gfonts_files\";a:0:{}s:14:\"uag_faq_layout\";b:0;}"]},"uagb_featured_image_src":{"full":["https:\/\/www.ferberpainting.com\/wp-content\/uploads\/2025\/05\/Glass-Water-Repellent-5L.png",2560,2560,false],"thumbnail":["https:\/\/www.ferberpainting.com\/wp-content\/uploads\/2025\/05\/Glass-Water-Repellent-5L-150x150.png",150,150,true],"medium":["https:\/\/www.ferberpainting.com\/wp-content\/uploads\/2025\/05\/Glass-Water-Repellent-5L-300x300.png",300,300,true],"medium_large":["https:\/\/www.ferberpainting.com\/wp-content\/uploads\/2025\/05\/Glass-Water-Repellent-5L-768x768.png",768,768,true],"large":["https:\/\/www.ferberpainting.com\/wp-content\/uploads\/2025\/05\/Glass-Water-Repellent-5L-1024x1024.png",1024,1024,true],"1536x1536":["https:\/\/www.ferberpainting.com\/wp-content\/uploads\/2025\/05\/Glass-Water-Repellent-5L-1536x1536.png",1536,1536,true],"2048x2048":["https:\/\/www.ferberpainting.com\/wp-content\/uploads\/2025\/05\/Glass-Water-Repellent-5L-2048x2048.png",2048,2048,true],"trp-custom-language-flag":["https:\/\/www.ferberpainting.com\/wp-content\/uploads\/2025\/05\/Glass-Water-Repellent-5L-12x12.png",12,12,true],"woocommerce_thumbnail":["https:\/\/www.ferberpainting.com\/wp-content\/uploads\/2025\/05\/Glass-Water-Repellent-5L-300x300.png",300,300,true],"woocommerce_single":["https:\/\/www.ferberpainting.com\/wp-content\/uploads\/2025\/05\/Glass-Water-Repellent-5L-600x600.png",600,600,true],"woocommerce_gallery_thumbnail":["https:\/\/www.ferberpainting.com\/wp-content\/uploads\/2025\/05\/Glass-Water-Repellent-5L-100x100.png",100,100,true]},"uagb_author_info":{"display_name":"admin","author_link":"https:\/\/www.ferberpainting.com\/fi\/author\/"},"uagb_comment_info":10,"uagb_excerpt":"Protection and Optimal Efficiency.\u00a0This glass water repellent is specially formulated to provide long-lasting protection against water, rain, snow, and dirt. Its innovative formula creates an invisible barrier on glass, preventing water droplets from sticking and promoting quick runoff. By reducing residue build-up, it improves visibility in all conditions and makes glass surfaces easier to maintain.&hellip;","_links":{"self":[{"href":"https:\/\/www.ferberpainting.com\/fi\/wp-json\/wp\/v2\/product\/23487","targetHints":{"allow":["GET"]}}],"collection":[{"href":"https:\/\/www.ferberpainting.com\/fi\/wp-json\/wp\/v2\/product"}],"about":[{"href":"https:\/\/www.ferberpainting.com\/fi\/wp-json\/wp\/v2\/types\/product"}],"replies":[{"embeddable":true,"href":"https:\/\/www.ferberpainting.com\/fi\/wp-json\/wp\/v2\/comments?post=23487"}],"version-history":[{"count":4,"href":"https:\/\/www.ferberpainting.com\/fi\/wp-json\/wp\/v2\/product\/23487\/revisions"}],"predecessor-version":[{"id":166175,"href":"https:\/\/www.ferberpainting.com\/fi\/wp-json\/wp\/v2\/product\/23487\/revisions\/166175"}],"wp:featuredmedia":[{"embeddable":true,"href":"https:\/\/www.ferberpainting.com\/fi\/wp-json\/wp\/v2\/media\/36359"}],"wp:attachment":[{"href":"https:\/\/www.ferberpainting.com\/fi\/wp-json\/wp\/v2\/media?parent=23487"}],"wp:term":[{"taxonomy":"product_brand","embeddable":true,"href":"https:\/\/www.ferberpainting.com\/fi\/wp-json\/wp\/v2\/product_brand?post=23487"},{"taxonomy":"product_cat","embeddable":true,"href":"https:\/\/www.ferberpainting.com\/fi\/wp-json\/wp\/v2\/product_cat?post=23487"},{"taxonomy":"product_tag","embeddable":true,"href":"https:\/\/www.ferberpainting.com\/fi\/wp-json\/wp\/v2\/product_tag?post=23487"}],"curies":[{"name":"wp","href":"https:\/\/api.w.org\/{rel}","templated":true}]}}