{"id":23484,"date":"2025-07-01T13:14:04","date_gmt":"2025-07-01T11:14:04","guid":{"rendered":"https:\/\/www.ferberpainting.com\/?post_type=product&#038;p=23484"},"modified":"2026-02-15T14:20:09","modified_gmt":"2026-02-15T13:20:09","slug":"glass-and-mirror-cleaner","status":"publish","type":"product","link":"https:\/\/www.ferberpainting.com\/fi\/products\/glass-and-mirror-cleaner\/","title":{"rendered":"Lkkuna- ja peilipuhdistusaine"},"content":{"rendered":"<p><img decoding=\"async\" style=\"margin-right: 12px;\" src=\"https:\/\/www.ferberpainting.com\/wp-content\/uploads\/2026\/02\/Check.svg\" alt=\"\" width=\"18\" height=\"15\" \/><strong>Optimaalinen tehokkuus.<\/strong>\u00a0T\u00e4m\u00e4 lasi- ja peilipesuaine on suunniteltu erityisesti poistamaan tehokkaasti sormenj\u00e4ljet, p\u00f6lyn, vesij\u00e4ljet ja rasvan, jotka h\u00e4m\u00e4rt\u00e4v\u00e4t lasipintoja. Tehokkaan koostumuksensa ansiosta se puhdistaa syv\u00e4sti ilman raitoja tai j\u00e4\u00e4mi\u00e4 ja takaa t\u00e4ydellisen l\u00e4pin\u00e4kyvyyden ja loistavan kiillon. Se on ihanteellinen p\u00e4ivitt\u00e4iseen k\u00e4ytt\u00f6\u00f6n ja tuottaa virheett\u00f6m\u00e4n lopputuloksen hetkess\u00e4.<\/p>\n<p><img decoding=\"async\" style=\"margin-right: 12px;\" src=\"https:\/\/www.ferberpainting.com\/wp-content\/uploads\/2026\/02\/Check.svg\" alt=\"\" width=\"18\" height=\"15\" \/><strong>Rahat takaisin -takuu.<\/strong>\u00a0Luotamme t\u00e4ysin puhdistusaineemme tehokkuuteen. Jos et k\u00e4yt\u00f6n j\u00e4lkeen ole t\u00e4ysin tyytyv\u00e4inen tuloksiin, voit saada t\u00e4yden hyvityksen. Kokeile tuotteitamme riskitt\u00f6m\u00e4sti ja nauti vaivattomasti tahrattomista ikkunoista ja peileist\u00e4.<\/p>\n<p><img decoding=\"async\" style=\"margin-right: 12px;\" src=\"https:\/\/www.ferberpainting.com\/wp-content\/uploads\/2026\/02\/Check.svg\" alt=\"\" width=\"18\" height=\"15\" \/><strong>Poikkeuksellinen monipuolisuus.<\/strong>\u00a0T\u00e4m\u00e4 puhdistusaine ei rajoitu vain ikkunoihin ja peileihin! Se tehoaa my\u00f6s lasipintoihin, tuulilaseihin, vitriineihin, suihkuseiniin, lasiseiniin ja jopa keraamisiin keittotasoihin. Se toimii monenlaisille materiaaleille, kuten karkaistulle lasille, pleksilasille, lakatuille pinnoille ja kiillotetulle ruostumattomalle ter\u00e4kselle. Monipuolisuutensa ansiosta se sopii erinomaisesti koti-, liike- tai ammattik\u00e4ytt\u00f6\u00f6n toimistoissa, hotelleissa, ravintoloissa ja v\u00e4hitt\u00e4iskaupassa.<\/p>\n<p><img decoding=\"async\" style=\"margin-right: 12px;\" src=\"https:\/\/www.ferberpainting.com\/wp-content\/uploads\/2026\/02\/Check.svg\" alt=\"\" width=\"18\" height=\"15\" \/><strong>Kustannustehokas suorituskyky.<\/strong>\u00a05 litran kanisterin ja korkean pitoisuuden ansiosta t\u00e4m\u00e4 puhdistin tarjoaa erinomaista arvoa. Pieni m\u00e4\u00e4r\u00e4 riitt\u00e4\u00e4 suuren pinnan k\u00e4sittelyyn, joten se on taloudellinen ja tehokas. Keskim\u00e4\u00e4rin yhdell\u00e4 litralla tuotetta voidaan puhdistaa jopa 100 m\u00b2 lasia tai peilej\u00e4, mik\u00e4 v\u00e4hent\u00e4\u00e4 tuotteen kulutusta ja optimoi pitk\u00e4aikaisk\u00e4yt\u00f6n.<\/p>\n<p><img decoding=\"async\" style=\"margin-right: 12px;\" src=\"https:\/\/www.ferberpainting.com\/wp-content\/uploads\/2026\/02\/Check.svg\" alt=\"\" width=\"18\" height=\"15\" \/><strong>Turvallinen k\u00e4ytt\u00e4\u00e4.<\/strong>\u00a0Toisin kuin ammoniakkia tai voimakkaita liuottimia sis\u00e4lt\u00e4v\u00e4t puhdistusaineet, jotka voivat aiheuttaa \u00e4rsytyst\u00e4 ja vahingoittaa herkki\u00e4 pintoja, t\u00e4m\u00e4 tuote on valmistettu ilman haitallisia aineita. Se ei tuota \u00e4rsytt\u00e4vi\u00e4 h\u00f6yryj\u00e4, ei aiheuta iho\u00e4rsytyst\u00e4 ja on turvallinen k\u00e4sitellyille pinnoille, vaikka se on eritt\u00e4in tehokas. Sit\u00e4 voidaan k\u00e4ytt\u00e4\u00e4 turvallisesti suljetuissa tiloissa ilman riski\u00e4 k\u00e4ytt\u00e4jille tai ymp\u00e4rist\u00f6lle, kun sit\u00e4 k\u00e4ytet\u00e4\u00e4n ohjeiden mukaisesti.<\/p>\n<p><img decoding=\"async\" style=\"margin-right: 12px;\" src=\"https:\/\/www.ferberpainting.com\/wp-content\/uploads\/2026\/02\/Check.svg\" alt=\"\" width=\"18\" height=\"15\" \/><strong>Helppok\u00e4ytt\u00f6isyys.<\/strong>\u00a0T\u00e4m\u00e4 tuote on k\u00e4ytt\u00f6valmis eik\u00e4 vaadi laimentamista tai monimutkaista k\u00e4sittely\u00e4. Se levitet\u00e4\u00e4n suoraan pinnalle mikrokuituliinalla, vatupassilla tai imukykyisell\u00e4 paperilla. Sen nopea vaikutus poistaa lian muutamassa sekunnissa ilman huuhtelua tai voimakasta hankausta. Se ei j\u00e4t\u00e4 rasvaista kalvoa ja takaa raidattoman lopputuloksen ensimm\u00e4isell\u00e4 pyyhk\u00e4isyll\u00e4.<\/p>\n<p><img decoding=\"async\" style=\"margin-right: 12px;\" src=\"https:\/\/www.ferberpainting.com\/wp-content\/uploads\/2026\/02\/Check.svg\" alt=\"\" width=\"18\" height=\"15\" \/><strong>Laajennettu kest\u00e4vyys.<\/strong>\u00a0Poistamalla tehokkaasti p\u00f6lyn, rasvan ja j\u00e4\u00e4m\u00e4t t\u00e4m\u00e4 puhdistusaine auttaa s\u00e4ilytt\u00e4m\u00e4\u00e4n lasipintojen kirkkauden ja puhtauden ajan my\u00f6t\u00e4. Se est\u00e4\u00e4 l\u00e4pin\u00e4kyvyytt\u00e4 heikent\u00e4vi\u00e4 kertymi\u00e4 ja helpottaa s\u00e4\u00e4nn\u00f6llist\u00e4 huoltoa. Tihe\u00e4 puhdistus t\u00e4ll\u00e4 tuotteella takaa pitk\u00e4kestoisen kiillon ilman intensiivist\u00e4 huoltoa.<\/p>\n<p><img decoding=\"async\" style=\"margin-right: 12px;\" src=\"https:\/\/www.ferberpainting.com\/wp-content\/uploads\/2026\/02\/Check.svg\" alt=\"\" width=\"18\" height=\"15\" \/><strong>Nopea toiminta.<\/strong>\u00a0Eritt\u00e4in aktiivisen koostumuksensa ansiosta t\u00e4m\u00e4 puhdistusaine vaikuttaa v\u00e4litt\u00f6m\u00e4sti tahroihin ja tahroihin liuottaen lian nopeasti sekunneissa. Se tuottaa nopeita ja tehokkaita tuloksia, jotka sopivat t\u00e4ydellisesti p\u00e4ivitt\u00e4iseen k\u00e4ytt\u00f6\u00f6n sek\u00e4 koti- ett\u00e4 ammattik\u00e4ytt\u00f6\u00f6n. Se kuivuu nopeasti ilman raitoja ja takaa kirkkaan ja loistavan lopputuloksen hetkess\u00e4.<\/p>\n<h2><strong>K\u00e4ytt\u00f6protokolla<\/strong><\/h2>\n<ul>\n<li><strong>Valmistelu <\/strong>:  Varmista, ett\u00e4 lasi- tai peilipinta on p\u00f6lytetty ennen tuotteen levitt\u00e4mist\u00e4. Optimaalisen puhdistuksen saat k\u00e4ytt\u00e4m\u00e4ll\u00e4 puhdasta, nukkaamatonta liinaa.<\/li>\n<li><strong>Suora soveltaminen <\/strong>: Suihkuta ohut kerros puhdistusainetta suoraan peili- tai lasipinnalle. K\u00e4yt\u00e4 laajoilla alueilla, kuten n\u00e4yteikkunoissa, leve\u00e4\u00e4 suihkepulloa tasaisen levityksen varmistamiseksi.<\/li>\n<li><strong>Manuaalinen puhdistus <\/strong>: Pyyhi v\u00e4litt\u00f6m\u00e4sti puhtaalla mikrokuituliinalla, imukykyisell\u00e4 paperilla tai pyyhkimell\u00e4 lian poistamiseksi ja t\u00e4ydellisen l\u00e4pin\u00e4kyvyyden saavuttamiseksi. K\u00e4yt\u00e4 py\u00f6rivi\u00e4 liikkeit\u00e4 raitojen v\u00e4ltt\u00e4miseksi ja tasaisen puhdistuksen varmistamiseksi.<\/li>\n<li><strong>Sitkeiden tahrojen k\u00e4sittely <\/strong>: Kalkki- ja rasvatahroihin tai pinttyneeseen likaan levit\u00e4 hieman suurempi m\u00e4\u00e4r\u00e4 tuotetta ja anna sen vaikuttaa muutaman sekunnin ajan ennen kuin pyyhit pehme\u00e4ll\u00e4 sienell\u00e4 tai kostealla liinalla.<\/li>\n<li><strong>Kiillotus ja kiilto <\/strong>: Jos haluat viel\u00e4 kiilt\u00e4v\u00e4mm\u00e4n lopputuloksen, k\u00e4yt\u00e4 puhdistuksen j\u00e4lkeen toista kuivaa liinaa pinnalla ylim\u00e4\u00e4r\u00e4isen tuotteen poistamiseksi ja virheett\u00f6m\u00e4n lopputuloksen varmistamiseksi.<\/li>\n<li><strong>Suurten pintojen puhdistus <\/strong>: Erkkeri-ikkunoissa tai kaupallisissa n\u00e4yt\u00f6iss\u00e4 k\u00e4yt\u00e4 ammattik\u00e4ytt\u00f6\u00f6n tarkoitettua puristinta levitt\u00e4\u00e4ksesi ja poistaaksesi tuotteen yhdell\u00e4 kerralla, mik\u00e4 lyhent\u00e4\u00e4 puhdistusaikaa ja optimoi tulokset.<\/li>\n<li><strong>K\u00e4ytt\u00f6tiheys <\/strong>: Levit\u00e4 kerran tai kahdesti viikossa lasipintojen rutiinipuhdistukseen. Vilkkaasti liikenn\u00f6idyill\u00e4 tai saastumiselle alttiilla alueilla (ravintolat, hotellit, toimistot) suositellaan p\u00e4ivitt\u00e4ist\u00e4 puhdistusta optimaalisen kirkkauden varmistamiseksi.<\/li>\n<li><strong>Varastointi <\/strong>: Sulje kanisteri tiiviisti jokaisen k\u00e4ytt\u00f6kerran j\u00e4lkeen ja s\u00e4ilyt\u00e4 viile\u00e4ss\u00e4, kuivassa paikassa, suojassa valolta ja \u00e4\u00e4rimm\u00e4isilt\u00e4 l\u00e4mp\u00f6tiloilta, jotta tuotteen teho s\u00e4ilyy pitk\u00e4\u00e4n.<\/li>\n<\/ul>\n<p>Lasin ja peilien puhdistusaineemme avulla voit nauttia tehokkaasta ja vaivattomasta huollosta s\u00e4ilytt\u00e4en samalla lasipintojen kirkkauden ja kiillon. Ihanteellinen ratkaisu raidattomiin, j\u00e4\u00e4miin j\u00e4\u00e4m\u00e4tt\u00f6miin tuloksiin ja optimaaliseen visuaaliseen mukavuuteen kaikissa tilanteissa.<\/p>","protected":false},"excerpt":{"rendered":"<p>Optimal Efficiency.\u00a0This glass and mirror cleaner is specially formulated to effectively remove fingerprints, dust, water marks, and grease that cloud glass surfaces. Thanks to its powerful formula, it deeply cleans without streaks or residue, ensuring perfect transparency and a brilliant shine. It is ideal for daily use and delivers flawless results in just moments. Money-back [&hellip;]<\/p>\n","protected":false},"featured_media":36356,"comment_status":"open","ping_status":"closed","template":"","meta":{"_uag_custom_page_level_css":"","site-sidebar-layout":"default","site-content-layout":"","ast-site-content-layout":"default","site-content-style":"default","site-sidebar-style":"default","ast-global-header-display":"","ast-banner-title-visibility":"","ast-main-header-display":"","ast-hfb-above-header-display":"","ast-hfb-below-header-display":"","ast-hfb-mobile-header-display":"","site-post-title":"","ast-breadcrumbs-content":"","ast-featured-img":"","footer-sml-layout":"","ast-disable-related-posts":"","theme-transparent-header-meta":"default","adv-header-id-meta":"","stick-header-meta":"","header-above-stick-meta":"","header-main-stick-meta":"","header-below-stick-meta":"","astra-migrate-meta-layouts":"set","ast-page-background-enabled":"default","ast-page-background-meta":{"desktop":{"background-color":"var(--ast-global-color-4)","background-image":"","background-repeat":"repeat","background-position":"center center","background-size":"auto","background-attachment":"scroll","background-type":"","background-media":"","overlay-type":"","overlay-color":"","overlay-opacity":"","overlay-gradient":""},"tablet":{"background-color":"","background-image":"","background-repeat":"repeat","background-position":"center center","background-size":"auto","background-attachment":"scroll","background-type":"","background-media":"","overlay-type":"","overlay-color":"","overlay-opacity":"","overlay-gradient":""},"mobile":{"background-color":"","background-image":"","background-repeat":"repeat","background-position":"center center","background-size":"auto","background-attachment":"scroll","background-type":"","background-media":"","overlay-type":"","overlay-color":"","overlay-opacity":"","overlay-gradient":""}},"ast-content-background-meta":{"desktop":{"background-color":"var(--ast-global-color-5)","background-image":"","background-repeat":"repeat","background-position":"center center","background-size":"auto","background-attachment":"scroll","background-type":"","background-media":"","overlay-type":"","overlay-color":"","overlay-opacity":"","overlay-gradient":""},"tablet":{"background-color":"var(--ast-global-color-5)","background-image":"","background-repeat":"repeat","background-position":"center center","background-size":"auto","background-attachment":"scroll","background-type":"","background-media":"","overlay-type":"","overlay-color":"","overlay-opacity":"","overlay-gradient":""},"mobile":{"background-color":"var(--ast-global-color-5)","background-image":"","background-repeat":"repeat","background-position":"center center","background-size":"auto","background-attachment":"scroll","background-type":"","background-media":"","overlay-type":"","overlay-color":"","overlay-opacity":"","overlay-gradient":""}}},"product_brand":[],"product_cat":[175],"product_tag":[],"class_list":{"0":"post-23484","1":"product","2":"type-product","3":"status-publish","4":"has-post-thumbnail","6":"product_cat-cleaning-products","7":"desktop-align-left","8":"tablet-align-left","9":"mobile-align-left","11":"first","12":"instock","13":"sale","14":"taxable","15":"shipping-taxable","16":"purchasable","17":"product-type-variable","18":"has-default-attributes"},"spectra_custom_meta":{"_visibility":["visible"],"_shopify_product_id":["9106257084661"],"_s2w_shopify_domain":["ferberpainting.myshopify.com"],"_shopify_variant_id":["46625820082421"],"_sku":[""],"_manage_stock":["no"],"total_sales":["1"],"_tax_status":["taxable"],"_tax_class":[""],"_backorders":["no"],"_sold_individually":["no"],"_virtual":["no"],"_downloadable":["no"],"_download_limit":["-1"],"_download_expiry":["-1"],"_stock":[null],"_stock_status":["instock"],"_wc_average_rating":["5.00"],"_wc_review_count":["23"],"_product_attributes":["a:1:{s:6:\"volume\";a:6:{s:4:\"name\";s:6:\"Volume\";s:5:\"value\";s:20:\"5 liters | 25 liters\";s:8:\"position\";i:1;s:10:\"is_visible\";i:0;s:12:\"is_variation\";i:1;s:11:\"is_taxonomy\";i:0;}}"],"_product_version":["10.5.1"],"wpse_downloadable_file_names":[""],"wpse_downloadable_file_urls":[""],"_edit_last":["1"],"_default_attributes":["a:1:{s:6:\"volume\";s:8:\"5 liters\";}"],"_edit_lock":["1771161469:1"],"_price":["29.90","129.90"],"merchant-center-availability":["yes"],"merchant-center-category":["4976"],"_thumbnail_id":["36356"],"_wp_page_template":["default"],"_wp_old_date":["2025-05-26"],"_product_image_gallery":["36357"],"site-sidebar-layout":["default"],"ast-site-content-layout":["default"],"site-content-style":["default"],"site-sidebar-style":["default"],"theme-transparent-header-meta":["default"],"_wc_rating_count":["a:1:{i:5;i:23;}"],"astra-migrate-meta-layouts":["set"],"_uag_css_file_name":["uag-css-23484.css"],"_elementor_page_assets":["a:0:{}"],"_uag_page_assets":["a:9:{s:3:\"css\";s:7133:\".uag-blocks-common-selector{z-index:var(--z-index-desktop) !important}@media(max-width: 976px){.uag-blocks-common-selector{z-index:var(--z-index-tablet) !important}}@media(max-width: 767px){.uag-blocks-common-selector{z-index:var(--z-index-mobile) !important}}.wp-block-uagb-image{display:flex}.wp-block-uagb-image__figure{position:relative;display:flex;flex-direction:column;max-width:100%;height:auto;margin:0}.wp-block-uagb-image__figure img{height:auto;display:flex;max-width:100%;transition:box-shadow .2s ease}.wp-block-uagb-image__figure>a{display:inline-block}.wp-block-uagb-image__figure figcaption{text-align:center;margin-top:.5em;margin-bottom:1em}.wp-block-uagb-image .components-placeholder.block-editor-media-placeholder .components-placeholder__instructions{align-self:center}.wp-block-uagb-image--align-left{text-align:left}.wp-block-uagb-image--align-right{text-align:right}.wp-block-uagb-image--align-center{text-align:center}.wp-block-uagb-image--align-full .wp-block-uagb-image__figure{margin-left:calc(50% - 50vw);margin-right:calc(50% - 50vw);max-width:100vw;width:100vw;height:auto}.wp-block-uagb-image--align-full .wp-block-uagb-image__figure img{height:auto;width:100% !important}.wp-block-uagb-image--align-wide .wp-block-uagb-image__figure img{height:auto;width:100%}.wp-block-uagb-image--layout-overlay__color-wrapper{position:absolute;left:0;top:0;right:0;bottom:0;opacity:.2;background:rgba(0,0,0,.5);transition:opacity .35s ease-in-out}.wp-block-uagb-image--layout-overlay-link{position:absolute;left:0;right:0;bottom:0;top:0}.wp-block-uagb-image--layout-overlay .wp-block-uagb-image__figure:hover .wp-block-uagb-image--layout-overlay__color-wrapper{opacity:1}.wp-block-uagb-image--layout-overlay__inner{position:absolute;left:15px;right:15px;bottom:15px;top:15px;display:flex;align-items:center;justify-content:center;flex-direction:column;border-color:#fff;transition:.35s ease-in-out}.wp-block-uagb-image--layout-overlay__inner.top-left,.wp-block-uagb-image--layout-overlay__inner.top-center,.wp-block-uagb-image--layout-overlay__inner.top-right{justify-content:flex-start}.wp-block-uagb-image--layout-overlay__inner.bottom-left,.wp-block-uagb-image--layout-overlay__inner.bottom-center,.wp-block-uagb-image--layout-overlay__inner.bottom-right{justify-content:flex-end}.wp-block-uagb-image--layout-overlay__inner.top-left,.wp-block-uagb-image--layout-overlay__inner.center-left,.wp-block-uagb-image--layout-overlay__inner.bottom-left{align-items:flex-start}.wp-block-uagb-image--layout-overlay__inner.top-right,.wp-block-uagb-image--layout-overlay__inner.center-right,.wp-block-uagb-image--layout-overlay__inner.bottom-right{align-items:flex-end}.wp-block-uagb-image--layout-overlay__inner .uagb-image-heading{color:#fff;transition:transform .35s,opacity .35s ease-in-out;transform:translate3d(0, 24px, 0);margin:0;line-height:1em}.wp-block-uagb-image--layout-overlay__inner .uagb-image-separator{width:30%;border-top-width:2px;border-top-color:#fff;border-top-style:solid;margin-bottom:10px;opacity:0;transition:transform .4s,opacity .4s ease-in-out;transform:translate3d(0, 30px, 0)}.wp-block-uagb-image--layout-overlay__inner .uagb-image-caption{opacity:0;overflow:visible;color:#fff;transition:transform .45s,opacity .45s ease-in-out;transform:translate3d(0, 35px, 0)}.wp-block-uagb-image--layout-overlay__inner:hover .uagb-image-heading,.wp-block-uagb-image--layout-overlay__inner:hover .uagb-image-separator,.wp-block-uagb-image--layout-overlay__inner:hover .uagb-image-caption{opacity:1;transform:translate3d(0, 0, 0)}.wp-block-uagb-image--effect-zoomin .wp-block-uagb-image__figure img,.wp-block-uagb-image--effect-zoomin .wp-block-uagb-image__figure .wp-block-uagb-image--layout-overlay__color-wrapper{transform:scale(1);transition:transform .35s ease-in-out}.wp-block-uagb-image--effect-zoomin .wp-block-uagb-image__figure:hover img,.wp-block-uagb-image--effect-zoomin .wp-block-uagb-image__figure:hover .wp-block-uagb-image--layout-overlay__color-wrapper{transform:scale(1.05)}.wp-block-uagb-image--effect-slide .wp-block-uagb-image__figure img,.wp-block-uagb-image--effect-slide .wp-block-uagb-image__figure .wp-block-uagb-image--layout-overlay__color-wrapper{width:calc(100% + 40px) !important;max-width:none !important;transform:translate3d(-40px, 0, 0);transition:transform .35s ease-in-out}.wp-block-uagb-image--effect-slide .wp-block-uagb-image__figure:hover img,.wp-block-uagb-image--effect-slide .wp-block-uagb-image__figure:hover .wp-block-uagb-image--layout-overlay__color-wrapper{transform:translate3d(0, 0, 0)}.wp-block-uagb-image--effect-grayscale img{filter:grayscale(0%);transition:.35s ease-in-out}.wp-block-uagb-image--effect-grayscale:hover img{filter:grayscale(100%)}.wp-block-uagb-image--effect-blur img{filter:blur(0);transition:.35s ease-in-out}.wp-block-uagb-image--effect-blur:hover img{filter:blur(3px)}.uagb-block-e6f939b3.wp-block-uagb-image--layout-default figure img{box-shadow: 0px 0px 0 #00000070;}.uagb-block-e6f939b3.wp-block-uagb-image .wp-block-uagb-image__figure figcaption{font-style: normal;align-self: center;}.uagb-block-e6f939b3.wp-block-uagb-image--layout-overlay figure img{box-shadow: 0px 0px 0 #00000070;}.uagb-block-e6f939b3.wp-block-uagb-image--layout-overlay .wp-block-uagb-image--layout-overlay__color-wrapper{opacity: 0.2;}.uagb-block-e6f939b3.wp-block-uagb-image--layout-overlay .wp-block-uagb-image--layout-overlay__inner{left: 15px;right: 15px;top: 15px;bottom: 15px;}.uagb-block-e6f939b3.wp-block-uagb-image--layout-overlay .wp-block-uagb-image--layout-overlay__inner .uagb-image-heading{font-style: normal;color: #fff;opacity: 1;}.uagb-block-e6f939b3.wp-block-uagb-image--layout-overlay .wp-block-uagb-image--layout-overlay__inner .uagb-image-heading a{color: #fff;}.uagb-block-e6f939b3.wp-block-uagb-image--layout-overlay .wp-block-uagb-image--layout-overlay__inner .uagb-image-caption{opacity: 0;}.uagb-block-e6f939b3.wp-block-uagb-image--layout-overlay .wp-block-uagb-image__figure:hover .wp-block-uagb-image--layout-overlay__color-wrapper{opacity: 1;}.uagb-block-e6f939b3.wp-block-uagb-image .wp-block-uagb-image--layout-overlay__inner .uagb-image-separator{width: 30%;border-top-width: 2px;border-top-color: #fff;opacity: 0;}.uagb-block-e6f939b3.wp-block-uagb-image .wp-block-uagb-image__figure img{width: px;height: auto;}.uagb-block-e6f939b3.wp-block-uagb-image .wp-block-uagb-image__figure:hover .wp-block-uagb-image--layout-overlay__inner .uagb-image-caption{opacity: 1;}.uagb-block-e6f939b3.wp-block-uagb-image .wp-block-uagb-image__figure:hover .wp-block-uagb-image--layout-overlay__inner .uagb-image-separator{opacity: 1;}.uagb-block-e6f939b3.wp-block-uagb-image--layout-default figure:hover img{box-shadow: 0px 0px 0 #00000070;}.uagb-block-e6f939b3.wp-block-uagb-image--layout-overlay figure:hover img{box-shadow: 0px 0px 0 #00000070;}@media only screen and (max-width: 976px) {.uagb-block-e6f939b3.wp-block-uagb-image .wp-block-uagb-image__figure img{width: px;height: auto;}}@media only screen and (max-width: 767px) {.uagb-block-e6f939b3.wp-block-uagb-image .wp-block-uagb-image__figure img{width: px;height: auto;}}\";s:2:\"js\";s:0:\"\";s:18:\"current_block_list\";a:13:{i:0;s:11:\"core\/search\";i:1;s:10:\"core\/group\";i:2;s:12:\"core\/heading\";i:3;s:17:\"core\/latest-posts\";i:4;s:20:\"core\/latest-comments\";i:5;s:13:\"core\/archives\";i:6;s:15:\"core\/categories\";i:7;s:14:\"core\/paragraph\";i:8;s:10:\"uagb\/image\";i:9;s:11:\"core\/spacer\";i:10;s:30:\"woocommerce\/product-categories\";i:11;s:10:\"core\/image\";i:12;s:14:\"core\/shortcode\";}s:8:\"uag_flag\";b:1;s:11:\"uag_version\";s:10:\"1777229354\";s:6:\"gfonts\";a:0:{}s:10:\"gfonts_url\";s:0:\"\";s:12:\"gfonts_files\";a:0:{}s:14:\"uag_faq_layout\";b:0;}"]},"uagb_featured_image_src":{"full":["https:\/\/www.ferberpainting.com\/wp-content\/uploads\/2025\/05\/Glass-and-Mirror-Cleaner-5L-.png",2560,2560,false],"thumbnail":["https:\/\/www.ferberpainting.com\/wp-content\/uploads\/2025\/05\/Glass-and-Mirror-Cleaner-5L--150x150.png",150,150,true],"medium":["https:\/\/www.ferberpainting.com\/wp-content\/uploads\/2025\/05\/Glass-and-Mirror-Cleaner-5L--300x300.png",300,300,true],"medium_large":["https:\/\/www.ferberpainting.com\/wp-content\/uploads\/2025\/05\/Glass-and-Mirror-Cleaner-5L--768x768.png",768,768,true],"large":["https:\/\/www.ferberpainting.com\/wp-content\/uploads\/2025\/05\/Glass-and-Mirror-Cleaner-5L--1024x1024.png",1024,1024,true],"1536x1536":["https:\/\/www.ferberpainting.com\/wp-content\/uploads\/2025\/05\/Glass-and-Mirror-Cleaner-5L--1536x1536.png",1536,1536,true],"2048x2048":["https:\/\/www.ferberpainting.com\/wp-content\/uploads\/2025\/05\/Glass-and-Mirror-Cleaner-5L--2048x2048.png",2048,2048,true],"trp-custom-language-flag":["https:\/\/www.ferberpainting.com\/wp-content\/uploads\/2025\/05\/Glass-and-Mirror-Cleaner-5L--12x12.png",12,12,true],"woocommerce_thumbnail":["https:\/\/www.ferberpainting.com\/wp-content\/uploads\/2025\/05\/Glass-and-Mirror-Cleaner-5L--300x300.png",300,300,true],"woocommerce_single":["https:\/\/www.ferberpainting.com\/wp-content\/uploads\/2025\/05\/Glass-and-Mirror-Cleaner-5L--600x600.png",600,600,true],"woocommerce_gallery_thumbnail":["https:\/\/www.ferberpainting.com\/wp-content\/uploads\/2025\/05\/Glass-and-Mirror-Cleaner-5L--100x100.png",100,100,true]},"uagb_author_info":{"display_name":"admin","author_link":"https:\/\/www.ferberpainting.com\/fi\/author\/"},"uagb_comment_info":23,"uagb_excerpt":"Optimal Efficiency.\u00a0This glass and mirror cleaner is specially formulated to effectively remove fingerprints, dust, water marks, and grease that cloud glass surfaces. Thanks to its powerful formula, it deeply cleans without streaks or residue, ensuring perfect transparency and a brilliant shine. It is ideal for daily use and delivers flawless results in just moments. Money-back&hellip;","_links":{"self":[{"href":"https:\/\/www.ferberpainting.com\/fi\/wp-json\/wp\/v2\/product\/23484","targetHints":{"allow":["GET"]}}],"collection":[{"href":"https:\/\/www.ferberpainting.com\/fi\/wp-json\/wp\/v2\/product"}],"about":[{"href":"https:\/\/www.ferberpainting.com\/fi\/wp-json\/wp\/v2\/types\/product"}],"replies":[{"embeddable":true,"href":"https:\/\/www.ferberpainting.com\/fi\/wp-json\/wp\/v2\/comments?post=23484"}],"version-history":[{"count":4,"href":"https:\/\/www.ferberpainting.com\/fi\/wp-json\/wp\/v2\/product\/23484\/revisions"}],"predecessor-version":[{"id":166174,"href":"https:\/\/www.ferberpainting.com\/fi\/wp-json\/wp\/v2\/product\/23484\/revisions\/166174"}],"wp:featuredmedia":[{"embeddable":true,"href":"https:\/\/www.ferberpainting.com\/fi\/wp-json\/wp\/v2\/media\/36356"}],"wp:attachment":[{"href":"https:\/\/www.ferberpainting.com\/fi\/wp-json\/wp\/v2\/media?parent=23484"}],"wp:term":[{"taxonomy":"product_brand","embeddable":true,"href":"https:\/\/www.ferberpainting.com\/fi\/wp-json\/wp\/v2\/product_brand?post=23484"},{"taxonomy":"product_cat","embeddable":true,"href":"https:\/\/www.ferberpainting.com\/fi\/wp-json\/wp\/v2\/product_cat?post=23484"},{"taxonomy":"product_tag","embeddable":true,"href":"https:\/\/www.ferberpainting.com\/fi\/wp-json\/wp\/v2\/product_tag?post=23484"}],"curies":[{"name":"wp","href":"https:\/\/api.w.org\/{rel}","templated":true}]}}