{"id":23465,"date":"2025-05-26T10:24:15","date_gmt":"2025-05-26T08:24:15","guid":{"rendered":"https:\/\/www.ferberpainting.com\/products\/flowering-plant-fertilizer\/"},"modified":"2026-02-15T14:13:46","modified_gmt":"2026-02-15T13:13:46","slug":"flowering-plant-fertilizer","status":"publish","type":"product","link":"https:\/\/www.ferberpainting.com\/fi\/products\/flowering-plant-fertilizer\/","title":{"rendered":"Kukkivien kasvien lannoite"},"content":{"rendered":"<p><img decoding=\"async\" style=\"margin-right: 12px;\" src=\"https:\/\/www.ferberpainting.com\/wp-content\/uploads\/2026\/02\/Check.svg\" alt=\"\" width=\"18\" height=\"15\" \/><strong>Erityisesti suunniteltu lannoite, joka edist\u00e4\u00e4 kukintaa.<\/strong>\u00a0Kukkivat kasvimme tarvitsevat tasapainoisen m\u00e4\u00e4r\u00e4n t\u00e4rkeit\u00e4 ravinteita tuottaakseen runsaita, elinvoimaisia ja pitk\u00e4kestoisia kukkia. T\u00e4m\u00e4 NPK 15-15-15 -lannoite on suunniteltu stimuloimaan varsien, lehtien ja juurten kasvua sek\u00e4 edist\u00e4m\u00e4\u00e4n kukkien muodostumista ja pitk\u00e4ik\u00e4isyytt\u00e4. Se sopii kaikille kukkiville kasvilajikkeille, olivatpa ne sitten sis\u00e4- tai ulkokasveja, ruukkukasveja tai maahan istutettuja.<\/p>\n<p><img decoding=\"async\" style=\"margin-right: 12px;\" src=\"https:\/\/www.ferberpainting.com\/wp-content\/uploads\/2026\/02\/Check.svg\" alt=\"\" width=\"18\" height=\"15\" \/><strong>Rahat takaisin -takuu.<\/strong>\u00a0Olemme kehitt\u00e4neet t\u00e4m\u00e4n lannoitteen varmistamaan n\u00e4kyv\u00e4t tulokset. Jos kasvisi ei parane asianmukaisesta levityksest\u00e4 huolimatta, lupaamme hyvitt\u00e4\u00e4 rahojesi t\u00e4yden hinnan.<\/p>\n<p><img decoding=\"async\" style=\"margin-right: 12px;\" src=\"https:\/\/www.ferberpainting.com\/wp-content\/uploads\/2026\/02\/Check.svg\" alt=\"\" width=\"18\" height=\"15\" \/><strong>Sopii kaikille kukkiville kasveille.<\/strong>\u00a0T\u00e4m\u00e4 monipuolinen lannoite sopii monille erilaisille kukkiville kasveille, kuten geraniumeille, petunioille, ruusuille, hortensioille, laventereille, begonioille, liljoille, daalioille ja monille muille. Se sopii erinomaisesti my\u00f6s puutarhakukille sek\u00e4 parvekkeiden ja terassien kasveille.<\/p>\n<p><img decoding=\"async\" style=\"margin-right: 12px;\" src=\"https:\/\/www.ferberpainting.com\/wp-content\/uploads\/2026\/02\/Check.svg\" alt=\"\" width=\"18\" height=\"15\" \/><strong>Erinomainen taloudellinen suorituskyky.<\/strong>\u00a0Korkean pitoisuutensa ansiosta t\u00e4m\u00e4 nestem\u00e4inen lannoite tarjoaa optimaalisen tehokkuuden. Laimennoksella 5 ml litraa vett\u00e4 kohti voidaan valmistaa jopa 1000 litraa ravinneliuosta, mik\u00e4 takaa pitk\u00e4aikaisen k\u00e4yt\u00f6n ja pienemm\u00e4t yll\u00e4pitokustannukset.<\/p>\n<p><img decoding=\"async\" style=\"margin-right: 12px;\" src=\"https:\/\/www.ferberpainting.com\/wp-content\/uploads\/2026\/02\/Check.svg\" alt=\"\" width=\"18\" height=\"15\" \/><strong>Turvallinen kasveille ja ymp\u00e4rist\u00f6lle.<\/strong>\u00a0Toisin kuin aggressiiviset kemialliset lannoitteet, meid\u00e4n koostumuksemme kunnioittaa maaper\u00e4\u00e4 ja juuria. Sen tasapainoinen koostumus takaa ravinteiden asteittaisen imeytymisen, jolloin v\u00e4ltet\u00e4\u00e4n juurten palamisen riski.<\/p>\n<p><img decoding=\"async\" style=\"margin-right: 12px;\" src=\"https:\/\/www.ferberpainting.com\/wp-content\/uploads\/2026\/02\/Check.svg\" alt=\"\" width=\"18\" height=\"15\" \/><strong>Helppok\u00e4ytt\u00f6isyys ja nopea k\u00e4ytt\u00f6.<\/strong>\u00a0Nestem\u00e4isess\u00e4 muodossa t\u00e4m\u00e4 lannoite on helppo annostella ja levitt\u00e4\u00e4. Sekoita se vain veteen ja kastele kasvit suoraan. Monimutkaista valmistelua ei tarvita, jolloin v\u00e4ltyt\u00e4\u00e4n annosteluvirheilt\u00e4 ja varmistetaan ravinteiden tasainen imeytyminen juurten kautta.<\/p>\n<p><img decoding=\"async\" style=\"margin-right: 12px;\" src=\"https:\/\/www.ferberpainting.com\/wp-content\/uploads\/2026\/02\/Check.svg\" alt=\"\" width=\"18\" height=\"15\" \/><strong>Pitk\u00e4kestoinen vaikutus elinvoimaiseen kukintaan ymp\u00e4ri vuoden.<\/strong>\u00a0Ravitsemalla kasvia v\u00e4hitellen t\u00e4m\u00e4 lannoite edist\u00e4\u00e4 jatkuvaa kasvua, parantaa juurtumista ja taudinkest\u00e4vyytt\u00e4 sek\u00e4 edist\u00e4\u00e4 voimakkaampaa ja pidempikestoisempaa kukintaa.<\/p>\n<p><img decoding=\"async\" style=\"margin-right: 12px;\" src=\"https:\/\/www.ferberpainting.com\/wp-content\/uploads\/2026\/02\/Check.svg\" alt=\"\" width=\"18\" height=\"15\" \/><strong>Nopeasti n\u00e4kyvi\u00e4 tuloksia.<\/strong>\u00a0Ensimm\u00e4isist\u00e4 k\u00e4ytt\u00f6kerroista l\u00e4htien voit havaita silmujen m\u00e4\u00e4r\u00e4n lis\u00e4\u00e4ntymisen ja runsaamman kukinnan. V\u00e4reist\u00e4 tulee kirkkaampia, varsista tukevampia ja ter\u00e4lehdist\u00e4 elinvoimaisempia. T\u00e4m\u00e4 lannoite stimuloi my\u00f6s heikentyneiden kasvien uudistumista kukinnan j\u00e4lkeen, mik\u00e4 takaa optimaalisen kukintakierron.<\/p>\n<h2><strong>K\u00e4ytt\u00f6protokolla<\/strong><\/h2>\n<p><strong>Suositeltu laimennus <\/strong>:<\/p>\n<ul>\n<li><strong>S\u00e4\u00e4nn\u00f6llinen huolto <\/strong>: Laimenna 5 ml lannoitetta litraan vett\u00e4 ja kastele kasvualusta.<\/li>\n<li><strong>Voimakas kukinta (kev\u00e4t\/kes\u00e4) <\/strong>: Nosta pitoisuus 7 ml:aan litraa vett\u00e4 kohti, jotta kukinta olisi mahdollisimman voimakasta.<\/li>\n<li><strong>Lepovaihe (syksy\/talvi) <\/strong>: V\u00e4henn\u00e4 sek\u00e4 tiheytt\u00e4 ett\u00e4 pitoisuutta 2 ml:aan litrassa vett\u00e4.<\/li>\n<\/ul>\n<p><strong>Sovelluksen taajuus <\/strong>:<\/p>\n<ul>\n<li><strong>Kasvit kasvu- ja kukintavaiheessa <\/strong>: Levit\u00e4 kahden viikon v\u00e4lein.<\/li>\n<li><strong>Lepotilassa olevat kasvit<\/strong>: Yksi hakemus kuukaudessa riitt\u00e4\u00e4.<\/li>\n<\/ul>\n<p><strong>Soveltamismenetelm\u00e4t <\/strong>:<\/p>\n<ul>\n<li><strong>Suora kastelu <\/strong>: Kaada liuosta kasvin tyven ymp\u00e4rille, jotta juuret imeytyv\u00e4t mahdollisimman hyvin.<\/li>\n<li><strong>Lehtiruiskutus (valinnainen) <\/strong>: Tietyille herkille lehtilajikkeille voi olla hy\u00f6ty\u00e4 lehtien hienoisesta sumuttamisesta.<\/li>\n<li><strong>Soveltaminen avomaalla <\/strong>: Kaada laimennettua lannoitetta kasvin juuren ymp\u00e4rille v\u00e4ltt\u00e4en ylim\u00e4\u00e4r\u00e4ist\u00e4 seisovaa vett\u00e4.<\/li>\n<li><strong>K\u00e4ytt\u00f6 ruukuissa <\/strong>: Kastele, kunnes n\u00e4et v\u00e4h\u00e4ist\u00e4 valumista valuma-aukoista.<\/li>\n<\/ul>\n<p><strong>K\u00e4ytt\u00f6\u00e4 koskevat varotoimet <\/strong>:<\/p>\n<ul>\n<li><strong>\u00c4l\u00e4 yliannostele <\/strong>: Liiallinen lannoitus voi aiheuttaa lehtien kellastumista ja heikent\u00e4\u00e4 kasvia.<\/li>\n<li><strong>Ei saa levitt\u00e4\u00e4 sairaalle tai stressaantuneelle kasville. <\/strong>: Odota ennen lannoitusta, kunnes kasvi on palautunut elinvoimaiseksi.<\/li>\n<li><strong>V\u00e4lt\u00e4 k\u00e4ytt\u00f6\u00e4 t\u00e4ydess\u00e4 auringossa <\/strong>: Levit\u00e4 mieluiten aikaisin aamulla tai my\u00f6h\u00e4\u00e4n iltap\u00e4iv\u00e4ll\u00e4, jotta ravinteet eiv\u00e4t haihtuisi nopeasti.<\/li>\n<\/ul>\n<p><strong>Varastointi ja s\u00e4ilytys <\/strong>:<\/p>\n<ul>\n<li>S\u00e4ilyt\u00e4 tuote kuivassa paikassa ja poissa l\u00e4mm\u00f6lt\u00e4.<\/li>\n<li>Sulje s\u00e4ili\u00f6 aina tiiviisti jokaisen k\u00e4ytt\u00f6kerran j\u00e4lkeen, jotta sen lannoitusominaisuudet s\u00e4ilyv\u00e4t.<\/li>\n<\/ul>\n<p>Kukkiville kasveille tarkoitettujen lannoitteidemme avulla voit tarjota kukillesi t\u00e4ydellisen ja tasapainoisen ravinnon, joka takaa upean kukinnan ymp\u00e4ri vuoden. Olitpa sitten harrastelija tai ammattilainen, t\u00e4m\u00e4 lannoite on ihanteellinen ratkaisu terveisiin, elinvoimaisiin kasveihin, joilla on voimakkaat v\u00e4rit ja pitkittynyt kukinta.<\/p>","protected":false},"excerpt":{"rendered":"<p>A specially designed fertilizer to promote flowering.\u00a0Our flowering plants require a balanced supply of essential nutrients to produce abundant, vibrant, and long-lasting blooms. This NPK 15-15-15 fertilizer is designed to stimulate the growth of stems, leaves, and roots while boosting the formation and longevity of flowers. It is suitable for all varieties of flowering plants, [&hellip;]<\/p>\n","protected":false},"featured_media":25992,"comment_status":"open","ping_status":"closed","template":"","meta":{"_uag_custom_page_level_css":"","site-sidebar-layout":"default","site-content-layout":"","ast-site-content-layout":"default","site-content-style":"default","site-sidebar-style":"default","ast-global-header-display":"","ast-banner-title-visibility":"","ast-main-header-display":"","ast-hfb-above-header-display":"","ast-hfb-below-header-display":"","ast-hfb-mobile-header-display":"","site-post-title":"","ast-breadcrumbs-content":"","ast-featured-img":"","footer-sml-layout":"","ast-disable-related-posts":"","theme-transparent-header-meta":"default","adv-header-id-meta":"","stick-header-meta":"","header-above-stick-meta":"","header-main-stick-meta":"","header-below-stick-meta":"","astra-migrate-meta-layouts":"set","ast-page-background-enabled":"default","ast-page-background-meta":{"desktop":{"background-color":"var(--ast-global-color-4)","background-image":"","background-repeat":"repeat","background-position":"center center","background-size":"auto","background-attachment":"scroll","background-type":"","background-media":"","overlay-type":"","overlay-color":"","overlay-opacity":"","overlay-gradient":""},"tablet":{"background-color":"","background-image":"","background-repeat":"repeat","background-position":"center center","background-size":"auto","background-attachment":"scroll","background-type":"","background-media":"","overlay-type":"","overlay-color":"","overlay-opacity":"","overlay-gradient":""},"mobile":{"background-color":"","background-image":"","background-repeat":"repeat","background-position":"center center","background-size":"auto","background-attachment":"scroll","background-type":"","background-media":"","overlay-type":"","overlay-color":"","overlay-opacity":"","overlay-gradient":""}},"ast-content-background-meta":{"desktop":{"background-color":"var(--ast-global-color-5)","background-image":"","background-repeat":"repeat","background-position":"center center","background-size":"auto","background-attachment":"scroll","background-type":"","background-media":"","overlay-type":"","overlay-color":"","overlay-opacity":"","overlay-gradient":""},"tablet":{"background-color":"var(--ast-global-color-5)","background-image":"","background-repeat":"repeat","background-position":"center center","background-size":"auto","background-attachment":"scroll","background-type":"","background-media":"","overlay-type":"","overlay-color":"","overlay-opacity":"","overlay-gradient":""},"mobile":{"background-color":"var(--ast-global-color-5)","background-image":"","background-repeat":"repeat","background-position":"center center","background-size":"auto","background-attachment":"scroll","background-type":"","background-media":"","overlay-type":"","overlay-color":"","overlay-opacity":"","overlay-gradient":""}}},"product_brand":[],"product_cat":[178],"product_tag":[],"class_list":{"0":"post-23465","1":"product","2":"type-product","3":"status-publish","4":"has-post-thumbnail","6":"product_cat-fertilizers","7":"desktop-align-left","8":"tablet-align-left","9":"mobile-align-left","11":"first","12":"instock","13":"sale","14":"shipping-taxable","15":"purchasable","16":"product-type-variable","17":"has-default-attributes"},"spectra_custom_meta":{"_visibility":["visible"],"_shopify_product_id":["9096161788149"],"_s2w_shopify_domain":["ferberpainting.myshopify.com"],"_shopify_variant_id":["46595778052341"],"_sku":[""],"_manage_stock":["no"],"total_sales":["14"],"_tax_status":["taxable"],"_tax_class":[""],"_backorders":["no"],"_sold_individually":["no"],"_virtual":["no"],"_downloadable":["no"],"_download_limit":["-1"],"_download_expiry":["-1"],"_stock":[null],"_stock_status":["instock"],"_wc_average_rating":["4.75"],"_wc_review_count":["8"],"_product_attributes":["a:1:{s:6:\"volume\";a:6:{s:4:\"name\";s:6:\"Volume\";s:5:\"value\";s:20:\"5 liters | 25 liters\";s:8:\"position\";i:1;s:10:\"is_visible\";i:0;s:12:\"is_variation\";i:1;s:11:\"is_taxonomy\";i:0;}}"],"_product_version":["10.5.1"],"_thumbnail_id":["25992"],"_product_image_gallery":["25993"],"wpse_downloadable_file_names":[""],"wpse_downloadable_file_urls":[""],"_edit_last":["1"],"_default_attributes":["a:1:{s:6:\"volume\";s:8:\"5 liters\";}"],"_edit_lock":["1771161089:1"],"_price":["29.90","129.90"],"merchant-center-availability":["yes"],"merchant-center-category":["113"],"_wp_page_template":["default"],"site-sidebar-layout":["default"],"ast-site-content-layout":["default"],"site-content-style":["default"],"site-sidebar-style":["default"],"theme-transparent-header-meta":["default"],"_wc_rating_count":["a:2:{i:4;i:2;i:5;i:6;}"],"astra-migrate-meta-layouts":["set"],"_uag_css_file_name":["uag-css-23465.css"],"_elementor_page_assets":["a:0:{}"],"_uag_page_assets":["a:9:{s:3:\"css\";s:7133:\".uag-blocks-common-selector{z-index:var(--z-index-desktop) !important}@media(max-width: 976px){.uag-blocks-common-selector{z-index:var(--z-index-tablet) !important}}@media(max-width: 767px){.uag-blocks-common-selector{z-index:var(--z-index-mobile) !important}}.wp-block-uagb-image{display:flex}.wp-block-uagb-image__figure{position:relative;display:flex;flex-direction:column;max-width:100%;height:auto;margin:0}.wp-block-uagb-image__figure img{height:auto;display:flex;max-width:100%;transition:box-shadow .2s ease}.wp-block-uagb-image__figure>a{display:inline-block}.wp-block-uagb-image__figure figcaption{text-align:center;margin-top:.5em;margin-bottom:1em}.wp-block-uagb-image .components-placeholder.block-editor-media-placeholder .components-placeholder__instructions{align-self:center}.wp-block-uagb-image--align-left{text-align:left}.wp-block-uagb-image--align-right{text-align:right}.wp-block-uagb-image--align-center{text-align:center}.wp-block-uagb-image--align-full .wp-block-uagb-image__figure{margin-left:calc(50% - 50vw);margin-right:calc(50% - 50vw);max-width:100vw;width:100vw;height:auto}.wp-block-uagb-image--align-full .wp-block-uagb-image__figure img{height:auto;width:100% !important}.wp-block-uagb-image--align-wide .wp-block-uagb-image__figure img{height:auto;width:100%}.wp-block-uagb-image--layout-overlay__color-wrapper{position:absolute;left:0;top:0;right:0;bottom:0;opacity:.2;background:rgba(0,0,0,.5);transition:opacity .35s ease-in-out}.wp-block-uagb-image--layout-overlay-link{position:absolute;left:0;right:0;bottom:0;top:0}.wp-block-uagb-image--layout-overlay .wp-block-uagb-image__figure:hover .wp-block-uagb-image--layout-overlay__color-wrapper{opacity:1}.wp-block-uagb-image--layout-overlay__inner{position:absolute;left:15px;right:15px;bottom:15px;top:15px;display:flex;align-items:center;justify-content:center;flex-direction:column;border-color:#fff;transition:.35s ease-in-out}.wp-block-uagb-image--layout-overlay__inner.top-left,.wp-block-uagb-image--layout-overlay__inner.top-center,.wp-block-uagb-image--layout-overlay__inner.top-right{justify-content:flex-start}.wp-block-uagb-image--layout-overlay__inner.bottom-left,.wp-block-uagb-image--layout-overlay__inner.bottom-center,.wp-block-uagb-image--layout-overlay__inner.bottom-right{justify-content:flex-end}.wp-block-uagb-image--layout-overlay__inner.top-left,.wp-block-uagb-image--layout-overlay__inner.center-left,.wp-block-uagb-image--layout-overlay__inner.bottom-left{align-items:flex-start}.wp-block-uagb-image--layout-overlay__inner.top-right,.wp-block-uagb-image--layout-overlay__inner.center-right,.wp-block-uagb-image--layout-overlay__inner.bottom-right{align-items:flex-end}.wp-block-uagb-image--layout-overlay__inner .uagb-image-heading{color:#fff;transition:transform .35s,opacity .35s ease-in-out;transform:translate3d(0, 24px, 0);margin:0;line-height:1em}.wp-block-uagb-image--layout-overlay__inner .uagb-image-separator{width:30%;border-top-width:2px;border-top-color:#fff;border-top-style:solid;margin-bottom:10px;opacity:0;transition:transform .4s,opacity .4s ease-in-out;transform:translate3d(0, 30px, 0)}.wp-block-uagb-image--layout-overlay__inner .uagb-image-caption{opacity:0;overflow:visible;color:#fff;transition:transform .45s,opacity .45s ease-in-out;transform:translate3d(0, 35px, 0)}.wp-block-uagb-image--layout-overlay__inner:hover .uagb-image-heading,.wp-block-uagb-image--layout-overlay__inner:hover .uagb-image-separator,.wp-block-uagb-image--layout-overlay__inner:hover .uagb-image-caption{opacity:1;transform:translate3d(0, 0, 0)}.wp-block-uagb-image--effect-zoomin .wp-block-uagb-image__figure img,.wp-block-uagb-image--effect-zoomin .wp-block-uagb-image__figure .wp-block-uagb-image--layout-overlay__color-wrapper{transform:scale(1);transition:transform .35s ease-in-out}.wp-block-uagb-image--effect-zoomin .wp-block-uagb-image__figure:hover img,.wp-block-uagb-image--effect-zoomin .wp-block-uagb-image__figure:hover .wp-block-uagb-image--layout-overlay__color-wrapper{transform:scale(1.05)}.wp-block-uagb-image--effect-slide .wp-block-uagb-image__figure img,.wp-block-uagb-image--effect-slide .wp-block-uagb-image__figure .wp-block-uagb-image--layout-overlay__color-wrapper{width:calc(100% + 40px) !important;max-width:none !important;transform:translate3d(-40px, 0, 0);transition:transform .35s ease-in-out}.wp-block-uagb-image--effect-slide .wp-block-uagb-image__figure:hover img,.wp-block-uagb-image--effect-slide .wp-block-uagb-image__figure:hover .wp-block-uagb-image--layout-overlay__color-wrapper{transform:translate3d(0, 0, 0)}.wp-block-uagb-image--effect-grayscale img{filter:grayscale(0%);transition:.35s ease-in-out}.wp-block-uagb-image--effect-grayscale:hover img{filter:grayscale(100%)}.wp-block-uagb-image--effect-blur img{filter:blur(0);transition:.35s ease-in-out}.wp-block-uagb-image--effect-blur:hover img{filter:blur(3px)}.uagb-block-e6f939b3.wp-block-uagb-image--layout-default figure img{box-shadow: 0px 0px 0 #00000070;}.uagb-block-e6f939b3.wp-block-uagb-image .wp-block-uagb-image__figure figcaption{font-style: normal;align-self: center;}.uagb-block-e6f939b3.wp-block-uagb-image--layout-overlay figure img{box-shadow: 0px 0px 0 #00000070;}.uagb-block-e6f939b3.wp-block-uagb-image--layout-overlay .wp-block-uagb-image--layout-overlay__color-wrapper{opacity: 0.2;}.uagb-block-e6f939b3.wp-block-uagb-image--layout-overlay .wp-block-uagb-image--layout-overlay__inner{left: 15px;right: 15px;top: 15px;bottom: 15px;}.uagb-block-e6f939b3.wp-block-uagb-image--layout-overlay .wp-block-uagb-image--layout-overlay__inner .uagb-image-heading{font-style: normal;color: #fff;opacity: 1;}.uagb-block-e6f939b3.wp-block-uagb-image--layout-overlay .wp-block-uagb-image--layout-overlay__inner .uagb-image-heading a{color: #fff;}.uagb-block-e6f939b3.wp-block-uagb-image--layout-overlay .wp-block-uagb-image--layout-overlay__inner .uagb-image-caption{opacity: 0;}.uagb-block-e6f939b3.wp-block-uagb-image--layout-overlay .wp-block-uagb-image__figure:hover .wp-block-uagb-image--layout-overlay__color-wrapper{opacity: 1;}.uagb-block-e6f939b3.wp-block-uagb-image .wp-block-uagb-image--layout-overlay__inner .uagb-image-separator{width: 30%;border-top-width: 2px;border-top-color: #fff;opacity: 0;}.uagb-block-e6f939b3.wp-block-uagb-image .wp-block-uagb-image__figure img{width: px;height: auto;}.uagb-block-e6f939b3.wp-block-uagb-image .wp-block-uagb-image__figure:hover .wp-block-uagb-image--layout-overlay__inner .uagb-image-caption{opacity: 1;}.uagb-block-e6f939b3.wp-block-uagb-image .wp-block-uagb-image__figure:hover .wp-block-uagb-image--layout-overlay__inner .uagb-image-separator{opacity: 1;}.uagb-block-e6f939b3.wp-block-uagb-image--layout-default figure:hover img{box-shadow: 0px 0px 0 #00000070;}.uagb-block-e6f939b3.wp-block-uagb-image--layout-overlay figure:hover img{box-shadow: 0px 0px 0 #00000070;}@media only screen and (max-width: 976px) {.uagb-block-e6f939b3.wp-block-uagb-image .wp-block-uagb-image__figure img{width: px;height: auto;}}@media only screen and (max-width: 767px) {.uagb-block-e6f939b3.wp-block-uagb-image .wp-block-uagb-image__figure img{width: px;height: auto;}}\";s:2:\"js\";s:0:\"\";s:18:\"current_block_list\";a:13:{i:0;s:11:\"core\/search\";i:1;s:10:\"core\/group\";i:2;s:12:\"core\/heading\";i:3;s:17:\"core\/latest-posts\";i:4;s:20:\"core\/latest-comments\";i:5;s:13:\"core\/archives\";i:6;s:15:\"core\/categories\";i:7;s:14:\"core\/paragraph\";i:8;s:10:\"uagb\/image\";i:9;s:11:\"core\/spacer\";i:10;s:30:\"woocommerce\/product-categories\";i:11;s:10:\"core\/image\";i:12;s:14:\"core\/shortcode\";}s:8:\"uag_flag\";b:1;s:11:\"uag_version\";s:10:\"1777114674\";s:6:\"gfonts\";a:0:{}s:10:\"gfonts_url\";s:0:\"\";s:12:\"gfonts_files\";a:0:{}s:14:\"uag_faq_layout\";b:0;}"]},"uagb_featured_image_src":{"full":["https:\/\/www.ferberpainting.com\/wp-content\/uploads\/2025\/05\/FloweringPlantFertilizer5L.png",2560,2560,false],"thumbnail":["https:\/\/www.ferberpainting.com\/wp-content\/uploads\/2025\/05\/FloweringPlantFertilizer5L-150x150.png",150,150,true],"medium":["https:\/\/www.ferberpainting.com\/wp-content\/uploads\/2025\/05\/FloweringPlantFertilizer5L-300x300.png",300,300,true],"medium_large":["https:\/\/www.ferberpainting.com\/wp-content\/uploads\/2025\/05\/FloweringPlantFertilizer5L-768x768.png",768,768,true],"large":["https:\/\/www.ferberpainting.com\/wp-content\/uploads\/2025\/05\/FloweringPlantFertilizer5L-1024x1024.png",1024,1024,true],"1536x1536":["https:\/\/www.ferberpainting.com\/wp-content\/uploads\/2025\/05\/FloweringPlantFertilizer5L-1536x1536.png",1536,1536,true],"2048x2048":["https:\/\/www.ferberpainting.com\/wp-content\/uploads\/2025\/05\/FloweringPlantFertilizer5L-2048x2048.png",2048,2048,true],"trp-custom-language-flag":["https:\/\/www.ferberpainting.com\/wp-content\/uploads\/2025\/05\/FloweringPlantFertilizer5L-12x12.png",12,12,true],"woocommerce_thumbnail":["https:\/\/www.ferberpainting.com\/wp-content\/uploads\/2025\/05\/FloweringPlantFertilizer5L-300x300.png",300,300,true],"woocommerce_single":["https:\/\/www.ferberpainting.com\/wp-content\/uploads\/2025\/05\/FloweringPlantFertilizer5L-600x600.png",600,600,true],"woocommerce_gallery_thumbnail":["https:\/\/www.ferberpainting.com\/wp-content\/uploads\/2025\/05\/FloweringPlantFertilizer5L-100x100.png",100,100,true]},"uagb_author_info":{"display_name":"admin","author_link":"https:\/\/www.ferberpainting.com\/fi\/author\/"},"uagb_comment_info":8,"uagb_excerpt":"A specially designed fertilizer to promote flowering.\u00a0Our flowering plants require a balanced supply of essential nutrients to produce abundant, vibrant, and long-lasting blooms. This NPK 15-15-15 fertilizer is designed to stimulate the growth of stems, leaves, and roots while boosting the formation and longevity of flowers. It is suitable for all varieties of flowering plants,&hellip;","_links":{"self":[{"href":"https:\/\/www.ferberpainting.com\/fi\/wp-json\/wp\/v2\/product\/23465","targetHints":{"allow":["GET"]}}],"collection":[{"href":"https:\/\/www.ferberpainting.com\/fi\/wp-json\/wp\/v2\/product"}],"about":[{"href":"https:\/\/www.ferberpainting.com\/fi\/wp-json\/wp\/v2\/types\/product"}],"replies":[{"embeddable":true,"href":"https:\/\/www.ferberpainting.com\/fi\/wp-json\/wp\/v2\/comments?post=23465"}],"version-history":[{"count":4,"href":"https:\/\/www.ferberpainting.com\/fi\/wp-json\/wp\/v2\/product\/23465\/revisions"}],"predecessor-version":[{"id":166165,"href":"https:\/\/www.ferberpainting.com\/fi\/wp-json\/wp\/v2\/product\/23465\/revisions\/166165"}],"wp:featuredmedia":[{"embeddable":true,"href":"https:\/\/www.ferberpainting.com\/fi\/wp-json\/wp\/v2\/media\/25992"}],"wp:attachment":[{"href":"https:\/\/www.ferberpainting.com\/fi\/wp-json\/wp\/v2\/media?parent=23465"}],"wp:term":[{"taxonomy":"product_brand","embeddable":true,"href":"https:\/\/www.ferberpainting.com\/fi\/wp-json\/wp\/v2\/product_brand?post=23465"},{"taxonomy":"product_cat","embeddable":true,"href":"https:\/\/www.ferberpainting.com\/fi\/wp-json\/wp\/v2\/product_cat?post=23465"},{"taxonomy":"product_tag","embeddable":true,"href":"https:\/\/www.ferberpainting.com\/fi\/wp-json\/wp\/v2\/product_tag?post=23465"}],"curies":[{"name":"wp","href":"https:\/\/api.w.org\/{rel}","templated":true}]}}