{"id":23211,"date":"2025-07-01T16:26:50","date_gmt":"2025-07-01T14:26:50","guid":{"rendered":"https:\/\/www.ferberpainting.com\/?post_type=product&#038;p=23202"},"modified":"2026-02-15T13:55:00","modified_gmt":"2026-02-15T12:55:00","slug":"epoxy-resin-cleaner","status":"publish","type":"product","link":"https:\/\/www.ferberpainting.com\/fi\/products\/epoxy-resin-cleaner\/","title":{"rendered":"Epoksihartsin puhdistusaine"},"content":{"rendered":"<p><img decoding=\"async\" style=\"margin-right: 12px;\" src=\"https:\/\/www.ferberpainting.com\/wp-content\/uploads\/2026\/02\/Check.svg\" alt=\"\" width=\"18\" height=\"15\" \/><strong>Optimaalinen tehokkuus.<\/strong>\u00a0T\u00e4m\u00e4 epoksihartsin puhdistusaine on suunniteltu erityisesti poistamaan tehokkaasti j\u00e4\u00e4m\u00e4t, tahrat ja ep\u00e4puhtaudet, jotka voivat ker\u00e4\u00e4nty\u00e4 epoksihartsipinnoille niiden levitt\u00e4misen tai k\u00e4yt\u00f6n j\u00e4lkeen. Se tunkeutuu syv\u00e4lle liuottaakseen lian, rasvan, pinttyneen p\u00f6lyn ja jopa kalkkisaostumat vahingoittamatta hartsin kiilt\u00e4v\u00e4\u00e4 ja suojaavaa pintaa. Sen tehokas koostumus takaa hell\u00e4varaisen puhdistuksen s\u00e4ilytt\u00e4en samalla k\u00e4sitellyn materiaalin rakenteen, mik\u00e4 est\u00e4\u00e4 haalistumisen tai naarmuuntumisen.<\/p>\n<p><img decoding=\"async\" style=\"margin-right: 12px;\" src=\"https:\/\/www.ferberpainting.com\/wp-content\/uploads\/2026\/02\/Check.svg\" alt=\"\" width=\"18\" height=\"15\" \/><strong>Rahat takaisin -takuu.<\/strong>\u00a0Luotamme t\u00e4ysin puhdistusaineemme tehokkuuteen. Jos et k\u00e4yt\u00f6n j\u00e4lkeen ole t\u00e4ysin tyytyv\u00e4inen tuloksiin, voit saada t\u00e4yden hyvityksen. Kokeile tuotteitamme riskitt\u00f6m\u00e4sti ja nauti s\u00e4ihkyv\u00e4n puhtaasta epoksihartsipinnasta ilman vaivaa.<\/p>\n<p><img decoding=\"async\" style=\"margin-right: 12px;\" src=\"https:\/\/www.ferberpainting.com\/wp-content\/uploads\/2026\/02\/Check.svg\" alt=\"\" width=\"18\" height=\"15\" \/><strong>Poikkeuksellinen monipuolisuus.<\/strong>\u00a0T\u00e4m\u00e4 puhdistusaine ei rajoitu epoksihartsipintoihin! Se sopii my\u00f6s muiden hartsiin liittyvien materiaalien, kuten kiillotetun betonin, sementin, laattojen, lasin, metallin, ruostumattoman ter\u00e4ksen ja jopa joidenkin muovipintojen puhdistukseen. Se soveltuu k\u00e4ytett\u00e4v\u00e4ksi hartsilattioilla, ty\u00f6tasoilla, p\u00f6ydill\u00e4, hartsissa olevilla koriste-esineill\u00e4 ja hartsin levitykseen k\u00e4ytett\u00e4vill\u00e4 ty\u00f6kaluilla. Se poistaa j\u00e4\u00e4m\u00e4t, tahrat, v\u00e4rimerkit ja upotetun p\u00f6lyn samalla kun se suojaa pinnan viimeistely\u00e4.<\/p>\n<p><img decoding=\"async\" style=\"margin-right: 12px;\" src=\"https:\/\/www.ferberpainting.com\/wp-content\/uploads\/2026\/02\/Check.svg\" alt=\"\" width=\"18\" height=\"15\" \/><strong>Kustannustehokas suorituskyky.<\/strong>\u00a05 litran kanisterin muodon ja optimaalisen pitoisuuden ansiosta t\u00e4m\u00e4 puhdistin tarjoaa erinomaista arvoa. Pieni m\u00e4\u00e4r\u00e4 riitt\u00e4\u00e4 suuren pinnan puhdistamiseen ilman h\u00e4vikki\u00e4. Keskim\u00e4\u00e4rin yhdell\u00e4 litralla tuotetta voidaan puhdistaa jopa 100 m\u00b2 epoksihartsipintaa, mik\u00e4 tekee siit\u00e4 taloudellisen ja tehokkaan ratkaisun s\u00e4\u00e4nn\u00f6lliseen k\u00e4ytt\u00f6\u00f6n sek\u00e4 kotona ett\u00e4 rakentamisen, suunnittelun ja sisustuksen ammattilaisille.<\/p>\n<p><img decoding=\"async\" style=\"margin-right: 12px;\" src=\"https:\/\/www.ferberpainting.com\/wp-content\/uploads\/2026\/02\/Check.svg\" alt=\"\" width=\"18\" height=\"15\" \/><strong>Turvallinen k\u00e4ytt\u00e4\u00e4.<\/strong>\u00a0Toisin kuin haitallisia liuottimia, kuten suolahappoa, sis\u00e4lt\u00e4v\u00e4t kovat tuotteet, t\u00e4m\u00e4 puhdistusaine ei sis\u00e4ll\u00e4 sy\u00f6vytt\u00e4vi\u00e4 yhdisteit\u00e4 tai materiaaleille ja terveydelle vaarallisia aineita. Se ei tuota \u00e4rsytt\u00e4vi\u00e4 h\u00f6yryj\u00e4, ei aiheuta pintojen ennenaikaista kulumista ja kunnioittaa k\u00e4siteltyjen materiaalien eheytt\u00e4. Se on turvallinen usein k\u00e4ytett\u00e4v\u00e4ksi ja mahdollistaa turvallisen puhdistuksen jopa suljetuissa tiloissa ilman erityist\u00e4 ilmanvaihtoa.<\/p>\n<p><img decoding=\"async\" style=\"margin-right: 12px;\" src=\"https:\/\/www.ferberpainting.com\/wp-content\/uploads\/2026\/02\/Check.svg\" alt=\"\" width=\"18\" height=\"15\" \/><strong>Helppok\u00e4ytt\u00f6isyys.<\/strong>\u00a0T\u00e4m\u00e4 tuote on k\u00e4ytt\u00f6valmis eik\u00e4 vaadi laimentamista tai monimutkaista valmistelua. Se levitet\u00e4\u00e4n suoraan pinnalle pehme\u00e4ll\u00e4 liinalla, sienell\u00e4 tai suihkepullolla. Sen nopea vaikutus ja intuitiivinen k\u00e4ytt\u00f6 mahdollistavat ep\u00e4puhtauksien nopean poistamisen ilman liiallista huuhtelua tai vaivaa. Se ei j\u00e4t\u00e4 tahmeaa j\u00e4\u00e4m\u00e4\u00e4 levityksen j\u00e4lkeen eik\u00e4 vaadi kiillotusta, mik\u00e4 helpottaa sen k\u00e4ytt\u00f6\u00e4.<\/p>\n<p><img decoding=\"async\" style=\"margin-right: 12px;\" src=\"https:\/\/www.ferberpainting.com\/wp-content\/uploads\/2026\/02\/Check.svg\" alt=\"\" width=\"18\" height=\"15\" \/><strong>Laajennettu kest\u00e4vyys.<\/strong>\u00a0Poistamalla s\u00e4\u00e4nn\u00f6llisesti ep\u00e4puhtaudet ja s\u00e4ilytt\u00e4m\u00e4ll\u00e4 hartsin kiilt\u00e4v\u00e4n pinnan t\u00e4m\u00e4 puhdistusaine auttaa pident\u00e4m\u00e4\u00e4n k\u00e4siteltyjen pintojen k\u00e4ytt\u00f6ik\u00e4\u00e4. Se est\u00e4\u00e4 p\u00f6lyn, kalkin ja rasvakertymien ker\u00e4\u00e4ntymisen ja takaa pitk\u00e4aikaisen suojan. T\u00e4m\u00e4n tuotteen s\u00e4\u00e4nn\u00f6llinen k\u00e4ytt\u00f6 auttaa s\u00e4ilytt\u00e4m\u00e4\u00e4n epoksihartsipintojen raikkaan ulkon\u00e4\u00f6n ja ehk\u00e4isee ennenaikaista haalistumista erityisesti kosteissa ymp\u00e4rist\u00f6iss\u00e4 tai \u00e4\u00e4riolosuhteissa.<\/p>\n<p><img decoding=\"async\" style=\"margin-right: 12px;\" src=\"https:\/\/www.ferberpainting.com\/wp-content\/uploads\/2026\/02\/Check.svg\" alt=\"\" width=\"18\" height=\"15\" \/><strong>Nopea toiminta.<\/strong>\u00a0Eritt\u00e4in aktiivisen koostumuksensa ansiosta t\u00e4m\u00e4 puhdistusaine vaikuttaa v\u00e4litt\u00f6m\u00e4sti j\u00e4\u00e4miin ja pinttyneeseen likaan. Vain muutamassa sekunnissa se liuottaa ep\u00e4puhtaudet ja helpottaa niiden poistamista ilman liiallista hankausta. Se takaa nopean ja tehokkaan puhdistuksen, joka on ihanteellinen epoksihartsipintojen nopeaan kunnossapitoon, olipa kyse sitten keitti\u00f6st\u00e4, kylpyhuoneesta, ty\u00f6pajasta tai teollisuuden hartsilattiasta.<\/p>\n<h2><strong>K\u00e4ytt\u00f6protokolla<\/strong><\/h2>\n<ul>\n<li><strong>Valmistelu <\/strong>: Varmista, ett\u00e4 puhdistettava pinta on kuiva tai hieman kostea ennen tuotteen levitt\u00e4mist\u00e4. P\u00f6lyt\u00e4 alue kuivalla liinalla pinnan ep\u00e4puhtauksien poistamiseksi.<\/li>\n<li><strong>Manuaalinen soveltaminen <\/strong>: Kaada pieni m\u00e4\u00e4r\u00e4 puhdistusainetta pehme\u00e4lle liinalle tai hankaamattomalle sienelle ja levit\u00e4 sitten tasaisesti pinnalle py\u00f6rivin liikkein, jotta tuote tunkeutuu ja liuottaa lian.<\/li>\n<li><strong>Suuren pinnan k\u00e4ytt\u00f6 <\/strong>: Puhdista lattia tai suuri epoksihartsipinta suihkepullolla, jotta tuote levittyy tasaisesti. Anna sen vaikuttaa muutaman minuutin ajan, jotta puhdistusaine liuottaa ep\u00e4puhtaudet, ennen kuin pyyhit puhtaalla mikrokuituliinalla.<\/li>\n<li><strong>Sitkeiden tahrojen k\u00e4sittely <\/strong>: Rasvaisten j\u00e4lkien, liimaj\u00e4\u00e4mien tai kovettuneiden hartsij\u00e4lkien kohdalla anna tuotteen vaikuttaa 5-10 minuuttia, ennen kuin hankaat varovasti pehme\u00e4ll\u00e4 harjalla tai sopivalla sienell\u00e4.<\/li>\n<li><strong>Huuhtelu ja pyyhkiminen <\/strong>: Pyyhi pinta kuivalla tai hieman kostealla liinalla poistaaksesi tuotteen j\u00e4\u00e4m\u00e4t ja varmistaaksesi virheett\u00f6m\u00e4n, raidattoman pinnan.<\/li>\n<li><strong>Kiillotus ja kiilto <\/strong>: Epoksihartsin kiilt\u00e4v\u00e4n vaikutuksen tehostamiseksi viimeistele viimeistely kiillottamalla pinta kuivalla mikrokuituliinalla, jotta pinnan luonnollinen kiilto tasoittuu ja elpyy.<\/li>\n<li><strong>K\u00e4ytt\u00f6tiheys <\/strong>: Levit\u00e4 kerran tai kaksi kertaa kuukaudessa s\u00e4\u00e4nn\u00f6llisen huollon yhteydess\u00e4 ja p\u00f6lyn ja lian kertymisen est\u00e4miseksi. Vilkkaasti liikenn\u00f6idyill\u00e4 tai kosteilla alueilla suositellaan viikoittaista puhdistusta.<\/li>\n<li><strong>Varastointi <\/strong>: Sulje kanisteri tiiviisti jokaisen k\u00e4ytt\u00f6kerran j\u00e4lkeen ja s\u00e4ilyt\u00e4 viile\u00e4ss\u00e4, kuivassa paikassa, suojassa valolta ja \u00e4\u00e4rimm\u00e4isilt\u00e4 l\u00e4mp\u00f6tiloilta, jotta tuotteen teho s\u00e4ilyy pitk\u00e4\u00e4n.<\/li>\n<\/ul>\n<p>Epoksihartsipuhdistusaineemme avulla voit nauttia tehokkaasta ja vaivattomasta puhdistuksesta samalla kun s\u00e4ilyt\u00e4t pintojesi kiillon ja pitk\u00e4ik\u00e4isyyden. Ihanteellinen ratkaisu virheett\u00f6m\u00e4\u00e4n viimeistelyyn ja huolettomaan yll\u00e4pitoon.<\/p>","protected":false},"excerpt":{"rendered":"<p>Optimal Efficiency.\u00a0This cleaner for epoxy resin is specially designed to effectively eliminate residues, stains, and impurities that can build up on epoxy resin surfaces after their application or use. It penetrates deeply to dissolve dirt, grease, embedded dust, and even limescale deposits without damaging the glossy and protective finish of the resin. Its powerful formula [&hellip;]<\/p>\n","protected":false},"featured_media":36466,"comment_status":"open","ping_status":"closed","template":"","meta":{"_uag_custom_page_level_css":"","site-sidebar-layout":"default","site-content-layout":"","ast-site-content-layout":"default","site-content-style":"default","site-sidebar-style":"default","ast-global-header-display":"","ast-banner-title-visibility":"","ast-main-header-display":"","ast-hfb-above-header-display":"","ast-hfb-below-header-display":"","ast-hfb-mobile-header-display":"","site-post-title":"","ast-breadcrumbs-content":"","ast-featured-img":"","footer-sml-layout":"","ast-disable-related-posts":"","theme-transparent-header-meta":"default","adv-header-id-meta":"","stick-header-meta":"","header-above-stick-meta":"","header-main-stick-meta":"","header-below-stick-meta":"","astra-migrate-meta-layouts":"set","ast-page-background-enabled":"default","ast-page-background-meta":{"desktop":{"background-color":"var(--ast-global-color-4)","background-image":"","background-repeat":"repeat","background-position":"center center","background-size":"auto","background-attachment":"scroll","background-type":"","background-media":"","overlay-type":"","overlay-color":"","overlay-opacity":"","overlay-gradient":""},"tablet":{"background-color":"","background-image":"","background-repeat":"repeat","background-position":"center center","background-size":"auto","background-attachment":"scroll","background-type":"","background-media":"","overlay-type":"","overlay-color":"","overlay-opacity":"","overlay-gradient":""},"mobile":{"background-color":"","background-image":"","background-repeat":"repeat","background-position":"center center","background-size":"auto","background-attachment":"scroll","background-type":"","background-media":"","overlay-type":"","overlay-color":"","overlay-opacity":"","overlay-gradient":""}},"ast-content-background-meta":{"desktop":{"background-color":"var(--ast-global-color-5)","background-image":"","background-repeat":"repeat","background-position":"center center","background-size":"auto","background-attachment":"scroll","background-type":"","background-media":"","overlay-type":"","overlay-color":"","overlay-opacity":"","overlay-gradient":""},"tablet":{"background-color":"var(--ast-global-color-5)","background-image":"","background-repeat":"repeat","background-position":"center center","background-size":"auto","background-attachment":"scroll","background-type":"","background-media":"","overlay-type":"","overlay-color":"","overlay-opacity":"","overlay-gradient":""},"mobile":{"background-color":"var(--ast-global-color-5)","background-image":"","background-repeat":"repeat","background-position":"center center","background-size":"auto","background-attachment":"scroll","background-type":"","background-media":"","overlay-type":"","overlay-color":"","overlay-opacity":"","overlay-gradient":""}}},"product_brand":[],"product_cat":[175],"product_tag":[],"class_list":{"0":"post-23211","1":"product","2":"type-product","3":"status-publish","4":"has-post-thumbnail","6":"product_cat-cleaning-products","7":"desktop-align-left","8":"tablet-align-left","9":"mobile-align-left","11":"first","12":"instock","13":"sale","14":"taxable","15":"shipping-taxable","16":"purchasable","17":"product-type-variable","18":"has-default-attributes"},"spectra_custom_meta":{"_visibility":["visible"],"_shopify_product_id":["9106225987829"],"_s2w_shopify_domain":["ferberpainting.myshopify.com"],"_shopify_variant_id":["46625728987381"],"_sku":[""],"_manage_stock":["no"],"total_sales":["52"],"_tax_status":["taxable"],"_tax_class":[""],"_backorders":["no"],"_sold_individually":["no"],"_virtual":["no"],"_downloadable":["no"],"_download_limit":["-1"],"_download_expiry":["-1"],"_stock":[null],"_stock_status":["instock"],"_wc_average_rating":["5.00"],"_wc_review_count":["11"],"_product_attributes":["a:1:{s:6:\"volume\";a:6:{s:4:\"name\";s:6:\"Volume\";s:5:\"value\";s:20:\"5 liters | 25 liters\";s:8:\"position\";i:1;s:10:\"is_visible\";i:0;s:12:\"is_variation\";i:1;s:11:\"is_taxonomy\";i:0;}}"],"_product_version":["10.5.1"],"wpse_downloadable_file_names":[""],"wpse_downloadable_file_urls":[""],"_edit_last":["1"],"_default_attributes":["a:1:{s:6:\"volume\";s:8:\"5 liters\";}"],"_edit_lock":["1771159961:1"],"_price":["29.90","129.90"],"merchant-center-availability":["yes"],"merchant-center-category":["4977"],"_thumbnail_id":["36466"],"_wp_page_template":["default"],"_wp_old_date":["2025-05-26"],"_product_image_gallery":["36467"],"site-sidebar-layout":["default"],"ast-site-content-layout":["default"],"site-content-style":["default"],"site-sidebar-style":["default"],"theme-transparent-header-meta":["default"],"_wc_rating_count":["a:1:{i:5;i:11;}"],"astra-migrate-meta-layouts":["set"],"_uag_css_file_name":["uag-css-23211.css"],"_elementor_page_assets":["a:0:{}"],"_uag_page_assets":["a:9:{s:3:\"css\";s:6873:\".wp-block-uagb-image{display:flex}.wp-block-uagb-image__figure{position:relative;display:flex;flex-direction:column;max-width:100%;height:auto;margin:0}.wp-block-uagb-image__figure img{height:auto;display:flex;max-width:100%;transition:box-shadow .2s ease}.wp-block-uagb-image__figure>a{display:inline-block}.wp-block-uagb-image__figure figcaption{text-align:center;margin-top:.5em;margin-bottom:1em}.wp-block-uagb-image .components-placeholder.block-editor-media-placeholder .components-placeholder__instructions{align-self:center}.wp-block-uagb-image--align-left{text-align:left}.wp-block-uagb-image--align-right{text-align:right}.wp-block-uagb-image--align-center{text-align:center}.wp-block-uagb-image--align-full .wp-block-uagb-image__figure{margin-left:calc(50% - 50vw);margin-right:calc(50% - 50vw);max-width:100vw;width:100vw;height:auto}.wp-block-uagb-image--align-full .wp-block-uagb-image__figure img{height:auto;width:100% !important}.wp-block-uagb-image--align-wide .wp-block-uagb-image__figure img{height:auto;width:100%}.wp-block-uagb-image--layout-overlay__color-wrapper{position:absolute;left:0;top:0;right:0;bottom:0;opacity:.2;background:rgba(0,0,0,.5);transition:opacity .35s ease-in-out}.wp-block-uagb-image--layout-overlay-link{position:absolute;left:0;right:0;bottom:0;top:0}.wp-block-uagb-image--layout-overlay .wp-block-uagb-image__figure:hover .wp-block-uagb-image--layout-overlay__color-wrapper{opacity:1}.wp-block-uagb-image--layout-overlay__inner{position:absolute;left:15px;right:15px;bottom:15px;top:15px;display:flex;align-items:center;justify-content:center;flex-direction:column;border-color:#fff;transition:.35s ease-in-out}.wp-block-uagb-image--layout-overlay__inner.top-left,.wp-block-uagb-image--layout-overlay__inner.top-center,.wp-block-uagb-image--layout-overlay__inner.top-right{justify-content:flex-start}.wp-block-uagb-image--layout-overlay__inner.bottom-left,.wp-block-uagb-image--layout-overlay__inner.bottom-center,.wp-block-uagb-image--layout-overlay__inner.bottom-right{justify-content:flex-end}.wp-block-uagb-image--layout-overlay__inner.top-left,.wp-block-uagb-image--layout-overlay__inner.center-left,.wp-block-uagb-image--layout-overlay__inner.bottom-left{align-items:flex-start}.wp-block-uagb-image--layout-overlay__inner.top-right,.wp-block-uagb-image--layout-overlay__inner.center-right,.wp-block-uagb-image--layout-overlay__inner.bottom-right{align-items:flex-end}.wp-block-uagb-image--layout-overlay__inner .uagb-image-heading{color:#fff;transition:transform .35s,opacity .35s ease-in-out;transform:translate3d(0, 24px, 0);margin:0;line-height:1em}.wp-block-uagb-image--layout-overlay__inner .uagb-image-separator{width:30%;border-top-width:2px;border-top-color:#fff;border-top-style:solid;margin-bottom:10px;opacity:0;transition:transform .4s,opacity .4s ease-in-out;transform:translate3d(0, 30px, 0)}.wp-block-uagb-image--layout-overlay__inner .uagb-image-caption{opacity:0;overflow:visible;color:#fff;transition:transform .45s,opacity .45s ease-in-out;transform:translate3d(0, 35px, 0)}.wp-block-uagb-image--layout-overlay__inner:hover .uagb-image-heading,.wp-block-uagb-image--layout-overlay__inner:hover .uagb-image-separator,.wp-block-uagb-image--layout-overlay__inner:hover .uagb-image-caption{opacity:1;transform:translate3d(0, 0, 0)}.wp-block-uagb-image--effect-zoomin .wp-block-uagb-image__figure img,.wp-block-uagb-image--effect-zoomin .wp-block-uagb-image__figure .wp-block-uagb-image--layout-overlay__color-wrapper{transform:scale(1);transition:transform .35s ease-in-out}.wp-block-uagb-image--effect-zoomin .wp-block-uagb-image__figure:hover img,.wp-block-uagb-image--effect-zoomin .wp-block-uagb-image__figure:hover .wp-block-uagb-image--layout-overlay__color-wrapper{transform:scale(1.05)}.wp-block-uagb-image--effect-slide .wp-block-uagb-image__figure img,.wp-block-uagb-image--effect-slide .wp-block-uagb-image__figure .wp-block-uagb-image--layout-overlay__color-wrapper{width:calc(100% + 40px) !important;max-width:none !important;transform:translate3d(-40px, 0, 0);transition:transform .35s ease-in-out}.wp-block-uagb-image--effect-slide .wp-block-uagb-image__figure:hover img,.wp-block-uagb-image--effect-slide .wp-block-uagb-image__figure:hover .wp-block-uagb-image--layout-overlay__color-wrapper{transform:translate3d(0, 0, 0)}.wp-block-uagb-image--effect-grayscale img{filter:grayscale(0%);transition:.35s ease-in-out}.wp-block-uagb-image--effect-grayscale:hover img{filter:grayscale(100%)}.wp-block-uagb-image--effect-blur img{filter:blur(0);transition:.35s ease-in-out}.wp-block-uagb-image--effect-blur:hover img{filter:blur(3px)}.uagb-block-e6f939b3.wp-block-uagb-image--layout-default figure img{box-shadow: 0px 0px 0 #00000070;}.uagb-block-e6f939b3.wp-block-uagb-image .wp-block-uagb-image__figure figcaption{font-style: normal;align-self: center;}.uagb-block-e6f939b3.wp-block-uagb-image--layout-overlay figure img{box-shadow: 0px 0px 0 #00000070;}.uagb-block-e6f939b3.wp-block-uagb-image--layout-overlay .wp-block-uagb-image--layout-overlay__color-wrapper{opacity: 0.2;}.uagb-block-e6f939b3.wp-block-uagb-image--layout-overlay .wp-block-uagb-image--layout-overlay__inner{left: 15px;right: 15px;top: 15px;bottom: 15px;}.uagb-block-e6f939b3.wp-block-uagb-image--layout-overlay .wp-block-uagb-image--layout-overlay__inner .uagb-image-heading{font-style: normal;color: #fff;opacity: 1;}.uagb-block-e6f939b3.wp-block-uagb-image--layout-overlay .wp-block-uagb-image--layout-overlay__inner .uagb-image-heading a{color: #fff;}.uagb-block-e6f939b3.wp-block-uagb-image--layout-overlay .wp-block-uagb-image--layout-overlay__inner .uagb-image-caption{opacity: 0;}.uagb-block-e6f939b3.wp-block-uagb-image--layout-overlay .wp-block-uagb-image__figure:hover .wp-block-uagb-image--layout-overlay__color-wrapper{opacity: 1;}.uagb-block-e6f939b3.wp-block-uagb-image .wp-block-uagb-image--layout-overlay__inner .uagb-image-separator{width: 30%;border-top-width: 2px;border-top-color: #fff;opacity: 0;}.uagb-block-e6f939b3.wp-block-uagb-image .wp-block-uagb-image__figure img{width: px;height: auto;}.uagb-block-e6f939b3.wp-block-uagb-image .wp-block-uagb-image__figure:hover .wp-block-uagb-image--layout-overlay__inner .uagb-image-caption{opacity: 1;}.uagb-block-e6f939b3.wp-block-uagb-image .wp-block-uagb-image__figure:hover .wp-block-uagb-image--layout-overlay__inner .uagb-image-separator{opacity: 1;}.uagb-block-e6f939b3.wp-block-uagb-image--layout-default figure:hover img{box-shadow: 0px 0px 0 #00000070;}.uagb-block-e6f939b3.wp-block-uagb-image--layout-overlay figure:hover img{box-shadow: 0px 0px 0 #00000070;}@media only screen and (max-width: 976px) {.uagb-block-e6f939b3.wp-block-uagb-image .wp-block-uagb-image__figure img{width: px;height: auto;}}@media only screen and (max-width: 767px) {.uagb-block-e6f939b3.wp-block-uagb-image .wp-block-uagb-image__figure img{width: px;height: auto;}}\";s:2:\"js\";s:0:\"\";s:18:\"current_block_list\";a:13:{i:0;s:11:\"core\/search\";i:1;s:10:\"core\/group\";i:2;s:12:\"core\/heading\";i:3;s:17:\"core\/latest-posts\";i:4;s:20:\"core\/latest-comments\";i:5;s:13:\"core\/archives\";i:6;s:15:\"core\/categories\";i:7;s:14:\"core\/paragraph\";i:8;s:10:\"uagb\/image\";i:9;s:11:\"core\/spacer\";i:10;s:30:\"woocommerce\/product-categories\";i:11;s:10:\"core\/image\";i:12;s:14:\"core\/shortcode\";}s:8:\"uag_flag\";b:1;s:11:\"uag_version\";s:10:\"1777233786\";s:6:\"gfonts\";a:0:{}s:10:\"gfonts_url\";s:0:\"\";s:12:\"gfonts_files\";a:0:{}s:14:\"uag_faq_layout\";b:0;}"]},"uagb_featured_image_src":{"full":["https:\/\/www.ferberpainting.com\/wp-content\/uploads\/2025\/05\/Epoxy-Resin-Cleaner-5L.png",2560,2560,false],"thumbnail":["https:\/\/www.ferberpainting.com\/wp-content\/uploads\/2025\/05\/Epoxy-Resin-Cleaner-5L-150x150.png",150,150,true],"medium":["https:\/\/www.ferberpainting.com\/wp-content\/uploads\/2025\/05\/Epoxy-Resin-Cleaner-5L-300x300.png",300,300,true],"medium_large":["https:\/\/www.ferberpainting.com\/wp-content\/uploads\/2025\/05\/Epoxy-Resin-Cleaner-5L-768x768.png",768,768,true],"large":["https:\/\/www.ferberpainting.com\/wp-content\/uploads\/2025\/05\/Epoxy-Resin-Cleaner-5L-1024x1024.png",1024,1024,true],"1536x1536":["https:\/\/www.ferberpainting.com\/wp-content\/uploads\/2025\/05\/Epoxy-Resin-Cleaner-5L-1536x1536.png",1536,1536,true],"2048x2048":["https:\/\/www.ferberpainting.com\/wp-content\/uploads\/2025\/05\/Epoxy-Resin-Cleaner-5L-2048x2048.png",2048,2048,true],"trp-custom-language-flag":["https:\/\/www.ferberpainting.com\/wp-content\/uploads\/2025\/05\/Epoxy-Resin-Cleaner-5L-12x12.png",12,12,true],"woocommerce_thumbnail":["https:\/\/www.ferberpainting.com\/wp-content\/uploads\/2025\/05\/Epoxy-Resin-Cleaner-5L-300x300.png",300,300,true],"woocommerce_single":["https:\/\/www.ferberpainting.com\/wp-content\/uploads\/2025\/05\/Epoxy-Resin-Cleaner-5L-600x600.png",600,600,true],"woocommerce_gallery_thumbnail":["https:\/\/www.ferberpainting.com\/wp-content\/uploads\/2025\/05\/Epoxy-Resin-Cleaner-5L-100x100.png",100,100,true]},"uagb_author_info":{"display_name":"admin","author_link":"https:\/\/www.ferberpainting.com\/fi\/author\/"},"uagb_comment_info":11,"uagb_excerpt":"Optimal Efficiency.\u00a0This cleaner for epoxy resin is specially designed to effectively eliminate residues, stains, and impurities that can build up on epoxy resin surfaces after their application or use. It penetrates deeply to dissolve dirt, grease, embedded dust, and even limescale deposits without damaging the glossy and protective finish of the resin. Its powerful formula&hellip;","_links":{"self":[{"href":"https:\/\/www.ferberpainting.com\/fi\/wp-json\/wp\/v2\/product\/23211","targetHints":{"allow":["GET"]}}],"collection":[{"href":"https:\/\/www.ferberpainting.com\/fi\/wp-json\/wp\/v2\/product"}],"about":[{"href":"https:\/\/www.ferberpainting.com\/fi\/wp-json\/wp\/v2\/types\/product"}],"replies":[{"embeddable":true,"href":"https:\/\/www.ferberpainting.com\/fi\/wp-json\/wp\/v2\/comments?post=23211"}],"version-history":[{"count":6,"href":"https:\/\/www.ferberpainting.com\/fi\/wp-json\/wp\/v2\/product\/23211\/revisions"}],"predecessor-version":[{"id":166105,"href":"https:\/\/www.ferberpainting.com\/fi\/wp-json\/wp\/v2\/product\/23211\/revisions\/166105"}],"wp:featuredmedia":[{"embeddable":true,"href":"https:\/\/www.ferberpainting.com\/fi\/wp-json\/wp\/v2\/media\/36466"}],"wp:attachment":[{"href":"https:\/\/www.ferberpainting.com\/fi\/wp-json\/wp\/v2\/media?parent=23211"}],"wp:term":[{"taxonomy":"product_brand","embeddable":true,"href":"https:\/\/www.ferberpainting.com\/fi\/wp-json\/wp\/v2\/product_brand?post=23211"},{"taxonomy":"product_cat","embeddable":true,"href":"https:\/\/www.ferberpainting.com\/fi\/wp-json\/wp\/v2\/product_cat?post=23211"},{"taxonomy":"product_tag","embeddable":true,"href":"https:\/\/www.ferberpainting.com\/fi\/wp-json\/wp\/v2\/product_tag?post=23211"}],"curies":[{"name":"wp","href":"https:\/\/api.w.org\/{rel}","templated":true}]}}