{"id":23208,"date":"2025-05-26T10:23:20","date_gmt":"2025-05-26T08:23:20","guid":{"rendered":"https:\/\/www.ferberpainting.com\/products\/dry-rot-treatment\/"},"modified":"2026-02-15T13:53:39","modified_gmt":"2026-02-15T12:53:39","slug":"dry-rot-treatment","status":"publish","type":"product","link":"https:\/\/www.ferberpainting.com\/fi\/products\/dry-rot-treatment\/","title":{"rendered":"Kuivam\u00e4d\u00e4n torjunta"},"content":{"rendered":"<p><strong><img decoding=\"async\" style=\"margin-right: 12px;\" src=\"https:\/\/www.ferberpainting.com\/wp-content\/uploads\/2026\/02\/Check.svg\" alt=\"\" width=\"18\" height=\"15\" \/>Poistaa kuivam\u00e4d\u00e4n sen l\u00e4hteelt\u00e4 ja suojaa puuta pysyv\u00e4sti.<\/strong> Kuivam\u00e4d\u00e4n torjunta-aineemme on erityisesti suunniteltu pys\u00e4ytt\u00e4m\u00e4\u00e4n sienim\u00e4t\u00e4 suoraan sen alkul\u00e4hteell\u00e4, tunkeutumalla syv\u00e4lle tartunnan saaneeseen puuhun ja ymp\u00e4r\u00f6iviin alueisiin aktiivisten iti\u00f6iden h\u00e4vitt\u00e4miseksi ja levi\u00e4misen est\u00e4miseksi. Se toimii rakenteellisella tasolla vakauttamalla puutavaraa ja palauttamalla sen eheyden, mik\u00e4 auttaa suojaamaan palkkeja, palkkeja, runkoja, lattioita ja muita puuelementtej\u00e4 asteittaiselta rappeutumiselta.<\/p>\n<p><strong><img decoding=\"async\" style=\"margin-right: 12px;\" src=\"https:\/\/www.ferberpainting.com\/wp-content\/uploads\/2026\/02\/Check.svg\" alt=\"\" width=\"18\" height=\"15\" \/>Markkinoiden tehokkain kuivam\u00e4d\u00e4tysratkaisu.<\/strong> Kehittyneell\u00e4 sienitautien torjuntatekniikalla suunniteltu k\u00e4sittely tunkeutuu huokoisiin puukuituihin ja neutraloi kuivam\u00e4d\u00e4n sieni\u00e4 ylivoimaisen tehokkaasti. Toisin kuin pinnalliset pintatuotteet, se vaikuttaa syv\u00e4ll\u00e4 alustan sis\u00e4ll\u00e4 varmistaen pitk\u00e4aikaisen suojan ja luotettavan rakenteellisen vahvistuksen.<\/p>\n<p><strong><img decoding=\"async\" style=\"margin-right: 12px;\" src=\"https:\/\/www.ferberpainting.com\/wp-content\/uploads\/2026\/02\/Check.svg\" alt=\"\" width=\"18\" height=\"15\" \/>Rahat takaisin -takuu takaa t\u00e4ydellisen mielenrauhan.<\/strong> Luotamme t\u00e4ysin kuivam\u00e4d\u00e4nk\u00e4sittelyn tehokkuuteen. Jos et ole t\u00e4ysin tyytyv\u00e4inen tuloksiin, palautamme ostoksesi. Rahat takaisin -takuumme takaa, ett\u00e4 investointisi on t\u00e4ysin riskit\u00f6n ja heijastaa sitoutumistamme ammattilaistason tehokkuuteen.<\/p>\n<p><strong><img decoding=\"async\" style=\"margin-right: 12px;\" src=\"https:\/\/www.ferberpainting.com\/wp-content\/uploads\/2026\/02\/Check.svg\" alt=\"\" width=\"18\" height=\"15\" \/>Halvin saatavilla oleva tehokas kuivam\u00e4d\u00e4n k\u00e4sittely.<\/strong> Rakenteellisen puun s\u00e4ilytt\u00e4misen ei tarvitse edellytt\u00e4\u00e4 kalliita urakoitsijan toimenpiteit\u00e4. Tuotteemme tarjoaa ensiluokkaisen sienitautisuojauksen markkinoiden kilpailukykyisimp\u00e4\u00e4n hintaan, mik\u00e4 tarjoaa poikkeuksellista vastinetta asunnonomistajille, is\u00e4nn\u00f6itsij\u00f6ille ja ammattilaisille.<\/p>\n<p><strong><img decoding=\"async\" style=\"margin-right: 12px;\" src=\"https:\/\/www.ferberpainting.com\/wp-content\/uploads\/2026\/02\/Check.svg\" alt=\"\" width=\"18\" height=\"15\" \/>Nopea 24 tunnin toimitus kiireelliseen rakennesuojaukseen.<\/strong> Kuivam\u00e4t\u00e4 voi levit\u00e4 nopeasti, jos se j\u00e4tet\u00e4\u00e4n k\u00e4sittelem\u00e4tt\u00e4. Siksi tarjoamme luotettavan 24 tunnin toimituksen, joka takaa, ett\u00e4 saat hoidon nopeasti ja voit toimia v\u00e4litt\u00f6m\u00e4sti vahinkojen rajoittamiseksi ja lis\u00e4rappeutumisen est\u00e4miseksi.<\/p>\n<p><strong><img decoding=\"async\" style=\"margin-right: 12px;\" src=\"https:\/\/www.ferberpainting.com\/wp-content\/uploads\/2026\/02\/Check.svg\" alt=\"\" width=\"18\" height=\"15\" \/>Peittokyky jopa 5 m\u00b2 litraa kohden tarkkaa levityst\u00e4 varten.<\/strong> Yksi litra peitt\u00e4\u00e4 jopa 5 neli\u00f6metri\u00e4, mik\u00e4 mahdollistaa tarkan annostelun ja varmistaa, ett\u00e4 puutavara on riitt\u00e4v\u00e4sti kyll\u00e4stetty. T\u00e4m\u00e4 m\u00e4\u00e4ritelty peittokyky takaa optimaalisen tunkeutumisen ja pitk\u00e4aikaisen suojan.<\/p>\n<p><strong><img decoding=\"async\" style=\"margin-right: 12px;\" src=\"https:\/\/www.ferberpainting.com\/wp-content\/uploads\/2026\/02\/Check.svg\" alt=\"\" width=\"18\" height=\"15\" \/>Syv\u00e4lle tunkeutuva, kattava suojaus.<\/strong> Matalaviskositeettisen koostumuksen ansiosta tuote imeytyy puukuitujen ja viereisen muurauksen sis\u00e4\u00e4n, jolloin se kohdistuu piilossa oleviin sienilankoihin ja iti\u00f6ihin. T\u00e4m\u00e4 syv\u00e4lle ulottuva vaikutus v\u00e4hent\u00e4\u00e4 uusiutumisriski\u00e4 ja varmistaa tartunnan t\u00e4ydellisen h\u00e4vitt\u00e4misen.<\/p>\n<p><strong><img decoding=\"async\" style=\"margin-right: 12px;\" src=\"https:\/\/www.ferberpainting.com\/wp-content\/uploads\/2026\/02\/Check.svg\" alt=\"\" width=\"18\" height=\"15\" \/>Est\u00e4\u00e4 sienien kehittymisen tulevaisuudessa.<\/strong> Sen lis\u00e4ksi, ett\u00e4 k\u00e4sittely poistaa aktiivisen kuivam\u00e4d\u00e4n, se j\u00e4tt\u00e4\u00e4 j\u00e4lkeens\u00e4 suoja-aineita, jotka luovat vihamielisen ymp\u00e4rist\u00f6n tulevalle sienikasvustolle ja auttavat suojaamaan puurakenteita toistuvilta tartunnoilta.<\/p>\n<p><strong><img decoding=\"async\" style=\"margin-right: 12px;\" src=\"https:\/\/www.ferberpainting.com\/wp-content\/uploads\/2026\/02\/Check.svg\" alt=\"\" width=\"18\" height=\"15\" \/>Soveltuu rakenteellisiin ja koristeellisiin puuelementteihin.<\/strong> T\u00e4m\u00e4 k\u00e4sittely sopii erinomaisesti palkeille, lattialaudoille, ovenkarmeille, ikkunanpuitteille, kattopuille, portaille ja muille puuosille, joita kuivam\u00e4t\u00e4 vaivaa. Sit\u00e4 voidaan k\u00e4ytt\u00e4\u00e4 asuin-, liike- ja historiallisissa rakennuksissa.<\/p>\n<p><strong><img decoding=\"async\" style=\"margin-right: 12px;\" src=\"https:\/\/www.ferberpainting.com\/wp-content\/uploads\/2026\/02\/Check.svg\" alt=\"\" width=\"18\" height=\"15\" \/>Vahvistaa ja vakauttaa vaurioitunutta puuta.<\/strong> Pys\u00e4ytt\u00e4m\u00e4ll\u00e4 sienien aiheuttaman hajoamisen ja vahvistamalla sis\u00e4isi\u00e4 kuituja k\u00e4sittely auttaa s\u00e4ilytt\u00e4m\u00e4\u00e4n j\u00e4ljell\u00e4 olevan rakenteellisen lujuuden ja pident\u00e4m\u00e4\u00e4n olemassa olevan puutavaran k\u00e4ytt\u00f6ik\u00e4\u00e4 ilman v\u00e4lit\u00f6nt\u00e4 uusimista.<\/p>\n<h2><strong>Ohjeet<\/strong><\/h2>\n<ul>\n<li>Selvit\u00e4 ja poista kosteuden l\u00e4hde ennen k\u00e4sittelyn aloittamista, sill\u00e4 kuivam\u00e4t\u00e4 kehittyy kosteissa olosuhteissa. Varmista asianmukainen ilmanvaihto ja poista vuodot.<\/li>\n<li>Poista vakavasti vaurioituneet tai rakenteellisesti heikentyneet puuosat tarvittaessa ennen levityst\u00e4.<\/li>\n<li>Puhdista vaurioitunut alue harjaamalla irtonaiset roskat, p\u00f6ly ja n\u00e4kyv\u00e4 sienikasvusto pois.<\/li>\n<li>Varmista, ett\u00e4 puupinta on mahdollisimman kuiva ennen k\u00e4sittely\u00e4, jotta se imeytyy mahdollisimman hyvin.<\/li>\n<li>Ravista tai sekoita tuote huolellisesti ennen k\u00e4ytt\u00f6\u00e4 tasaisen koostumuksen varmistamiseksi.<\/li>\n<li>Levit\u00e4 runsaasti siveltimell\u00e4, telalla tai matalapaineruiskulla, jotta vaurioitunut puu kyll\u00e4styy.<\/li>\n<li>Noudata suositeltua peittokyky\u00e4, joka on enint\u00e4\u00e4n 5 m\u00b2 litraa kohti. T\u00e4m\u00e4 vastaa noin 200 ml:aa neli\u00f6metri\u00e4 kohti riitt\u00e4v\u00e4n tunkeutumisen varmistamiseksi.<\/li>\n<li>Kiinnit\u00e4 erityist\u00e4 huomiota p\u00e4\u00e4tyihin, saumoihin, halkeamiin ja ymp\u00e4r\u00f6iv\u00e4\u00e4n muuraukseen, joissa sieni-iti\u00f6t voivat levit\u00e4.<\/li>\n<li>Syv\u00e4sti vaurioituneeseen puutavaraan voidaan tarvita useita kerroksia. Anna ensimm\u00e4isen kerroksen imeyty\u00e4 t\u00e4ysin ennen toisen kerroksen levitt\u00e4mist\u00e4.<\/li>\n<li>Jos tartunta on vakava, voidaan k\u00e4ytt\u00e4\u00e4 poraus- ja injektointimenetelmi\u00e4, joilla voidaan lis\u00e4t\u00e4 syv\u00e4lle tunkeutumista paksuihin palkkeihin.<\/li>\n<li>Anna k\u00e4sitellyn puun kuivua kokonaan ennen tiivist\u00e4mist\u00e4, maalaamista tai lis\u00e4maalausta.<\/li>\n<li>Huolehdi, ett\u00e4 k\u00e4sitellyt alueet pysyv\u00e4t kuivina ja hyvin tuuletettuina, jotta ne eiv\u00e4t uusiudu.<\/li>\n<li>Puhdista ty\u00f6kalut heti k\u00e4yt\u00f6n j\u00e4lkeen ja s\u00e4ilyt\u00e4 tuote viile\u00e4ss\u00e4, kuivassa paikassa, jossa ei ole suoraa auringonvaloa, ja s\u00e4ilyt\u00e4 s\u00e4ili\u00f6 tiiviisti suljettuna.<\/li>\n<\/ul>","protected":false},"excerpt":{"rendered":"<p>Eliminates dry rot at its source and protect wood permanently. Our dry rot treatment is specially formulated to stop fungal decay directly at the source, penetrating deep into infected wood and surrounding areas to eradicate active spores and prevent further spread. It works at structural level to stabilize timber and restore integrity, helping to protect [&hellip;]<\/p>\n","protected":false},"featured_media":25760,"comment_status":"open","ping_status":"closed","template":"","meta":{"_uag_custom_page_level_css":"","site-sidebar-layout":"default","site-content-layout":"","ast-site-content-layout":"default","site-content-style":"default","site-sidebar-style":"default","ast-global-header-display":"","ast-banner-title-visibility":"","ast-main-header-display":"","ast-hfb-above-header-display":"","ast-hfb-below-header-display":"","ast-hfb-mobile-header-display":"","site-post-title":"","ast-breadcrumbs-content":"","ast-featured-img":"","footer-sml-layout":"","ast-disable-related-posts":"","theme-transparent-header-meta":"default","adv-header-id-meta":"","stick-header-meta":"","header-above-stick-meta":"","header-main-stick-meta":"","header-below-stick-meta":"","astra-migrate-meta-layouts":"set","ast-page-background-enabled":"default","ast-page-background-meta":{"desktop":{"background-color":"var(--ast-global-color-4)","background-image":"","background-repeat":"repeat","background-position":"center center","background-size":"auto","background-attachment":"scroll","background-type":"","background-media":"","overlay-type":"","overlay-color":"","overlay-opacity":"","overlay-gradient":""},"tablet":{"background-color":"","background-image":"","background-repeat":"repeat","background-position":"center center","background-size":"auto","background-attachment":"scroll","background-type":"","background-media":"","overlay-type":"","overlay-color":"","overlay-opacity":"","overlay-gradient":""},"mobile":{"background-color":"","background-image":"","background-repeat":"repeat","background-position":"center center","background-size":"auto","background-attachment":"scroll","background-type":"","background-media":"","overlay-type":"","overlay-color":"","overlay-opacity":"","overlay-gradient":""}},"ast-content-background-meta":{"desktop":{"background-color":"var(--ast-global-color-5)","background-image":"","background-repeat":"repeat","background-position":"center center","background-size":"auto","background-attachment":"scroll","background-type":"","background-media":"","overlay-type":"","overlay-color":"","overlay-opacity":"","overlay-gradient":""},"tablet":{"background-color":"var(--ast-global-color-5)","background-image":"","background-repeat":"repeat","background-position":"center center","background-size":"auto","background-attachment":"scroll","background-type":"","background-media":"","overlay-type":"","overlay-color":"","overlay-opacity":"","overlay-gradient":""},"mobile":{"background-color":"var(--ast-global-color-5)","background-image":"","background-repeat":"repeat","background-position":"center center","background-size":"auto","background-attachment":"scroll","background-type":"","background-media":"","overlay-type":"","overlay-color":"","overlay-opacity":"","overlay-gradient":""}}},"product_brand":[],"product_cat":[175],"product_tag":[],"class_list":{"0":"post-23208","1":"product","2":"type-product","3":"status-publish","4":"has-post-thumbnail","6":"product_cat-cleaning-products","7":"desktop-align-left","8":"tablet-align-left","9":"mobile-align-left","11":"first","12":"instock","13":"sale","14":"taxable","15":"shipping-taxable","16":"purchasable","17":"product-type-variable","18":"has-default-attributes"},"spectra_custom_meta":{"_visibility":["visible"],"_shopify_product_id":["7955509182709"],"_s2w_shopify_domain":["ferberpainting.myshopify.com"],"_shopify_variant_id":["43515601846517"],"_sku":[""],"_manage_stock":["no"],"total_sales":["167"],"_tax_status":["taxable"],"_tax_class":[""],"_backorders":["no"],"_sold_individually":["no"],"_virtual":["no"],"_downloadable":["no"],"_download_limit":["-1"],"_download_expiry":["-1"],"_stock":[null],"_stock_status":["instock"],"_wc_average_rating":["4.93"],"_wc_review_count":["57"],"_product_attributes":["a:1:{s:6:\"volume\";a:6:{s:4:\"name\";s:6:\"Volume\";s:5:\"value\";s:20:\"5 liters | 25 liters\";s:8:\"position\";i:1;s:10:\"is_visible\";i:0;s:12:\"is_variation\";i:1;s:11:\"is_taxonomy\";i:0;}}"],"_product_version":["10.5.1"],"_thumbnail_id":["25760"],"_price":["29.90","99.90"],"_product_image_gallery":["25761"],"merchant-center-availability":["yes"],"merchant-center-category":["3103"],"merchant-center-id":["DRT"],"wpse_downloadable_file_names":[""],"wpse_downloadable_file_urls":[""],"_edit_last":["1"],"_default_attributes":["a:1:{s:6:\"volume\";s:8:\"5 liters\";}"],"_wc_rating_count":["a:2:{i:4;i:4;i:5;i:53;}"],"_edit_lock":["1771159929:1"],"_wp_page_template":["default"],"site-sidebar-layout":["default"],"ast-site-content-layout":["default"],"site-content-style":["default"],"site-sidebar-style":["default"],"theme-transparent-header-meta":["default"],"astra-migrate-meta-layouts":["set"],"_uag_css_file_name":["uag-css-23208.css"],"_elementor_page_assets":["a:0:{}"],"_uag_page_assets":["a:9:{s:3:\"css\";s:7133:\".uag-blocks-common-selector{z-index:var(--z-index-desktop) !important}@media(max-width: 976px){.uag-blocks-common-selector{z-index:var(--z-index-tablet) !important}}@media(max-width: 767px){.uag-blocks-common-selector{z-index:var(--z-index-mobile) !important}}.wp-block-uagb-image{display:flex}.wp-block-uagb-image__figure{position:relative;display:flex;flex-direction:column;max-width:100%;height:auto;margin:0}.wp-block-uagb-image__figure img{height:auto;display:flex;max-width:100%;transition:box-shadow .2s ease}.wp-block-uagb-image__figure>a{display:inline-block}.wp-block-uagb-image__figure figcaption{text-align:center;margin-top:.5em;margin-bottom:1em}.wp-block-uagb-image .components-placeholder.block-editor-media-placeholder .components-placeholder__instructions{align-self:center}.wp-block-uagb-image--align-left{text-align:left}.wp-block-uagb-image--align-right{text-align:right}.wp-block-uagb-image--align-center{text-align:center}.wp-block-uagb-image--align-full .wp-block-uagb-image__figure{margin-left:calc(50% - 50vw);margin-right:calc(50% - 50vw);max-width:100vw;width:100vw;height:auto}.wp-block-uagb-image--align-full .wp-block-uagb-image__figure img{height:auto;width:100% !important}.wp-block-uagb-image--align-wide .wp-block-uagb-image__figure img{height:auto;width:100%}.wp-block-uagb-image--layout-overlay__color-wrapper{position:absolute;left:0;top:0;right:0;bottom:0;opacity:.2;background:rgba(0,0,0,.5);transition:opacity .35s ease-in-out}.wp-block-uagb-image--layout-overlay-link{position:absolute;left:0;right:0;bottom:0;top:0}.wp-block-uagb-image--layout-overlay .wp-block-uagb-image__figure:hover .wp-block-uagb-image--layout-overlay__color-wrapper{opacity:1}.wp-block-uagb-image--layout-overlay__inner{position:absolute;left:15px;right:15px;bottom:15px;top:15px;display:flex;align-items:center;justify-content:center;flex-direction:column;border-color:#fff;transition:.35s ease-in-out}.wp-block-uagb-image--layout-overlay__inner.top-left,.wp-block-uagb-image--layout-overlay__inner.top-center,.wp-block-uagb-image--layout-overlay__inner.top-right{justify-content:flex-start}.wp-block-uagb-image--layout-overlay__inner.bottom-left,.wp-block-uagb-image--layout-overlay__inner.bottom-center,.wp-block-uagb-image--layout-overlay__inner.bottom-right{justify-content:flex-end}.wp-block-uagb-image--layout-overlay__inner.top-left,.wp-block-uagb-image--layout-overlay__inner.center-left,.wp-block-uagb-image--layout-overlay__inner.bottom-left{align-items:flex-start}.wp-block-uagb-image--layout-overlay__inner.top-right,.wp-block-uagb-image--layout-overlay__inner.center-right,.wp-block-uagb-image--layout-overlay__inner.bottom-right{align-items:flex-end}.wp-block-uagb-image--layout-overlay__inner .uagb-image-heading{color:#fff;transition:transform .35s,opacity .35s ease-in-out;transform:translate3d(0, 24px, 0);margin:0;line-height:1em}.wp-block-uagb-image--layout-overlay__inner .uagb-image-separator{width:30%;border-top-width:2px;border-top-color:#fff;border-top-style:solid;margin-bottom:10px;opacity:0;transition:transform .4s,opacity .4s ease-in-out;transform:translate3d(0, 30px, 0)}.wp-block-uagb-image--layout-overlay__inner .uagb-image-caption{opacity:0;overflow:visible;color:#fff;transition:transform .45s,opacity .45s ease-in-out;transform:translate3d(0, 35px, 0)}.wp-block-uagb-image--layout-overlay__inner:hover .uagb-image-heading,.wp-block-uagb-image--layout-overlay__inner:hover .uagb-image-separator,.wp-block-uagb-image--layout-overlay__inner:hover .uagb-image-caption{opacity:1;transform:translate3d(0, 0, 0)}.wp-block-uagb-image--effect-zoomin .wp-block-uagb-image__figure img,.wp-block-uagb-image--effect-zoomin .wp-block-uagb-image__figure .wp-block-uagb-image--layout-overlay__color-wrapper{transform:scale(1);transition:transform .35s ease-in-out}.wp-block-uagb-image--effect-zoomin .wp-block-uagb-image__figure:hover img,.wp-block-uagb-image--effect-zoomin .wp-block-uagb-image__figure:hover .wp-block-uagb-image--layout-overlay__color-wrapper{transform:scale(1.05)}.wp-block-uagb-image--effect-slide .wp-block-uagb-image__figure img,.wp-block-uagb-image--effect-slide .wp-block-uagb-image__figure .wp-block-uagb-image--layout-overlay__color-wrapper{width:calc(100% + 40px) !important;max-width:none !important;transform:translate3d(-40px, 0, 0);transition:transform .35s ease-in-out}.wp-block-uagb-image--effect-slide .wp-block-uagb-image__figure:hover img,.wp-block-uagb-image--effect-slide .wp-block-uagb-image__figure:hover .wp-block-uagb-image--layout-overlay__color-wrapper{transform:translate3d(0, 0, 0)}.wp-block-uagb-image--effect-grayscale img{filter:grayscale(0%);transition:.35s ease-in-out}.wp-block-uagb-image--effect-grayscale:hover img{filter:grayscale(100%)}.wp-block-uagb-image--effect-blur img{filter:blur(0);transition:.35s ease-in-out}.wp-block-uagb-image--effect-blur:hover img{filter:blur(3px)}.uagb-block-e6f939b3.wp-block-uagb-image--layout-default figure img{box-shadow: 0px 0px 0 #00000070;}.uagb-block-e6f939b3.wp-block-uagb-image .wp-block-uagb-image__figure figcaption{font-style: normal;align-self: center;}.uagb-block-e6f939b3.wp-block-uagb-image--layout-overlay figure img{box-shadow: 0px 0px 0 #00000070;}.uagb-block-e6f939b3.wp-block-uagb-image--layout-overlay .wp-block-uagb-image--layout-overlay__color-wrapper{opacity: 0.2;}.uagb-block-e6f939b3.wp-block-uagb-image--layout-overlay .wp-block-uagb-image--layout-overlay__inner{left: 15px;right: 15px;top: 15px;bottom: 15px;}.uagb-block-e6f939b3.wp-block-uagb-image--layout-overlay .wp-block-uagb-image--layout-overlay__inner .uagb-image-heading{font-style: normal;color: #fff;opacity: 1;}.uagb-block-e6f939b3.wp-block-uagb-image--layout-overlay .wp-block-uagb-image--layout-overlay__inner .uagb-image-heading a{color: #fff;}.uagb-block-e6f939b3.wp-block-uagb-image--layout-overlay .wp-block-uagb-image--layout-overlay__inner .uagb-image-caption{opacity: 0;}.uagb-block-e6f939b3.wp-block-uagb-image--layout-overlay .wp-block-uagb-image__figure:hover .wp-block-uagb-image--layout-overlay__color-wrapper{opacity: 1;}.uagb-block-e6f939b3.wp-block-uagb-image .wp-block-uagb-image--layout-overlay__inner .uagb-image-separator{width: 30%;border-top-width: 2px;border-top-color: #fff;opacity: 0;}.uagb-block-e6f939b3.wp-block-uagb-image .wp-block-uagb-image__figure img{width: px;height: auto;}.uagb-block-e6f939b3.wp-block-uagb-image .wp-block-uagb-image__figure:hover .wp-block-uagb-image--layout-overlay__inner .uagb-image-caption{opacity: 1;}.uagb-block-e6f939b3.wp-block-uagb-image .wp-block-uagb-image__figure:hover .wp-block-uagb-image--layout-overlay__inner .uagb-image-separator{opacity: 1;}.uagb-block-e6f939b3.wp-block-uagb-image--layout-default figure:hover img{box-shadow: 0px 0px 0 #00000070;}.uagb-block-e6f939b3.wp-block-uagb-image--layout-overlay figure:hover img{box-shadow: 0px 0px 0 #00000070;}@media only screen and (max-width: 976px) {.uagb-block-e6f939b3.wp-block-uagb-image .wp-block-uagb-image__figure img{width: px;height: auto;}}@media only screen and (max-width: 767px) {.uagb-block-e6f939b3.wp-block-uagb-image .wp-block-uagb-image__figure img{width: px;height: auto;}}\";s:2:\"js\";s:0:\"\";s:18:\"current_block_list\";a:13:{i:0;s:11:\"core\/search\";i:1;s:10:\"core\/group\";i:2;s:12:\"core\/heading\";i:3;s:17:\"core\/latest-posts\";i:4;s:20:\"core\/latest-comments\";i:5;s:13:\"core\/archives\";i:6;s:15:\"core\/categories\";i:7;s:14:\"core\/paragraph\";i:8;s:10:\"uagb\/image\";i:9;s:11:\"core\/spacer\";i:10;s:30:\"woocommerce\/product-categories\";i:11;s:10:\"core\/image\";i:12;s:14:\"core\/shortcode\";}s:8:\"uag_flag\";b:1;s:11:\"uag_version\";s:10:\"1777363053\";s:6:\"gfonts\";a:0:{}s:10:\"gfonts_url\";s:0:\"\";s:12:\"gfonts_files\";a:0:{}s:14:\"uag_faq_layout\";b:0;}"]},"uagb_featured_image_src":{"full":["https:\/\/www.ferberpainting.com\/wp-content\/uploads\/2025\/05\/DRYROTTREATEMENT5L.jpg",2560,2560,false],"thumbnail":["https:\/\/www.ferberpainting.com\/wp-content\/uploads\/2025\/05\/DRYROTTREATEMENT5L-150x150.jpg",150,150,true],"medium":["https:\/\/www.ferberpainting.com\/wp-content\/uploads\/2025\/05\/DRYROTTREATEMENT5L-300x300.jpg",300,300,true],"medium_large":["https:\/\/www.ferberpainting.com\/wp-content\/uploads\/2025\/05\/DRYROTTREATEMENT5L-768x768.jpg",768,768,true],"large":["https:\/\/www.ferberpainting.com\/wp-content\/uploads\/2025\/05\/DRYROTTREATEMENT5L-1024x1024.jpg",1024,1024,true],"1536x1536":["https:\/\/www.ferberpainting.com\/wp-content\/uploads\/2025\/05\/DRYROTTREATEMENT5L-1536x1536.jpg",1536,1536,true],"2048x2048":["https:\/\/www.ferberpainting.com\/wp-content\/uploads\/2025\/05\/DRYROTTREATEMENT5L-2048x2048.jpg",2048,2048,true],"trp-custom-language-flag":["https:\/\/www.ferberpainting.com\/wp-content\/uploads\/2025\/05\/DRYROTTREATEMENT5L-12x12.jpg",12,12,true],"woocommerce_thumbnail":["https:\/\/www.ferberpainting.com\/wp-content\/uploads\/2025\/05\/DRYROTTREATEMENT5L-300x300.jpg",300,300,true],"woocommerce_single":["https:\/\/www.ferberpainting.com\/wp-content\/uploads\/2025\/05\/DRYROTTREATEMENT5L-600x600.jpg",600,600,true],"woocommerce_gallery_thumbnail":["https:\/\/www.ferberpainting.com\/wp-content\/uploads\/2025\/05\/DRYROTTREATEMENT5L-100x100.jpg",100,100,true]},"uagb_author_info":{"display_name":"admin","author_link":"https:\/\/www.ferberpainting.com\/fi\/author\/"},"uagb_comment_info":57,"uagb_excerpt":"Eliminates dry rot at its source and protect wood permanently. Our dry rot treatment is specially formulated to stop fungal decay directly at the source, penetrating deep into infected wood and surrounding areas to eradicate active spores and prevent further spread. It works at structural level to stabilize timber and restore integrity, helping to protect&hellip;","_links":{"self":[{"href":"https:\/\/www.ferberpainting.com\/fi\/wp-json\/wp\/v2\/product\/23208","targetHints":{"allow":["GET"]}}],"collection":[{"href":"https:\/\/www.ferberpainting.com\/fi\/wp-json\/wp\/v2\/product"}],"about":[{"href":"https:\/\/www.ferberpainting.com\/fi\/wp-json\/wp\/v2\/types\/product"}],"replies":[{"embeddable":true,"href":"https:\/\/www.ferberpainting.com\/fi\/wp-json\/wp\/v2\/comments?post=23208"}],"version-history":[{"count":4,"href":"https:\/\/www.ferberpainting.com\/fi\/wp-json\/wp\/v2\/product\/23208\/revisions"}],"predecessor-version":[{"id":166104,"href":"https:\/\/www.ferberpainting.com\/fi\/wp-json\/wp\/v2\/product\/23208\/revisions\/166104"}],"wp:featuredmedia":[{"embeddable":true,"href":"https:\/\/www.ferberpainting.com\/fi\/wp-json\/wp\/v2\/media\/25760"}],"wp:attachment":[{"href":"https:\/\/www.ferberpainting.com\/fi\/wp-json\/wp\/v2\/media?parent=23208"}],"wp:term":[{"taxonomy":"product_brand","embeddable":true,"href":"https:\/\/www.ferberpainting.com\/fi\/wp-json\/wp\/v2\/product_brand?post=23208"},{"taxonomy":"product_cat","embeddable":true,"href":"https:\/\/www.ferberpainting.com\/fi\/wp-json\/wp\/v2\/product_cat?post=23208"},{"taxonomy":"product_tag","embeddable":true,"href":"https:\/\/www.ferberpainting.com\/fi\/wp-json\/wp\/v2\/product_tag?post=23208"}],"curies":[{"name":"wp","href":"https:\/\/api.w.org\/{rel}","templated":true}]}}