{"id":23198,"date":"2025-05-26T10:23:16","date_gmt":"2025-05-26T08:23:16","guid":{"rendered":"https:\/\/www.ferberpainting.com\/products\/dipladenia-and-mandevilla-fertilizer\/"},"modified":"2026-02-15T13:48:45","modified_gmt":"2026-02-15T12:48:45","slug":"dipladenia-and-mandevilla-fertilizer","status":"publish","type":"product","link":"https:\/\/www.ferberpainting.com\/fi\/products\/dipladenia-and-mandevilla-fertilizer\/","title":{"rendered":"Dipladenia ja Mandevilla Lannoite"},"content":{"rendered":"<p><img decoding=\"async\" style=\"margin-right: 12px;\" src=\"https:\/\/www.ferberpainting.com\/wp-content\/uploads\/2026\/02\/Check.svg\" alt=\"\" width=\"18\" height=\"15\" \/><strong>Lannoite, joka on erityisesti suunniteltu dipladenioiden ja mandevillojen kasvuun ja runsaaseen kukintaan.<\/strong>\u00a0T\u00e4m\u00e4 lannoite on suunniteltu vastaamaan n\u00e4iden trooppisten k\u00f6ynn\u00f6sten erityistarpeita, jotka tunnetaan kirkkaista kukistaan ja rehevist\u00e4 lehdist\u00e4\u00e4n. Tasapainoisen NPK 15-15-15 -koostumuksensa ansiosta se sis\u00e4lt\u00e4\u00e4 typpe\u00e4 (N) tihe\u00e4n ja vihre\u00e4n lehdist\u00f6n, fosforia (P) kiinte\u00e4n juurtumisen ja kaliumia (K) kukinnan edist\u00e4miseksi. Sen nopeasti vaikuttava koostumus edist\u00e4\u00e4 voimakasta kasvua ja pitk\u00e4\u00e4 kukintaa, mik\u00e4 takaa upeasti kukkivan parvekkeen tai puutarhan koko kauden ajan.<\/p>\n<p><img decoding=\"async\" style=\"margin-right: 12px;\" src=\"https:\/\/www.ferberpainting.com\/wp-content\/uploads\/2026\/02\/Check.svg\" alt=\"\" width=\"18\" height=\"15\" \/><strong>Rahat takaisin -takuu.<\/strong>\u00a0Luotamme dipladenia- ja mandevilla-lannoitteemme tehokkuuteen, mink\u00e4 vuoksi tarjoamme rahanpalautustakuun. Jos suositustemme mukaisen asianmukaisen k\u00e4yt\u00f6n j\u00e4lkeen kasvisi ei osoita runsasta kukintaa tai tervett\u00e4 kasvua, sitoudumme palauttamaan sinulle rahasi t\u00e4ysim\u00e4\u00e4r\u00e4isesti, mik\u00e4 takaa huolettoman ostoksen.<\/p>\n<p><img decoding=\"async\" style=\"margin-right: 12px;\" src=\"https:\/\/www.ferberpainting.com\/wp-content\/uploads\/2026\/02\/Check.svg\" alt=\"\" width=\"18\" height=\"15\" \/><strong>Sopii kaikille lajikkeille ja erilaisiin kasvuolosuhteisiin.<\/strong>\u00a0T\u00e4m\u00e4 lannoite sopii kaikille dipladenia- ja mandevillalajikkeille, kasvatetaanpa niit\u00e4 ruukuissa, astioissa tai avoimessa maaper\u00e4ss\u00e4. Se toimii monenlaisilla kasvualustoilla, kuten kompostia, perliitti\u00e4, kookoskuitua tai hiekkaa sis\u00e4lt\u00e4vill\u00e4 ruukkusekoituksilla, varmistaen tehokkaan lannoituksen maaper\u00e4n koostumuksesta riippumatta. Se soveltuu erinomaisesti my\u00f6s huonekasveille, terassilla, parvekkeella tai puutarhassa oleville kasveille.<\/p>\n<p><img decoding=\"async\" style=\"margin-right: 12px;\" src=\"https:\/\/www.ferberpainting.com\/wp-content\/uploads\/2026\/02\/Check.svg\" alt=\"\" width=\"18\" height=\"15\" \/><strong>Kustannustehokas ja pitk\u00e4kestoinen lannoitus.<\/strong>\u00a0Eritt\u00e4in tiiviin nestem\u00e4isen koostumuksensa ansiosta 5 litran kanisterista voidaan valmistaa jopa 1000 litraa lannoiteliuosta, mik\u00e4 takaa pitk\u00e4aikaisen ja taloudellisen lannoituksen. Kun annostus on 5 ml litraa vett\u00e4 kohti, se mahdollistaa s\u00e4\u00e4nn\u00f6llisen ravinteiden annostelun ilman yliannostuksen riski\u00e4, mik\u00e4 optimoi sek\u00e4 kasvien kasvun ett\u00e4 kukinnan v\u00e4ltt\u00e4en samalla tuhlausta.<\/p>\n<p><img decoding=\"async\" style=\"margin-right: 12px;\" src=\"https:\/\/www.ferberpainting.com\/wp-content\/uploads\/2026\/02\/Check.svg\" alt=\"\" width=\"18\" height=\"15\" \/><strong>Turvallinen ja ymp\u00e4rist\u00f6yst\u00e4v\u00e4llinen lannoite.<\/strong>\u00a0T\u00e4m\u00e4 lannoite on turvallinen maaper\u00e4lle, luonnonvaraisille el\u00e4imille ja kukille ja takaa hell\u00e4varaisen lannoituksen, joka kunnioittaa puutarhan ekosysteemi\u00e4. Se ei sis\u00e4ll\u00e4 haitallisia elementtej\u00e4, jotka voisivat vaikuttaa biologiseen monimuotoisuuteen, ja edist\u00e4\u00e4 samalla hy\u00f6dyllist\u00e4 mikrobitoimintaa maaper\u00e4ss\u00e4. Se on turvallinen my\u00f6s lemmikkiel\u00e4imille ja lapsille, joten se sopii jokap\u00e4iv\u00e4iseen k\u00e4ytt\u00f6\u00f6n.<\/p>\n<p><img decoding=\"async\" style=\"margin-right: 12px;\" src=\"https:\/\/www.ferberpainting.com\/wp-content\/uploads\/2026\/02\/Check.svg\" alt=\"\" width=\"18\" height=\"15\" \/><strong>Helppo levitt\u00e4\u00e4 ja vaivaton lannoitus.<\/strong>\u00a0Toisin kuin kiinte\u00e4t lannoitteet, jotka on sekoitettava maaper\u00e4\u00e4n, t\u00e4m\u00e4 lannoite yksinkertaisesti laimennetaan kasteluveteen, mik\u00e4 takaa nopean ja tehokkaan imeytymisen juuriin ja lehtiin. Se voidaan levitt\u00e4\u00e4 suoraan kasvien tyvelle tai lehtisuihkuna, mik\u00e4 mahdollistaa helpon ja tehokkaan lannoituksen my\u00f6s aloitteleville puutarhureille.<\/p>\n<p><img decoding=\"async\" style=\"margin-right: 12px;\" src=\"https:\/\/www.ferberpainting.com\/wp-content\/uploads\/2026\/02\/Check.svg\" alt=\"\" width=\"18\" height=\"15\" \/><strong>Tehokas vaikutus voimakkaaseen kukintaan ja parempaan vastustuskykyyn.<\/strong>\u00a0Asteittaisen ravinteiden vapautumisen ansiosta t\u00e4m\u00e4 lannoite edist\u00e4\u00e4 jatkuvaa kukintaa ja pident\u00e4\u00e4 kukinta-aikaa. Se vahvistaa my\u00f6s kasvin vastustuskyky\u00e4 dipladenia- ja mandevillatauteja vastaan vaikeissa olosuhteissa, kuten kes\u00e4helteill\u00e4 tai kuivuusjaksoilla, varmistaen, ett\u00e4 kasvit pysyv\u00e4t tervein\u00e4 ja kirkkaan v\u00e4risin\u00e4.<\/p>\n<p><img decoding=\"async\" style=\"margin-right: 12px;\" src=\"https:\/\/www.ferberpainting.com\/wp-content\/uploads\/2026\/02\/Check.svg\" alt=\"\" width=\"18\" height=\"15\" \/><strong>N\u00e4kyvi\u00e4 tuloksia ensimm\u00e4isten viikkojen aikana.<\/strong>\u00a0T\u00e4m\u00e4 lannoite nopeuttaa uusien versojen tuotantoa, vahvistaa kukkien v\u00e4ri\u00e4 ja parantaa lehtien tiheytt\u00e4 heti ensimm\u00e4isest\u00e4 k\u00e4ytt\u00f6kerrasta l\u00e4htien. Muutamassa viikossa dipladeniat ja mandevillat kukkivat runsaammin ja pidemp\u00e4\u00e4n, ja niiden kukat ovat suurempia ja kirkkaampia, mik\u00e4 luo n\u00e4ytt\u00e4v\u00e4n vaikutelman parvekkeelle, terassille tai puutarhaan.<\/p>\n<h2><strong>K\u00e4ytt\u00f6protokolla<\/strong><\/h2>\n<ul>\n<li><strong>Lannoitteen laimennus <\/strong>:  Sekoita 5 ml lannoitetta 1 litraan vett\u00e4. Ravista liuosta hyvin ennen jokaista levityst\u00e4 ravinteiden tasaisen jakautumisen varmistamiseksi.<\/li>\n<li><strong>Soveltamismenetelm\u00e4 <\/strong>:\n<ul>\n<li><strong>Kastelemalla <\/strong>: Kaada laimennettu liuos suoraan kasvien juurelle varmistaen, ett\u00e4 kasvualusta on tasaisesti kostutettu ilman ylim\u00e4\u00e4r\u00e4ist\u00e4 ravinteiden huuhtoutumisen v\u00e4ltt\u00e4miseksi.<\/li>\n<li><strong>Lehtiruiskulla <\/strong>: Suihkuta liuos kevyesti lehdille varhain aamulla tai my\u00f6h\u00e4\u00e4n p\u00e4iv\u00e4ll\u00e4, jotta v\u00e4ltet\u00e4\u00e4n nopea haihtuminen ja maksimoidaan imeytyminen.<\/li>\n<\/ul>\n<\/li>\n<li><strong>K\u00e4ytt\u00f6taajuus <\/strong>: Levit\u00e4 lannoitetta 10-15 p\u00e4iv\u00e4n v\u00e4lein kasvu- ja kukinta-aikana (kev\u00e4t-kes\u00e4) ja kerran kuukaudessa lepotilan aikana (syksy-talvi) hyv\u00e4n ravinnetasapainon yll\u00e4pit\u00e4miseksi.<\/li>\n<li><strong>Lis\u00e4kastelu <\/strong>: Lannoitteen levitt\u00e4misen j\u00e4lkeen odota 48 tuntia ennen kuin kastelet uudelleen, jotta ravinteet imeytyv\u00e4t juuriin mahdollisimman hyvin.<\/li>\n<li><strong>K\u00e4ytt\u00f6\u00e4 koskevat varotoimet <\/strong>: \u00c4l\u00e4 ylit\u00e4 suositeltuja annoksia, jotta v\u00e4ltet\u00e4\u00e4n mineraalisuolojen liiallinen kertyminen kasvualustaan, mik\u00e4 voi hidastaa kasvien kasvua. Levit\u00e4 lannoite aina hieman kosteaan maahan optimaalisen imeytymisen varmistamiseksi.<\/li>\n<li><strong>Varastointi ja s\u00e4ilytys <\/strong>: S\u00e4ilyt\u00e4 lannoitetta kuivassa, lauhkeassa paikassa, suojattuna valolta ja kosteudelta. Sulje s\u00e4ili\u00f6 aina tiiviisti jokaisen k\u00e4ytt\u00f6kerran j\u00e4lkeen tuotteen tehokkuuden s\u00e4ilytt\u00e4miseksi ja haihtumisen v\u00e4ltt\u00e4miseksi.<\/li>\n<\/ul>\n<p>T\u00e4ll\u00e4 lannoitteella dipladenialle ja mandevillalle voit tarjota kasveillesi t\u00e4ydellisen ravinnon, joka sopii t\u00e4ydellisesti niiden erityistarpeisiin ja edist\u00e4\u00e4 voimakasta kasvua, jatkuvaa kukintaa ja parempaa kest\u00e4vyytt\u00e4 ulko-olosuhteissa. Se on ihanteellinen ratkaisu, jolla varmistat rehev\u00e4t kasvit ja elinvoimaiset kukat koko kasvukauden ajan, ja se korostaa ulkotilaasi n\u00e4ytt\u00e4vill\u00e4 ja kest\u00e4vill\u00e4 kukilla.<\/p>","protected":false},"excerpt":{"rendered":"<p>A fertilizer specially designed for the growth and abundant flowering of dipladenias and mandevillas.\u00a0This fertilizer has been formulated to meet the specific needs of these tropical climbing plants, known for their bright flowers and lush foliage. Thanks to its balanced composition NPK 15-15-15, it provides nitrogen (N) for dense and green foliage, phosphorus (P) for [&hellip;]<\/p>\n","protected":false},"featured_media":25753,"comment_status":"open","ping_status":"closed","template":"","meta":{"_uag_custom_page_level_css":"","site-sidebar-layout":"default","site-content-layout":"","ast-site-content-layout":"default","site-content-style":"default","site-sidebar-style":"default","ast-global-header-display":"","ast-banner-title-visibility":"","ast-main-header-display":"","ast-hfb-above-header-display":"","ast-hfb-below-header-display":"","ast-hfb-mobile-header-display":"","site-post-title":"","ast-breadcrumbs-content":"","ast-featured-img":"","footer-sml-layout":"","ast-disable-related-posts":"","theme-transparent-header-meta":"default","adv-header-id-meta":"","stick-header-meta":"","header-above-stick-meta":"","header-main-stick-meta":"","header-below-stick-meta":"","astra-migrate-meta-layouts":"set","ast-page-background-enabled":"default","ast-page-background-meta":{"desktop":{"background-color":"var(--ast-global-color-4)","background-image":"","background-repeat":"repeat","background-position":"center center","background-size":"auto","background-attachment":"scroll","background-type":"","background-media":"","overlay-type":"","overlay-color":"","overlay-opacity":"","overlay-gradient":""},"tablet":{"background-color":"","background-image":"","background-repeat":"repeat","background-position":"center center","background-size":"auto","background-attachment":"scroll","background-type":"","background-media":"","overlay-type":"","overlay-color":"","overlay-opacity":"","overlay-gradient":""},"mobile":{"background-color":"","background-image":"","background-repeat":"repeat","background-position":"center center","background-size":"auto","background-attachment":"scroll","background-type":"","background-media":"","overlay-type":"","overlay-color":"","overlay-opacity":"","overlay-gradient":""}},"ast-content-background-meta":{"desktop":{"background-color":"var(--ast-global-color-5)","background-image":"","background-repeat":"repeat","background-position":"center center","background-size":"auto","background-attachment":"scroll","background-type":"","background-media":"","overlay-type":"","overlay-color":"","overlay-opacity":"","overlay-gradient":""},"tablet":{"background-color":"var(--ast-global-color-5)","background-image":"","background-repeat":"repeat","background-position":"center center","background-size":"auto","background-attachment":"scroll","background-type":"","background-media":"","overlay-type":"","overlay-color":"","overlay-opacity":"","overlay-gradient":""},"mobile":{"background-color":"var(--ast-global-color-5)","background-image":"","background-repeat":"repeat","background-position":"center center","background-size":"auto","background-attachment":"scroll","background-type":"","background-media":"","overlay-type":"","overlay-color":"","overlay-opacity":"","overlay-gradient":""}}},"product_brand":[],"product_cat":[178],"product_tag":[],"class_list":{"0":"post-23198","1":"product","2":"type-product","3":"status-publish","4":"has-post-thumbnail","6":"product_cat-fertilizers","7":"desktop-align-left","8":"tablet-align-left","9":"mobile-align-left","11":"first","12":"instock","13":"sale","14":"shipping-taxable","15":"purchasable","16":"product-type-variable","17":"has-default-attributes"},"spectra_custom_meta":{"_visibility":["visible"],"_shopify_product_id":["9066398679285"],"_s2w_shopify_domain":["ferberpainting.myshopify.com"],"_shopify_variant_id":["46503340441845"],"_sku":[""],"_manage_stock":["no"],"total_sales":["12"],"_tax_status":["taxable"],"_tax_class":[""],"_backorders":["no"],"_sold_individually":["no"],"_virtual":["no"],"_downloadable":["no"],"_download_limit":["-1"],"_download_expiry":["-1"],"_stock":[null],"_stock_status":["instock"],"_wc_average_rating":["5.00"],"_wc_review_count":["5"],"_product_attributes":["a:1:{s:6:\"volume\";a:6:{s:4:\"name\";s:6:\"Volume\";s:5:\"value\";s:20:\"5 liters | 25 liters\";s:8:\"position\";i:1;s:10:\"is_visible\";i:0;s:12:\"is_variation\";i:1;s:11:\"is_taxonomy\";i:0;}}"],"_product_version":["10.5.1"],"_thumbnail_id":["25753"],"_product_image_gallery":["25754"],"wpse_downloadable_file_names":[""],"wpse_downloadable_file_urls":[""],"_edit_last":["1"],"_default_attributes":["a:1:{s:6:\"volume\";s:8:\"5 liters\";}"],"_wc_rating_count":["a:1:{i:5;i:5;}"],"_edit_lock":["1771159645:1"],"_price":["29.90","129.90"],"merchant-center-availability":["yes"],"merchant-center-category":["113"],"_wp_page_template":["default"],"site-sidebar-layout":["default"],"ast-site-content-layout":["default"],"site-content-style":["default"],"site-sidebar-style":["default"],"theme-transparent-header-meta":["default"],"astra-migrate-meta-layouts":["set"],"_uag_css_file_name":["uag-css-23198.css"],"_elementor_page_assets":["a:0:{}"],"_uag_page_assets":["a:9:{s:3:\"css\";s:6873:\".wp-block-uagb-image{display:flex}.wp-block-uagb-image__figure{position:relative;display:flex;flex-direction:column;max-width:100%;height:auto;margin:0}.wp-block-uagb-image__figure img{height:auto;display:flex;max-width:100%;transition:box-shadow .2s ease}.wp-block-uagb-image__figure>a{display:inline-block}.wp-block-uagb-image__figure figcaption{text-align:center;margin-top:.5em;margin-bottom:1em}.wp-block-uagb-image .components-placeholder.block-editor-media-placeholder .components-placeholder__instructions{align-self:center}.wp-block-uagb-image--align-left{text-align:left}.wp-block-uagb-image--align-right{text-align:right}.wp-block-uagb-image--align-center{text-align:center}.wp-block-uagb-image--align-full .wp-block-uagb-image__figure{margin-left:calc(50% - 50vw);margin-right:calc(50% - 50vw);max-width:100vw;width:100vw;height:auto}.wp-block-uagb-image--align-full .wp-block-uagb-image__figure img{height:auto;width:100% !important}.wp-block-uagb-image--align-wide .wp-block-uagb-image__figure img{height:auto;width:100%}.wp-block-uagb-image--layout-overlay__color-wrapper{position:absolute;left:0;top:0;right:0;bottom:0;opacity:.2;background:rgba(0,0,0,.5);transition:opacity .35s ease-in-out}.wp-block-uagb-image--layout-overlay-link{position:absolute;left:0;right:0;bottom:0;top:0}.wp-block-uagb-image--layout-overlay .wp-block-uagb-image__figure:hover .wp-block-uagb-image--layout-overlay__color-wrapper{opacity:1}.wp-block-uagb-image--layout-overlay__inner{position:absolute;left:15px;right:15px;bottom:15px;top:15px;display:flex;align-items:center;justify-content:center;flex-direction:column;border-color:#fff;transition:.35s ease-in-out}.wp-block-uagb-image--layout-overlay__inner.top-left,.wp-block-uagb-image--layout-overlay__inner.top-center,.wp-block-uagb-image--layout-overlay__inner.top-right{justify-content:flex-start}.wp-block-uagb-image--layout-overlay__inner.bottom-left,.wp-block-uagb-image--layout-overlay__inner.bottom-center,.wp-block-uagb-image--layout-overlay__inner.bottom-right{justify-content:flex-end}.wp-block-uagb-image--layout-overlay__inner.top-left,.wp-block-uagb-image--layout-overlay__inner.center-left,.wp-block-uagb-image--layout-overlay__inner.bottom-left{align-items:flex-start}.wp-block-uagb-image--layout-overlay__inner.top-right,.wp-block-uagb-image--layout-overlay__inner.center-right,.wp-block-uagb-image--layout-overlay__inner.bottom-right{align-items:flex-end}.wp-block-uagb-image--layout-overlay__inner .uagb-image-heading{color:#fff;transition:transform .35s,opacity .35s ease-in-out;transform:translate3d(0, 24px, 0);margin:0;line-height:1em}.wp-block-uagb-image--layout-overlay__inner .uagb-image-separator{width:30%;border-top-width:2px;border-top-color:#fff;border-top-style:solid;margin-bottom:10px;opacity:0;transition:transform .4s,opacity .4s ease-in-out;transform:translate3d(0, 30px, 0)}.wp-block-uagb-image--layout-overlay__inner .uagb-image-caption{opacity:0;overflow:visible;color:#fff;transition:transform .45s,opacity .45s ease-in-out;transform:translate3d(0, 35px, 0)}.wp-block-uagb-image--layout-overlay__inner:hover .uagb-image-heading,.wp-block-uagb-image--layout-overlay__inner:hover .uagb-image-separator,.wp-block-uagb-image--layout-overlay__inner:hover .uagb-image-caption{opacity:1;transform:translate3d(0, 0, 0)}.wp-block-uagb-image--effect-zoomin .wp-block-uagb-image__figure img,.wp-block-uagb-image--effect-zoomin .wp-block-uagb-image__figure .wp-block-uagb-image--layout-overlay__color-wrapper{transform:scale(1);transition:transform .35s ease-in-out}.wp-block-uagb-image--effect-zoomin .wp-block-uagb-image__figure:hover img,.wp-block-uagb-image--effect-zoomin .wp-block-uagb-image__figure:hover .wp-block-uagb-image--layout-overlay__color-wrapper{transform:scale(1.05)}.wp-block-uagb-image--effect-slide .wp-block-uagb-image__figure img,.wp-block-uagb-image--effect-slide .wp-block-uagb-image__figure .wp-block-uagb-image--layout-overlay__color-wrapper{width:calc(100% + 40px) !important;max-width:none !important;transform:translate3d(-40px, 0, 0);transition:transform .35s ease-in-out}.wp-block-uagb-image--effect-slide .wp-block-uagb-image__figure:hover img,.wp-block-uagb-image--effect-slide .wp-block-uagb-image__figure:hover .wp-block-uagb-image--layout-overlay__color-wrapper{transform:translate3d(0, 0, 0)}.wp-block-uagb-image--effect-grayscale img{filter:grayscale(0%);transition:.35s ease-in-out}.wp-block-uagb-image--effect-grayscale:hover img{filter:grayscale(100%)}.wp-block-uagb-image--effect-blur img{filter:blur(0);transition:.35s ease-in-out}.wp-block-uagb-image--effect-blur:hover img{filter:blur(3px)}.uagb-block-e6f939b3.wp-block-uagb-image--layout-default figure img{box-shadow: 0px 0px 0 #00000070;}.uagb-block-e6f939b3.wp-block-uagb-image .wp-block-uagb-image__figure figcaption{font-style: normal;align-self: center;}.uagb-block-e6f939b3.wp-block-uagb-image--layout-overlay figure img{box-shadow: 0px 0px 0 #00000070;}.uagb-block-e6f939b3.wp-block-uagb-image--layout-overlay .wp-block-uagb-image--layout-overlay__color-wrapper{opacity: 0.2;}.uagb-block-e6f939b3.wp-block-uagb-image--layout-overlay .wp-block-uagb-image--layout-overlay__inner{left: 15px;right: 15px;top: 15px;bottom: 15px;}.uagb-block-e6f939b3.wp-block-uagb-image--layout-overlay .wp-block-uagb-image--layout-overlay__inner .uagb-image-heading{font-style: normal;color: #fff;opacity: 1;}.uagb-block-e6f939b3.wp-block-uagb-image--layout-overlay .wp-block-uagb-image--layout-overlay__inner .uagb-image-heading a{color: #fff;}.uagb-block-e6f939b3.wp-block-uagb-image--layout-overlay .wp-block-uagb-image--layout-overlay__inner .uagb-image-caption{opacity: 0;}.uagb-block-e6f939b3.wp-block-uagb-image--layout-overlay .wp-block-uagb-image__figure:hover .wp-block-uagb-image--layout-overlay__color-wrapper{opacity: 1;}.uagb-block-e6f939b3.wp-block-uagb-image .wp-block-uagb-image--layout-overlay__inner .uagb-image-separator{width: 30%;border-top-width: 2px;border-top-color: #fff;opacity: 0;}.uagb-block-e6f939b3.wp-block-uagb-image .wp-block-uagb-image__figure img{width: px;height: auto;}.uagb-block-e6f939b3.wp-block-uagb-image .wp-block-uagb-image__figure:hover .wp-block-uagb-image--layout-overlay__inner .uagb-image-caption{opacity: 1;}.uagb-block-e6f939b3.wp-block-uagb-image .wp-block-uagb-image__figure:hover .wp-block-uagb-image--layout-overlay__inner .uagb-image-separator{opacity: 1;}.uagb-block-e6f939b3.wp-block-uagb-image--layout-default figure:hover img{box-shadow: 0px 0px 0 #00000070;}.uagb-block-e6f939b3.wp-block-uagb-image--layout-overlay figure:hover img{box-shadow: 0px 0px 0 #00000070;}@media only screen and (max-width: 976px) {.uagb-block-e6f939b3.wp-block-uagb-image .wp-block-uagb-image__figure img{width: px;height: auto;}}@media only screen and (max-width: 767px) {.uagb-block-e6f939b3.wp-block-uagb-image .wp-block-uagb-image__figure img{width: px;height: auto;}}\";s:2:\"js\";s:0:\"\";s:18:\"current_block_list\";a:13:{i:0;s:11:\"core\/search\";i:1;s:10:\"core\/group\";i:2;s:12:\"core\/heading\";i:3;s:17:\"core\/latest-posts\";i:4;s:20:\"core\/latest-comments\";i:5;s:13:\"core\/archives\";i:6;s:15:\"core\/categories\";i:7;s:14:\"core\/paragraph\";i:8;s:10:\"uagb\/image\";i:9;s:11:\"core\/spacer\";i:10;s:30:\"woocommerce\/product-categories\";i:11;s:10:\"core\/image\";i:12;s:14:\"core\/shortcode\";}s:8:\"uag_flag\";b:1;s:11:\"uag_version\";s:10:\"1777037217\";s:6:\"gfonts\";a:0:{}s:10:\"gfonts_url\";s:0:\"\";s:12:\"gfonts_files\";a:0:{}s:14:\"uag_faq_layout\";b:0;}"]},"uagb_featured_image_src":{"full":["https:\/\/www.ferberpainting.com\/wp-content\/uploads\/2025\/05\/DipladeniaandMandevillaFertilizer5L.png",2560,2560,false],"thumbnail":["https:\/\/www.ferberpainting.com\/wp-content\/uploads\/2025\/05\/DipladeniaandMandevillaFertilizer5L-150x150.png",150,150,true],"medium":["https:\/\/www.ferberpainting.com\/wp-content\/uploads\/2025\/05\/DipladeniaandMandevillaFertilizer5L-300x300.png",300,300,true],"medium_large":["https:\/\/www.ferberpainting.com\/wp-content\/uploads\/2025\/05\/DipladeniaandMandevillaFertilizer5L-768x768.png",768,768,true],"large":["https:\/\/www.ferberpainting.com\/wp-content\/uploads\/2025\/05\/DipladeniaandMandevillaFertilizer5L-1024x1024.png",1024,1024,true],"1536x1536":["https:\/\/www.ferberpainting.com\/wp-content\/uploads\/2025\/05\/DipladeniaandMandevillaFertilizer5L-1536x1536.png",1536,1536,true],"2048x2048":["https:\/\/www.ferberpainting.com\/wp-content\/uploads\/2025\/05\/DipladeniaandMandevillaFertilizer5L-2048x2048.png",2048,2048,true],"trp-custom-language-flag":["https:\/\/www.ferberpainting.com\/wp-content\/uploads\/2025\/05\/DipladeniaandMandevillaFertilizer5L-12x12.png",12,12,true],"woocommerce_thumbnail":["https:\/\/www.ferberpainting.com\/wp-content\/uploads\/2025\/05\/DipladeniaandMandevillaFertilizer5L-300x300.png",300,300,true],"woocommerce_single":["https:\/\/www.ferberpainting.com\/wp-content\/uploads\/2025\/05\/DipladeniaandMandevillaFertilizer5L-600x600.png",600,600,true],"woocommerce_gallery_thumbnail":["https:\/\/www.ferberpainting.com\/wp-content\/uploads\/2025\/05\/DipladeniaandMandevillaFertilizer5L-100x100.png",100,100,true]},"uagb_author_info":{"display_name":"admin","author_link":"https:\/\/www.ferberpainting.com\/fi\/author\/"},"uagb_comment_info":5,"uagb_excerpt":"A fertilizer specially designed for the growth and abundant flowering of dipladenias and mandevillas.\u00a0This fertilizer has been formulated to meet the specific needs of these tropical climbing plants, known for their bright flowers and lush foliage. Thanks to its balanced composition NPK 15-15-15, it provides nitrogen (N) for dense and green foliage, phosphorus (P) for&hellip;","_links":{"self":[{"href":"https:\/\/www.ferberpainting.com\/fi\/wp-json\/wp\/v2\/product\/23198","targetHints":{"allow":["GET"]}}],"collection":[{"href":"https:\/\/www.ferberpainting.com\/fi\/wp-json\/wp\/v2\/product"}],"about":[{"href":"https:\/\/www.ferberpainting.com\/fi\/wp-json\/wp\/v2\/types\/product"}],"replies":[{"embeddable":true,"href":"https:\/\/www.ferberpainting.com\/fi\/wp-json\/wp\/v2\/comments?post=23198"}],"version-history":[{"count":5,"href":"https:\/\/www.ferberpainting.com\/fi\/wp-json\/wp\/v2\/product\/23198\/revisions"}],"predecessor-version":[{"id":166098,"href":"https:\/\/www.ferberpainting.com\/fi\/wp-json\/wp\/v2\/product\/23198\/revisions\/166098"}],"wp:featuredmedia":[{"embeddable":true,"href":"https:\/\/www.ferberpainting.com\/fi\/wp-json\/wp\/v2\/media\/25753"}],"wp:attachment":[{"href":"https:\/\/www.ferberpainting.com\/fi\/wp-json\/wp\/v2\/media?parent=23198"}],"wp:term":[{"taxonomy":"product_brand","embeddable":true,"href":"https:\/\/www.ferberpainting.com\/fi\/wp-json\/wp\/v2\/product_brand?post=23198"},{"taxonomy":"product_cat","embeddable":true,"href":"https:\/\/www.ferberpainting.com\/fi\/wp-json\/wp\/v2\/product_cat?post=23198"},{"taxonomy":"product_tag","embeddable":true,"href":"https:\/\/www.ferberpainting.com\/fi\/wp-json\/wp\/v2\/product_tag?post=23198"}],"curies":[{"name":"wp","href":"https:\/\/api.w.org\/{rel}","templated":true}]}}