{"id":23183,"date":"2025-05-26T10:23:11","date_gmt":"2025-05-26T08:23:11","guid":{"rendered":"https:\/\/www.ferberpainting.com\/products\/concrete-surface-deactivator\/"},"modified":"2026-02-15T13:41:32","modified_gmt":"2026-02-15T12:41:32","slug":"concrete-surface-deactivator","status":"publish","type":"product","link":"https:\/\/www.ferberpainting.com\/fi\/products\/concrete-surface-deactivator\/","title":{"rendered":"Betonin pinnan desaktivoija"},"content":{"rendered":"<p><img decoding=\"async\" style=\"margin-right: 12px;\" src=\"https:\/\/www.ferberpainting.com\/wp-content\/uploads\/2026\/02\/Check.svg\" alt=\"\" width=\"18\" height=\"15\" \/><strong>Luo koristeellisia, n\u00e4kyvi\u00e4 kiviainespintoja tarkasti ja hallitusti.<\/strong> Betonin pintak\u00e4sittelyaineemme on suunniteltu erityisesti viivytt\u00e4m\u00e4\u00e4n vastavaletun betonin pinnan kovettumista, jolloin voit pest\u00e4 pois sementin pintakerroksen ja paljastaa sen alta kauniit luonnonkiviainekset. Sill\u00e4 saadaan ammattilaistason koristeellinen pintak\u00e4sittely ajoteille, kulkuv\u00e4ylille, terasseille, aukioille ja arkkitehtonisille pinnoille.<\/p>\n<p><strong><img decoding=\"async\" style=\"margin-right: 12px;\" src=\"https:\/\/www.ferberpainting.com\/wp-content\/uploads\/2026\/02\/Check.svg\" alt=\"\" width=\"18\" height=\"15\" \/>Tehokkain saatavilla oleva pinnan deaktivointiratkaisu.<\/strong> Kehittyneell\u00e4 hidastinteknologialla suunniteltu tuote vaikuttaa tarkasti pintakerrokseen vaikuttamatta betonin sis\u00e4iseen rakenteelliseen kovettumiseen. Se takaa tasaisen altistumissyvyyden ja yhten\u00e4isen kiviaineksen ulkon\u00e4\u00f6n, mik\u00e4 takaa erinomaiset tulokset verrattuna perinteisiin mekaanisiin menetelmiin.<\/p>\n<p><strong><img decoding=\"async\" style=\"margin-right: 12px;\" src=\"https:\/\/www.ferberpainting.com\/wp-content\/uploads\/2026\/02\/Check.svg\" alt=\"\" width=\"18\" height=\"15\" \/>Rahat takaisin -takuu t\u00e4ydellist\u00e4 luottamusta varten.<\/strong> Seisomme t\u00e4ysin betonipinnan deaktivoijan suorituskyvyn takana. Jos et ole t\u00e4ysin tyytyv\u00e4inen tuloksiin, palautamme ostoksesi. Rahat takaisin -takuumme takaa, ett\u00e4 investointisi on t\u00e4ysin riskit\u00f6n ja kuvastaa sitoutumistamme ammattilaistason laatuun.<\/p>\n<p><strong><img decoding=\"async\" style=\"margin-right: 12px;\" src=\"https:\/\/www.ferberpainting.com\/wp-content\/uploads\/2026\/02\/Check.svg\" alt=\"\" width=\"18\" height=\"15\" \/>Markkinoiden halvin ammattimainen kiviainesratkaisu.<\/strong> Koristeelliset betonipinnat vaativat usein kalliita k\u00e4sittelyj\u00e4 tai erikoislaitteita. Pintak\u00e4sittelyaineemme tarjoaa ensiluokkaista suorituskyky\u00e4 kilpailukykyisimp\u00e4\u00e4n mahdolliseen hintaan, mik\u00e4 tarjoaa erinomaista arvoa sek\u00e4 urakoitsijoille ett\u00e4 kiinteist\u00f6nomistajille.<\/p>\n<p><strong><img decoding=\"async\" style=\"margin-right: 12px;\" src=\"https:\/\/www.ferberpainting.com\/wp-content\/uploads\/2026\/02\/Check.svg\" alt=\"\" width=\"18\" height=\"15\" \/>Nopea 24 tunnin toimitus nopeisiin betonihankkeisiin.<\/strong> Pintak\u00e4sittely on teht\u00e4v\u00e4 v\u00e4litt\u00f6m\u00e4sti betonoinnin j\u00e4lkeen. Siksi tarjoamme luotettavan 24 tunnin toimituksen, joka varmistaa, ett\u00e4 tuote saapuu ajoissa ja koristepinnoite voidaan toteuttaa viivytyksett\u00e4.<\/p>\n<p><strong><img decoding=\"async\" style=\"margin-right: 12px;\" src=\"https:\/\/www.ferberpainting.com\/wp-content\/uploads\/2026\/02\/Check.svg\" alt=\"\" width=\"18\" height=\"15\" \/>Peitt\u00e4vyys jopa 5 m\u00b2 litraa kohti hallitusti levitett\u00e4ess\u00e4.<\/strong> Yhdell\u00e4 litralla voidaan k\u00e4sitell\u00e4 jopa 5 neli\u00f6metri\u00e4, mik\u00e4 takaa riitt\u00e4v\u00e4n levityspaksuuden tehokkaan pintahidastuksen aikaansaamiseksi. M\u00e4\u00e4ritelty peitt\u00e4vyys mahdollistaa tarkan suunnittelun ja johdonmukaisen koristetuloksen.<\/p>\n<p><strong><img decoding=\"async\" style=\"margin-right: 12px;\" src=\"https:\/\/www.ferberpainting.com\/wp-content\/uploads\/2026\/02\/Check.svg\" alt=\"\" width=\"18\" height=\"15\" \/>Varmistaa tasaisen kiviainesaltistuksen.<\/strong> Kaava tarjoaa hallitun pintaviiveen, jonka avulla saavutetaan tasainen valotuksen syvyys laajoilla alueilla. T\u00e4m\u00e4 takaa ammattimaisen, esteettisesti miellytt\u00e4v\u00e4n lopputuloksen ilman ep\u00e4tasaisia laikkuja tai ep\u00e4johdonmukaisia kuvioita.<\/p>\n<p><strong><img decoding=\"async\" style=\"margin-right: 12px;\" src=\"https:\/\/www.ferberpainting.com\/wp-content\/uploads\/2026\/02\/Check.svg\" alt=\"\" width=\"18\" height=\"15\" \/>S\u00e4ilytt\u00e4\u00e4 betonin rakenteellisen eheyden.<\/strong> Vaikka pinnan kovettuminen viiv\u00e4styy, sis\u00e4puolinen betonimassa kovettuu normaalisti. T\u00e4m\u00e4 takaa, ett\u00e4 lopullinen rakenne s\u00e4ilytt\u00e4\u00e4 mekaanisen lujuutensa ja pitk\u00e4aikaisen kest\u00e4vyytens\u00e4.<\/p>\n<p><strong><img decoding=\"async\" style=\"margin-right: 12px;\" src=\"https:\/\/www.ferberpainting.com\/wp-content\/uploads\/2026\/02\/Check.svg\" alt=\"\" width=\"18\" height=\"15\" \/>Soveltuu asuin- ja kaupallisiin sisustusprojekteihin.<\/strong> Ihanteellinen jalkak\u00e4yt\u00e4ville, terasseille, sis\u00e4pihoille, pys\u00e4k\u00f6intialueille, uima-altaiden terasseille ja arkkitehtonisille betonipinnoille, t\u00e4m\u00e4 deaktivointiaine parantaa esteettist\u00e4 ulkon\u00e4k\u00f6\u00e4 s\u00e4ilytt\u00e4en samalla kest\u00e4vyyden.<\/p>\n<p><strong><img decoding=\"async\" style=\"margin-right: 12px;\" src=\"https:\/\/www.ferberpainting.com\/wp-content\/uploads\/2026\/02\/Check.svg\" alt=\"\" width=\"18\" height=\"15\" \/>Yksinkertainen k\u00e4ytt\u00f6 ammattimaisiin tuloksiin.<\/strong> Helppok\u00e4ytt\u00f6iseksi suunniteltu tuote voidaan levitt\u00e4\u00e4 matalapaineruiskulla heti betonipinnan viimeistelyn j\u00e4lkeen, joten se soveltuu urakoitsijoille ja kokeneille levitt\u00e4jille, jotka etsiv\u00e4t luotettavia ja toistettavia koristeellisia vaikutuksia.<\/p>\n<h2><strong>Ohjeet<\/strong><\/h2>\n<ul>\n<li>Kaada ja tasoita betonipinta tavanomaisten rakennusk\u00e4yt\u00e4nt\u00f6jen mukaisesti.<\/li>\n<li>Kun pinta on viimeistelty kunnolla ja ylim\u00e4\u00e4r\u00e4inen valuva vesi on haihtunut, levit\u00e4 pintak\u00e4sittelyaine tasaisesti.<\/li>\n<li>Ravista tai sekoita tuote huolellisesti ennen k\u00e4ytt\u00f6\u00e4 tasaisen koostumuksen varmistamiseksi.<\/li>\n<li>Levit\u00e4 matalapaineruiskulla tasaisen peitt\u00e4vyyden saavuttamiseksi koko pinnalle.<\/li>\n<li>Noudata suositeltua peittokyky\u00e4, joka on enint\u00e4\u00e4n 5 m\u00b2 litraa kohti. T\u00e4m\u00e4 vastaa noin 200 ml:aa neli\u00f6metri\u00e4 kohti optimaalisen pintahidastuksen saavuttamiseksi.<\/li>\n<li>Varmista t\u00e4ydellinen ja tasainen peitt\u00e4vyys j\u00e4tt\u00e4m\u00e4tt\u00e4 k\u00e4sittelem\u00e4tt\u00f6mi\u00e4 alueita. V\u00e4lt\u00e4 liiallista lammikoitumista.<\/li>\n<li>Anna tuotteen vaikuttaa ymp\u00e4rist\u00f6olosuhteiden mukaan, yleens\u00e4 kunnes alla oleva betoni on kovettunut riitt\u00e4v\u00e4sti.<\/li>\n<li>Asianmukaisen odotusajan j\u00e4lkeen pinta pest\u00e4\u00e4n varovasti vedell\u00e4 letkulla tai painepesurilla, jotta pehmennyt sementtimassa saadaan poistettua ja kiviaines paljastettua.<\/li>\n<li>V\u00e4lt\u00e4 levitt\u00e4mist\u00e4 rankkasateen tai \u00e4\u00e4rimm\u00e4isten l\u00e4mp\u00f6tilojen aikana, jotka voivat haitata kovettumista ja pintak\u00e4sittely\u00e4.<\/li>\n<li>Puhdista ty\u00f6kalut v\u00e4litt\u00f6m\u00e4sti k\u00e4yt\u00f6n j\u00e4lkeen vedell\u00e4 ja s\u00e4ilyt\u00e4 tuote viile\u00e4ss\u00e4, kuivassa paikassa s\u00e4ili\u00f6 tiiviisti suljettuna.<\/li>\n<\/ul>","protected":false},"excerpt":{"rendered":"<p>Create decorative exposed aggregate finishes with precision and control. Our concrete surface deactivator is specially formulated to delay the surface setting of freshly poured concrete, allowing you to wash away the top cement layer and reveal beautiful natural aggregates beneath. It provides professional-quality decorative finishes for driveways, walkways, patios, plazas, and architectural surfaces. The most [&hellip;]<\/p>\n","protected":false},"featured_media":25747,"comment_status":"open","ping_status":"closed","template":"","meta":{"_uag_custom_page_level_css":"","site-sidebar-layout":"default","site-content-layout":"","ast-site-content-layout":"default","site-content-style":"default","site-sidebar-style":"default","ast-global-header-display":"","ast-banner-title-visibility":"","ast-main-header-display":"","ast-hfb-above-header-display":"","ast-hfb-below-header-display":"","ast-hfb-mobile-header-display":"","site-post-title":"","ast-breadcrumbs-content":"","ast-featured-img":"","footer-sml-layout":"","ast-disable-related-posts":"","theme-transparent-header-meta":"default","adv-header-id-meta":"","stick-header-meta":"","header-above-stick-meta":"","header-main-stick-meta":"","header-below-stick-meta":"","astra-migrate-meta-layouts":"set","ast-page-background-enabled":"default","ast-page-background-meta":{"desktop":{"background-color":"var(--ast-global-color-4)","background-image":"","background-repeat":"repeat","background-position":"center center","background-size":"auto","background-attachment":"scroll","background-type":"","background-media":"","overlay-type":"","overlay-color":"","overlay-opacity":"","overlay-gradient":""},"tablet":{"background-color":"","background-image":"","background-repeat":"repeat","background-position":"center center","background-size":"auto","background-attachment":"scroll","background-type":"","background-media":"","overlay-type":"","overlay-color":"","overlay-opacity":"","overlay-gradient":""},"mobile":{"background-color":"","background-image":"","background-repeat":"repeat","background-position":"center center","background-size":"auto","background-attachment":"scroll","background-type":"","background-media":"","overlay-type":"","overlay-color":"","overlay-opacity":"","overlay-gradient":""}},"ast-content-background-meta":{"desktop":{"background-color":"var(--ast-global-color-5)","background-image":"","background-repeat":"repeat","background-position":"center center","background-size":"auto","background-attachment":"scroll","background-type":"","background-media":"","overlay-type":"","overlay-color":"","overlay-opacity":"","overlay-gradient":""},"tablet":{"background-color":"var(--ast-global-color-5)","background-image":"","background-repeat":"repeat","background-position":"center center","background-size":"auto","background-attachment":"scroll","background-type":"","background-media":"","overlay-type":"","overlay-color":"","overlay-opacity":"","overlay-gradient":""},"mobile":{"background-color":"var(--ast-global-color-5)","background-image":"","background-repeat":"repeat","background-position":"center center","background-size":"auto","background-attachment":"scroll","background-type":"","background-media":"","overlay-type":"","overlay-color":"","overlay-opacity":"","overlay-gradient":""}}},"product_brand":[],"product_cat":[176],"product_tag":[],"class_list":{"0":"post-23183","1":"product","2":"type-product","3":"status-publish","4":"has-post-thumbnail","6":"product_cat-concrete-treatment","7":"desktop-align-left","8":"tablet-align-left","9":"mobile-align-left","11":"first","12":"instock","13":"sale","14":"taxable","15":"shipping-taxable","16":"purchasable","17":"product-type-variable","18":"has-default-attributes"},"spectra_custom_meta":{"_visibility":["visible"],"_shopify_product_id":["7952816144629"],"_s2w_shopify_domain":["ferberpainting.myshopify.com"],"_shopify_variant_id":["43508740391157"],"_manage_stock":["no"],"total_sales":["132"],"_tax_status":["taxable"],"_tax_class":[""],"_backorders":["no"],"_sold_individually":["no"],"_virtual":["no"],"_downloadable":["no"],"_download_limit":["-1"],"_download_expiry":["-1"],"_stock":[null],"_stock_status":["instock"],"_wc_average_rating":["4.92"],"_wc_review_count":["77"],"_product_attributes":["a:1:{s:6:\"volume\";a:6:{s:4:\"name\";s:6:\"Volume\";s:5:\"value\";s:20:\"5 liters | 25 liters\";s:8:\"position\";i:1;s:10:\"is_visible\";i:0;s:12:\"is_variation\";i:1;s:11:\"is_taxonomy\";i:0;}}"],"_product_version":["10.5.1"],"_thumbnail_id":["25747"],"_product_image_gallery":["25748"],"_edit_lock":["1771159153:1"],"_default_attributes":["a:1:{s:6:\"volume\";s:8:\"5 liters\";}"],"merchant-center-availability":["yes"],"merchant-center-category":["503739"],"merchant-center-id":["CSD"],"_edit_last":["1"],"_wp_page_template":["default"],"site-sidebar-layout":["default"],"ast-site-content-layout":["default"],"site-content-style":["default"],"site-sidebar-style":["default"],"theme-transparent-header-meta":["default"],"_price":["29.90","119.90"],"_wc_rating_count":["a:3:{i:3;i:1;i:4;i:4;i:5;i:72;}"],"astra-migrate-meta-layouts":["set"],"_uag_css_file_name":["uag-css-23183.css"],"_elementor_page_assets":["a:0:{}"],"_uag_page_assets":["a:9:{s:3:\"css\";s:7133:\".uag-blocks-common-selector{z-index:var(--z-index-desktop) !important}@media(max-width: 976px){.uag-blocks-common-selector{z-index:var(--z-index-tablet) !important}}@media(max-width: 767px){.uag-blocks-common-selector{z-index:var(--z-index-mobile) !important}}.wp-block-uagb-image{display:flex}.wp-block-uagb-image__figure{position:relative;display:flex;flex-direction:column;max-width:100%;height:auto;margin:0}.wp-block-uagb-image__figure img{height:auto;display:flex;max-width:100%;transition:box-shadow .2s ease}.wp-block-uagb-image__figure>a{display:inline-block}.wp-block-uagb-image__figure figcaption{text-align:center;margin-top:.5em;margin-bottom:1em}.wp-block-uagb-image .components-placeholder.block-editor-media-placeholder .components-placeholder__instructions{align-self:center}.wp-block-uagb-image--align-left{text-align:left}.wp-block-uagb-image--align-right{text-align:right}.wp-block-uagb-image--align-center{text-align:center}.wp-block-uagb-image--align-full .wp-block-uagb-image__figure{margin-left:calc(50% - 50vw);margin-right:calc(50% - 50vw);max-width:100vw;width:100vw;height:auto}.wp-block-uagb-image--align-full .wp-block-uagb-image__figure img{height:auto;width:100% !important}.wp-block-uagb-image--align-wide .wp-block-uagb-image__figure img{height:auto;width:100%}.wp-block-uagb-image--layout-overlay__color-wrapper{position:absolute;left:0;top:0;right:0;bottom:0;opacity:.2;background:rgba(0,0,0,.5);transition:opacity .35s ease-in-out}.wp-block-uagb-image--layout-overlay-link{position:absolute;left:0;right:0;bottom:0;top:0}.wp-block-uagb-image--layout-overlay .wp-block-uagb-image__figure:hover .wp-block-uagb-image--layout-overlay__color-wrapper{opacity:1}.wp-block-uagb-image--layout-overlay__inner{position:absolute;left:15px;right:15px;bottom:15px;top:15px;display:flex;align-items:center;justify-content:center;flex-direction:column;border-color:#fff;transition:.35s ease-in-out}.wp-block-uagb-image--layout-overlay__inner.top-left,.wp-block-uagb-image--layout-overlay__inner.top-center,.wp-block-uagb-image--layout-overlay__inner.top-right{justify-content:flex-start}.wp-block-uagb-image--layout-overlay__inner.bottom-left,.wp-block-uagb-image--layout-overlay__inner.bottom-center,.wp-block-uagb-image--layout-overlay__inner.bottom-right{justify-content:flex-end}.wp-block-uagb-image--layout-overlay__inner.top-left,.wp-block-uagb-image--layout-overlay__inner.center-left,.wp-block-uagb-image--layout-overlay__inner.bottom-left{align-items:flex-start}.wp-block-uagb-image--layout-overlay__inner.top-right,.wp-block-uagb-image--layout-overlay__inner.center-right,.wp-block-uagb-image--layout-overlay__inner.bottom-right{align-items:flex-end}.wp-block-uagb-image--layout-overlay__inner .uagb-image-heading{color:#fff;transition:transform .35s,opacity .35s ease-in-out;transform:translate3d(0, 24px, 0);margin:0;line-height:1em}.wp-block-uagb-image--layout-overlay__inner .uagb-image-separator{width:30%;border-top-width:2px;border-top-color:#fff;border-top-style:solid;margin-bottom:10px;opacity:0;transition:transform .4s,opacity .4s ease-in-out;transform:translate3d(0, 30px, 0)}.wp-block-uagb-image--layout-overlay__inner .uagb-image-caption{opacity:0;overflow:visible;color:#fff;transition:transform .45s,opacity .45s ease-in-out;transform:translate3d(0, 35px, 0)}.wp-block-uagb-image--layout-overlay__inner:hover .uagb-image-heading,.wp-block-uagb-image--layout-overlay__inner:hover .uagb-image-separator,.wp-block-uagb-image--layout-overlay__inner:hover .uagb-image-caption{opacity:1;transform:translate3d(0, 0, 0)}.wp-block-uagb-image--effect-zoomin .wp-block-uagb-image__figure img,.wp-block-uagb-image--effect-zoomin .wp-block-uagb-image__figure .wp-block-uagb-image--layout-overlay__color-wrapper{transform:scale(1);transition:transform .35s ease-in-out}.wp-block-uagb-image--effect-zoomin .wp-block-uagb-image__figure:hover img,.wp-block-uagb-image--effect-zoomin .wp-block-uagb-image__figure:hover .wp-block-uagb-image--layout-overlay__color-wrapper{transform:scale(1.05)}.wp-block-uagb-image--effect-slide .wp-block-uagb-image__figure img,.wp-block-uagb-image--effect-slide .wp-block-uagb-image__figure .wp-block-uagb-image--layout-overlay__color-wrapper{width:calc(100% + 40px) !important;max-width:none !important;transform:translate3d(-40px, 0, 0);transition:transform .35s ease-in-out}.wp-block-uagb-image--effect-slide .wp-block-uagb-image__figure:hover img,.wp-block-uagb-image--effect-slide .wp-block-uagb-image__figure:hover .wp-block-uagb-image--layout-overlay__color-wrapper{transform:translate3d(0, 0, 0)}.wp-block-uagb-image--effect-grayscale img{filter:grayscale(0%);transition:.35s ease-in-out}.wp-block-uagb-image--effect-grayscale:hover img{filter:grayscale(100%)}.wp-block-uagb-image--effect-blur img{filter:blur(0);transition:.35s ease-in-out}.wp-block-uagb-image--effect-blur:hover img{filter:blur(3px)}.uagb-block-e6f939b3.wp-block-uagb-image--layout-default figure img{box-shadow: 0px 0px 0 #00000070;}.uagb-block-e6f939b3.wp-block-uagb-image .wp-block-uagb-image__figure figcaption{font-style: normal;align-self: center;}.uagb-block-e6f939b3.wp-block-uagb-image--layout-overlay figure img{box-shadow: 0px 0px 0 #00000070;}.uagb-block-e6f939b3.wp-block-uagb-image--layout-overlay .wp-block-uagb-image--layout-overlay__color-wrapper{opacity: 0.2;}.uagb-block-e6f939b3.wp-block-uagb-image--layout-overlay .wp-block-uagb-image--layout-overlay__inner{left: 15px;right: 15px;top: 15px;bottom: 15px;}.uagb-block-e6f939b3.wp-block-uagb-image--layout-overlay .wp-block-uagb-image--layout-overlay__inner .uagb-image-heading{font-style: normal;color: #fff;opacity: 1;}.uagb-block-e6f939b3.wp-block-uagb-image--layout-overlay .wp-block-uagb-image--layout-overlay__inner .uagb-image-heading a{color: #fff;}.uagb-block-e6f939b3.wp-block-uagb-image--layout-overlay .wp-block-uagb-image--layout-overlay__inner .uagb-image-caption{opacity: 0;}.uagb-block-e6f939b3.wp-block-uagb-image--layout-overlay .wp-block-uagb-image__figure:hover .wp-block-uagb-image--layout-overlay__color-wrapper{opacity: 1;}.uagb-block-e6f939b3.wp-block-uagb-image .wp-block-uagb-image--layout-overlay__inner .uagb-image-separator{width: 30%;border-top-width: 2px;border-top-color: #fff;opacity: 0;}.uagb-block-e6f939b3.wp-block-uagb-image .wp-block-uagb-image__figure img{width: px;height: auto;}.uagb-block-e6f939b3.wp-block-uagb-image .wp-block-uagb-image__figure:hover .wp-block-uagb-image--layout-overlay__inner .uagb-image-caption{opacity: 1;}.uagb-block-e6f939b3.wp-block-uagb-image .wp-block-uagb-image__figure:hover .wp-block-uagb-image--layout-overlay__inner .uagb-image-separator{opacity: 1;}.uagb-block-e6f939b3.wp-block-uagb-image--layout-default figure:hover img{box-shadow: 0px 0px 0 #00000070;}.uagb-block-e6f939b3.wp-block-uagb-image--layout-overlay figure:hover img{box-shadow: 0px 0px 0 #00000070;}@media only screen and (max-width: 976px) {.uagb-block-e6f939b3.wp-block-uagb-image .wp-block-uagb-image__figure img{width: px;height: auto;}}@media only screen and (max-width: 767px) {.uagb-block-e6f939b3.wp-block-uagb-image .wp-block-uagb-image__figure img{width: px;height: auto;}}\";s:2:\"js\";s:0:\"\";s:18:\"current_block_list\";a:13:{i:0;s:11:\"core\/search\";i:1;s:10:\"core\/group\";i:2;s:12:\"core\/heading\";i:3;s:17:\"core\/latest-posts\";i:4;s:20:\"core\/latest-comments\";i:5;s:13:\"core\/archives\";i:6;s:15:\"core\/categories\";i:7;s:14:\"core\/paragraph\";i:8;s:10:\"uagb\/image\";i:9;s:11:\"core\/spacer\";i:10;s:30:\"woocommerce\/product-categories\";i:11;s:10:\"core\/image\";i:12;s:14:\"core\/shortcode\";}s:8:\"uag_flag\";b:1;s:11:\"uag_version\";s:10:\"1777376595\";s:6:\"gfonts\";a:0:{}s:10:\"gfonts_url\";s:0:\"\";s:12:\"gfonts_files\";a:0:{}s:14:\"uag_faq_layout\";b:0;}"]},"uagb_featured_image_src":{"full":["https:\/\/www.ferberpainting.com\/wp-content\/uploads\/2025\/05\/Concrete_Surface_Deactivator_5L.jpg",2560,2560,false],"thumbnail":["https:\/\/www.ferberpainting.com\/wp-content\/uploads\/2025\/05\/Concrete_Surface_Deactivator_5L-150x150.jpg",150,150,true],"medium":["https:\/\/www.ferberpainting.com\/wp-content\/uploads\/2025\/05\/Concrete_Surface_Deactivator_5L-300x300.jpg",300,300,true],"medium_large":["https:\/\/www.ferberpainting.com\/wp-content\/uploads\/2025\/05\/Concrete_Surface_Deactivator_5L-768x768.jpg",768,768,true],"large":["https:\/\/www.ferberpainting.com\/wp-content\/uploads\/2025\/05\/Concrete_Surface_Deactivator_5L-1024x1024.jpg",1024,1024,true],"1536x1536":["https:\/\/www.ferberpainting.com\/wp-content\/uploads\/2025\/05\/Concrete_Surface_Deactivator_5L-1536x1536.jpg",1536,1536,true],"2048x2048":["https:\/\/www.ferberpainting.com\/wp-content\/uploads\/2025\/05\/Concrete_Surface_Deactivator_5L-2048x2048.jpg",2048,2048,true],"trp-custom-language-flag":["https:\/\/www.ferberpainting.com\/wp-content\/uploads\/2025\/05\/Concrete_Surface_Deactivator_5L-12x12.jpg",12,12,true],"woocommerce_thumbnail":["https:\/\/www.ferberpainting.com\/wp-content\/uploads\/2025\/05\/Concrete_Surface_Deactivator_5L-300x300.jpg",300,300,true],"woocommerce_single":["https:\/\/www.ferberpainting.com\/wp-content\/uploads\/2025\/05\/Concrete_Surface_Deactivator_5L-600x600.jpg",600,600,true],"woocommerce_gallery_thumbnail":["https:\/\/www.ferberpainting.com\/wp-content\/uploads\/2025\/05\/Concrete_Surface_Deactivator_5L-100x100.jpg",100,100,true]},"uagb_author_info":{"display_name":"admin","author_link":"https:\/\/www.ferberpainting.com\/fi\/author\/"},"uagb_comment_info":77,"uagb_excerpt":"Create decorative exposed aggregate finishes with precision and control. Our concrete surface deactivator is specially formulated to delay the surface setting of freshly poured concrete, allowing you to wash away the top cement layer and reveal beautiful natural aggregates beneath. It provides professional-quality decorative finishes for driveways, walkways, patios, plazas, and architectural surfaces. The most&hellip;","_links":{"self":[{"href":"https:\/\/www.ferberpainting.com\/fi\/wp-json\/wp\/v2\/product\/23183","targetHints":{"allow":["GET"]}}],"collection":[{"href":"https:\/\/www.ferberpainting.com\/fi\/wp-json\/wp\/v2\/product"}],"about":[{"href":"https:\/\/www.ferberpainting.com\/fi\/wp-json\/wp\/v2\/types\/product"}],"replies":[{"embeddable":true,"href":"https:\/\/www.ferberpainting.com\/fi\/wp-json\/wp\/v2\/comments?post=23183"}],"version-history":[{"count":4,"href":"https:\/\/www.ferberpainting.com\/fi\/wp-json\/wp\/v2\/product\/23183\/revisions"}],"predecessor-version":[{"id":166088,"href":"https:\/\/www.ferberpainting.com\/fi\/wp-json\/wp\/v2\/product\/23183\/revisions\/166088"}],"wp:featuredmedia":[{"embeddable":true,"href":"https:\/\/www.ferberpainting.com\/fi\/wp-json\/wp\/v2\/media\/25747"}],"wp:attachment":[{"href":"https:\/\/www.ferberpainting.com\/fi\/wp-json\/wp\/v2\/media?parent=23183"}],"wp:term":[{"taxonomy":"product_brand","embeddable":true,"href":"https:\/\/www.ferberpainting.com\/fi\/wp-json\/wp\/v2\/product_brand?post=23183"},{"taxonomy":"product_cat","embeddable":true,"href":"https:\/\/www.ferberpainting.com\/fi\/wp-json\/wp\/v2\/product_cat?post=23183"},{"taxonomy":"product_tag","embeddable":true,"href":"https:\/\/www.ferberpainting.com\/fi\/wp-json\/wp\/v2\/product_tag?post=23183"}],"curies":[{"name":"wp","href":"https:\/\/api.w.org\/{rel}","templated":true}]}}