{"id":23180,"date":"2025-05-26T10:23:10","date_gmt":"2025-05-26T08:23:10","guid":{"rendered":"https:\/\/www.ferberpainting.com\/products\/pore-filler\/"},"modified":"2026-02-15T13:40:49","modified_gmt":"2026-02-15T12:40:49","slug":"pore-filler","status":"publish","type":"product","link":"https:\/\/www.ferberpainting.com\/fi\/products\/pore-filler\/","title":{"rendered":"Betonin huokost\u00e4ytt\u00f6aine"},"content":{"rendered":"<p><img decoding=\"async\" style=\"margin-right: 12px;\" src=\"https:\/\/www.ferberpainting.com\/wp-content\/uploads\/2026\/02\/Check.svg\" alt=\"\" width=\"18\" height=\"15\" \/><strong>Tiivist\u00e4 ja tasoita huokoiset betonipinnat ammattimaisella tarkkuudella.<\/strong> Betonihuokost\u00e4yteaineemme on suunniteltu erityisesti tunkeutumaan betonissa ja sementtipohjaisissa alustoissa oleviin mikrohuokosiin, kapillaareihin ja pintaonteloihin ja t\u00e4ytt\u00e4m\u00e4\u00e4n ne. Se muuttaa karheat ja huokoiset pinnat tiiviimmiksi, sile\u00e4mmiksi ja tasaisemmiksi pinnoiksi ja luo ihanteellisen pohjan pinnoitteille, maaleille, tiivisteille tai koristek\u00e4sittelyille.<\/p>\n<p><strong><img decoding=\"async\" style=\"margin-right: 12px;\" src=\"https:\/\/www.ferberpainting.com\/wp-content\/uploads\/2026\/02\/Check.svg\" alt=\"\" width=\"18\" height=\"15\" \/>Tehokkain saatavilla oleva huokosia t\u00e4ytt\u00e4v\u00e4 ratkaisu.<\/strong> Kehittyneell\u00e4 tunkeutumistekniikalla suunniteltu kaava tunkeutuu syv\u00e4lle betonirakenteeseen ja kiinnittyy alustaan. Se v\u00e4hent\u00e4\u00e4 pinnan huokoisuutta huomattavasti tehokkaammin kuin perinteiset pinnan pohjamaalit tai ohuet tiivistemassat, mik\u00e4 takaa tiheyden ja pinnanlaadun pitk\u00e4aikaisen parantumisen.<\/p>\n<p><strong><img decoding=\"async\" style=\"margin-right: 12px;\" src=\"https:\/\/www.ferberpainting.com\/wp-content\/uploads\/2026\/02\/Check.svg\" alt=\"\" width=\"18\" height=\"15\" \/>Rahat takaisin -takuu t\u00e4ydellist\u00e4 luottamusta varten.<\/strong> Luotamme t\u00e4ysin betonihuokosten t\u00e4yteaineemme suorituskykyyn. Jos et ole t\u00e4ysin tyytyv\u00e4inen tuloksiin, palautamme ostoksesi. Rahat takaisin -takuumme takaa, ett\u00e4 investointisi on t\u00e4ysin riskit\u00f6n ja osoittaa sitoutumisemme ammattilaistason laatuun.<\/p>\n<p><strong><img decoding=\"async\" style=\"margin-right: 12px;\" src=\"https:\/\/www.ferberpainting.com\/wp-content\/uploads\/2026\/02\/Check.svg\" alt=\"\" width=\"18\" height=\"15\" \/>Markkinoiden halvin korkean suorituskyvyn betonihuokosten t\u00e4yteaine.<\/strong> Ensiluokkaisen pintak\u00e4sittelyn ei tarvitse maksaa kalliisti. Tuotteemme tarjoaa ylivoimaisen huokost\u00e4ytt\u00f6tehon kilpailukykyisimp\u00e4\u00e4n hintaan, joten se sopii erinomaisesti sek\u00e4 urakoitsijoille ett\u00e4 kodinomistajille, jotka etsiv\u00e4t kustannustehokasta betonin parantamista.<\/p>\n<p><strong><img decoding=\"async\" style=\"margin-right: 12px;\" src=\"https:\/\/www.ferberpainting.com\/wp-content\/uploads\/2026\/02\/Check.svg\" alt=\"\" width=\"18\" height=\"15\" \/>Nopea 24 tunnin toimitus keskeytym\u00e4tt\u00f6mi\u00e4 projektiaikatauluja varten.<\/strong> Pinnan valmistelu on usein ajallisesti herkk\u00e4\u00e4. Siksi tarjoamme luotettavan 24 tunnin toimituksen, joka varmistaa, ett\u00e4 huokost\u00e4yteaine saapuu nopeasti ja projektisi etenee viivytyksett\u00e4.<\/p>\n<p><strong><img decoding=\"async\" style=\"margin-right: 12px;\" src=\"https:\/\/www.ferberpainting.com\/wp-content\/uploads\/2026\/02\/Check.svg\" alt=\"\" width=\"18\" height=\"15\" \/>Peitt\u00e4vyys jopa 10 m\u00b2 litraa kohti tehokasta levityst\u00e4 varten.<\/strong> Yhdell\u00e4 litralla voidaan k\u00e4sitell\u00e4 jopa 10 neli\u00f6metri\u00e4, mik\u00e4 tarjoaa erinomaisen tuottavuuden ja tarkan suunnittelun. T\u00e4m\u00e4 peitt\u00e4vyys varmistaa huokosten kunnollisen kyll\u00e4stymisen ja samalla tuotteen taloudellisen k\u00e4yt\u00f6n.<\/p>\n<p><strong><img decoding=\"async\" style=\"margin-right: 12px;\" src=\"https:\/\/www.ferberpainting.com\/wp-content\/uploads\/2026\/02\/Check.svg\" alt=\"\" width=\"18\" height=\"15\" \/>Parantaa seuraavien pinnoitteiden tarttuvuutta.<\/strong> V\u00e4hent\u00e4m\u00e4ll\u00e4 pinnan huokoisuutta ja stabiloimalla irtonaisia hiukkasia t\u00e4m\u00e4 huokost\u00e4yteaine parantaa maalien, epoksipinnoitteiden, tiivisteiden ja koristepintojen tarttuvuutta. Se luo vakaan ja yhten\u00e4isen pohjan, joka v\u00e4hent\u00e4\u00e4 merkitt\u00e4v\u00e4sti kuoriutumisen tai ep\u00e4tasaisen imeytymisen riski\u00e4.<\/p>\n<p><strong><img decoding=\"async\" style=\"margin-right: 12px;\" src=\"https:\/\/www.ferberpainting.com\/wp-content\/uploads\/2026\/02\/Check.svg\" alt=\"\" width=\"18\" height=\"15\" \/>V\u00e4hent\u00e4\u00e4 p\u00f6ly\u00e4mist\u00e4 ja pinnan heikkoutta.<\/strong> Huokoisesta betonista vapautuu usein hienojakoista p\u00f6ly\u00e4 pinnan hajoamisen vuoksi. T\u00e4m\u00e4 tuote sitoo irtonaiset hiukkaset ja vahvistaa pintakerrosta, minimoi p\u00f6lyn muodostumisen ja parantaa pinnan yleist\u00e4 eheytt\u00e4.<\/p>\n<p><strong><img decoding=\"async\" style=\"margin-right: 12px;\" src=\"https:\/\/www.ferberpainting.com\/wp-content\/uploads\/2026\/02\/Check.svg\" alt=\"\" width=\"18\" height=\"15\" \/>Parantaa kosteudenkest\u00e4vyytt\u00e4.<\/strong> Tiivist\u00e4m\u00e4ll\u00e4 mikrohuokoset ja kapillaarit t\u00e4yteaine v\u00e4hent\u00e4\u00e4 veden imeytymist\u00e4 ja auttaa suojaamaan betonia kosteuteen liittyvilt\u00e4 vaurioilta, kuten j\u00e4\u00e4tymis- ja sulamissykleilt\u00e4, v\u00e4rj\u00e4ytymiselt\u00e4 ja pinnan rappeutumiselta.<\/p>\n<p><strong><img decoding=\"async\" style=\"margin-right: 12px;\" src=\"https:\/\/www.ferberpainting.com\/wp-content\/uploads\/2026\/02\/Check.svg\" alt=\"\" width=\"18\" height=\"15\" \/>Soveltuu asuin-, liike- ja teollisuusymp\u00e4rist\u00f6ihin.<\/strong> T\u00e4m\u00e4 betonihuokosten t\u00e4yteaine sopii erinomaisesti lattioihin, seiniin, autotalleihin, varastoihin, kellareihin, ajoteille ja ty\u00f6pajoihin, ja se soveltuu erilaisiin rakennus- ja kunnostussovelluksiin, joissa vaaditaan pinnan tiiviytt\u00e4 ja kest\u00e4vyytt\u00e4.<\/p>\n<h2><strong>Ohjeet<\/strong><\/h2>\n<ul>\n<li>Varmista, ett\u00e4 betonipinta on puhdas, kuiva ja ett\u00e4 siin\u00e4 ei ole p\u00f6ly\u00e4, rasvaa, \u00f6ljy\u00e4, maalij\u00e4\u00e4mi\u00e4, kovetteita tai irtonaisia hiukkasia ennen levitt\u00e4mist\u00e4.<\/li>\n<li>Voimakkaasti likaantuneet pinnat puhdistetaan perusteellisesti asianmukaisin mekaanisin tai kemiallisin menetelmin ja annetaan kuivua kokonaan.<\/li>\n<li>Ravista tai sekoita tuotetta hyvin ennen k\u00e4ytt\u00f6\u00e4 tasaisen koostumuksen varmistamiseksi.<\/li>\n<li>Levit\u00e4 tasaisesti matalapaineruiskulla, telalla tai siveltimell\u00e4 varmistaen t\u00e4ydellinen ja tasainen peitt\u00e4vyys koko pinnalla.<\/li>\n<li>Noudata suositeltua peittokyky\u00e4, joka on enint\u00e4\u00e4n 10 m\u00b2 litraa kohti. T\u00e4m\u00e4 vastaa keskim\u00e4\u00e4r\u00e4ist\u00e4 annostusta, joka on noin 100 ml neli\u00f6metri\u00e4 kohti, riippuen alustan huokoisuudesta.<\/li>\n<li>Anna tuotteen tunkeutua kokonaan betoniin. Levit\u00e4 ylim\u00e4\u00e4r\u00e4inen materiaali tasaisesti, jotta se ei ker\u00e4\u00e4nny.<\/li>\n<li>Eritt\u00e4in huokoisilla alustoilla voi olla tarpeen tehd\u00e4 toinen kerros ensimm\u00e4isen kerroksen kuivumisen j\u00e4lkeen.<\/li>\n<li>Ennen maalien, pinnoitteiden tai tiivisteiden levitt\u00e4mist\u00e4 on annettava riitt\u00e4v\u00e4sti kuivumisaikaa. Varmista, ett\u00e4 pinta on t\u00e4ysin kovettunut ja kuiva.<\/li>\n<li>V\u00e4lt\u00e4 levitt\u00e4mist\u00e4 pakkasella tai kun ulkopinnoille on odotettavissa sadetta.<\/li>\n<li>Puhdista ty\u00f6kalut v\u00e4litt\u00f6m\u00e4sti k\u00e4yt\u00f6n j\u00e4lkeen vedell\u00e4 ja s\u00e4ilyt\u00e4 s\u00e4ili\u00f6 tiiviisti suljettuna viile\u00e4ss\u00e4 ja kuivassa paikassa, jossa ei ole suoraa auringonvaloa.<\/li>\n<\/ul>","protected":false},"excerpt":{"rendered":"<p>Seal and smooth porous concrete surfaces with professional precision. Our concrete pore filler is specifically formulated to penetrate and fill micro-pores, capillaries, and surface voids in concrete and cement-based substrates. It transforms rough and porous surfaces into denser, smoother, and more uniform finishes, creating the ideal base for coatings, paints, sealers, or decorative treatments. The [&hellip;]<\/p>\n","protected":false},"featured_media":25744,"comment_status":"open","ping_status":"closed","template":"","meta":{"_uag_custom_page_level_css":"","site-sidebar-layout":"default","site-content-layout":"","ast-site-content-layout":"default","site-content-style":"default","site-sidebar-style":"default","ast-global-header-display":"","ast-banner-title-visibility":"","ast-main-header-display":"","ast-hfb-above-header-display":"","ast-hfb-below-header-display":"","ast-hfb-mobile-header-display":"","site-post-title":"","ast-breadcrumbs-content":"","ast-featured-img":"","footer-sml-layout":"","ast-disable-related-posts":"","theme-transparent-header-meta":"default","adv-header-id-meta":"","stick-header-meta":"","header-above-stick-meta":"","header-main-stick-meta":"","header-below-stick-meta":"","astra-migrate-meta-layouts":"set","ast-page-background-enabled":"default","ast-page-background-meta":{"desktop":{"background-color":"var(--ast-global-color-4)","background-image":"","background-repeat":"repeat","background-position":"center center","background-size":"auto","background-attachment":"scroll","background-type":"","background-media":"","overlay-type":"","overlay-color":"","overlay-opacity":"","overlay-gradient":""},"tablet":{"background-color":"","background-image":"","background-repeat":"repeat","background-position":"center center","background-size":"auto","background-attachment":"scroll","background-type":"","background-media":"","overlay-type":"","overlay-color":"","overlay-opacity":"","overlay-gradient":""},"mobile":{"background-color":"","background-image":"","background-repeat":"repeat","background-position":"center center","background-size":"auto","background-attachment":"scroll","background-type":"","background-media":"","overlay-type":"","overlay-color":"","overlay-opacity":"","overlay-gradient":""}},"ast-content-background-meta":{"desktop":{"background-color":"var(--ast-global-color-5)","background-image":"","background-repeat":"repeat","background-position":"center center","background-size":"auto","background-attachment":"scroll","background-type":"","background-media":"","overlay-type":"","overlay-color":"","overlay-opacity":"","overlay-gradient":""},"tablet":{"background-color":"var(--ast-global-color-5)","background-image":"","background-repeat":"repeat","background-position":"center center","background-size":"auto","background-attachment":"scroll","background-type":"","background-media":"","overlay-type":"","overlay-color":"","overlay-opacity":"","overlay-gradient":""},"mobile":{"background-color":"var(--ast-global-color-5)","background-image":"","background-repeat":"repeat","background-position":"center center","background-size":"auto","background-attachment":"scroll","background-type":"","background-media":"","overlay-type":"","overlay-color":"","overlay-opacity":"","overlay-gradient":""}}},"product_brand":[],"product_cat":[176],"product_tag":[],"class_list":{"0":"post-23180","1":"product","2":"type-product","3":"status-publish","4":"has-post-thumbnail","6":"product_cat-concrete-treatment","7":"desktop-align-left","8":"tablet-align-left","9":"mobile-align-left","11":"first","12":"instock","13":"sale","14":"taxable","15":"shipping-taxable","16":"purchasable","17":"product-type-variable","18":"has-default-attributes"},"spectra_custom_meta":{"_visibility":["visible"],"_shopify_product_id":["7947755913461"],"_s2w_shopify_domain":["ferberpainting.myshopify.com"],"_shopify_variant_id":["43491173269749"],"_sku":[""],"_manage_stock":["no"],"total_sales":["80"],"_tax_status":["taxable"],"_tax_class":[""],"_backorders":["no"],"_sold_individually":["no"],"_virtual":["no"],"_downloadable":["no"],"_download_limit":["-1"],"_download_expiry":["-1"],"_stock":[null],"_stock_status":["instock"],"_wc_average_rating":["4.92"],"_wc_review_count":["65"],"_product_attributes":["a:1:{s:6:\"volume\";a:6:{s:4:\"name\";s:6:\"Volume\";s:5:\"value\";s:20:\"5 liters | 25 liters\";s:8:\"position\";i:1;s:10:\"is_visible\";i:0;s:12:\"is_variation\";i:1;s:11:\"is_taxonomy\";i:0;}}"],"_product_version":["10.5.1"],"_thumbnail_id":["25744"],"_product_image_gallery":["25745"],"merchant-center-availability":["yes"],"merchant-center-category":["503739"],"merchant-center-id":["PF"],"wpse_downloadable_file_names":[""],"wpse_downloadable_file_urls":[""],"_edit_last":["1"],"_default_attributes":["a:1:{s:6:\"volume\";s:8:\"5 liters\";}"],"_wc_rating_count":["a:3:{i:3;i:2;i:4;i:1;i:5;i:62;}"],"_edit_lock":["1771159115:1"],"_price":["29.90","129.90"],"_wp_page_template":["default"],"site-sidebar-layout":["default"],"ast-site-content-layout":["default"],"site-content-style":["default"],"site-sidebar-style":["default"],"theme-transparent-header-meta":["default"],"astra-migrate-meta-layouts":["set"],"_uag_css_file_name":["uag-css-23180.css"],"_uag_page_assets":["a:9:{s:3:\"css\";s:7133:\".uag-blocks-common-selector{z-index:var(--z-index-desktop) !important}@media(max-width: 976px){.uag-blocks-common-selector{z-index:var(--z-index-tablet) !important}}@media(max-width: 767px){.uag-blocks-common-selector{z-index:var(--z-index-mobile) !important}}.wp-block-uagb-image{display:flex}.wp-block-uagb-image__figure{position:relative;display:flex;flex-direction:column;max-width:100%;height:auto;margin:0}.wp-block-uagb-image__figure img{height:auto;display:flex;max-width:100%;transition:box-shadow .2s ease}.wp-block-uagb-image__figure>a{display:inline-block}.wp-block-uagb-image__figure figcaption{text-align:center;margin-top:.5em;margin-bottom:1em}.wp-block-uagb-image .components-placeholder.block-editor-media-placeholder .components-placeholder__instructions{align-self:center}.wp-block-uagb-image--align-left{text-align:left}.wp-block-uagb-image--align-right{text-align:right}.wp-block-uagb-image--align-center{text-align:center}.wp-block-uagb-image--align-full .wp-block-uagb-image__figure{margin-left:calc(50% - 50vw);margin-right:calc(50% - 50vw);max-width:100vw;width:100vw;height:auto}.wp-block-uagb-image--align-full .wp-block-uagb-image__figure img{height:auto;width:100% !important}.wp-block-uagb-image--align-wide .wp-block-uagb-image__figure img{height:auto;width:100%}.wp-block-uagb-image--layout-overlay__color-wrapper{position:absolute;left:0;top:0;right:0;bottom:0;opacity:.2;background:rgba(0,0,0,.5);transition:opacity .35s ease-in-out}.wp-block-uagb-image--layout-overlay-link{position:absolute;left:0;right:0;bottom:0;top:0}.wp-block-uagb-image--layout-overlay .wp-block-uagb-image__figure:hover .wp-block-uagb-image--layout-overlay__color-wrapper{opacity:1}.wp-block-uagb-image--layout-overlay__inner{position:absolute;left:15px;right:15px;bottom:15px;top:15px;display:flex;align-items:center;justify-content:center;flex-direction:column;border-color:#fff;transition:.35s ease-in-out}.wp-block-uagb-image--layout-overlay__inner.top-left,.wp-block-uagb-image--layout-overlay__inner.top-center,.wp-block-uagb-image--layout-overlay__inner.top-right{justify-content:flex-start}.wp-block-uagb-image--layout-overlay__inner.bottom-left,.wp-block-uagb-image--layout-overlay__inner.bottom-center,.wp-block-uagb-image--layout-overlay__inner.bottom-right{justify-content:flex-end}.wp-block-uagb-image--layout-overlay__inner.top-left,.wp-block-uagb-image--layout-overlay__inner.center-left,.wp-block-uagb-image--layout-overlay__inner.bottom-left{align-items:flex-start}.wp-block-uagb-image--layout-overlay__inner.top-right,.wp-block-uagb-image--layout-overlay__inner.center-right,.wp-block-uagb-image--layout-overlay__inner.bottom-right{align-items:flex-end}.wp-block-uagb-image--layout-overlay__inner .uagb-image-heading{color:#fff;transition:transform .35s,opacity .35s ease-in-out;transform:translate3d(0, 24px, 0);margin:0;line-height:1em}.wp-block-uagb-image--layout-overlay__inner .uagb-image-separator{width:30%;border-top-width:2px;border-top-color:#fff;border-top-style:solid;margin-bottom:10px;opacity:0;transition:transform .4s,opacity .4s ease-in-out;transform:translate3d(0, 30px, 0)}.wp-block-uagb-image--layout-overlay__inner .uagb-image-caption{opacity:0;overflow:visible;color:#fff;transition:transform .45s,opacity .45s ease-in-out;transform:translate3d(0, 35px, 0)}.wp-block-uagb-image--layout-overlay__inner:hover .uagb-image-heading,.wp-block-uagb-image--layout-overlay__inner:hover .uagb-image-separator,.wp-block-uagb-image--layout-overlay__inner:hover .uagb-image-caption{opacity:1;transform:translate3d(0, 0, 0)}.wp-block-uagb-image--effect-zoomin .wp-block-uagb-image__figure img,.wp-block-uagb-image--effect-zoomin .wp-block-uagb-image__figure .wp-block-uagb-image--layout-overlay__color-wrapper{transform:scale(1);transition:transform .35s ease-in-out}.wp-block-uagb-image--effect-zoomin .wp-block-uagb-image__figure:hover img,.wp-block-uagb-image--effect-zoomin .wp-block-uagb-image__figure:hover .wp-block-uagb-image--layout-overlay__color-wrapper{transform:scale(1.05)}.wp-block-uagb-image--effect-slide .wp-block-uagb-image__figure img,.wp-block-uagb-image--effect-slide .wp-block-uagb-image__figure .wp-block-uagb-image--layout-overlay__color-wrapper{width:calc(100% + 40px) !important;max-width:none !important;transform:translate3d(-40px, 0, 0);transition:transform .35s ease-in-out}.wp-block-uagb-image--effect-slide .wp-block-uagb-image__figure:hover img,.wp-block-uagb-image--effect-slide .wp-block-uagb-image__figure:hover .wp-block-uagb-image--layout-overlay__color-wrapper{transform:translate3d(0, 0, 0)}.wp-block-uagb-image--effect-grayscale img{filter:grayscale(0%);transition:.35s ease-in-out}.wp-block-uagb-image--effect-grayscale:hover img{filter:grayscale(100%)}.wp-block-uagb-image--effect-blur img{filter:blur(0);transition:.35s ease-in-out}.wp-block-uagb-image--effect-blur:hover img{filter:blur(3px)}.uagb-block-e6f939b3.wp-block-uagb-image--layout-default figure img{box-shadow: 0px 0px 0 #00000070;}.uagb-block-e6f939b3.wp-block-uagb-image .wp-block-uagb-image__figure figcaption{font-style: normal;align-self: center;}.uagb-block-e6f939b3.wp-block-uagb-image--layout-overlay figure img{box-shadow: 0px 0px 0 #00000070;}.uagb-block-e6f939b3.wp-block-uagb-image--layout-overlay .wp-block-uagb-image--layout-overlay__color-wrapper{opacity: 0.2;}.uagb-block-e6f939b3.wp-block-uagb-image--layout-overlay .wp-block-uagb-image--layout-overlay__inner{left: 15px;right: 15px;top: 15px;bottom: 15px;}.uagb-block-e6f939b3.wp-block-uagb-image--layout-overlay .wp-block-uagb-image--layout-overlay__inner .uagb-image-heading{font-style: normal;color: #fff;opacity: 1;}.uagb-block-e6f939b3.wp-block-uagb-image--layout-overlay .wp-block-uagb-image--layout-overlay__inner .uagb-image-heading a{color: #fff;}.uagb-block-e6f939b3.wp-block-uagb-image--layout-overlay .wp-block-uagb-image--layout-overlay__inner .uagb-image-caption{opacity: 0;}.uagb-block-e6f939b3.wp-block-uagb-image--layout-overlay .wp-block-uagb-image__figure:hover .wp-block-uagb-image--layout-overlay__color-wrapper{opacity: 1;}.uagb-block-e6f939b3.wp-block-uagb-image .wp-block-uagb-image--layout-overlay__inner .uagb-image-separator{width: 30%;border-top-width: 2px;border-top-color: #fff;opacity: 0;}.uagb-block-e6f939b3.wp-block-uagb-image .wp-block-uagb-image__figure img{width: px;height: auto;}.uagb-block-e6f939b3.wp-block-uagb-image .wp-block-uagb-image__figure:hover .wp-block-uagb-image--layout-overlay__inner .uagb-image-caption{opacity: 1;}.uagb-block-e6f939b3.wp-block-uagb-image .wp-block-uagb-image__figure:hover .wp-block-uagb-image--layout-overlay__inner .uagb-image-separator{opacity: 1;}.uagb-block-e6f939b3.wp-block-uagb-image--layout-default figure:hover img{box-shadow: 0px 0px 0 #00000070;}.uagb-block-e6f939b3.wp-block-uagb-image--layout-overlay figure:hover img{box-shadow: 0px 0px 0 #00000070;}@media only screen and (max-width: 976px) {.uagb-block-e6f939b3.wp-block-uagb-image .wp-block-uagb-image__figure img{width: px;height: auto;}}@media only screen and (max-width: 767px) {.uagb-block-e6f939b3.wp-block-uagb-image .wp-block-uagb-image__figure img{width: px;height: auto;}}\";s:2:\"js\";s:0:\"\";s:18:\"current_block_list\";a:13:{i:0;s:11:\"core\/search\";i:1;s:10:\"core\/group\";i:2;s:12:\"core\/heading\";i:3;s:17:\"core\/latest-posts\";i:4;s:20:\"core\/latest-comments\";i:5;s:13:\"core\/archives\";i:6;s:15:\"core\/categories\";i:7;s:14:\"core\/paragraph\";i:8;s:10:\"uagb\/image\";i:9;s:11:\"core\/spacer\";i:10;s:30:\"woocommerce\/product-categories\";i:11;s:10:\"core\/image\";i:12;s:14:\"core\/shortcode\";}s:8:\"uag_flag\";b:1;s:11:\"uag_version\";s:10:\"1777369676\";s:6:\"gfonts\";a:0:{}s:10:\"gfonts_url\";s:0:\"\";s:12:\"gfonts_files\";a:0:{}s:14:\"uag_faq_layout\";b:0;}"],"_elementor_page_assets":["a:0:{}"]},"uagb_featured_image_src":{"full":["https:\/\/www.ferberpainting.com\/wp-content\/uploads\/2025\/05\/POREFILLER5L.jpg",2560,2560,false],"thumbnail":["https:\/\/www.ferberpainting.com\/wp-content\/uploads\/2025\/05\/POREFILLER5L-150x150.jpg",150,150,true],"medium":["https:\/\/www.ferberpainting.com\/wp-content\/uploads\/2025\/05\/POREFILLER5L-300x300.jpg",300,300,true],"medium_large":["https:\/\/www.ferberpainting.com\/wp-content\/uploads\/2025\/05\/POREFILLER5L-768x768.jpg",768,768,true],"large":["https:\/\/www.ferberpainting.com\/wp-content\/uploads\/2025\/05\/POREFILLER5L-1024x1024.jpg",1024,1024,true],"1536x1536":["https:\/\/www.ferberpainting.com\/wp-content\/uploads\/2025\/05\/POREFILLER5L-1536x1536.jpg",1536,1536,true],"2048x2048":["https:\/\/www.ferberpainting.com\/wp-content\/uploads\/2025\/05\/POREFILLER5L-2048x2048.jpg",2048,2048,true],"trp-custom-language-flag":["https:\/\/www.ferberpainting.com\/wp-content\/uploads\/2025\/05\/POREFILLER5L-12x12.jpg",12,12,true],"woocommerce_thumbnail":["https:\/\/www.ferberpainting.com\/wp-content\/uploads\/2025\/05\/POREFILLER5L-300x300.jpg",300,300,true],"woocommerce_single":["https:\/\/www.ferberpainting.com\/wp-content\/uploads\/2025\/05\/POREFILLER5L-600x600.jpg",600,600,true],"woocommerce_gallery_thumbnail":["https:\/\/www.ferberpainting.com\/wp-content\/uploads\/2025\/05\/POREFILLER5L-100x100.jpg",100,100,true]},"uagb_author_info":{"display_name":"admin","author_link":"https:\/\/www.ferberpainting.com\/fi\/author\/"},"uagb_comment_info":65,"uagb_excerpt":"Seal and smooth porous concrete surfaces with professional precision. Our concrete pore filler is specifically formulated to penetrate and fill micro-pores, capillaries, and surface voids in concrete and cement-based substrates. It transforms rough and porous surfaces into denser, smoother, and more uniform finishes, creating the ideal base for coatings, paints, sealers, or decorative treatments. The&hellip;","_links":{"self":[{"href":"https:\/\/www.ferberpainting.com\/fi\/wp-json\/wp\/v2\/product\/23180","targetHints":{"allow":["GET"]}}],"collection":[{"href":"https:\/\/www.ferberpainting.com\/fi\/wp-json\/wp\/v2\/product"}],"about":[{"href":"https:\/\/www.ferberpainting.com\/fi\/wp-json\/wp\/v2\/types\/product"}],"replies":[{"embeddable":true,"href":"https:\/\/www.ferberpainting.com\/fi\/wp-json\/wp\/v2\/comments?post=23180"}],"version-history":[{"count":4,"href":"https:\/\/www.ferberpainting.com\/fi\/wp-json\/wp\/v2\/product\/23180\/revisions"}],"predecessor-version":[{"id":166087,"href":"https:\/\/www.ferberpainting.com\/fi\/wp-json\/wp\/v2\/product\/23180\/revisions\/166087"}],"wp:featuredmedia":[{"embeddable":true,"href":"https:\/\/www.ferberpainting.com\/fi\/wp-json\/wp\/v2\/media\/25744"}],"wp:attachment":[{"href":"https:\/\/www.ferberpainting.com\/fi\/wp-json\/wp\/v2\/media?parent=23180"}],"wp:term":[{"taxonomy":"product_brand","embeddable":true,"href":"https:\/\/www.ferberpainting.com\/fi\/wp-json\/wp\/v2\/product_brand?post=23180"},{"taxonomy":"product_cat","embeddable":true,"href":"https:\/\/www.ferberpainting.com\/fi\/wp-json\/wp\/v2\/product_cat?post=23180"},{"taxonomy":"product_tag","embeddable":true,"href":"https:\/\/www.ferberpainting.com\/fi\/wp-json\/wp\/v2\/product_tag?post=23180"}],"curies":[{"name":"wp","href":"https:\/\/api.w.org\/{rel}","templated":true}]}}