{"id":23177,"date":"2025-07-01T16:48:49","date_gmt":"2025-07-01T14:48:49","guid":{"rendered":"https:\/\/www.ferberpainting.com\/?post_type=product&#038;p=23177"},"modified":"2026-02-15T13:40:14","modified_gmt":"2026-02-15T12:40:14","slug":"concrete-block-water-repellent","status":"publish","type":"product","link":"https:\/\/www.ferberpainting.com\/fi\/products\/concrete-block-water-repellent\/","title":{"rendered":"Vett\u00e4 hylkiv\u00e4 aine betonilohkoille"},"content":{"rendered":"<p><img decoding=\"async\" style=\"margin-right: 12px;\" src=\"https:\/\/www.ferberpainting.com\/wp-content\/uploads\/2026\/02\/Check.svg\" alt=\"\" width=\"18\" height=\"15\" \/><strong>Tehokas suoja kosteutta vastaan.<\/strong>\u00a0Betoniharkkojen vedeneriste on suunniteltu tarjoamaan optimaalinen suoja betoniharkkoseiniin tunkeutuvaa kosteutta ja vett\u00e4 vastaan. Erityisesti kehitetyn koostumuksensa ansiosta se luo n\u00e4kym\u00e4tt\u00f6m\u00e4n esteen, joka est\u00e4\u00e4 veden tunkeutumisen ja antaa materiaalin hengitt\u00e4\u00e4. T\u00e4m\u00e4 tuote sopii erinomaisesti sek\u00e4 ulkoseiniin ett\u00e4 perustuksiin, ja se auttaa s\u00e4ilytt\u00e4m\u00e4\u00e4n rakenteen ja ehk\u00e4isem\u00e4\u00e4n kosteuden aiheuttamia vaurioita, kuten hometta ja materiaalin hajoamista.<\/p>\n<p><img decoding=\"async\" style=\"margin-right: 12px;\" src=\"https:\/\/www.ferberpainting.com\/wp-content\/uploads\/2026\/02\/Check.svg\" alt=\"\" width=\"18\" height=\"15\" \/><strong>Rahat takaisin -takuu.<\/strong>\u00a0Uskomme vakaasti tuotteemme laatuun, mink\u00e4 vuoksi tarjoamme tyytyv\u00e4isyys- tai palautustakuun. Jos et jostain syyst\u00e4 ole t\u00e4ysin tyytyv\u00e4inen betoniharkkojen vedeneristeeseen, voit pyyt\u00e4\u00e4 t\u00e4ytt\u00e4 hyvityst\u00e4. T\u00e4m\u00e4n takuun ansiosta voit ostaa t\u00e4ysin luottavaisesti tiet\u00e4en, ettei sinulla ole mit\u00e4\u00e4n menetett\u00e4v\u00e4\u00e4.<\/p>\n<p><img decoding=\"async\" style=\"margin-right: 12px;\" src=\"https:\/\/www.ferberpainting.com\/wp-content\/uploads\/2026\/02\/Check.svg\" alt=\"\" width=\"18\" height=\"15\" \/><strong>Yhteensopiva monien materiaalien kanssa.<\/strong>\u00a0Vaikka tuote on ensisijaisesti tarkoitettu betoniharkoille, se toimii eritt\u00e4in hyvin my\u00f6s muille muurausmateriaaleille, kuten betonille, sementille, laastille ja jopa tiilille. T\u00e4m\u00e4 monipuolisuus tekee betoniharkoille tarkoitetusta vedeneristeest\u00e4 ihanteellisen ratkaisun kunnostus- tai rakennushankkeisiin, sill\u00e4 se auttaa suojaamaan erilaisia pintoja kosteudelta ja veden tunkeutumiselta.<\/p>\n<p><img decoding=\"async\" style=\"margin-right: 12px;\" src=\"https:\/\/www.ferberpainting.com\/wp-content\/uploads\/2026\/02\/Check.svg\" alt=\"\" width=\"18\" height=\"15\" \/><strong>Taloudellinen suorituskyky.<\/strong>\u00a0Betoniharkkojen vedenerist\u00e4j\u00e4 tarjoaa erinomaista vastinetta rahalle sen taloudellisen tuoton ansiosta. Yksi 5 litran s\u00e4ili\u00f6 kattaa 30-50 m\u00b2:n alueen k\u00e4sitelt\u00e4v\u00e4n materiaalin huokoisuudesta riippuen. T\u00e4m\u00e4n suuren peitt\u00e4vyyden ansiosta voit k\u00e4sitell\u00e4 suuren alueen suhteellisen pienell\u00e4 tuotem\u00e4\u00e4r\u00e4ll\u00e4, mik\u00e4 auttaa alentamaan kustannuksia ja varmistaa samalla laadukkaan suojan. Siksi se on kustannustehokas ratkaisu suurten alueiden k\u00e4sittelyyn.<\/p>\n<p><img decoding=\"async\" style=\"margin-right: 12px;\" src=\"https:\/\/www.ferberpainting.com\/wp-content\/uploads\/2026\/02\/Check.svg\" alt=\"\" width=\"18\" height=\"15\" \/><strong>Turvallinen k\u00e4ytt\u00e4\u00e4.<\/strong>\u00a0Betoniharkkojen vedeneriste on suunniteltu k\u00e4ytett\u00e4v\u00e4ksi turvallisesti. Sen kaava on myrkyt\u00f6n eik\u00e4 se vapauta haitallisia h\u00f6yryj\u00e4 levityksen aikana, joten se on ymp\u00e4rist\u00f6- ja terveysyst\u00e4v\u00e4llinen. Voit k\u00e4ytt\u00e4\u00e4 sit\u00e4 turvallisesti sis\u00e4- tai ulkotiloissa, ja se soveltuu erinomaisesti voimakkaille kemikaaleille herkille ihmisille.<\/p>\n<p><img decoding=\"async\" style=\"margin-right: 12px;\" src=\"https:\/\/www.ferberpainting.com\/wp-content\/uploads\/2026\/02\/Check.svg\" alt=\"\" width=\"18\" height=\"15\" \/><strong>Helppo k\u00e4ytt\u00e4\u00e4.<\/strong>\u00a0Betoniharkkojen vedeneristeen levitt\u00e4minen on yksinkertaista ja nopeaa. K\u00e4ytt\u00f6valmis tuote ei vaadi laimentamista. Levit\u00e4 vain tasainen kerros pinnalle ruiskulla, siveltimell\u00e4 tai telalla. Sen juokseva koostumus mahdollistaa tasaisen peitt\u00e4vyyden ja tunkeutumisen syv\u00e4lle betoniharkon huokosiin, mik\u00e4 takaa kest\u00e4v\u00e4n suojan kosteutta vastaan vaivattomasti.<\/p>\n<p><img decoding=\"async\" style=\"margin-right: 12px;\" src=\"https:\/\/www.ferberpainting.com\/wp-content\/uploads\/2026\/02\/Check.svg\" alt=\"\" width=\"18\" height=\"15\" \/><strong>Kest\u00e4vyys ja kest\u00e4vyys.<\/strong>\u00a0Kun betoniharkkojen vedeneriste on levitetty, se muodostaa pitk\u00e4kestoisen suojan. Se suojaa veden tunkeutumiselta, tahroilta, lialta ja kosteuden aiheuttamalta hajoamiselta. Suojaus s\u00e4ilyy tehokkaana useita vuosia, mik\u00e4 v\u00e4hent\u00e4\u00e4 toistuvan uudelleenk\u00e4sittelyn tarvetta. Se varmistaa seinien ja perustusten pitk\u00e4ik\u00e4isyyden s\u00e4ilytt\u00e4en samalla rakennusten rakenteellisen eheyden.<\/p>\n<p><img decoding=\"async\" style=\"margin-right: 12px;\" src=\"https:\/\/www.ferberpainting.com\/wp-content\/uploads\/2026\/02\/Check.svg\" alt=\"\" width=\"18\" height=\"15\" \/><strong>Nopea levitys ja kuivuminen.<\/strong>\u00a0T\u00e4m\u00e4 tuote erottuu my\u00f6s nopean levityksens\u00e4 ansiosta. Levityksen j\u00e4lkeen betoniharkkojen vedeneriste kuivuu nopeasti, vain 1-2 tunnissa. Voit siis edet\u00e4 laajojen alueiden k\u00e4sittelyss\u00e4 aikaa menett\u00e4m\u00e4tt\u00e4. Maksimaalisen suojan saamiseksi on suositeltavaa antaa tuotteen kuivua kokonaan 24 tuntia ennen kuin k\u00e4sitellyt pinnat otetaan uudelleen k\u00e4ytt\u00f6\u00f6n. T\u00e4m\u00e4 nopeus auttaa v\u00e4hent\u00e4m\u00e4\u00e4n k\u00e4ytt\u00f6katkoksia ja varmistaa samalla tehokkaan suojan mahdollisimman lyhyess\u00e4 ajassa.<\/p>\n<h2><strong>K\u00e4ytt\u00f6protokolla<\/strong><\/h2>\n<ul>\n<li><strong>Pinnan valmistelu <\/strong>: Varmista ennen betoniharkkojen vedeneristeen levitt\u00e4mist\u00e4, ett\u00e4 pinta on puhdas, kuiva ja likainen. Puhdista betoniharkot tarvittaessa kirkkaalla vedell\u00e4 ja miedolla pesuaineella lian tai homeen poistamiseksi. Anna pinnan kuivua kokonaan ennen tuotteen levitt\u00e4mist\u00e4.<\/li>\n<li><strong>Tuotesovellus <\/strong>: Betoniharkkojen vedeneriste on k\u00e4ytt\u00f6valmis eik\u00e4 vaadi laimentamista. Levit\u00e4 se suoraan betoniharkoille ruiskulla, siveltimell\u00e4 tai telalla. Varmista, ett\u00e4 koko pinta peitet\u00e4\u00e4n tasaisesti tasaisen suojan takaamiseksi. Jos ty\u00f6skentelet suurilla pinnoilla, on suositeltavaa edet\u00e4 osissa, jotta tuote ei kuivu ennen kunnollista levitt\u00e4mist\u00e4.<\/li>\n<li><strong>K\u00e4ytett\u00e4v\u00e4 m\u00e4\u00e4r\u00e4 <\/strong>: Betoniharkkojen vedeneristeen saanto on noin 6-10 m\u00b2 litraa kohti, riippuen materiaalin huokoisuudesta. Viiden litran s\u00e4ili\u00f6ll\u00e4 voidaan peitt\u00e4\u00e4 30-50 m\u00b2, joten voit k\u00e4sitell\u00e4 suuren alueen suhteellisen pienell\u00e4 m\u00e4\u00e4r\u00e4ll\u00e4 tuotetta. T\u00e4m\u00e4 tekee betoniharkkojen vedenerist\u00e4j\u00e4st\u00e4 taloudellisen ratkaisun suurten pintojen k\u00e4sittelyyn.<\/li>\n<li><strong>Kuivumisaika <\/strong>: Levitt\u00e4misen j\u00e4lkeen tuote kuivuu kosketeltavan tuntuiseksi 1-2 tunnissa, mutta on suositeltavaa antaa sen kuivua kokonaan 24 tuntia t\u00e4yden tehon varmistamiseksi. V\u00e4lt\u00e4 t\u00e4n\u00e4 aikana kosketusta kosteuden kanssa, jotta tuote ehtii kovettua kunnolla ja muodostaa kest\u00e4v\u00e4n vedenpit\u00e4v\u00e4n esteen.<\/li>\n<li><strong>Uudelleenhakemus <\/strong>: S\u00e4\u00e4olosuhteista ja altistumisesta riippuen, optimaalisen suojan s\u00e4ilytt\u00e4miseksi voidaan tarvita uusi levitys 3-5 vuoden v\u00e4lein. Ennen uutta levityst\u00e4 puhdista pinta perusteellisesti, jotta kaikki lika tai edellisen tuotteen j\u00e4\u00e4m\u00e4t saadaan poistettua.<\/li>\n<li><strong>Huolto <\/strong>: K\u00e4sittelyn j\u00e4lkeen on suositeltavaa puhdistaa k\u00e4sitellyt pinnat s\u00e4\u00e4nn\u00f6llisesti kirkkaalla vedell\u00e4 ja pehme\u00e4ll\u00e4 liinalla suojan tehokkuuden s\u00e4ilytt\u00e4miseksi. V\u00e4lt\u00e4 hankaavien puhdistusaineiden tai kemikaalien k\u00e4ytt\u00f6\u00e4, jotka voivat heikent\u00e4\u00e4 vedenpit\u00e4v\u00e4n aineen muodostamaa suojakerrosta.<\/li>\n<\/ul>","protected":false},"excerpt":{"rendered":"<p>Effective protection against humidity.\u00a0The concrete block waterproofer is designed to offer optimal protection against moisture and water infiltration in concrete block walls. Thanks to its specially developed formula, it creates an invisible barrier that prevents water from penetrating while allowing the material to breathe. Ideal for both exterior walls and foundations, this product helps preserve [&hellip;]<\/p>\n","protected":false},"featured_media":36484,"comment_status":"open","ping_status":"closed","template":"","meta":{"_uag_custom_page_level_css":"","site-sidebar-layout":"default","site-content-layout":"","ast-site-content-layout":"default","site-content-style":"default","site-sidebar-style":"default","ast-global-header-display":"","ast-banner-title-visibility":"","ast-main-header-display":"","ast-hfb-above-header-display":"","ast-hfb-below-header-display":"","ast-hfb-mobile-header-display":"","site-post-title":"","ast-breadcrumbs-content":"","ast-featured-img":"","footer-sml-layout":"","ast-disable-related-posts":"","theme-transparent-header-meta":"default","adv-header-id-meta":"","stick-header-meta":"","header-above-stick-meta":"","header-main-stick-meta":"","header-below-stick-meta":"","astra-migrate-meta-layouts":"set","ast-page-background-enabled":"default","ast-page-background-meta":{"desktop":{"background-color":"var(--ast-global-color-4)","background-image":"","background-repeat":"repeat","background-position":"center center","background-size":"auto","background-attachment":"scroll","background-type":"","background-media":"","overlay-type":"","overlay-color":"","overlay-opacity":"","overlay-gradient":""},"tablet":{"background-color":"","background-image":"","background-repeat":"repeat","background-position":"center center","background-size":"auto","background-attachment":"scroll","background-type":"","background-media":"","overlay-type":"","overlay-color":"","overlay-opacity":"","overlay-gradient":""},"mobile":{"background-color":"","background-image":"","background-repeat":"repeat","background-position":"center center","background-size":"auto","background-attachment":"scroll","background-type":"","background-media":"","overlay-type":"","overlay-color":"","overlay-opacity":"","overlay-gradient":""}},"ast-content-background-meta":{"desktop":{"background-color":"var(--ast-global-color-5)","background-image":"","background-repeat":"repeat","background-position":"center center","background-size":"auto","background-attachment":"scroll","background-type":"","background-media":"","overlay-type":"","overlay-color":"","overlay-opacity":"","overlay-gradient":""},"tablet":{"background-color":"var(--ast-global-color-5)","background-image":"","background-repeat":"repeat","background-position":"center center","background-size":"auto","background-attachment":"scroll","background-type":"","background-media":"","overlay-type":"","overlay-color":"","overlay-opacity":"","overlay-gradient":""},"mobile":{"background-color":"var(--ast-global-color-5)","background-image":"","background-repeat":"repeat","background-position":"center center","background-size":"auto","background-attachment":"scroll","background-type":"","background-media":"","overlay-type":"","overlay-color":"","overlay-opacity":"","overlay-gradient":""}}},"product_brand":[],"product_cat":[176,191],"product_tag":[],"class_list":{"0":"post-23177","1":"product","2":"type-product","3":"status-publish","4":"has-post-thumbnail","6":"product_cat-concrete-treatment","7":"product_cat-water-repellent","8":"desktop-align-left","9":"tablet-align-left","10":"mobile-align-left","12":"first","13":"instock","14":"sale","15":"shipping-taxable","16":"purchasable","17":"product-type-variable","18":"has-default-attributes"},"spectra_custom_meta":{"_visibility":["visible"],"_shopify_product_id":["9106659508469"],"_s2w_shopify_domain":["ferberpainting.myshopify.com"],"_shopify_variant_id":["46626418393333"],"_sku":[""],"_manage_stock":["no"],"total_sales":["7"],"_tax_status":["taxable"],"_tax_class":[""],"_backorders":["no"],"_sold_individually":["no"],"_virtual":["no"],"_downloadable":["no"],"_download_limit":["-1"],"_download_expiry":["-1"],"_stock":[null],"_stock_status":["instock"],"_wc_average_rating":["5.00"],"_wc_review_count":["10"],"_product_attributes":["a:1:{s:6:\"volume\";a:6:{s:4:\"name\";s:6:\"Volume\";s:5:\"value\";s:20:\"5 liters | 25 liters\";s:8:\"position\";i:1;s:10:\"is_visible\";i:0;s:12:\"is_variation\";i:1;s:11:\"is_taxonomy\";i:0;}}"],"_product_version":["10.5.1"],"wpse_downloadable_file_names":[""],"wpse_downloadable_file_urls":[""],"_edit_last":["1"],"_default_attributes":["a:1:{s:6:\"volume\";s:8:\"5 liters\";}"],"_edit_lock":["1771159074:1"],"_price":["29.90","129.90"],"merchant-center-availability":["yes"],"merchant-center-category":["503744"],"_thumbnail_id":["36484"],"_wp_page_template":["default"],"_wp_old_date":["2025-05-26"],"_product_image_gallery":["36485"],"site-sidebar-layout":["default"],"ast-site-content-layout":["default"],"site-content-style":["default"],"site-sidebar-style":["default"],"theme-transparent-header-meta":["default"],"_wc_rating_count":["a:1:{i:5;i:10;}"],"astra-migrate-meta-layouts":["set"],"_uag_css_file_name":["uag-css-23177.css"],"_elementor_page_assets":["a:0:{}"],"_uag_page_assets":["a:9:{s:3:\"css\";s:6873:\".wp-block-uagb-image{display:flex}.wp-block-uagb-image__figure{position:relative;display:flex;flex-direction:column;max-width:100%;height:auto;margin:0}.wp-block-uagb-image__figure img{height:auto;display:flex;max-width:100%;transition:box-shadow .2s ease}.wp-block-uagb-image__figure>a{display:inline-block}.wp-block-uagb-image__figure figcaption{text-align:center;margin-top:.5em;margin-bottom:1em}.wp-block-uagb-image .components-placeholder.block-editor-media-placeholder .components-placeholder__instructions{align-self:center}.wp-block-uagb-image--align-left{text-align:left}.wp-block-uagb-image--align-right{text-align:right}.wp-block-uagb-image--align-center{text-align:center}.wp-block-uagb-image--align-full .wp-block-uagb-image__figure{margin-left:calc(50% - 50vw);margin-right:calc(50% - 50vw);max-width:100vw;width:100vw;height:auto}.wp-block-uagb-image--align-full .wp-block-uagb-image__figure img{height:auto;width:100% !important}.wp-block-uagb-image--align-wide .wp-block-uagb-image__figure img{height:auto;width:100%}.wp-block-uagb-image--layout-overlay__color-wrapper{position:absolute;left:0;top:0;right:0;bottom:0;opacity:.2;background:rgba(0,0,0,.5);transition:opacity .35s ease-in-out}.wp-block-uagb-image--layout-overlay-link{position:absolute;left:0;right:0;bottom:0;top:0}.wp-block-uagb-image--layout-overlay .wp-block-uagb-image__figure:hover .wp-block-uagb-image--layout-overlay__color-wrapper{opacity:1}.wp-block-uagb-image--layout-overlay__inner{position:absolute;left:15px;right:15px;bottom:15px;top:15px;display:flex;align-items:center;justify-content:center;flex-direction:column;border-color:#fff;transition:.35s ease-in-out}.wp-block-uagb-image--layout-overlay__inner.top-left,.wp-block-uagb-image--layout-overlay__inner.top-center,.wp-block-uagb-image--layout-overlay__inner.top-right{justify-content:flex-start}.wp-block-uagb-image--layout-overlay__inner.bottom-left,.wp-block-uagb-image--layout-overlay__inner.bottom-center,.wp-block-uagb-image--layout-overlay__inner.bottom-right{justify-content:flex-end}.wp-block-uagb-image--layout-overlay__inner.top-left,.wp-block-uagb-image--layout-overlay__inner.center-left,.wp-block-uagb-image--layout-overlay__inner.bottom-left{align-items:flex-start}.wp-block-uagb-image--layout-overlay__inner.top-right,.wp-block-uagb-image--layout-overlay__inner.center-right,.wp-block-uagb-image--layout-overlay__inner.bottom-right{align-items:flex-end}.wp-block-uagb-image--layout-overlay__inner .uagb-image-heading{color:#fff;transition:transform .35s,opacity .35s ease-in-out;transform:translate3d(0, 24px, 0);margin:0;line-height:1em}.wp-block-uagb-image--layout-overlay__inner .uagb-image-separator{width:30%;border-top-width:2px;border-top-color:#fff;border-top-style:solid;margin-bottom:10px;opacity:0;transition:transform .4s,opacity .4s ease-in-out;transform:translate3d(0, 30px, 0)}.wp-block-uagb-image--layout-overlay__inner .uagb-image-caption{opacity:0;overflow:visible;color:#fff;transition:transform .45s,opacity .45s ease-in-out;transform:translate3d(0, 35px, 0)}.wp-block-uagb-image--layout-overlay__inner:hover .uagb-image-heading,.wp-block-uagb-image--layout-overlay__inner:hover .uagb-image-separator,.wp-block-uagb-image--layout-overlay__inner:hover .uagb-image-caption{opacity:1;transform:translate3d(0, 0, 0)}.wp-block-uagb-image--effect-zoomin .wp-block-uagb-image__figure img,.wp-block-uagb-image--effect-zoomin .wp-block-uagb-image__figure .wp-block-uagb-image--layout-overlay__color-wrapper{transform:scale(1);transition:transform .35s ease-in-out}.wp-block-uagb-image--effect-zoomin .wp-block-uagb-image__figure:hover img,.wp-block-uagb-image--effect-zoomin .wp-block-uagb-image__figure:hover .wp-block-uagb-image--layout-overlay__color-wrapper{transform:scale(1.05)}.wp-block-uagb-image--effect-slide .wp-block-uagb-image__figure img,.wp-block-uagb-image--effect-slide .wp-block-uagb-image__figure .wp-block-uagb-image--layout-overlay__color-wrapper{width:calc(100% + 40px) !important;max-width:none !important;transform:translate3d(-40px, 0, 0);transition:transform .35s ease-in-out}.wp-block-uagb-image--effect-slide .wp-block-uagb-image__figure:hover img,.wp-block-uagb-image--effect-slide .wp-block-uagb-image__figure:hover .wp-block-uagb-image--layout-overlay__color-wrapper{transform:translate3d(0, 0, 0)}.wp-block-uagb-image--effect-grayscale img{filter:grayscale(0%);transition:.35s ease-in-out}.wp-block-uagb-image--effect-grayscale:hover img{filter:grayscale(100%)}.wp-block-uagb-image--effect-blur img{filter:blur(0);transition:.35s ease-in-out}.wp-block-uagb-image--effect-blur:hover img{filter:blur(3px)}.uagb-block-e6f939b3.wp-block-uagb-image--layout-default figure img{box-shadow: 0px 0px 0 #00000070;}.uagb-block-e6f939b3.wp-block-uagb-image .wp-block-uagb-image__figure figcaption{font-style: normal;align-self: center;}.uagb-block-e6f939b3.wp-block-uagb-image--layout-overlay figure img{box-shadow: 0px 0px 0 #00000070;}.uagb-block-e6f939b3.wp-block-uagb-image--layout-overlay .wp-block-uagb-image--layout-overlay__color-wrapper{opacity: 0.2;}.uagb-block-e6f939b3.wp-block-uagb-image--layout-overlay .wp-block-uagb-image--layout-overlay__inner{left: 15px;right: 15px;top: 15px;bottom: 15px;}.uagb-block-e6f939b3.wp-block-uagb-image--layout-overlay .wp-block-uagb-image--layout-overlay__inner .uagb-image-heading{font-style: normal;color: #fff;opacity: 1;}.uagb-block-e6f939b3.wp-block-uagb-image--layout-overlay .wp-block-uagb-image--layout-overlay__inner .uagb-image-heading a{color: #fff;}.uagb-block-e6f939b3.wp-block-uagb-image--layout-overlay .wp-block-uagb-image--layout-overlay__inner .uagb-image-caption{opacity: 0;}.uagb-block-e6f939b3.wp-block-uagb-image--layout-overlay .wp-block-uagb-image__figure:hover .wp-block-uagb-image--layout-overlay__color-wrapper{opacity: 1;}.uagb-block-e6f939b3.wp-block-uagb-image .wp-block-uagb-image--layout-overlay__inner .uagb-image-separator{width: 30%;border-top-width: 2px;border-top-color: #fff;opacity: 0;}.uagb-block-e6f939b3.wp-block-uagb-image .wp-block-uagb-image__figure img{width: px;height: auto;}.uagb-block-e6f939b3.wp-block-uagb-image .wp-block-uagb-image__figure:hover .wp-block-uagb-image--layout-overlay__inner .uagb-image-caption{opacity: 1;}.uagb-block-e6f939b3.wp-block-uagb-image .wp-block-uagb-image__figure:hover .wp-block-uagb-image--layout-overlay__inner .uagb-image-separator{opacity: 1;}.uagb-block-e6f939b3.wp-block-uagb-image--layout-default figure:hover img{box-shadow: 0px 0px 0 #00000070;}.uagb-block-e6f939b3.wp-block-uagb-image--layout-overlay figure:hover img{box-shadow: 0px 0px 0 #00000070;}@media only screen and (max-width: 976px) {.uagb-block-e6f939b3.wp-block-uagb-image .wp-block-uagb-image__figure img{width: px;height: auto;}}@media only screen and (max-width: 767px) {.uagb-block-e6f939b3.wp-block-uagb-image .wp-block-uagb-image__figure img{width: px;height: auto;}}\";s:2:\"js\";s:0:\"\";s:18:\"current_block_list\";a:13:{i:0;s:11:\"core\/search\";i:1;s:10:\"core\/group\";i:2;s:12:\"core\/heading\";i:3;s:17:\"core\/latest-posts\";i:4;s:20:\"core\/latest-comments\";i:5;s:13:\"core\/archives\";i:6;s:15:\"core\/categories\";i:7;s:14:\"core\/paragraph\";i:8;s:10:\"uagb\/image\";i:9;s:11:\"core\/spacer\";i:10;s:30:\"woocommerce\/product-categories\";i:11;s:10:\"core\/image\";i:12;s:14:\"core\/shortcode\";}s:8:\"uag_flag\";b:1;s:11:\"uag_version\";s:10:\"1777096529\";s:6:\"gfonts\";a:0:{}s:10:\"gfonts_url\";s:0:\"\";s:12:\"gfonts_files\";a:0:{}s:14:\"uag_faq_layout\";b:0;}"]},"uagb_featured_image_src":{"full":["https:\/\/www.ferberpainting.com\/wp-content\/uploads\/2025\/05\/Concrete-Block-Water-Repellent-5L-.png",2560,2560,false],"thumbnail":["https:\/\/www.ferberpainting.com\/wp-content\/uploads\/2025\/05\/Concrete-Block-Water-Repellent-5L--150x150.png",150,150,true],"medium":["https:\/\/www.ferberpainting.com\/wp-content\/uploads\/2025\/05\/Concrete-Block-Water-Repellent-5L--300x300.png",300,300,true],"medium_large":["https:\/\/www.ferberpainting.com\/wp-content\/uploads\/2025\/05\/Concrete-Block-Water-Repellent-5L--768x768.png",768,768,true],"large":["https:\/\/www.ferberpainting.com\/wp-content\/uploads\/2025\/05\/Concrete-Block-Water-Repellent-5L--1024x1024.png",1024,1024,true],"1536x1536":["https:\/\/www.ferberpainting.com\/wp-content\/uploads\/2025\/05\/Concrete-Block-Water-Repellent-5L--1536x1536.png",1536,1536,true],"2048x2048":["https:\/\/www.ferberpainting.com\/wp-content\/uploads\/2025\/05\/Concrete-Block-Water-Repellent-5L--2048x2048.png",2048,2048,true],"trp-custom-language-flag":["https:\/\/www.ferberpainting.com\/wp-content\/uploads\/2025\/05\/Concrete-Block-Water-Repellent-5L--12x12.png",12,12,true],"woocommerce_thumbnail":["https:\/\/www.ferberpainting.com\/wp-content\/uploads\/2025\/05\/Concrete-Block-Water-Repellent-5L--300x300.png",300,300,true],"woocommerce_single":["https:\/\/www.ferberpainting.com\/wp-content\/uploads\/2025\/05\/Concrete-Block-Water-Repellent-5L--600x600.png",600,600,true],"woocommerce_gallery_thumbnail":["https:\/\/www.ferberpainting.com\/wp-content\/uploads\/2025\/05\/Concrete-Block-Water-Repellent-5L--100x100.png",100,100,true]},"uagb_author_info":{"display_name":"admin","author_link":"https:\/\/www.ferberpainting.com\/fi\/author\/"},"uagb_comment_info":10,"uagb_excerpt":"Effective protection against humidity.\u00a0The concrete block waterproofer is designed to offer optimal protection against moisture and water infiltration in concrete block walls. Thanks to its specially developed formula, it creates an invisible barrier that prevents water from penetrating while allowing the material to breathe. Ideal for both exterior walls and foundations, this product helps preserve&hellip;","_links":{"self":[{"href":"https:\/\/www.ferberpainting.com\/fi\/wp-json\/wp\/v2\/product\/23177","targetHints":{"allow":["GET"]}}],"collection":[{"href":"https:\/\/www.ferberpainting.com\/fi\/wp-json\/wp\/v2\/product"}],"about":[{"href":"https:\/\/www.ferberpainting.com\/fi\/wp-json\/wp\/v2\/types\/product"}],"replies":[{"embeddable":true,"href":"https:\/\/www.ferberpainting.com\/fi\/wp-json\/wp\/v2\/comments?post=23177"}],"version-history":[{"count":6,"href":"https:\/\/www.ferberpainting.com\/fi\/wp-json\/wp\/v2\/product\/23177\/revisions"}],"predecessor-version":[{"id":166086,"href":"https:\/\/www.ferberpainting.com\/fi\/wp-json\/wp\/v2\/product\/23177\/revisions\/166086"}],"wp:featuredmedia":[{"embeddable":true,"href":"https:\/\/www.ferberpainting.com\/fi\/wp-json\/wp\/v2\/media\/36484"}],"wp:attachment":[{"href":"https:\/\/www.ferberpainting.com\/fi\/wp-json\/wp\/v2\/media?parent=23177"}],"wp:term":[{"taxonomy":"product_brand","embeddable":true,"href":"https:\/\/www.ferberpainting.com\/fi\/wp-json\/wp\/v2\/product_brand?post=23177"},{"taxonomy":"product_cat","embeddable":true,"href":"https:\/\/www.ferberpainting.com\/fi\/wp-json\/wp\/v2\/product_cat?post=23177"},{"taxonomy":"product_tag","embeddable":true,"href":"https:\/\/www.ferberpainting.com\/fi\/wp-json\/wp\/v2\/product_tag?post=23177"}],"curies":[{"name":"wp","href":"https:\/\/api.w.org\/{rel}","templated":true}]}}